{"id":148,"date":"2018-09-06T15:35:44","date_gmt":"2018-09-06T15:35:44","guid":{"rendered":"https:\/\/www.minimumdepositcasinos.org\/fr\/?page_id=148"},"modified":"2024-07-23T13:30:31","modified_gmt":"2024-07-23T13:30:31","slug":"paysafecard","status":"publish","type":"page","link":"https:\/\/www.minimumdepositcasinos.org\/fr\/options-dachat\/paysafecard\/","title":{"rendered":"Paysafecard"},"content":{"rendered":"\n<h2 class=\"wp-block-heading\">Des d\u00e9p\u00f4ts aux retraits : Comment Paysafecard am\u00e9liore votre exp\u00e9rience dans les casinos en ligne<\/h2>\n\n\n\n<p>D\u00e9couvrez pourquoi utiliser Paysafecard comme m\u00e9thode de paiement pr\u00e9f\u00e9r\u00e9e dans les casinos en ligne est une bonne id\u00e9e. Vous pouvez dire adieu aux d\u00e9sagr\u00e9ments et aux inqui\u00e9tudes qui sont souvent li\u00e9s aux transactions financi\u00e8res dans la communaut\u00e9 des jeux en ligne lorsque vous utilisez Paysafecard. Vous b\u00e9n\u00e9ficiez de d\u00e9p\u00f4ts rapides comme l&#8217;\u00e9clair, ce qui vous permet de vous lancer imm\u00e9diatement dans vos jeux pr\u00e9f\u00e9r\u00e9s. Gr\u00e2ce aux fonctions de s\u00e9curit\u00e9 de Paysafecard qui prot\u00e8gent vos informations financi\u00e8res, vous pouvez vous concentrer sur votre exp\u00e9rience de jeu. Mais l&#8217;utilisation de Paysafecard pr\u00e9sente des avantages qui vont au-del\u00e0 des simples d\u00e9p\u00f4ts ; elle garantit \u00e9galement des retraits simples, ce qui vous permet de profiter imm\u00e9diatement de vos gains. Avec Paysafecard, votre exp\u00e9rience du casino en ligne est am\u00e9lior\u00e9e, ce qui rend votre exp\u00e9rience de jeu plus agr\u00e9able et moins stressante.<\/p>\n\n\n\n<h2 class=\"wp-block-heading\">Les meilleurs casino en ligne acceptant Paysafecard<\/h2>\n\n\n\n<p>Dans le monde en pleine expansion des jeux d&#8217;argent en ligne, le choix d&#8217;un casino en ligne qui utilise Paysafecard peut consid\u00e9rablement am\u00e9liorer votre exp\u00e9rience de jeu. La s\u00e9lection de la meilleure plateforme assurera un processus de d\u00e9p\u00f4t et de retrait fluide, tout en vous donnant acc\u00e8s \u00e0 un large \u00e9ventail de jeux palpitants et d&#8217;opportunit\u00e9s lucratives. Pour vous assurer de tirer le meilleur parti de votre temps de jeu, tenez compte de nos suggestions.<\/p>\n\n\n\n<br\/><div class=\"cta_post_box\">\n<div class=\"cta_post_top\"><div class=\"cta_post_title\">Meilleur Bonus Paysafecard<\/div><\/div>\n<div class=\"cta_post_container\">\n<div class=\"cta_post_mid\">\n<div class=\"cta_post_mid_left\"><div class=\"cta_post_image\"><img src='https:\/\/www.minimumdepositcasinos.org\/fr\/wp-content\/uploads\/2022\/11\/Jackpot-City-logo-new-400x400-1.jpg' \/><\/div><div class=\"cta_post_name\">Jackpot City<div class=\"cta_post_rating\"><img src='\/wp-content\/themes\/mdc2024\/images\/star-yellow.svg' alt='Star'\/><img src='\/wp-content\/themes\/mdc2024\/images\/star-yellow.svg' alt='Star'\/><img src='\/wp-content\/themes\/mdc2024\/images\/star-yellow.svg' alt='Star'\/><img src='\/wp-content\/themes\/mdc2024\/images\/star-yellow.svg' alt='Star'\/><img src='\/wp-content\/themes\/mdc2024\/images\/star-yellow.svg' alt='Star'\/><\/div><\/div>\n<div class=\"clear\"><\/div>\n<\/div>\n<div class=\"cta_post_mid_offer\">\nD\u00e9p\u00f4t de $1 Obtention de 80 TOURS GRATUITS ET 50 TOURS MEGAMOOLAH<\/div>\n<div class=\"clear\"><\/div>\n<div class=\"cta_post_bottom\">\n\t<a href=\"\/fr\/go\/jackpot-city@fr-1\/?pos=Meilleur Bonus Paysafecard\" class=\"mainctabutton\" target=\"_blank\" onclick=\"DL_Push('')\">Visiter<\/a><\/div>\n<\/div>\n<div class=\"cta_post_terms\"><\/div>\n<\/div><\/div><br\/>\n\n\n\n<h2 class=\"wp-block-heading\">D\u00e9p\u00f4ts minimums dans les casinos Paysafecard<\/h2>\n\n\n\n<p>Les d\u00e9p\u00f4ts minimums sur les casinos Paysafecard sont n\u00e9cessaires si vous souhaitez personnaliser votre exp\u00e9rience de jeu en ligne en fonction de vos pr\u00e9f\u00e9rences. Ces \u00e9tablissements offrent des options attrayantes \u00e0 une multitude de joueurs. Si vous voulez commencer prudemment, vous pouvez commencer avec un budget modeste dans <a href=\"\/fr\/5-de-depot-minimum\/\">le casino bonus de 5$<\/a>. Pour ceux qui sont pr\u00eats \u00e0 faire un investissement initial un peu plus important, il y a des <a href=\"\/fr\/10-de-depot-minimum\/\">casinos avec d\u00e9p\u00f4t de 10<\/a>$. Les casinos avec <a href=\"\/fr\/20-de-depot-minimum\/\">d\u00e9p\u00f4t de 20$<\/a> offrent un seuil plus \u00e9lev\u00e9 pour votre premier d\u00e9p\u00f4t, donc les joueurs qui souhaitent augmenter leur bankroll peuvent choisir de jouer dans ces casinos. Il est essentiel de faire la distinction entre <a href=\"\/fr\/\">les d\u00e9p\u00f4ts minimums<\/a> et les bonus de d\u00e9p\u00f4t minimum. Les d\u00e9p\u00f4ts minimums indiquent simplement le plus petit montant que vous pouvez transf\u00e9rer sur votre compte de casino, tandis que les bonus de d\u00e9p\u00f4t minimums stipulent que vous devez approvisionner votre compte avec un montant sp\u00e9cifique afin de d\u00e9bloquer des fonds suppl\u00e9mentaires ou des avantages offerts par le casino. Vous devez en fin de compte d\u00e9terminer quel casino Paysafecard correspond le mieux \u00e0 vos besoins en termes de budget et de pr\u00e9f\u00e9rences de jeu, ainsi que le montant \u00e0 d\u00e9poser.<\/p>\n\n\n\n<h2 class=\"wp-block-heading\">Les meilleurs casino avec d\u00e9p\u00f4t minimum Paysafecard<\/h2>\n\n\n\n<p>Lorsqu&#8217;il s&#8217;agit de casinos Paysafecard et de d\u00e9p\u00f4ts initiaux minimes, nos recommandations sont les meilleures. Faites le meilleur choix pour les personnes qui recherchent le meilleur \u00e9quilibre possible entre un d\u00e9p\u00f4t initial modeste et d&#8217;excellentes options de jeu.<\/p>\n\n\n\n<br\/><div class=\"cta_post_box\">\n<div class=\"cta_post_top\"><div class=\"cta_post_title\">Bonus de casino avec d\u00e9p\u00f4t minimum<\/div><\/div>\n<div class=\"cta_post_container\">\n<div class=\"cta_post_mid\">\n<div class=\"cta_post_mid_left\"><div class=\"cta_post_image\"><\/div><div class=\"cta_post_name\"><div class=\"cta_post_rating\"><img src='\/wp-content\/themes\/mdc2024\/images\/star-white.svg' alt='Star'\/><img src='\/wp-content\/themes\/mdc2024\/images\/star-white.svg' alt='Star'\/><img src='\/wp-content\/themes\/mdc2024\/images\/star-white.svg' alt='Star'\/><img src='\/wp-content\/themes\/mdc2024\/images\/star-white.svg' alt='Star'\/><img src='\/wp-content\/themes\/mdc2024\/images\/star-white.svg' alt='Star'\/><\/div><\/div>\n<div class=\"clear\"><\/div>\n<\/div>\n<div class=\"cta_post_mid_offer\">\nD\u00e9p\u00f4t de $5 Obtention de 50 TOURS GRATUITS EXCLUSIFS &#038; 100% DE CORRESPONDANCE JUSQU&#8217;\u00c0 700$ *<\/div>\n<div class=\"clear\"><\/div>\n<div class=\"cta_post_bottom\">\n\t<a href=\"\/?pos=Bonus de casino avec d\u00e9p\u00f4t minimum\" class=\"mainctabutton\" target=\"_blank\" onclick=\"DL_Push('')\">Visiter<\/a><\/div>\n<\/div>\n<div class=\"cta_post_terms\"><\/div>\n<\/div><\/div><br\/>\n\n\n\n<h2 class=\"wp-block-heading\">Comment utiliser Paysafecard dans un casino<\/h2>\n\n\n\n<p>Si vous \u00eates nouveau dans le monde des casinos en ligne et que vous vous demandez s&#8217;il est facile d&#8217;utiliser<a href=\"https:\/\/www.paysafecard.com\/en\/?country=ca\" target=\"_blank\" rel=\"noreferrer noopener\"> Paysafecard<\/a> comme m\u00e9thode de paiement pr\u00e9f\u00e9r\u00e9e, vous \u00eates au bon endroit. Nous sommes l\u00e0 pour vous guider tout au long de la proc\u00e9dure et vous garantir une exp\u00e9rience de jeu en ligne s\u00fbre et efficace.<\/p>\n\n\n\n<h3 class=\"wp-block-heading\">Cr\u00e9ation d&#8217;un compte Paysafecard<\/h3>\n\n\n\n<p>Si vous souhaitez utiliser Paysafecard comme m\u00e9thode de paiement dans <a href=\"\/ca\/online-casinos\/\">les casinos en ligne<\/a>, vous devez d&#8217;abord ouvrir un compte. Cette proc\u00e9dure est conviviale et s\u00fbre. Il vous suffit de suivre les instructions pour ouvrir rapidement votre compte.<\/p>\n\n\n\n<h3 class=\"wp-block-heading\">Approvisionner votre compte Paysafecard<\/h3>\n\n\n\n<p>La prochaine \u00e9tape cruciale pour commencer votre voyage dans les jeux en ligne Paysafecard est l&#8217;approvisionnement de votre compte de casino. Ce processus garantit que vous disposerez des fonds n\u00e9cessaires pour jouer \u00e0 vos jeux pr\u00e9f\u00e9r\u00e9s. Vous pouvez approvisionner votre compte Paysafecard de plusieurs fa\u00e7ons simples et pratiques.<\/p>\n\n\n\n<h3 class=\"wp-block-heading\">Utiliser votre compte Paysafecard dans un casino<\/h3>\n\n\n\n<p>Lorsque vous approvisionnez votre compte Paysafecard et que vous commencez \u00e0 jouer \u00e0 vos jeux de casino pr\u00e9f\u00e9r\u00e9s, la partie la plus excitante commence vraiment. L&#8217;utilisation de Paysafecard pour effectuer un d\u00e9p\u00f4t est tr\u00e8s facile et pratique. Certains casinos proposent m\u00eame une option d&#8217;inscription en un clic qui rend le processus d&#8217;inscription encore plus simple et vous permet de commencer \u00e0 jouer imm\u00e9diatement.<\/p>\n\n\n\n<h2 class=\"wp-block-heading\">Casinos sans mise qui acceptent Paysafecard<\/h2>\n\n\n\n<p>Les casinos sans mise sont une excellente option si vous cherchez un meilleur moyen de jouer avec Paysafecard comme m\u00e9thode de paiement pr\u00e9f\u00e9r\u00e9e. Tout d&#8217;abord, examinons les exigences de mise, qui indiquent le nombre de fois que vous devez miser votre bonus ou votre d\u00e9p\u00f4t dans les casinos traditionnels pour pouvoir retirer vos gains. Les casinos sans mise, qui accueillent Paysafecard, offrent un avantage tout \u00e0 fait diff\u00e9rent. Vous pouvez encaisser vos gains imm\u00e9diatement dans ces \u00e9tablissements, car vous n&#8217;\u00eates pas soumis \u00e0 des exigences de mise. Paysafecard est le meilleur choix pour une exp\u00e9rience de casino fluide et sans tracas en raison de sa politique de bonus g\u00e9n\u00e9reuse, qui donne aux joueurs plus de contr\u00f4le et de flexibilit\u00e9 sur leurs exp\u00e9riences de jeu.<\/p>\n\n\n\n<h2 class=\"wp-block-heading\">Retraits dans les casinos Paysafecard<\/h2>\n\n\n\n<p>Lorsqu&#8217;il s&#8217;agit d&#8217;encaisser vos gains sur les casinos Paysafecard, vous pouvez vous attendre \u00e0 un processus simple et rapide qui garantit que votre argent durement gagn\u00e9 est toujours disponible. Ces casinos se distinguent des autres par la rapidit\u00e9 et la facilit\u00e9 des retraits. Vous pouvez profiter de transactions simples et rapides avec Paysafecard, ce qui vous permet de commencer \u00e0 profiter de vos gains imm\u00e9diatement. L&#8217;interface conviviale et la technologie s\u00e9curis\u00e9e facilitent le retrait de votre argent, garantissant que votre exp\u00e9rience de jeu en ligne sera agr\u00e9able du d\u00e9but \u00e0 la fin.<\/p>\n\n\n\n<h2 class=\"wp-block-heading\">Devriez-vous utiliser Paysafecard dans un casino en ligne ?<\/h2>\n\n\n\n<p>Paysafecard s&#8217;av\u00e8re \u00eatre une m\u00e9thode tr\u00e8s pratique et s\u00fbre pour payer vos exp\u00e9riences de jeu en ligne. Lorsqu&#8217;il est utilis\u00e9 sur des casinos sans mise, il \u00e9limine la n\u00e9cessit\u00e9 de g\u00e9rer des exigences de mise difficiles, permet des d\u00e9p\u00f4ts rapides et offre une flexibilit\u00e9 avec une gamme d&#8217;options de d\u00e9p\u00f4t minimum. De plus, les retraits sont simples et rapides, ce qui vous permet de profiter imm\u00e9diatement de vos gains. Avec ces avantages, l&#8217;utilisation de Paysafecard dans un casino en ligne est incontestablement un choix judicieux car il offre un environnement de jeu fluide et agr\u00e9able. Si vous \u00eates \u00e0 la recherche d&#8217;une m\u00e9thode de paiement fiable et conviviale, Paysafecard est hautement recommand\u00e9.<\/p>\n","protected":false},"excerpt":{"rendered":"<p>Des d\u00e9p\u00f4ts aux retraits : Comment Paysafecard am\u00e9liore votre exp\u00e9rience dans les casinos en ligne D\u00e9couvrez pourquoi utiliser Paysafecard comme m\u00e9thode de paiement pr\u00e9f\u00e9r\u00e9e dans les casinos en ligne est une bonne id\u00e9e. Vous pouvez dire adieu aux d\u00e9sagr\u00e9ments et aux inqui\u00e9tudes qui sont souvent li\u00e9s aux transactions financi\u00e8res dans la communaut\u00e9 des jeux en [&hellip;]<\/p>\n","protected":false},"author":1,"featured_media":10629,"parent":98,"menu_order":0,"comment_status":"closed","ping_status":"closed","template":"page_money.php","meta":{"_acf_changed":false,"footnotes":""},"class_list":["post-148","page","type-page","status-publish","has-post-thumbnail","hentry"],"acf":[],"_links":{"self":[{"href":"https:\/\/www.minimumdepositcasinos.org\/fr\/wp-json\/wp\/v2\/pages\/148","targetHints":{"allow":["GET"]}}],"collection":[{"href":"https:\/\/www.minimumdepositcasinos.org\/fr\/wp-json\/wp\/v2\/pages"}],"about":[{"href":"https:\/\/www.minimumdepositcasinos.org\/fr\/wp-json\/wp\/v2\/types\/page"}],"author":[{"embeddable":true,"href":"https:\/\/www.minimumdepositcasinos.org\/fr\/wp-json\/wp\/v2\/users\/1"}],"replies":[{"embeddable":true,"href":"https:\/\/www.minimumdepositcasinos.org\/fr\/wp-json\/wp\/v2\/comments?post=148"}],"version-history":[{"count":20,"href":"https:\/\/www.minimumdepositcasinos.org\/fr\/wp-json\/wp\/v2\/pages\/148\/revisions"}],"predecessor-version":[{"id":11844,"href":"https:\/\/www.minimumdepositcasinos.org\/fr\/wp-json\/wp\/v2\/pages\/148\/revisions\/11844"}],"up":[{"embeddable":true,"href":"https:\/\/www.minimumdepositcasinos.org\/fr\/wp-json\/wp\/v2\/pages\/98"}],"wp:featuredmedia":[{"embeddable":true,"href":"https:\/\/www.minimumdepositcasinos.org\/fr\/wp-json\/wp\/v2\/media\/10629"}],"wp:attachment":[{"href":"https:\/\/www.minimumdepositcasinos.org\/fr\/wp-json\/wp\/v2\/media?parent=148"}],"curies":[{"name":"wp","href":"https:\/\/api.w.org\/{rel}","templated":true}]}}