{"id":1487,"date":"2019-05-24T09:26:15","date_gmt":"2019-05-24T09:26:15","guid":{"rendered":"https:\/\/www.minimumdepositcasinos.org\/fr\/?page_id=1487"},"modified":"2025-08-12T09:02:43","modified_gmt":"2025-08-12T09:02:43","slug":"quatro","status":"publish","type":"page","link":"https:\/\/www.minimumdepositcasinos.org\/fr\/revue-de-casino\/quatro\/","title":{"rendered":"Quatro Casino"},"content":{"rendered":"\n<h2 class=\"wp-block-heading\" id=\"h-critique-de-casino-quatro\">Critique de casino Quatro<\/h2>\n\n\n\n<p>Quatro Casino a \u00e9t\u00e9 autour depuis 2008, et il fait une impressionnante premi\u00e8re impression comme un site sophistiqu\u00e9 avec une palette de couleurs de bon go\u00fbt et le design. Les caract\u00e9ristiques et la disposition ainsi que la vari\u00e9t\u00e9 des divertissements propos\u00e9s suivent, format test\u00e9 et appr\u00e9ci\u00e9 vu \u00e0 travers la marque du groupe Casino Rewards. Mais Quatro Casino a une saveur qui lui est propre et \u00e9l\u00e9gante, une saveur que la plupart des joueurs appr\u00e9cieront.<\/p>\n\n\n\n<p>Le casino est orn\u00e9 d&#8217;argent \/ d\u00e9cor gris, beaucoup plus de bon go\u00fbt que l&#8217;or, et plut\u00f4t suggestif de l&#8217;opulence et le luxe. Le couple attrayant sur la page d&#8217;accueil, \u00e0 la recherche plut\u00f4t maussade dans une bonne fa\u00e7on, ne fait que renforcer l&#8217;atmosph\u00e8re riche avec juste la bonne quantit\u00e9 de tastefulness. Vous trouverez des guides organis\u00e9s dans des jeux, informations et pages de support et de faciliter la navigation globale pour une exp\u00e9rience de jeu exceptionnelle.<\/p>\n\n\n\n<p>En tant que membre du groupe Casino Rewards, vous savez que vous allez vous amuser au casino en ligne Quatro. Toute la marque suit des r\u00e8gles strictes sur le jeu transparent et il ya toujours de grands bonus \u00e0 attraper.<\/p>\n\n\n\n<p>Au total, vous trouverez plus de 1000 jeux pour les joueurs de tous les niveaux dans cet incroyable casino. Quatro Casino est un casino t\u00e9l\u00e9chargeable qui vient avec quelques-uns des plus c\u00e9l\u00e8bres titres autour de Microgaming. Vous pouvez \u00e9galement jouer aux jeux via une version flash via votre navigateur Web.<\/p>\n\n\n\n<p>Donc, voyons ce que Quatro Casino peut r\u00e9pondre \u00e0 vos besoins en mati\u00e8re de jeu.<\/p>\n\n\n\n<h3 class=\"wp-block-heading\" id=\"h-bonus-et-promotions\">Bonus et promotions <\/h3>\n\n\n\n<p>Premi\u00e8rement, si vous aimez les machines \u00e0 sous, ou vous mourez d&#8217;envie d&#8217;essayer certains titres, vous faire 100 tours gratuits au Quatro Casino pendant 7 jours. Un accueil chaleureux et luxueux pour les nouveaux joueurs. Vous pouvez b\u00e9n\u00e9ficier de 100 tours pendant 7 jours d\u00e8s que vous cr\u00e9ez votre nouveau compte de joueur. Choisissez simplement le nombre de tours que vous voulez.<\/p>\n\n\n\n<p>Voici comment l&#8217;offre se d\u00e9compose:<\/p>\n\n\n\n<ul class=\"wp-block-list\">\n<li><strong>D\u00e9p\u00f4t \u00a3 10 et obtenez 10 tours gratuits par jour pendant 7 jours avec d&#8217;argent de bonus \u00a3 10 <\/strong><\/li>\n\n\n\n<li><strong>Ou, d\u00e9posez \u00a3 20 et obtenez 20 tours gratuits et \u00a3 20 bonus d\u00b4argent<\/strong><\/li>\n\n\n\n<li><strong>Ou d\u00e9posez 50 \u20ac et obtenez 50 parties gratuites par jour pendant 7 jours avec 50 \u20ac d\u2019argent de bonus<\/strong><\/li>\n\n\n\n<li><strong>Ou, d\u00e9posez 100 \u20ac et obtenez 100 parties gratuites pendant 7 jours avec 100 \u20ac de bonus<\/strong><\/li>\n<\/ul>\n\n\n\n<p>Ensuite, vous profitez de jeux diff\u00e9rents chaque jour avec vos tours gratuits. Il va comme ceci:<\/p>\n\n\n\n<ul class=\"wp-block-list\">\n<li><strong>utiliser vos tours gratuits sur Immortal Romance<\/strong><\/li>\n\n\n\n<li><strong>aller sur des bobines Golden Princess<\/strong><\/li>\n\n\n\n<li><strong>D\u00e9couvrez la machine \u00e0 sous Reel Gems<\/strong><\/li>\n\n\n\n<li><strong>Tentez votre chance sur Casino Rewards Millionaires Club slot en ligne<\/strong><\/li>\n\n\n\n<li><strong>faire un tour sur Golden Princess\u2019s<\/strong><\/li>\n\n\n\n<li><strong>utiliser ces tours gratuits sur la machine \u00e0 sous Mega Money Multiplier<\/strong><\/li>\n\n\n\n<li><strong>jouez vos tours gratuits sur Forbidden Throne<\/strong><\/li>\n<\/ul>\n\n\n\n<p>Vous voulez plus? Vous obtenez \u00e9galement un bonus de d\u00e9p\u00f4t de 100 \u20ac sur votre premier d\u00e9p\u00f4t sur Quatro Casino.<\/p>\n\n\n\n<p>C\u2019est une offre incroyablement g\u00e9n\u00e9reuse en termes de tours gratuits, mais les r\u00e9compenses ne s\u2019arr\u00eatent pas l\u00e0. Il existe \u00e9galement une exp\u00e9rience de jeu VIP que chaque joueur m\u00e9rite.Depuis Quatro casino en ligne est un membre du groupe Casino Rewards estim\u00e9, lorsque vous vous inscrivez, vous rejoignez automatiquement le programme de fid\u00e9lit\u00e9 et recevez des bonus, des cadeaux et des offres encore plus incroyables.<\/p>\n\n\n\n<p>Vous avez m\u00eame la possibilit\u00e9 de participer dans le acclaimed Time of Your Life Sweepstakes o\u00f9 vous pouvez gagner des prix uniques et des aventures exceptionnelles.<\/p>\n\n\n\n<h3 class=\"wp-block-heading\" id=\"h-methodes-de-payement\">M\u00e9thodes de payement<\/h3>\n\n\n\n<p>Nous parlons beaucoup du groupe Casino Rewards, mais si vous avez d\u00e9j\u00e0 jou\u00e9 dans l\u2019un des casinos de cette marque, vous savez que c\u2019est une exp\u00e9rience vraiment brillante, et cela s\u2019\u00e9tend aux m\u00e9thodes de paiement. Comme les autres casinos du groupe, Quatro Casino propose de nombreuses m\u00e9thodes de retrait et de d\u00e9p\u00f4t, avec une vari\u00e9t\u00e9 d&#8217;options plus adapt\u00e9es \u00e0 votre emplacement. Sur ce casino, vous pouvez alimenter votre compte et retirer vos gains avec l\u2019un des choix suivants:<\/p>\n\n\n\n<ul class=\"wp-block-list\">\n<li><strong>Skrill<\/strong><\/li>\n\n\n\n<li><strong>Neteller<\/strong><\/li>\n\n\n\n<li><strong>Click2Pay<\/strong><\/li>\n\n\n\n<li><strong>Cartes de cr\u00e9dit<\/strong><\/li>\n\n\n\n<li><strong>Virements bancaires<\/strong><\/li>\n\n\n\n<li><strong>Cheques<\/strong><\/li>\n<\/ul>\n\n\n\n<p>Les d\u00e9p\u00f4ts minimum sont seulement 10 \u00a3. En ce qui concerne les retraits, votre argent est conserv\u00e9 pendant 48 heures,pendant lequel vous pouvez annuler votre retrait, si vous pr\u00e9f\u00e9rez, ou attendez simplement le temps de traitement jusqu&#8217;\u00e0 ce que vous receviez votre paiement. Si vous avez choisi de retirer vos gains \u00e0 un porte-monnaie \u00e9lectronique, vous verrez votre argent dans votre compte peu de temps apr\u00e8s la p\u00e9riode de 48 heures expire. Pour les cartes de cr\u00e9dit et les virements bancaires, cela ne prend que quelques jours ouvrables.<\/p>\n\n\n\n<p>Si la chance est de votre c\u00f4t\u00e9 et que vous remportez un gros jackpotou tout simplement avoir beaucoup d\u2019argent dans votre compte en argent r\u00e9el,le Casino se r\u00e9serve le droit de le payer \u00e0 vous en tranches hebdomadaires de pas plus de 4 000 \u00a3.<\/p>\n\n\n\n<p>Alors que certains joueurs songent \u00e0 des paiements partiels et \u00e0 des p\u00e9riodes de d\u00e9tention, Quatro Casino et le reste du groupe Casino Rewards se sont toujours r\u00e9v\u00e9l\u00e9s fiables et s\u00e9curis\u00e9s. Apr\u00e8s tout, vous ne r\u00e9ussirez pas aussi longtemps dans l\u2019industrie sans \u00e9tablir une relation de confiance et de bonne r\u00e9putation avec vos joueurs.<\/p>\n\n\n\n<h3 class=\"wp-block-heading\" id=\"h-jeux\">Jeux<\/h3>\n\n\n\n<p>Quatro Casino utilise la plate-forme logicielle Microgaming, fiable, efficace et g\u00e9niale. Il existe une version Instant Play et un casino t\u00e9l\u00e9chargeable, avec plus de 400 jeux sur mobile. Les jeux pr\u00e9sent\u00e9s dans ce casino incluent les machines \u00e0 sous vid\u00e9o, le vid\u00e9o poker, le baccarat et <a href=\"\/fr\/jeux\/blackjack\/\">le black jack<\/a>. En outre, vous trouverez 20 jackpots progressifs qui offrent la chance excitante de gagner plusieurs millions. Oui, le record du monde Mega Moolah est propos\u00e9 au casino Quatro!<\/p>\n\n\n\n<p>En ce qui concerne les machines \u00e0 sous et Microgaming, il y a des centaines de titres \u00e0 jouer. Au casino en ligne Quatro, vous trouverez de nombreux titres pr\u00e9f\u00e9r\u00e9s, notamment Immortal Romance, Break da Bank, Tom Raider, Avalon, Summertime, Playboy, The Finer Reels of Life, Thunderstruck II, Reel Gems et le c\u00e9l\u00e8bre jeu Game of Thrones. .<\/p>\n\n\n\n<p>Quatro Casino nous offre toujours l&#8217;une des plus grandes s\u00e9lections de jeux de table, y compris une s\u00e9rie de variations pour le Blackjackcomme Spanish 21, Vegas Strip rules, Double Exposure, Atlantic City Rules, Pontoon et quelques autres.<\/p>\n\n\n\n<p>D&#8217;autres jeux de table pour tenter votre chance \u00e0 inclure am\u00e9ricaine et les versions europ\u00e9ennes de la roulette, Caribbean Stud Poker, Craps, Poker \u00e0 trois cartes, Sic Bo, le Pai Gow Poker et beaucoup d&#8217;autres.<\/p>\n\n\n\n<h3 class=\"wp-block-heading\" id=\"h-jeux-en-direct\">Jeux en direct<\/h3>\n\n\n\n<p>Le seul endroit o\u00f9 nous pouvons d\u00e9coller des points au Quatro Casino est sans section de croupier en direct.Il est en fait pas rare pour un membre du groupe Casino Rewards ne pas avoir une section de croupier en direct,mais c\u2019est quelque chose que nous aimerions voir se produire dans un futur proche, sp\u00e9cialement pour les joueurs de roulette, de blackjack et de poker.<\/p>\n\n\n\n<h3 class=\"wp-block-heading\" id=\"h-casino-mobile\">Casino mobile<\/h3>\n\n\n\n<p>Dans le cadre de la plate-forme Microgaming, Quatro Casino a pris en charge tr\u00e8s bien pour les utilisateurs mobiles. Le casino est disponible pour toutes sortes de tablettes et smartphones, avec d&#8217;excellentes vitesses et une navigation facile. L\u2019application mobile est \u00e9galement unique et rend le jeu en d\u00e9placement extr\u00eamement facile. Dans l&#8217;ensemble, nous avons \u00e9t\u00e9 tr\u00e8s impressionn\u00e9s par la rapidit\u00e9 et la facilit\u00e9 d&#8217;utilisation. Pour acc\u00e9der au site mobile, il vous suffit de cliquer sur le navigateur de votre appareil mobile et de vous connecter \u00e0 votre compte joueur pour acc\u00e9der \u00e0 environ 400 jeux.<\/p>\n\n\n\n<h3 class=\"wp-block-heading\" id=\"h-securite-et-licences\">S\u00e9curit\u00e9 et licences <\/h3>\n\n\n\n<p>Le groupe Casino Rewards, et donc le Quatro Casino, est une marque hautement r\u00e9put\u00e9e, ce qui signifie qu&#8217;ils s&#8217;efforcent de garantir qu&#8217;ils sont enti\u00e8rement sous licence afin que les joueurs puissent avoir une confiance totale en eux. Par cons\u00e9quent, Quatro Casino est agr\u00e9\u00e9 et r\u00e9glement\u00e9 par plusieurs organismes renomm\u00e9s, notamment:<\/p>\n\n\n\n<ul class=\"wp-block-list\">\n<li><strong>La Commission des jeux de Kahnawake<\/strong><\/li>\n\n\n\n<li><strong>Autorit\u00e9 maltaise des jeux<\/strong><\/li>\n\n\n\n<li><strong>La UK Gambling Commission<\/strong><\/li>\n<\/ul>\n\n\n\n<p>Toutes ces entit\u00e9s sont r\u00e9put\u00e9es pour leur r\u00e9putation \u00e0 r\u00e9glementer le jeu en ligne ainsi que leur l\u00e9gitimit\u00e9 et des dispositions pour assurer la s\u00e9curit\u00e9 du joueur \u00e0 chaque \u00e9tape du chemin.<\/p>\n\n\n\n<p>En ce qui concerne la s\u00e9curit\u00e9 au Quatro Casino, le site crypte toutes les donn\u00e9es personnelles et bancaires \u00e0 l&#8217;aide du cryptage SSL 128 bits pour emp\u00eacher les gens malveillants acc\u00e8dent aux donn\u00e9es des syst\u00e8mes.<\/p>\n\n\n\n<p>Une \u00e9tape unique, Quatro Casino prend est qu&#8217;il utilise des syst\u00e8mes de compte nombre plut\u00f4t qu&#8217;un syst\u00e8me de nom d&#8217;utilisateur, ce qui rend encore plus difficile pour les cyber-criminels pour voler votre compte.<\/p>\n\n\n\n<p>Au-del\u00e0 de tout cela, ce casino est compl\u00e8tement transparent dans les statistiques de jeu actuelles.Leur logiciel est r\u00e9guli\u00e8rement audit\u00e9 par eCOGRA pour assurer que chaque jeu est juste et authentique. Les r\u00e9sultats sont affich\u00e9s \u00e0 tous les joueurs et vous afficher des rapports pr\u00e9c\u00e9dents sur le site, aussi. C&#8217;est une ouverture impressionnante qui distingue Quatro Casino de la concurrence.<\/p>\n\n\n\n<h3 class=\"wp-block-heading\" id=\"h-assistance-client\">Assistance client<\/h3>\n\n\n\n<p>Si vous avez d\u00e9j\u00e0 une question ou rencontrez un probl\u00e8me lorsque vous jouez au casino en ligne Quatro, le support client est \u00e0 port\u00e9e de un clic. La fonction de support en direct est disponible 24 heures par jour, 7 jours par semaine, 365 jours par an. Et ce n\u2019est pas seulement le cas d\u2019une personne qui attend pour l\u2019aider. Ce casino a plusieurs d\u00e9partements diff\u00e9rents \u00e0 votre disposition pour vous fournir toute l&#8217;assistance dont vous pourriez avoir besoin, quel que soit le moment o\u00f9 vous devez les atteindre.<\/p>\n\n\n\n<p>Si votre question n\u2019est pas assez urgente pour vouloir cliquer sur le bouton de chat en direct, il existe \u00e9galement une adresse e-mail et une section FAQ parfaitement structur\u00e9e o\u00f9 vous trouverez des r\u00e9ponses aux questions les plus fr\u00e9quentes.<\/p>\n\n\n\n<h3 class=\"wp-block-heading\" id=\"h-verdict\">Verdict<\/h3>\n\n\n\n<p>Quatro Casino est \u00e9l\u00e9gant, chic et enrichissant. Il est un site facile \u00e0 naviguer et la navigation acc\u00e9l\u00e8re \u00e0 eux seuls pour des performances \u00e0 sensation \u00e0 la fois sur le bureau et les navigateurs mobiles. M\u00eame les d\u00e9butants au jeu en ligne appr\u00e9cieront la fa\u00e7on dont ce site est de naviguer facilement.La section FAQ fournit des conseils ad\u00e9quats lors du d\u00e9marrage et la s\u00e9lection de machines \u00e0 sous, jeux de table, jeux de d\u00e9s et jeux de cartes suffit pour vous tenir occup\u00e9 tr\u00e8s longtemps.<\/p>\n\n\n\n<p>Tout cela est envelopp\u00e9 dans l&#8217;un des tours gratuits les plus g\u00e9n\u00e9reux paquet de bienvenue que nous ayons jamais rencontr\u00e9.Une section de casino en direct serait g\u00e9nial, mais les jeux sup\u00e9rieurs Microgaming et g\u00e9n\u00e9reux paquet de bienvenue plus que compenser. Les options bancaires sont nombreuses et flexibles, <a href=\"\/fr\/\">le d\u00e9p\u00f4t minimum est minimal<\/a> et l&#8217;exp\u00e9rience de jeu sur Quatro Casino est superbe.<\/p>\n\n\n\n<p>V\u00e9rifiez par vous-m\u00eame aujourd&#8217;hui!<\/p>\n","protected":false},"excerpt":{"rendered":"<p>Critique de casino Quatro Quatro Casino a \u00e9t\u00e9 autour depuis 2008, et il fait une impressionnante premi\u00e8re impression comme un site sophistiqu\u00e9 avec une palette de couleurs de bon go\u00fbt et le design. Les caract\u00e9ristiques et la disposition ainsi que la vari\u00e9t\u00e9 des divertissements propos\u00e9s suivent, format test\u00e9 et appr\u00e9ci\u00e9 vu \u00e0 travers la marque [&hellip;]<\/p>\n","protected":false},"author":8,"featured_media":1488,"parent":16,"menu_order":0,"comment_status":"closed","ping_status":"closed","template":"","meta":{"_acf_changed":false,"footnotes":""},"class_list":["post-1487","page","type-page","status-publish","has-post-thumbnail","hentry"],"acf":[],"_links":{"self":[{"href":"https:\/\/www.minimumdepositcasinos.org\/fr\/wp-json\/wp\/v2\/pages\/1487","targetHints":{"allow":["GET"]}}],"collection":[{"href":"https:\/\/www.minimumdepositcasinos.org\/fr\/wp-json\/wp\/v2\/pages"}],"about":[{"href":"https:\/\/www.minimumdepositcasinos.org\/fr\/wp-json\/wp\/v2\/types\/page"}],"author":[{"embeddable":true,"href":"https:\/\/www.minimumdepositcasinos.org\/fr\/wp-json\/wp\/v2\/users\/8"}],"replies":[{"embeddable":true,"href":"https:\/\/www.minimumdepositcasinos.org\/fr\/wp-json\/wp\/v2\/comments?post=1487"}],"version-history":[{"count":8,"href":"https:\/\/www.minimumdepositcasinos.org\/fr\/wp-json\/wp\/v2\/pages\/1487\/revisions"}],"predecessor-version":[{"id":13097,"href":"https:\/\/www.minimumdepositcasinos.org\/fr\/wp-json\/wp\/v2\/pages\/1487\/revisions\/13097"}],"up":[{"embeddable":true,"href":"https:\/\/www.minimumdepositcasinos.org\/fr\/wp-json\/wp\/v2\/pages\/16"}],"wp:featuredmedia":[{"embeddable":true,"href":"https:\/\/www.minimumdepositcasinos.org\/fr\/wp-json\/wp\/v2\/media\/1488"}],"wp:attachment":[{"href":"https:\/\/www.minimumdepositcasinos.org\/fr\/wp-json\/wp\/v2\/media?parent=1487"}],"curies":[{"name":"wp","href":"https:\/\/api.w.org\/{rel}","templated":true}]}}