{"id":1501,"date":"2019-05-24T09:46:48","date_gmt":"2019-05-24T09:46:48","guid":{"rendered":"https:\/\/www.minimumdepositcasinos.org\/fr\/?page_id=1501"},"modified":"2019-10-30T11:38:06","modified_gmt":"2019-10-30T11:38:06","slug":"karamba","status":"publish","type":"page","link":"https:\/\/www.minimumdepositcasinos.org\/fr\/revue-de-casino\/karamba\/","title":{"rendered":"Karamba Casino"},"content":{"rendered":"<h2>R\u00e9partition de l\u2019aper\u00e7u<\/h2>\n<p>Lanc\u00e9 en 2005, Karamba Casino est l&#8217;un des plus anciens casinos en ligne encore forte malgr\u00e9 la concurrence croissante dans l&#8217;industrie. La premi\u00e8re chose qui vous frappe lorsque vous visitez ce lieu est un perroquet infiniment jovial qui agit comme la mascotte du casino. Vous trouverez l&#8217;oiseau partout, y compris la page d&#8217;accueil, la section des promotions, la page de support, etc. C\u2019est carr\u00e9ment s\u00fbr d\u2019\u00e9clairer votre journ\u00e9e!<\/p>\n<p>Quant au casino lui-m\u00eame, le th\u00e8me lumineux ainsi que sa simplicit\u00e9 et une interface amusante sont des fonctionnalit\u00e9s hors concours qui vous donneront envie de l&#8217;explorer davantage. Ceci combin\u00e9 avec plus de 300 jeux disponibles sur la plate-forme,un bonus de bienvenue all\u00e9chant, une bonne r\u00e9putation, et une vaste exp\u00e9rience de l&#8217;industrie rend ce casino en ligne int\u00e9ressant \u00e0 consid\u00e9rer. Les jeux \u00e0 sous sont majoritaires sur cette plate-forme, mais vous trouverez \u00e9galement quelques jeux en direct, des cartes \u00e0 gratter et m\u00eame une section de paris sportifs.<\/p>\n<h3>Bonus et Promotions<\/h3>\n<p>Passons maintenant \u00e0 la meilleure partie et peut-\u00eatre \u00e0 ce que vous attendiez d&#8217;entendre \u2013 le g\u00e9n\u00e9reux bonus de bienvenue offert par Karamba Casino. btenez un bonus de 200% sur votre d\u00e9p\u00f4t initial jusqu&#8217;\u00e0 200 $ \/ \u20ac plus 100 tours gratuits lors de la cr\u00e9ation d&#8217;un compte.Vous pourrez acc\u00e9der \u00e0 20 tours gratuits tout de suite, tandis que les 80 restants seront partag\u00e9s \u00e0 parts \u00e9gales au cours des deux prochains jours (40 chaque jour) avec un d\u00e9p\u00f4t de 20 $ \/ \u20ac ou plus. De plus, vous obtenez une surprise bonus suppl\u00e9mentaire le troisi\u00e8me jour.<\/p>\n<p>Nous avons trouv\u00e9 qu&#8217;il s&#8217;agissait d&#8217;une offre unique qui incite les joueurs \u00e0 revenir au casino les jours qui suivent leur inscription. Cependant, ce n\u2019est pas la fin. Voyons quels sont leurs termes et conditions concernant ces offres.<\/p>\n<p>Pour commencer, tous les gains r\u00e9alis\u00e9s avec les bonus sont soumis aux conditions de mise de x35. De plus, le bonus de bienvenue doit \u00eatre mis\u00e9 dans les 21 jours suivant son cr\u00e9dit.<\/p>\n<p>Eh bien, ces exigences sont assez justes et faciles \u00e0 satisfaire pour \u00eatre honn\u00eate. 35 fois le montant du bonus est g\u00e9n\u00e9ralement conforme aux normes de l\u2019industrie et il est raisonnable que la p\u00e9riode de 21 jours compl\u00e8te le bonus, surtout si vous jouez r\u00e9guli\u00e8rement.<\/p>\n<p>Comme si le bonus de bienvenue et les tours gratuits ne suffisaient pas, Karamba offre d\u2019autres formes de r\u00e9compenses aux joueurs, notamment des remises en argent pour les joueurs VIP et une autre qu\u2019ils appellent le \u00abDaily Karamba\u00bb.<\/p>\n<p>Les VIP Platinum, Premium et Prestige sont \u00e9ligibles pour une offre de remise en argent mensuelle qui peut simplement \u00eatre d\u00e9crite comme une petite police d&#8217;assurance contre les pertes. Si ce mois a \u00e9t\u00e9 malchanceux pour vous, ce bonus vous servira de r\u00e9pit, car Karamba Casino vous redonne de l\u2019argent pour tenter votre chance au cours du nouveau mois. Le bonus de remise est donn\u00e9 le troisi\u00e8me lundi du mois suivant.<\/p>\n<p>Enfin, le Daily Karamba est un bonus quotidien sp\u00e9cial que cette plate-forme offre aux joueurs tous les jours. Pour le r\u00e9clamer, vous devez vous connecter \u00e0 votre compte et cliquer sur une petite ic\u00f4ne &#8220;cadeau&#8221; situ\u00e9e dans la partie sup\u00e9rieure de la page d&#8217;accueil de Karamba.Une offre al\u00e9atoire pouvant aller de tours gratuits, de tirages au sort ou d&#8217;un d\u00e9fi appara\u00eet. Bien s\u00fbr, le prix n&#8217;est peut-\u00eatre pas \u00e9norme, mais il offre certainement quelque chose d&#8217;excitant de toujours regarder en avant de jouer chaque nouveau jour dans ce casino.<\/p>\n<h3>M\u00e9thodes de payement<\/h3>\n<p>Pour un casino qui cible le plus large march\u00e9 europ\u00e9en, avoir diverses options de paiement localis\u00e9es pour diff\u00e9rents march\u00e9s est essentiel pour attirer les joueurs.Karamba s\u2019est bien comport\u00e9 sur ce front, mais au d\u00e9triment de son service des paiements, qui doit maintenant faire face \u00e0 de nouvelles demandes des joueurs.<\/p>\n<p>Comme dans la plupart des casinos, vous ne rencontrerez aucun probl\u00e8me pour d\u00e9poser de l\u2019argent sur Karamba Casino.Premi\u00e8rement, les solutions bancaires pour les d\u00e9p\u00f4ts sont relativement peu nombreuses par rapport au retrait d\u2019options et prennent \u00e9galement moins de temps \u00e0 traiter.<\/p>\n<p>Les options de d\u00e9p\u00f4t disponibles au moment de la r\u00e9vision de cette plateforme sont les suivantes:<\/p>\n<ul>\n<li><strong>Wire transfer<\/strong><\/li>\n<li><strong>Maestro<\/strong><\/li>\n<li><strong>Paysafe Card<\/strong><\/li>\n<li><strong>Ukash<\/strong><\/li>\n<li><strong>Visa<\/strong><\/li>\n<li><strong>EcoPayz<\/strong><\/li>\n<li><strong>MasterCard<\/strong><\/li>\n<li><strong>Neteller<\/strong><\/li>\n<li><strong>Nordea<\/strong><\/li>\n<li><strong>iDEAL<\/strong><\/li>\n<li><strong>Entropay<\/strong><\/li>\n<li><strong>Trustly<\/strong><\/li>\n<li><strong>Euteller<\/strong><\/li>\n<li><strong>GiroPay<\/strong><\/li>\n<li><strong>Lobanet<\/strong><\/li>\n<li><strong>Mister Cash<\/strong><\/li>\n<li><strong>EPS<\/strong><\/li>\n<li><strong>POLi<\/strong><\/li>\n<li><strong>Sofortuberwaisung<\/strong><\/li>\n<li><strong>Skrill<\/strong><\/li>\n<li><strong>Fundsend<\/strong><\/li>\n<li><strong>InstaDebit<\/strong><\/li>\n<li><strong>Siru Mobile<\/strong><\/li>\n<li><strong>Ewire<\/strong><\/li>\n<li><strong>UseMy Funds<\/strong><\/li>\n<\/ul>\n<p>En ce qui concerne les options de retrait, voici les m\u00e9thodes \u00e0 votre disposition:<\/p>\n<ul>\n<li><strong>Bank Wire Transfer<\/strong><\/li>\n<li><strong>ECO Card<\/strong><\/li>\n<li><strong>Visa<\/strong><\/li>\n<li><strong>MasterCard<\/strong><\/li>\n<li><strong>Cheque<\/strong><\/li>\n<li><strong>Maestro<\/strong><\/li>\n<li><strong>Visa Electron<\/strong><\/li>\n<li><strong>iBanq<\/strong><\/li>\n<li><strong>Skrill<\/strong><\/li>\n<\/ul>\n<p>La p\u00e9riode d&#8217;attente pour les solutions de retrait varie, les paiements par portefeuille \u00e9lectronique \u00e9tant souvent trait\u00e9s le plus rapidement (dans les 24 heures). Les cartes de cr\u00e9dit et de d\u00e9bit n\u00e9cessitent 2 \u00e0 5 jours, les virements bancaires prennent entre 3 et 5 jourset les ch\u00e8ques prennent le plus de temps \u00e0 traiter \u00e0 5-7 jours. Il est \u00e9galement important de noter que le service financier interne peut prendre jusqu&#8217;\u00e0 48 heures pour traiter votre paiement avant de le payer via le mode de paiement s\u00e9lectionn\u00e9.<\/p>\n<p>Le montant minimum du d\u00e9p\u00f4t accept\u00e9 ici est de 10 \u20ac \/ \u20ac alors que les retraits sont plafonn\u00e9s \u00e0 7 000 \u20ac \/ mois.<\/p>\n<h3>Jeux<\/h3>\n<p>La biblioth\u00e8que de jeux de Karamba Casino est g\u00e9n\u00e9ralement impressionnante, en particulier pour les amateurs de machines \u00e0 sous, qui trouveront pr\u00e8s de 300 jeux sur la plate-forme. Cependant, nous aimerions voir plus de jeux et de diversit\u00e9. La liste des fournisseurs de logiciels est \u00e9galement assez petite, ce qui signifie que vous risquez de manquer quelques jeux de haut niveau ici.<\/p>\n<p>En regardant la section des machines \u00e0 sous de ce casino, il est clairement \u00e9vident que la direction de la plate-forme a pour objectif de veiller \u00e0 ce que les joueurs de machines \u00e0 sous obtiennent le meilleur sur le march\u00e9. Le lobby propose une suite de titres exquis provenant de grands fournisseurs tels que NetEnt, Microgaming et Play\u2019n Go, entre autres. Certaines des machines \u00e0 sous les plus populaires que nous aimons le plus ici incluent 7 Sins, Bird On A Wire, Crazy Cows, 1 Can 2 Can, et Ariana.<\/p>\n<p>Pas un fan de machines \u00e0 sous ou \u00e0 la recherche d&#8217;autres jeux pour vous mettre en forme pour une s\u00e9rie de victoires? Vous pouvez consulter d&#8217;autres jeux que cet op\u00e9rateur a \u00e0 offrir. Explorez les diff\u00e9rents types de jeux de table disponibles ici, y compris les roues de roulette, plusieurs variantes de blackjack et le baccarat. Toutefois, les joueurs de table endurcis avec un go\u00fbt prononc\u00e9 pour les variantes sophistiqu\u00e9es voudront peut-\u00eatre chercher ailleurs car ce n&#8217;est pas une r\u00e9gion de Karamba o\u00f9 prosp\u00e8re bien.<\/p>\n<p>La m\u00eame chose peut \u00eatre dit pour leur casino en directqui a environ 35 tables qui h\u00e9bergent des jeux comme le baccarat, la roulette et le black jack.Propuls\u00e9 par le c\u00e9l\u00e8bre Evolution Gaming, cette section de casino en direct convient g\u00e9n\u00e9ralement aux joueurs \u00e0 la recherche de jeux de table standard.Il est \u00e9galement important de mentionner que le casino en direct du casino Karamba est r\u00e9serv\u00e9 aux gros joueurs, bien que quelques tables sp\u00e9ciales soient laiss\u00e9es ouvertes pour les joueurs r\u00e9guliers d\u00e9sirant placer de gros enjeux.<\/p>\n<p>Enfin, jetez un coup d\u2019\u0153il au sportsbook Karamba de haute qualit\u00e9, qui pr\u00e9sente toutes les ligues et les sports majeurs du monde entier.Pariez pour le plaisir ou l&#8217;argent et avoir une chance de gagner beaucoup d&#8217;argent avec les chances de comp\u00e9tition de Karamba.<\/p>\n<h3>Casino mobile<\/h3>\n<p>Karamba a un casino mobile qui fonctionne parfaitement sur tous les combin\u00e9s modernes fonctionnant sous les syst\u00e8mes d&#8217;exploitation Android, iOS, Blackberry et Windows. Bien s\u00fbr, la ludoth\u00e8que mobile est plus petite que celle de son homologue de bureau mais Karamba a fait un travail remarquable pour les titres disponibles pour les joueurs mobiles. Par exemple, les jeux comportent de jolis graphismes et le site Web pr\u00e9sente un design \u00e9l\u00e9gant, optimis\u00e9 pour les appareils mobiles, qui offre une navigation transparente et un chargement rapide. De plus, des applications mobiles t\u00e9l\u00e9chargeables sont disponibles pour les utilisateurs d&#8217;Android et iOS.<\/p>\n<p>Vous pouvez jouer \u00e0 la plupart de leurs jeux de machines \u00e0 sous et \u00e0 plusieurs jeux de table \u00e0 tout moment. Un croupier en direct est \u00e9galement accessible sur les smartphoneset les tablettes o\u00f9 les jeux en direct comme la roulette, le baccarat et blackjack sont disponibles pour les jeux en direct mobile. Cependant, nous aimerions que Karamba s\u2019int\u00e9resse davantage \u00e0 sa zone de section en direct, car elle semble banale et est au mieux ignor\u00e9e.<\/p>\n<h3>S\u00e9curit\u00e9 et licence<\/h3>\n<p>Comme tout casino en ligne qui se respecte, Karamba a fait suffisamment pour am\u00e9liorer la s\u00e9curit\u00e9 de son site et renforcer sa r\u00e9putation et sa confiance.Pour commencer, il d\u00e9tient les licences de deux des instances les plus respect\u00e9es du monde du jeu en ligne \u2013Malta Gaming Authority et UK Gambling Commission. Si vous nous suivez depuis un certain temps, vous saurez que nous ne saurons trop insister sur l\u2019importance de traiter avec les casinos en ligne qui d\u00e9tiennent ces licences cl\u00e9s.Les deux sont connus pour les mesures strictes qu&#8217;ils imposent aux casinos concernant la s\u00e9curit\u00e9 des utilisateurs, l&#8217;\u00e9quit\u00e9 dans les jeux et l&#8217;authenticit\u00e9. En effet, tout op\u00e9rateur sera conscient de la difficult\u00e9 d&#8217;obtenir l&#8217;un d&#8217;entre eux. Tous les jeux sont \u00e9galement test\u00e9s de mani\u00e8re ind\u00e9pendante par les laboratoires r\u00e9put\u00e9s iTech pour s\u2019assurer qu\u2019ils utilisent la technologie RNG pour des r\u00e9sultats \u00e9quitables.<\/p>\n<p>En plus de ces licences, Karamba a fait un excellent travail pour s\u00e9curiser sa plate-forme. Par exemple, le site Web utilise un cryptage SSL de 128 bits fourni par GoDaddy pour prot\u00e9ger les donn\u00e9es utilisateur stock\u00e9es ou transmises. En outre, il fonctionne avec des m\u00e9thodes de paiement \u00e9prouv\u00e9es et s\u00e9curis\u00e9es sur lesquelles les joueurs peuvent compter en toute confiance pour effectuer des d\u00e9p\u00f4ts et des retraits en toute s\u00e9curit\u00e9.<\/p>\n<h3>Service client<\/h3>\n<p>Karamba Casino a un petit slogan sur la fa\u00e7on dont il traite le service \u00e0 la client\u00e8le &#8211; &#8220;CARE&#8221;, qui signifie &#8220;Les clients sont vraiment tout&#8221; en anglais Customers Are Really Everything. Et oui, nous pouvons confirmer ce que le soutien \u00e0 la client\u00e8le, vous trouverez ici est meilleur que votre service moyen selon les normes de l&#8217;industrie.<\/p>\n<p>Vous pouvez les contacter de plusieurs fa\u00e7ons, notamment chat en direct, un courrier \u00e9lectronique et un t\u00e9l\u00e9phone. Le chat en direct est facilement le moyen de communication le plus efficace, surtout si le probl\u00e8me \u00e0 traiter est relativement mineur et peu compliqu\u00e9.Les e-mails sont mieux utilis\u00e9s pour les probl\u00e8mes majeurs n\u00e9cessitant des explications d\u00e9taill\u00e9es, y compris les pi\u00e8ces jointes. Enfin, si tout ce dont vous avez besoin est de converser en t\u00eate-\u00e0-t\u00eate avec un repr\u00e9sentant du support technique, saisissez ce t\u00e9l\u00e9phone et appelez le service client\u00e8le de Karamba.<\/p>\n<p>Avertissement: Pr\u00e9parez-vous \u00e0 attendre plusieurs minutes avant de pouvoir mettre votre interlocuteur en ligne et, pire encore, \u00e0 payer des frais de p\u00e9age interurbains exorbitants.<\/p>\n<p>Ce que nous n\u2019aimions pas du c\u00f4t\u00e9 du support client de Karamba, c\u2019est le fait qu\u2019ils ne fournissent pas de service 24 heures sur 24, mais seulement de 6 heures \u00e0 minuit GMT.Nous sommes d\u00e9j\u00e0 en 2019 et il n\u2019ya aucune excuse pour un casino en ligne de la taille de Karamba qui ne peut pas avoir du personnel disponible 24 heures sur 24 pour traiter les demandes et les plaintes des clients.<\/p>\n<h3>Verdict<\/h3>\n<p>Recommanderions-nous ce casino \u00e0 nos lecteurs? Eh bien, notre d\u00e9cision \u00e0 ce sujet est partag\u00e9e \u00e0 mi-chemin. Pour les joueurs de machines \u00e0 sous recherchant une plate-forme offrant une large s\u00e9lection et une diversit\u00e9 de fournisseurs diff\u00e9rents,c&#8217;est un casino \u00e0 visiter absolumentD&#8217;autre part, si vous vous penchez plus vers des cartes et des jeux de table, alors Karamba peut ne pas vous convenir.<\/p>\n<p>Dans l\u2019ensemble cependant, ce casino a laiss\u00e9 une bonne impression en d\u00e9pit de quelques lacunes sur certains domaines, comme indiqu\u00e9 dans notre revue. Ce que nous aimons le plus, ce sont les g\u00e9n\u00e9reuses offres promotionnelles et de bienvenue, le site Web et les applications mobiles modernes et tr\u00e8s r\u00e9actifs, ainsi que la vaste exp\u00e9rience de ce casino.Nous avons \u00e9galement constat\u00e9 que les limites de paris \u00e9taient assez conviviales pour les d\u00e9butants et les joueurs \u00e0 la recherche d&#8217;un casino en ligne abordable.La plupart des jeux comportent des modes d\u00e9mo pour vous permettre de mettre en pratique vos comp\u00e9tences avant de d\u00e9penser votre argent.<\/p>\n<p>Donc oui! Nous pouvons vous recommander confortablement que vous donnez Karamba Casino essayer. N&#8217;oubliez pas de r\u00e9clamer les 200 $ \/ \u20ac et les 100 tours gratuits lorsque vous vous inscrivez!<\/p>\n","protected":false},"excerpt":{"rendered":"<p>R\u00e9partition de l\u2019aper\u00e7u Lanc\u00e9 en 2005, Karamba Casino est l&#8217;un des plus anciens casinos en ligne encore forte malgr\u00e9 la concurrence croissante dans l&#8217;industrie. La premi\u00e8re chose qui vous frappe lorsque vous visitez ce lieu est un perroquet infiniment jovial qui agit comme la mascotte du casino. Vous trouverez l&#8217;oiseau partout, y compris la page [&hellip;]<\/p>\n","protected":false},"author":8,"featured_media":1502,"parent":16,"menu_order":0,"comment_status":"closed","ping_status":"closed","template":"page_review_card.php","meta":{"_acf_changed":false,"footnotes":""},"class_list":["post-1501","page","type-page","status-publish","has-post-thumbnail","hentry"],"acf":[],"_links":{"self":[{"href":"https:\/\/www.minimumdepositcasinos.org\/fr\/wp-json\/wp\/v2\/pages\/1501","targetHints":{"allow":["GET"]}}],"collection":[{"href":"https:\/\/www.minimumdepositcasinos.org\/fr\/wp-json\/wp\/v2\/pages"}],"about":[{"href":"https:\/\/www.minimumdepositcasinos.org\/fr\/wp-json\/wp\/v2\/types\/page"}],"author":[{"embeddable":true,"href":"https:\/\/www.minimumdepositcasinos.org\/fr\/wp-json\/wp\/v2\/users\/8"}],"replies":[{"embeddable":true,"href":"https:\/\/www.minimumdepositcasinos.org\/fr\/wp-json\/wp\/v2\/comments?post=1501"}],"version-history":[{"count":5,"href":"https:\/\/www.minimumdepositcasinos.org\/fr\/wp-json\/wp\/v2\/pages\/1501\/revisions"}],"predecessor-version":[{"id":2833,"href":"https:\/\/www.minimumdepositcasinos.org\/fr\/wp-json\/wp\/v2\/pages\/1501\/revisions\/2833"}],"up":[{"embeddable":true,"href":"https:\/\/www.minimumdepositcasinos.org\/fr\/wp-json\/wp\/v2\/pages\/16"}],"wp:featuredmedia":[{"embeddable":true,"href":"https:\/\/www.minimumdepositcasinos.org\/fr\/wp-json\/wp\/v2\/media\/1502"}],"wp:attachment":[{"href":"https:\/\/www.minimumdepositcasinos.org\/fr\/wp-json\/wp\/v2\/media?parent=1501"}],"curies":[{"name":"wp","href":"https:\/\/api.w.org\/{rel}","templated":true}]}}