{"id":1515,"date":"2019-05-31T08:32:44","date_gmt":"2019-05-31T08:32:44","guid":{"rendered":"https:\/\/www.minimumdepositcasinos.org\/fr\/?page_id=1515"},"modified":"2019-10-29T21:55:41","modified_gmt":"2019-10-29T21:55:41","slug":"mobile","status":"publish","type":"page","link":"https:\/\/www.minimumdepositcasinos.org\/fr\/revue-de-casino\/all-slots\/mobile\/","title":{"rendered":"All Slots Mobile Review"},"content":{"rendered":"<p><img loading=\"lazy\" decoding=\"async\" class=\" wp-image-1516 alignright\" src=\"https:\/\/www.minimumdepositcasinos.org\/fr\/wp-content\/uploads\/2019\/05\/All-Slots-300x300.png\" alt=\"\" width=\"226\" height=\"226\" srcset=\"https:\/\/www.minimumdepositcasinos.org\/fr\/wp-content\/uploads\/2019\/05\/All-Slots-300x300.png 300w, https:\/\/www.minimumdepositcasinos.org\/fr\/wp-content\/uploads\/2019\/05\/All-Slots-150x150.png 150w, https:\/\/www.minimumdepositcasinos.org\/fr\/wp-content\/uploads\/2019\/05\/All-Slots.png 400w\" sizes=\"auto, (max-width: 226px) 100vw, 226px\" \/><\/p>\n<p><a href=\"https:\/\/www.minimumdepositcasinos.org\/fr\/revue-de-casino\/all-slots\/\">All Slots Casino<\/a> est un paradis de machines \u00e0 sous pour les joueurs qui aiment faire tourner les rouleaux. Mais ce n&#8217;est pas seulement sur les plus de 300 titres propos\u00e9s, All Slots est un casino de service compl\u00e8te avec une excellente vari\u00e9t\u00e9 de jeux de d\u00e9s et de cartes.Ceci est un casino qui a \u00e9t\u00e9 autour pr\u00e8s de 20 ans, aussi. Il a gagn\u00e9 des prix et il accepte des joueurs du monde entier. Le meilleur de tous, All Slots Mobile rend le jeu mobile facile, amusant et excitant.<\/p>\n<h3>All Slots Casino Mobile<\/h3>\n<p>All Slots casino mobile a une collection solide de jeux pour les joueurs qui pr\u00e9f\u00e8rent jouer en mouvement.La vue fonctionne parfaitement sur les appareils iOS et Android, avec chaque et chaque jeu aussi poli que sur votre ordinateur de bureau.<\/p>\n<p>All Slots Casino Mobile utilise le logiciel Microgaming, ce qui signifie que vous pouvez vous attendre \u00e0 machines \u00e0 sous incroyables sur une plate-forme transparente.<\/p>\n<p>Si vous n&#8217;\u00eates pas un grand fan de t\u00e9l\u00e9charger des applications sur votre tablette ou smartphone, bien que, c&#8217;est bien. Ce site est enti\u00e8rement optimis\u00e9 pour le jeu mobile qui signifie que vous pouvez toujours jouer \u00e0 travers le navigateur Web de votre appareil mobile.<\/p>\n<p>Les m\u00e9thodes bancaires chez All Slots Mobile sont fiables,avec demande de retrait remplie en quelques jours.Vous pouvez choisir entre virements bancaires, portefeuilles \u00e9lectroniques, ch\u00e8ques et les options habituelles de cartes de d\u00e9bit et de cr\u00e9dit, toutes disponibles sur votre appareil mobile<\/p>\n<h3>All Slots Jeux mobiles<\/h3>\n<p>Si vous aimez spinning faire tourner les rouleaux de machines \u00e0 sous ou jouer aux tables, All Slots Casino Mobile a tout. En fait, avec 100s de jeux \u00e0 choisir, comprenant plus de 300 slots, vous ne ennuierez pas bient\u00f4t.<\/p>\n<p>La vaste s\u00e9lection de machines \u00e0 sous comprend \u00e0 peu pr\u00e8s tout des vari\u00e9t\u00e9s classiques \u00e0 3 rouleaux et les machines \u00e0 fruits traditionnelles \u00e0 plus de 100 machines \u00e0 sous vid\u00e9o \u00e0 5 rouleaux charg\u00e9s avec des tonnes de fonctionnalit\u00e9s suppl\u00e9mentaires comme dispersant et les symboles sauvages, des jeux bonus et des tonnes de tours gratuits.Il y a aussi une bonne collection de Microgaming jackpot progressif de machines \u00e0 sous ,y compris Mega Moolah, Major Millions et King Cashalot.Le casino organise \u00e9galement fr\u00e9quemment des tournois de machines \u00e0 sous.<\/p>\n<p>Le nom du casino est cependant un peu impropre.Bien qu&#8217;il y ait plus qu&#8217;assez de machines \u00e0 sous pour vous occuper, vous trouverez \u00e9galement tous vos jeux de table pr\u00e9f\u00e9r\u00e9s, y compris la roulette et le black jack. Il y a plus de 40 variantes de blackjack \u00e0 choisir!<\/p>\n<p>Pour une exp\u00e9rience de jeu vraiment immersive, vous pouvez participer \u00e0 des jeux de croupier en direct comme la roulette, le baccarat et le black jack &#8211; tous \u00e0 partir de votre appareil mobile.<\/p>\n<h3>All Slots Mobile Bonus de Bienvenue<\/h3>\n<p>Contrairement \u00e0 certains casinos en ligne qui offrent des incitations uniquement en fonction de votre premier d\u00e9p\u00f4t, All Slots vous donne un bonus d&#8217;inscription qui est divis\u00e9 en plusieurs d\u00e9p\u00f4ts. Au total, vous pouvez r\u00e9clamer jusqu&#8217;\u00e0 500 $\u00a0 de fonds de bonus pour vous aider \u00e0 d\u00e9marrer.N&#8217;oubliez pas de lire les termes et conditions, cependant, car il y a des limites et des conditions de mise.<\/p>\n<p>Pour mettre la main sur le montant maximum du bonus sur All Slots Mobile Casino, vous devez effectuer quatre d\u00e9p\u00f4ts sur votre compte joueur,le tout dans la semaine suivant l\u2019inscription de votre nouveau compte. Chaque d\u00e9p\u00f4t a ses propres conditions de retrait.<\/p>\n<p>Puisque les bonus sont dans une s\u00e9quence,vous devrez remplir les conditions d\u2019\u00e9change pour un bonus avant de passer \u00e0 la suivante.<\/p>\n<p>Voici comment cela se d\u00e9compose:<\/p>\n<ul>\n<li><strong>D\u00e9p\u00f4t 1 &#8211;<\/strong> D\u00e9p\u00f4t correspondant \u00e0 100% jusqu&#8217;\u00e0 200 $<\/li>\n<li><strong>D\u00e9p\u00f4t 2 &#8211;<\/strong> D\u00e9p\u00f4t correspondant \u00e0 25% jusqu&#8217;\u00e0 100 $<\/li>\n<li><strong>D\u00e9p\u00f4t 3 &#8211;<\/strong> D\u00e9p\u00f4t correspondant \u00e0 50% jusqu&#8217;\u00e0 100 $<\/li>\n<li><strong>D\u00e9p\u00f4t 4 &#8211;<\/strong> 25% de d\u00e9p\u00f4t jusqu&#8217;\u00e0 $ 100 match<\/li>\n<\/ul>\n<p>Pour chaque d\u00e9p\u00f4t, le montant minimum que vous devez d\u00e9poser pour \u00eatre \u00e9ligible pour le bonus est de 25 $ .Mais pour recevoir le maximum de 500 $ d\u2019argent de bonus, y vous aurez besoin de d\u00e9poser jusqu&#8217;\u00e0 1 200 $ dans une p\u00e9riode de 7 jours.<\/p>\n<p>Quant aux t\u2019s et c\u2019s, vous devez jouer avec votre bonus et d\u00e9poser 30x pour votre premier d\u00e9p\u00f4t, puis 25x pour votre deuxi\u00e8me,troisi\u00e8me et quatri\u00e8me d\u00e9p\u00f4ts. De plus, jeux d&#8217;arcade et des machines \u00e0 sous chacun compte \u00e0 100% pour les conditions de mise.Si vous \u00eates un joueur de machine \u00e0 sous, c\u2019est votre type de bonus!<\/p>\n<p>Bien qu&#8217;il soit certainement agr\u00e9able de mettre la main sur la totalit\u00e9 des $\u00a0 500 fonds de bonus, cela implique de d\u00e9poser une somme d&#8217;argent substantielle, donc si c&#8217;est un peu intimidant pour vous, plut\u00f4t accepter une prime de valeur inf\u00e9rieure et juste d\u00e9poser les montants minimums n\u00e9cessaires.<\/p>\n<h3>Verdict<\/h3>\n<p>All Slots Mobile est un excellent casino sur le pouce. Il y a quelques choses qui font que ce casino se distingue des autres, y compris son service au client sup\u00e9rieur,qui est disponible 24 heures par jour, 7 jours par semaine.<\/p>\n<p>Les bonus sont un autre gros avantage \u00e0 All Slots, et en plus du bonus de bienvenue,tce casino dirige une myriade de promotions en cours.Enfin, l\u2019\u00e9norme quantit\u00e9 de jeux disponibles sur mobile est tout simplement impressionnante.<\/p>\n<p><a href=\"https:\/\/www.minimumdepositcasinos.org\/fr\/logiciel\/microgaming\/\">Ceci est un casino Microgaming<\/a> transparentequi fournit tout le plaisir dont vous avez besoin quand vous aimez <a href=\"https:\/\/www.minimumdepositcasinos.org\/fr\/appareils\/\">jouer sur votre appareil mobile.<\/a><\/p>\n<p>Inscrivez-vous et voyez par vous-m\u00eame!<\/p>\n","protected":false},"excerpt":{"rendered":"<p>All Slots Casino est un paradis de machines \u00e0 sous pour les joueurs qui aiment faire tourner les rouleaux. Mais ce n&#8217;est pas seulement sur les plus de 300 titres propos\u00e9s, All Slots est un casino de service compl\u00e8te avec une excellente vari\u00e9t\u00e9 de jeux de d\u00e9s et de cartes.Ceci est un casino qui a [&hellip;]<\/p>\n","protected":false},"author":8,"featured_media":1516,"parent":597,"menu_order":0,"comment_status":"closed","ping_status":"closed","template":"page_review_card_child.php","meta":{"_acf_changed":false,"footnotes":""},"class_list":["post-1515","page","type-page","status-publish","has-post-thumbnail","hentry"],"acf":[],"_links":{"self":[{"href":"https:\/\/www.minimumdepositcasinos.org\/fr\/wp-json\/wp\/v2\/pages\/1515","targetHints":{"allow":["GET"]}}],"collection":[{"href":"https:\/\/www.minimumdepositcasinos.org\/fr\/wp-json\/wp\/v2\/pages"}],"about":[{"href":"https:\/\/www.minimumdepositcasinos.org\/fr\/wp-json\/wp\/v2\/types\/page"}],"author":[{"embeddable":true,"href":"https:\/\/www.minimumdepositcasinos.org\/fr\/wp-json\/wp\/v2\/users\/8"}],"replies":[{"embeddable":true,"href":"https:\/\/www.minimumdepositcasinos.org\/fr\/wp-json\/wp\/v2\/comments?post=1515"}],"version-history":[{"count":4,"href":"https:\/\/www.minimumdepositcasinos.org\/fr\/wp-json\/wp\/v2\/pages\/1515\/revisions"}],"predecessor-version":[{"id":2739,"href":"https:\/\/www.minimumdepositcasinos.org\/fr\/wp-json\/wp\/v2\/pages\/1515\/revisions\/2739"}],"up":[{"embeddable":true,"href":"https:\/\/www.minimumdepositcasinos.org\/fr\/wp-json\/wp\/v2\/pages\/597"}],"wp:featuredmedia":[{"embeddable":true,"href":"https:\/\/www.minimumdepositcasinos.org\/fr\/wp-json\/wp\/v2\/media\/1516"}],"wp:attachment":[{"href":"https:\/\/www.minimumdepositcasinos.org\/fr\/wp-json\/wp\/v2\/media?parent=1515"}],"curies":[{"name":"wp","href":"https:\/\/api.w.org\/{rel}","templated":true}]}}