{"id":1528,"date":"2019-06-05T07:57:26","date_gmt":"2019-06-05T07:57:26","guid":{"rendered":"https:\/\/www.minimumdepositcasinos.org\/fr\/?page_id=1528"},"modified":"2020-03-19T14:17:03","modified_gmt":"2020-03-19T14:17:03","slug":"tours-gratuits","status":"publish","type":"page","link":"https:\/\/www.minimumdepositcasinos.org\/fr\/revue-de-casino\/jonny-jackpot\/tours-gratuits\/","title":{"rendered":"Jonny Jackpot Freespins"},"content":{"rendered":"<h2>R\u00e9partition de l\u2019aper\u00e7u<\/h2>\n<p><img loading=\"lazy\" decoding=\"async\" class=\"alignright wp-image-633 size-medium\" src=\"https:\/\/www.minimumdepositcasinos.org\/fr\/wp-content\/uploads\/2019\/05\/Jonny-Jackpot_400x400-300x300.jpg\" alt=\"Tours Gratuits Jonny Jackpot\" width=\"300\" height=\"300\" srcset=\"https:\/\/www.minimumdepositcasinos.org\/fr\/wp-content\/uploads\/2019\/05\/Jonny-Jackpot_400x400-300x300.jpg 300w, https:\/\/www.minimumdepositcasinos.org\/fr\/wp-content\/uploads\/2019\/05\/Jonny-Jackpot_400x400-150x150.jpg 150w, https:\/\/www.minimumdepositcasinos.org\/fr\/wp-content\/uploads\/2019\/05\/Jonny-Jackpot_400x400.jpg 400w\" sizes=\"auto, (max-width: 300px) 100vw, 300px\" \/><\/p>\n<p><a href=\"\/fr\/revue-de-casino\/jonny-jackpot\/\">Jonny Jackpot a ouvert ses portes de casino virtuel<\/a> en d\u00e9cembre 2018 et depuis lors, les joueurs se sont rassembl\u00e9s sur le site pour des offres exceptionnelles, des jeux exceptionnels et des tours gratuits en abondance. En tant que nouveau casino, Jonny Jackpot met tout en \u0153uvre pour vous permettre de vous inscrire et de continuer \u00e0 jouer en vous proposant une vari\u00e9t\u00e9 de bonus sans d\u00e9p\u00f4t et avec d\u00e9p\u00f4t ainsi que quelques bonus de rechargement int\u00e9ressants.<\/p>\n<p>Pas besoin de s&#8217;inqui\u00e9ter du fait qu&#8217;il s&#8217;agisse d&#8217;une nouvelle plate-forme. Jonny Jackpot d\u00e9tient 3 licences valides sous la forme d&#8217;une licence su\u00e9doise, MGA et UKGC. Ils offrent \u00e9galement plus de 1500 jeux incroyables.<\/p>\n<h3>Tours Gratuits Pour Tous Jonny Jackpot<\/h3>\n<p>C\u2019est un casino que vous voulez vraiment essayer. Quand vous vous inscrivez, vous obtenez 50 tours gratuits juste pour l&#8217;ouverture d&#8217;un compte &#8211; aucun d\u00e9p\u00f4t requis. Ensuite, quand vous \u00eates pr\u00eat \u00e0 faire un d\u00e9p\u00f4t, vous pouvez r\u00e9clamer le bonus de d\u00e9p\u00f4t de 100% et recevoir 100 autres tours gratuits pour jouer sur la machine \u00e0 sous populaire Starburst.<\/p>\n<h3>Tours Gratuits Sans D\u00e9p\u00f4t pour Book of Dead<\/h3>\n<p>Tout d&#8217;abord, quand vous d\u00e9cidez d&#8217;ouvrir un nouveau compte de joueur sur Jonny Jackpot, vous recevrez automatiquement 50 tours gratuits pour jouer sur le dernier titre populaire, Book of Dead. Vous n&#8217;avez pas besoin de faire un d\u00e9p\u00f4t en argent r\u00e9el pour r\u00e9clamer vos 50 tours gratuits, mais vous pouvez gagner de l&#8217;argent r\u00e9el en les jouant.<\/p>\n<p>Voici comment obtenir vos tours:<\/p>\n<ul>\n<li><strong>Enregistrez un compte Jonny Jackpot gratuit<\/strong><\/li>\n<li><strong>Connectez-vous \u00e0 votre compte<\/strong><\/li>\n<li><strong>Ouvrez un jeu Book of Dead<\/strong><\/li>\n<li><strong>Activez vos 50 tours gratuits<\/strong><\/li>\n<li><strong>Commencez \u00e0 jouer!<\/strong><\/li>\n<\/ul>\n<p>Vous devez utiliser vos tours gratuits en un coup et dans les 7 jours qui suivent leur r\u00e9ception.<\/p>\n<p>M\u00eame si vous n&#8217;avez pas besoin de d\u00e9poser de l&#8217;argent r\u00e9el pour r\u00e9clamer vos tours gratuits, vous pouvez gagner de l&#8217;argent r\u00e9el. Quand vous r\u00e9ussissez un tour gagnant, vous recevez vos gains en argent, ajout\u00e9 \u00e0 votre solde de casino. Vous pouvez utiliser l&#8217;argent pour continuer \u00e0 jouer \u00e0 Book of Dead ou essayer d&#8217;autres jeux sur Jonny Jackpot.<\/p>\n<p>Avant de pouvoir encaisser vos gains, vous devrez cependant les jouer pendant 35x.<\/p>\n<h3>100 Tours Gratuits pour Starburst<\/h3>\n<p>Une fois que vous d\u00e9cidez de faire un d\u00e9p\u00f4t au casino Jonny Jackpot, vous pouvez obtenir 100 tours gratuits pour jouer sur Starburst. D\u00e9posez simplement un minimum de $\/\u20ac10 et obtenez vos tours.<\/p>\n<p>Encore une fois, vous devrez jouer tous vos tours gratuits en un coup. Vous pouvez \u00e9galement garder tous les gains que vous r\u00e9alisez.<\/p>\n<p>Ce casino ne dispose pas d&#8217;un montant d&#8217;encaissement maximum pour les bonus et vous pouvez utiliser vos gains de tours gratuits pour jouer \u00e0 tous les autres jeux du Casino En Ligne Jonny Jackpot. Vous devez jouer sur vos gains pendant 35x avant de pouvoir encaisser quoi que ce soit.<\/p>\n<h3>Plus d&#8217;Offres au Casino Jonny Jackpot<\/h3>\n<p><a href=\"\/fr\/revue-de-casino\/jonny-jackpot\/tours-gratuits\/\">\u00c0 part les tours gratuits Jonny Jackpot<\/a>, il existe \u00e9galement un bonus excitant de premier d\u00e9p\u00f4t pour les nouveaux joueurs. Tout ce que vous avez \u00e0 faire est de cr\u00e9er un compte gratuit et vous obtiendrez un bonus de d\u00e9p\u00f4t de 100% avec vos 100 tours gratuits. Donc, faites votre premier d\u00e9p\u00f4t et Jonny le doublera jusqu&#8217;\u00e0 un maximum de $\/\u20ac1,000.<\/p>\n<p>Encore une fois, vous pouvez gagner une somme d&#8217;argent illimit\u00e9e lorsque vous utilisez vos bonus Jonny Jackpot. Avant de pouvoir retirer quoi que ce soit, vous devez toutefois miser l&#8217;argent bonus 35 fois. Par exemple, si vous d\u00e9posez $\/\u20ac50, vous devez jouer 35 x $\/\u20ac50, ce qui \u00e9quivaut \u00e0 $\/\u20ac1,750.<\/p>\n<p>Si vous ne souhaitez pas jouer \u00e0 travers, vous n&#8217;avez pas \u00e0 r\u00e9clamer le bonus de d\u00e9p\u00f4t. Quand vous jouez sans utiliser de bonus de casino, vous pouvez retirer votre argent et vos gains \u00e0 tout moment.<\/p>\n<h3>Bonus Sans D\u00e9p\u00f4t chez Jonny Jackpot<\/h3>\n<p>Le Casino En Ligne Jonny Jackpot n&#8217;offre pas toujours de bonus sans d\u00e9p\u00f4t. Vous devez donc consulter notre page de promotions pour vous assurer de ne jamais manquer les derni\u00e8res offres.<\/p>\n<h3>Jouer Vos Tours Gratuits Sur Mobile<\/h3>\n<p>Jonny Jackpot a \u00e9t\u00e9 enti\u00e8rement optimis\u00e9 pour le jeu mobile. De nos jours, il est essentiel que les casinos en ligne aient un site mobile exceptionnel, car la plupart d\u2019entre nous aiment jouer \u00e0 nos jeux de casino pr\u00e9f\u00e9r\u00e9s \u00e0 tout moment. L\u2019\u00e9quipe derri\u00e8re ce nouveau casino en ligne en est bien consciente, c\u2019est pourquoi leur exp\u00e9rience mobile est fantastique. Vous pouvez non seulement vous inscrire rapidement et faire des d\u00e9p\u00f4ts, mais vous pouvez \u00e9galement r\u00e9clamer vos tours gratuits de Jonny Jackpot et jouer \u00e0 vos machines \u00e0 sous pr\u00e9f\u00e9r\u00e9es quand vous voulez, o\u00f9 que vous soyez. Vous pouvez \u00e9galement contacter le support client, consulter les derniers jeux et retirer vos gains une fois que vous avez satisfait \u00e0 ces exigences de mises de tours gratuits.<\/p>\n<p>Jonny Jackpot est un casino en ligne prometteur qui a d\u00e9j\u00e0 b\u00e2ti une solide base de joueurs. Avec des promotions r\u00e9guli\u00e8res et de nombreux tours gratuits, nous pensons qu&#8217;il est temps d&#8217;essayer le site pour vous-m\u00eame et de saisir vos tours gratuits aujourd&#8217;hui.<\/p>\n","protected":false},"excerpt":{"rendered":"<p>R\u00e9partition de l\u2019aper\u00e7u Jonny Jackpot a ouvert ses portes de casino virtuel en d\u00e9cembre 2018 et depuis lors, les joueurs se sont rassembl\u00e9s sur le site pour des offres exceptionnelles, des jeux exceptionnels et des tours gratuits en abondance. En tant que nouveau casino, Jonny Jackpot met tout en \u0153uvre pour vous permettre de vous [&hellip;]<\/p>\n","protected":false},"author":8,"featured_media":633,"parent":532,"menu_order":0,"comment_status":"closed","ping_status":"closed","template":"page_review_card_child.php","meta":{"_acf_changed":false,"footnotes":""},"class_list":["post-1528","page","type-page","status-publish","has-post-thumbnail","hentry"],"acf":[],"_links":{"self":[{"href":"https:\/\/www.minimumdepositcasinos.org\/fr\/wp-json\/wp\/v2\/pages\/1528","targetHints":{"allow":["GET"]}}],"collection":[{"href":"https:\/\/www.minimumdepositcasinos.org\/fr\/wp-json\/wp\/v2\/pages"}],"about":[{"href":"https:\/\/www.minimumdepositcasinos.org\/fr\/wp-json\/wp\/v2\/types\/page"}],"author":[{"embeddable":true,"href":"https:\/\/www.minimumdepositcasinos.org\/fr\/wp-json\/wp\/v2\/users\/8"}],"replies":[{"embeddable":true,"href":"https:\/\/www.minimumdepositcasinos.org\/fr\/wp-json\/wp\/v2\/comments?post=1528"}],"version-history":[{"count":7,"href":"https:\/\/www.minimumdepositcasinos.org\/fr\/wp-json\/wp\/v2\/pages\/1528\/revisions"}],"predecessor-version":[{"id":3579,"href":"https:\/\/www.minimumdepositcasinos.org\/fr\/wp-json\/wp\/v2\/pages\/1528\/revisions\/3579"}],"up":[{"embeddable":true,"href":"https:\/\/www.minimumdepositcasinos.org\/fr\/wp-json\/wp\/v2\/pages\/532"}],"wp:featuredmedia":[{"embeddable":true,"href":"https:\/\/www.minimumdepositcasinos.org\/fr\/wp-json\/wp\/v2\/media\/633"}],"wp:attachment":[{"href":"https:\/\/www.minimumdepositcasinos.org\/fr\/wp-json\/wp\/v2\/media?parent=1528"}],"curies":[{"name":"wp","href":"https:\/\/api.w.org\/{rel}","templated":true}]}}