{"id":1532,"date":"2019-06-05T09:16:34","date_gmt":"2019-06-05T09:16:34","guid":{"rendered":"https:\/\/www.minimumdepositcasinos.org\/fr\/?page_id=1532"},"modified":"2022-07-19T08:51:05","modified_gmt":"2022-07-19T08:51:05","slug":"mobile-casino","status":"publish","type":"page","link":"https:\/\/www.minimumdepositcasinos.org\/fr\/mobile-casino\/","title":{"rendered":"Mobile Casino"},"content":{"rendered":"\n<h1 class=\"wp-block-heading\">Casino Mobile<\/h1>\n\n\n\n<div class=\"wp-block-image\"><figure class=\"alignright size-full is-resized\"><img loading=\"lazy\" decoding=\"async\" src=\"https:\/\/www.minimumdepositcasinos.org\/fr\/wp-content\/uploads\/2022\/07\/Mobile-Casinos-FR1.jpg\" alt=\"mobile casinos\" class=\"wp-image-7853\" width=\"200\" height=\"200\" srcset=\"https:\/\/www.minimumdepositcasinos.org\/fr\/wp-content\/uploads\/2022\/07\/Mobile-Casinos-FR1.jpg 400w, https:\/\/www.minimumdepositcasinos.org\/fr\/wp-content\/uploads\/2022\/07\/Mobile-Casinos-FR1-300x300.jpg 300w, https:\/\/www.minimumdepositcasinos.org\/fr\/wp-content\/uploads\/2022\/07\/Mobile-Casinos-FR1-150x150.jpg 150w\" sizes=\"auto, (max-width: 200px) 100vw, 200px\" \/><\/figure><\/div>\n\n\n\n<p>Plates-formes de <a href=\"\/fr\/cad-casinos\/\">casino en ligne<\/a> sont un des plus grands niveaux de confort disponibles aux joueurs aujourd&#8217;hui.Vous n&#8217;avez plus besoin de r\u00e9server des vacances ni m\u00eame de vous lever et de vous habiller pour profiter de nos machines \u00e0 sous pr\u00e9f\u00e9r\u00e9es, jeux de d\u00e9s et de cartes. Maintenant, vous pouvez tout faire sur votre ordinateur quand vous le souhaitez.<\/p>\n\n\n\n<p>Mais les casinos sur PC de bureau \u00e9taient le premier et aujourd&#8217;hui, l&#8217;une des plus grandes croissances que nous ayons vues dans l&#8217;industrie est celui des jeux de casino mobiles. Les casinos mobiles apportent toutes les m\u00eames exp\u00e9riences de jeu incroyables sur votre tablette et smartphone, vous donnant encore plus de chances de jouer et de gagner de l&#8217;argent r\u00e9el.<\/p>\n\n\n\n<p>Si vous ne l&#8217;avez pas encore essay\u00e9 de jouer dans un casino mobile, vous pourriez \u00eatre surpris de d\u00e9couvrir \u00e0 quel point les jeux sont similaires aux versions de bureau que vous aimez d\u00e9j\u00e0.<\/p>\n\n\n\n<p>Tous les sites de casino mobiles que nous passons en revue sont tri\u00e9s sur le volet par nous et doivent r\u00e9pondre \u00e0 une liste de crit\u00e8res strictsto qui font notre liste de casinos recommand\u00e9s ici aux <a href=\"\/fr\/\">casinos \u00e0 d\u00e9p\u00f4t minimum<\/a>. Les plateformes mobiles doivent \u00eatre s\u00fbres et s\u00e9curis\u00e9es,facile \u00e0 utiliser, offrir des options bancaires faciles et une assez grande vari\u00e9t\u00e9 de jeux compatibles avec les appareils mobiles.<\/p>\n\n\n\n<h3 class=\"wp-block-heading\">Comment d\u00e9buter dans un casino mobile<\/h3>\n\n\n\n<p>Si vous souhaitez jouer sur un casino mobile en argent r\u00e9el, vous serez ravi d&#8217;apprendre que d\u00e9marrer est incroyablement facile. Tout ce dont vous avez besoin d&#8217;une tablette ou d&#8217;un smartphone et une connexion internet fiable. N&#8217;oubliez pas de surveiller votre utilisation des donn\u00e9es,mais la bonne nouvelle est que la plupart des logiciels de casino mobiles est l\u00e9ger dans l&#8217;utilisation des donn\u00e9es.<\/p>\n\n\n\n<p>Avant de pouvoir commencer \u00e0 jouer, vous devez t\u00e9l\u00e9charger l\u2019application du casino. La plupart des applications sont minuscules et peuvent \u00eatre t\u00e9l\u00e9charg\u00e9es tr\u00e8s rapidement. Alternativement, vous pouvez acc\u00e9der au navigateur Internet de votre appareil et connectez-vous au casino comme \u00e7a. Ces jours,la plupart des casinos sont compl\u00e8tement optimis\u00e9s pour le jeu mobile gr\u00e2ce \u00e0 html5.<\/p>\n\n\n\n<h3 class=\"wp-block-heading\">Les avantages de jouer dans un casino mobile<\/h3>\n\n\n\n<p>Le jeu mobile est ultra-pratique. Il vous permet d&#8217;emporter avec vous vos casinos pr\u00e9f\u00e9r\u00e9s o\u00f9 que vous soyez. Mais il y a un peu plus que \u00e7a.Les joueurs en ligne savent que les profits proviennent de la constitution de petites victoires au fil du temps.Cela signifie que plus vous jouez, meilleures sont vos chances de remporter une grande s\u00e9rie de victoires.<\/p>\n\n\n\n<p>De plus, les jeux mobiles en argent r\u00e9el vous permettent de jouer chaque fois que vous voulez, si vous attendez le train ou debout dans une file d&#8217;attente pour votre caf\u00e9 au lait. ICela signifie \u00e9galement que vous pouvez jouer \u00e0 vos machines \u00e0 sous en ligne pr\u00e9f\u00e9r\u00e9es et payer par facture t\u00e9l\u00e9phonique si le casino le permet.<\/p>\n\n\n\n<p>Rafales rapides de gameplay de casino mobile sont \u00e9galement moins susceptibles de cr\u00e9er de la fatigue, ce qui conduit souvent \u00e0 des erreurs. Ils sont \u00e9galement moins susceptibles de vous encourager a passer des heures \u00e0 courir apr\u00e8s des pertes malchanceuses.<\/p>\n\n\n\n<h3 class=\"wp-block-heading\">Le bon appareil pour le jeu mobile<\/h3>\n\n\n\n<p>Les meilleurs casinos mobiles d\u2019aujourd\u2019hui offrent une liste d\u00e9cente d\u2019appareils compatibles qui soutiennent leur logiciel de jeu de casino.<\/p>\n\n\n\n<p>Si vous pr\u00e9f\u00e9rez utiliser des appareils iOS comme un iPad ou un iPhone, vous \u00eates s\u00fbr de trouver des casinos compatibles mobiles pour vous. Si vous \u00eates plus fan d\u2019Android, il existe des applications pour vous aussi.<\/p>\n\n\n\n<p>Donc, peu importe le p\u00e9riph\u00e9rique que vous poss\u00e9dez,\u00e0 condition que cela soit compatible avec votre casino en ligne pr\u00e9f\u00e9r\u00e9. Pour obtenir une application, il suffit d&#8217;aller au magasin concern\u00e9. Parfois, le site principal du casino propose un code \u00e0 num\u00e9riser ou des instructions pas \u00e0 pas aussi.<\/p>\n\n\n\n<h3 class=\"wp-block-heading\">Des jeux exceptionnels en mouvement<\/h3>\n\n\n\n<p>Alors que nous sommes en profitant d&#8217;un afflux de plus en plus d&#8217;applications de jeu que vous pouvez t\u00e9l\u00e9charger sur votre appareil mobile, tous les casinos mobiles ne sont pas cr\u00e9\u00e9s \u00e9gaux. Il y a ceux qui offrent moins de jeux mobiles que d&#8217;autres, ceux qui sont lents \u00e0 payer vos gains et ceux qui n\u2019ont pas de jackpots tr\u00e8s attrayants.<\/p>\n\n\n\n<p>La bonne nouvelle est que nous faisons tout le travail pour vous. Il suffit de lire notre liste de critiques de casinos mobiles pour trouver le meilleur sur le pouce casino pour vos besoins de jeux.<\/p>\n\n\n\n<h3 class=\"wp-block-heading\">Inscrivez-vous pour un casino mobile<\/h3>\n\n\n\n<p>Commencer dans un casino mobile, c&#8217;est super rapide et facile.<\/p>\n\n\n\n<p>Choisissez un casino mobile que vous aimez.Une fois que vous en avez trouv\u00e9 un, cliquez sur le bouton Jouer maintenant ou Rejoindre pour cr\u00e9er votre nouveau compte de joueur.<\/p>\n\n\n\n<p>Inscrivez-vous &#8211; remplissez toutes les informations requises et connectez-vous avec votre nouveau nom d&#8217;utilisateur et votre nouveau mot de passe.<\/p>\n\n\n\n<p>Des \u00e9crans plus petits signifient que les d\u00e9veloppeurs de logiciels ont fait preuve de cr\u00e9ativit\u00e9 pour positionner diff\u00e9rents param\u00e8tres de jeu. Sur certains sites de casino mobiles, tout ce que vous avez \u00e0 faire est de glisser \u00e0 gauche ou \u00e0 droite pour acc\u00e9der \u00e0 des \u00e9l\u00e9ments comme de l&#8217;argent, des r\u00e8gles de jeu ou des bonus.<\/p>\n\n\n\n<p>Une fois que vous avez cr\u00e9\u00e9 votre compte, vous pouvez profiter d&#8217;un acc\u00e8s complet au casino mobile.Vous pouvez g\u00e9rer vos op\u00e9rations bancaires, votre compte, profiter des promotions et des bonus et obtenir de l&#8217;aide si vous en avez besoin.<\/p>\n\n\n\n<p>Si vous \u00eates inquiet pour la s\u00e9curit\u00e9, ne soyez pas. Les casinos mobiles qui font de notre liste de sites recommand\u00e9s pour les smartphones et les tablettes utilisent le chiffrement haut et logiciel de s\u00e9curit\u00e9 pour garder vos op\u00e9rations bancaires et informations personnelles s\u00fbr et s\u00e9curis\u00e9.<\/p>\n\n\n\n<p>Notre \u00e9quipe \u00e9value et examine attentivement les casinos mobiles pour vous apporter le meilleur du march\u00e9 avec d&#8217;excellentes s\u00e9lections de jeux, fantastiques bonus de bienvenue et de s\u00e9curit\u00e9 haut de gamme. Ce sont tous des \u00e9l\u00e9ments importants, wc&#8217;est pourquoi nos casinos mobiles recommand\u00e9s vous ont couvert.<\/p>\n\n\n\n<p>Nous nous assurons \u00e9galement que les casinos en ligne mobiles que nous vous recommandons offrent des jeux \u00e9quitables. Recherchez des auditeurs tiers qui vous assure une exp\u00e9rience de confiance et l\u00e9gitime.<\/p>\n\n\n\n<h3 class=\"wp-block-heading\">R\u00e9clamez vos bonus de casino mobile<\/h3>\n\n\n\n<p>Si vous \u00eates d\u00e9j\u00e0 fan de jouer dans les casinos en ligne, vous saurez qu&#8217;il existe des bonus incroyables l\u00e0-bas, Mais la bonne nouvelle est qu&#8217;il existe \u00e9galement des promotions disponibles exclusivement pour les joueurs de casino mobiles. La plupart des casinos mobiles que nous recommandons offrent les bonus du secteur, ce qui est la raison pour laquelle vous pouvez faire confiance \u00e0 nos commentaires quand il s&#8217;agit de choisir un casino pour votre plaisir de jeu.<\/p>\n\n\n\n<p>Les bonus de casino mobile peuvent \u00eatre pr\u00e9sent\u00e9s sous diff\u00e9rentes formes, des <a href=\"\/fr\/tours-gratuits\/\">tours gratuits<\/a> pour jouer aux machines \u00e0 sous en ligne aux bonus sans d\u00e9p\u00f4t et aux bonus de d\u00e9p\u00f4t. Bien s\u00fbr, les exigences en mati\u00e8re de roulement sont quasiment acquises, m\u00eame dans les casinos mobiles, mais les bonus valent souvent la peine d&#8217;\u00eatre exploit\u00e9s lorsque vous vous inscrivez \u00e0 un casino mobile via votre smartphone ou votre tablette.<\/p>\n\n\n\n<p>Ne vous inqui\u00e9tez pas si vous vous \u00eates inscrit \u00e0 un casino en ligne sur votre ordinateur de bureauet ensuite vous d\u00e9cidez de commencer \u00e0 jouer sur votre appareil mobile, vous pouvez toujours profiter du bonus de bienvenue. Tant que vous effectuez votre premier d\u00e9p\u00f4t, vous pouvez r\u00e9clamer votre bonus. Ne pas oublier, bien, de nombreux casinos mobiles d\u00e9di\u00e9s offrent des bonus sans d\u00e9p\u00f4t et de d\u00e9p\u00f4t de match exclusivement pour les nouveaux joueurs mobiles. Certains bonus n\u00e9cessitent un code bonus pour r\u00e9clamer votre bonus de bienvenue, alors assurez-vous de savoir ce dont vous avez besoin pour obtenir votre bonus, et ce dont vous avez besoin faire pour r\u00e9pondre aux exigences de mise.<\/p>\n\n\n\n<p>La plupart de nos casinos sur notre liste offrent de super bonus,promotions r\u00e9guli\u00e8res et m\u00eame des programmes de fid\u00e9lit\u00e9. Les exigences du jeu se trouvent dans nos critiques approfondies sur les casinos mobiles.<\/p>\n\n\n\n<h3 class=\"wp-block-heading\">Quand il est temps de retirer de l&#8217;argent dans un casino mobile<\/h3>\n\n\n\n<p>Une fois que vous avez eu beaucoup de plaisir \u00e0 jouer et que vous avez gagn\u00e9 un peu d\u2019argent, il ne fait aucun doute que vous voulez mettre la main sur vos gains. Les casinos mobiles offrent un vaste choix d&#8217;options bancaires, m\u00eame pour les joueurs mobiles. Gardez \u00e0 l&#8217;esprit que toutes les m\u00e9thodes de retrait ne sont pas instantan\u00e9es, bien que, et le temps que vous devrez attendre pour recevoir vos gains d\u00e9pend de la m\u00e9thode bancaire que vous utilisez.<\/p>\n\n\n\n<p>N\u2019oubliez pas que vous devrez \u00e9galement respecter les conditions de mise du casino avant d&#8217;encaisser un bonus ou tout gain que vous gagnez gr\u00e2ce \u00e0 un bonus.<\/p>\n\n\n\n<p>Les meilleurs casinos mobiles actuels offrent des paiements rapides et des montants de jeu faibles. Cela signifie qu\u2019il est plus facile que jamais de collecter rapidement vos gains. Assurez-vous de vous familiariser avec les montants maximum et minimum de retrait, aussi, qui diff\u00e8rent d\u2019un casino \u00e0 l\u2019autre et d\u00e9pendent de votre m\u00e9thode bancaire.<\/p>\n\n\n\n<h3 class=\"wp-block-heading\">Conclusion<\/h3>\n\n\n\n<p>Gr\u00e2ce aux \u00e9normes progr\u00e8s technologiques, vous pouvez d\u00e9sormais emporter votre casino pr\u00e9f\u00e9r\u00e9 o\u00f9 que vous soyez.Les jeux de casino mobiles sont rapides, s\u00fbrs et s\u00e9curis\u00e9s et offrent la m\u00eame exp\u00e9rience de jeu immersive que celle que vous auriez sur votre PC.<\/p>\n\n\n\n<p>D\u00e9couvrez nos revues de casino mobile aujourd&#8217;hui!<\/p>\n","protected":false},"excerpt":{"rendered":"<p>Casino Mobile Plates-formes de casino en ligne sont un des plus grands niveaux de confort disponibles aux joueurs aujourd&#8217;hui.Vous n&#8217;avez plus besoin de r\u00e9server des vacances ni m\u00eame de vous lever et de vous habiller pour profiter de nos machines \u00e0 sous pr\u00e9f\u00e9r\u00e9es, jeux de d\u00e9s et de cartes. Maintenant, vous pouvez tout faire sur [&hellip;]<\/p>\n","protected":false},"author":8,"featured_media":7853,"parent":0,"menu_order":0,"comment_status":"closed","ping_status":"closed","template":"","meta":{"_acf_changed":false,"footnotes":""},"class_list":["post-1532","page","type-page","status-publish","has-post-thumbnail","hentry"],"acf":[],"_links":{"self":[{"href":"https:\/\/www.minimumdepositcasinos.org\/fr\/wp-json\/wp\/v2\/pages\/1532","targetHints":{"allow":["GET"]}}],"collection":[{"href":"https:\/\/www.minimumdepositcasinos.org\/fr\/wp-json\/wp\/v2\/pages"}],"about":[{"href":"https:\/\/www.minimumdepositcasinos.org\/fr\/wp-json\/wp\/v2\/types\/page"}],"author":[{"embeddable":true,"href":"https:\/\/www.minimumdepositcasinos.org\/fr\/wp-json\/wp\/v2\/users\/8"}],"replies":[{"embeddable":true,"href":"https:\/\/www.minimumdepositcasinos.org\/fr\/wp-json\/wp\/v2\/comments?post=1532"}],"version-history":[{"count":6,"href":"https:\/\/www.minimumdepositcasinos.org\/fr\/wp-json\/wp\/v2\/pages\/1532\/revisions"}],"predecessor-version":[{"id":7854,"href":"https:\/\/www.minimumdepositcasinos.org\/fr\/wp-json\/wp\/v2\/pages\/1532\/revisions\/7854"}],"wp:featuredmedia":[{"embeddable":true,"href":"https:\/\/www.minimumdepositcasinos.org\/fr\/wp-json\/wp\/v2\/media\/7853"}],"wp:attachment":[{"href":"https:\/\/www.minimumdepositcasinos.org\/fr\/wp-json\/wp\/v2\/media?parent=1532"}],"curies":[{"name":"wp","href":"https:\/\/api.w.org\/{rel}","templated":true}]}}