{"id":1554,"date":"2019-06-06T13:45:20","date_gmt":"2019-06-06T13:45:20","guid":{"rendered":"https:\/\/www.minimumdepositcasinos.org\/fr\/?page_id=1554"},"modified":"2019-10-30T12:13:06","modified_gmt":"2019-10-30T12:13:06","slug":"tours-gratuits","status":"publish","type":"page","link":"https:\/\/www.minimumdepositcasinos.org\/fr\/revue-de-casino\/karamba\/tours-gratuits\/","title":{"rendered":"Karamba Free Spins"},"content":{"rendered":"<h2>R\u00e9partition de l\u2019aper\u00e7u<\/h2>\n<p>Lanc\u00e9 le chemin du retour en 2005 et encore commandant une grande pr\u00e9sence, <a href=\"https:\/\/www.minimumdepositcasinos.org\/fr\/revue-de-casino\/karamba\/\">Karamba Online Casino<\/a> apporte des ann\u00e9es d&#8217;exp\u00e9rience m\u00e9lang\u00e9es avec un son r\u00e9putation et une gamme exceptionnelle de machines \u00e0 sous en ligne. Des jeux de logiciels comme Microgaming et NetEnt, ainsi que des licences dignes de confiance du Royaume-Uni et Malte et une interface simple mais passionnante s\u2019assemblent tous magnifiquement pour pr\u00e9senter un casino en ligne qui m\u00e9rite vraiment des \u00e9loges.<\/p>\n<h3>Bonus de bienvenue au casino Karamba<\/h3>\n<p>Comme avec beaucoup de casinos en ligne, cr\u00e9er un nouveau compte sur Karamba Casino est rapide et facile, afin que vous puissiez jouer de l&#8217;argent tout le temps. Une fois que vous \u00eates install\u00e9, un bonus de bienvenue excitant vous attend,compl\u00e9ter avec un bonus de d\u00e9p\u00f4t de match de 100%,avec le d\u00e9p\u00f4t maximum plafonn\u00e9 \u00e0 200 $ \/ \u20ac.Vous devrez miser votre bonus dans les 21 jours qui suivent l\u2019ouverture d\u2019un nouveau compte 35 fois la somme du montant initial.<\/p>\n<p>En plus du bonus de d\u00e9p\u00f4t du match, il existe de nombreux bonus et promotions qui vous incitent \u00e0 revenir, notamment sous forme de tours gratuits Karamba.<\/p>\n<h3>Charges de tours gratuits au Karamba Casino<\/h3>\n<p>Si vous jouez du Royaume-Uni, vous pouvez b\u00e9n\u00e9ficier d&#8217;une foule de goodies de Karamba Casino.Avec une vaste s\u00e9lection de jeux incroyables et des promotions tr\u00e8s attrayantes, nous vous garantissons que vous allez vous amuser dans ce casino en ligne.<\/p>\n<p>Cr\u00e9ez simplement un compte Karamba Casino aujourd&#8217;hui et avec votre bonus de d\u00e9p\u00f4t de 100%,vous aurez \u00e9galement 20 tours gratuits \u00e0 utiliser sur les machines \u00e0 sous de votre choix. You\u2019ll need to wager the bonus and your deposit 35x. Vous aurez besoin de miser le bonus et votre d\u00e9p\u00f4t de 35x.Le montant maximum des gains que vous pouvez retirer de vos tours gratuits est de 100 $ \/ \u20ac.<\/p>\n<p>Pour tous les autres, si vous \u00eates un nouveau joueur sur Karamba Casino, vous pouvez \u00e9galement profiter de 20 tours gratuits pour profiter de l&#8217;interface intuitive de ce casino.Ce ne sont pas des tours de d\u00e9p\u00f4t,ce qui signifie que tout ce que vous avez \u00e0 faire est d&#8217;ouvrir un nouveau compte joueur et ramasser automatiquement ces tours\u2013 aucun d\u00e9p\u00f4t requis.Pour celui-ci, vous devrez miser vos gains 50x et le montant du retrait est \u00e9galement limit\u00e9 \u00e0 100 \u20ac.<\/p>\n<h3>Joueurs britanniques\u2013 20 tours gratuits sans bonus de d\u00e9p\u00f4t sur Karamba Casino<\/h3>\n<p>Les joueurs britanniques qui enregistrent un nouveau compte sur le casino en ligne Karamba peuvent \u00e9galement saisir 20 tours gratuits sans d\u00e9p\u00f4t \u00e0 d\u00e9penser sur la machine \u00e0 sous tr\u00e8s appr\u00e9ci\u00e9e, Starburst.<\/p>\n<p>On ne peut nier que le casino Karamba sait ce que ses joueurs britanniques veulent. C\u2019est exactement pourquoi ce casino en ligne mettre \u00e0 jour constamment sa section de promotions pour s\u2019assurer qu\u2019il y a toujours quelque chose pour tout le monde. Avec des offres incroyables sur mesure,tout semble tellement mieux. Pour les nouveaux joueurs qui s\u2019inscrivent au Karamba Casino,il y a un r\u00e9gal en magasin. Les nouveaux joueurs britanniques ont droit \u00e0 20 tours gratuits sans d\u00e9p\u00f4t.Cr\u00e9ez simplement un nouveau compte et obtenez vos 20 tours gratuits pour jouer sur Starburst. Cet accord vient avec une exigence de jeu 50x sur vos gains, et la limite de retrait est \u00e0 nouveau fix\u00e9e \u00e0 100 $ \/ \u20ac.<\/p>\n<h3>Un monde de Sensational Gaming vous attend \u00e0 Karamba<\/h3>\n<p>Les tours gratuits sur Karamba Casino sont le moyen id\u00e9al pour lancer vos aventures de jeu. Le casino en ligne est command\u00e9 par un logiciel de quelques-uns des plus grands et meilleurs de l&#8217;industrie, y compris de nombreux jeux de NetEnt &#8211; un d\u00e9veloppeur de jeux de premier plan.<\/p>\n<p>Une fois que vous vous \u00eates inscrit et que vous commencez \u00e0 parcourir l\u2019assortiment de jeux, vous \u00eates s\u00fbr de profiter de temps de r\u00e9ponse et de chargement rapides et de machines \u00e0 sous immersives, compl\u00e8te avec des graphismes et des sons exceptionnels de NeoGames et CryptoLogic.C&#8217;est un casino avec une s\u00e9lection massive de machines \u00e0 sous.<\/p>\n<p>Une fois que vous avez un compte, vous pouvez vous rendre au lobby virtuel du casino Karamba o\u00f9 vous trouverez trois sections principales:Jeux de casino, cartes \u00e0 gartter et machines \u00e0 sous.Choisissez-en une, puis parcourez les diff\u00e9rentes sous-cat\u00e9gories, telles que New ou Mos. Populaire pour trouver un jeu qui vous tente (ou dirigez-vous directement vers Starburst avec vos parties gratuites de Karamba Casino!).<\/p>\n<p>Ce casino abrite des dizaines et des dizaines de machines \u00e0 sous diff\u00e9rentes,offrant une gamme de lignes de paiement allant de seulement 1 \u00e0 un \u00e9norme 9.<\/p>\n<p>Une fois que vous avez ma\u00eetris\u00e9 les machines \u00e0 sous, vous pourrez \u00e9galement explorer des jeux de table, y compris le keno, le poker, la roulette et le black jack.Vous trouverez m\u00eame de nombreux jeux de cartes \u00e0 gratter dynamiques pour tenter votre chance.<\/p>\n<p>Si vous aimez jouer aux machines \u00e0 sous \u00e0 tout moment, assurez-vous de bien utiliser vos tours gratuits sur votre appareil mobile. Karamba Casino est totalement compatible avec les appareils mobiles, mais si vous souhaitez t\u00e9l\u00e9charger l&#8217;application native sur votre appareil Android ou iOS, il suffit d&#8217;entrer votre adresse e-mail et cliquez sur le lien via votre appareil mobile.<\/p>\n<p>Le casino Karamba offre une exp\u00e9rience de jeu en ligne exceptionnelle et vous pouvez l&#8217;essayer d\u00e8s aujourd&#8217;hui avec 20 tours gratuits Karamba et un nouveau compte joueur!<\/p>\n","protected":false},"excerpt":{"rendered":"<p>R\u00e9partition de l\u2019aper\u00e7u Lanc\u00e9 le chemin du retour en 2005 et encore commandant une grande pr\u00e9sence, Karamba Online Casino apporte des ann\u00e9es d&#8217;exp\u00e9rience m\u00e9lang\u00e9es avec un son r\u00e9putation et une gamme exceptionnelle de machines \u00e0 sous en ligne. Des jeux de logiciels comme Microgaming et NetEnt, ainsi que des licences dignes de confiance du Royaume-Uni [&hellip;]<\/p>\n","protected":false},"author":8,"featured_media":1502,"parent":1501,"menu_order":0,"comment_status":"closed","ping_status":"closed","template":"page_review_card_child.php","meta":{"_acf_changed":false,"footnotes":""},"class_list":["post-1554","page","type-page","status-publish","has-post-thumbnail","hentry"],"acf":[],"_links":{"self":[{"href":"https:\/\/www.minimumdepositcasinos.org\/fr\/wp-json\/wp\/v2\/pages\/1554","targetHints":{"allow":["GET"]}}],"collection":[{"href":"https:\/\/www.minimumdepositcasinos.org\/fr\/wp-json\/wp\/v2\/pages"}],"about":[{"href":"https:\/\/www.minimumdepositcasinos.org\/fr\/wp-json\/wp\/v2\/types\/page"}],"author":[{"embeddable":true,"href":"https:\/\/www.minimumdepositcasinos.org\/fr\/wp-json\/wp\/v2\/users\/8"}],"replies":[{"embeddable":true,"href":"https:\/\/www.minimumdepositcasinos.org\/fr\/wp-json\/wp\/v2\/comments?post=1554"}],"version-history":[{"count":5,"href":"https:\/\/www.minimumdepositcasinos.org\/fr\/wp-json\/wp\/v2\/pages\/1554\/revisions"}],"predecessor-version":[{"id":2838,"href":"https:\/\/www.minimumdepositcasinos.org\/fr\/wp-json\/wp\/v2\/pages\/1554\/revisions\/2838"}],"up":[{"embeddable":true,"href":"https:\/\/www.minimumdepositcasinos.org\/fr\/wp-json\/wp\/v2\/pages\/1501"}],"wp:featuredmedia":[{"embeddable":true,"href":"https:\/\/www.minimumdepositcasinos.org\/fr\/wp-json\/wp\/v2\/media\/1502"}],"wp:attachment":[{"href":"https:\/\/www.minimumdepositcasinos.org\/fr\/wp-json\/wp\/v2\/media?parent=1554"}],"curies":[{"name":"wp","href":"https:\/\/api.w.org\/{rel}","templated":true}]}}