{"id":1562,"date":"2019-06-13T13:32:10","date_gmt":"2019-06-13T13:32:10","guid":{"rendered":"https:\/\/www.minimumdepositcasinos.org\/fr\/?page_id=1562"},"modified":"2025-08-11T14:37:38","modified_gmt":"2025-08-11T14:37:38","slug":"bitcoin","status":"publish","type":"page","link":"https:\/\/www.minimumdepositcasinos.org\/fr\/options-dachat\/bitcoin\/","title":{"rendered":"Bitcoin"},"content":{"rendered":"\n<h2 class=\"wp-block-heading\" id=\"h-qu-est-ce-qui-fait-de-bitcoin-un-excellent-moyen-de-paiement-de-casino\">Qu&#8217;est-ce qui fait de Bitcoin un excellent moyen de Paiement de Casino<\/h2>\n\n\n\n<p>L&#8217;utilisation <a href=\"https:\/\/www.minimumdepositcasinos.org\/fr\/2023\/01\/20\/les-casinos-en-ligne-acceptent-maintenant-les-bitcoins-et-vous-voudrez-peut-etre-les-essayer\/\">de Bitcoin dans les casinos en ligne<\/a> peut sembler compliqu\u00e9e au d\u00e9but, mais avec les derniers portefeuilles de crypto-monnaies et les syst\u00e8mes de paiement simplistes, c&#8217;est devenu le meilleur choix pour les joueurs.<\/p>\n\n\n\n<p>Des centaines de casinos acceptent le bitcoin, dont beaucoup autorisent \u00e9galement les d\u00e9p\u00f4ts en monnaie fiduciaire. Bien s\u00fbr, les marques qui proposent l&#8217;absence d&#8217;inscription comprennent encore plus d&#8217;avantages, car vous pouvez jouer anonymement sans avoir besoin d&#8217;enregistrer un compte. M\u00eame les casinos Bitcoin standard offrent d&#8217;excellentes r\u00e9compenses qui d\u00e9passent les possibilit\u00e9s offertes par les monnaies ordinaires. Il s&#8217;agit notamment de bonus de casino plus importants, de frais moins \u00e9lev\u00e9s, d&#8217;un acc\u00e8s \u00e0 tous les jeux et \u00e0 davantage de jeux, de retraits rapides et d&#8217;une meilleure s\u00e9curit\u00e9.<\/p>\n\n\n\n<p>L&#8217;inscription \u00e0 un casino Bitcoin est beaucoup plus rapide car la plupart d&#8217;entre eux ne demandent pas de donn\u00e9es personnelles. Cela signifie que vous pouvez cr\u00e9er un compte, d\u00e9poser et commencer \u00e0 jouer beaucoup plus rapidement, tout en b\u00e9n\u00e9ficiant d&#8217;un bonus de bienvenue plus important. Le processus de retrait a tendance \u00e0 \u00eatre simplifi\u00e9, ce qui rend les paiements encore plus rapides!<\/p>\n\n\n\n<h2 class=\"wp-block-heading\" id=\"h-le-meilleur-casino-en-ligne-qui-accepte-les-bitcoins\">Le meilleur casino en Ligne qui accepte les Bitcoins<\/h2>\n\n\n\n<p>Tout le monde veut un casino en ligne qui soit fiable, facile \u00e0 utiliser, hautement s\u00e9curis\u00e9 et qui offre les meilleures r\u00e9compenses. Bitcoin est un excellent moyen de trouver tout ce qui pr\u00e9c\u00e8de et bien plus encore. Cependant, vous voudriez \u00e9viter les casinos malhonn\u00eates qui sont malheureusement devenus populaires avec les bitcoins. Heureusement, vous avez nos experts \u00e0 vos c\u00f4t\u00e9s, qui s&#8217;assurent que les casinos sont \u00e0 la hauteur de nos normes. D\u00e9couvrez ces grandes marques ci-dessous et lisez nos critiques de casino pour savoir exactement ce qu&#8217;elles ont \u00e0 offrir.<\/p>\n\n\n\n<br\/><div class=\"cta_post_box\">\n<div class=\"cta_post_top\"><div class=\"cta_post_title\">meilleur casino en bitcoins avec d\u00e9p\u00f4t minimum<\/div><\/div>\n<div class=\"cta_post_container\">\n<div class=\"cta_post_mid\">\n<div class=\"cta_post_mid_left\"><div class=\"cta_post_image\"><img src='https:\/\/www.minimumdepositcasinos.org\/fr\/wp-content\/uploads\/2019\/10\/bitstarz400x400.jpg' \/><\/div><div class=\"cta_post_name\">Bit Starz<div class=\"cta_post_rating\"><img src='\/wp-content\/themes\/mdc2024\/images\/star-yellow.svg' alt='Star'\/><img src='\/wp-content\/themes\/mdc2024\/images\/star-yellow.svg' alt='Star'\/><img src='\/wp-content\/themes\/mdc2024\/images\/star-yellow.svg' alt='Star'\/><img src='\/wp-content\/themes\/mdc2024\/images\/star-yellow.svg' alt='Star'\/><img src='\/wp-content\/themes\/mdc2024\/images\/star-yellow.svg' alt='Star'\/><\/div><\/div>\n<div class=\"clear\"><\/div>\n<\/div>\n<div class=\"cta_post_mid_offer\">\nD\u00e9p\u00f4t de $20 Obtention de 400 $ &#8211; 100% DE BONUS DE MATCH + 200 tours gratuits<\/div>\n<div class=\"clear\"><\/div>\n<div class=\"cta_post_bottom\">\n\t<a href=\"\/fr\/go\/bitstarz@fr-20\/?pos=meilleur casino en bitcoins avec d\u00e9p\u00f4t minimum\" class=\"mainctabutton\" target=\"_blank\" onclick=\"DL_Push('')\">Visiter<\/a><\/div>\n<\/div>\n<div class=\"cta_post_terms\"><\/div>\n<\/div><\/div><br\/>\n\n\n\n<h2 class=\"wp-block-heading\" id=\"h-depots-minimums-aux-casinos-bitcoin\">D\u00e9p\u00f4ts Minimums aux Casinos Bitcoin<\/h2>\n\n\n\n<p>Pour rejoindre les casinos \u00e0 d\u00e9p\u00f4t minimum, il faut utiliser des <a href=\"\/fr\/options-dachat\/\">m\u00e9thodes de paiement<\/a> qui permettent aux joueurs de d\u00e9poser moins \u00e0 la fois. Comme vous l&#8217;avez peut-\u00eatre remarqu\u00e9, la plupart des m\u00e9thodes de paiement exigent des d\u00e9p\u00f4ts d&#8217;au moins \u00a310, ce qui signifie que l&#8217;avantage de d\u00e9poser moins n&#8217;est pas vraiment un avantage, sauf si vous choisissez une m\u00e9thode qui le permet. Heureusement, Bitcoin est l&#8217;une des rares options qui vous permet de r\u00e9clamer les meilleures offres, m\u00eame parmi notre s\u00e9lection <a href=\"\/fr\/1-de-depot-minimum\/\">de casinos \u00e0 d\u00e9p\u00f4t minimum de $1<\/a>.<\/p>\n\n\n\n<p>Si les bonus peuvent \u00eatre d\u00e9clench\u00e9s par un d\u00e9p\u00f4t de $1, les conditions g\u00e9n\u00e9rales sont g\u00e9n\u00e9ralement similaires \u00e0 celles des bonus sans d\u00e9p\u00f4t. Cela signifie que les exigences de mise sont beaucoup plus \u00e9lev\u00e9es et que les bonus ont tendance \u00e0 \u00eatre assez petits. Heureusement, Bitcoin permet \u00e9galement d&#8217;activer des bonus dans les casinos \u00e0 $5 de d\u00e9p\u00f4t, les casinos \u00e0 $10 de d\u00e9p\u00f4t, et vous pouvez en activer davantage en choisissant des offres de bonus de d\u00e9p\u00f4t de casino \u00e0 $20.<\/p>\n\n\n\n<p>Comme vous le savez peut-\u00eatre, certains casinos indiquent un d\u00e9p\u00f4t minimum incroyablement bas, mais lorsque vous voulez activer des bonus, un d\u00e9p\u00f4t plus \u00e9lev\u00e9 est requis. Avec Bitcoin, les joueurs peuvent toujours compter sur des avantages suppl\u00e9mentaires, m\u00eame avec le d\u00e9p\u00f4t le plus bas possible. Bien s\u00fbr, il est toujours utile de confirmer en lisant les termes et conditions de l&#8217;offre avant de d\u00e9poser.<\/p>\n\n\n\n<h2 class=\"wp-block-heading\" id=\"h-le-meilleur-casino-a-depot-minimum-bitcoin\">Le meilleur casino \u00e0 D\u00e9p\u00f4t Minimum Bitcoin<\/h2>\n\n\n\n<p>Comme mentionn\u00e9 ci-dessus, Bitcoin ajoute d&#8217;excellents avantages pour les joueurs qui veulent r\u00e9clamer des r\u00e9compenses impressionnantes dans <a href=\"\/fr\/\">les casinos \u00e0 d\u00e9p\u00f4t minimum<\/a>. Nos experts en casino ont s\u00e9lectionn\u00e9 les meilleurs casinos \u00e0 d\u00e9p\u00f4t minimum Bitcoin, garantissant aux joueurs l&#8217;acc\u00e8s \u00e0 des jeux \u00e9quitables, des promotions et les derniers avantages de jeu.<\/p>\n\n\n\n<br\/><div class=\"cta_post_box\">\n<div class=\"cta_post_top\"><div class=\"cta_post_title\">Meilleur casino en bitcoins avec d\u00e9p\u00f4t minimum<\/div><\/div>\n<div class=\"cta_post_container\">\n<div class=\"cta_post_mid\">\n<div class=\"cta_post_mid_left\"><div class=\"cta_post_image\"><img src='https:\/\/www.minimumdepositcasinos.org\/fr\/wp-content\/uploads\/2022\/02\/7Bit-Casino-400x400-1.jpg' \/><\/div><div class=\"cta_post_name\">7Bit Casino<div class=\"cta_post_rating\"><img src='\/wp-content\/themes\/mdc2024\/images\/star-yellow.svg' alt='Star'\/><img src='\/wp-content\/themes\/mdc2024\/images\/star-yellow.svg' alt='Star'\/><img src='\/wp-content\/themes\/mdc2024\/images\/star-yellow.svg' alt='Star'\/><img src='\/wp-content\/themes\/mdc2024\/images\/star-yellow.svg' alt='Star'\/><img src='\/wp-content\/themes\/mdc2024\/images\/star-yellow.svg' alt='Star'\/><\/div><\/div>\n<div class=\"clear\"><\/div>\n<\/div>\n<div class=\"cta_post_mid_offer\">\nD\u00e9p\u00f4t de $1 Obtention de 100% DE BONUS JUSQU\u2019\u00c0 C$100\/1.5 BTC + 100 TOURS GRATUITS<\/div>\n<div class=\"clear\"><\/div>\n<div class=\"cta_post_bottom\">\n\t<a href=\"\/fr\/go\/7-bit@fr-1\/?pos=Meilleur casino en bitcoins avec d\u00e9p\u00f4t minimum\" class=\"mainctabutton\" target=\"_blank\" onclick=\"DL_Push('')\">Visiter<\/a><\/div>\n<\/div>\n<div class=\"cta_post_terms\"><\/div>\n<\/div><\/div><br\/>\n\n\n\n<h2 class=\"wp-block-heading\" id=\"h-comment-utiliser-bitcoin-dans-un-casino\">Comment utiliser Bitcoin dans un Casino<\/h2>\n\n\n\n<p>Pour commencer \u00e0 utiliser le bitcoin dans un casino en ligne, vous devrez d&#8217;abord vous procurer cette monnaie. Comme mentionn\u00e9 ci-dessus, les derniers portefeuilles de crypto-monnaies sont facilement accessibles et permettent d&#8217;acheter du Bitcoin, du Litecoin, de l&#8217;Ethereum et de nombreuses autres cryptos. Il est \u00e9galement devenu beaucoup plus facile d&#8217;utiliser le bitcoin, car les utilisateurs peuvent \u00e9changer la monnaie contre des devises fiduciaires et la retirer sur leurs comptes bancaires ou utiliser des distributeurs automatiques de crypto-monnaies.<\/p>\n\n\n\n<p><a href=\"https:\/\/www.minimumdepositcasinos.org\/fr\/2019\/06\/04\/pariez-sur-bitcoin-comment-jouer-avec-btc-dans-les-casinos-en-ligne\/\">Nous vous pr\u00e9sentons ci-dessous les \u00e9tapes faciles pour obtenir des bitcoins et les utiliser dans vos casinos en ligne pr\u00e9f\u00e9r\u00e9s<\/a>. L&#8217;ensemble du processus ne prendra pas plus de quelques minutes, y compris le d\u00e9p\u00f4t sur un casino en ligne et l&#8217;activation d&#8217;un bonus de d\u00e9p\u00f4t.<\/p>\n\n\n\n<h3 class=\"wp-block-heading\" id=\"h-creation-d-un-compte-bitcoin\">Cr\u00e9ation d&#8217;un compte Bitcoin<\/h3>\n\n\n\n<p>Il existe de nombreuses fa\u00e7ons de s&#8217;emparer de Bitcoin, notamment la possibilit\u00e9 de gagner la pi\u00e8ce en utilisant votre ordinateur pour miner. Cependant, il s&#8217;agit d&#8217;une cat\u00e9gorie compl\u00e8tement diff\u00e9rente, que nous n&#8217;aborderons pas maintenant.<\/p>\n\n\n\n<p>Pour quelqu&#8217;un qui souhaite utiliser des bitcoins dans un casino en ligne, le moyen le plus s\u00fbr et le plus recommand\u00e9 est de cr\u00e9er un compte dans un portefeuille cryptographique. Ceux-ci sont tr\u00e8s similaires aux autres portefeuilles web tels que PayPal, EcoPayz et autres. La diff\u00e9rence est que ces portefeuilles traitent exclusivement des crypto-monnaies, mais fournissent toujours les derni\u00e8res mesures de s\u00e9curit\u00e9 pour prot\u00e9ger vos fonds.<\/p>\n\n\n\n<p>Les joueurs peuvent choisir parmi un large \u00e9ventail de portefeuilles de crypto-monnaies en effectuant une simple recherche sur le web. Il est important d&#8217;examiner chaque option et de lire les critiques sur ce qu&#8217;elles offrent, leur niveau de s\u00e9curit\u00e9 et les frais qui s&#8217;appliquent. Bien que ces portefeuilles soient parfaits pour jouer au casino en ligne, vous constaterez qu&#8217;ils offrent \u00e9galement de nombreuses autres fonctions qui vous permettent d&#8217;envoyer de l&#8217;argent \u00e0 d&#8217;autres personnes, de faire des achats en ligne, d&#8217;investir et bien plus encore.<\/p>\n\n\n\n<p>Une fois que vous avez choisi un portefeuille, il vous suffit de cr\u00e9er un compte et de suivre le processus de v\u00e9rification. Ce processus peut n\u00e9cessiter des documents, la v\u00e9rification de votre adresse \u00e9lectronique et \u00e9ventuellement de votre num\u00e9ro de t\u00e9l\u00e9phone portable au cas o\u00f9 vous perdriez les donn\u00e9es de connexion de votre compte.<\/p>\n\n\n\n<h3 class=\"wp-block-heading\" id=\"h-enrichir-votre-compte-bitcoin-casino\">Enrichir votre compte Bitcoin Casino<\/h3>\n\n\n\n<p>Maintenant que vous avez un compte Bitcoin actif, il est temps d&#8217;acheter une partie de la monnaie. Une fois encore, cette op\u00e9ration est facile, rapide et hautement s\u00e9curis\u00e9e.<\/p>\n\n\n\n<p>S&#8217;il est possible de recevoir des bitcoins d&#8217;autres utilisateurs, la plupart d&#8217;entre eux ont tendance \u00e0 utiliser leurs propres comptes bancaires ou d&#8217;autres portefeuilles pour acheter des bitcoins. Les portefeuilles de crypto-monnaies sont li\u00e9s \u00e0 diverses m\u00e9thodes de paiement, ce qui permet aux utilisateurs d&#8217;acheter la quantit\u00e9 exacte de bitcoins souhait\u00e9e. Il est pr\u00e9f\u00e9rable d&#8217;utiliser le processus \u00e9tape par \u00e9tape dans l&#8217;application ou sur le site Web de votre portefeuille, car cela garantit que les fonds arrivent instantan\u00e9ment tout en appliquant des cryptages pour prot\u00e9ger vos donn\u00e9es personnelles et vos informations bancaires.<\/p>\n\n\n\n<p>Une fois la transaction effectu\u00e9e, vos bitcoins devraient \u00eatre disponibles instantan\u00e9ment. Le portefeuille vous fournira un historique de votre compte, divers outils de gestion et d&#8217;autres fonctionnalit\u00e9s afin que vous puissiez en faire plus avec vos nouvelles cryptos, y compris effectuer des d\u00e9p\u00f4ts.<\/p>\n\n\n\n<h3 class=\"wp-block-heading\" id=\"h-utiliser-votre-compte-bitcoin-dans-un-casino\">Utiliser votre compte Bitcoin dans un casino\u202f<\/h3>\n\n\n\n<p>Maintenant que vous avez un Bitcoin, rejoindre un casino en ligne et faire un d\u00e9p\u00f4t est facile, surtout avec nos marques de confiance. Il existe diff\u00e9rents casinos en crypto-monnaie, chacun offrant une gamme unique d&#8217;avantages, qui d\u00e9pendent simplement des services que vous d\u00e9sirez.<\/p>\n\n\n\n<p>Les casinos standard qui acceptent \u00e9galement le bitcoin ont tendance \u00e0 \u00eatre les plus populaires. Cependant, les joueurs devront suivre le m\u00eame processus d&#8217;inscription et de v\u00e9rification, qui ne prend pas beaucoup de temps non plus. Sur ces casinos, vous recevrez un lien vers leur adresse Bitcoin ou vous aurez la possibilit\u00e9 de relier votre portefeuille. Les d\u00e9p\u00f4ts sont instantan\u00e9s et activent g\u00e9n\u00e9ralement un impressionnant bonus de bienvenue. S&#8217;inscrire et effectuer un d\u00e9p\u00f4t ne devrait pas prendre plus de 5 minutes.<\/p>\n\n\n\n<p>Il est \u00e9galement possible de s&#8217;inscrire rapidement \u00e0 un casino avec Bitcoin, ce qui permet de se connecter beaucoup plus rapidement aux jeux et de commencer \u00e0 jouer. L&#8217;avantage de ces casinos \u00e0 jeu instantan\u00e9 est qu&#8217;aucune inscription n&#8217;est requise. Au lieu de cela, les joueurs relient leurs comptes Bitcoin et commencent \u00e0 jouer aux jeux de casino. Il n&#8217;est pas non plus n\u00e9cessaire de v\u00e9rifier votre compte avant d&#8217;effectuer des retraits, car ceux-ci sont trait\u00e9s instantan\u00e9ment.<\/p>\n\n\n\n<h2 class=\"wp-block-heading\" id=\"h-casinos-sans-mise-qui-acceptent-les-bitcoins\">Casinos sans Mise qui acceptent les Bitcoins<\/h2>\n\n\n\n<p>Les casinos Bitcoin sans mise sont les plus populaires car les joueurs ont acc\u00e8s \u00e0 des services de jeu de classe mondiale avec des promotions qui ne n\u00e9cessitent aucune mise. Cela signifie que les bonus que vous d\u00e9clenchez sont \u00e0 100 % de l&#8217;argent r\u00e9el, ce qui \u00e9limine le besoin de respecter des limites de mise r\u00e9duites et de jouer le bonus avant qu&#8217;il ne devienne de l&#8217;argent r\u00e9el.<\/p>\n\n\n\n<p>Les exigences de mise s&#8217;appliquent \u00e0 presque tous les bonus de casino et sont affich\u00e9es sous forme de multiplicateur. Activer un bonus d&#8217;une valeur de 20 \u20ac\/$ avec des exigences de mise de 60x signifie que vous devez miser $1 200 sur des jeux avant que le bonus ne devienne de l&#8217;argent r\u00e9el. Cela devient encore plus difficile lorsque des limites de mise aussi basses que $5 s&#8217;appliquent et que vous ne disposez que d&#8217;un certain nombre de jours pour y parvenir. Les casinos limitent \u00e9galement les jeux auxquels vous pouvez jouer, ce qui \u00e9limine g\u00e9n\u00e9ralement la possibilit\u00e9 d&#8217;utiliser des jeux et des tables \u00e0 RTP \u00e9lev\u00e9.<\/p>\n\n\n\n<p>Le choix d&#8217;un casino en ligne sans mise est logique, mais vous remarquerez que les bonus sont de moindre valeur. Toutefois, dans ces cas-l\u00e0, le bonus est 100 % r\u00e9el et n&#8217;impose aucune limite aux jeux que vous aimez le plus jouer.<\/p>\n\n\n\n<h2 class=\"wp-block-heading\" id=\"h-les-retraits-aux-casinos-bitcoin\">Les Retraits aux Casinos Bitcoin<\/h2>\n\n\n\n<p>Les retraits sur les casinos en ligne Bitcoin sont g\u00e9n\u00e9ralement instantan\u00e9s, mais cela d\u00e9pend du casino et des d\u00e9lais de traitement. Bitcoin offre des transactions incroyablement rapides car son syst\u00e8me n&#8217;utilise pas le syst\u00e8me bancaire traditionnel. Au lieu de cela, la blockchain enregistre les paiements et les mineurs effectuent la transaction en 10 minutes sur un compte n&#8217;importe o\u00f9 dans le monde.<\/p>\n\n\n\n<p>Les casinos Bitcoin instantan\u00e9s effectuent les paiements en 10 minutes et n&#8217;appliquent g\u00e9n\u00e9ralement aucune p\u00e9riode d&#8217;attente, car aucun bonus ne s&#8217;applique \u00e0 votre compte. D&#8217;autres casinos ont tendance \u00e0 effectuer les paiements entre 1 heure et 5 jours ouvrables. Ces retards de paiement sont dus au fait que le casino doit v\u00e9rifier les d\u00e9tails de votre compte et s&#8217;assurer que les mises ont \u00e9t\u00e9 effectu\u00e9es sur les bonus.<\/p>\n\n\n\n<p>Pour demander un retrait, il faut suivre le m\u00eame processus que pour les autres m\u00e9thodes bancaires. Il suffit de choisir Bitcoin comme m\u00e9thode de retrait, de choisir le montant et de lancer le processus sur la page bancaire du casino<\/p>\n\n\n\n<h2 class=\"wp-block-heading\" id=\"h-devriez-vous-utiliser-bitcoin-dans-un-casino-en-ligne\">Devriez-vous utiliser Bitcoin dans un casino en ligne?<\/h2>\n\n\n\n<p>Bitcoin ajoute certainement de nombreux avantages brillants \u00e0 votre exp\u00e9rience de jeu, en particulier pour ceux qui veulent des retraits plus rapides et une s\u00e9curit\u00e9 plus \u00e9lev\u00e9e.<\/p>\n\n\n\n<p>Crypto est facile \u00e0 utiliser et largement disponible, ce qui en fait un excellent choix pour les joueurs du monde entier. La partie la plus importante du processus est de choisir un portefeuille de crypto et un casino en ligne fiables qui offrent les meilleurs services, jeux et retraits rapides.<\/p>\n\n\n\n<p>M\u00eame si certains sont fiables et dignes de confiance, il est recommand\u00e9 d&#8217;\u00e9viter les casinos qui n&#8217;ont pas de licence. Ils sont populaires aupr\u00e8s des joueurs anonymes, mais beaucoup d&#8217;entre eux se sont av\u00e9r\u00e9s peu fiables en mati\u00e8re de paiements et d&#8217;\u00e9quit\u00e9.<\/p>\n","protected":false},"excerpt":{"rendered":"<p>Qu&#8217;est-ce qui fait de Bitcoin un excellent moyen de Paiement de Casino L&#8217;utilisation de Bitcoin dans les casinos en ligne peut sembler compliqu\u00e9e au d\u00e9but, mais avec les derniers portefeuilles de crypto-monnaies et les syst\u00e8mes de paiement simplistes, c&#8217;est devenu le meilleur choix pour les joueurs. Des centaines de casinos acceptent le bitcoin, dont beaucoup [&hellip;]<\/p>\n","protected":false},"author":8,"featured_media":9147,"parent":98,"menu_order":0,"comment_status":"closed","ping_status":"closed","template":"page_money.php","meta":{"_acf_changed":false,"footnotes":""},"class_list":["post-1562","page","type-page","status-publish","has-post-thumbnail","hentry"],"acf":[],"_links":{"self":[{"href":"https:\/\/www.minimumdepositcasinos.org\/fr\/wp-json\/wp\/v2\/pages\/1562","targetHints":{"allow":["GET"]}}],"collection":[{"href":"https:\/\/www.minimumdepositcasinos.org\/fr\/wp-json\/wp\/v2\/pages"}],"about":[{"href":"https:\/\/www.minimumdepositcasinos.org\/fr\/wp-json\/wp\/v2\/types\/page"}],"author":[{"embeddable":true,"href":"https:\/\/www.minimumdepositcasinos.org\/fr\/wp-json\/wp\/v2\/users\/8"}],"replies":[{"embeddable":true,"href":"https:\/\/www.minimumdepositcasinos.org\/fr\/wp-json\/wp\/v2\/comments?post=1562"}],"version-history":[{"count":25,"href":"https:\/\/www.minimumdepositcasinos.org\/fr\/wp-json\/wp\/v2\/pages\/1562\/revisions"}],"predecessor-version":[{"id":13091,"href":"https:\/\/www.minimumdepositcasinos.org\/fr\/wp-json\/wp\/v2\/pages\/1562\/revisions\/13091"}],"up":[{"embeddable":true,"href":"https:\/\/www.minimumdepositcasinos.org\/fr\/wp-json\/wp\/v2\/pages\/98"}],"wp:featuredmedia":[{"embeddable":true,"href":"https:\/\/www.minimumdepositcasinos.org\/fr\/wp-json\/wp\/v2\/media\/9147"}],"wp:attachment":[{"href":"https:\/\/www.minimumdepositcasinos.org\/fr\/wp-json\/wp\/v2\/media?parent=1562"}],"curies":[{"name":"wp","href":"https:\/\/api.w.org\/{rel}","templated":true}]}}