{"id":1565,"date":"2019-06-14T08:47:36","date_gmt":"2019-06-14T08:47:36","guid":{"rendered":"https:\/\/www.minimumdepositcasinos.org\/fr\/?page_id=1565"},"modified":"2019-06-14T08:48:09","modified_gmt":"2019-06-14T08:48:09","slug":"mobile","status":"publish","type":"page","link":"https:\/\/www.minimumdepositcasinos.org\/fr\/tours-gratuits\/mobile\/","title":{"rendered":"Mobile Free Spins"},"content":{"rendered":"<h1>Tours gratuits mobiles<\/h1>\n<p><img loading=\"lazy\" decoding=\"async\" class=\"size-medium wp-image-1533 alignright\" src=\"https:\/\/www.minimumdepositcasinos.org\/fr\/wp-content\/uploads\/2019\/06\/24312899908_a38c1a8337_b-300x200.jpg\" alt=\"Tours gratuits mobiles\" width=\"300\" height=\"200\" srcset=\"https:\/\/www.minimumdepositcasinos.org\/fr\/wp-content\/uploads\/2019\/06\/24312899908_a38c1a8337_b-300x200.jpg 300w, https:\/\/www.minimumdepositcasinos.org\/fr\/wp-content\/uploads\/2019\/06\/24312899908_a38c1a8337_b-768x512.jpg 768w, https:\/\/www.minimumdepositcasinos.org\/fr\/wp-content\/uploads\/2019\/06\/24312899908_a38c1a8337_b.jpg 1024w\" sizes=\"auto, (max-width: 300px) 100vw, 300px\" \/><\/p>\n<p>Tours gratuits Mobile est un concept simple qui peut se r\u00e9f\u00e9rer \u00e0 des tours gratuits sur un jeu de machine \u00e0 sous ou des tours gratuits en tant que bonus offert par le casino.Chaque tour d&#8217;une machine \u00e0 sous est g\u00e9n\u00e9ralement appel\u00e9 spin, principalement parce que les\u202fr\u00e9els\u202ftournent\u202ftous ind\u00e9pendamment, et lorsqu&#8217;un casino en ligne fait r\u00e9f\u00e9rence \u00e0 des tours gratuits relatifs \u00e0 un jeu de machine \u00e0 sous, ils font r\u00e9f\u00e9rence \u00e0 des tours gratuits. Le casino attribue g\u00e9n\u00e9ralement ces tours gratuits pour promouvoir de nouveaux jeux de machines \u00e0 sous ou tout simplement dans le cadre d&#8217;un bonus offert aux joueurs existants pendant que les machines \u00e0 sous offrent des tours gratuits dans le cadre de leurs fonctions bonus<\/p>\n<p>Vous trouverez des tours gratuits offerts dans presque tous les casinos en ligne car ils restent tr\u00e8s populaires.Chaque casino mobile est diff\u00e9rent et ils d\u00e9cident combien de tours gratuits donner, mais parfois cela d\u00e9pend du jeu de machine \u00e0 sous lui-m\u00eame.Il est \u00e9galement tr\u00e8s commun pour obtenir des tours gratuits de casino dans le cadre d&#8217;un bonus de bienvenue et ceux-ci peuvent varier de 10 tours gratuits \u00e0 100 ou 200 tours gratuits.<\/p>\n<p>Si vos tours gratuits mobiles sont r\u00e9ellement int\u00e9gr\u00e9s \u00e0 un jeu de machine \u00e0 sous o\u00f9 des tours gratuits offerts dans le cadre d&#8217;un paquet de bienvenue, la v\u00e9rit\u00e9 est que les joueurs de casino en ligne mobile aiment leurs tours gratuits!<\/p>\n<h3>Quels sont les tours gratuits mobiles?<\/h3>\n<p>Les tours gratuits sont les bonus les plus courants offerts par la plupart des casinos en ligne aujourd&#8217;hui, et s\u2019ils font partie d\u2019un paquet de bienvenue ou sont propos\u00e9s comme moyen de tester une machine \u00e0 sous,ou attribu\u00e9 apr\u00e8s qu&#8217;un d\u00e9p\u00f4t a \u00e9t\u00e9 pay\u00e9 ou donn\u00e9 sans un d\u00e9p\u00f4t requis, les tours gratuits mobiles restent tr\u00e8s recherch\u00e9s par les joueurs.<\/p>\n<p>Lorsque vous recevez des tours gratuits pour mobiles, cela signifie que lorsque vous utilisez votre appareil mobile pour jouer sur un casino mobile, vous recevrez un certain nombre de tours gratuits \u00e0 utiliser sur un jeu de machine \u00e0 sous et tout profit que vos faites peuvent \u00eatre le v\u00f4tre apr\u00e8s que les conditions de mise aient \u00e9t\u00e9 remplies.Les termes et conditions attach\u00e9s \u00e0 ces bonus de tours gratuits pour mobiles varient d\u2019un casino en ligne \u00e0 l\u2019autre ainsi que les conditions de mise, mais le principe de base relatif aux tours gratuits reste le m\u00eame.<\/p>\n<p>Dans certains casinos en ligne, vous devrez effectuer un d\u00e9p\u00f4t en argent r\u00e9el pour d\u00e9clencher les tours gratuits, mais il y a aussi beaucoup de cas o\u00f9 les tours gratuits peuvent \u00eatre effectu\u00e9s sans que vous fassiez de d\u00e9p\u00f4t du tout. De toute fa\u00e7on, les tours gratuits sont toujours une excellente occasion de visiter un nouveau casino mobile, voir quels jeux ils ont, et le meilleur de tous, les tours gratuits vous aident \u00e0 prolonger votre temps de jeu tout en faisant tourner les rouleaux sur les jeux de machines \u00e0 sous populaires. Avant de d\u00e9cider d&#8217;accepter un bonus d&#8217;un casino en ligne, toujours lire les termes et conditions. Il est important que vous utilisiez ces bonus savoir exactement quelles sont les r\u00e8gles afin de maximiser vos chances de gagner de superbes prix tout en utilisant vos tours gratuits pour mobiles. Nous recommandons les meilleurs casinos en ligne proposant des rotations gratuites sans d\u00e9p\u00f4t ainsi que des rotations sans d\u00e9p\u00f4t, continuez donc \u00e0 consulter r\u00e9guli\u00e8rement nos pages pour obtenir les informations les plus r\u00e9centes.<\/p>\n<h3>Jouez aux machines \u00e0 sous avec des tours gratuits<\/h3>\n<p>Tout le monde aime recevoir quelque chose gratuitement, surtout quand il n&#8217;y a pas de capture en cause,et dans les tours gratuits mobiles du monde des casinos en ligne sont aussi bons que le jeu mobile obtient! Cherchez-vous \u00e0 trouver les plus grands, les derniers et les meilleurs spins gratuits sur Internet? Alors vous \u00eates au bon endroit! Nous avons pr\u00e9par\u00e9 pour vous un guide des tours gratuits pour mobiles qui vous indiquera non seulement tout ce que vous devez savoir sur ces tr\u00e9sors recherch\u00e9s,mais nous vous indiquerons \u00e9galement dans la bonne direction pour trouver les machine\u00e0 sous les plus g\u00e9n\u00e9reuses qui offrent des tours gratuits assez pour rendre votre jeu amusant et rentable.<\/p>\n<p>Dans ce guide, vous trouverez des r\u00e9ponses \u00e0 toutes les questions typiques sur la recherche et en utilisant des tours gratuits et si elle est 20 ou m\u00eame 100 tours gratuits , nous vous avons couvert!<\/p>\n<p>En fait, nous avons des centaines de tours gratuits pour les meilleures machines \u00e0 sous en ligne et nous mettons r\u00e9guli\u00e8rement \u00e0 jour cette page avec les derniers et meilleurs tours gratuits afin que vous puissiez prolonger votre temps de jeu et accumuler des gains.<\/p>\n<p>Il existe principalement trois types de tours gratuits mobiles disponibles dans les casinos en ligne, Sans d\u00e9p\u00f4t tours gratuits qui vous sont donn\u00e9s pour l&#8217;enregistrement dans un casino mobile, Bonus de bienvenue tour gratuit offert au joueur par le casino apr\u00e8s le paiement du premier d\u00e9p\u00f4t et des tours gratuits offerts r\u00e9guli\u00e8rement par le casino dans le cadre de leurs forfaits promotionnels.<\/p>\n<h2>Types de bonus de tours gratuits mobiles<\/h2>\n<h3>Tours gratuits sans d\u00e9p\u00f4t<\/h3>\n<p>Pas tr\u00e8s souvent, vous trouverez des tours gratuits sans d\u00e9p\u00f4t mobile sur Internet et si vous d\u00e9cidez de jouer de cette fa\u00e7on, vous pourrez jouer sans avoir \u00e0 effectuer de d\u00e9p\u00f4t en argent r\u00e9el.Dans une proc\u00e9dure simple qui implique seulement quelques clics, lorsque vous vous inscrivez \u00e0 un casino en ligne mobile, le casino vous donnera un certain nombre de tours gratuits \u00e0 utiliser sur un jeu de machine \u00e0 sous d\u00e9sign\u00e9e. Il y a toujours des conditions de mise \u00e0 prendre en compte. C\u2019est tr\u00e8s standard pour le casino d\u2019imposer ces normes et vous pourrez seulement retirer vos gains en esp\u00e8ces qu&#8217;apr\u00e8s avoir rempli les conditions de mise.<\/p>\n<h3>D\u00e9p\u00f4t requis Tours gratuits<\/h3>\n<p>Inscrivez-vous \u00e0 un casino en ligne, effectuez un premier d\u00e9p\u00f4t et vous recevrez instantan\u00e9ment votre bonus et des tours gratuits. Habituellement, une offre de bienvenue se compose d&#8217;un bonus de d\u00e9p\u00f4t de match et des tours gratuits.Par exemple, le casino vous demandera de d\u00e9poser le montant minimum requis, ils \u00e9galeront ce montant de 50% ou 100%, en fonction du casino, et vous accorder des tours gratuits dans le cadre de votre pack de bienvenue.<\/p>\n<h3>Promotions en cours<\/h3>\n<p>Au-del\u00e0 des tours gratuits offerts avec ou sans d\u00e9p\u00f4t,le casino mobile proposera \u00e9galement des promotions r\u00e9guli\u00e8res avec des tours gratuits tout au long de l&#8217;ann\u00e9e aux clients existants. C\u2019est une mani\u00e8re enrichissante et divertissante que les casinos en ligne offrent pour une dur\u00e9e de jeu prolong\u00e9e.<\/p>\n<h3>Machines \u00e0 sous gratuites pour s&#8217;amuser<\/h3>\n<p>Les machines \u00e0 sous gratuites sont devenues tr\u00e8s populaires parmi les d\u00e9butants car c\u2019est le plus s\u00fbr et le meilleur moyen de jouer aux machines \u00e0 sous tout en perfectionnant leurs comp\u00e9tences sans risquer de perdre de l&#8217;argent.Il n\u2019ya pas de stress impliqu\u00e9 avec des tours gratuits car le joueur peut tenter sa chance sans risque avant de d\u00e9cider de jouer avec de l&#8217;argent r\u00e9el. Les tours gratuits sont les meilleurs professeurs du jeuparce que le joueur a le temps d&#8217;apprendre les astuces et conseils, aiguiser leurs comp\u00e9tences et le meilleur de tout, faire tout cela sans h\u00e2te d&#8217;utiliser leurs tours gratuits \u00e0 une date ou une heure sp\u00e9cifique.<\/p>\n<h3>Puis-je r\u00e9clamer des Tours gratuits mobile?<\/h3>\n<p>Il y a tellement de bonnes raisons de r\u00e9clamer des bonus de tours gratuits pour les nouveaux joueurs, La meilleure raison \u00e9tant qu\u2019elles sont 100% gratuites et peuvent r\u00e9ellement vous rapporter de l\u2019argent. Pourquoi ne devriez-vous pas tourner les rouleaux avec la courtoisie du casino? Dans le cas des bonus de tours gratuits sans d\u00e9p\u00f4t, vous n\u2019avez pas besoin de faire un d\u00e9p\u00f4t pour d\u00e9bloquer les tours gratuits, le casino en ligne est plus qu&#8217;heureux de vous offrir un cadeau de bienvenue unique dans l&#8217;espoir que vos faites un d\u00e9p\u00f4t en argent r\u00e9el lorsque vous avez utilis\u00e9 les tours gratuits. C&#8217;est l&#8217;occasion id\u00e9ale de jouer \u00e0 diff\u00e9rents types de machines \u00e0 sous dans un nouveau casino tout \u00e0 fait gratuitement,et c\u2019est aussi une chance de gagner de l\u2019argent suppl\u00e9mentaire sans risquer un centime.<\/p>\n<p>Vous pouvez r\u00e9clamer vos tours gratuits aujourd&#8217;hui!Si vous \u00eates offert dix Tours gratuits sans d\u00e9p\u00f4t, cela signifie que vous pouvez faire tourner les rouleaux dix fois sur un jeu de machine \u00e0 sous sp\u00e9cifique sans avoir \u00e0 saisir vos informations financi\u00e8res, et tout ce que vous gagnez va automatiquement \u00e0 votre bankroll.<\/p>\n<h3>Conditions de mise<\/h3>\n<p>Les casinos offrent de nombreux bonus et promotions et, comme toute promotion, tours gratuits sont soumis \u00e0 certaines conditions. Dans la plupart des cas, les gains obtenus gr\u00e2ce aux tours gratuits sont affect\u00e9s par les conditions de mise, par exemple, si un casino vous attribue vingt tours gratuits et vous pouvez gagner 300 \u20ac vous pourrez retirer ce montant une fois que vous aurez rempli les conditions de mise.Vous devrez miser ces gains un certain nombre de fois, g\u00e9n\u00e9ralement entre 20x et 70x, les conditions de mise varient d&#8217;un casino \u00e0 l&#8217;autre,mais il est toujours pr\u00e9f\u00e9rable de chercher un casino qui offre une exigence de mise moins \u00e9lev\u00e9e.<\/p>\n<p>Lisez toujours les Termes et Conditions, m\u00eame les petits caract\u00e8res,car il y a d&#8217;autres r\u00e8gles qui sont impos\u00e9es \u00e0 vos tours gratuits. Une telle r\u00e8gle est la validit\u00e9,dans de nombreux cas, il vous sera demand\u00e9 d\u2019utiliser vos tours gratuits dans les 7 jours suivant leur r\u00e9ception,o\u00f9 ils vont expirer tours gratuits sont \u00e9galement soumis \u00e0 des machines \u00e0 sous sp\u00e9cifiques et peuvent seulement \u00eatre utilis\u00e9s que sur certains jeux de machines \u00e0 sous. Habituellement, le casino permet d\u2019utiliser des tours gratuits sur des jeux comme Starburst de NetEnt.<\/p>\n<p>Commencez \u00e0 jouer avec vos tours gratuits aujourd&#8217;hui! Les machines \u00e0 sous les plus populaires qui offrant des tours gratuits sont Guns N \u2019Roses, Thunderstruck, Starburst, Reactoonz et Iron Man 3.Beaucoup de gens pensent que des tours gratuits sont attribu\u00e9s \u00e0 des machines \u00e0 sous ennuyeuses, mais ce n\u2019est pas vrai! En fait, la plupart des casinos permettent des frei spins sur les machines \u00e0 sous les plus excitantes proposantes Scatters, Wilds, des tours bonus et de nombreux autres tours gratuits garantis pour vous permettre de jouer pendant des heures.<\/p>\n<h3>Mobile Tours Gratuits Bonus<\/h3>\n<p>Si vous recherchez des tours gratuits, vous \u00eates certainement au bon endroit! Sur nos pages, vous trouverez les meilleurs bonus de tours gratuits mobiles avec ou sans d\u00e9p\u00f4t requis. Inscrivez-vous \u00e0 l&#8217;un de nos tours gratuits mobiles recommand\u00e9s casinos et profitez des meilleures machines \u00e0 sous disponibles sur Internet.<\/p>\n","protected":false},"excerpt":{"rendered":"<p>Tours gratuits mobiles Tours gratuits Mobile est un concept simple qui peut se r\u00e9f\u00e9rer \u00e0 des tours gratuits sur un jeu de machine \u00e0 sous ou des tours gratuits en tant que bonus offert par le casino.Chaque tour d&#8217;une machine \u00e0 sous est g\u00e9n\u00e9ralement appel\u00e9 spin, principalement parce que les\u202fr\u00e9els\u202ftournent\u202ftous ind\u00e9pendamment, et lorsqu&#8217;un casino en [&hellip;]<\/p>\n","protected":false},"author":8,"featured_media":0,"parent":504,"menu_order":0,"comment_status":"closed","ping_status":"closed","template":"","meta":{"_acf_changed":false,"footnotes":""},"class_list":["post-1565","page","type-page","status-publish","hentry"],"acf":[],"_links":{"self":[{"href":"https:\/\/www.minimumdepositcasinos.org\/fr\/wp-json\/wp\/v2\/pages\/1565","targetHints":{"allow":["GET"]}}],"collection":[{"href":"https:\/\/www.minimumdepositcasinos.org\/fr\/wp-json\/wp\/v2\/pages"}],"about":[{"href":"https:\/\/www.minimumdepositcasinos.org\/fr\/wp-json\/wp\/v2\/types\/page"}],"author":[{"embeddable":true,"href":"https:\/\/www.minimumdepositcasinos.org\/fr\/wp-json\/wp\/v2\/users\/8"}],"replies":[{"embeddable":true,"href":"https:\/\/www.minimumdepositcasinos.org\/fr\/wp-json\/wp\/v2\/comments?post=1565"}],"version-history":[{"count":1,"href":"https:\/\/www.minimumdepositcasinos.org\/fr\/wp-json\/wp\/v2\/pages\/1565\/revisions"}],"predecessor-version":[{"id":1566,"href":"https:\/\/www.minimumdepositcasinos.org\/fr\/wp-json\/wp\/v2\/pages\/1565\/revisions\/1566"}],"up":[{"embeddable":true,"href":"https:\/\/www.minimumdepositcasinos.org\/fr\/wp-json\/wp\/v2\/pages\/504"}],"wp:attachment":[{"href":"https:\/\/www.minimumdepositcasinos.org\/fr\/wp-json\/wp\/v2\/media?parent=1565"}],"curies":[{"name":"wp","href":"https:\/\/api.w.org\/{rel}","templated":true}]}}