{"id":163,"date":"2018-09-06T16:12:09","date_gmt":"2018-09-06T15:12:09","guid":{"rendered":"https:\/\/www.minimumdepositcasinos.org\/fr\/?page_id=163"},"modified":"2024-06-03T15:03:59","modified_gmt":"2024-06-03T15:03:59","slug":"logiciel","status":"publish","type":"page","link":"https:\/\/www.minimumdepositcasinos.org\/fr\/logiciel\/","title":{"rendered":"Logiciel"},"content":{"rendered":"\n<h2 class=\"wp-block-heading\">Aper\u00e7u des fournisseurs de logiciels de casino<\/h2>\n\n\n\n<p>Les jeux d&#8217;argent en ligne constituent un march\u00e9 dynamique et les fournisseurs de logiciels de casino jouent un r\u00f4le essentiel dans la fa\u00e7on dont les choses se d\u00e9roulent dans ce secteur. Des g\u00e9ants bien connus tels que <a href=\"\/fr\/logiciel\/microgaming\/\">Microgaming<\/a>, NetEnt, Playtech et Betsoft sont des titans de l&#8217;espace num\u00e9rique, qu&#8217;ils influencent par leur inventivit\u00e9. Ces titans de l&#8217;industrie fournissent une large gamme de services qui vont au-del\u00e0 de la production traditionnelle de jeux. Ces fournisseurs sont les cr\u00e9ateurs d&#8217;un univers de jeu diversifi\u00e9, allant de l&#8217;invention de jeux avec croupiers en direct \u00e0 la mise au point de solutions de plateformes solides et d&#8217;exp\u00e9riences de machines \u00e0 sous passionnantes. Leur influence combin\u00e9e influence non seulement l&#8217;avenir <a href=\"\/fr\/casino-en-ligne\/\">des casinos en ligne<\/a>, mais d\u00e9finit \u00e9galement le niveau de jeu actuel, garantissant aux joueurs du monde entier une \u00e9volution constante de l&#8217;excitation et de l&#8217;interaction.<\/p>\n\n\n\n<h2 class=\"wp-block-heading\">Principales caract\u00e9ristiques et innovations des fournisseurs de logiciels de casino<\/h2>\n\n\n\n<p>L&#8217;examen du paysage en constante \u00e9volution des \u00e9diteurs de logiciels de casino r\u00e9v\u00e8le un m\u00e9lange unique de cr\u00e9ativit\u00e9 et de caract\u00e9ristiques qui distinguent chaque membre de cet orchestre virtuel. Les machines \u00e0 sous progressives pionni\u00e8res et les histoires captivantes sont depuis longtemps associ\u00e9es \u00e0 Microgaming, qui place la barre tr\u00e8s haut en mati\u00e8re de jeux int\u00e9ressants. Cependant, <a href=\"\/fr\/logiciel\/netent\/\">NetEnt<\/a> \u00e9l\u00e8ve l&#8217;exp\u00e9rience de jeu au niveau de l&#8217;art en fusionnant ses innovations avec des graphismes visuellement attrayants et des ambiances sonores captivantes. R\u00e9put\u00e9 pour ses prouesses technologiques, Playtech ouvre la voie \u00e0 des innovations telles que la r\u00e9alit\u00e9 virtuelle, offrant aux joueurs un aper\u00e7u du paysage immersif des jeux du futur. Les joueurs sont plus que de simples participants lorsque ces g\u00e9ants du logiciel se battent, travaillent ensemble et explorent les limites du possible ; ils sont des voyageurs dans un monde d&#8217;avanc\u00e9es techniques palpitantes et de changements constants.<\/p>\n\n\n\n<h2 class=\"wp-block-heading\">Compatibilit\u00e9 des plateformes<\/h2>\n\n\n\n<p>Les fournisseurs de logiciels de casino sont jug\u00e9s non seulement sur les jeux qu&#8217;ils proposent, mais aussi sur leur capacit\u00e9 \u00e0 s&#8217;adapter aux diff\u00e9rentes plates-formes. Ces technologues sont conscients de l&#8217;importance de s&#8217;adapter aux go\u00fbts des joueurs d&#8217;aujourd&#8217;hui. Les principaux fournisseurs, tels que Microgaming, NetEnt et Playtech, ont int\u00e9gr\u00e9 leurs jeux dans la conception des ordinateurs, des t\u00e9l\u00e9phones portables et des tablettes. Leur engagement va au-del\u00e0 de la simple accessibilit\u00e9 ; ils prennent en charge un large \u00e9ventail de syst\u00e8mes d&#8217;exploitation, notamment Windows, iOS et Android, afin que les joueurs puissent profiter de l&#8217;univers passionnant des casinos en ligne sur n&#8217;importe quel appareil ou avec le syst\u00e8me d&#8217;exploitation de leur choix. Leur objectif d&#8217;offrir une exp\u00e9rience de jeu vraiment immersive et inclusive est d\u00e9montr\u00e9 par leur d\u00e9vouement \u00e0 la compatibilit\u00e9 des plateformes, qui va au-del\u00e0 de la simple commodit\u00e9.<\/p>\n\n\n\n<h3 class=\"wp-block-heading\">S\u00e9curit\u00e9 et \u00e9quit\u00e9<\/h3>\n\n\n\n<p>La confiance des joueurs dans le monde des jeux d&#8217;argent en ligne repose sur la s\u00e9curit\u00e9 et le fair-play. Conscients de l&#8217;importance d&#8217;un environnement de jeu s\u00fbr, les principaux fournisseurs de logiciels mettent en place des mesures de s\u00e9curit\u00e9 strictes pour prot\u00e9ger les donn\u00e9es des joueurs et les transferts d&#8217;argent. Des soci\u00e9t\u00e9s comme Microgaming, NetEnt et Playtech, qui utilisent des techniques de cryptage de pointe pour \u00e9riger un mur virtuel autour de leurs plates-formes, sont les chefs de file en la mati\u00e8re. En outre, le fair-play est garanti et ne d\u00e9pend pas de la chance. Ces fournisseurs dignes de confiance utilisent des g\u00e9n\u00e9rateurs de nombres al\u00e9atoires (RNG) avanc\u00e9s et d&#8217;autres proc\u00e9dures minutieuses pour garantir le caract\u00e8re al\u00e9atoire et l&#8217;int\u00e9grit\u00e9 des r\u00e9sultats des jeux.<\/p>\n\n\n\n<h3 class=\"wp-block-heading\">Licences et r\u00e9glementation<\/h3>\n\n\n\n<p>Les notions de licence et de r\u00e9glementation font partie int\u00e9grante de la confiance et de la s\u00e9curit\u00e9 des joueurs dans le r\u00e9seau complexe des jeux en ligne. Les fournisseurs de logiciels de casino r\u00e9put\u00e9s, notamment Microgaming, NetEnt et <a href=\"\/fr\/logiciel\/playtech\/\">Playtech<\/a>, savent \u00e0 quel point il est important de recevoir des licences de la part d&#8217;organismes de r\u00e9glementation r\u00e9put\u00e9s. Ces licences sont la preuve de l&#8217;engagement des fournisseurs en mati\u00e8re d&#8217;ouverture et de comportement moral ; elles ont \u00e9t\u00e9 accord\u00e9es par des organismes tels que l&#8217;Autorit\u00e9 des jeux de Malte et la Commission des jeux de hasard du Royaume-Uni. Cela signifie que les joueurs peuvent \u00eatre s\u00fbrs que leurs exp\u00e9riences de jeu seront \u00e0 la fois agr\u00e9ables et conformes aux directives les plus strictes en mati\u00e8re d&#8217;\u00e9thique et d&#8217;\u00e9quit\u00e9. Une relation symbiotique entre le cadre de licence et de r\u00e9gulation et les fournisseurs favorise une atmosph\u00e8re o\u00f9 la confiance et la responsabilit\u00e9 sont les fondements de la r\u00e9ussite des deux parties.<\/p>\n\n\n\n<h3 class=\"wp-block-heading\">Exp\u00e9rience client et interface<\/h3>\n\n\n\n<p>Microgaming, NetEnt et Playtech sont les chefs de file dans ce domaine ; ils cr\u00e9ent des univers num\u00e9riques riches en plus des jeux. L&#8217;attachement de ces fournisseurs \u00e0 une conception centr\u00e9e sur l&#8217;utilisateur est d\u00e9montr\u00e9 par l&#8217;interface utilisateur qu&#8217;ils ont cr\u00e9\u00e9e, qui permet aux joueurs de se d\u00e9placer facilement dans un environnement fluide et compr\u00e9hensible. L&#8217;esth\u00e9tique g\u00e9n\u00e9rale du design contribue \u00e0 rendre l&#8217;exp\u00e9rience int\u00e9ressante et agr\u00e9able, avec des images visuellement frappantes qui captent l&#8217;attention et une interface con\u00e7ue pour une navigation simple. Lorsque les joueurs entreprennent leur voyage virtuel, l&#8217;attention particuli\u00e8re que portent ces fournisseurs \u00e0 l&#8217;exp\u00e9rience utilisateur transforme les jeux en une exp\u00e9rience immersive o\u00f9 chaque clic et chaque tour est une f\u00eate sensorielle.<\/p>\n\n\n\n<h2 class=\"wp-block-heading\">Tendances futures :<\/h2>\n\n\n\n<p>Un regard intriguant sur l&#8217;avenir montre un paysage cr\u00e9\u00e9 par des technologies de pointe, alors que le secteur des logiciels de casino continue de se d\u00e9velopper. Les fournisseurs de logiciels de casino tels que Microgaming, NetEnt et Playtech ne se satisfont pas du statu quo, mais ouvrent au contraire la voie vers la prochaine fronti\u00e8re. Le secteur conna\u00eet un boom de l&#8217;innovation, car les fournisseurs de services \u00e9tudient les possibilit\u00e9s offertes par des innovations de pointe telles que la r\u00e9alit\u00e9 augment\u00e9e et la blockchain. La blockchain a le potentiel de transformer des domaines tels que les syst\u00e8mes de paiement et le fair-play en raison de sa transparence et de sa d\u00e9centralisation. En outre, l&#8217;int\u00e9gration de la r\u00e9alit\u00e9 augment\u00e9e dans les jeux offre un aper\u00e7u d&#8217;un avenir dans lequel les joueurs participeront activement \u00e0 un monde num\u00e9rique qui combine harmonieusement le r\u00e9el et le virtuel.<\/p>\n\n\n\n<h2 class=\"wp-block-heading\">Conclusion<\/h2>\n\n\n\n<p>En conclusion, les cr\u00e9ateurs d&#8217;une exp\u00e9rience de jeu en ligne passionnante sont les d\u00e9veloppeurs de logiciels de casino tels que Microgaming, NetEnt et Playtech. Ces experts dans le domaine \u00e9tablissent la norme pour tout, de la cr\u00e9ation d&#8217;interfaces utilisateur sans faille \u00e0 l&#8217;accent mis sur la s\u00e9curit\u00e9 et le fair-play. La r\u00e9glementation et les licences \u00e9tablissent une couche de confiance, tandis que les nouvelles technologies comme la r\u00e9alit\u00e9 augment\u00e9e et la blockchain laissent pr\u00e9sager un avenir passionnant. Nous conseillons aux joueurs d&#8217;essayer les jeux de diff\u00e9rents fournisseurs pour tirer le meilleur parti de leur exp\u00e9rience de jeu et garantir une exp\u00e9rience de casino en ligne vari\u00e9e et divertissante.<\/p>\n","protected":false},"excerpt":{"rendered":"<p>Aper\u00e7u des fournisseurs de logiciels de casino Les jeux d&#8217;argent en ligne constituent un march\u00e9 dynamique et les fournisseurs de logiciels de casino jouent un r\u00f4le essentiel dans la fa\u00e7on dont les choses se d\u00e9roulent dans ce secteur. Des g\u00e9ants bien connus tels que Microgaming, NetEnt, Playtech et Betsoft sont des titans de l&#8217;espace num\u00e9rique, [&hellip;]<\/p>\n","protected":false},"author":1,"featured_media":0,"parent":0,"menu_order":0,"comment_status":"closed","ping_status":"closed","template":"page_money.php","meta":{"_acf_changed":false,"footnotes":""},"class_list":["post-163","page","type-page","status-publish","hentry"],"acf":[],"_links":{"self":[{"href":"https:\/\/www.minimumdepositcasinos.org\/fr\/wp-json\/wp\/v2\/pages\/163","targetHints":{"allow":["GET"]}}],"collection":[{"href":"https:\/\/www.minimumdepositcasinos.org\/fr\/wp-json\/wp\/v2\/pages"}],"about":[{"href":"https:\/\/www.minimumdepositcasinos.org\/fr\/wp-json\/wp\/v2\/types\/page"}],"author":[{"embeddable":true,"href":"https:\/\/www.minimumdepositcasinos.org\/fr\/wp-json\/wp\/v2\/users\/1"}],"replies":[{"embeddable":true,"href":"https:\/\/www.minimumdepositcasinos.org\/fr\/wp-json\/wp\/v2\/comments?post=163"}],"version-history":[{"count":11,"href":"https:\/\/www.minimumdepositcasinos.org\/fr\/wp-json\/wp\/v2\/pages\/163\/revisions"}],"predecessor-version":[{"id":11740,"href":"https:\/\/www.minimumdepositcasinos.org\/fr\/wp-json\/wp\/v2\/pages\/163\/revisions\/11740"}],"wp:attachment":[{"href":"https:\/\/www.minimumdepositcasinos.org\/fr\/wp-json\/wp\/v2\/media?parent=163"}],"curies":[{"name":"wp","href":"https:\/\/api.w.org\/{rel}","templated":true}]}}