{"id":167,"date":"2018-09-06T16:33:48","date_gmt":"2018-09-06T15:33:48","guid":{"rendered":"https:\/\/www.minimumdepositcasinos.org\/fr\/?page_id=167"},"modified":"2025-12-22T08:50:54","modified_gmt":"2025-12-22T08:50:54","slug":"microgaming","status":"publish","type":"page","link":"https:\/\/www.minimumdepositcasinos.org\/fr\/logiciel\/microgaming\/","title":{"rendered":"Microgaming"},"content":{"rendered":"\n<h2 class=\"wp-block-heading\">Pourquoi ce fournisseur reste une r\u00e9f\u00e9rence<\/h2>\n\n\n\n<p><a href=\"https:\/\/www.microgaming.co.uk\/\" target=\"_blank\" rel=\"noreferrer noopener\">Microgaming<\/a> a b\u00e2ti sa r\u00e9putation sur l\u2019innovation et la qualit\u00e9, et son h\u00e9ritage continue d\u2019influencer l\u2019industrie. M\u00eame si les noms affich\u00e9s ont chang\u00e9 selon le contexte (Microgaming, Apricot, Games Global), l\u2019essentiel pour les joueurs demeure le m\u00eame : une exp\u00e9rience de jeu riche, une grande vari\u00e9t\u00e9 de titres et des marques de jackpots parmi les plus reconnues du secteur.<\/p>\n\n\n\n<h3 class=\"wp-block-heading\">Machines \u00e0 sous Microgaming<\/h3>\n\n\n\n<p>Microgaming s&#8217;est fait un nom en tant que pionnier dans le monde des jeux de machines \u00e0 sous, offrant une gamme stup\u00e9fiante de titres tels que Thunderstruck II, Mega Moolah et Immortal Romance. Non seulement leurs jeux ont des th\u00e8mes intrigants et un gameplay captivant, mais Microgaming se distingue \u00e9galement par sa transparence, qui est d\u00e9montr\u00e9e par ses excellents taux de retour au joueur (RTP). En plus d&#8217;une narration captivante et de visuels \u00e0 couper le souffle, les joueurs peuvent profiter de la garantie d&#8217;un gameplay impartial et de cotes avantageuses. Chaque tour sur une machine \u00e0 sous Microgaming est une aventure dans un monde d&#8217;amusement et de r\u00e9compenses possibles, et les joueurs sont attir\u00e9s encore et encore par la fusion parfaite de l&#8217;innovation et de l&#8217;\u00e9quit\u00e9 des jeux.<\/p>\n\n\n\n<h3 class=\"wp-block-heading\">Jeux de casino en direct Microgaming<\/h3>\n\n\n\n<p>Microgaming a enti\u00e8rement repens\u00e9 l&#8217;exp\u00e9rience des casinos en direct avec une incroyable s\u00e9lection de jeux qui transportent le frisson d&#8217;un casino terrestre directement sur l&#8217;\u00e9cran des joueurs. Microgaming garantit un environnement de jeu r\u00e9aliste et captivant, allant des jeux de table traditionnels aux offres de croupiers en direct de pointe. Le r\u00e9seau de jackpots progressifs de Microgaming amplifie l&#8217;excitation des jeux de casino en direct en faisant monter les ench\u00e8res et en ajoutant une qualit\u00e9 l\u00e9gendaire aux jeux de casino en direct. Les joueurs \u00e0 la recherche d&#8217;une exp\u00e9rience de jeu passionnante et enrichissante sont attir\u00e9s par les jeux de casino en direct de Microgaming en raison de l&#8217;attrait des jeux \u00e0 enjeux \u00e9lev\u00e9s et de la possibilit\u00e9 de gagner des prix qui battent des records.<\/p>\n\n\n\n<h3 class=\"wp-block-heading\">Bingo Microgaming<\/h3>\n\n\n\n<p>Le bingo est un jeu passionnant propos\u00e9 par Microgaming, qui d\u00e9montre sa polyvalence au-del\u00e0 des machines \u00e0 sous et des jeux de casino. Il existe de nombreuses salles de bingo avec des th\u00e8mes int\u00e9ressants, cr\u00e9ant un environnement de jeu anim\u00e9 et convivial pour les joueurs. La fluidit\u00e9 du jeu, les graphismes accrocheurs et les fonctionnalit\u00e9s attrayantes qui distinguent les jeux de bingo de Microgaming t\u00e9moignent de leur engagement en faveur de l&#8217;excellence. En ajoutant encore plus de vari\u00e9t\u00e9 \u00e0 leur large gamme d&#8217;options de jeux en ligne, <a href=\"\/fr\/jeux\/bingo\/\">Microgaming Bingo<\/a> offre une exp\u00e9rience attrayante et lucrative pour les joueurs novices comme pour les joueurs exp\u00e9riment\u00e9s.<\/p>\n\n\n\n<h3 class=\"wp-block-heading\">Jeux de table Microgaming<\/h3>\n\n\n\n<p>Pionnier du secteur avec sa large gamme de jeux de table, Microgaming porte l&#8217;exp\u00e9rience conventionnelle du casino \u00e0 un niveau sup\u00e9rieur. Microgaming r\u00e9pond aux souhaits de chaque joueur en proposant des versions inventives qui maintiennent le niveau d&#8217;excitation, en plus des favoris \u00e9prouv\u00e9s comme la roulette et le <a href=\"\/fr\/jeux\/blackjack\/\">blackjack<\/a>. Chaque tour de jeu est une exp\u00e9rience captivante et agr\u00e9able gr\u00e2ce \u00e0 la fusion parfaite d&#8217;animations r\u00e9alistes, de graphismes de premier ordre et d&#8217;une jouabilit\u00e9 simple. Les joueurs peuvent participer \u00e0 l&#8217;atmosph\u00e8re d&#8217;un casino virtuel qui reproduit l&#8217;excitation d&#8217;un \u00e9tablissement terrestre gr\u00e2ce \u00e0 l&#8217;engagement de Microgaming en faveur du fair-play et d&#8217;une technologie de pointe.<\/p>\n\n\n\n<h2 class=\"wp-block-heading\">Licences de Microgaming<\/h2>\n\n\n\n<p>Pilier de l&#8217;industrie, Microgaming fonctionne volontiers sous un r\u00e9seau de licences respectables, d\u00e9montrant ainsi son d\u00e9vouement \u00e0 l&#8217;honn\u00eatet\u00e9 et \u00e0 la confiance des joueurs. Microgaming respecte des exigences r\u00e9glementaires strictes, garantissant un environnement de jeu \u00e9quitable et s\u00fbr, gr\u00e2ce \u00e0 des licences d\u00e9livr\u00e9es par des organismes de r\u00e9glementation r\u00e9put\u00e9s tels que la <a href=\"https:\/\/www.mga.org.mt\/\" target=\"_blank\" rel=\"noreferrer noopener\">Malta Gaming Authority<\/a> (MGA) et la <a href=\"https:\/\/www.gamblingcommission.gov.uk\/\" target=\"_blank\" rel=\"noreferrer noopener\">UK Gambling Commission<\/a> (Commission des jeux de hasard du Royaume-Uni). Microgaming est une soci\u00e9t\u00e9 internationale qui op\u00e8re dans de nombreuses juridictions, y compris en Europe et au-del\u00e0. Son portefeuille de licences d\u00e9montre non seulement sa conformit\u00e9 aux normes de l&#8217;industrie, mais aussi son engagement \u00e0 offrir une plateforme fiable et responsable aux joueurs du monde entier. Dans le monde en constante \u00e9volution des jeux d&#8217;argent en ligne, Microgaming se positionne comme un partenaire digne de confiance et fiable gr\u00e2ce \u00e0 son engagement en faveur de la transparence et de la conformit\u00e9 r\u00e9glementaire.<\/p>\n\n\n\n<h2 class=\"wp-block-heading\">Ce qui distingue Microgaming<\/h2>\n\n\n\n<p>Parmi les soci\u00e9t\u00e9s de jeux en ligne, Microgaming se distingue par son d\u00e9vouement constant \u00e0 l&#8217;innovation et \u00e0 l&#8217;\u00e9tablissement de normes. Microgaming a eu une influence consid\u00e9rable sur le secteur, en d\u00e9finissant des tendances et en repoussant les limites de ce qui est possible en mati\u00e8re de jeux d&#8217;argent en ligne. L&#8217;impact de la soci\u00e9t\u00e9 va au-del\u00e0 du d\u00e9veloppement de jeux, comme en t\u00e9moigne son portefeuille vari\u00e9 qui comprend des machines \u00e0 sous, des jeux de casino en direct et des jeux de bingo. Elle a \u00e9galement contribu\u00e9 \u00e0 accro\u00eetre les attentes des joueurs et \u00e0 faire progresser le secteur. Microgaming se r\u00e9jouit d&#8217;un avenir passionnant rempli d&#8217;innovations r\u00e9volutionnaires, de partenariats cr\u00e9atifs et de sorties imminentes. Alors que Microgaming r\u00e9invente l&#8217;exp\u00e9rience du jeu en ligne, n&#8217;h\u00e9sitez pas \u00e0 consulter notre site pour conna\u00eetre les derniers d\u00e9veloppements.<\/p>\n\n\n\n<p><\/p>\n","protected":false},"excerpt":{"rendered":"<p>Pourquoi ce fournisseur reste une r\u00e9f\u00e9rence Microgaming a b\u00e2ti sa r\u00e9putation sur l\u2019innovation et la qualit\u00e9, et son h\u00e9ritage continue d\u2019influencer l\u2019industrie. M\u00eame si les noms affich\u00e9s ont chang\u00e9 selon le contexte (Microgaming, Apricot, Games Global), l\u2019essentiel pour les joueurs demeure le m\u00eame : une exp\u00e9rience de jeu riche, une grande vari\u00e9t\u00e9 de titres et [&hellip;]<\/p>\n","protected":false},"author":1,"featured_media":10841,"parent":163,"menu_order":0,"comment_status":"closed","ping_status":"closed","template":"page_money.php","meta":{"_acf_changed":false,"footnotes":""},"class_list":["post-167","page","type-page","status-publish","has-post-thumbnail","hentry"],"acf":[],"_links":{"self":[{"href":"https:\/\/www.minimumdepositcasinos.org\/fr\/wp-json\/wp\/v2\/pages\/167","targetHints":{"allow":["GET"]}}],"collection":[{"href":"https:\/\/www.minimumdepositcasinos.org\/fr\/wp-json\/wp\/v2\/pages"}],"about":[{"href":"https:\/\/www.minimumdepositcasinos.org\/fr\/wp-json\/wp\/v2\/types\/page"}],"author":[{"embeddable":true,"href":"https:\/\/www.minimumdepositcasinos.org\/fr\/wp-json\/wp\/v2\/users\/1"}],"replies":[{"embeddable":true,"href":"https:\/\/www.minimumdepositcasinos.org\/fr\/wp-json\/wp\/v2\/comments?post=167"}],"version-history":[{"count":5,"href":"https:\/\/www.minimumdepositcasinos.org\/fr\/wp-json\/wp\/v2\/pages\/167\/revisions"}],"predecessor-version":[{"id":13432,"href":"https:\/\/www.minimumdepositcasinos.org\/fr\/wp-json\/wp\/v2\/pages\/167\/revisions\/13432"}],"up":[{"embeddable":true,"href":"https:\/\/www.minimumdepositcasinos.org\/fr\/wp-json\/wp\/v2\/pages\/163"}],"wp:featuredmedia":[{"embeddable":true,"href":"https:\/\/www.minimumdepositcasinos.org\/fr\/wp-json\/wp\/v2\/media\/10841"}],"wp:attachment":[{"href":"https:\/\/www.minimumdepositcasinos.org\/fr\/wp-json\/wp\/v2\/media?parent=167"}],"curies":[{"name":"wp","href":"https:\/\/api.w.org\/{rel}","templated":true}]}}