{"id":1673,"date":"2019-07-31T01:42:30","date_gmt":"2019-07-31T01:42:30","guid":{"rendered":"https:\/\/www.minimumdepositcasinos.org\/fr\/?page_id=1673"},"modified":"2019-10-30T13:23:10","modified_gmt":"2019-10-30T13:23:10","slug":"light-casino","status":"publish","type":"page","link":"https:\/\/www.minimumdepositcasinos.org\/fr\/revue-de-casino\/light-casino\/","title":{"rendered":"Light Casino"},"content":{"rendered":"\n<h2 class=\"wp-block-heading\"><strong>R\u00e9partition de r\u00e9vision  <\/strong> <\/h2>\n\n\n\n<p>Light Casino devient &#8220;l\u00e9ger&#8221; quand il s&#8217;agit de paillettes et de paillettes que vous voyez sur tant de casinos en ligne. Light Casino n&#8217;est certainement pas &#8220;l\u00e9ger&#8221; quand il s&#8217;agit de substance. Votre exp\u00e9rience au Light Casino commence par un match \u00e0 100% sur tout d\u00e9p\u00f4t de $\/\u20ac20 ou plus jusqu&#8217;\u00e0 un bonus de bienvenue total de $\/\u20ac500. Et, si vous voulez simplement un casino avec un d\u00e9p\u00f4t minimum, Light Casino a cela aussi \u00e0 $\/\u20ac10. Et la substance ne s&#8217;arr\u00eate pas au bonus de bienvenue. Light Casino a beaucoup de bonnes promotions tout le temps. Mais, la vraie raison pour laquelle vous venez \u00e0 un casino en ligne, c&#8217;est pour jouer aux jeux, chercher votre fortune avec un jackpot progressif (le jackpot total du casino est plus de $\/\u20ac5,000,000 !), ou vivre l&#8217;excitation des jeux de table, surtout avec un donneur en direct. Venez au Light Casino pour une grande exp\u00e9rience de pari en ligne sans beaucoup de distractions. Et, le meilleur de tous, vous pouvez entrer dans la porte et commencer \u00e0 jouer \u00e0 leurs grands jeux pour aussi peu que $\/\u20ac10.  <\/p>\n\n\n\n<h2 class=\"wp-block-heading\"> <strong>Bonus et promotions <\/strong><\/h2>\n\n\n\n<p>Light Casino veut votre entreprise et est pr\u00eat \u00e0 offrir d&#8217;excellentes promotions sur une base r\u00e9guli\u00e8re pour l&#8217;obtenir. Ils commencent par un fantastique match de <a href=\"https:\/\/www.minimumdepositcasinos.org\/fr\/bonus-de-depot\/\">d\u00e9p\u00f4t de 100% pour un bonus<\/a> de bienvenue jusqu&#8217;\u00e0 500 $\/\u20ac et deux cents tours de bonus. Mais, ensuite, ils font un suivi avec des bonus de recharge et des offres de cashback.<\/p>\n\n\n\n<h3 class=\"wp-block-heading\"><strong>Bonus de bienvenue du Light Casino<\/strong><\/h3>\n\n\n\n<p>Light Casino accueille les joueurs qui effectuent un d\u00e9p\u00f4t de $\/\u20ac20 ou plus avec une correspondance \u00e0 100% sur ce d\u00e9p\u00f4t jusqu&#8217;\u00e0 un montant bonus de $\/\u20ac500. De plus, ils ajoutent 200 tours bonus. Ces tours sont ajout\u00e9s \u00e0 votre compte \u00e0 raison de 20 par jour \u00e0 partir du jour o\u00f9 vous effectuez votre premier d\u00e9p\u00f4t. N&#8217;oubliez pas de contacter le casino via leur chat en direct ou par e-mail pour obtenir ce bonus avant de commencer \u00e0 jouer !<br>\n<br>\n<strong>Note:<\/strong><\/p>\n\n\n\n<ul class=\"wp-block-list\"><li>Les joueurs qui d\u00e9posent avec Skrill ou <a href=\"\/fr\/options-dachat\/neteller\/\">Neteller<\/a> ne seront pas qualifi\u00e9s pour ce bonus de bienvenue.<\/li><li>Le bonus et les gains du bonus doivent \u00eatre mis\u00e9s 30 fois.<\/li><li>Le pari sur le bonus doit \u00eatre termin\u00e9 dans un d\u00e9lai de 10 jours ou tout bonus ou gain restant sera annul\u00e9.<\/li><li>Assurez-vous de vous inscrire au bonus de bienvenue avant de d\u00e9penser de l&#8217;argent en jouant \u00e0 l&#8217;un ou l&#8217;autre des jeux ou le bonus de bienvenue sera supprim\u00e9.<\/li><\/ul>\n\n\n\n<h3 class=\"wp-block-heading\"><strong>Autres Promotions du Casino Light<\/strong><\/h3>\n\n\n\n<p>Les promotions en cours au Light Casino sont assez directes. Ils sont destin\u00e9s \u00e0 r\u00e9compenser ceux qui choisissent de jouer au casino et ne semblent pas avoir d&#8217;arri\u00e8re-pens\u00e9e derri\u00e8re eux.<\/p>\n\n\n\n<p><strong>Bonus de recharge de fin de semaine<\/strong><\/p>\n\n\n\n<p>Ce bonus est disponible pour votre premier d\u00e9p\u00f4t du vendredi au dimanche de chaque semaine. Vous devez contacter le service client\u00e8le par chat en direct ou par e-mail avant d&#8217;effectuer le d\u00e9p\u00f4t. C&#8217;est un match de 50% sur votre d\u00e9p\u00f4t jusqu&#8217;\u00e0 $\/\u20ac700 et il y a aussi 50 tours bonus.&nbsp; <a href=\"https:\/\/www.minimumdepositcasinos.org\/fr\/10-de-depot-minimum\/\">Il fonctionne \u00e9galement avec un d\u00e9p\u00f4t minimum de $\/\u20ac10<\/a>.<\/p>\n\n\n\n<p><strong>Note :<\/strong><\/p>\n\n\n\n<ul class=\"wp-block-list\"><li>Ce bonus ne peut pas \u00eatre combin\u00e9 avec d&#8217;autres bonus.<\/li><li>Si vous faites un pari avec l&#8217;argent de votre d\u00e9p\u00f4t avant de contacter le service client\u00e8le, vous n&#8217;obtiendrez pas le bonus.<\/li><li>Il y a une exigence de mise de 30x.<\/li><li>Le bonus doit \u00eatre jou\u00e9 int\u00e9gralement dans les 10 jours ou il est annul\u00e9.<\/li><\/ul>\n\n\n\n<p><strong>Bonus de recharge hebdomadaire<\/strong><\/p>\n\n\n\n<p>Cette promotion vous offre 50 tours bonus pour un d\u00e9p\u00f4t de $\/\u20ac50 ou plus. N&#8217;oubliez pas de contacter le service client\u00e8le pour r\u00e9clamer votre bonus avant de parier sur votre d\u00e9p\u00f4t. Le bonus a une exigence de mise de 30x.<\/p>\n\n\n\n<h3 class=\"wp-block-heading\"><strong>Exigences de jeu (Exigences de pari)<\/strong><\/h3>\n\n\n\n<p>Les exigences en mati\u00e8re de paris sont universelles dans le monde des casinos en ligne. Fondamentalement, vous ne pouvez pas faire un d\u00e9p\u00f4t, prendre l&#8217;argent du bonus et retirer tous les fonds. Il faut que tu joues un peu. Ce &#8220;bit&#8221; consiste \u00e0 miser 30 fois le montant du bonus ou tout gain r\u00e9alis\u00e9 en jouant le bonus avant que les fonds ne soient automatiquement transf\u00e9r\u00e9s de votre compte bonus vers votre compte r\u00e9gulier. Ce n&#8217;est que lorsque les fonds arrivent dans votre compte r\u00e9gulier qu&#8217;ils peuvent \u00eatre retir\u00e9s. Et, parce que tant de bonus ont des limites de temps avant leur expiration, un jeu doit faire attention et s&#8217;assurer de jouer suffisamment pour satisfaire l&#8217;exigence de transparence ou de mise avant que le bonus n&#8217;expire !<\/p>\n\n\n\n<h3 class=\"wp-block-heading\"><strong>VIP &amp; Fid\u00e9lit\u00e9*<\/strong><\/h3>\n\n\n\n<p>Le programme VIP de Light Casino est comme le casino lui-m\u00eame, pas beaucoup de fioritures mais beaucoup de substance. Les VIP du Light Casino sont r\u00e9compens\u00e9s pour leur jeu. Les joueurs progressent \u00e0 travers cinq niveaux VIP, obtenant de meilleurs bonus, de meilleures promotions, des limites de paiement plus importantes et un gestionnaire de compte personnel en cours de route. Alors que le premier niveau VIP est limit\u00e9 \u00e0 $\/\u20ac10 000&nbsp; par mois pour les retraits, la limite va jusqu&#8217;\u00e0&nbsp; $\/\u20ac 50 000pour le niveau 5.&nbsp;<\/p>\n\n\n\n<h2 class=\"wp-block-heading\"><strong>Comment commencer \u00e0 jouer&nbsp;<\/strong><\/h2>\n\n\n\n<p>Il est tr\u00e8s facile de s&#8217;inscrire et de commencer \u00e0 jouer au Light Casino. En premi\u00e8re page, ils vous demandent ce que vous attendez. Et avoir la premi\u00e8re page de la proc\u00e9dure d&#8217;inscription. Remplissez simplement un nom d&#8217;utilisateur et un mot de passe \u00e0 utiliser, votre pays, votre email et la devise de votre choix. La page suivante vous demande votre adresse, votre nom, votre num\u00e9ro de t\u00e9l\u00e9phone et votre code postal. Remplissez ces informations et cliquez sur le bouton pour vous inscrire. <a href=\"\/fr\/options-dachat\/\">Ensuite, tout ce que vous avez \u00e0 faire est de choisir un mode de paiement et d&#8217;effectuer votre d\u00e9p\u00f4t<\/a>. Veuillez contacter le service client\u00e8le avant de commencer \u00e0 jouer ou vous perdrez votre bonus de bienvenue !<\/p>\n\n\n\n<h2 class=\"wp-block-heading\"><strong>Paiements<\/strong><\/h2>\n\n\n\n<p> Light Casino dispose d&#8217;un syst\u00e8me efficace pour le traitement des d\u00e9p\u00f4ts et des retraits. Cependant, vous devez d&#8217;abord vous inscrire et fournir un peu d&#8217;informations personnelles et financi\u00e8res. Ils sont s\u00e9rieux au sujet de la r\u00e8gle de la connaissance de votre client et ne feront pas de paiements jusqu&#8217;\u00e0 ce qu&#8217;ils soient satisfaits que vous \u00eates qui vous pr\u00e9tendez \u00eatre, que vous vivez l\u00e0 o\u00f9 vous dites vivre et que vous \u00eates \u00e2g\u00e9 de plus de 18 ans.<\/p>\n\n\n\n<h3 class=\"wp-block-heading\"><strong>Modes de d\u00e9p\u00f4t<\/strong><\/h3>\n\n\n\n<p>Light Casino accepte VISA, MasterCard, Trustly, Skrill, Neteller, PaySafeCard, PaySafeCard, virement bancaire et Interact comme m\u00e9thodes de d\u00e9p\u00f4t. Du c\u00f4t\u00e9 du casino, la r\u00e9ception de l&#8217;argent et le d\u00e9p\u00f4t sur votre compte pour jouer sont pratiquement instantan\u00e9s.<\/p>\n\n\n\n<h3 class=\"wp-block-heading\"><strong>D\u00e9p\u00f4ts minimum et maximum<\/strong><\/h3>\n\n\n\n<p><a href=\"https:\/\/www.minimumdepositcasinos.org\/fr\/10-de-depot-minimum\/\">Le d\u00e9p\u00f4t minimum est de $\/\u20ac10<\/a> et le maximum est de $\/\u20ac5,000. Cependant, le Bonus de Bienvenue requiert un minimum de $\/\u20ac20.<\/p>\n\n\n\n<h3 class=\"wp-block-heading\"><strong>M\u00e9thodes et temps de retrait <\/strong><\/h3>\n\n\n\n<p>Les joueurs sont tenus d&#8217;utiliser les m\u00eames m\u00e9thodes de paiement utilis\u00e9es pour leurs d\u00e9p\u00f4ts lorsqu&#8217;ils souhaitent retirer de l&#8217;argent. Si la m\u00e9thode n&#8217;est pas disponible pour le retrait, les joueurs se verront proposer une autre m\u00e9thode. Le d\u00e9lai de traitement des retraits au casino est de trois \u00e0 cinq jours ouvrables, mais il peut parfois \u00eatre plus long si des questions d&#8217;identit\u00e9 doivent \u00eatre pos\u00e9es. Une fois que le casino commence le transfert, les m\u00e9thodes eWallet sont le m\u00eame jour, mais les cartes de cr\u00e9dit et de d\u00e9bit sont g\u00e9n\u00e9ralement 3 jours de plus et les virements bancaires peuvent \u00eatre aussi longs que 7 jours ouvrables.<\/p>\n\n\n\n<h2 class=\"wp-block-heading\"><strong>Jeux<\/strong><\/h2>\n\n\n\n<p>Nous sommes attir\u00e9s par un casino en ligne parce qu&#8217;il a un faible d\u00e9p\u00f4t minimum, un bonus de bienvenue ou des promotions fantastiques. Mais, nous restons \u00e0 cause des jeux. Au Light Casino, <a href=\"\/fr\/jeux\/\">vous trouverez des centaines de jeux de d\u00e9veloppeurs de premier plan, allant des jeux pr\u00e9f\u00e9r\u00e9s traditionnels aux tout nouveaux jeux ajout\u00e9s<\/a> chaque mois. Et vous pouvez jouer depuis votre smartphone avec l&#8217;application mobile Light Casino<\/p>\n\n\n\n<h3 class=\"wp-block-heading\"><strong>Machines \u00e0 sous<\/strong><\/h3>\n\n\n\n<p><a href=\"\/fr\/jeux\/machines-a-sous\/\">Avec des centaines de machines \u00e0 sous au choix<\/a>, les joueurs qui aiment leurs machines \u00e0 sous vont adorer jouer au Light Casino. Ils proposent des jeux de base &#8220;fruit\u00e9s&#8221; \u00e0 trois ou cinq rouleaux et des jeux complexes avec des th\u00e8mes qui \u00e9voluent au fur et \u00e0 mesure que le jeu progresse vers des niveaux sup\u00e9rieurs.<\/p>\n\n\n\n<h3 class=\"wp-block-heading\"> <strong>Tableau Jeux<\/strong><\/h3>\n\n\n\n<p>Light Casino offre une large gamme de jeux de poker, <a href=\"\/fr\/jeux\/blackjack\/\">blackjack<\/a>, roulette, baccarat et autres. Vous pouvez rechercher des jeux par cat\u00e9gorie, mais quand vous en trouvez un qui vous pla\u00eet vraiment, vous pouvez le mettre dans la section &#8220;mes favoris&#8221; avec d&#8217;autres jeux auxquels vous jouez toujours.&nbsp;<\/p>\n\n\n\n<h3 class=\"wp-block-heading\"><strong>Jeux de croupier en direct <\/strong><\/h3>\n\n\n\n<p>Ainsi, vous aimez un casino en ligne pour la commodit\u00e9 de jouer sur votre appareil mobile n&#8217;importe quand et n&#8217;importe o\u00f9. Mais, vous manquez l&#8217;excitation d&#8217;un jeu avec des gens vivants. Light Casino a votre r\u00e9ponse, des jeux de croupiers en direct. Que vous pr\u00e9f\u00e9riez le baccarat, la <a href=\"\/fr\/jeux\/roulette\/\">roulette<\/a>, le blackjack, le poker ou le Dragon Tiger, vous pouvez le vivre au Light Casino<\/p>\n\n\n\n<h2 class=\"wp-block-heading\"> <strong>Mobile &amp; applications<\/strong><\/h2>\n\n\n\n<p>Sur la page principale du Light Casino, faites d\u00e9filer vers le bas jusqu&#8217;au-dessus de la liste des nouveaux jeux. Vous trouverez des liens vers l&#8217;Apple App Store et Google Play o\u00f9 vous pouvez obtenir l&#8217;application dont vous avez besoin pour faire de Light Casino une exp\u00e9rience mobile.<\/p>\n\n\n\n<h2 class=\"wp-block-heading\"><strong>S\u00e9curit\u00e9 et licences <\/strong><\/h2>\n\n\n\n<p>Light Casino utilise un protocole Internet TLS 1.2 s\u00e9curis\u00e9 pour prot\u00e9ger votre argent et vos informations personnelles pendant le transfert par Internet. Le site dispose \u00e9galement d&#8217;un nombre important de pare-feu.<\/p>\n\n\n\n<p>Le nom et le site du Light Casino sont la propri\u00e9t\u00e9 de Romix Limited \u00e0 Malte, immatricul\u00e9e C83207 et sous licence MGA\/B2C\/486\/2018. Pour les op\u00e9rations au Royaume-Uni, ils sont enregistr\u00e9s et agr\u00e9\u00e9s par la Gambling Commission du Royaume-Uni.<\/p>\n\n\n\n<h2 class=\"wp-block-heading\"><strong> Support client<\/strong><\/h2>\n\n\n\n<ul class=\"wp-block-list\"><li><strong>E-mail:<\/strong> <a href=\"mailto:support@lightcasino.com\">support@lightcasino.com<\/a><\/li><li><strong>T\u00e9l\u00e9phone<\/strong> : +356 2778 0669 en Europe (consultez la page contact pour les num\u00e9ros de t\u00e9l\u00e9phone pour la Russie, la Norv\u00e8ge, Malte, la Hongrie et la Finlande)<\/li><li><strong>Chat en direct : <\/strong>Cliquez sur le bouton de chat en direct sur la page de contact, choisissez anglais, fran\u00e7ais, russe ou allemand. Inscrivez votre nom, la nature de votre question et le message. Alors envoyez et attendez. Ils promettent des r\u00e9ponses en moins de 5 minutes.<\/li><\/ul>\n\n\n\n<h2 class=\"wp-block-heading\"><strong>Notre verdict<\/strong><\/h2>\n\n\n\n<p>Light Casino est un excellent endroit pour jouer aux jeux de casino sans beaucoup de paillettes, de brillants, et de distractions. Ils vous permettent de commencer avec un d\u00e9p\u00f4t minimum de $\/\u20ac10 et pour $\/\u20ac20 ou plus vous pouvez avoir un bonus de bienvenue jusqu&#8217;\u00e0 $\/\u20ac500. Nous aimons le fait qu&#8217;ils ont une application mobile pour vous permettre de <a href=\"\/fr\/appareils\/android\/\">jouer n&#8217;importe o\u00f9 et n&#8217;importe quand sur votre smartphone ou tablette<\/a>. Ces gens ont un programme VIP s\u00e9rieux qui vous donne plus de r\u00e9compenses plus vous jouez. Vous viendrez au Light Casino pour le d\u00e9p\u00f4t minimum ou le bonus de bienvenue, mais vous resterez parce que le site fonctionne bien, les nombreux jeux superbes s&#8217;affichent et jouent parfaitement, et parce que vous pourrez discuter avec le dealer sur le jeu de casino en direct de votre choix..<\/p>\n","protected":false},"excerpt":{"rendered":"<p>R\u00e9partition de r\u00e9vision Light Casino devient &#8220;l\u00e9ger&#8221; quand il s&#8217;agit de paillettes et de paillettes que vous voyez sur tant de casinos en ligne. Light Casino n&#8217;est certainement pas &#8220;l\u00e9ger&#8221; quand il s&#8217;agit de substance. Votre exp\u00e9rience au Light Casino commence par un match \u00e0 100% sur tout d\u00e9p\u00f4t de $\/\u20ac20 ou plus jusqu&#8217;\u00e0 un [&hellip;]<\/p>\n","protected":false},"author":10,"featured_media":1700,"parent":16,"menu_order":0,"comment_status":"closed","ping_status":"closed","template":"page_review_card.php","meta":{"_acf_changed":false,"footnotes":""},"class_list":["post-1673","page","type-page","status-publish","has-post-thumbnail","hentry"],"acf":[],"_links":{"self":[{"href":"https:\/\/www.minimumdepositcasinos.org\/fr\/wp-json\/wp\/v2\/pages\/1673","targetHints":{"allow":["GET"]}}],"collection":[{"href":"https:\/\/www.minimumdepositcasinos.org\/fr\/wp-json\/wp\/v2\/pages"}],"about":[{"href":"https:\/\/www.minimumdepositcasinos.org\/fr\/wp-json\/wp\/v2\/types\/page"}],"author":[{"embeddable":true,"href":"https:\/\/www.minimumdepositcasinos.org\/fr\/wp-json\/wp\/v2\/users\/10"}],"replies":[{"embeddable":true,"href":"https:\/\/www.minimumdepositcasinos.org\/fr\/wp-json\/wp\/v2\/comments?post=1673"}],"version-history":[{"count":6,"href":"https:\/\/www.minimumdepositcasinos.org\/fr\/wp-json\/wp\/v2\/pages\/1673\/revisions"}],"predecessor-version":[{"id":2845,"href":"https:\/\/www.minimumdepositcasinos.org\/fr\/wp-json\/wp\/v2\/pages\/1673\/revisions\/2845"}],"up":[{"embeddable":true,"href":"https:\/\/www.minimumdepositcasinos.org\/fr\/wp-json\/wp\/v2\/pages\/16"}],"wp:featuredmedia":[{"embeddable":true,"href":"https:\/\/www.minimumdepositcasinos.org\/fr\/wp-json\/wp\/v2\/media\/1700"}],"wp:attachment":[{"href":"https:\/\/www.minimumdepositcasinos.org\/fr\/wp-json\/wp\/v2\/media?parent=1673"}],"curies":[{"name":"wp","href":"https:\/\/api.w.org\/{rel}","templated":true}]}}