{"id":1675,"date":"2019-07-31T01:51:07","date_gmt":"2019-07-31T01:51:07","guid":{"rendered":"https:\/\/www.minimumdepositcasinos.org\/fr\/?page_id=1675"},"modified":"2019-10-29T14:19:12","modified_gmt":"2019-10-29T14:19:12","slug":"scorching-slots","status":"publish","type":"page","link":"https:\/\/www.minimumdepositcasinos.org\/fr\/revue-de-casino\/scorching-slots\/","title":{"rendered":"Scorching Slots"},"content":{"rendered":"\n<h2 class=\"wp-block-heading\">Avis concernant le Scorching Slots Casino<\/h2>\n\n\n\n<p>Avec un super bonus de bienvenue qui m\u00e9lange des <a href=\"\/fr\/tours-gratuits\/\">tours gratuits<\/a> et de l&#8217;argent comptant, Scorching Slots a beaucoup de points positifs en leur faveur. Que vous soyez nouveau dans le monde des casinos en ligne, ou un pro chevronn\u00e9 \u00e0 la recherche d&#8217;un nouveau d\u00e9fi, vous \u00eates s\u00fbr de trouver quelque chose pour attirer votre attention !<\/p>\n\n\n\n<h2 class=\"wp-block-heading\">Bonus et promotions <\/h2>\n\n\n\n<p>Scorching Slots est un casino qui sait exactement comment tirer le meilleur parti de ses joueurs, avec une offre de bienvenue incroyable qui vous fait b\u00e9n\u00e9ficier \u00e0 la fois d&#8217;argent liquide \u00e0 d\u00e9penser dans le casino, et des tours bonus pour vous permettre de vous lancer dans vos jeux favoris en un rien de temps &#8211; ainsi que quelques-uns que vous n&#8217;avez peut-\u00eatre jamais pens\u00e9 \u00e0 essayer avant ! Les tours gratuits vous donnent la chance d&#8217;essayer de nouvelles opportunit\u00e9s et de nouveaux jeux &#8211; et d&#8217;augmenter vos chances de gagner gros !<\/p>\n\n\n\n<h2 class=\"wp-block-heading\">Bonus de bienvenue <\/h2>\n\n\n\n<p>L&#8217;un des grands attraits des machines \u00e0 sous Scorching Slots est le bonus de bienvenue, qui est r\u00e9parti sur les trois premiers d\u00e9p\u00f4ts que vous effectuez sur le site. C&#8217;est un syst\u00e8me qui vous donne l&#8217;impression d&#8217;\u00eatre constamment r\u00e9compens\u00e9 pour votre fid\u00e9lit\u00e9 et qui vous offre de nombreuses possibilit\u00e9s d&#8217;explorer et de profiter pleinement du site.<\/p>\n\n\n\n<p><a href=\"https:\/\/www.minimumdepositcasinos.org\/fr\/bonus-de-depot\/\">Le premier d\u00e9p\u00f4t que vous effectuerez vous permettra d&#8217;obtenir un bonus de 100%, ainsi<\/a> que 50$ et 50 tours en bonus. Votre deuxi\u00e8me d\u00e9p\u00f4t vous permettra de mettre la main sur 150$, avec un bonus de 100%, plus un fantastique 25 tours suppl\u00e9mentaires. Enfin, le troisi\u00e8me d\u00e9p\u00f4t que vous effectuerez vous donnera un bonus de 50%, 25 tours et 300$ de bonus. C&#8217;est un excellent point de d\u00e9part pour votre exp\u00e9rience de casino, et c&#8217;est une perspective tr\u00e8s attrayante pour les nouveaux joueurs !<\/p>\n\n\n\n<h3 class=\"wp-block-heading\">Autres promotions <\/h3>\n\n\n\n<p>L&#8217;offre de bienvenue est si tentante et de si haute qualit\u00e9 que les autres promotions et bonus offerts par le site sont d\u00e9cevants et limit\u00e9s. Toutes les promotions seront offertes sur le site, mais vous devrez \u00eatre rapide pour agir car elles n&#8217;ont pas tendance \u00e0 tra\u00eener longtemps, et se produisent tr\u00e8s rarement. C&#8217;est un d\u00e9faut du casino &#8211; une fois que vous avez jou\u00e9 via l&#8217;offre de bienvenue, il y a tr\u00e8s peu d&#8217;incitation \u00e0 rester et d&#8217;essayer de nouveaux jeux. <\/p>\n\n\n\n<h3 class=\"wp-block-heading\">Conditions de participation (conditions de mise)<\/h3>\n\n\n\n<p>Tous les bonus ou gains gagn\u00e9s gr\u00e2ce aux bonus seront soumis \u00e0 des conditions de jeu &#8211; c&#8217;est le nombre total de fois que le montant devra \u00eatre jou\u00e9 et mis\u00e9 avant qu&#8217;il ne puisse \u00eatre retir\u00e9 de votre compte. Le bonus de bienvenue a une exigence de mise de 30x, tout comme les tours de bonus qui en font partie. Cela signifie que vous devrez jouer le montant total du bonus et de tous vos gains 30 fois avant de pouvoir les retirer. Certaines restrictions s&#8217;appliquent habituellement, c&#8217;est donc une bonne id\u00e9e de les v\u00e9rifier avant de jouer. <\/p>\n\n\n\n<h3 class=\"wp-block-heading\">VIP &amp; Loyaut\u00e9*<\/h3>\n\n\n\n<p>Un bon programme de fid\u00e9lit\u00e9 est un autre \u00e9l\u00e9ment important d&#8217;un casino qui marche et est un excellent moyen de donner aux joueurs le sentiment d&#8217;\u00eatre appr\u00e9ci\u00e9s. Vous deviendrez automatiquement membre du programme de fid\u00e9lit\u00e9 Scorching Slots d\u00e8s que vous aurez effectu\u00e9 votre quatri\u00e8me d\u00e9p\u00f4t, et il y a quatre niveaux \u00e0 gravir pour rejoindre les rangs de l&#8217;\u00e9lite VIP.<\/p>\n\n\n\n<p>Il y a un large \u00e9ventail de bonus \u00e0 l&#8217;adh\u00e9sion VIP, et ceux-ci augmentent au fur et \u00e0 mesure que vous gravissez les \u00e9chelons. Des avantages tels que des limites de retrait plus \u00e9lev\u00e9es, des offres VIP exclusives et un gestionnaire de compte d\u00e9di\u00e9 ne sont que quelques exemples de la fa\u00e7on dont vous pouvez b\u00e9n\u00e9ficier de l&#8217;adh\u00e9sion.<\/p>\n\n\n\n<h2 class=\"wp-block-heading\">Comment commencer \u00e0 jouer <\/h2>\n\n\n\n<p>D\u00e9marrer sur ce casino est con\u00e7u pour \u00eatre aussi facile que possible pour le joueur, et est ax\u00e9 sur la mise en place et le fonctionnement aussi rapidement que possible. En vous rendant sur le site, vous aurez la possibilit\u00e9 de vous inscrire, ce qui vous m\u00e8nera \u00e0 un formulaire de collecte de donn\u00e9es qui vous demandera des informations de base telles qu&#8217;une adresse e-mail valide, un nom, une date de naissance, etc. Votre email devra \u00eatre enregistr\u00e9 pour certifier l&#8217;authenticit\u00e9, et vous \u00eates alors libre d&#8217;effectuer le premier d\u00e9p\u00f4t pour d\u00e9clencher le bonus de bienvenue. <\/p>\n\n\n\n<p>C&#8217;est une excellente occasion d&#8217;essayer tout ce que le casino a \u00e0 offrir, en sachant que vous avez deux d\u00e9p\u00f4ts suppl\u00e9mentaires pour jouer, et en vous offrant une chance d&#8217;explorer pleinement le site, <a href=\"\/fr\/jeux\/\">en testant les classiques favoris et de nouveaux jeux qui pourraient piquer votre curiosit\u00e9 !<\/a><\/p>\n\n\n\n<h2 class=\"wp-block-heading\">Paiements<\/h2>\n\n\n\n<p>Il est important que les casinos en ligne offrent \u00e0 leurs clients de nombreuses options pour d\u00e9poser et retirer de l&#8217;argent &#8211; c&#8217;est le c\u0153ur de l&#8217;exp\u00e9rience de jeu, et rendre le processus simple, rapide et simplifi\u00e9 est crucial pour garder les joueurs \u00e0 l&#8217;aise. <\/p>\n\n\n\n<p>Il s&#8217;agit notamment de permettre des d\u00e9lais de traitement rapides et d&#8217;offrir une vari\u00e9t\u00e9 de solutions pour r\u00e9pondre \u00e0 diff\u00e9rents besoins et pr\u00e9f\u00e9rences. De plus, tous les casinos doivent s&#8217;assurer que leurs clients sont ad\u00e9quatement prot\u00e9g\u00e9s et soutenus s&#8217;ils rencontrent un probl\u00e8me &#8211; une r\u00e9ponse rapide est un must pour garder les joueurs heureux. <\/p>\n\n\n\n<p>Scorching Slots est heureux de faciliter cela, et offre une large gamme d&#8217;options pour r\u00e9pondre \u00e0 toutes les pr\u00e9f\u00e9rences, et de r\u00e9pondre \u00e0 un \u00e9ventail de diff\u00e9rents types de clients. <\/p>\n\n\n\n<h2 class=\"wp-block-heading\">M\u00e9thodes de d\u00e9p\u00f4t <\/h2>\n\n\n\n<p>Tous les casinos doivent offrir un large \u00e9ventail d&#8217;options lorsqu&#8217;il s&#8217;agit d&#8217;effectuer des d\u00e9p\u00f4ts &#8211; rendre ce processus simple et fluide plaira aux joueurs.<\/p>\n\n\n\n<h2 class=\"wp-block-heading\">D\u00e9p\u00f4ts minimum et maximum <\/h2>\n\n\n\n<p><a href=\"https:\/\/www.minimumdepositcasinos.org\/fr\/10-de-depot-minimum\/\">Un d\u00e9p\u00f4t minimum de 10$<\/a> est requis si vous cherchez \u00e0 d\u00e9clencher le bonus de bienvenue, et il y a un bonus total maximum disponible de 500$, et 100 tours suppl\u00e9mentaires. Si vous avez d\u00e9j\u00e0 d\u00e9clench\u00e9 le bonus, aucun d\u00e9p\u00f4t minimum n&#8217;est requis sur votre compte. <\/p>\n\n\n\n<h2 class=\"wp-block-heading\">M\u00e9thodes et temps de retrait <\/h2>\n\n\n\n<p>Il y a une limite de retrait de 500$ par semaine ou 2000$ par mois, pour chaque joueur. <a href=\"\/fr\/logiciel\/\">Il y a une gamme de m\u00e9thodes disponibles<\/a>, et les temps pris varieront selon votre m\u00e9thode pr\u00e9f\u00e9r\u00e9e.<\/p>\n\n\n\n<p>Les m\u00e9thodes de retrait comprennent le virement bancaire, PaySafecard, Neteller, Skrill, Visa, Sepa, et Trustly. Les portefeuilles \u00e9lectroniques sont la m\u00e9thode la plus rapide, sous 24 heures, tandis que les virements bancaires peuvent prendre de 3 \u00e0 7 jours pour se lib\u00e9rer. Toutes les transactions seront sujettes \u00e0 une p\u00e9riode de 48 \u00e0 72 heures. <\/p>\n\n\n\n<h2 class=\"wp-block-heading\">Jeux<\/h2>\n\n\n\n<p>La force d&#8217;un casino se mesure \u00e0 l&#8217;aide d&#8217;un barom\u00e8tre tr\u00e8s clair : l&#8217;\u00e9tendue et la qualit\u00e9 des jeux propos\u00e9s. Il est important qu&#8217;il y ait quelque chose qui convienne \u00e0 tous les int\u00e9r\u00eats et que tous les jeux propos\u00e9s soient de haute qualit\u00e9 et qu&#8217;ils offrent le meilleur pour le plus grand plaisir des clients. Les machines \u00e0 sous Scorching Slots r\u00e9pondent \u00e0 cet engagement et offrent une large gamme des titres les plus chauds disponibles. <\/p>\n\n\n\n<h3 class=\"wp-block-heading\">Machines \u00e0 sous<\/h3>\n\n\n\n<p>Les machines \u00e0 sous sont un aspect important de tout casino et elles apparaissent massivement chez Scorching Slots. Certains des meilleurs fournisseurs sont impliqu\u00e9s dans la fourniture des jeux, tels que Big Time Gaming, NetEnt, et IGT, et certains des titres disponibles incluent Cleopatra, Bonanza, Gonzo&#8217;s Quest, Ted, et Starburst, parmi beaucoup d&#8217;autres. <\/p>\n\n\n\n<h3 class=\"wp-block-heading\">Table de Jeux<\/h3>\n\n\n\n<p>En plus d&#8217;une grande vari\u00e9t\u00e9 de machines \u00e0 sous, les jeux de table sont une autre caract\u00e9ristique essentielle de tous les bons casinos, et Scorching Slots ne d\u00e9\u00e7oit pas. Bien que l&#8217;accent soit mis sur les machines \u00e0 sous, <a href=\"\/fr\/jeux\/blackjack\/\">les amateurs de jeux de table pourront trouver des classiques tels que le Blackjack<\/a> et la Roulette, parmi de nombreuses autres offres. <\/p>\n\n\n\n<h3 class=\"wp-block-heading\">Jeux avec un dealer en live<\/h3>\n\n\n\n<p>Une option de casino en direct est un ajout fantastique et est essentiel \u00e0 tout site. Elle permet aux joueurs d\u2019absorber pleinement cet environnement de casino unique, jusqu\u2019au silence, alors que la foule retient son souffle avec impatience. <a href=\"\/fr\/jeux\/roulette\/\">Les offres incluent Live Speed Roulette<\/a>, Live Speed Baccarat et Live Three Card Poker, entre autres, et c&#8217;est une chance d&#8217;apporter le frisson et la magie du casino directement dans le confort de votre propre maison.<\/p>\n\n\n\n<h2 class=\"wp-block-heading\">Mobile &amp; Apps<\/h2>\n\n\n\n<p>Dans un monde largement dict\u00e9 par la technologie, une offre mobile semble un choix \u00e9vident pour tout casino en ligne, et Scorching Slots le reconnait en rendant <a href=\"\/fr\/appareils\/android\/\">certains de leurs jeux compatibles avec les appareils Android<\/a> et iOS. Il n&#8217;est pas n\u00e9cessaire de t\u00e9l\u00e9charger une application, ce qui est un avantage, et vous constaterez peut-\u00eatre que votre favori n&#8217;est pas disponible en d\u00e9placement. Cela pourrait \u00eatre d\u00e9cevant, surtout si vous \u00eates habitu\u00e9 \u00e0 un site qui a une plus grande gamme de jeux et d&#8217;options optimis\u00e9s. <\/p>\n\n\n\n<h2 class=\"wp-block-heading\">S\u00e9curit\u00e9 et licences <\/h2>\n\n\n\n<p>Afin de profiter pleinement de l&#8217;exp\u00e9rience du casino et de s&#8217;y plonger compl\u00e8tement dedans, il est important que la s\u00e9curit\u00e9 soit pleinement prise en charge. Jouer \u00e0 un casino implique la transmission d&#8217;une grande quantit\u00e9 d&#8217;informations personnelles et financi\u00e8res, et il est tout \u00e0 fait naturel que certains joueurs puissent se sentir tr\u00e8s concern\u00e9s par les implications de cette situation. <\/p>\n\n\n\n<p>Les machines \u00e0 sous Scorching Slots utilisent le cryptage SSL pour aider \u00e0 prot\u00e9ger les donn\u00e9es de leurs joueurs, et ceci satisfait pleinement \u00e0 toutes les normes requises par les exigences du Royaume-Uni et de l&#8217;UE. Un g\u00e9n\u00e9rateur de nombres al\u00e9atoires est \u00e9galement utilis\u00e9 pour s&#8217;assurer que tous les r\u00e9sultats et tous les jeux sont totalement \u00e9quitables, ce qui est contr\u00f4l\u00e9 par les experts de Nektan Limited comme deuxi\u00e8me forme de v\u00e9rification. Le caract\u00e8re al\u00e9atoire est \u00e9galement certifi\u00e9 par un laboratoire d&#8217;essai accr\u00e9dit\u00e9, un expert externe ind\u00e9pendant. Scorching Slots d\u00e9tient \u00e9galement une licence de jeu britannique compl\u00e8te. <\/p>\n\n\n\n<h2 class=\"wp-block-heading\">Support client <\/h2>\n\n\n\n<p>Les clients ont besoin de se sentir en s\u00e9curit\u00e9 et soutenus, et ceci est disponible avec les machines \u00e0 sous Scorching Slots, qui offrent un service de chat en direct et un service client par t\u00e9l\u00e9phone, qui sont disponibles de 8h \u00e0 minuit &#8211; l\u00e9g\u00e8rement d\u00e9cevant \u00e9tant donn\u00e9 que certains casinos offrent un support 24\/7. La fonction de messagerie \u00e9lectronique est toutefois disponible 24 heures sur 24, 7 jours sur 7, et les r\u00e9ponses devraient l&#8217;\u00eatre dans les 24 heures. <\/p>\n\n\n\n<h2 class=\"wp-block-heading\"> Notre verdict<\/h2>\n\n\n\n<p>Avec une large gamme de jeux, l&#8217;acc\u00e8s \u00e0 des bonus assez cool, et un site facile \u00e0 utiliser, Scorching Slots est certainement un des grands concurrents dans le monde des casinos en ligne. Bien que leur service client et leur fonctionnalit\u00e9 mobile pourraient \u00eatre meilleurs, il nous offre une exp\u00e9rience de casino immersive et excitante. <\/p>\n","protected":false},"excerpt":{"rendered":"<p>Avis concernant le Scorching Slots Casino Avec un super bonus de bienvenue qui m\u00e9lange des tours gratuits et de l&#8217;argent comptant, Scorching Slots a beaucoup de points positifs en leur faveur. Que vous soyez nouveau dans le monde des casinos en ligne, ou un pro chevronn\u00e9 \u00e0 la recherche d&#8217;un nouveau d\u00e9fi, vous \u00eates s\u00fbr [&hellip;]<\/p>\n","protected":false},"author":10,"featured_media":1706,"parent":16,"menu_order":0,"comment_status":"closed","ping_status":"closed","template":"page_review_card.php","meta":{"_acf_changed":false,"footnotes":""},"class_list":["post-1675","page","type-page","status-publish","has-post-thumbnail","hentry"],"acf":[],"_links":{"self":[{"href":"https:\/\/www.minimumdepositcasinos.org\/fr\/wp-json\/wp\/v2\/pages\/1675","targetHints":{"allow":["GET"]}}],"collection":[{"href":"https:\/\/www.minimumdepositcasinos.org\/fr\/wp-json\/wp\/v2\/pages"}],"about":[{"href":"https:\/\/www.minimumdepositcasinos.org\/fr\/wp-json\/wp\/v2\/types\/page"}],"author":[{"embeddable":true,"href":"https:\/\/www.minimumdepositcasinos.org\/fr\/wp-json\/wp\/v2\/users\/10"}],"replies":[{"embeddable":true,"href":"https:\/\/www.minimumdepositcasinos.org\/fr\/wp-json\/wp\/v2\/comments?post=1675"}],"version-history":[{"count":6,"href":"https:\/\/www.minimumdepositcasinos.org\/fr\/wp-json\/wp\/v2\/pages\/1675\/revisions"}],"predecessor-version":[{"id":2687,"href":"https:\/\/www.minimumdepositcasinos.org\/fr\/wp-json\/wp\/v2\/pages\/1675\/revisions\/2687"}],"up":[{"embeddable":true,"href":"https:\/\/www.minimumdepositcasinos.org\/fr\/wp-json\/wp\/v2\/pages\/16"}],"wp:featuredmedia":[{"embeddable":true,"href":"https:\/\/www.minimumdepositcasinos.org\/fr\/wp-json\/wp\/v2\/media\/1706"}],"wp:attachment":[{"href":"https:\/\/www.minimumdepositcasinos.org\/fr\/wp-json\/wp\/v2\/media?parent=1675"}],"curies":[{"name":"wp","href":"https:\/\/api.w.org\/{rel}","templated":true}]}}