{"id":173,"date":"2018-09-06T16:38:41","date_gmt":"2018-09-06T15:38:41","guid":{"rendered":"https:\/\/www.minimumdepositcasinos.org\/fr\/?page_id=173"},"modified":"2024-04-30T13:29:54","modified_gmt":"2024-04-30T13:29:54","slug":"playtech","status":"publish","type":"page","link":"https:\/\/www.minimumdepositcasinos.org\/fr\/logiciel\/playtech\/","title":{"rendered":"Playtech"},"content":{"rendered":"\n<h1 class=\"wp-block-heading\">Logiciel de Playtech<\/h1>\n\n\n\n<p>Fond\u00e9 en 1999, <a href=\"https:\/\/www.playtech.com\/products\/casino\/\" target=\"_blank\" rel=\"noreferrer noopener\">Playtech<\/a> est l&#8217;un des principaux fournisseurs de <a href=\"\/fr\/jeux\/\">jeux de casino en ligne<\/a>. Bas\u00e9e sur l&#8217;\u00eele de Man, la soci\u00e9t\u00e9 peut se targuer d&#8217;un riche h\u00e9ritage couvrant plus de deux d\u00e9cennies d&#8217;innovation et d&#8217;excellence dans l&#8217;industrie du jeu en ligne. L&#8217;engagement de Playtech en faveur d&#8217;une technologie de pointe et d&#8217;exp\u00e9riences de jeu immersives a consolid\u00e9 sa position de leader mondial dans ce domaine. Avec un portefeuille diversifi\u00e9 allant des jeux de table classiques aux exp\u00e9riences de r\u00e9alit\u00e9 virtuelle de pointe, Playtech fournit constamment un contenu de premier ordre con\u00e7u pour r\u00e9pondre aux demandes en constante \u00e9volution des joueurs du monde entier.<\/p>\n\n\n\n<h2 class=\"wp-block-heading\">Les derniers jeux Playtech<\/h2>\n\n\n\n<p>Parmi les jeux acclam\u00e9s de Playtech, \u00ab Age of the Gods \u00bb se distingue comme un ajout exceptionnel \u00e0 leur prestigieuse gamme de jeux de casino. Ce jeu de machine \u00e0 sous captivant, qui fait directement r\u00e9f\u00e9rence aux enchantements de la mythologie ancienne, plonge les joueurs dans un monde o\u00f9 abondent les entit\u00e9s divines et les h\u00e9ros l\u00e9gendaires. \u00ab L&#8217;\u00e2ge des dieux \u00bb \u00e9blouit par ses graphismes impressionnants et sa bande sonore atmosph\u00e9rique qui enrichit le voyage mythologique. Alors que les joueurs naviguent dans le royaume des dieux grecs et des histoires \u00e9piques, ils rencontrent une s\u00e9rie de bonus uniques et attrayants con\u00e7us pour am\u00e9liorer l&#8217;exp\u00e9rience de jeu et augmenter le potentiel de gain. Ce jeu phare de Playtech promet non seulement des heures de jeu captivantes, mais offre \u00e9galement aux joueurs la possibilit\u00e9 de d\u00e9bloquer des r\u00e9compenses monumentales.<\/p>\n\n\n<div class=\"wp-block-image\">\n<figure class=\"aligncenter size-full\"><img loading=\"lazy\" decoding=\"async\" width=\"400\" height=\"505\" src=\"https:\/\/www.minimumdepositcasinos.org\/fr\/wp-content\/uploads\/2024\/04\/Plsytech-Age-of-the-Gods-Slot-image.jpg\" alt=\"Playtech - Age of the Gods Slot game\" class=\"wp-image-10961\" srcset=\"https:\/\/www.minimumdepositcasinos.org\/fr\/wp-content\/uploads\/2024\/04\/Plsytech-Age-of-the-Gods-Slot-image.jpg 400w, https:\/\/www.minimumdepositcasinos.org\/fr\/wp-content\/uploads\/2024\/04\/Plsytech-Age-of-the-Gods-Slot-image-238x300.jpg 238w\" sizes=\"auto, (max-width: 400px) 100vw, 400px\" \/><\/figure><\/div>\n\n\n<h2 class=\"wp-block-heading\">\u202fLes meilleurs casinos Playtech<\/h2>\n\n\n\n<h3 class=\"wp-block-heading\"><strong>Liste des meilleurs casinos Playtech bient\u00f4t disponible !<\/strong><\/h3>\n\n\n\n<h2 class=\"wp-block-heading\">\u202fLes jeux de Playtech<\/h2>\n\n\n\n<p>Playtech, un nom r\u00e9put\u00e9 dans le monde des jeux de casino en ligne, propose une pl\u00e9thore de titres captivants qui r\u00e9pondent \u00e0 des pr\u00e9f\u00e9rences et \u00e0 des go\u00fbts divers. Dans ce vaste cadre, les joueurs peuvent se plonger dans diverses cat\u00e9gories de jeux, chacune offrant des sensations uniques. Des jeux de table classiques comme le blackjack et la roulette aux exp\u00e9riences immersives des machines \u00e0 sous et aux offres de r\u00e9alit\u00e9 virtuelle de pointe, Playtech s&#8217;assure qu&#8217;il y a quelque chose pour chaque type de joueur.<\/p>\n\n\n\n<h3 class=\"wp-block-heading\">Machines \u00e0 sous Playtech<\/h3>\n\n\n\n<p>\u202f\u202fLorsqu&#8217;il s&#8217;agit de <a href=\"\/fr\/jeux\/machines-a-sous\/\">jeux de machines \u00e0 sous<\/a>, Playtech est un titan de l&#8217;industrie, r\u00e9put\u00e9 pour offrir des jeux passionnants et des r\u00e9compenses all\u00e9chantes. Parmi les titres les plus populaires, citons \u00ab Age of the Gods \u00bb, une s\u00e9rie \u00e9pique inspir\u00e9e de la mythologie antique, qui affiche un taux de retour au joueur (RTP) impressionnant de plus de 95 %. Les joueurs peuvent \u00e9galement se plonger dans le monde des super-h\u00e9ros avec \u00ab Justice League \u00bb, un autre titre tr\u00e8s appr\u00e9ci\u00e9 de Playtech dont le RTP d\u00e9passe les 96%. Avec des th\u00e8mes captivants, des visuels \u00e9poustouflants et des fonctionnalit\u00e9s gratifiantes, les machines \u00e0 sous Playtech continuent de s\u00e9duire les joueurs du monde entier, en leur offrant non seulement du divertissement, mais aussi des opportunit\u00e9s lucratives de gagner gros.<\/p>\n\n\n\n<h2 class=\"wp-block-heading\">Les licences de Playtech<\/h2>\n\n\n\n<p>Playtech, en tant que fournisseur de premier plan dans l&#8217;industrie des jeux de casino en ligne, donne la priorit\u00e9 \u00e0 la conformit\u00e9 r\u00e9glementaire et \u00e0 la confiance des joueurs par le biais de sa strat\u00e9gie compl\u00e8te d&#8217;octroi de licences. Exploitant des licences d\u00e9livr\u00e9es par des organismes de r\u00e9glementation r\u00e9put\u00e9s tels que la UK Gambling Commission, la Malta Gaming Authority et la Gibraltar Gambling Commission, Playtech veille \u00e0 ce que ses op\u00e9rations respectent les normes les plus strictes en mati\u00e8re d&#8217;\u00e9quit\u00e9, de s\u00e9curit\u00e9 et de jeu responsable. Avec une pr\u00e9sence dans diverses juridictions \u00e0 travers le monde, y compris en Europe, en Asie et en Am\u00e9rique latine, l&#8217;engagement de Playtech \u00e0 obtenir et \u00e0 maintenir des licences multiples souligne son d\u00e9vouement \u00e0 fournir un environnement de jeu s\u00fbr et transparent pour les joueurs du monde entier.<\/p>\n\n\n\n<h2 class=\"wp-block-heading\">Ce qui fait la diff\u00e9rence de Playtech<\/h2>\n\n\n\n<p>Playtech se distingue dans le paysage concurrentiel des jeux en ligne par sa poursuite incessante de l&#8217;innovation et son engagement in\u00e9branlable en faveur de l&#8217;excellence. L&#8217;un des aspects cl\u00e9s qui distingue Playtech est sa technologie de pointe, qui repousse sans cesse les limites du possible dans le domaine des jeux de casino en ligne. Gr\u00e2ce \u00e0 des fonctionnalit\u00e9s avanc\u00e9es telles que des jeux aliment\u00e9s par l&#8217;IA, des exp\u00e9riences immersives de r\u00e9alit\u00e9 virtuelle et une int\u00e9gration multiplateforme transparente, Playtech am\u00e9liore l&#8217;exp\u00e9rience du joueur, la rendant plus attrayante et plus gratifiante que jamais. De plus, le d\u00e9vouement de Playtech \u00e0 la qualit\u00e9 va au-del\u00e0 de la technologie, comme en t\u00e9moignent ses partenariats avec des marques et des franchises renomm\u00e9es pour cr\u00e9er des jeux \u00e0 th\u00e8me captivants qui trouvent un \u00e9cho aupr\u00e8s des joueurs du monde entier. Ce m\u00e9lange unique de prouesses technologiques et de collaboration cr\u00e9ative n&#8217;\u00e9l\u00e8ve pas seulement l&#8217;exp\u00e9rience de jeu, mais renforce \u00e9galement la position de Playtech en tant que pr\u00e9curseur dans l&#8217;industrie des jeux en ligne.<\/p>\n","protected":false},"excerpt":{"rendered":"<p>Logiciel de Playtech Fond\u00e9 en 1999, Playtech est l&#8217;un des principaux fournisseurs de jeux de casino en ligne. Bas\u00e9e sur l&#8217;\u00eele de Man, la soci\u00e9t\u00e9 peut se targuer d&#8217;un riche h\u00e9ritage couvrant plus de deux d\u00e9cennies d&#8217;innovation et d&#8217;excellence dans l&#8217;industrie du jeu en ligne. L&#8217;engagement de Playtech en faveur d&#8217;une technologie de pointe et [&hellip;]<\/p>\n","protected":false},"author":1,"featured_media":10899,"parent":163,"menu_order":0,"comment_status":"closed","ping_status":"closed","template":"","meta":{"_acf_changed":false,"footnotes":""},"class_list":["post-173","page","type-page","status-publish","has-post-thumbnail","hentry"],"acf":[],"_links":{"self":[{"href":"https:\/\/www.minimumdepositcasinos.org\/fr\/wp-json\/wp\/v2\/pages\/173","targetHints":{"allow":["GET"]}}],"collection":[{"href":"https:\/\/www.minimumdepositcasinos.org\/fr\/wp-json\/wp\/v2\/pages"}],"about":[{"href":"https:\/\/www.minimumdepositcasinos.org\/fr\/wp-json\/wp\/v2\/types\/page"}],"author":[{"embeddable":true,"href":"https:\/\/www.minimumdepositcasinos.org\/fr\/wp-json\/wp\/v2\/users\/1"}],"replies":[{"embeddable":true,"href":"https:\/\/www.minimumdepositcasinos.org\/fr\/wp-json\/wp\/v2\/comments?post=173"}],"version-history":[{"count":4,"href":"https:\/\/www.minimumdepositcasinos.org\/fr\/wp-json\/wp\/v2\/pages\/173\/revisions"}],"predecessor-version":[{"id":10963,"href":"https:\/\/www.minimumdepositcasinos.org\/fr\/wp-json\/wp\/v2\/pages\/173\/revisions\/10963"}],"up":[{"embeddable":true,"href":"https:\/\/www.minimumdepositcasinos.org\/fr\/wp-json\/wp\/v2\/pages\/163"}],"wp:featuredmedia":[{"embeddable":true,"href":"https:\/\/www.minimumdepositcasinos.org\/fr\/wp-json\/wp\/v2\/media\/10899"}],"wp:attachment":[{"href":"https:\/\/www.minimumdepositcasinos.org\/fr\/wp-json\/wp\/v2\/media?parent=173"}],"curies":[{"name":"wp","href":"https:\/\/api.w.org\/{rel}","templated":true}]}}