{"id":1737,"date":"2019-08-01T10:22:57","date_gmt":"2019-08-01T10:22:57","guid":{"rendered":"https:\/\/www.minimumdepositcasinos.org\/fr\/?page_id=1737"},"modified":"2019-10-30T14:38:51","modified_gmt":"2019-10-30T14:38:51","slug":"gowin","status":"publish","type":"page","link":"https:\/\/www.minimumdepositcasinos.org\/fr\/revue-de-casino\/gowin\/","title":{"rendered":"GoWin"},"content":{"rendered":"\n<h2 class=\"wp-block-heading\"><strong>Avis <g class=\"gr_ gr_3 gr-alert gr_spell gr_inline_cards gr_run_anim ContextualSpelling ins-del multiReplace\" id=\"3\" data-gr-id=\"3\">sur<\/g> la r\u00e9partition<\/strong><\/h2>\n\n\n\n<p>GoWin Casino est un bon choix puisqu&#8217;il r\u00e9compense ses joueurs, et le lucratif Bonus de Bienvenue est une excellente raison pour s&#8217;inscrire ! Avec  $850 \u00e0 d\u00e9penser pour certains de vos jeux pr\u00e9f\u00e9r\u00e9s, il n&#8217;y a jamais eu de meilleur moment pour jouer ! GoWin offre des conseils sur certains des meilleurs casinos qui existent, ainsi qu&#8217;une grande vari\u00e9t\u00e9 de machines \u00e0 sous et de jeux de table pour que les joueurs puissent en profiter sur leur propre site !<\/p>\n\n\n\n<h2 class=\"wp-block-heading\">Bonus et promotions <\/h2>\n\n\n\n<p>N&#8217;importe quel casino de haute qualit\u00e9 saura l&#8217;importance d&#8217;offrir des bonus et des promotions de haute qualit\u00e9 \u00e0 \u00e9galer ; ceux-ci sont essentiels pour attirer de nouveaux clients, et pour r\u00e9compenser la fid\u00e9lit\u00e9 de ceux qui restent fid\u00e8les et reviennent au jeu \u00e0 maintes reprises. GoWin ne fait pas exception \u00e0 la r\u00e8gle : ils sont fiers d&#8217;offrir une large gamme d&#8217;offres attrayantes con\u00e7ues pour plaire aux joueurs de tous types et de toutes capacit\u00e9s !<\/p>\n\n\n\n<h3 class=\"wp-block-heading\">Bonus de bienvenue<\/h3>\n\n\n\n<p>L&#8217;une des principales caract\u00e9ristiques du site est le Bonus de Bienvenue, qui offre 850\u20ac en esp\u00e8ces \u00e0 tous les nouveaux joueurs. Ceci est r\u00e9parti sur les trois premiers d\u00e9p\u00f4ts effectu\u00e9s et est s\u00e9par\u00e9 en un <a href=\"https:\/\/www.minimumdepositcasinos.org\/fr\/bonus-de-depot\/\">bonus de 200% sur le premier d\u00e9p\u00f4t<\/a>, 100% sur le second, et 50% sur le troisi\u00e8me. <\/p>\n\n\n\n<p>En plus des bonus lucratifs pour vous aider \u00e0 aller plus loin, le premier d\u00e9p\u00f4t que vous effectuerez d\u00e9clenchera \u00e9galement 50 <a href=\"https:\/\/www.minimumdepositcasinos.org\/fr\/tours-gratuits\/\">tours bonus sur la machine \u00e0 sous Starburst,<\/a> qui est r\u00e9guli\u00e8rement \u00e9lue l&#8217;une des meilleures options de machines \u00e0 sous et qui est reconnue pour sa popularit\u00e9. <\/p>\n\n\n\n<p>Individuellement, ces deux offres sont des opportunit\u00e9s fantastiques pour commencer \u00e0 jouer \u00e0 vos jeux pr\u00e9f\u00e9r\u00e9s. Une fois combin\u00e9s, voici une brillante id\u00e9e pour essayer les machines \u00e0 sous et les jeux que vous n&#8217;avez jamais explor\u00e9s auparavant &#8211; vous n&#8217;avez rien \u00e0 perdre !<\/p>\n\n\n\n<h3 class=\"wp-block-heading\">Autres promotions <\/h3>\n\n\n\n<p>En plus d&#8217;une excellente offre de bienvenue, les joueurs peuvent \u00e9galement b\u00e9n\u00e9ficier du Match quotidien de 50%. C&#8217;est une fa\u00e7on fantastique de recevoir un rendement sur les d\u00e9p\u00f4ts que vous effectuez chaque jour et qui s&#8217;appliquera \u00e0 un jeu diff\u00e9rent chaque jour. Pour se qualifier, les joueurs devront d\u00e9poser de l&#8217;argent comptant et l&#8217;utiliser pour jouer au jeu s\u00e9lectionn\u00e9, ce qui vous permettra d&#8217;obtenir un bonus de 50%.<\/p>\n\n\n\n<p>La promotion Vendredi 20 Spins <a href=\"https:\/\/www.minimumdepositcasinos.org\/fr\/tours-gratuits\/\">Gratuits est \u00e9galement offerte<\/a>, ce qui vous donne 20 Spins Gratuits sur Starburst simplement pour avoir d\u00e9pos\u00e9 10\u20ac sur votre compte un vendredi !<\/p>\n\n\n\n<h3 class=\"wp-block-heading\">Conditions de participation (conditions de mise)<\/h3>\n\n\n\n<p>Chaque offre de bonus et de d\u00e9p\u00f4t est soumise \u00e0 des conditions de mise qui doivent \u00eatre remplies. C&#8217;est essentiellement le nombre de fois que le d\u00e9p\u00f4t et tous les gains g\u00e9n\u00e9r\u00e9s par le bonus doivent \u00eatre jou\u00e9s avant de pouvoir \u00eatre retir\u00e9s, et cela a tendance \u00e0 varier d&#8217;une partie \u00e0 l&#8217;autre.<\/p>\n\n\n\n<p>Le bonus de bienvenue du Casino GoWin a une exigence de mise de 30x pour chaque d\u00e9p\u00f4t effectu\u00e9, ce qui signifie que le montant total du bonus, plus tous les gains qui sont gagn\u00e9s en jouant ce bonus, doit \u00eatre jou\u00e9 jusqu&#8217;\u00e0 30x avant que l&#8217;argent puisse \u00eatre retir\u00e9. Il vaut \u00e9galement la peine de v\u00e9rifier quels jeux s&#8217;appliquent &#8211; il y a g\u00e9n\u00e9ralement des restrictions. Toutes les conditions de mise doivent \u00eatre satisfaites dans les 24 heures, ce qui en fait un d\u00e9fi beaucoup plus grand que celui des autres casinos.<\/p>\n\n\n\n<h3 class=\"wp-block-heading\">VIP &amp; Loyaut\u00e9*<\/h3>\n\n\n\n<p>Comme tout casino haut de gamme le sait, un solide programme VIP et de fid\u00e9lisation est essentiel pour que vos clients se sentent sp\u00e9ciaux. Le club VIP GoWin est l&#8217;occasion de mettre la main sur des offres exclusives et des bonus, et de profiter d&#8217;une exp\u00e9rience de casino luxueuse qui vous permet de b\u00e9n\u00e9ficier d&#8217;un responsable VIP d\u00e9di\u00e9, d&#8217;un support 24h\/24 et 7j\/7, d&#8217;une remise mensuelle en esp\u00e8ces, d&#8217;une participation \u00e0 des tirages exclusifs et de bonus sur d\u00e9p\u00f4ts, pour n&#8217;en citer que quelques-uns. <\/p>\n\n\n\n<p>L&#8217;entr\u00e9e dans le club se fait sur invitation seulement, mais l&#8217;adh\u00e9sion est \u00e0 vie, tant que vous ne fermez pas votre compte. <\/p>\n\n\n\n<h2 class=\"wp-block-heading\">Comment commencer \u00e0 jouer <\/h2>\n\n\n\n<p><a href=\"\/fr\/go\/gowin@frr\">Commencer sur ce site<\/a> est un processus tr\u00e8s simple, et chaque \u00e9tape est destin\u00e9e \u00e0 vous permettre de d\u00e9marrer aussi vite que possible. La premi\u00e8re \u00e9tape consiste \u00e0 cr\u00e9er un compte en ligne et \u00e0 s&#8217;inscrire sur le site, en s\u00e9lectionnant l&#8217;option &#8221; Inscription &#8221; en haut de l&#8217;\u00e9cran. Vous serez redirig\u00e9 vers un formulaire qui vous permettra de remplir des informations cl\u00e9s telles que votre date de naissance, votre adresse e-mail et votre nom. L&#8217;\u00e9tape suivante consiste \u00e0 confirmer votre adresse email, et vous serez alors libre d&#8217;explorer le site.<\/p>\n\n\n\n<p>Pour d\u00e9clencher l&#8217;offre de bienvenue, vous devrez effectuer votre d\u00e9p\u00f4t initial, qui doit \u00eatre d&#8217;au moins 10 $. Ceci d\u00e9clenchera le premier bonus, et vous pouvez soit jouer imm\u00e9diatement, soit compl\u00e9ter les deux prochains d\u00e9p\u00f4ts pour d\u00e9clencher le bonus complet. Rappelez-vous qu&#8217;il y aura des conditions de mise \u00e0 remplir avant que vous ne puissiez retirer le montant.<\/p>\n\n\n\n<h2 class=\"wp-block-heading\">Paiements<\/h2>\n\n\n\n<p>En plus des bonus fantastiques et <a href=\"https:\/\/www.minimumdepositcasinos.org\/fr\/jeux\/\">d&#8217;une large gamme de jeux<\/a>, il y a un autre \u00e9l\u00e9ment essentiel des casinos qui doit \u00eatre trait\u00e9 : le paiement. Les clients et les joueurs doivent pouvoir acc\u00e9der \u00e0 leurs gains rapidement et facilement, et effectuer des d\u00e9p\u00f4ts doit \u00eatre un processus simple et simplifi\u00e9 qui vous permet de revenir aux jeux plus rapidement. Cette facilit\u00e9 comprend l&#8217;offre d&#8217;un large \u00e9ventail d&#8217;options pour effectuer des retraits et des d\u00e9p\u00f4ts, assurer des d\u00e9lais de transaction rapides et s&#8217;assurer que le soutien est disponible dans l&#8217;\u00e9ventualit\u00e9 &#8211; esp\u00e9rons-le peu probable &#8211; o\u00f9 quelque chose tournerait mal. <\/p>\n\n\n\n<p>GoWin Casino semble reconna\u00eetre cette importance et offrir une grande vari\u00e9t\u00e9 d&#8217;options pour rendre la vie des clients plus facile et plus simple.<\/p>\n\n\n\n<h3 class=\"wp-block-heading\">M\u00e9thodes de d\u00e9p\u00f4t <\/h3>\n\n\n\n<p>Un <a href=\"https:\/\/www.minimumdepositcasinos.org\/fr\/options-dachat\/\">\u00e9ventail de m\u00e9thodes de d\u00e9p\u00f4t<\/a> est essentiel pour assurer la satisfaction des clients et leur permettre de revenir sur le site \u00e0 maintes reprises.<\/p>\n\n\n\n<h3 class=\"wp-block-heading\">D\u00e9p\u00f4ts minimum et maximum<\/h3>\n\n\n\n<p>Il y a un <a href=\"https:\/\/www.minimumdepositcasinos.org\/fr\/10-de-depot-minimum\/\">montant minimum de d\u00e9p\u00f4t de $10<\/a>, bien que les joueurs qui pr\u00e9voient d&#8217;utiliser Boku devront d\u00e9poser un minimum de $15. Il n&#8217;y a actuellement pas de montant maximum de d\u00e9p\u00f4t, mais c&#8217;est quelque chose qui pourrait changer \u00e0 l&#8217;avenir.<\/p>\n\n\n\n<h3 class=\"wp-block-heading\">M\u00e9thodes et temps de retrait <\/h3>\n\n\n\n<p>Les joueurs peuvent retirer entre $20 et $2000 chaque jour, et l&#8217;objectif est de traiter tous les paiements dans les trois \u00e0 cinq jours ouvrables, selon la m\u00e9thode que vous choisissez. <\/p>\n\n\n\n<p>Il existe une gamme de m\u00e9thodes de retrait disponibles, y compris Maestro, MasterCard, Neteller, Solo, Visa Electron, <a href=\"\/fr\/options-dachat\/visa\/\">Visa<\/a>, Skrill, et Boku &#8211; cette derni\u00e8re option entra\u00eene des frais de 15%.<\/p>\n\n\n\n<p>La m\u00e9thode que vous choisissez aura une incidence sur le temps n\u00e9cessaire pour traiter votre paiement &#8211; les portefeuilles \u00e9lectroniques sont les plus rapides, sous 24 heures, tandis que les cartes de cr\u00e9dit et de d\u00e9bit peuvent prendre de 3 \u00e0 5 jours. Tous les paiements auront un d\u00e9lai d&#8217;attente de 72 heures. <\/p>\n\n\n\n<h2 class=\"wp-block-heading\">Jeux<\/h2>\n\n\n\n<p>Avec la meilleure volont\u00e9 du monde, m\u00eame les offres de bienvenue les plus tentantes n&#8217;attireront pas les clients et ne les convaincront pas de rester si les jeux ne sont pas \u00e0 la hauteur. Heureusement, GoWin est capable de cocher les deux cases ; en plus d&#8217;offrir une gamme de commentaires pour les meilleurs casinos, ils apportent \u00e9galement leurs propres offres \u00e0 la table, avec une vari\u00e9t\u00e9 de jeux diff\u00e9rents de certains des principaux fournisseurs.<\/p>\n\n\n\n<h3 class=\"wp-block-heading\">Machines \u00e0 sous<\/h3>\n\n\n\n<p>Le site comprend des machines \u00e0 sous de certains des <a href=\"https:\/\/www.minimumdepositcasinos.org\/fr\/logiciel\/\">meilleurs fournisseurs de logiciels de l&#8217;industrie<\/a>, notamment NetEnt, NextGen Gaming, Realistic Games, Big Time Gaming et Microgaming, pour n&#8217;en nommer que quelques-uns. Les machines \u00e0 sous en ligne sont nombreuses, avec des titres tels que When Pigs Fly, Merlin&#8217;s Magic Respins, Spinata Grande et Medusa, entre autres.<\/p>\n\n\n\n<h3 class=\"wp-block-heading\">Tableau Jeux<\/h3>\n\n\n\n<p>Si les tables de jeux sont plus votre style, vous ne serez pas d\u00e9\u00e7u, car le site en offre une vari\u00e9t\u00e9 \u00e0 choisir. La roulette et le <a href=\"\/fr\/jeux\/blackjack\/\">blackjack sont parmi les plus populaires<\/a>, et il y a une gamme de variations pour vous aider \u00e0 rester ici.<\/p>\n\n\n\n<h3 class=\"wp-block-heading\">Jeux avec un dealer en direct <\/h3>\n\n\n\n<p>En plus d&#8217;une grande vari\u00e9t\u00e9 de jeux de table et de machines \u00e0 sous, l&#8217;un des principaux avantages de GoWin est l&#8217;inclusion d&#8217;un Dealer en live pour le casino. Ceci est propuls\u00e9 par Extreme Live Gaming et inclut des options populaires telles que le Baccarat, la Roulette et le Blackjack. <\/p>\n\n\n\n<p>Les casinos en direct sont une fa\u00e7on fantastique de vous immerger dans le monde du casino, et d&#8217;apporter l&#8217;environnement et l&#8217;atmosph\u00e8re directement dans votre maison, peu importe o\u00f9 vous \u00eates dans le monde &#8211; vous retiendrez votre souffle avec les autres joueurs !<\/p>\n\n\n\n<h2 class=\"wp-block-heading\">Mobile &amp; Apps<\/h2>\n\n\n\n<p>Dans un monde accessible 24 heures sur 24, il est naturel que les clients s&#8217;attendent automatiquement \u00e0 ce que le casino de leur choix soit enti\u00e8rement accessible via leur mobile &#8211; et GoWin le sait. Le casino est enti\u00e8rement optimis\u00e9 pour les tablettes et t\u00e9l\u00e9phones iOS et Android, et la m\u00eame gamme de jeux de qualit\u00e9 sup\u00e9rieure est disponible sur toutes les plateformes, vous permettant de profiter de vos jeux pr\u00e9f\u00e9r\u00e9s en d\u00e9placement et d&#8217;augmenter vos chances de gagner o\u00f9 que vous soyez dans le monde !<\/p>\n\n\n\n<h3 class=\"wp-block-heading\">S\u00e9curit\u00e9 et licences <\/h3>\n\n\n\n<p>Lorsque vous jouez \u00e0 un casino, il est important de se rappeler que vous placez beaucoup de confiance dans des inconnus. Pour cette raison, une s\u00e9curit\u00e9 forte est essentielle, et il est important de s&#8217;assurer que le casino que vous avez choisi est pleinement autoris\u00e9 et enregistr\u00e9. <\/p>\n\n\n\n<p>GoWin s&#8217;assure que les g\u00e9n\u00e9rateurs de nombres al\u00e9atoires sont utilis\u00e9s sur le site, afin que les r\u00e9sultats de tous les jeux soient totalement \u00e9quitables et impartiaux. Comme protection suppl\u00e9mentaire, les IBAS sont disponibles en tant que m\u00e9diateurs impartiaux pour une plus grande tranquillit\u00e9 d&#8217;esprit. De plus, le casino utilise le cryptage SSL pour s&#8217;assurer que tous les d\u00e9tails personnels et financiers sur le site sont totalement prot\u00e9g\u00e9s et que les transactions sont s\u00e9curis\u00e9es. <\/p>\n\n\n\n<h2 class=\"wp-block-heading\">Support client<\/h2>\n\n\n\n<p>Un grand niveau de support client est un aspect important de tout casino, et GoWin le reconna\u00eet avec sa richesse d&#8217;options. Le chat en live, email et de t\u00e9l\u00e9phone en direct sont disponibles de 9 h \u00e0 minuit, ce qui est un peu d\u00e9cevant compte tenu de la disponibilit\u00e9 24 heures sur 24 et 7 jours sur 7 des autres sites. La section FAQ du site Web est \u00e9galement tr\u00e8s utile, mais elle peut \u00eatre frustrante si vous avez besoin de parler \u00e0 un expert en dehors des heures allou\u00e9es. <\/p>\n\n\n\n<h2 class=\"wp-block-heading\">Notre verdict<\/h2>\n\n\n\n<p>Avec une bonne gamme de jeux, une offre de bienvenue s\u00e9duisante et de superbes promotions en jouant, GoWin coche certainement beaucoup de cases quand il s&#8217;agit de choisir un bon casino. Comme bonus suppl\u00e9mentaire, ils offrent des liens et des d\u00e9tails sur certains des meilleurs casinos de l&#8217;industrie, vous permettant d&#8217;\u00eatre inspir\u00e9 tout en profitant de votre jeu pr\u00e9f\u00e9r\u00e9 &#8211; c&#8217;est un double bonus !<\/p>\n","protected":false},"excerpt":{"rendered":"<p>Avis sur la r\u00e9partition GoWin Casino est un bon choix puisqu&#8217;il r\u00e9compense ses joueurs, et le lucratif Bonus de Bienvenue est une excellente raison pour s&#8217;inscrire ! Avec $850 \u00e0 d\u00e9penser pour certains de vos jeux pr\u00e9f\u00e9r\u00e9s, il n&#8217;y a jamais eu de meilleur moment pour jouer ! GoWin offre des conseils sur certains des [&hellip;]<\/p>\n","protected":false},"author":10,"featured_media":1911,"parent":16,"menu_order":0,"comment_status":"closed","ping_status":"closed","template":"page_review_card.php","meta":{"_acf_changed":false,"footnotes":""},"class_list":["post-1737","page","type-page","status-publish","has-post-thumbnail","hentry"],"acf":[],"_links":{"self":[{"href":"https:\/\/www.minimumdepositcasinos.org\/fr\/wp-json\/wp\/v2\/pages\/1737","targetHints":{"allow":["GET"]}}],"collection":[{"href":"https:\/\/www.minimumdepositcasinos.org\/fr\/wp-json\/wp\/v2\/pages"}],"about":[{"href":"https:\/\/www.minimumdepositcasinos.org\/fr\/wp-json\/wp\/v2\/types\/page"}],"author":[{"embeddable":true,"href":"https:\/\/www.minimumdepositcasinos.org\/fr\/wp-json\/wp\/v2\/users\/10"}],"replies":[{"embeddable":true,"href":"https:\/\/www.minimumdepositcasinos.org\/fr\/wp-json\/wp\/v2\/comments?post=1737"}],"version-history":[{"count":5,"href":"https:\/\/www.minimumdepositcasinos.org\/fr\/wp-json\/wp\/v2\/pages\/1737\/revisions"}],"predecessor-version":[{"id":2822,"href":"https:\/\/www.minimumdepositcasinos.org\/fr\/wp-json\/wp\/v2\/pages\/1737\/revisions\/2822"}],"up":[{"embeddable":true,"href":"https:\/\/www.minimumdepositcasinos.org\/fr\/wp-json\/wp\/v2\/pages\/16"}],"wp:featuredmedia":[{"embeddable":true,"href":"https:\/\/www.minimumdepositcasinos.org\/fr\/wp-json\/wp\/v2\/media\/1911"}],"wp:attachment":[{"href":"https:\/\/www.minimumdepositcasinos.org\/fr\/wp-json\/wp\/v2\/media?parent=1737"}],"curies":[{"name":"wp","href":"https:\/\/api.w.org\/{rel}","templated":true}]}}