{"id":1746,"date":"2019-08-01T18:30:24","date_gmt":"2019-08-01T18:30:24","guid":{"rendered":"https:\/\/www.minimumdepositcasinos.org\/fr\/?page_id=1746"},"modified":"2020-03-16T17:11:40","modified_gmt":"2020-03-16T17:11:40","slug":"mango-casino","status":"publish","type":"page","link":"https:\/\/www.minimumdepositcasinos.org\/fr\/revue-de-casino\/mango-casino\/","title":{"rendered":"Mango Casino"},"content":{"rendered":"\n<h2 class=\"wp-block-heading\"><strong>Avis sur la r\u00e9partition<\/strong><\/h2>\n\n\n\n<p>Mango Casino est une nouvelle op\u00e9ration en ligne avec une belle s\u00e9lection de jeux cr\u00e9\u00e9e par <a href=\"https:\/\/www.minimumdepositcasinos.org\/fr\/logiciel\/\">de nombreux d\u00e9veloppeurs de haut niveau<\/a>, une application mobile, des jackpots de plusieurs millions, et beaucoup de jeux de casino en direct. Que vous aimiez vos vieux favoris, les nouveaux jeux ou les plus exotiques, Mango Casino les a pour vous. Les cr\u00e9ateurs offrent des jeux \u00e9quitables, une s\u00e9curit\u00e9 de haut niveau et (sous certaines juridictions) des parties gratuites juste pour le plaisir. Ce que nous aimons vraiment, c&#8217;est qu&#8217;ils ont une promotion diff\u00e9rente pour chaque jour de la semaine ! Et pour les Su\u00e9dois, les Norv\u00e9giens, les Finlandais, les Autrichiens, les Suisses et les Allemands, il y a aussi un beau bonus de bienvenue. Si vous recherchez un casino en ligne avec un beau look frais, une grande s\u00e9lection de jeux et d&#8217;excellentes machines \u00e0 sous progressives, voici un super casino en ligne \u00e0 visiter.<\/p>\n\n\n\n<h2 class=\"wp-block-heading\">Bonus et promotions<\/h2>\n\n\n\n<p>Une promotion diff\u00e9rente pour chaque jour de la semaine est une touche agr\u00e9able et nous f\u00e9licitons Mango Casino pour son offre.<\/p>\n\n\n\n<h3 class=\"wp-block-heading\">Bonus de bienvenue <\/h3>\n\n\n\n<p>Ceci est limit\u00e9 aux joueurs de Su\u00e8de, de Norv\u00e8ge, de Finlande, d&#8217;Autriche, de Suisse et d&#8217;Allemagne.<\/p>\n\n\n\n<h3 class=\"wp-block-heading\">Aucun d\u00e9p\u00f4t Bonus<\/h3>\n\n\n\n<p>Ceci n&#8217;est disponible que pour les joueurs de Finlande, de Su\u00e8de et de Norv\u00e8ge.<\/p>\n\n\n\n<h3 class=\"wp-block-heading\">Autres promotions <\/h3>\n\n\n\n<p>C&#8217;est ici que nous avons vraiment appris \u00e0 aimer Mango Casino ! Chaque jour, un bonus diff\u00e9rent, excitant et potentiellement rentable vous attend au Mango Casino. Bien que le casino puisse varier ces offres au fil du temps, voici ce que vous pouvez trouver sur le site maintenant et c&#8217;est un \u00e9chantillon \u00e9quitable de ce qu&#8217;ils offrent r\u00e9guli\u00e8rement.<\/p>\n\n\n\n<h4 class=\"wp-block-heading\"><strong>Lundi: Nitro circus<\/strong><\/h4>\n\n\n\n<p>Cette promotion vous donne droit \u00e0 5 1$\/\u20ac &#8220;super-spins&#8221; pour un d\u00e9p\u00f4t de 20$\/\u20ac. Il s&#8217;active apr\u00e8s votre d\u00e9p\u00f4t et une mise de 1$\/\u20ac. La promotion a une exigence de mise de 35x et doit \u00eatre jou\u00e9e dans les 24 heures.<\/p>\n\n\n\n<h4 class=\"wp-block-heading\"><strong>Mardi: Gonzo&#8217;s Quest<\/strong><\/h4>\n\n\n\n<p>Pour un d\u00e9p\u00f4t de 30$\/\u20ac, les joueurs re\u00e7oivent 66 tours bonus sur Gonzo&#8217;s Quest avec une mise 25x obligatoire et le bonus est limit\u00e9 \u00e0 24 heures.<\/p>\n\n\n\n<h4 class=\"wp-block-heading\"><strong>Mercredi: Lumi\u00e8res<\/strong><\/h4>\n\n\n\n<p><a href=\"https:\/\/www.minimumdepositcasinos.org\/fr\/20-de-depot-minimum\/\">Pour un d\u00e9p\u00f4t de 20$\/\u20ac<\/a>, les joueurs re\u00e7oivent 55 <a href=\"https:\/\/www.minimumdepositcasinos.org\/fr\/tours-gratuits\/\">tours bonus <\/a>avec une mise de 25x et 24 heures pour jouer le bonus.<\/p>\n\n\n\n<h4 class=\"wp-block-heading\"><strong>Jeudi: Vikings<\/strong><\/h4>\n\n\n\n<p>D\u00e9posez 30$\/\u20ac le jeudi et obtenez 33 tours bonus avec une limite de mise de 5x ! Vous devez jouer le bonus dans les 24 heures.<\/p>\n\n\n\n<h4 class=\"wp-block-heading\"><strong>Vendredi: Jumanji<\/strong><\/h4>\n\n\n\n<p>Pour un d\u00e9p\u00f4t de 40$\/\u20ac, vous pouvez jouer \u00e0 Jumanji 100 tours avec une mise 25 fois plus importante sur tous les gains bonus. Jouez cette promotion dans les 24 heures.<\/p>\n\n\n\n<h4 class=\"wp-block-heading\"><strong>Samedi: Excalibur<\/strong><\/h4>\n\n\n\n<p>Pour un d\u00e9p\u00f4t de 20 $\/\u20ac, cette promotion vous donne 55 tours sur Excalibur. L&#8217;exigence de mise est de 25x et veuillez jouer cette promotion dans un d\u00e9lai d&#8217;un jour.<\/p>\n\n\n\n<h4 class=\"wp-block-heading\"><strong>Dimanche: Wild Wild West<\/strong><\/h4>\n\n\n\n<p>Cette promotion compl\u00e8te la semaine et les surpasse toutes. Vous pouvez jouer sur cette promotion pour un <a href=\"https:\/\/www.minimumdepositcasinos.org\/fr\/10-de-depot-minimum\/\">d\u00e9p\u00f4t minimum de 10$\/\u20ac <\/a>et maximum 1,000 $\/\u20ac. Et, vous pouvez obtenir jusqu&#8217;\u00e0 123 tours bonus. L&#8217;exigence de mise est de 25x et le bonus doit \u00eatre jou\u00e9 dans un d\u00e9lai d&#8217;un jour.<\/p>\n\n\n\n<h3 class=\"wp-block-heading\">Exigences de jeu (Exigences de pari)<\/h3>\n\n\n\n<p>Les conditions de jeu ou de mise ont pour but d&#8217;emp\u00eacher les non-joueurs d&#8217;effectuer un d\u00e9p\u00f4t, d&#8217;accepter un bonus et de simplement encaisser. Ils sont une caract\u00e9ristique standard de toutes les op\u00e9rations de casino en ligne. Au Mango Casino, une mise de 25x est g\u00e9n\u00e9ralement exig\u00e9e, mais elle peut varier \u00e0 la hausse comme \u00e0 la baisse. Cela signifie que lorsque vous recevez des tours bonus et que vous les jouez, tous les gains doivent \u00eatre jou\u00e9s par le multiplicateur d&#8217;exigences de mise. Si vous jouez \u00e0 la promotion du mardi et gagnez 10$\/\u20ac, vous devez continuer \u00e0 miser 25 fois les 10$\/\u20ac ou $\/\u20ac250 avant que vos gains bonus soient automatiquement transf\u00e9r\u00e9s de votre compte bonus vers votre compte.<\/p>\n\n\n\n<h3 class=\"wp-block-heading\">VIP &amp; Loyaut\u00e9*<\/h3>\n\n\n\n<p>Mango Casino ne propose ni programme de fid\u00e9lit\u00e9, ni programme VIP.<\/p>\n\n\n\n<h2 class=\"wp-block-heading\">Comment commencer \u00e0 jouer <\/h2>\n\n\n\n<p>Selon le pays d&#8217;o\u00f9 vous jouez, vous pourrez peut-\u00eatre profiter de jeux gratuits simplement en vous inscrivant. Sinon, vous devrez vous inscrire et faire un d\u00e9p\u00f4t.<\/p>\n\n\n\n<p><a href=\"\/fr\/go\/mango@frr\">L&#8217;inscription \u00e0 Mango Casino<\/a> n\u00e9cessite que vous leur fournissiez un nom d&#8217;utilisateur et un mot de passe, que vous indiquiez que vous avez plus de 18 ans et que vous indiquiez si vous souhaitez ou non recevoir des e-mails de leur part concernant les promotions. Ils voudront votre nom, votre adresse physique, votre adresse \u00e9lectronique, votre num\u00e9ro de t\u00e9l\u00e9phone et d&#8217;autres types de renseignements permettant de vous identifier de temps \u00e0 autre. Ils prennent au s\u00e9rieux la politique de connaissance du client et s&#8217;assureront donc que vous \u00eates bien celui que vous pr\u00e9tendez \u00eatre et que vous \u00eates bien le propri\u00e9taire des moyens de paiement que vous allez utiliser. Une fois que vous avez r\u00e9ussi \u00e0 vous inscrire, <a href=\"\/fr\/options-dachat\/\">vous pouvez choisir parmi les nombreuses m\u00e9thodes de paiement accept\u00e9es et effectuer votre d\u00e9p\u00f4t<\/a>.<\/p>\n\n\n\n<h2 class=\"wp-block-heading\">Paiements<\/h2>\n\n\n\n<p>Mango Casino offre plusieurs fa\u00e7ons de d\u00e9poser de l&#8217;argent, mais moins pour effectuer des retraits. Leurs processus sont efficaces. Lorsque vous effectuez un d\u00e9p\u00f4t, vous pouvez commencer \u00e0 jouer presque imm\u00e9diatement. Lorsque vous souhaitez effectuer un retrait, leur d\u00e9lai de traitement sera de deux ou trois jours. Ajoutez ensuite le temps que prend votre mode de paiement. Cela sera tr\u00e8s rapide pour un porte-monnaie \u00e9lectronique, de trois \u00e0 cinq jours pour une carte de cr\u00e9dit ou de d\u00e9bit, et une semaine pour un virement bancaire. Veuillez noter que pour votre premier retrait, cela peut prendre plus de temps, car il se peut qu&#8217;ils vous demandent plus d&#8217;informations pour v\u00e9rifier votre identit\u00e9.<\/p>\n\n\n\n<h3 class=\"wp-block-heading\">M\u00e9thodes de d\u00e9p\u00f4t<\/h3>\n\n\n\n<p>Vous pouvez d\u00e9poser de l&#8217;argent sur Mango Casino en utilisant Trustly, Skill, VISA, <a href=\"\/fr\/options-dachat\/mastercard\/\">MasterCard<\/a>, <a href=\"\/fr\/options-dachat\/neteller\/\">Neteller<\/a>, Cryptopay, Bank, Ecopayz, la m\u00e9thode VISA-MasterCard-Maestro eWallet, EPS, Flexipin et FlutterWave.<\/p>\n\n\n\n<h3 class=\"wp-block-heading\">D\u00e9p\u00f4ts minimum et maximum <\/h3>\n\n\n\n<p><a href=\"https:\/\/www.minimumdepositcasinos.org\/fr\/10-de-depot-minimum\/\">10 $\/\u20ac est le d\u00e9p\u00f4t minimum<\/a> et aucun d\u00e9p\u00f4t maximum n&#8217;est indiqu\u00e9.<\/p>\n\n\n\n<h3 class=\"wp-block-heading\">M\u00e9thodes et temps de retrait <\/h3>\n\n\n\n<p>Pour retirer des fonds de Mango Casino, vous pouvez utiliser Trustly, Skrill, VISA, Neteller, Cryptopay, Bank et EcoPayz. Le principal temps qu&#8217;il faut pour retirer de l&#8217;argent provient de la v\u00e9rification de votre identit\u00e9 et de vos informations financi\u00e8res. Sinon, le processus est tr\u00e8s rapide, sauf pour les cartes VISA et MasterCard. Pour les cartes de cr\u00e9dit, c&#8217;est environ trois jours. Ensuite, vous devez ajouter le temps qu&#8217;il vous faudra pour effectuer le virement, soit une semaine pour les virements bancaires, trois jours pour une carte de cr\u00e9dit et imm\u00e9diatement pour un eWallet.<\/p>\n\n\n\n<h2 class=\"wp-block-heading\">Jeux<\/h2>\n\n\n\n<p>Mango Casino a beaucoup, beaucoup,<a href=\"https:\/\/www.minimumdepositcasinos.org\/fr\/jeux\/\"> beaucoup de grands jeux<\/a>, ce qui est la raison pour laquelle nous venons jouer sur un casino en ligne et que l\u2019on souhaite y rester. Ils ont des jeux par Microgaming, Play&#8217;n GO, Yggdrasil, Evolution (casino en direct), Pragmatic Play, Playson, et Nolimit City. En fait, si vous avez un faible pour un certain d\u00e9veloppeur, vous pouvez filtrer vos choix pour ne voir que leurs jeux ! Et, pour couronner le tout, vous pouvez jouer \u00e0 une foule de jeux fantastiques sur votre appareil mobile.<\/p>\n\n\n\n<h3 class=\"wp-block-heading\">Machines \u00e0 sous<\/h3>\n\n\n\n<p>Beaucoup de joueurs en ligne <a href=\"https:\/\/www.minimumdepositcasinos.org\/fr\/jeux\/machines-a-sous\/\">aiment les machines \u00e0 sous<\/a>. Si vous aimez vos anciens favoris, vous les trouverez sur Mango Casino, et si vous voulez voir quelque chose de nouveau, de nouveaux jeux sont ajout\u00e9s chaque mois. Les machines \u00e0 sous \u00e0 jackpot de Mango Casino sont vraiment spectaculaires avec des jackpots progressifs par millions ! <\/p>\n\n\n\n<h3 class=\"wp-block-heading\">Table de Jeux<\/h3>\n\n\n\n<p><a href=\"\/fr\/jeux\/blackjack\/\">Si vous aimez le blackjack<\/a>, le poker, la roulette, le baccarat et d&#8217;autres jeux de casino pr\u00e9f\u00e9r\u00e9s, vous en trouverez une grande vari\u00e9t\u00e9 sur Mango Casino.<\/p>\n\n\n\n<h3 class=\"wp-block-heading\">Jeux avec un dealer en direct <\/h3>\n\n\n\n<p>Les jeux avec un dealer en direct sont un must dans un casino en ligne moderne et Mango Casino les propose. <a href=\"\/fr\/jeux\/roulette\/\">Jouez \u00e0 la roulette<\/a>, au poker, au baccarat ou au blackjack avec un croupier auquel vous pouvez envoyer des SMS et qui vous r\u00e9pondra ! Discutez avec les autres joueurs. Les casinos en ligne sont pratiques mais beaucoup de gens trouvent qu\u2019ils manquent d\u2019interaction et de lien social. Vous pouvez rem\u00e9dier \u00e0 cela en vous rendant sur le site de Mango Casino pour voir les parties en direct avec croupiers.<\/p>\n\n\n\n<h2 class=\"wp-block-heading\">Mobile &amp; Apps<\/h2>\n\n\n\n<p><a href=\"\/fr\/appareils\/android\/\">Jouez aux jeux de Mango Casino \u00e0 l&#8217;aide de votre smartphone ou de votre tablette<\/a>. Il n&#8217;y a pas de perte de qualit\u00e9 dans les graphismes ou le son et les jeux s&#8217;ex\u00e9cutent intelligemment. Jouez m\u00eame en ext\u00e9rieur si vous avez une connexion Internet.<\/p>\n\n\n\n<h2 class=\"wp-block-heading\">S\u00e9curit\u00e9 et licences <\/h2>\n\n\n\n<p>Viral Interactive Limited exploite Mango Casino. Cette soci\u00e9t\u00e9 est agr\u00e9\u00e9e et r\u00e9glement\u00e9e \u00e0 Malte. Ils sont situ\u00e9s \u00e0 Elija Zammit Street, \u00e9tage 4, Edge Water Complex, St. Julian&#8217;s, STJ3150, Malte. Vous pouvez voir une copie de leur licence sur le site.<\/p>\n\n\n\n<p>En outre, l&#8217;entreprise est \u00e9galement autoris\u00e9e et r\u00e9glement\u00e9e par l&#8217;Autorit\u00e9 su\u00e9doise des jeux, 18Li8512.<\/p>\n\n\n\n<p>Le site dispose d&#8217;un haut niveau de cryptage afin que vos informations personnelles et votre argent soient prot\u00e9g\u00e9s.<\/p>\n\n\n\n<h2 class=\"wp-block-heading\">Support client <\/h2>\n\n\n\n<p>Il y a un bouton d&#8217;aide dans le coin inf\u00e9rieur droit de votre \u00e9cran. Cliquez dessus et vous acc\u00e9derez \u00e0 un \u00e9cran de message. Laissez votre nom, votre email, tout message que vous d\u00e9sirez et jusqu&#8217;\u00e0 cinq pi\u00e8ces jointes. Il n&#8217;y a pas de num\u00e9ro de t\u00e9l\u00e9phone \u00e0 appeler et pas de fonction de chat en direct, ce qui est dommage.<\/p>\n\n\n\n<h2 class=\"wp-block-heading\">Notre verdict <\/h2>\n\n\n\n<p>C&#8217;est un bon casino en ligne et il vaut la peine d&#8217;\u00eatre visit\u00e9. Ils ont une bonne application mobile pour que vous puissiez jouer o\u00f9 et quand vous voulez. Leurs promotions quotidiennes sont aussi une touche agr\u00e9able. La s\u00e9lection de jeux est bonne et met en vedette certains des meilleurs d\u00e9veloppeurs au monde. Nous sommes d\u00e9\u00e7us que leur bonus de bienvenue soit limit\u00e9 \u00e0 la Scandinavie, \u00e0 l&#8217;Autriche et \u00e0 l&#8217;Allemagne, m\u00eame si nous sommes heureux pour ces gens l\u00e0. Leur site est tr\u00e8s simple et facile \u00e0 utiliser ce qui est bien aussi. En ce qui concerne le support client\u00e8le, nous aimerions qu&#8217;ils aient une fonction de chat en direct et un num\u00e9ro de t\u00e9l\u00e9phone sur lequel nous pourrions les appeler. Tout ceci \u00e9tant dit, nous aimons ce casino, ses jeux, le fonctionnement du site et les grandes promotions. <a href=\"\/fr\/go\/mango@fr-r\">Nous vous recommandons d&#8217;aller jeter un coup d&#8217;\u0153il par vous-m\u00eame et de vous amuser<\/a> !<\/p>\n","protected":false},"excerpt":{"rendered":"<p>Avis sur la r\u00e9partition Mango Casino est une nouvelle op\u00e9ration en ligne avec une belle s\u00e9lection de jeux cr\u00e9\u00e9e par de nombreux d\u00e9veloppeurs de haut niveau, une application mobile, des jackpots de plusieurs millions, et beaucoup de jeux de casino en direct. Que vous aimiez vos vieux favoris, les nouveaux jeux ou les plus exotiques, [&hellip;]<\/p>\n","protected":false},"author":10,"featured_media":1893,"parent":16,"menu_order":0,"comment_status":"closed","ping_status":"closed","template":"page_review_card.php","meta":{"_acf_changed":false,"footnotes":""},"class_list":["post-1746","page","type-page","status-publish","has-post-thumbnail","hentry"],"acf":[],"_links":{"self":[{"href":"https:\/\/www.minimumdepositcasinos.org\/fr\/wp-json\/wp\/v2\/pages\/1746","targetHints":{"allow":["GET"]}}],"collection":[{"href":"https:\/\/www.minimumdepositcasinos.org\/fr\/wp-json\/wp\/v2\/pages"}],"about":[{"href":"https:\/\/www.minimumdepositcasinos.org\/fr\/wp-json\/wp\/v2\/types\/page"}],"author":[{"embeddable":true,"href":"https:\/\/www.minimumdepositcasinos.org\/fr\/wp-json\/wp\/v2\/users\/10"}],"replies":[{"embeddable":true,"href":"https:\/\/www.minimumdepositcasinos.org\/fr\/wp-json\/wp\/v2\/comments?post=1746"}],"version-history":[{"count":5,"href":"https:\/\/www.minimumdepositcasinos.org\/fr\/wp-json\/wp\/v2\/pages\/1746\/revisions"}],"predecessor-version":[{"id":3570,"href":"https:\/\/www.minimumdepositcasinos.org\/fr\/wp-json\/wp\/v2\/pages\/1746\/revisions\/3570"}],"up":[{"embeddable":true,"href":"https:\/\/www.minimumdepositcasinos.org\/fr\/wp-json\/wp\/v2\/pages\/16"}],"wp:featuredmedia":[{"embeddable":true,"href":"https:\/\/www.minimumdepositcasinos.org\/fr\/wp-json\/wp\/v2\/media\/1893"}],"wp:attachment":[{"href":"https:\/\/www.minimumdepositcasinos.org\/fr\/wp-json\/wp\/v2\/media?parent=1746"}],"curies":[{"name":"wp","href":"https:\/\/api.w.org\/{rel}","templated":true}]}}