{"id":1748,"date":"2019-08-01T18:55:08","date_gmt":"2019-08-01T18:55:08","guid":{"rendered":"https:\/\/www.minimumdepositcasinos.org\/fr\/?page_id=1748"},"modified":"2020-03-10T06:38:12","modified_gmt":"2020-03-10T06:38:12","slug":"my-casino-best","status":"publish","type":"page","link":"https:\/\/www.minimumdepositcasinos.org\/fr\/revue-de-casino\/my-casino-best\/","title":{"rendered":"My Casino Best"},"content":{"rendered":"\n<h2 class=\"wp-block-heading\"><strong>Avis sur la r\u00e9partition<\/strong><\/h2>\n\n\n\n<p>My Casino Best est un tout nouveau casino qui a ouvert ses portes au d\u00e9but de l&#8217;ann\u00e9e 2019. Mais, il est arriv\u00e9 sur le devant de la sc\u00e8ne avec beaucoup de maturit\u00e9, d&#8217;excellents jeux, des promotions et un programme VIP complet. Leur vaste s\u00e9lection de jeux comprend vos jeux de machines \u00e0 sous &#8220;fruit\u00e9s&#8221; pr\u00e9f\u00e9r\u00e9s, de tout nouveaux jeux chaque mois, une gamme compl\u00e8te de jeux de casino classiques et plus de jeux en direct que ce que nous avions pr\u00e9vu. Leur support client est facile \u00e0 trouver sur le site et le personnel de soutien est, en effet, amical et serviable. Il est important de noter que le site fonctionne tr\u00e8s bien avec un excellent son et d&#8217;excellents graphismes, <a href=\"https:\/\/www.minimumdepositcasinos.org\/fr\/appareils\/\">tant sur un ordinateur de bureau que sur des appareils mobiles<\/a>. Vous pouvez jouer \u00e0 leurs jeux de n&#8217;importe o\u00f9 et ne pas perdre en performance par rapport \u00e0 votre ordinateur de bureau.<\/p>\n\n\n\n<h2 class=\"wp-block-heading\">Bonus et promotions<\/h2>\n\n\n\n<p>Avec une foule de promotions int\u00e9ressantes et amusantes, My Casino Best est toujours un endroit o\u00f9 il fait bon vivre. De leur bonus de bienvenue de 100% aux nombreuses promotions quotidiennes, vous trouverez toujours quelque chose \u00e0 votre go\u00fbt sur ce casino en ligne.<\/p>\n\n\n\n<h3 class=\"wp-block-heading\">Bonus de bienvenue <\/h3>\n\n\n\n<p>Lorsque vous vous inscrivez sur My Casino Best et effectuez votre premier d\u00e9p\u00f4t de 10$\/\u20ac ou plus, vous recevrez un bonus de bienvenue de 100% pour jusqu&#8217;\u00e0 100$\/\u20ac et 25 tours bonus ! Le maximum de mise avec ce bonus est de 10$\/\u20ac. Le bonus correspondant a une exigence de mise de 40x et tous les gains des tours bonus ont une exigence de mise de 50x.<\/p>\n\n\n\n<p>Ensuite, le bonus de bienvenue se poursuit par le biais de vos deuxi\u00e8me, troisi\u00e8me et quatri\u00e8me d\u00e9p\u00f4ts. La limite de mise et les exigences de mise sont les m\u00eames pour tous les d\u00e9p\u00f4ts. La plupart des machines \u00e0 sous contribuent \u00e0 100% \u00e0 l&#8217;exigence de mise tandis que les jeux de casino standard contribuent \u00e0 une fourchette comprise entre 10% et 25%.<\/p>\n\n\n\n<ul class=\"wp-block-list\"><li><strong>D\u00e9p\u00f4t Un :<\/strong> 100% de chances de gagner jusqu&#8217;\u00e0 10$\/\u20ac et 25 tours bonus<\/li><li><strong>D\u00e9p\u00f4t deux :<\/strong> 30 % jusqu\u2019\u00e0 match de 350 $\/\u20ac<\/li><li><strong>D\u00e9p\u00f4t trois : <\/strong>30 % jusqu&#8217;\u00e0 match de 350 $\/\u20ac<\/li><li><strong>D\u00e9p\u00f4t quatre :<\/strong> 50 % jusqu&#8217;\u00e0 match de 350 $\/\u20ac<\/li><\/ul>\n\n\n\n<p><strong>Total des d\u00e9p\u00f4ts possibles<\/strong> = 1,150$\/\u20ac<\/p>\n\n\n\n<h3 class=\"wp-block-heading\">Autres promotions <\/h3>\n\n\n\n<p>My Casino Best propose r\u00e9guli\u00e8rement des promotions en plus de leur bonus de bienvenue. Vous serez inform\u00e9 de ces promotions par email. Comme pour le bonus de bienvenue, ces promotions auront des limites de d\u00e9p\u00f4t, des limites de mise et des exigences de mise. Le tournoi mensuel est un tournoi standard avec un beau prix \u00e0 remporter pour les participants.<\/p>\n\n\n\n<p>Le syst\u00e8me VIP dispose d&#8217;un programme de remise en esp\u00e8ces de 7 % qui passe toutes les 24 heures.<\/p>\n\n\n\n<h3 class=\"wp-block-heading\">Exigences de jeu (Exigences de pari)<\/h3>\n\n\n\n<p>Les exigences de jeu ou de mise sont \u00e9tablies pour emp\u00eacher les gens d&#8217;effectuer un d\u00e9p\u00f4t, de recevoir un bonus et de simplement encaisser en quittant le casino. Ils offrent une caract\u00e9ristique standard comme tous les casinos en ligne. Chez My Casino Best, une mise de 40x est habituellement requise pour les bonus correspondants et de 50x pour les gains des tours bonus. Par exemple, si vous gagnez 10$\/\u20ac en jouant les tours bonus sur le premier d\u00e9p\u00f4t, vous devrez miser 500$\/\u20ac de plus sur les machines \u00e0 sous appropri\u00e9es afin de satisfaire l&#8217;exigence et faire transf\u00e9rer votre argent du compte bonus vers le compte r\u00e9gulier \u00e0 partir duquel vous pouvez le retirer.<\/p>\n\n\n\n<h3 class=\"wp-block-heading\">VIP &amp; Loyaut\u00e9*<\/h3>\n\n\n\n<p>My Casino Best, comme beaucoup de casinos en ligne, peut r\u00e9compenser les joueurs fr\u00e9quents avec un statut VIP. Le statut VIP conf\u00e8re plus de bonus et de promotions, une remise en esp\u00e8ces quotidienne de 7% et des limites de retrait plus \u00e9lev\u00e9es. Les VIP peuvent obtenir un service personnalis\u00e9, un traitement plus rapide des retraits et des cadeaux uniques.<\/p>\n\n\n\n<h2 class=\"wp-block-heading\">Comment commencer \u00e0 jouer <\/h2>\n\n\n\n<p>Il est tr\u00e8s facile de <a href=\"\/fr\/go\/my-casino-best@frr\">s&#8217;inscrire sur My Casino Best<\/a>. Cliquez simplement sur le bouton &#8220;S&#8217;inscrire&#8221; en haut de l&#8217;\u00e9cran, donnez-leur votre email et un mot de passe \u00e0 utiliser sur le site My Casino Best, la confirmation que vous avez plus de 18 ans et la permission de vous envoyer des emails. Cliquez et vous \u00eates inscrit. Ensuite, pour effectuer un d\u00e9p\u00f4t, cliquez simplement sur le bouton de paiement. Vous entrerez ici un certain nombre d&#8217;informations d&#8217;identification pour satisfaire \u00e0 l&#8217;exigence de &#8220;conna\u00eetre votre client&#8221;. Cela inclut le pr\u00e9nom, le nom, la date de naissance, le pays, le sexe, la ville, l&#8217;adresse, le code postal, le num\u00e9ro de t\u00e9l\u00e9phone portable, la confirmation que vous souhaitez recevoir des e-mails promotionnels et votre fuseau horaire. Sauvegardez ces informations et vous pourrez choisir une m\u00e9thode de paiement, effectuer votre premier d\u00e9p\u00f4t et commencer \u00e0 jouer. Cette page a \u00e9galement un menu qui contient une quantit\u00e9 \u00e9norme d&#8217;informations sur les bonus et plus encore.<\/p>\n\n\n\n<p><strong>Remarque<\/strong>: Assurez-vous de vous inscrire au bonus de bienvenue avant de faire un pari avec l&#8217;un de vos quatre premiers d\u00e9p\u00f4ts pour garantir de ne pas perdre cette chance !<\/p>\n\n\n\n<h2 class=\"wp-block-heading\">Paiements<\/h2>\n\n\n\n<p>My Casino Best accepte les d\u00e9p\u00f4ts et effectue des paiements en utilisant des cartes de cr\u00e9dit, des virements bancaires, des porte-monnaie \u00e9lectroniques et toute une gamme de crypto monnaies ! Leur syst\u00e8me de traitement est tr\u00e8s efficace, mais sachez qu&#8217;ils prennent au s\u00e9rieux la r\u00e8gle de la &#8221; connaissance du client &#8221; et qu&#8217;ils peuvent demander des renseignements suppl\u00e9mentaires et une preuve d&#8217;identit\u00e9 lors de votre premier retrait.<\/p>\n\n\n\n<h3 class=\"wp-block-heading\">M\u00e9thodes de d\u00e9p\u00f4t <\/h3>\n\n\n\n<p>La grande liste des m\u00e9thodes de d\u00e9p\u00f4t sur My Casino Best comprend les suivantes :<\/p>\n\n\n\n<ul class=\"wp-block-list\"><li><a href=\"\/fr\/options-dachat\/visa\/\">VISA<\/a><\/li><li>MasterCard <\/li><li>Maestro<\/li><li>Skrill<\/li><li>Paysafecard <\/li><li>Zimpler<\/li><li>Sofort<\/li><li><a href=\"\/fr\/options-dachat\/neteller\/\">Neteller<\/a><\/li><li>Skrill<\/li><li>Qiwi <\/li><li>Yandex <\/li><li>Alfa Bank<\/li><li>Commerce mobile <\/li><li>EcoPayz<\/li><li>Neosuft <\/li><li>Bitcoin<\/li><li>Bitcoin Cash<\/li><li>Lit\u00e9co\u00efne<\/li><li>\u00c9therium <\/li><li>Dog\u00e9co\u00efne<\/li><\/ul>\n\n\n\n<p>My Casino Best ne prend aucun frais pour les d\u00e9p\u00f4ts effectu\u00e9s avec l&#8217;une de ces m\u00e9thodes et le traitement de leur c\u00f4t\u00e9 pour mettre de l&#8217;argent sur votre compte pour commencer \u00e0 parier est instantan\u00e9.<\/p>\n\n\n\n<h3 class=\"wp-block-heading\">D\u00e9p\u00f4ts minimum et maximum<\/h3>\n\n\n\n<p><a href=\"https:\/\/www.minimumdepositcasinos.org\/fr\/10-de-depot-minimum\/\">Le d\u00e9p\u00f4t minimum sur My Casino Best est de 10$\/\u20ac<\/a> ou l&#8217;\u00e9quivalent dans d&#8217;autres devises et crypto monnaies.<\/p>\n\n\n\n<h3 class=\"wp-block-heading\">M\u00e9thodes et temps de retrait <\/h3>\n\n\n\n<p>Toutes ces m\u00eames m\u00e9thodes peuvent \u00eatre utilis\u00e9es pour retirer des fonds de My Casino Best que celles utilis\u00e9es pour effectuer un d\u00e9p\u00f4t. Les d\u00e9lais de retrait varient selon la m\u00e9thode que vous utilisez. Le retrait minimum est de 20$\/\u20ac. Il y a un d\u00e9lai de deux jours pour que le casino confirme votre identit\u00e9 et traite votre retrait. Ensuite, les virements bancaires et les cartes de cr\u00e9dit prennent g\u00e9n\u00e9ralement de trois \u00e0 cinq jours de plus alors que les crypto monnaies et les virements par porte-monnaie \u00e9lectronique sont imm\u00e9diats.<\/p>\n\n\n\n<h2 class=\"wp-block-heading\">Jeux<\/h2>\n\n\n\n<p>Les jeux sont \u00e9videmment la partie la plus importante d&#8217;un casino en ligne et My Casino Best en a beaucoup, beaucoup et beaucoup. <a href=\"https:\/\/www.minimumdepositcasinos.org\/fr\/jeux\/\">Des machines \u00e0 sous aux jeux de casino standard<\/a> en passant par les jeux de casino en direct, vous trouverez forc\u00e9ment quelque chose que vous aimez sur ce casino en ligne. Non seulement ils ont des jackpots de l&#8217;ordre de 1,000,000$\/\u20ac sur My Casino Best, mais ils ont aussi beaucoup de jeux avec des gains de 1,000$\/\u20ac sur lesquels vous avez une bien meilleure chance de gagner !<\/p>\n\n\n\n<h3 class=\"wp-block-heading\">Machines \u00e0 sous<\/h3>\n\n\n\n<p>Vous aimez vos anciennes<a href=\"https:\/\/www.minimumdepositcasinos.org\/fr\/jeux\/machines-a-sous\/\"> machines \u00e0 sous pr\u00e9f\u00e9r\u00e9es<\/a> ? Vous trouverez des jeux classiques de &#8220;fruits&#8221; ainsi que d&#8217;autres jeux de machines \u00e0 sous classiques sur My Casino Best. Il y a aussi de nouveaux jeux qui s&#8217;ajoutent r\u00e9guli\u00e8rement et des jeux modernes avec des th\u00e8mes quelque peu compliqu\u00e9s qui \u00e9voluent au fur et \u00e0 mesure que vous gravissez les \u00e9chelons. Si votre voyage au casino en ligne est une chasse au tr\u00e9sor, jetez un coup d&#8217;\u0153il \u00e0 leurs nombreux jackpots progressifs et voyez si vous pouvez devenir un gagnant des 1,000$\/\u20ac, 10,000$\/\u20ac ou 1,000,000$\/\u20ac !<\/p>\n\n\n\n<h3 class=\"wp-block-heading\">Tableau Jeux<\/h3>\n\n\n\n<p><a href=\"\/fr\/jeux\/roulette\/\">Les joueurs qui aiment la roulette<\/a>, le baccarat, le blackjack ou le poker ne se sentiront pas seulement chez eux sur My Casino Best, mais seront \u00e9galement \u00e9tonn\u00e9s par le grand nombre de variantes de jeux parmi lesquelles ils peuvent choisir. La roulette \u00e0 elle seule peut se vanter de 29 variantes diff\u00e9rentes du jeu !<\/p>\n\n\n\n<p>Soyez certains qu\u2019il va falloir que vous que vous cherchiez un peu pour trouver votre jeu. Par exemple, <a href=\"\/fr\/jeux\/poker\/\">vous trouverez beaucoup de jeux de poker<\/a> et de blackjack, mais vous devez aller sur l&#8217;onglet casino en direct et continuer \u00e0 cliquer pour voir plus de jeux.<\/p>\n\n\n\n<h3 class=\"wp-block-heading\">Jeux avec un dealer en direct<\/h3>\n\n\n\n<p>Nous aimons tous les casinos en ligne pour leur commodit\u00e9. Et, beaucoup d&#8217;entre nous trouvent que de temps en temps cela manque d&#8217;action comme pour les jeux en direct. Les jeux en direct sur My Casino Best sont votre r\u00e9ponse ultime. Avec <a href=\"\/fr\/jeux\/\">une liste \u00e9norme de jeux \u00e0 choisir<\/a>, vous ne manquerez jamais d&#8217;action sur ce casino en ligne.<\/p>\n\n\n\n<h2 class=\"wp-block-heading\">Mobile &amp; Apps<\/h2>\n\n\n\n<p>Les meilleurs jeux de My Casino fonctionnent aussi bien sur votre appareil mobile que sur votre ordinateur personnel. Profitez d&#8217;un large choix de jeux o\u00f9 que vous ayez une connexion Internet et avec n&#8217;importe quel syst\u00e8me d&#8217;exploitation standard.<br><br><\/p>\n\n\n\n<h2 class=\"wp-block-heading\">S\u00e9curit\u00e9 et licences <\/h2>\n\n\n\n<p>Le site My Casino Best est d\u00e9tenu et exploit\u00e9 par Direx N.V., une soci\u00e9t\u00e9 de Cura\u00e7ao mais aussi une filiale d&#8217;une soci\u00e9t\u00e9 chypriote, Direx Limited, Stasinou 1, MITSI Building 1, 1<sup>er<\/sup>&nbsp;\u00e9tage, bureau 4, Plateia Eleftherias, Nicosie, Chypre. Le num\u00e9ro d&#8217;enregistrement du site est le 131879 \u00e0 Cura\u00e7ao.<\/p>\n\n\n\n<p>Le site a un haut niveau de cryptage qui prot\u00e8ge les informations personnelles et financi\u00e8res ainsi que votre argent !<\/p>\n\n\n\n<h2 class=\"wp-block-heading\">Support client <\/h2>\n\n\n\n<p>Pour contacter le service client\u00e8le, cliquez simplement sur le lien en bas \u00e0 droite de l&#8217;\u00e9cran. Vous commencerez un chat en direct.<\/p>\n\n\n\n<p>Vous pouvez \u00e9galement les joindre par email \u00e0 support@mycasinobest.com mais vous ne trouverez cette adresse email que dans la section Termes et conditions.<\/p>\n\n\n\n<p>Ils n&#8217;indiquent pas de num\u00e9ro de t\u00e9l\u00e9phone ou quand ils sont disponibles.<\/p>\n\n\n\n<h2 class=\"wp-block-heading\">Notre verdict <\/h2>\n\n\n\n<p>My Casino Best est un casino en ligne flambant neuf. Ils ont beaucoup de bons jeux. <a href=\"\/fr\/appareils\/\">Le site fonctionne correctement \u00e0 la fois sur un ordinateur de bureau et sur une vari\u00e9t\u00e9 d&#8217;appareils mobiles<\/a> avec tous les syst\u00e8mes d&#8217;exploitation standard. Nous ne sommes pas satisfaits de l&#8217;absence d&#8217;un num\u00e9ro de t\u00e9l\u00e9phone \u00e0 composer ou du fait qu&#8217;ils n&#8217;indiquent pas les heures o\u00f9 ils sont disponibles pour obtenir de l&#8217;aide. N\u00e9anmoins, c&#8217;est un bon site avec beaucoup de jeux amusants et des jackpots progressifs qui sont vraiment impressionnants. Ce site re\u00e7oit nos &#8220;pouces en l&#8217;air&#8221; comme un endroit o\u00f9 il vaut la peine de passer votre temps. <\/p>\n","protected":false},"excerpt":{"rendered":"<p>Avis sur la r\u00e9partition My Casino Best est un tout nouveau casino qui a ouvert ses portes au d\u00e9but de l&#8217;ann\u00e9e 2019. Mais, il est arriv\u00e9 sur le devant de la sc\u00e8ne avec beaucoup de maturit\u00e9, d&#8217;excellents jeux, des promotions et un programme VIP complet. Leur vaste s\u00e9lection de jeux comprend vos jeux de machines [&hellip;]<\/p>\n","protected":false},"author":10,"featured_media":1886,"parent":16,"menu_order":0,"comment_status":"closed","ping_status":"closed","template":"page_review_card.php","meta":{"_acf_changed":false,"footnotes":""},"class_list":["post-1748","page","type-page","status-publish","has-post-thumbnail","hentry"],"acf":[],"_links":{"self":[{"href":"https:\/\/www.minimumdepositcasinos.org\/fr\/wp-json\/wp\/v2\/pages\/1748","targetHints":{"allow":["GET"]}}],"collection":[{"href":"https:\/\/www.minimumdepositcasinos.org\/fr\/wp-json\/wp\/v2\/pages"}],"about":[{"href":"https:\/\/www.minimumdepositcasinos.org\/fr\/wp-json\/wp\/v2\/types\/page"}],"author":[{"embeddable":true,"href":"https:\/\/www.minimumdepositcasinos.org\/fr\/wp-json\/wp\/v2\/users\/10"}],"replies":[{"embeddable":true,"href":"https:\/\/www.minimumdepositcasinos.org\/fr\/wp-json\/wp\/v2\/comments?post=1748"}],"version-history":[{"count":6,"href":"https:\/\/www.minimumdepositcasinos.org\/fr\/wp-json\/wp\/v2\/pages\/1748\/revisions"}],"predecessor-version":[{"id":3518,"href":"https:\/\/www.minimumdepositcasinos.org\/fr\/wp-json\/wp\/v2\/pages\/1748\/revisions\/3518"}],"up":[{"embeddable":true,"href":"https:\/\/www.minimumdepositcasinos.org\/fr\/wp-json\/wp\/v2\/pages\/16"}],"wp:featuredmedia":[{"embeddable":true,"href":"https:\/\/www.minimumdepositcasinos.org\/fr\/wp-json\/wp\/v2\/media\/1886"}],"wp:attachment":[{"href":"https:\/\/www.minimumdepositcasinos.org\/fr\/wp-json\/wp\/v2\/media?parent=1748"}],"curies":[{"name":"wp","href":"https:\/\/api.w.org\/{rel}","templated":true}]}}