{"id":1751,"date":"2019-08-27T11:08:02","date_gmt":"2019-08-27T11:08:02","guid":{"rendered":"https:\/\/www.minimumdepositcasinos.org\/fr\/?page_id=1751"},"modified":"2019-10-30T14:34:49","modified_gmt":"2019-10-30T14:34:49","slug":"plush","status":"publish","type":"page","link":"https:\/\/www.minimumdepositcasinos.org\/fr\/revue-de-casino\/plush\/","title":{"rendered":"Plush Casino"},"content":{"rendered":"\n<h2 class=\"wp-block-heading\"><strong>Diff\u00e9rents aspects de <g class=\"gr_ gr_4 gr-alert gr_spell gr_inline_cards gr_disable_anim_appear ContextualSpelling\" id=\"4\" data-gr-id=\"4\">l\u2019avis<\/g>&nbsp;<\/strong><\/h2>\n\n\n\n<p>Plush Casino propose de nombreux jeux pour votre ordinateur de bureau ou votre appareil mobile, des actions en direct, et un bonus de bienvenue unique. Ils ajoutent r\u00e9guli\u00e8rement de nouveaux jeux \u00e0 leur grande r\u00e9serve de favoris. Plush casino a une large gamme de jeux de jackpot avec des gains \u00e9normes disponibles. Les jeux de Plush Casino <a href=\"https:\/\/www.minimumdepositcasinos.org\/fr\/logiciel\/\">proviennent des meilleurs d\u00e9veloppeurs du mond<\/a>e. Et ils ont m\u00eame une large s\u00e9lection de jeux de bingo et de jeux \u00ab \u00e0 gratter \u00bb. Le plaisir ne s&#8217;arr\u00eate pas avec leur bonus de bienvenue, car ils ont \u00e9galement pleins de promotions. Si vous voulez un casino en ligne amusant, des jeux de qualit\u00e9, un syst\u00e8me de paiement facile et un jeu \u00e9quitable, ce casino en ligne est un bon choix. Leur programme VIP r\u00e9compense \u00e9galement votre fid\u00e9lit\u00e9 !<\/p>\n\n\n\n<h2 class=\"wp-block-heading\">Bonus et Promotions<\/h2>\n\n\n\n<p>Alors que de nombreux casinos en ligne ont des offres de remboursement, Plush Casino offre un remboursement sur votre premier d\u00e9p\u00f4t. Ils se sp\u00e9cialisent \u00e9galement dans de nombreux tours de bonus. Et, les tours de bonus continuent avec leurs promotions !<\/p>\n\n\n\n<h3 class=\"wp-block-heading\"><br>Bonus de bienvenue<\/h3>\n\n\n\n<p>Le bonus de bienvenue du Plush Casino est disponible \u00e0 trois niveaux :<\/p>\n\n\n\n<ul class=\"wp-block-list\"><li><strong>D\u00e9posez entre 10 \u20ac et 19 \u20ac<\/strong>, recevez 20 tours de bonus<\/li><li><strong>D\u00e9posez entre 20 \u20ac et 49 \u20ac<\/strong>, recevez 50 tours de bonus<\/li><li><strong>D\u00e9posez entre 40 \u20ac et plus<\/strong>, recevez 20% de cashback sur les deux prochains jours jusqu&#8217;\u00e0 200 \u20ac<\/li><\/ul>\n\n\n\n<p>L&#8217;argent bonus a une exigence de mise de 20x et il existe un plafond de 2x pour la conversion des fonds de bonus en argent comptant.<\/p>\n\n\n\n<p>L\u2019offre de cashback ne s\u2019applique qu\u2019\u00e0 l\u2019argent du premier d\u00e9p\u00f4t du joueur. Un joueur doit avoir subi une perte d&#8217;au moins 10 \u20ac pour pouvoir b\u00e9n\u00e9ficier du remboursement. Jouer sur une table en direct ne contribue pas \u00e0 satisfaire l&#8217;exigence de mise.<\/p>\n\n\n\n<h3 class=\"wp-block-heading\"><br>Autres promotions<\/h3>\n\n\n\n<p>Plush Casino organise des promotions en permanence et, pour \u00e9viter que les choses ne deviennent ennuyeuses, il change r\u00e9guli\u00e8rement ce qui est propos\u00e9. \u00c0 l&#8217;heure actuelle, <a href=\"https:\/\/www.minimumdepositcasinos.org\/fr\/tours-gratuits\/\">les promotions sont pour des tours de bonus<\/a>.<\/p>\n\n\n\n<h4 class=\"wp-block-heading\"><strong>Spin-Tastic <\/strong><\/h4>\n\n\n\n<p>Faites simplement un d\u00e9p\u00f4t et recevez vos tours de bonus. Pour un d\u00e9p\u00f4t de 20 \u20ac \u00e0 29 \u20ac, les joueurs re\u00e7oivent 10 tours de bonus. Augmentez votre d\u00e9p\u00f4t de 30 \u20ac \u00e0 49 \u20ac et vous obtiendrez 20 tours. Et, pour les d\u00e9p\u00f4ts de 49 \u20ac ou plus, les joueurs re\u00e7oivent 30 tours de bonus. Cette promotion est tous les jours mais ne s&#8217;applique qu&#8217;au premier d\u00e9p\u00f4t de la journ\u00e9e. Les gains des tours de bonus ont une exigence de mise de 20x et il y a une limite de 4x \u00e0 la conversion des fonds de bonus sur votre compte habituel. Le bonus est valable pendant sept jours, mais si vous ne terminez pas les tours ou les conditions de mise, les fonds de bonus restants seront retir\u00e9s de votre compte.<\/p>\n\n\n\n<h4 class=\"wp-block-heading\"><strong>Fruit Shop<\/strong><\/h4>\n\n\n\n<p>Fruit Shop est une autre promotion de tours bonus. C&#8217;est une occasion hebdomadaire de recevoir 20 tours de bonus pour un d\u00e9p\u00f4t de 20 \u20ac Le bonus a une exigence de mise de 20x et un plafond de 4x sur la conversion des fonds de bonus sur votre compte habituel. Comme les joueurs ne peuvent avoir qu&#8217;un seul bonus actif \u00e0 la fois, ils devront s&#8217;assurer de terminer leur bonus Spin-Tastic avant de commencer le bonus.<\/p>\n\n\n\n<h4 class=\"wp-block-heading\"><strong>Promotions suppl\u00e9mentaires en cours<\/strong><\/h4>\n\n\n\n<p>Plush Casino organise r\u00e9guli\u00e8rement des promotions qui ne sont pas toutes destin\u00e9es \u00e0 des tours de bonus. Les autres promotions incluent des bonus, des bonus de connexion, des matchs bonus et des bonus suppl\u00e9mentaires. Bien que les conditions de bonus soient toujours similaires, toutes les promotions auront leurs propres r\u00e8gles.<\/p>\n\n\n\n<h3 class=\"wp-block-heading\">Conditions de jeu (conditions de mise)<\/h3>\n\n\n\n<p>Plush Casino veille \u00e0 ce que les joueurs viennent jouer et n&#8217;essayent pas de faire un d\u00e9p\u00f4t, de collecter un bonus et de le retirer imm\u00e9diatement. Ces conditions sont courantes dans tous les casinos en ligne. Les conditions de mise habituelles sur Plush Casino sont 20 fois le montant du bonus et des gains. Lorsque les conditions de mise ne sont pas remplies \u00e0 l&#8217;expiration de la p\u00e9riode de bonus (g\u00e9n\u00e9ralement une semaine), les fonds des bonus sont perdus.<\/p>\n\n\n\n<p>De plus, tous les jeux de casino ne contribuent pas de mani\u00e8re \u00e9gale \u00e0 satisfaire l&#8217;exigence de jouabilit\u00e9. En r\u00e8gle g\u00e9n\u00e9rale, tous les jeux de machines \u00e0 sous et de jeux de grattage ou de jeux \u00e0 num\u00e9ros contribuent \u00e0 100%, les jeux de machines \u00e0 sous premium \u00e0 75% et les jeux de table comme le blackjack et la roulette, \u00e0 10%.<\/p>\n\n\n\n<h3 class=\"wp-block-heading\">VIP et Fid\u00e9lit\u00e9<\/h3>\n\n\n\n<p>Plush Casino fait de vous un VIP apr\u00e8s avoir d\u00e9pos\u00e9 2 000 \u20ac. Une fois que vous \u00eates un VIP chez Casino Plush, vous \u00eates un VIP \u00e0 vie ! Les quatre niveaux VIP commencent par Silver et passent \u00e0 Gold (d\u00e9p\u00f4t de 5 000 $ \/ \u20ac), Premier (d\u00e9p\u00f4t de 10 000 $) et Elite (d\u00e9p\u00f4t de 20 000 $). Voici les avantages de base du statut VIP :<\/p>\n\n\n\n<p><em>Recharges exclusives et promotions<\/em>:<\/p>\n\n\n\n<ul class=\"wp-block-list\"><li><em>Cadeaux sp\u00e9ciaux<\/em><\/li><li><em>Gestionnaire de compte personnel<\/em><\/li><li><em>Limites de d\u00e9p\u00f4t plus \u00e9lev\u00e9es<\/em><\/li><li><em>Temps de retrait plus rapides <\/em><\/li><li><em>Adh\u00e9sion VIP \u00e0 vie<\/em><\/li><\/ul>\n\n\n\n<p>Les avantages VIP continuent d&#8217;augmenter \u00e0 mesure que votre statut augmente.<\/p>\n\n\n\n<h2 class=\"wp-block-heading\">Comment commencer \u00e0 jouer ?<\/h2>\n\n\n\n<p>Comment commencer \u00e0 jouer sur Plush Casino est facile. <a href=\"\/fr\/go\/plush@frr\">Cliquez sur notre lien pour aller \u00e0 Plush Casino<\/a> .Cliquez sur le bouton \u00ab S&#8217;inscrire maintenant \u00bb sur la page principale. Vous passerez sur deux formulaires successifs. Le premier vous demandera de confirmer que vous avez plus de 18 ans, de fournir un nom d&#8217;utilisateur et un mot de passe, ainsi que votre email. Ils voudront \u00e9galement que vous confirmiez que vous voulez qu&#8217;ils vous envoient des emails concernant les promotions.<\/p>\n\n\n\n<p>Lorsque vous cliquez sur le bouton pour acc\u00e9der \u00e0 la page suivante, vous entrez votre nom, adresse, pays de r\u00e9sidence, code postal, num\u00e9ro de t\u00e9l\u00e9phone et date de naissance. Lorsque vous faites cela et cliquez \u00e0 nouveau sur le bouton, vous devriez \u00eatre inscrit. Cependant, Plush Casino prend au s\u00e9rieux la politique de vos clients et vous demandera \u00e0 l\u2019occasion une preuve pr\u00e9cise de votre adresse, de votre identit\u00e9 et d\u2019autres \u00e9l\u00e9ments, tels que la propri\u00e9t\u00e9 du moyen de paiement que vous souhaitez utiliser pour d\u00e9poser et recevoir des fonds.<\/p>\n\n\n\n<p>Ensuite, vous acc\u00e9dez \u00e0 une page o\u00f9 vous pouvez choisir le mode de <a href=\"https:\/\/www.minimumdepositcasinos.org\/fr\/options-dachat\/\">paiement que vous souhaitez utiliser pour effectuer un d\u00e9p\u00f4t<\/a>. Faites votre d\u00e9p\u00f4t et vous pourrez tr\u00e8s vite commencer \u00e0 jouer. <\/p>\n\n\n\n<p>Remarque&nbsp;: Si vous souhaitez utiliser le bonus de bienvenue, assurez-vous de vous y inscrire avant de placer votre premier pari, sinon vous risquez de perdre cette occasion !<\/p>\n\n\n\n<h2 class=\"wp-block-heading\">Paiements<\/h2>\n\n\n\n<p>Plush Casino dispose d&#8217;un grand nombre d&#8217;options pour effectuer un d\u00e9p\u00f4t ou retirer des fonds. Le temps n\u00e9cessaire pour obtenir de l&#8217;argent sur votre compte est tr\u00e8s rapide. Lorsque vous souhaitez retirer votre compte, leur traitement interne peut prendre jusqu&#8217;\u00e0 trois jours ouvrables. Ensuite, si vous utilisez une m\u00e9thode de porte-monnaie \u00e9lectronique, votre transfert sera pratiquement instantan\u00e9, tandis que les cartes de cr\u00e9dit et de d\u00e9bit peuvent prendre entre trois et cinq jours et les virements bancaires, une semaine.<br><br><\/p>\n\n\n\n<h3 class=\"wp-block-heading\">M\u00e9thodes de d\u00e9p\u00f4t<\/h3>\n\n\n\n<p>Les m\u00e9thodes propos\u00e9es par Plush Casino pour effectuer un d\u00e9p\u00f4t sont <a href=\"\/fr\/options-dachat\/visa\/\">VISA<\/a>, Skrill, Neteller, Skrill 1-Tap, Zimpler, <a href=\"\/fr\/options-dachat\/paysafecard\/\">PaySafeCard<\/a>, Boku, Trustly, GiroPay et Sofort. Il n&#8217;y a pas de frais de d\u00e9p\u00f4t \u00e0 l&#8217;exception de Boku qui a une charge de 15%.<\/p>\n\n\n\n<h3 class=\"wp-block-heading\">D\u00e9p\u00f4ts minimum et maximum<\/h3>\n\n\n\n<p><a href=\"https:\/\/www.minimumdepositcasinos.org\/fr\/10-de-depot-minimum\/\">Le d\u00e9p\u00f4t minimum pour toutes les m\u00e9thodes sauf Boku est de 10 \u20ac<\/a>. Pour Boku, c&#8217;est 15 \u20ac. Plush Casino ne sp\u00e9cifie pas de maximum de d\u00e9p\u00f4t et, en fait, leurs niveaux VIP acceptent des d\u00e9p\u00f4ts d&#8217;un montant maximal de 20 000 $ \/ \u20ac afin d\u2019\u00eatre admissibles ! Et, si le jeu devient un probl\u00e8me pour vous, vous pouvez d\u00e9finir vos propres limites quant au montant que le casino acceptera en d\u00e9p\u00f4t.<\/p>\n\n\n\n<h3 class=\"wp-block-heading\">M\u00e9thodes et temps de retrait<\/h3>\n\n\n\n<p>Le retrait minimum sur Plush Casino est de 40 \u20ac sauf si vous fermez votre compte. Plush Casino utilisera la m\u00eame m\u00e9thode que vous avez utilis\u00e9e pour effectuer un d\u00e9p\u00f4t pour votre retrait.<\/p>\n\n\n\n<p>Dans sa section Termes et Conditions, Plush Casino propose des informations sp\u00e9cifiques pour chaque mode de paiement.<\/p>\n\n\n\n<p>Le maximum des retraits est de 2 000 \u20ac par jour et de 10 000 \u20ac par mois. Une exception est si vous gagnez un \u00e9norme jackpot, auquel cas le jackpot sera pay\u00e9 en totalit\u00e9 !<\/p>\n\n\n\n<h2 class=\"wp-block-heading\"><br>Jeux<\/h2>\n\n\n\n<p>Mise \u00e0 part toutes les promotions, les bonus et les avantages VIP, nous avons ici un bon casino en ligne, <a href=\"https:\/\/www.minimumdepositcasinos.org\/fr\/jeux\/\">nous jouons parce qu&#8217;ils ont d&#8217;excellents jeux et qu&#8217;ils sont nombreux.<\/a> Ils offrent m\u00eame du bingo et une multitude de jeux \u00e0 gratter.<br><br><\/p>\n\n\n\n<h3 class=\"wp-block-heading\">Machines \u00e0 sous<\/h3>\n\n\n\n<p>Avec <a href=\"\/fr\/jeux\/machines-a-sous\/\">des centaines et des centaines de jeux de machines \u00e0 sous<\/a>, Plush Casino offre plus de jeux que vous ne pourrez jamais jouer ! Tout ce que vous aimez, vous le trouverez chez Plush Casino. Et si vous aimez les machines \u00e0 sous \u00e0 jackpots, vous trouverez des jeux avec des jackpots de 1 000 000 \u20ac !<\/p>\n\n\n\n<h3 class=\"wp-block-heading\"><br>Jeux de table<\/h3>\n\n\n\n<p><a href=\"\/fr\/jeux\/blackjack\/\">Si vous pr\u00e9f\u00e9rez le blackjack<\/a> ou la <a href=\"\/fr\/jeux\/roulette\/\">roulette<\/a>, Plush Casino propose \u00e9galement d&#8217;excellents jeux.<\/p>\n\n\n\n<h3 class=\"wp-block-heading\"><br>Jeux en direct<\/h3>\n\n\n\n<p>Plush Casino ne r\u00e9pertorie aucun jeu de table en direct pour le moment.<br><br><\/p>\n\n\n\n<h2 class=\"wp-block-heading\">Mobile et Applications<\/h2>\n\n\n\n<p>Vous pouvez jouer sur Plush Casino avec votre appareil mobile ainsi qu&#8217;avec votre PC. Leur application fonctionne pour les syst\u00e8mes d&#8217;exploitation iOS (Apple), <a href=\"\/fr\/appareils\/android\/\">Android<\/a> et <a href=\"\/fr\/appareils\/windows\/\">Windows<\/a>. Les jeux fonctionnent bien sur les appareils mobiles, ce qui vous permet d&#8217;emporter Plush Casino avec vous, o\u00f9 que vous soyez.<br><br><\/p>\n\n\n\n<h2 class=\"wp-block-heading\">S\u00e9curit\u00e9 et Licences<\/h2>\n\n\n\n<p>La marque Plush Casino appartient \u00e0 Nektan, une soci\u00e9t\u00e9 de Gibraltar, sous le num\u00e9ro de licence Casino RGL No.054 et est autoris\u00e9e au Royaume-Uni par la UK Gambling Commission (000-039107-R-319400-014).<br><br><\/p>\n\n\n\n<h2 class=\"wp-block-heading\">Assistance client\u00e8le<\/h2>\n\n\n\n<ul class=\"wp-block-list\"><li>Email : plushcasino.support@nektan.com<\/li><li>T\u00e9l\u00e9phone : +44 203 621 6941<\/li><li>Chat en direct : Cliquez sur le bouton d&#8217;assistance dans la barre de menu sup\u00e9rieure, puis sur l&#8217;option de chat en direct sur la page \u00ab contact \u00bb.<\/li><\/ul>\n\n\n\n<p>Le personnel d&#8217;assistance de Plush Casino est disponible de 8h00 \u00e0 minuit GMT (heure normale britannique).<\/p>\n\n\n\n<h2 class=\"wp-block-heading\">Notre Verdict<\/h2>\n\n\n\n<p>Peluche casino a une bonne s\u00e9lection de jeux, y compris le bingo et les jeux \u00e0 gratter. Nous aimons leur bonus de bienvenue et leurs promotions. Leur programme VIP est impressionnant et leur application mobile vous permet de jouer o\u00f9 et quand vous le souhaitez. Nous nous attendons \u00e0 ce que si vous essayez Plush Casino, <a href=\"\/fr\/go\/plush@frr\">vous allez l\u2019aimer et enfin devenir l\u2019un de leurs habitu\u00e9s<\/a>. <\/p>\n","protected":false},"excerpt":{"rendered":"<p>Diff\u00e9rents aspects de l\u2019avis&nbsp; Plush Casino propose de nombreux jeux pour votre ordinateur de bureau ou votre appareil mobile, des actions en direct, et un bonus de bienvenue unique. Ils ajoutent r\u00e9guli\u00e8rement de nouveaux jeux \u00e0 leur grande r\u00e9serve de favoris. Plush casino a une large gamme de jeux de jackpot avec des gains \u00e9normes [&hellip;]<\/p>\n","protected":false},"author":10,"featured_media":1875,"parent":16,"menu_order":0,"comment_status":"closed","ping_status":"closed","template":"page_review_card.php","meta":{"_acf_changed":false,"footnotes":""},"class_list":["post-1751","page","type-page","status-publish","has-post-thumbnail","hentry"],"acf":[],"_links":{"self":[{"href":"https:\/\/www.minimumdepositcasinos.org\/fr\/wp-json\/wp\/v2\/pages\/1751","targetHints":{"allow":["GET"]}}],"collection":[{"href":"https:\/\/www.minimumdepositcasinos.org\/fr\/wp-json\/wp\/v2\/pages"}],"about":[{"href":"https:\/\/www.minimumdepositcasinos.org\/fr\/wp-json\/wp\/v2\/types\/page"}],"author":[{"embeddable":true,"href":"https:\/\/www.minimumdepositcasinos.org\/fr\/wp-json\/wp\/v2\/users\/10"}],"replies":[{"embeddable":true,"href":"https:\/\/www.minimumdepositcasinos.org\/fr\/wp-json\/wp\/v2\/comments?post=1751"}],"version-history":[{"count":6,"href":"https:\/\/www.minimumdepositcasinos.org\/fr\/wp-json\/wp\/v2\/pages\/1751\/revisions"}],"predecessor-version":[{"id":2876,"href":"https:\/\/www.minimumdepositcasinos.org\/fr\/wp-json\/wp\/v2\/pages\/1751\/revisions\/2876"}],"up":[{"embeddable":true,"href":"https:\/\/www.minimumdepositcasinos.org\/fr\/wp-json\/wp\/v2\/pages\/16"}],"wp:featuredmedia":[{"embeddable":true,"href":"https:\/\/www.minimumdepositcasinos.org\/fr\/wp-json\/wp\/v2\/media\/1875"}],"wp:attachment":[{"href":"https:\/\/www.minimumdepositcasinos.org\/fr\/wp-json\/wp\/v2\/media?parent=1751"}],"curies":[{"name":"wp","href":"https:\/\/api.w.org\/{rel}","templated":true}]}}