{"id":1757,"date":"2019-08-02T07:36:40","date_gmt":"2019-08-02T07:36:40","guid":{"rendered":"https:\/\/www.minimumdepositcasinos.org\/fr\/?page_id=1757"},"modified":"2019-10-30T14:35:44","modified_gmt":"2019-10-30T14:35:44","slug":"malina-casino","status":"publish","type":"page","link":"https:\/\/www.minimumdepositcasinos.org\/fr\/revue-de-casino\/malina-casino\/","title":{"rendered":"Malina Casino"},"content":{"rendered":"\n<h2 class=\"wp-block-heading\"><strong>R\u00e9partition de l&#8217;examen&nbsp;<\/strong><\/h2>\n\n\n\n<p>Malina Casino est un site qui combine <a href=\"https:\/\/www.minimumdepositcasinos.org\/fr\/jeux\/\">une grande vari\u00e9t\u00e9 de jeux<\/a> avec un bonus de bienvenue attrayant, des prix fantastiques et une chance de gagner gros. Bien qu&#8217;ils soient encore relativement nouveaux, ils ont d\u00e9j\u00e0 acquis une solide r\u00e9putation depuis un bon moment, et ils sont clairement bien vers\u00e9s dans la compr\u00e9hension de ce que leurs clients recherchent ! Avec une vari\u00e9t\u00e9 d&#8217;offres, il y en a pour tous les go\u00fbts.&nbsp;<\/p>\n\n\n\n<h2 class=\"wp-block-heading\"><strong>Bonus et promotions <\/strong><\/h2>\n\n\n\n<p>Offrir d&#8217;excellents bonus est un facteur important dans quelque casino &#8211; ils aident \u00e0 attirer de nouveaux joueurs d\u00e8s le d\u00e9but, et donnent \u00e0 ceux qui ont jou\u00e9 pendant un certain temps une raison de rester fid\u00e8le et r\u00e9compens\u00e9 pour leur engagement. Malina Casino propose une gamme d&#8217;offres, y compris un bonus de bienvenue tr\u00e8s impressionnant.&nbsp;<\/p>\n\n\n\n<h3 class=\"wp-block-heading\"><strong>Bonus de bienvenue <\/strong><\/h3>\n\n\n\n<p>Le bonus de bienvenue offert par Maliana est l&#8217;un des principaux avantages du site et est s\u00fbr d&#8217;encourager les nouveaux joueurs \u00e0 essayer le casino. Lors de votre inscription,<a href=\"https:\/\/www.minimumdepositcasinos.org\/fr\/20-de-depot-minimum\/\"> vous devrez d\u00e9poser un minimum de $\/\u20ac20<\/a>, jusqu&#8217;\u00e0 un maximum de $\/\u20ac500. Ceci activera l&#8217;offre de bienvenue, et le casino <a href=\"https:\/\/www.minimumdepositcasinos.org\/fr\/bonus-de-depot\/\">\u00e9galera alors votre d\u00e9p\u00f4t initial de 100%.<\/a> Cela vous donne un pot d&#8217;argent suppl\u00e9mentaire pour jouer avec et c&#8217;est une grande chance d&#8217;essayer les diff\u00e9rents aspects et domaines du casino sans souci.<\/p>\n\n\n\n<p>Il est \u00e0 noter qu&#8217;il y a quelques restrictions sur le bonus &#8211; les conditions de mise sont de 40x, et il y a un plafond de $\/\u20ac80 quand il s&#8217;agit de retirer vos gains. Les joueurs devront \u00e9galement contacter le casino par email ou chat en direct pour activer le bonus &#8211; c&#8217;est un peu frustrant. Une fois activ\u00e9, vous \u00eates libre de <a href=\"\/fr\/jeux\/\">commencer \u00e0 jouer \u00e0 vos jeux pr\u00e9f\u00e9r\u00e9s et d&#8217;augmenter vos chances de gagner !<\/a><\/p>\n\n\n\n<h3 class=\"wp-block-heading\"><strong>Autres promotions<\/strong><\/h3>\n\n\n\n<p>En plus d&#8217;un bonus de bienvenue, Malina offre \u00e9galement une promotion suppl\u00e9mentaire qui est connue sous le nom de&#8217;Mercredi des Vendanges&#8217;. Ceci offre <a href=\"https:\/\/www.minimumdepositcasinos.org\/fr\/tours-gratuits\/\">40 tours gratuits<\/a> \u00e0 condition que le joueur d\u00e9pose un minimum de $\/\u20ac25, et c&#8217;est un excellent moyen de v\u00e9rifier les diff\u00e9rents jeux. Le&#8217;Week-end Framboise&#8217; est une autre option, et c&#8217;est un bonus de 50%, plus 30 tours gratuits. Le seul probl\u00e8me est que les joueurs devront contacter le casino directement pour se qualifier.&nbsp;<\/p>\n\n\n\n<h3 class=\"wp-block-heading\"><strong>Exigences de jeu (Exigences de pari)<\/strong><\/h3>\n\n\n\n<p>Tous les bonus et gains seront soumis \u00e0 des conditions de mise sp\u00e9cifiques &#8211; c&#8217;est le nombre de fois o\u00f9 le bonus et les gains doivent \u00eatre jou\u00e9s avant de pouvoir \u00eatre retir\u00e9s. Les conditions de mise varient d&#8217;un jeu \u00e0 l&#8217;autre, il est donc toujours important de v\u00e9rifier avant de vous engager.&nbsp;<\/p>\n\n\n\n<p>Le bonus de bienvenue offert par Malina s&#8217;accompagne d&#8217;une exigence de mise de 40x &#8211; ce qui signifie que le bonus et tous les gains que vous recevez gr\u00e2ce au bonus devront \u00eatre jou\u00e9s 40 fois au total avant que vous puissiez encaisser les gains. Il y a aussi g\u00e9n\u00e9ralement des restrictions sur les jeux qui peuvent \u00eatre jou\u00e9s, il est donc important de v\u00e9rifier.<\/p>\n\n\n\n<h3 class=\"wp-block-heading\"><strong>VIP et fid\u00e9lit\u00e9*<\/strong><\/h3>\n\n\n\n<p>Offrir un excellent programme VIP et de fid\u00e9lisation est essentiel pour qu&#8217;un casino se d\u00e9marque de ses pairs et garde ses clients satisfaits et heureux sur le long terme. Le programme VIP de Maliana est \u00e0 plusieurs niveaux et comprend le Bronze, l&#8217;Argent, l&#8217;Or, le Platine et le Diamant. Chaque niveau a ses propres caract\u00e9ristiques, et les joueurs peuvent b\u00e9n\u00e9ficier d&#8217;avantages tels que des d\u00e9lais de retrait plus rapides, des frais plus bas, des bonus VIP exclusifs, des offres et promotions exceptionnelles, et un traitement \u00e9lev\u00e9. Il y a beaucoup plus d&#8217;opportunit\u00e9s disponibles, et des limites de d\u00e9p\u00f4t et de retrait beaucoup plus \u00e9lev\u00e9es pour vous aider \u00e0 gagner encore plus facilement \u00e0 chaque jeu ! Il s&#8217;agit d&#8217;un programme VIP qui vise vraiment \u00e0 r\u00e9compenser les participants et qui vaut la peine d&#8217;\u00eatre adopt\u00e9.&nbsp;<\/p>\n\n\n\n<h2 class=\"wp-block-heading\"><strong>Comment commencer \u00e0 jouer <\/strong><\/h2>\n\n\n\n<p>Les avantages et les bonus semblent donc tr\u00e8s int\u00e9ressants, mais comment s&#8217;y prendre pour jouer aux jeux et y acc\u00e9der ? <a href=\"\/fr\/go\/malina@frr\">Le processus est simple et demande aux joueurs de commencer par visiter le site<\/a>. Ici, vous serez invit\u00e9 \u00e0 commencer le processus d&#8217;inscription qui consiste \u00e0 remplir un formulaire simple avec des d\u00e9tails de base tels que votre date de naissance, votre adresse e-mail et vos donn\u00e9es personnelles, avant de confirmer votre adresse e-mail.<\/p>\n\n\n\n<p><a href=\"https:\/\/www.minimumdepositcasinos.org\/fr\/20-de-depot-minimum\/\">Une fois inscrit sur le site, il est temps d&#8217;effectuer le premier d\u00e9p\u00f4t de $\/\u20ac20<\/a>, ce qui d\u00e9clenche le bonus de bienvenue, vous donnant un prix \u00e9quivalent et vous permettant de prendre le temps d&#8217;explorer les diff\u00e9rents aspects du casino. Le bonus de bienvenue vous donne la chance de jouer \u00e0 des jeux auxquels vous n&#8217;aviez peut-\u00eatre pas pens\u00e9 auparavant, et de profiter du plaisir offert sans avoir \u00e0 d\u00e9penser votre propre argent ou \u00e0 risquer un pari.<\/p>\n\n\n\n<h2 class=\"wp-block-heading\"><strong>Paiements<\/strong><\/h2>\n\n\n\n<p>Lorsque vous testez un nouveau casino, il est important que la m\u00e9thode de paiement et les options pour effectuer des retraits et des d\u00e9p\u00f4ts soient simples et faciles d&#8217;acc\u00e8s pour les joueurs. Cela peut faire la diff\u00e9rence entre rester fid\u00e8le \u00e0 un casino et trouver une meilleure option, et peut avoir un impact durable sur les clients &#8211; il est super important pour le site d&#8217;obtenir raison.<\/p>\n\n\n\n<p>Malina Casino offre une gamme de diff\u00e9rentes options quand il s&#8217;agit de placer des d\u00e9p\u00f4ts pour d\u00e9clencher des bonus et jouer \u00e0 des jeux, et de retirer vos gains si vous \u00eates assez chanceux pour vous trouver un gagnant. Quelle que soit votre pr\u00e9f\u00e9rence, il y aura certainement quelque chose qui conviendra \u00e0 votre style.&nbsp;<\/p>\n\n\n\n<h3 class=\"wp-block-heading\"><strong>M\u00e9thodes de d\u00e9p\u00f4t <\/strong><\/h3>\n\n\n\n<h3 class=\"wp-block-heading\"><strong>D\u00e9p\u00f4ts minimum et maximum <\/strong><\/h3>\n\n\n\n<p><a href=\"https:\/\/www.minimumdepositcasinos.org\/fr\/20-de-depot-minimum\/\">Un d\u00e9p\u00f4t minimum de $\/\u20ac20<\/a> est requis pour que l&#8217;offre de bienvenue soit d\u00e9clench\u00e9e, et il n&#8217;y a actuellement aucune limite de d\u00e9p\u00f4t maximum, bien que cette caract\u00e9ristique puisse changer dans le futur.<\/p>\n\n\n\n<h3 class=\"wp-block-heading\"><strong>M\u00e9thodes et temps de retrait <\/strong><\/h3>\n\n\n\n<p>Pour faciliter la vie de ses clients, Malina Casino propose un large \u00e9ventail de m\u00e9thodes de retrait pour r\u00e9pondre \u00e0 toutes les pr\u00e9f\u00e9rences ; il y en a vraiment pour tous les go\u00fbts. Les m\u00e9thodes comprennent&nbsp;<\/p>\n\n\n\n<p><a href=\"\/fr\/options-dachat\/neteller\/\">Neteller<\/a>, <a href=\"\/fr\/options-dachat\/visa\/\">Visa<\/a>, Nordea, SampoPankki, EcoPayz, Swedbank, SEB Pank, Euteller, QIWI, Instant Bank, Skrill, WebMoney, Yandex Money, OP-Pohjola Group, Payeer, Entercash, PaySec, Sparbanken et Suomen Verkkomaksut. Les porte-monnaie \u00e9lectroniques sont g\u00e9n\u00e9ralement le choix le plus rapide et prennent 24 heures, tandis que les cartes de cr\u00e9dit et de d\u00e9bit et les virements bancaires peuvent prendre entre 3 et 5 jours. Toutes les transactions auront un d\u00e9lai d&#8217;attente pouvant aller jusqu&#8217;\u00e0 24 heures.&nbsp;<\/p>\n\n\n\n<h2 class=\"wp-block-heading\"><strong>Jeux<\/strong><\/h2>\n\n\n\n<p><a href=\"\/fr\/jeux\/\">Offrir une grande vari\u00e9t\u00e9 de jeux de haute qualit\u00e9<\/a> est essentiel pour tout casino qui veut que ses clients restent, et Malina Casino le reconna\u00eet dans sa gamme impressionnante. Ils ont beaucoup de choix disponibles, et vous \u00eates s\u00fbr de trouver un jeu pour r\u00e9pondre \u00e0 vos envies, peu importe vos pr\u00e9f\u00e9rences !<\/p>\n\n\n\n<h3 class=\"wp-block-heading\"><strong>Machines \u00e0 sous<\/strong><\/h3>\n\n\n\n<p><a href=\"https:\/\/www.minimumdepositcasinos.org\/fr\/jeux\/machines-a-sous\/\">Les machines \u00e0 sous <\/a>sont une partie importante de quelquel casino, et ce n&#8217;est pas une exception ici o\u00f9 ils constituent une grande partie de l&#8217;exp\u00e9rience globale. Il y a une grande vari\u00e9t\u00e9 d&#8217;options populaires \u00e0 choisir, y compris le monde de la p\u00eache, Wild Toro, les l\u00e9gendes f\u00e9eriques Hansel &amp; Gretel Spina Colada, Vikings Go Berzerk, Sakura Fortune, Wins of Fortune et Double Dragons, pour n&#8217;en nommer que quelques-uns.<\/p>\n\n\n\n<h3 class=\"wp-block-heading\"><strong>Jeux de Table<\/strong><\/h3>\n\n\n\n<p>Les jeux de table sont une autre grande offre, et une fois de plus la s\u00e9lection est vari\u00e9e. La <a href=\"\/fr\/jeux\/roulette\/\">roulette est un choix populaire<\/a>, avec des variantes telles que Roulette Titanium, Roulette Advanced et Roulette Electronic. D&#8217;autres titres populaires incluent le nerf de boeuf simple de plate-forme et le chien rouge.<\/p>\n\n\n\n<h3 class=\"wp-block-heading\"><strong>Jeux de croupier en direct<\/strong><\/h3>\n\n\n\n<p>Une grande exp\u00e9rience de croupier en direct est une partie essentielle de tout casino, et c&#8217;est quelque chose qui est inclus ici. Le <a href=\"\/fr\/jeux\/blackjack\/\">Blackjack<\/a>, le Baccarat et la Roulette sont tous des options populaires, et c&#8217;est une merveilleuse occasion de vraiment vous immerger dans l&#8217;atmosph\u00e8re du casino, et de lui donner vie dans le confort de votre propre maison &#8211; que demander de plus ?<\/p>\n\n\n\n<h2 class=\"wp-block-heading\"><strong>Mobile et applications<\/strong><\/h2>\n\n\n\n<p>Dans un monde d&#8217;interaction constante, il est important que les casinos adoptent la tendance mobile, et Malina le fait \u00e0 merveille, en assurant une compatibilit\u00e9 totale pour leurs jeux sur une gamme d&#8217;appareils. Ainsi, vous pouvez profiter de vos jeux pr\u00e9f\u00e9r\u00e9s en d\u00e9placement, o\u00f9 que vous soyez !<\/p>\n\n\n\n<h2 class=\"wp-block-heading\"><strong>S\u00e9curit\u00e9 et licences<\/strong><\/h2>\n\n\n\n<p>Dans tous les casinos, la s\u00e9curit\u00e9 et la s\u00fbret\u00e9 sont une priorit\u00e9 absolue, et Malina ne fait pas exception \u00e0 la r\u00e8gle. Ils sont enti\u00e8rement licenci\u00e9s par Cura\u00e7ao et utilisent un pare-feu et diverses mesures de s\u00e9curit\u00e9 pour s&#8217;assurer que les donn\u00e9es personnelles et financi\u00e8res de leurs clients sont enti\u00e8rement prot\u00e9g\u00e9es. Des tests r\u00e9guliers sont \u00e9galement effectu\u00e9s pour s&#8217;assurer que tous les jeux sont totalement \u00e9quitables et al\u00e9atoires.<\/p>\n\n\n\n<h2 class=\"wp-block-heading\"><strong>Support client <\/strong><\/h2>\n\n\n\n<p>Le service de clavardage en direct est disponible 24 heures sur 24, 7 jours sur 7 pour toute assistance, et ce, dans une vari\u00e9t\u00e9 de langues. Il y a aussi une option de t\u00e9l\u00e9phone et d&#8217;email pour le support \u00e0 la client\u00e8le.&nbsp;<\/p>\n\n\n\n<h2 class=\"wp-block-heading\"><strong>Notre verdict <\/strong><\/h2>\n\n\n\n<p>D&#8217;une s\u00e9lection de jeux vari\u00e9s et int\u00e9ressants \u00e0 un excellent support client, Malina est un casino qui r\u00e9ussit \u00e0 cocher toutes les cases. Leurs bonus et promotions sont attrayants et con\u00e7us pour garder votre fid\u00e9lit\u00e9 et votre attention, et ils offrent une large gamme de jeux uniques qui sont garantis pour attirer votre attention ! Le site est \u00e9l\u00e9gant, lisse et professionnel, et les joueurs de tous niveaux et exp\u00e9riences trouveront certainement quelque chose pour les intriguer et s&#8217;amuser pendant des heures. <a href=\"\/fr\/go\/malina@frr\">Dans l&#8217;ensemble, c&#8217;est un grand casino en ligne qui a tout ce dont vous avez besoin pour vous divertir.&nbsp;<\/a><\/p>\n","protected":false},"excerpt":{"rendered":"<p>R\u00e9partition de l&#8217;examen&nbsp; Malina Casino est un site qui combine une grande vari\u00e9t\u00e9 de jeux avec un bonus de bienvenue attrayant, des prix fantastiques et une chance de gagner gros. Bien qu&#8217;ils soient encore relativement nouveaux, ils ont d\u00e9j\u00e0 acquis une solide r\u00e9putation depuis un bon moment, et ils sont clairement bien vers\u00e9s dans la [&hellip;]<\/p>\n","protected":false},"author":10,"featured_media":1854,"parent":16,"menu_order":0,"comment_status":"closed","ping_status":"closed","template":"page_review_card.php","meta":{"_acf_changed":false,"footnotes":""},"class_list":["post-1757","page","type-page","status-publish","has-post-thumbnail","hentry"],"acf":[],"_links":{"self":[{"href":"https:\/\/www.minimumdepositcasinos.org\/fr\/wp-json\/wp\/v2\/pages\/1757","targetHints":{"allow":["GET"]}}],"collection":[{"href":"https:\/\/www.minimumdepositcasinos.org\/fr\/wp-json\/wp\/v2\/pages"}],"about":[{"href":"https:\/\/www.minimumdepositcasinos.org\/fr\/wp-json\/wp\/v2\/types\/page"}],"author":[{"embeddable":true,"href":"https:\/\/www.minimumdepositcasinos.org\/fr\/wp-json\/wp\/v2\/users\/10"}],"replies":[{"embeddable":true,"href":"https:\/\/www.minimumdepositcasinos.org\/fr\/wp-json\/wp\/v2\/comments?post=1757"}],"version-history":[{"count":4,"href":"https:\/\/www.minimumdepositcasinos.org\/fr\/wp-json\/wp\/v2\/pages\/1757\/revisions"}],"predecessor-version":[{"id":2879,"href":"https:\/\/www.minimumdepositcasinos.org\/fr\/wp-json\/wp\/v2\/pages\/1757\/revisions\/2879"}],"up":[{"embeddable":true,"href":"https:\/\/www.minimumdepositcasinos.org\/fr\/wp-json\/wp\/v2\/pages\/16"}],"wp:featuredmedia":[{"embeddable":true,"href":"https:\/\/www.minimumdepositcasinos.org\/fr\/wp-json\/wp\/v2\/media\/1854"}],"wp:attachment":[{"href":"https:\/\/www.minimumdepositcasinos.org\/fr\/wp-json\/wp\/v2\/media?parent=1757"}],"curies":[{"name":"wp","href":"https:\/\/api.w.org\/{rel}","templated":true}]}}