{"id":1762,"date":"2019-08-02T11:22:52","date_gmt":"2019-08-02T11:22:52","guid":{"rendered":"https:\/\/www.minimumdepositcasinos.org\/fr\/?page_id=1762"},"modified":"2020-01-07T13:34:05","modified_gmt":"2020-01-07T13:34:05","slug":"spin-princess","status":"publish","type":"page","link":"https:\/\/www.minimumdepositcasinos.org\/fr\/revue-de-casino\/spin-princess\/","title":{"rendered":"Spin Princess"},"content":{"rendered":"\n<h2 class=\"wp-block-heading\"><strong>Diff\u00e9rents aspects de l\u2019avis&nbsp;<\/strong><\/h2>\n\n\n\n<p>Spin Princess Casino offre aux joueurs une grande vari\u00e9t\u00e9 de jeux pour les ordinateurs et mobiles. Ils ont<a href=\"https:\/\/www.minimumdepositcasinos.org\/fr\/jeux\/\"> un bel assortiment de jeux<\/a> de casino traditionnels ainsi que de nombreuses rotations de bonus et une offre de remboursement unique avec leur bonus de bienvenue. De nouveaux jeux sont r\u00e9guli\u00e8rement ajout\u00e9s \u00e0 leur r\u00e9pertoire en plus d&#8217;une liste \u00e9norme de vieux favoris. Si vous aimez les jeux de Jackpot, avec Spin Princess vous allez vous sentir chez vous. Ils tirent leurs jeux d&#8217;un assortiment des meilleurs d\u00e9veloppeurs de jeux et offrent un bel ensemble de jeux \u00ab \u00e0 gratter \u00bb et des jeux de paiement instantan\u00e9, ainsi que du bingo. Les joueurs qui aiment les promotions appr\u00e9cieront leur temps pass\u00e9 \u00e0 Spin Princess. Pour un casino vraiment agr\u00e9able avec une belle vari\u00e9t\u00e9 de jeux, un syst\u00e8me de paiement efficace et une s\u00e9curit\u00e9 de haut niveau, Spin Princess est difficile \u00e0 battre. Et les joueurs VIP sont amplement r\u00e9compens\u00e9s pour leur fid\u00e9lit\u00e9.<\/p>\n\n\n\n<h3 class=\"wp-block-heading\">Bonus et Promotions<\/h3>\n\n\n\n<p>Nous sommes impressionn\u00e9s par le bonus de bienvenue. Beaucoup de casinos ont une offre de remboursement, mais nous le voyons rarement sur votre premier d\u00e9p\u00f4t. Ceci, en soi, est une bonne raison d&#8217;essayer Spin Princess.<\/p>\n\n\n\n<h3 class=\"wp-block-heading\">Bonus de <g class=\"gr_ gr_3 gr-alert gr_spell gr_inline_cards gr_run_anim ContextualSpelling ins-del multiReplace\" id=\"3\" data-gr-id=\"3\">bienvenue<\/g><\/h3>\n\n\n\n<p>Le bonus de bienvenue de Spin Princess Casino s&#8217;am\u00e9liore \u00e0 mesure que vous d\u00e9posez.<\/p>\n\n\n\n<ul class=\"wp-block-list\"><li><strong>1er d\u00e9p\u00f4t<\/strong>: recevez 100% de bonus de match jusqu&#8217;\u00e0 100 $ + 50 tours gratuits sur Wolf Gold.<\/li><li> <strong>2\u00e8me d\u00e9p\u00f4t:<\/strong> obtenez 100% de bonus de match jusqu&#8217;\u00e0 100 $ + 50 tours gratuits sur Wolf Gold.<\/li><li><strong> 3e d\u00e9p\u00f4t: <\/strong>recevez un bonus de 50% jusqu&#8217;\u00e0 200 $ + 50 tours gratuits sur Wolf Gold.<\/li><\/ul>\n\n\n\n<p>Les bonus sont soumis \u00e0 une exigence de mise de 20x et \u00e0 un plafond de 2x pour convertir les fonds de bonus en esp\u00e8ces.<\/p>\n\n\n\n<p>Cette offre de remise ne concerne que l\u2019argent du premier d\u00e9p\u00f4t du joueur. Et il doit y avoir des pertes de 10 \u20ac ou plus pour obtenir le remboursement. Tout jeu sur table ou en direct ne contribue pas \u00e0 la satisfaction de la condition de mise.<\/p>\n\n\n\n<h3 class=\"wp-block-heading\">Autres promotions<\/h3>\n\n\n\n<p>Spin Princess Casino propose continuellement des promotions et ils les tournent de sorte qu&#8217;aucun ne devienne ennuyeuses.<\/p>\n\n\n\n<h4 class=\"wp-block-heading\"><strong>Fruit Shop<\/strong><\/h4>\n\n\n\n<p>D\u00e9posez 20 \u20ac ou plus et cette promotion vous offre vingt tours suppl\u00e9mentaires sur la machine \u00e0 sous Fruit Shop. Elle fonctionne une fois par semaine, a un plafond de 4x sur la conversion des fonds sur le compte r\u00e9gulier et a une exigence de mise de 20x. Les joueurs doivent rester conscients qu\u2019un seul bonus peut \u00eatre actif \u00e0 la fois lorsqu\u2019ils jouent avec les promotions de Spin Princess.<\/p>\n\n\n\n<h4 class=\"wp-block-heading\"><strong>Spin-Tastic<\/strong><\/h4>\n\n\n\n<ul class=\"wp-block-list\"><li>Ceci est un bonus de tours \u00e0 trois niveaux.<\/li><li>D\u00e9posez de 20 \u20ac \u00e0 29 \u20ac pour un bonus de <a href=\"https:\/\/www.minimumdepositcasinos.org\/fr\/tours-gratuits\/\">10 Tours Bonus<\/a><\/li><li>D\u00e9posez de 30 \u20ac \u00e0 39 \u20ac et recevez un bonus de 20 Tours Bonus<\/li><li>D\u00e9posez 40 \u20ac ou plus et obtenez un bonus de 30 Tours Bonus<\/li><\/ul>\n\n\n\n<p>Cela fonctionne tous les jours mais n\u2019est valable que pour le premier d\u00e9p\u00f4t de la journ\u00e9e. Tout comme la promotion Fruit Shop, celle-ci a une exigence de mise de 20x et un plafond de 4x pour convertir les gains en bonus en compte normal. De plus, ce bonus est bon pour sept jours et s&#8217;il n&#8217;est pas jou\u00e9 int\u00e9gralement, les fonds restants seront perdus.<\/p>\n\n\n\n<h4 class=\"wp-block-heading\"><strong>Golden Challenge<\/strong><\/h4>\n\n\n\n<p>Bien que cette promotion vous donne \u00e9galement des tours bonus pour votre d\u00e9p\u00f4t, vous obtiendrez des billets de tombola pour les paris. \u00c0 la fin de la p\u00e9riode du \u00ab Challenge \u00bb, 300 prix seront attribu\u00e9s, de la premi\u00e8re place de 500 \u20ac \u00e0 5 \u20ac pour les 70 derni\u00e8res places.<\/p>\n\n\n\n<h4 class=\"wp-block-heading\"><strong>Promotions suppl\u00e9mentaires en cours<\/strong><\/h4>\n\n\n\n<p>Spin Princess Casino propose toujours des promotions. En r\u00e8gle g\u00e9n\u00e9rale, ils n&#8217;impliquent pas tous des tours de bonus. &nbsp;Les autres promotions <a href=\"https:\/\/www.minimumdepositcasinos.org\/fr\/bonus-de-depot\/\">incluront des matchs bonus,<\/a> des baisses bonus, des bonus et des bonus de connexion. Bien que les termes de ces bonus soient similaires, toutes les promotions auront toujours leurs propres r\u00e8gles sp\u00e9cifiques.<\/p>\n\n\n\n<h3 class=\"wp-block-heading\">Conditions de jeu (conditions de mise)<\/h3>\n\n\n\n<p>Les conditions de mise ou de mise \u00e9tant courantes dans les casinos en ligne, Spin Princess ne diff\u00e8re que par les d\u00e9tails. Le but de ces r\u00e8gles est que vous ne pouvez pas faire de d\u00e9p\u00f4t, accepter le bonus puis partir. &nbsp;Les conditions de mise habituelles sur Spin Princess Casino sont 20 fois le montant du bonus et les gains \u00e9ventuels, mais ils peuvent varier \u00e0 tout moment. La condition de mise doit \u00eatre satisfaite au moment o\u00f9 la p\u00e9riode de bonus (g\u00e9n\u00e9ralement une semaine) a expir\u00e9. Sinon, les fonds de bonus peuvent \u00eatre perdus.<\/p>\n\n\n\n<p>En r\u00e8gle g\u00e9n\u00e9rale, <a href=\"https:\/\/www.minimumdepositcasinos.org\/fr\/jeux\/machines-a-sous\/\">les jeux de machines \u00e0 sous<\/a> contribuent \u00e0 100% \u00e0 la satisfaction des exigences de mise. Les machines \u00e0 sous premium de Spin Princess contribuent \u00e0 75% et les jeux de table ne g\u00e9n\u00e8rent que 10%, mais ne contribuent pas du tout, en fonction du bonus.<\/p>\n\n\n\n<h3 class=\"wp-block-heading\"><br>VIP et Fid\u00e9lit\u00e9<\/h3>\n\n\n\n<p>Pour \u00eatre un VIP SUR Spin Princess Casino, vous devez d\u00e9poser 2 000 \u20ac. Ainsi, vous serez un VIP \u00e0 vie sur Spin Princess ! Les quatre niveaux VIP commencent par Silver et vont jusqu&#8217;\u00e0 Gold (d\u00e9p\u00f4t de 5 000 \u20ac), Premier (d\u00e9p\u00f4t de 10 000 \u20ac) et Elite (d\u00e9p\u00f4t de 20 000 \u20ac). Voici les avantages du statut VIP :<\/p>\n\n\n\n<ul class=\"wp-block-list\"><li><em>Recharges exclusives et promotions<\/em><\/li><li><em>Gestionnaire de compte personnel<\/em><\/li><li><em>Cadeaux sp\u00e9ciaux<\/em><\/li><li><em>Temps de retrait plus rapides <\/em><\/li><li><em>Limites de d\u00e9p\u00f4t plus \u00e9lev\u00e9es<\/em><\/li><li><em>Adh\u00e9sion VIP \u00e0 vie<\/em><\/li><\/ul>\n\n\n\n<p>Les avantages VIP continuent de s&#8217;am\u00e9liorer \u00e0 mesure que votre statut augmente.<\/p>\n\n\n\n<h2 class=\"wp-block-heading\">Comment commencer \u00e0 jouer ?<\/h2>\n\n\n\n<p>Il est facile de commencer \u00e0 jouer sur le casino Spin Princess,  <a href=\"\/fr\/go\/spin-princess@frr\">cliquez sur notre lien pour aller au casino<\/a> . Cliquez sur le bouton \u00ab S\u2019inscrire \u00bb dans la page principale sup\u00e9rieure droite. Il y a deux formulaires successifs. Le premier vous demande de confirmer votre \u00e2ge au-dessus de 18 ans, de donner un nom d\u2019utilisateur, un mot de passe et votre email. Ils vous demanderont \u00e9galement de confirmer que vous accepterez les emails concernant les promotions.<\/p>\n\n\n\n<p>Sur la page suivante, vous entrerez votre adresse, nom, pays de r\u00e9sidence, num\u00e9ro de t\u00e9l\u00e9phone, code postal et date de naissance. Puis cliquez \u00e0 nouveau sur le bouton pour vous enregistrer. Parce que Spin Princess Casino suit la politique relative \u00e0 la connaissance de votre client\u00e8le, celui-ci peut vous demander une preuve sp\u00e9cifique de votre identit\u00e9, de votre adresse et d&#8217;autres \u00e9l\u00e9ments tels que la propri\u00e9t\u00e9 du moyen de paiement que vous souhaitez utiliser pour recevoir et d\u00e9poser des fonds. <\/p>\n\n\n\n<p>De l\u00e0, vous irez \u00e0 la page o\u00f9 vous pourrez <a href=\"\/fr\/options-dachat\/\">choisir le mode de paiement que vous souhaitez utiliser et effectuer votre d\u00e9p\u00f4t<\/a>. <\/p>\n\n\n\n<p><strong>Remarque&nbsp;:<\/strong>&nbsp;Si vous souhaitez utiliser le bonus de bienvenue, assurez-vous de vous y inscrire avant de faire votre premier pari, sinon vous risquez de perdre votre chance !<\/p>\n\n\n\n<h2 class=\"wp-block-heading\"><br>Paiements<\/h2>\n\n\n\n<p>Spin Princess Casino <a href=\"https:\/\/www.minimumdepositcasinos.org\/fr\/options-dachat\/\">a beaucoup d&#8217;options pour faire votre d\u00e9p\u00f4t ou retirer vos fonds<\/a>. Le temps n\u00e9cessaire pour d\u00e9poser de l&#8217;argent sur votre compte est tr\u00e8s rapide. Lorsque vous souhaitez effectuer un retrait, leur traitement interne prend jusqu&#8217;\u00e0 trois jours ouvrables. Ensuite, lorsque vous utilisez une m\u00e9thode de porte-monnaie \u00e9lectronique, votre transfert sera pratiquement imm\u00e9diat, mais les cartes de cr\u00e9dit et de d\u00e9bit peuvent prendre de trois \u00e0 cinq jours ouvrables et les virements bancaires, une semaine.<\/p>\n\n\n\n<h3 class=\"wp-block-heading\">M\u00e9thodes de d\u00e9p\u00f4t<\/h3>\n\n\n\n<p>Les m\u00e9thodes utilis\u00e9es par Plush Casino pour effectuer un d\u00e9p\u00f4t incluent Zimpler, <a href=\"\/fr\/options-dachat\/paysafecard\/\">PaySafeCard<\/a>, Boku, VISA, Skrill, GiroPay, <a href=\"\/fr\/options-dachat\/neteller\/\">Neteller<\/a>, Skrill 1-Tap, Trustly et Sofort. Il n&#8217;y a pas de frais de d\u00e9p\u00f4t \u00e0 l&#8217;exception de Boku qui a une charge de 15%.<\/p>\n\n\n\n<h3 class=\"wp-block-heading\">D\u00e9p\u00f4ts minimum et maximum<\/h3>\n\n\n\n<p><a href=\"https:\/\/www.minimumdepositcasinos.org\/fr\/10-de-depot-minimum\/\">Le d\u00e9p\u00f4t minimum pour toutes les m\u00e9thodes en dehors de Boku est de 10 \u20ac.<\/a> Pour Boku, c&#8217;est 15 \u20ac. Spin Princess Casino ne mentionne pas de d\u00e9p\u00f4t maximum, mais leurs niveaux VIP acceptent des d\u00e9p\u00f4ts d&#8217;un montant aussi \u00e9lev\u00e9 que 20 000 \u20ac ! Et si le jeu devient un probl\u00e8me pour vous, vous pouvez d\u00e9finir vos propres limites quant au montant que le casino peut accepter en d\u00e9p\u00f4t.<\/p>\n\n\n\n<h3 class=\"wp-block-heading\">M\u00e9thodes et temps de retrait<\/h3>\n\n\n\n<p>Le retrait minimum sur Spin Princess Casino est de 40 \u20ac, sauf lorsque vous fermez votre compte. Spin Princess Casino utilisera les m\u00eames m\u00e9thodes que vous avez utilis\u00e9es pour effectuer un d\u00e9p\u00f4t pour votre retrait.<\/p>\n\n\n\n<p>Dans leur section Termes et Conditions, Spin Princess Casino propose un r\u00e9sum\u00e9 d\u00e9taill\u00e9 pour chaque mode de paiement.<\/p>\n\n\n\n<p>Les retraits maximums chez Spin Princess s\u2019\u00e9l\u00e8vent \u00e0 2 000 \u20ac par jour et 10 000 \u20ac par mois.<\/p>\n\n\n\n<h2 class=\"wp-block-heading\">Jeux<\/h2>\n\n\n\n<p>Tous les bonus, promotions et programmes VIP ne repr\u00e9sentent pas grand-chose, sauf si un casino en ligne propose une grande vari\u00e9t\u00e9 de jeux amusants. Voici o\u00f9 Spin Princess excelle. Ils ont tout, des jeux \u00e0 paiement instantan\u00e9 et du bingo aux machines \u00e0 sous, des jeux de jackpot et des jeux de table de casino. <a href=\"\/fr\/appareils\/\">Vous pouvez jouer sur votre ordinateur \u00e0 la maison ou n&#8217;importe o\u00f9 avec votre tablette ou votre smartphone<\/a>.<br><br><\/p>\n\n\n\n<h3 class=\"wp-block-heading\">Machines \u00e0 sous<\/h3>\n\n\n\n<p>Spin Princess Casino propose des centaines <a href=\"https:\/\/www.minimumdepositcasinos.org\/fr\/jeux\/machines-a-sous\/\">de machines \u00e0 sous<\/a>, allant des jeux favoris aux nouveaux jeux avec des actions plus complexes et plus excitantes. Et, si vous adorez les machines \u00e0 sous Jackpot, allez d\u00e9finitivement chez Spin Princess.<\/p>\n\n\n\n<h3 class=\"wp-block-heading\">Jeux de table<\/h3>\n\n\n\n<p>Spin Princess a la roulette et le black jack pour ceux qui aiment ces jeux.<\/p>\n\n\n\n<h3 class=\"wp-block-heading\">Jeux en direct<\/h3>\n\n\n\n<p>Pour le moment, Spin Princess ne propose pas de parties en direct.<\/p>\n\n\n\n<h3 class=\"wp-block-heading\">Mobile et Applications<\/h3>\n\n\n\n<p>Jouez sur Spin Princess Casino avec votre appareil mobile ou votre PC. Leur application fonctionne pour les syst\u00e8mes d&#8217;exploitation <a href=\"\/fr\/appareils\/android\/\">Android<\/a>, iOS (Apple) et <a href=\"\/fr\/appareils\/windows\/\">Windows<\/a>. Les jeux se jouent tr\u00e8s bien sur les appareils mobiles, ce qui vous permet d&#8217;emporter Spin Princes Casino avec vous partout o\u00f9 il existe une connexion Internet.<\/p>\n\n\n\n<h2 class=\"wp-block-heading\">S\u00e9curit\u00e9 et Licences<\/h2>\n\n\n\n<p>La marque Spin Princess Casino appartient \u00e0 Nektan. Il s&#8217;agit d&#8217;une soci\u00e9t\u00e9 de Gibraltar avec le num\u00e9ro de licence Casino RGL No.054. Et, ils sont autoris\u00e9s au Royaume-Uni par la UK Gambling Commission (000-039107-R-319400-014).<\/p>\n\n\n\n<h2 class=\"wp-block-heading\">Assistance client\u00e8le<\/h2>\n\n\n\n<p>Cliquez simplement sur le bouton d&#8217;assistance en haut \u00e0 droite de la page principale. L\u2019assistance en direct est disponible de 8h \u00e0 minuit GMT sept jours sur sept. Les emails re\u00e7oivent une r\u00e9ponse dans les 24 heures.<\/p>\n\n\n\n<ul class=\"wp-block-list\"><li>E-mail : spinprincess.support@nektan.com<\/li><li>T\u00e9l\u00e9phone : 020 3651 4659 (UK)<\/li><li>Chat en direct : Cliquez sur le lien sur la page d\u2019assistance.<\/li><\/ul>\n\n\n\n<h2 class=\"wp-block-heading\">Notre Verdict<\/h2>\n\n\n\n<p>Nous aimons le casino Spin Princess. Leur s\u00e9lection de jeux est bonne, y compris le bingo et les jeux instantan\u00e9s. Le bonus de bienvenue cashback est unique et nous l\u2019aimons aussi. Pour les grands joueurs, ils ont \u00e9galement un programme VIP attrayant. Le fait que vous puissiez jouer de n&#8217;importe o\u00f9 avec votre appareil mobile est un \u00e9norme avantage. Nous aimerions avoir des jeux en direct mais, esp\u00e9rons-le, ils vont y rem\u00e9dier dans un avenir proche. &nbsp;<a href=\"\/fr\/go\/spin-princess@frr\">Nous vous recommandons d&#8217;essayer Spin Princess Casino.<\/a><\/p>\n","protected":false},"excerpt":{"rendered":"<p>Diff\u00e9rents aspects de l\u2019avis&nbsp; Spin Princess Casino offre aux joueurs une grande vari\u00e9t\u00e9 de jeux pour les ordinateurs et mobiles. Ils ont un bel assortiment de jeux de casino traditionnels ainsi que de nombreuses rotations de bonus et une offre de remboursement unique avec leur bonus de bienvenue. De nouveaux jeux sont r\u00e9guli\u00e8rement ajout\u00e9s \u00e0 [&hellip;]<\/p>\n","protected":false},"author":10,"featured_media":1851,"parent":16,"menu_order":0,"comment_status":"closed","ping_status":"closed","template":"page_review_card.php","meta":{"_acf_changed":false,"footnotes":""},"class_list":["post-1762","page","type-page","status-publish","has-post-thumbnail","hentry"],"acf":[],"_links":{"self":[{"href":"https:\/\/www.minimumdepositcasinos.org\/fr\/wp-json\/wp\/v2\/pages\/1762","targetHints":{"allow":["GET"]}}],"collection":[{"href":"https:\/\/www.minimumdepositcasinos.org\/fr\/wp-json\/wp\/v2\/pages"}],"about":[{"href":"https:\/\/www.minimumdepositcasinos.org\/fr\/wp-json\/wp\/v2\/types\/page"}],"author":[{"embeddable":true,"href":"https:\/\/www.minimumdepositcasinos.org\/fr\/wp-json\/wp\/v2\/users\/10"}],"replies":[{"embeddable":true,"href":"https:\/\/www.minimumdepositcasinos.org\/fr\/wp-json\/wp\/v2\/comments?post=1762"}],"version-history":[{"count":8,"href":"https:\/\/www.minimumdepositcasinos.org\/fr\/wp-json\/wp\/v2\/pages\/1762\/revisions"}],"predecessor-version":[{"id":3326,"href":"https:\/\/www.minimumdepositcasinos.org\/fr\/wp-json\/wp\/v2\/pages\/1762\/revisions\/3326"}],"up":[{"embeddable":true,"href":"https:\/\/www.minimumdepositcasinos.org\/fr\/wp-json\/wp\/v2\/pages\/16"}],"wp:featuredmedia":[{"embeddable":true,"href":"https:\/\/www.minimumdepositcasinos.org\/fr\/wp-json\/wp\/v2\/media\/1851"}],"wp:attachment":[{"href":"https:\/\/www.minimumdepositcasinos.org\/fr\/wp-json\/wp\/v2\/media?parent=1762"}],"curies":[{"name":"wp","href":"https:\/\/api.w.org\/{rel}","templated":true}]}}