{"id":1765,"date":"2019-08-27T21:02:57","date_gmt":"2019-08-27T21:02:57","guid":{"rendered":"https:\/\/www.minimumdepositcasinos.org\/fr\/?page_id=1765"},"modified":"2020-03-13T10:43:20","modified_gmt":"2020-03-13T10:43:20","slug":"tours-gratuis","status":"publish","type":"page","link":"https:\/\/www.minimumdepositcasinos.org\/fr\/revue-de-casino\/captain-cooks\/tours-gratuis\/","title":{"rendered":"Captain Cooks Tours Gratuis Revue"},"content":{"rendered":"\n<h2 class=\"wp-block-heading\"><strong>5 $  vous donnent 100 chances d&#8217;\u00eatre millionnaire chez Captain Cooks<\/strong><\/h2>\n\n\n\n<p>Il n&#8217;est vraiment pas n\u00e9cessaire de pr\u00e9senter Captain Cooks Casino &#8211; ils se sont d\u00e9j\u00e0 impos\u00e9s comme une force s\u00e9rieuse avec laquelle il faut compter dans le monde des casinos en ligne! <a href=\"\/fr\/logiciel\/microgaming\/\">Propuls\u00e9s par Microgaming &#8211; l&#8217;un des plus grands noms de l&#8217;industrie<\/a> &#8211; les joueurs et les clients s&#8217;attendent \u00e0 des jeux de qualit\u00e9 sup\u00e9rieure de la part de certains des meilleurs fournisseurs, ainsi qu&#8217;une myriade d&#8217;offres et de promotions incroyables tout au long de l&#8217;ann\u00e9e. Les offres promotionnelles signifient que les joueurs et les clients ont le sentiment d&#8217;\u00eatre valoris\u00e9s et r\u00e9compens\u00e9s pour leur fid\u00e9lit\u00e9, ou qu&#8217;ils ont une bonne raison d&#8217;essayer un nouveau casino &#8211; peut-\u00eatre en passant d&#8217;un ancien casino pr\u00e9f\u00e9r\u00e9, ou en essayant les casinos en ligne pour la premi\u00e8re fois. Ils aident votre d\u00e9p\u00f4t \u00e0 aller plus loin, permettent aux joueurs d&#8217;accumuler leur cagnotte ou leur compte en vue de futurs jeux, et agissent comme une surprise bienvenue pour ouvrir votre compte.<\/p>\n\n\n\n<p>L&#8217;un d&#8217;entre eux offre aux clients 100 chances de devenir millionnaire, simplement parce qu&#8217;ils d\u00e9pensent 5 $.Tout ce que vous avez \u00e0 faire pour vous qualifier est de faire <a href=\"https:\/\/www.minimumdepositcasinos.org\/fr\/5-de-depot-minimum\/\">ce d\u00e9p\u00f4t initial de 5$<\/a>, et vous commencerez votre voyage avec Captain Cooks dans un style s\u00e9rieux !<\/p>\n\n\n\n<p>Il s&#8217;agit d&#8217;une offre qui s&#8217;adresse exclusivement aux nouveaux joueurs, ce qui signifie que vous devrez vous inscrire sur le site pour la premi\u00e8re fois afin de vous qualifier. La premi\u00e8re \u00e9tape consiste \u00e0 enregistrer vos coordonn\u00e9es aupr\u00e8s du casino &#8211; il s&#8217;agit d&#8217;un processus tr\u00e8s rapide et facile qui consiste \u00e0 remplir un formulaire avec des informations simples et importantes, telles que votre nom, votre date de naissance et votre adresse e-mail. Vous devrez v\u00e9rifier cela avant de pouvoir jouer, mais une fois cela fait, vous \u00eates libre d&#8217;explorer tout ce que le site a \u00e0 offrir.&nbsp;<\/p>\n\n\n\n<p>Une fois que vous vous \u00eates inscrit, ajoutez $5 \u00e0 votre compte &#8211; ceci vous qualifiera automatiquement pour les 100 chances de devenir un bonus millionnaire, et vous verrez que votre compte est imm\u00e9diatement cr\u00e9dit\u00e9 d&#8217;un bonus de $25, directement du casino. Une fois ce bonus re\u00e7u, vous devez vous rendre \u00e0 la machine \u00e0 sous Mega Moolah, r\u00e9gler la valeur de rotation \u00e0 0,25 par rotation, et jouer en utilisant votre bonus &#8211; vous aurez 100 tours \u00e0 jouer ! Les joueurs exp\u00e9riment\u00e9s et avis\u00e9s peuvent m\u00eame faire aller le bonus plus loin, en profitant <a href=\"https:\/\/www.minimumdepositcasinos.org\/fr\/bonus-de-depot\/\">d&#8217;un bonus de d\u00e9p\u00f4t jumel\u00e9 100%<\/a> optionnel sur le second d\u00e9p\u00f4t effectu\u00e9, de 475 $ &#8211; ceci ne fait toutefois pas partie obligatoire du processus, cependant.<\/p>\n\n\n\n<p>Cette offre est une chance fantastique pour les joueurs de gagner de grosses sommes d&#8217;argent tout en s&#8217;assurant que le d\u00e9p\u00f4t &#8211; et donc le montant qu&#8217;ils risquent personnellement &#8211; reste faible et non mena\u00e7ant. Il est important de se rappeler les petits caract\u00e8res, cependant &#8211; il y a plusieurs termes et conditions \u00e0 remplir, comme dans n&#8217;importe quel casino, et il est important de se rappeler et de les comprendre pleinement avant de vous engager au bonus. Il y a un montant minimum \u00e0 d\u00e9poser &#8211; comme le nom du bonus le sugg\u00e8re, il est de $5. De plus, les 100 tours doivent \u00eatre d\u00e9pens\u00e9s sur la machine \u00e0 sous Mega Moolah ; aucun autre ne sera qualifi\u00e9. Une fois le d\u00e9p\u00f4t effectu\u00e9, un match de 25 $ sera ajout\u00e9 \u00e0 votre compte &#8211; encore une fois, il doit \u00eatre jou\u00e9 sur la machine \u00e0 sous Mega Moolah \u00e0 une valeur de spin de 0,25 pour \u00eatre qualifi\u00e9. Ce bonus aura une exigence de mise de 60x &#8211; en d&#8217;autres termes, cela signifie que les joueurs doivent jouer jusqu&#8217;\u00e0 60x avant que le total, ainsi que les gains \u00e9ventuels, puissent \u00eatre retir\u00e9s en esp\u00e8ces. Tous les bonus qui suivent, par exemple, le Bonus de D\u00e9p\u00f4t Appari\u00e9s, auront une exigence de mise en jeu l\u00e9g\u00e8rement inf\u00e9rieure de 30 fois.<\/p>\n\n\n\n<p>Captain Cook Casino conservera tous les bonus sur votre compte dans un compte&#8217;bonus en esp\u00e8ces&#8217; s\u00e9par\u00e9, qui est conserv\u00e9 s\u00e9par\u00e9ment de toute somme que vous choisissez de d\u00e9poser. Une fois que vous avez rempli les conditions de mise &#8211; telles que celles que nous avons d\u00e9crites &#8211; l&#8217;argent sera automatiquement transf\u00e9r\u00e9 de ce compte bonus en esp\u00e8ces sur un compte r\u00e9el, et \u00e0 partir de l\u00e0, il peut \u00eatre retir\u00e9 ou pari\u00e9 comme vous le souhaitez. Il est important de se rappeler que si vous retirez de l&#8217;argent du compte esp\u00e8ces, tant que les bonus restent sur le compte, vous perdez automatiquement les bonus. Comme cette offre n&#8217;est disponible que pour les nouveaux joueurs, cela peut signifier que vous manquez d\u00e9finitivement votre chance.&nbsp;<\/p>\n\n\n\n<p>Il y a \u00e9galement une sensibilit\u00e9 temporelle aux bonus ; une fois que vous avez re\u00e7u un bonus, il y a deux mois \u00e0 partir de ce moment o\u00f9 le bonus doit \u00eatre utilis\u00e9, ou les conditions de mise remplies. Si les fonds restent dans votre compte pendant plus de deux mois, ils seront automatiquement confisqu\u00e9s.<\/p>\n\n\n\n<p>Captain Cooks est renomm\u00e9 pour ses grands bonus, et cela ne fait pas exception. Pour seulement 5 $ de d\u00e9p\u00f4t, vous pouvez augmenter vos chances de gagner un gros lot, et mettre la main sur un montant d&#8217;argent qui changera votre vie. Il n&#8217;y a jamais eu un moyen aussi simple pour vous d&#8217;augmenter vos chances de devenir millionnaire ! <a href=\"\/fr\/go\/captain-cooks@fr-rfs\">Alors jetez un coup d&#8217;\u0153il au Captain Cook Casino aujourd&#8217;hui!<\/a> <\/p>\n","protected":false},"excerpt":{"rendered":"<p>5 $ vous donnent 100 chances d&#8217;\u00eatre millionnaire chez Captain Cooks Il n&#8217;est vraiment pas n\u00e9cessaire de pr\u00e9senter Captain Cooks Casino &#8211; ils se sont d\u00e9j\u00e0 impos\u00e9s comme une force s\u00e9rieuse avec laquelle il faut compter dans le monde des casinos en ligne! Propuls\u00e9s par Microgaming &#8211; l&#8217;un des plus grands noms de l&#8217;industrie &#8211; [&hellip;]<\/p>\n","protected":false},"author":10,"featured_media":1944,"parent":1717,"menu_order":0,"comment_status":"closed","ping_status":"closed","template":"page_review_card_child.php","meta":{"_acf_changed":false,"footnotes":""},"class_list":["post-1765","page","type-page","status-publish","has-post-thumbnail","hentry"],"acf":[],"_links":{"self":[{"href":"https:\/\/www.minimumdepositcasinos.org\/fr\/wp-json\/wp\/v2\/pages\/1765","targetHints":{"allow":["GET"]}}],"collection":[{"href":"https:\/\/www.minimumdepositcasinos.org\/fr\/wp-json\/wp\/v2\/pages"}],"about":[{"href":"https:\/\/www.minimumdepositcasinos.org\/fr\/wp-json\/wp\/v2\/types\/page"}],"author":[{"embeddable":true,"href":"https:\/\/www.minimumdepositcasinos.org\/fr\/wp-json\/wp\/v2\/users\/10"}],"replies":[{"embeddable":true,"href":"https:\/\/www.minimumdepositcasinos.org\/fr\/wp-json\/wp\/v2\/comments?post=1765"}],"version-history":[{"count":5,"href":"https:\/\/www.minimumdepositcasinos.org\/fr\/wp-json\/wp\/v2\/pages\/1765\/revisions"}],"predecessor-version":[{"id":3555,"href":"https:\/\/www.minimumdepositcasinos.org\/fr\/wp-json\/wp\/v2\/pages\/1765\/revisions\/3555"}],"up":[{"embeddable":true,"href":"https:\/\/www.minimumdepositcasinos.org\/fr\/wp-json\/wp\/v2\/pages\/1717"}],"wp:featuredmedia":[{"embeddable":true,"href":"https:\/\/www.minimumdepositcasinos.org\/fr\/wp-json\/wp\/v2\/media\/1944"}],"wp:attachment":[{"href":"https:\/\/www.minimumdepositcasinos.org\/fr\/wp-json\/wp\/v2\/media?parent=1765"}],"curies":[{"name":"wp","href":"https:\/\/api.w.org\/{rel}","templated":true}]}}