{"id":1767,"date":"2019-08-02T12:01:59","date_gmt":"2019-08-02T12:01:59","guid":{"rendered":"https:\/\/www.minimumdepositcasinos.org\/fr\/?page_id=1767"},"modified":"2019-11-07T07:55:32","modified_gmt":"2019-11-07T07:55:32","slug":"zulabet","status":"publish","type":"page","link":"https:\/\/www.minimumdepositcasinos.org\/fr\/revue-de-casino\/zulabet\/","title":{"rendered":"ZulaBet"},"content":{"rendered":"\n<h2 class=\"wp-block-heading\"><strong>R\u00e9partition de la r\u00e9vision&nbsp;<\/strong><\/h2>\n\n\n\n<p>Le casino ZulaBet est tout neuf (2019). Ils commencent avec leur bookmaker et leur casino et tous les deux sont des op\u00e9rations solides. Le casino d\u00e9marre avec un bonus de bienvenue de 100% correspondant jusqu&#8217;\u00e0 500$\/\u20ac ainsi que <a href=\"https:\/\/www.minimumdepositcasinos.org\/fr\/tours-gratuits\/\">200 tours de bonus<\/a> et le bookmaker sportif vous offre un bonus de 100% correspondant jusqu&#8217;\u00e0 150$\/\u20ac. Le casino et le bookmaker ont tous deux d&#8217;excellentes promotions en cours. Le fait que leur site soit programm\u00e9 pour que les utilisateurs de t\u00e9l\u00e9phones portables n&#8217;aient pas besoin d&#8217;une application est aussi un gros plus. Si vous voulez parier sur un large \u00e9ventail de sports, du football aux sports en ligne, parier sur des \u00e9v\u00e9nements actifs, profiter de grandes chances, ZulaBet a un excellent bookmaker. Si votre pr\u00e9f\u00e9rence va aux machines \u00e0 sous <a href=\"https:\/\/www.minimumdepositcasinos.org\/fr\/jeux\/blackjack\/\">et au blackjack,<\/a> vous vous sentirez comme chez vous au casino ZulaBet. <\/p>\n\n\n\n<h3 class=\"wp-block-heading\"><strong>Bonus et promotions<\/strong><\/h3>\n\n\n\n<p><br>Le casino ZulaBet et le bookmaker de sport ont tous deux des bonus de bienvenue impressionnants et d&#8217;excellentes promotions en cours. D\u00e8s le moment o\u00f9 vous commencez, vous allez adorer l&#8217;action et les gains.<\/p>\n\n\n\n<h3 class=\"wp-block-heading\"><br> <strong>Bonus de bienvenue<\/strong><\/h3>\n\n\n\n<p>Le bookmaker de ZulaBet offre un bonus de <a href=\"https:\/\/www.minimumdepositcasinos.org\/fr\/bonus-de-depot\/\">100% sur le premier d\u00e9p\u00f4t pour un bonus de bienvenue<\/a> jusqu&#8217;\u00e0 $\/\u20ac150. Le d\u00e9p\u00f4t minimum est de $\/\u20ac20. Le bonus peut \u00eatre jou\u00e9 sur n&#8217;importe quel pari sportif. Il y a une exigence de roulement de 8x avant que l&#8217;on puisse retirer des gains bonus. <\/p>\n\n\n\n<p>Au casino ZulaBet, le bonus de bienvenue est aussi un bonus de 100% sur le premier d\u00e9p\u00f4t, mais jusqu&#8217;\u00e0 500\u20ac\/$. Et, le casino vous offre aussi des tours bonus. <a href=\"https:\/\/www.minimumdepositcasinos.org\/fr\/20-de-depot-minimum\/\">Le d\u00e9p\u00f4t minimum est \u00e9galement de $\/\u20ac20<\/a>. De plus, ce bonus a une exigence de mise de 30x qui doit \u00eatre jou\u00e9e sur les machines \u00e0 sous d\u00e9sign\u00e9es.<\/p>\n\n\n\n<h3 class=\"wp-block-heading\">Autres promotions<\/h3>\n\n\n\n<p>Le bookmaker ZulaBet et le casino ont tous les deux de nombreuses promotions en cours.<\/p>\n\n\n\n<h4 class=\"wp-block-heading\">Promotions Sportsbook<\/h4>\n\n\n\n<p><strong>Bonus de remise en argent<\/strong><\/p>\n\n\n\n<p>Les joueurs qui perdent de l&#8217;argent au bookmaker du dimanche 23h01 au dimanche 22h59 recevront une remise en argent de 10% la semaine suivante. La remise en argent minimale est de 20 $\/\u20ac et la remise maximale peut aller jusqu&#8217;\u00e0 500 $\/\u20ac. Ce bonus a une condition de renversement de 3 x. Et, vous devez l&#8217;utiliser pour les paris dans le bookmaker, pas pour le casino.<\/p>\n\n\n\n<p><strong>Pari gratuit Football<\/strong><\/p>\n\n\n\n<p>Le bonus de pari gratuit Football peut aller jusqu&#8217;\u00e0 $\/\u20ac100. Pour se qualifier, vous devez faire 10 paris de football sur 10 matches diff\u00e9rents, tous dans les meilleures ligues de football europ\u00e9ennes. Les gains de ce pari doivent \u00eatre retourn\u00e9s 3 fois. Le bonus total est de 10% de tous les paris.<\/p>\n\n\n\n<p><strong>50% de bonus de recharge hebdomadaire<\/strong><\/p>\n\n\n\n<p>ZulaBet vous offre une remise de 50% sur le premier d\u00e9p\u00f4t de la semaine. Le bonus a un d\u00e9p\u00f4t minimum de $\/\u20ac20 et le bonus maximum est de $\/\u20ac500, soit un d\u00e9p\u00f4t de $\/\u20ac1,000. Le bonus doit \u00eatre renouvel\u00e9 8 fois avant que les gains puissent \u00eatre retir\u00e9s. Ce bonus a \u00e9galement des conditions de mise sp\u00e9cifiques pour les paris.<\/p>\n\n\n\n<p><strong>Toto Super Week-end<\/strong><\/p>\n\n\n\n<p>Pour ce bonus, misez sur les dix meilleurs matchs de football europ\u00e9ens. Pariez correctement sur les dix et vous partagerez la cagnotte de 10 000 $\/\u20ac. Bien s\u00fbr, si vous \u00eates le seul \u00e0 bien faire les dix, tant mieux pour vous !<\/p>\n\n\n\n<p><strong>Multibet illimit\u00e9<\/strong><\/p>\n\n\n\n<p>Ce bonus de 10% s&#8217;applique aux multibets gagnants. Ceux-ci doivent \u00eatre plac\u00e9s sur trois \u00e9v\u00e9nements ou plus avec des coefficients de 1,8 ou plus. Cette promotion est jouable avec des fonds bonus. Vos gains et le bonus sont ajout\u00e9s \u00e0 vos fonds actuels.<\/p>\n\n\n\n<p><strong>Pari libre de tennis<\/strong><\/p>\n\n\n\n<p>Faites 10 paris de tennis sur 10 matchs de tennis ATP ou WTA distincts. La cote doit \u00eatre de 2.0 ou plus. Gagnez et le bonus peut aller jusqu&#8217;\u00e0 $\/\u20ac100. Les gains du bonus doivent \u00eatre mis\u00e9s x3 \u00e0 une cote sup\u00e9rieure \u00e0 1,5. Ensuite, vous pouvez retirer vos gains de bonus.<\/p>\n\n\n\n<p><strong>L&#8217;excitation sportive virtuelle<\/strong><\/p>\n\n\n\n<p>Si vous aimez parier sur eSports, c&#8217;est un bonus particuli\u00e8rement int\u00e9ressant. Le pari est limit\u00e9 \u00e0 l&#8217;argent dans la section sportive virtuelle. Un d\u00e9p\u00f4t de $\/\u20ac200 sera \u00e9ligible pour le bonus. Mais, pour obtenir le bonus, tous vos paris doivent \u00eatre r\u00e9gl\u00e9s. 20 $\/\u20ac20 est le montant minimum du pari gratuit et $\/\u20ac100 est le maximum. Tous vos gains doivent \u00eatre mis\u00e9s x3 avant de pouvoir effectuer un retrait.<\/p>\n\n\n\n<h4 class=\"wp-block-heading\"><strong>Promotions du Casino en ligne<\/strong><\/h4>\n\n\n\n<p><strong>Bonus de recharge hebdomadaire<\/strong><\/p>\n\n\n\n<p>Commencez votre semaine en recevant <a href=\"https:\/\/www.minimumdepositcasinos.org\/fr\/tours-gratuits\/\">50 tours bonus<\/a>. Il suffit d&#8217;effectuer un d\u00e9p\u00f4t de $\/\u20ac20 (ou plus). Lorsque vous jouez \u00e0 ces spins, il y a un pari maximum de $\/\u20ac5.<\/p>\n\n\n\n<p><strong>Bonus de recharge de fin de semaine<\/strong><\/p>\n\n\n\n<p>Les joueurs peuvent obtenir un bonus de 50% sur leurs d\u00e9p\u00f4ts \u00e0 partir d&#8217;un minimum de $\/\u20ac20 jusqu&#8217;\u00e0 un maximum de $\/\u20ac1,400 pour le week-end. Et, il y a aussi 50 tours bonus (sur un slot sp\u00e9cifi\u00e9). Pour cette promotion, le pari maximum est de $\/\u20ac5, la recharge du week-end est pour le premier d\u00e9p\u00f4t effectu\u00e9 du vendredi au dimanche.<\/p>\n\n\n\n<p><strong>CashBack Casino en direct<\/strong><\/p>\n\n\n\n<p>Pour les joueurs qui perdent de l&#8217;argent au casino en direct pendant la semaine (d\u00e9but de la journ\u00e9e du lundi jusqu&#8217;\u00e0 la fin de la journ\u00e9e du samedi), un soulagement est en vue le dimanche. ZulaBet donne 10% de remise \u00e0 ces joueurs. Le montant de la remise en argent est de 3x la mise requise avant que l&#8217;on puisse retirer des gains. Le bonus de remise en argent minimum est de 5 $\/\u20ac et le bonus maximum est de 150 $\/\u20ac.<\/p>\n\n\n\n<p><strong>Remise hebdomadaire de 15%<\/strong><\/p>\n\n\n\n<p>Vous pouvez obtenir une remise en argent pour les pertes de machines \u00e0 sous et de jeux de table pendant la semaine. Le bonus arrive le lundi suivant. Et, c&#8217;est encore mieux avec un statut VIP plus \u00e9lev\u00e9. Il peut \u00eatre aussi bas que $\/\u20ac5 ou aussi haut que $\/\u20ac3,000<\/p>\n\n\n\n<h3 class=\"wp-block-heading\"><strong>Exigences de jeu (Exigences de pari)<\/strong><\/h3>\n\n\n\n<p>Vous ne pouvez pas effectuer de d\u00e9p\u00f4t, recevoir le bonus et retirer votre argent au casino ZulaBet, que ce soit dans le casino ou dans le bookmaker. Il faut que tu joues un peu. L&#8217;obligation de mise ou de mise est un multiple de vos gains de bonus et lorsque cela est satisfait, vous pouvez retirer vos gains.<\/p>\n\n\n\n<h3 class=\"wp-block-heading\"><br> <strong>VIP &amp; Fid\u00e9lit\u00e9*<\/strong><\/h3>\n\n\n\n<p>ZulaBet a un programme de fid\u00e9lit\u00e9 solide bas\u00e9 sur le nombre de joueurs que vous jouez. Mais, vous devez continuer \u00e0 jouer car les meilleurs joueurs VIP perdent leur statut s&#8217;ils partent pour un mois ! Les avantages d&#8217;un statut VIP \u00e9lev\u00e9 sont un gestionnaire de compte personnel, des limites de retrait plus \u00e9lev\u00e9es et des promotions et bonus exclusifs<\/p>\n\n\n\n<h2 class=\"wp-block-heading\"><strong>Comment commencer \u00e0 jouer <\/strong><\/h2>\n\n\n\n<p>Pour vous inscrire et commencer \u00e0 jouer sur ZulaBet, <a href=\"\/fr\/go\/zulabet@frr\">Cliquez sur notre lien pour aller au casino<\/a>, cliquez sur le bouton Inscription. Vous verrez deux formulaires \u00e0 remplir. Ils demandent simplement des informations de base telles que votre adresse e-mail, le nom d&#8217;utilisateur et le mot de passe que vous souhaitez utiliser (et en cochant une case pour indiquer que vous avez plus de 18 ans). Le deuxi\u00e8me formulaire vous demande vos nom, \u00e2ge, adresse, num\u00e9ro de t\u00e9l\u00e9phone et code postal. Ils demandent aussi si vous \u00eates un homme ou une femme.<\/p>\n\n\n\n<p>Le processus est rapide et d\u00e8s que vous \u00eates inscrit, vous pouvez faire votre d\u00e9p\u00f4t et commencer \u00e0 jouer au casino ou \u00e0 placer des paris sportifs sur le livre des sports.<\/p>\n\n\n\n<h2 class=\"wp-block-heading\"><strong>Paiements<\/strong><\/h2>\n\n\n\n<p>Nous sommes impressionn\u00e9s que ZulaBet dispose d&#8217;un syst\u00e8me efficace pour accepter les d\u00e9p\u00f4ts et recevoir de l&#8217;argent sur votre compte pour commencer \u00e0 jouer et pour vous renvoyer vos gains. Il y a deux raisons pour lesquelles vous devrez peut-\u00eatre attendre un peu votre argent. La premi\u00e8re est qu&#8217;ils peuvent avoir des questions au sujet de vos renseignements personnels, auquel cas ils vous le diront et vous demanderont de plus amples renseignements. Ou, vous pouvez utiliser un virement bancaire au lieu d&#8217;un porte-monnaie \u00e9lectronique, auquel cas vous attendrez une semaine apr\u00e8s que ZulaBet ait commenc\u00e9 le transfert au lieu d&#8217;un jour.<\/p>\n\n\n\n<h3 class=\"wp-block-heading\"><strong>Modes de d\u00e9p\u00f4t<\/strong><\/h3>\n\n\n\n<p>ZulaBet permet de nombreuses m\u00e9thodes de d\u00e9p\u00f4t sur votre compte. <a href=\"\/fr\/options-dachat\/visa\/\">Les plus courantes sont VISA<\/a>, MasterCard, Trustly, Skrill, <a href=\"\/fr\/options-dachat\/paysafecard\/\">Paysafecard<\/a>, Neteller et virement bancaire.<\/p>\n\n\n\n<h3 class=\"wp-block-heading\"><strong>D\u00e9p\u00f4ts minimum et maximum<\/strong><\/h3>\n\n\n\n<p><a href=\"https:\/\/www.minimumdepositcasinos.org\/fr\/20-de-depot-minimum\/\">Le d\u00e9p\u00f4t minimum sur ZulaBet casino and sportsbook est de $\/\u20ac20<\/a>. Il n&#8217;y a aucune mention d&#8217;un d\u00e9p\u00f4t maximum.<\/p>\n\n\n\n<h3 class=\"wp-block-heading\"><strong>M\u00e9thodes de retrait et heure<\/strong><\/h3>\n\n\n\n<p>Il existe de nombreuses m\u00e9thodes de retrait disponibles chez ZulaBet. Comme pour les d\u00e9p\u00f4ts, VISA, <a href=\"\/fr\/options-dachat\/neteller\/\">Neteller<\/a>, Skrill, Trustly, Paysafecard et virement bancaire sont courants. Si vous utilisez un porte-monnaie \u00e9lectronique pour vous retirer, vous ajouterez une journ\u00e9e au processus. Si vous utilisez un virement bancaire, vous en ajouterez g\u00e9n\u00e9ralement sept. Du c\u00f4t\u00e9 du casino, ils prennent quelques jours pour confirmer les choses et mettre en place les transferts.<\/p>\n\n\n\n<p>ZulaBet casino limite les retraits \u00e0 6 000 $\/\u20ac pour tous les joueurs sauf pour les niveaux VIP sup\u00e9rieurs. Ces gens ont des limites de $\/\u20ac12,000 et $\/\u20ac30,000.<\/p>\n\n\n\n<h2 class=\"wp-block-heading\"><strong>Jeux<\/strong><\/h2>\n\n\n\n<p>Bien que beaucoup d&#8217;entre nous seront attir\u00e9s par ZulaBet Casino en raison du bonus de bienvenue, des promotions et de l&#8217;acc\u00e8s facile \u00e0 leur bookmaker, une raison pour laquelle beaucoup d&#8217;entre nous reviendront encore et encore est la grande vari\u00e9t\u00e9 et la <a href=\"https:\/\/www.minimumdepositcasinos.org\/fr\/jeux\/\">qualit\u00e9 sup\u00e9rieure de leurs jeux<\/a>.<br> <\/p>\n\n\n\n<h3 class=\"wp-block-heading\"><strong>Machine \u00e0 sous<\/strong><\/h3>\n\n\n\n<p><a href=\"\/fr\/jeux\/machines-a-sous\/\">Nous avons tous nos machines \u00e0 sous pr\u00e9f\u00e9r\u00e9es<\/a>, qu&#8217;il s&#8217;agisse des classiques ou des tout nouveaux que nous avons d\u00e9couverts. Quand vous allez \u00e0 la section des machines \u00e0 sous du casino ZulaBet, vous trouverez quelque chose que vous aimez avec leurs centaines de jeux.&nbsp;<\/p>\n\n\n\n<h3 class=\"wp-block-heading\"><br><strong>Jeux de Table<\/strong><\/h3>\n\n\n\n<p>De la roulette et du baccarat au blackjack et au poker, vous pouvez trouver la variante du jeu que vous aimez au casino ZulaBet. Le site fonctionne si bien avec d&#8217;excellents sons et graphiques qu&#8217;il y a toujours un sentiment d&#8217;imm\u00e9diatet\u00e9 comme dans un casino en brique et mortier quand vous jouez \u00e0 leurs jeux.<\/p>\n\n\n\n<h3 class=\"wp-block-heading\"><br><strong>Jeux avec croupiers en direct <\/strong><\/h3>\n\n\n\n<p>Malgr\u00e9 le fait que la plupart d&#8217;entre nous aiment les casinos en ligne pour la commodit\u00e9 de jouer d&#8217;o\u00f9 que nous soyons, de ne pas avoir \u00e0 se d\u00e9guiser et Voyage \u00e0 un casino, et de jouer quand nous voulons, nous manquons aussi l&#8217;action en direct. ZulaBet casino a ceci couvert avec une bonne s\u00e9lection sur les jeux de casino en direct.<\/p>\n\n\n\n<h2 class=\"wp-block-heading\"><strong>Mobile et applications<\/strong><\/h2>\n\n\n\n<p><br> La programmation de ce casino en ligne et de sportsbook est telle que n&#8217;importe qui avec un appareil <a href=\"\/fr\/appareils\/android\/\">mobile qui fonctionne sur Android<\/a>, iOS, ou Windows syst\u00e8mes d&#8217;exploitation peuvent l&#8217;utiliser sans avoir \u00e0 t\u00e9l\u00e9charger une application.<br> <br> <\/p>\n\n\n\n<h2 class=\"wp-block-heading\"><strong>S\u00e9curit\u00e9 et licences <\/strong><\/h2>\n\n\n\n<p>ZulaBet Casino et Sportsbook est la propri\u00e9t\u00e9 de Tranello Group of Companies of Cyprus, num\u00e9ro d&#8217;enregistrement HE363026. Ils sont incorpor\u00e9s \u00e0 Cura\u00e7ao, sous le num\u00e9ro 141409.&nbsp;<br> <br> <\/p>\n\n\n\n<h2 class=\"wp-block-heading\"><strong>Support client<\/strong><\/h2>\n\n\n\n<ul class=\"wp-block-list\"><li> E-mail : support@zulabet.com<\/li><li>T\u00e9l\u00e9phone : +356-2778-0669 pour les appels internationaux, la page Contactez-nous a des num\u00e9ros de t\u00e9l\u00e9phone \u00e0 appeler dans de nombreux pays.<\/li><li>Chat en direct : Disponible sur la page contact, 24h\/24 et 7j\/7 en plusieurs langues<br> <\/li><\/ul>\n\n\n\n<h2 class=\"wp-block-heading\"><strong>Notre verdict<\/strong><\/h2>\n\n\n\n<p>ZulaBet est une excellente combinaison de casino en ligne et de paris sportifs. Les deux op\u00e9rations peuvent certainement se suffire \u00e0 elles-m\u00eames, mais prises ensemble, elles offrent un large \u00e9ventail d&#8217;options de paris pour tous les go\u00fbts. La programmation de leur site Web vous permet de jouer avec votre appareil mobile sans avoir \u00e0 t\u00e9l\u00e9charger et \u00e0 l&#8217;application et les bonus de bienvenue (Casino=$\/\u20ac500, Sportsbook = $\/\u20ac150) sont \u00e9galement excellents. <a href=\"\/fr\/go\/zulabet@fr-r\">Nous recommandons vivement ZulaBet Casino et Sportsbook.<\/a><\/p>\n","protected":false},"excerpt":{"rendered":"<p>R\u00e9partition de la r\u00e9vision&nbsp; Le casino ZulaBet est tout neuf (2019). Ils commencent avec leur bookmaker et leur casino et tous les deux sont des op\u00e9rations solides. Le casino d\u00e9marre avec un bonus de bienvenue de 100% correspondant jusqu&#8217;\u00e0 500$\/\u20ac ainsi que 200 tours de bonus et le bookmaker sportif vous offre un bonus de [&hellip;]<\/p>\n","protected":false},"author":10,"featured_media":1847,"parent":16,"menu_order":0,"comment_status":"closed","ping_status":"closed","template":"page_review_card.php","meta":{"_acf_changed":false,"footnotes":""},"class_list":["post-1767","page","type-page","status-publish","has-post-thumbnail","hentry"],"acf":[],"_links":{"self":[{"href":"https:\/\/www.minimumdepositcasinos.org\/fr\/wp-json\/wp\/v2\/pages\/1767","targetHints":{"allow":["GET"]}}],"collection":[{"href":"https:\/\/www.minimumdepositcasinos.org\/fr\/wp-json\/wp\/v2\/pages"}],"about":[{"href":"https:\/\/www.minimumdepositcasinos.org\/fr\/wp-json\/wp\/v2\/types\/page"}],"author":[{"embeddable":true,"href":"https:\/\/www.minimumdepositcasinos.org\/fr\/wp-json\/wp\/v2\/users\/10"}],"replies":[{"embeddable":true,"href":"https:\/\/www.minimumdepositcasinos.org\/fr\/wp-json\/wp\/v2\/comments?post=1767"}],"version-history":[{"count":6,"href":"https:\/\/www.minimumdepositcasinos.org\/fr\/wp-json\/wp\/v2\/pages\/1767\/revisions"}],"predecessor-version":[{"id":2930,"href":"https:\/\/www.minimumdepositcasinos.org\/fr\/wp-json\/wp\/v2\/pages\/1767\/revisions\/2930"}],"up":[{"embeddable":true,"href":"https:\/\/www.minimumdepositcasinos.org\/fr\/wp-json\/wp\/v2\/pages\/16"}],"wp:featuredmedia":[{"embeddable":true,"href":"https:\/\/www.minimumdepositcasinos.org\/fr\/wp-json\/wp\/v2\/media\/1847"}],"wp:attachment":[{"href":"https:\/\/www.minimumdepositcasinos.org\/fr\/wp-json\/wp\/v2\/media?parent=1767"}],"curies":[{"name":"wp","href":"https:\/\/api.w.org\/{rel}","templated":true}]}}