{"id":1826,"date":"2019-08-26T22:13:29","date_gmt":"2019-08-26T22:13:29","guid":{"rendered":"https:\/\/www.minimumdepositcasinos.org\/fr\/?page_id=1826"},"modified":"2019-11-07T07:53:43","modified_gmt":"2019-11-07T07:53:43","slug":"casino-land","status":"publish","type":"page","link":"https:\/\/www.minimumdepositcasinos.org\/fr\/revue-de-casino\/casino-land\/","title":{"rendered":"Casino Land"},"content":{"rendered":"<h2>R\u00e9partition de l\u2019aper\u00e7u<\/h2>\n<p>Casinoland a plusieurs machines \u00e0 sous, des jeux de casino classiques et aussi plusieurs jeux en direct. Vous pouvez d\u00e9poser ou retirer aussi peu que 10$\/\u20ac ou jusqu\u2019\u00e0 un montant maximal de 5000$\/\u20ac \u00e0 la fois. De plus, leurs m\u00e9thodes de paiements offrent un traitement pratiquement instantan\u00e9. Le site s\u2019applique bien aux appareils mobiles. L\u2019application vous permet de<a href=\"\/fr\/appareils\/\"> jouer sur tous les appareils<\/a> utilisant <a href=\"\/fr\/appareils\/android\/\">un syst\u00e8me Android<\/a>, iOS-Apple,<a href=\"\/fr\/appareils\/windows\/\"> ou Windows<\/a>. Les jeux de Casinoland s\u2019ex\u00e9cutent bien et les couleurs et les images sont impressionnantes. Venez chez Casinoland pour le super bonus de bienvenue, mais restez avec votre t\u00e9l\u00e9phone intelligent pour le grand choix de jeux excitants. Le bonus de bienvenue peut s\u2019\u00e9lever jusqu\u2019\u00e0 800$\/\u20ac en correspondant \u00e0 vos quatre premiers d\u00e9p\u00f4ts.<\/p>\n<h2>Bonus et promotions<\/h2>\n<p>Casinoland vous accueille chaleureusement en vous offrant un bonus correspondant \u00e0 vos quatre premiers d\u00e9p\u00f4ts, vous offrant un bonus total allant jusqu\u2019\u00e0 800$\/\u20ac. Leurs promotions en cours varient de temps \u00e0 autre, mais offre du bonheur constant.<\/p>\n<h3>Bonus de bienvenue<\/h3>\n<p>Le bonus de bienvenue chez Casinoland se fait en quatre premiers d\u00e9p\u00f4ts.<\/p>\n<ul>\n<li><strong>Premier d\u00e9p\u00f4t :<\/strong> Correspond \u00e0 100% jusqu\u2019\u00e0 200$\/\u20ac<\/li>\n<li><strong>Deuxi\u00e8me d\u00e9p\u00f4t :<\/strong> Correspond \u00e0 50% jusqu\u2019\u00e0 200$\/\u20ac<\/li>\n<li><strong>Troisi\u00e8me d\u00e9p\u00f4t :<\/strong> Correspond \u00e0 25% jusqu\u2019\u00e0 200$\/\u20ac<\/li>\n<li><strong>Quatri\u00e8me d\u00e9p\u00f4t :<\/strong> Correspond \u00e0 25% jusqu\u2019\u00e0 200$\/\u20ac<\/li>\n<\/ul>\n<p>Les bonus ont une condition de pari de 40x qui doit \u00eatre jou\u00e9 dans les 30 jours suivants. Le pari maximal en jouant les bonus est de 5$\/\u20ac. Les machines \u00e0 sous vid\u00e9os et les autres jeux s\u00e9lectionn\u00e9s contribuent \u00e0 100% des paris requis alors que les machines \u00e0 sous classiques contribuent \u00e0 75%. Si vous jouez au poker vid\u00e9o, aux jeux en direct ou aux jeux sur <a href=\"https:\/\/www.minimumdepositcasinos.org\/fr\/jeux\/blackjack\/\">table comme le blackjack<\/a>, la roulette ou le baccarat, ils contribuent pour 5%. Vous pouvez trouver la liste des jeux qui ne contribuent pas au point 6 du &#8220;R\u00e8glement&#8221;.<\/p>\n<h3>Tours gratuits<\/h3>\n<p>Bien que le bonus de bienvenue n\u2019offre pas de tous bonus, le sp\u00e9cial Spotlight du mardi en offre, ainsi que d\u2019autres promotions de temps \u00e0 autre.<\/p>\n<h3>Autres promotions<\/h3>\n<p>Casinoland offre toute une vari\u00e9t\u00e9 de promotions de temps \u00e0 autre. La promotion r\u00e9guli\u00e8re qui revient sans cesse est le sp\u00e9cial Spotlight du mardi.<\/p>\n<h4><strong>Sp\u00e9cial Spotlight du mardi<\/strong><\/h4>\n<p>Cette promotion met&nbsp; &#8220;sous les feux du projecteur&#8221; une machine \u00e0 sous diff\u00e9rente chaque semaine. Faites un d\u00e9p\u00f4t de 50$\/\u20ac et vous <a href=\"\/fr\/tours-gratuits\/\">recevrez 50 tours gratuits<\/a> sur la machine \u00e0 sous s\u00e9lectionn\u00e9e. La promotion a une condition de pari de 40x sur les gains des tours bonus. Comme le bonus de bienvenue, il y a une limite de 30 jours pour remplir la condition de paris et les diff\u00e9rents jeux contribuent de fa\u00e7on diff\u00e9rente \u00e0 satisfaire la condition. Le mieux pour remplir le pari est de jouer aux machines \u00e0 sous vid\u00e9o.<\/p>\n<h3>Condition de jeu (condition de pari)<\/h3>\n<p>Les conditions de pari en place chez Casinoland garantissent que les joueurs qui font un d\u00e9p\u00f4t veulent vraiment rester et jouer. Ils n\u2019aiment pas l\u2019id\u00e9e que les joueurs fassent un d\u00e9p\u00f4t, prennent le bonus, puis partent. Ainsi, les bonus correspondant au d\u00e9p\u00f4t et les gains avec les tours bonus sont souvent sujets \u00e0 une condition de jeu de 40x. Vous aurez 30 jours pour remplir la condition, mais vous devez \u00eatre conscient que ce n\u2019est pas tous les jeux qui contribuent \u00e9galement \u00e0 remplir la condition. \u00c7a peut varier d\u00e9pendant du bonus, mais en r\u00e8gle g\u00e9n\u00e9rale, les machines \u00e0 sous contribuent pour 100% et les jeux sur table ne contribuent \u00e0 presque rien, sinon \u00e0 5 ou 10%. Si vous voulez remplir la condition de pari avant que votre temps ne soit \u00e9coul\u00e9, jouez <a href=\"https:\/\/www.minimumdepositcasinos.org\/fr\/jeux\/machines-a-sous\/\">aux machines \u00e0 sous<\/a>!<\/p>\n<h3>VIP et fid\u00e9lit\u00e9*<\/h3>\n<p>Casinoland a quatre niveaux \u00e0 leur programme de VIP. Voici les bonus pour avoir atteint ces niveaux.<\/p>\n<ul>\n<li>Bronze : dix tours bonus (0,20$ par tour)<\/li>\n<li>\u2028Argent : vingt tours bonus (0,20$ par tour)<\/li>\n<li>\u2028Or : six tours bonus (1,00$ par tour)<\/li>\n<li>Platine : huit tours bonus (1,00$ par tour)<\/li>\n<\/ul>\n<p>Les joueurs sont r\u00e9compens\u00e9s pour jouer, et plus vous jouez, plus vous montez dans les niveaux VIPs. Un statut VIP plus \u00e9lev\u00e9 am\u00e8ne de meilleurs bonus, promotions, ainsi qu\u2019une attention personnalis\u00e9e.<\/p>\n<h2>Comment commencer \u00e0 jouer?<\/h2>\n<p>Chez Casinoland, <a href=\"\/go\/casino-land@frr\">Suivez notre lien vers le casino<\/a> ,vous devez vous enregistrer pour jouer. Vous devrez fournir une adresse courriel et cr\u00e9er un nom d\u2019utilisateur et un mot de passe. Alors, vous devrez entrer votre nom complet, date de naissance, genre, adresse physique, adresse courriel, code postal et num\u00e9ro de t\u00e9l\u00e9phone mobile. Vous devrez confirmer que vous avez bien 18 ans et plus, ainsi que confirmer qu\u2019ils peuvent vous envoyer des courriels promotionnels. Puis, vous n\u2019aurez qu\u2019\u00e0 passer \u00e0 la caisse, choisir une m\u00e9thode de paiement et faire un d\u00e9p\u00f4t.<\/p>\n<h2>M\u00e9thodes de paiement<\/h2>\n<p><a href=\"\/fr\/options-dachat\/\">Casinoland accepte plusieurs m\u00e9thodes de paiement<\/a>. \u00c7a inclut VISA et MasterCard, Neteller, Skrill, virement bancaire et les portefeuilles \u00e9lectroniques. Leur \u00e9quipe est serr\u00e9e, et le processus de paiement est fluide et rapide. Ils sont, cependant, tr\u00e8s s\u00e9rieux sur la politique du \u00ab&nbsp;conna\u00eet ton client&nbsp;\u00bb. Alors, assurez-vous de leur donner pr\u00e9cis\u00e9ment les bonnes informations \u00e0 votre sujet. S\u2019ils ont des doutes, ils vous demanderont davantage de documents et \u00e7a ralentira sensiblement le processus.<\/p>\n<h3>M\u00e9thodes de d\u00e9p\u00f4t<\/h3>\n<p>Voici les d\u00e9tails de certaines des m\u00e9thodes de paiements.<\/p>\n<p>VISA, MasterCard, Maestro, Trustly, Skrill, Neteller et Paysafecard peuvent tous \u00eatre utilis\u00e9s sans frais \u00e0 la fois pour les d\u00e9p\u00f4ts et les retraits. Ils marchent tous pour les d\u00e9p\u00f4ts. Seul Maestro ne peut pas \u00eatre utilis\u00e9 pour les retraits. Chacun d\u2019eux offre le transfert virtuellement instantan\u00e9. Ils ont tous un minimum de 10$\/\u20ac et un maximum de 5000$\/\u20ac pour les d\u00e9p\u00f4ts et les retraits.<\/p>\n<h3>D\u00e9p\u00f4t minimal et maximal<\/h3>\n<p><a href=\"https:\/\/www.minimumdepositcasinos.org\/fr\/10-de-depot-minimum\/\">10$\/\u20ac est le d\u00e9p\u00f4t minimum \u00e0<\/a> Casinoland mobile et c\u2019est aussi le d\u00e9p\u00f4t minimal requis pour obtenir le bonus de bienvenue. 5000$\/\u20ac est le maximal que vous pouvez d\u00e9poser en une fois et en un jour.<\/p>\n<h3>M\u00e9thode de retraits et temps de traitement<\/h3>\n<p>Toutes les m\u00e9thodes list\u00e9es dans la section pr\u00e9c\u00e9dente peuvent \u00eatre utilis\u00e9es pour les retraits. G\u00e9n\u00e9ralement, vous utiliserez la m\u00eame m\u00e9thode pour les deux. <a href=\"\/fr\/options-dachat\/paysafecard\/\">Les m\u00e9thodes de paiement comme Paysafe<\/a>, Neteller, Trustly et Skrill peuvent \u00eatre tr\u00e8s rapides. Mais si vous choisissez un virement bancaire, \u00e7a peut prendre plus d\u2019une semaine!<\/p>\n<p>Puis que Casinoland est tr\u00e8s s\u00e9rieux pour conna\u00eetre ses clients, vous pourriez recevoir une demande afin de fournir des documents prouvant que vous \u00eates bien qui vous dites \u00eatre, que vous vivez bien o\u00f9 vous dites que vous vivez, et que vous aviez bien le m\u00eame \u00e2ge que vous proclamez. S\u2019il y a des questions sur ces informations et que vous ne pouvez pas y r\u00e9pondre, il est possible que vous perdiez vos gains ou que votre compte vous soit confisqu\u00e9. Dans tous les cas, l\u2019honn\u00eatet\u00e9 est la meilleure chose \u00e0 faire.<\/p>\n<h2>Jeux<\/h2>\n<p><a href=\"\/fr\/jeux\/\">Casinoland a des centaines de jeux provenant de dizaines des meilleurs d\u00e9veloppeurs<\/a>, alors vous pourrez avoir une meilleure diversit\u00e9 que d\u2019autres casinos dont les jeux ne proviennent que d\u2019une poign\u00e9e de d\u00e9veloppeurs. Pour ce qui est du casino mobile, vous pouvez jouer aux m\u00eames jeux sur votre t\u00e9l\u00e9phone intelligent que sur votre ordinateur de bureau. Les jeux fonctionnent parfaitement et il y a une bonne vari\u00e9t\u00e9. Aussi, si vous d\u00e9sirez l\u2019excitation du jeu en direct, vous \u00eates \u00e0 la bonne place.<\/p>\n<h3>Machine \u00e0 sous<\/h3>\n<p><a href=\"https:\/\/www.minimumdepositcasinos.org\/fr\/jeux\/machines-a-sous\/\">Si vous aimez les machines \u00e0 sous<\/a> classique, le jeu des \u201cfruits\u201d, ou de nouveaux jeux avec des th\u00e8mes int\u00e9ressants, Casinoland a quelque chose pour vous. Eye of Horus, The Goonies, Savanna Stampede, Tridentia et bien d\u2019autres, Casinoland vous surprendra et vous divertira. Vous appr\u00e9cierez certainement la fluidit\u00e9 de ces jeux.<\/p>\n<h3>Jeux sur table version mobile<\/h3>\n<p><a href=\"\/fr\/jeux\/poker\/\">Si vous aimez le poker<\/a>, le baccarat, le blackjack ou la <a href=\"https:\/\/www.minimumdepositcasinos.org\/fr\/jeux\/roulette\/\">roulette<\/a>, vous ne serez pas d\u00e9\u00e7u chez Casinoland. Ils ont une longue liste de jeux et de variantes pour chaque jeu.<\/p>\n<h3>Jeux en direct version mobile<\/h3>\n<p>Les gens aiment la commodit\u00e9 d\u2019un casino en ligne, particuli\u00e8rement lorsqu\u2019il est <a href=\"https:\/\/www.minimumdepositcasinos.org\/fr\/appareils\/\">possible de jouer n\u2019importe o\u00f9 sur appareil mobile.<\/a> Mais parfois, on s\u2019ennuie du jeu en direct. Ce n\u2019est pas un probl\u00e8me chez Casinoland avec leur bon assortiment de jeux en direct.<\/p>\n<h2>Application mobile<\/h2>\n<p>L\u2019application mobile de Casinoland est disponible pour les syst\u00e8mes d\u2019op\u00e9ration Android, Windows et Apple (iOS). Vous pouvez jouer avec un Amazon Fire, pratiquement tous les appareils Apple (iOS), un BlackBerry Z10 ou KBD, un Coolpad Catalyst, les appareils Google, la s\u00e9rie de t\u00e9l\u00e9phones et de tablettes Huawei, le Lenovo K6 Note, presque tous les appareils LG, les appareils Microsoft Windows, tous les t\u00e9l\u00e9phones intelligents de Motorola, tous les appareils Samsung, les tablettes et les t\u00e9l\u00e9phones intelligents Sony, et m\u00eame les appareils Xiaomi.<\/p>\n<p>La vraie liste est bien plus longue, mais vous comprenez notre point.<\/p>\n<h2>S\u00e9curit\u00e9 et permis<\/h2>\n<p>C\u2019est One Click Ltd qui op\u00e8re Casinoland.com. La compagnie maltaise (C78453) se situe au Northfields App 2, Vjal-Indipendenza Str, Mosta, Malte, MST9026. La Gambling Commission of Great Britain r\u00e9gule le site pour les clients du Royaume-Uni.<\/p>\n<h2>Service \u00e0 la client\u00e8le<\/h2>\n<p>Pour le service \u00e0 la client\u00e8le, cliquez sur \u201cAide\u201d dans le menu principal. La page d\u2019aide vous permettra de d\u00e9marrer une conversation en direct et donne l\u2019acc\u00e8s \u00e0 la FAQ.<br \/>\nAucun num\u00e9ro de t\u00e9l\u00e9phone ou d\u2019adresse courriel n\u2019est fourni.<\/p>\n<h2>Notre verdict<\/h2>\n<p>Casinoland est un super casino en ligne. Le fait qu\u2019il soit aussi bien pour les appareils mobiles le rend encore plus int\u00e9ressant. Le bonus de bienvenue est tr\u00e8s int\u00e9ressant en correspondant au montant de d\u00e9p\u00f4t jusqu\u2019\u00e0 une valeur de 800$\/\u20ac. Juste \u00e7a, c\u2019est une bonne raison de s\u2019inscrire. Mais d\u00e8s que vous commencerez \u00e0 jouer sur un ordinateur de bureau ou votre appareil mobile, vous serez impressionn\u00e9. Les jeux s\u2019ex\u00e9cutent avec fluidit\u00e9 dans les deux environnements, les sons et les images sont impressionnants et leur grande s\u00e9lection de jeux offre du divertissement pour tout le monde.<\/p>\n<p>Ce qui est souvent irritant chez les casinos en ligne, c\u2019est le temps de traitement pour les retraits de vos gains. Avec Casinoland, vous pouvez choisir un mode de paiement qui transf\u00e8rera rapidement votre argent dans votre compte pour commencer \u00e0 jouer, et transf\u00e8rera rapidement vos gains quand vous le d\u00e9sirez.<\/p>\n<p>On aime Casinoland particuli\u00e8rement pour leur traitement rapide des paiements.<a href=\"\/go\/casino-land@frr\"> Allez voir leur g\u00e9n\u00e9reux bonus de bienvenue<\/a>, jouez \u00e0 quelques jeux, et nous croyons que vous deviendrez l\u2019un de leurs r\u00e9guliers!<\/p>\n","protected":false},"excerpt":{"rendered":"<p>R\u00e9partition de l\u2019aper\u00e7u Casinoland a plusieurs machines \u00e0 sous, des jeux de casino classiques et aussi plusieurs jeux en direct. Vous pouvez d\u00e9poser ou retirer aussi peu que 10$\/\u20ac ou jusqu\u2019\u00e0 un montant maximal de 5000$\/\u20ac \u00e0 la fois. De plus, leurs m\u00e9thodes de paiements offrent un traitement pratiquement instantan\u00e9. Le site s\u2019applique bien aux [&hellip;]<\/p>\n","protected":false},"author":10,"featured_media":1841,"parent":16,"menu_order":0,"comment_status":"closed","ping_status":"closed","template":"page_review_card.php","meta":{"_acf_changed":false,"footnotes":""},"class_list":["post-1826","page","type-page","status-publish","has-post-thumbnail","hentry"],"acf":[],"_links":{"self":[{"href":"https:\/\/www.minimumdepositcasinos.org\/fr\/wp-json\/wp\/v2\/pages\/1826","targetHints":{"allow":["GET"]}}],"collection":[{"href":"https:\/\/www.minimumdepositcasinos.org\/fr\/wp-json\/wp\/v2\/pages"}],"about":[{"href":"https:\/\/www.minimumdepositcasinos.org\/fr\/wp-json\/wp\/v2\/types\/page"}],"author":[{"embeddable":true,"href":"https:\/\/www.minimumdepositcasinos.org\/fr\/wp-json\/wp\/v2\/users\/10"}],"replies":[{"embeddable":true,"href":"https:\/\/www.minimumdepositcasinos.org\/fr\/wp-json\/wp\/v2\/comments?post=1826"}],"version-history":[{"count":12,"href":"https:\/\/www.minimumdepositcasinos.org\/fr\/wp-json\/wp\/v2\/pages\/1826\/revisions"}],"predecessor-version":[{"id":2928,"href":"https:\/\/www.minimumdepositcasinos.org\/fr\/wp-json\/wp\/v2\/pages\/1826\/revisions\/2928"}],"up":[{"embeddable":true,"href":"https:\/\/www.minimumdepositcasinos.org\/fr\/wp-json\/wp\/v2\/pages\/16"}],"wp:featuredmedia":[{"embeddable":true,"href":"https:\/\/www.minimumdepositcasinos.org\/fr\/wp-json\/wp\/v2\/media\/1841"}],"wp:attachment":[{"href":"https:\/\/www.minimumdepositcasinos.org\/fr\/wp-json\/wp\/v2\/media?parent=1826"}],"curies":[{"name":"wp","href":"https:\/\/api.w.org\/{rel}","templated":true}]}}