{"id":1993,"date":"2019-08-30T10:58:45","date_gmt":"2019-08-30T10:58:45","guid":{"rendered":"https:\/\/www.minimumdepositcasinos.org\/fr\/?page_id=1993"},"modified":"2022-05-06T14:32:26","modified_gmt":"2022-05-06T14:32:26","slug":"simple-casino","status":"publish","type":"page","link":"https:\/\/www.minimumdepositcasinos.org\/fr\/revue-de-casino\/simple-casino\/","title":{"rendered":"Simple Casino"},"content":{"rendered":"<h2>R\u00e9partition de l&#8217;examen<\/h2>\n<p>Avez-vous d\u00e9j\u00e0 cherch\u00e9 un casino en ligne o\u00f9 les d\u00e9p\u00f4ts et les retraits pourraient \u00eatre effectu\u00e9s rapidement et facilement et o\u00f9 jouer aux machines \u00e0 sous et \u00e0 d&#8217;autres jeux de casino est tr\u00e8s amusant et la possibilit\u00e9 d&#8217;accumuler des gains ? Alors vous serez excit\u00e9 par les innovations sur l&#8217;affichage au casino Simple. En tant que nouveau joueur, un fabuleux Bonus de Bienvenue vous attend, vous pouvez d\u00e9poser sans tracas, jouer \u00e0 vos machines \u00e0 sous et jeux de table pr\u00e9f\u00e9r\u00e9s, et encaisser vos gains sans attendre \u00e0 l&#8217;infini. C&#8217;est parce que Simple casino est tout au sujet de rendre les choses aussi faciles que possible \u00e0 chaque tournant, et cela signifie de grands jeux en ligne.<\/p>\n<p>En tant que nouveau joueur, qu&#8217;est-ce que le casino va vous offrir ? Un <a href=\"\/fr\/bonus-de-depot\/\">fantastique match 100% bonus<\/a> jusqu&#8217;\u00e0 $500 et une exp\u00e9rience vraiment unique!<\/p>\n<p>Simple casino sera bient\u00f4t lanc\u00e9 pour les joueurs de casino en ligne dans le monde entier. Le concept est simple : Une solution simple pour l&#8217;enregistrement de compte afin que les joueurs puissent entrer dans l&#8217;action en quelques secondes, profiter de retraits faciles, une <a href=\"\/fr\/jeux\/machines-a-sous\/\">\u00e9norme biblioth\u00e8que de machines \u00e0 sous<\/a> et <a href=\"\/fr\/jeux\/\">de jeux de casino<\/a>, sans tracas, tout jouer !<\/p>\n<p>Cr\u00e9\u00e9 par des passionn\u00e9s de jeux su\u00e9dois dont l&#8217;objectif principal est de donner aux joueurs ce qu&#8217;ils veulent vraiment, Simple casino proposera des jeux amusants, sans probl\u00e8mes et livr\u00e9s avec rapidit\u00e9 et facilit\u00e9. Lanc\u00e9 par Hero Gaming, le m\u00eame groupe qui a d\u00e9j\u00e0 \u00e9tabli d&#8217;autres casinos en ligne \u00e0 succ\u00e8s depuis 2014, Simple casino est dit d&#8217;\u00eatre une bouff\u00e9e d&#8217;air frais et bient\u00f4t un joueur pr\u00e9f\u00e9r\u00e9.<\/p>\n<h2>Bonus et Promotions<\/h2>\n<p>Avant d&#8217;essayer un nouveau casino, les joueurs recherchent des bonus de bienvenue lucratifs et g\u00e9n\u00e9reux et Simple casino comprend tr\u00e8s bien ce concept. En tant que nouveau joueur, vous aurez juste les bons bonus et <a href=\"\/fr\/tours-gratuits\/\">promotions disponibles pour des tours gratuits<\/a>, de l&#8217;argent en bonus pour que vous puissiez revenir encore et encore.<\/p>\n<h3>Bonus de Bienvenue<\/h3>\n<p>En tant que joueur des Pays-Bas, de Finlande et d&#8217;Allemagne, lorsque vous vous inscrivez et effectuez un d\u00e9p\u00f4t en argent r\u00e9el, le casino vous r\u00e9compensera avec un bonus de 100% jusqu&#8217;\u00e0 $\u20ac500! Cela signifie que le casino doublera votre argent afin que vous puissiez commencer \u00e0 jouer avec un plus gros bankroll pour de plus gros gains.<\/p>\n<p>Les joueurs du Canada peuvent \u00e9galement profiter d&#8217;une offre de bienvenue fabuleuse de 100% jusqu&#8217;\u00e0 500 CAD ! Inscrivez-vous en tant que nouveau joueur, d\u00e9posez le minimum requis de 50$ et r\u00e9clamez votre Bonus de Bienvenue.<\/p>\n<p>Il y a des Termes et Conditions \u00e0 conna\u00eetre et nous vous recommandons de les lire tr\u00e8s attentivement avant d&#8217;accepter tout bonus de casino, afin que vous sachiez ce que vous devez faire pour convertir votre bonus en argent retirable.<\/p>\n<h3>Autres Promotions<\/h3>\n<p>Le casino offrira des bonus et des promotions all\u00e9chants pour ajouter du piquant \u00e0 vos jeux en ligne et permettre un gameplay prolong\u00e9.<\/p>\n<h3>Exigences en mati\u00e8re de Play-through (Exigences en mati\u00e8re de mise)<\/h3>\n<p>Pour d\u00e9clencher le bonus, les joueurs du casino Simple devront effectuer un d\u00e9p\u00f4t minimum de $\u20ac50. Il y a des Exigences de Pari \u00e0 conna\u00eetre, qui sont clairement d\u00e9crites dans les Termes et Conditions. Les conditions de mise sont le nombre de fois o\u00f9 vous devrez miser \u00e0 nouveau votre d\u00e9p\u00f4t et votre bonus pour \u00eatre \u00e9ligible \u00e0 retirer vos gains en esp\u00e8ces.<\/p>\n<h2>Comment Commencer \u00e0 Jouer<\/h2>\n<p>Commencer \u00e0 jouer est tr\u00e8s facile. <a href=\"\/fr\/go\/simple@fr-r\">Cliquez simplement sur notre lien<\/a> qui vous m\u00e8nera au casino Simple. Enregistrez gratuitement votre nouveau compte de joueur et apr\u00e8s avoir re\u00e7u un email du casino pour confirmer que votre compte a \u00e9t\u00e9 v\u00e9rifi\u00e9, effectuez votre d\u00e9p\u00f4t, acceptez votre bonus de bienvenue si vous le souhaitez, et vous \u00eates pr\u00eat \u00e0 commencer \u00e0 jouer \u00e0 vos jeux de casino favoris!<\/p>\n<h2>Paiements<\/h2>\n<p>Les options bancaires sont toujours une consid\u00e9ration tr\u00e8s importante pour tous les casinos en ligne. Il devrait y avoir <a href=\"\/fr\/options-dachat\/\">suffisamment de m\u00e9thodes de paiement<\/a> pour faciliter le processus. Beaucoup de joueurs ne veulent pas utiliser leurs cartes de cr\u00e9dit et chercher d&#8217;autres m\u00e9thodes de d\u00e9p\u00f4t et si un casino offre un choix, les joueurs sont heureux. Le casino simple offre plusieurs fa\u00e7ons d&#8217;effectuer votre d\u00e9p\u00f4t, y compris les cartes de cr\u00e9dit et les porte-monnaie \u00e9lectroniques pour plus de commodit\u00e9, de flexibilit\u00e9 et de s\u00e9curit\u00e9.<\/p>\n<h3>Modes de D\u00e9p\u00f4t<\/h3>\n<p>Lorsque vous vous inscrivez au casino Simple, vous avez \u00e0 votre disposition plusieurs m\u00e9thodes de paiement :<\/p>\n<ul>\n<li>Les joueurs allemands peuvent utiliser Sofort, Trustly et Carte de cr\u00e9dit.<\/li>\n<li>Les joueurs du Canada peuvent utiliser Interac et la carte de cr\u00e9dit.<\/li>\n<li>Les joueurs des Pays-Bas peuvent utiliser leurs cartes de cr\u00e9dit et Trustly.<\/li>\n<li>Les joueurs de Finlande peuvent utiliser leur carte de cr\u00e9dit et Trustly.<\/li>\n<li>Les joueurs argentins peuvent utiliser leur carte de cr\u00e9dit.<\/li>\n<li>Les joueurs du Br\u00e9sil peuvent utiliser leur carte de cr\u00e9dit.<\/li>\n<li>Les joueurs islandais peuvent utiliser leur carte de cr\u00e9dit et Trustly.<\/li>\n<li>Les joueurs d&#8217;Irlande peuvent utiliser leur cr\u00e9dit card et Trustly.<\/li>\n<li>Les joueurs japonais peuvent utiliser leur carte de cr\u00e9dit, EcoPayz et VenusPoint.<\/li>\n<li>Les joueurs du Liechtenstein peuvent utiliser leur carte de cr\u00e9dit et Trustly.<\/li>\n<li>Les joueurs de Malte peuvent utiliser leur carte de cr\u00e9dit et Trustly.<\/li>\n<li>Les joueurs de Nouvelle-Z\u00e9lande peuvent utiliser leur carte de cr\u00e9dit.<\/li>\n<li>Les joueurs norv\u00e9giens peuvent utiliser leur carte de cr\u00e9dit, EcoPayz, Skrill et virement bancaire.<\/li>\n<li>Les joueurs d&#8217;Afrique du Sud peuvent utiliser leur carte de cr\u00e9dit.<\/li>\n<\/ul>\n<p>Il n&#8217;y a pas de frais pour les d\u00e9p\u00f4ts, mais veuillez noter que des frais peuvent \u00eatre factur\u00e9s par les fournisseurs de services de paiement.<\/p>\n<h3>D\u00e9p\u00f4ts Minimum et Maximum<\/h3>\n<p>Le d\u00e9p\u00f4t minimum requis pour d\u00e9clencher le Bonus de Bienvenue est de $\u20ac50 et le maximum est de $\u20ac500.<\/p>\n<h3>M\u00e9thodes et D\u00e9lais de Retrait<\/h3>\n<ul>\n<li>Sofort, Trustly, Skrill, EcoPayz et VenusPoint.prennent environ 3 jours ouvrables pour \u00eatre trait\u00e9s.<\/li>\n<li>Le virement bancaire prend de 8 \u00e0 10 jours ouvrables.<\/li>\n<li>Toutes les cartes de cr\u00e9dit prennent de 6 \u00e0 8 jours ouvrables.<\/li>\n<li>Les demandes de retrait sont trait\u00e9es dans les 2 jours ouvrables suivant la date de la demande.<\/li>\n<\/ul>\n<h2>Jeux<\/h2>\n<p>Propuls\u00e9s par les meilleurs d\u00e9veloppeurs de logiciels de casino tels que NetEnt, Quickspin, Microgaming, Yggdrasil, Playson et Pragmatic Play, les machines \u00e0 sous et les jeux de casino sont de qualit\u00e9 sup\u00e9rieure et offrent toutes les fonctionnalit\u00e9s sensationnelles que vous connaissez et aimez.<\/p>\n<h3>Machines \u00e0 Sous<\/h3>\n<p>Profitez des machines \u00e0 sous telles que Bloodsuckers II, Asgardian Stones, Fruit Spin, et Finn and the Swirly Spin, pour Scatters, Wilds et Bonus Games dans les jeux. Pour les joueurs qui appr\u00e9cient une fa\u00e7on plus extr\u00eame de jouer aux machines \u00e0 sous, les jeux du Jackpot Progressif sont juste le ticket ! Il y a beaucoup de progressifs disponibles dont MegaMoolah, le plus c\u00e9l\u00e8bre de tous les progressifs ! Le th\u00e8me africain MegaMoolah a \u00e9t\u00e9 surnomm\u00e9 &#8220;The Millionaire Maker&#8221; en raison des \u00e9normes jackpots qu&#8217;il a d\u00e9j\u00e0 pay\u00e9s.<\/p>\n<h3>Jeux de Table<\/h3>\n<p>Simple casino offrira \u00e9galement une s\u00e9lection d\u00e9cente de jeux de table, y compris : <a href=\"https:\/\/www.minimumdepositcasinos.org\/fr\/jeux\/roulette\/\">Roulette<\/a>, Blackjack, Baccarat, Poker et toutes leurs variantes color\u00e9es.<\/p>\n<h3>Jeux du Croupier en Direct<\/h3>\n<p>Si vous voulez profiter d&#8217;une fa\u00e7on plus authentique de jouer \u00e0 vos jeux de casino pr\u00e9f\u00e9r\u00e9s, alors le casino Live Dealer est sans aucun doute le meilleur moyen de profiter des jeux en ligne. Les casinos en direct sont exactement ce que le nom implique, un casino qui est r\u00e9el et en direct, plut\u00f4t qu&#8217;un casino en ligne virtuel. Pour les joueurs qui manquent l&#8217;interaction humaine d&#8217;un casino, un casino Live Dealer offre exactement cela ! Diffus\u00e9 en haute d\u00e9finition \u00e0 partir d&#8217;un casino hors site et avec diff\u00e9rents angles de cam\u00e9ra et une bo\u00eete de chat, les joueurs peuvent interagir les uns avec les autres ou chatter avec le croupier pendant qu&#8217;il ou elle pr\u00e9sente les cartes ou fait tourner la roue de la Roulette.<\/p>\n<p>Dans les Jeux du Croupier en Direct vous pouvez jouer \u00e0 de vieux favoris comme la Roulette en direct, le Blackjack en direct, le Poker en direct, le Baccarat en direct et vous pouvez m\u00eame faire une partie de Live Sic Bo!<\/p>\n<h2>Mobile et Applications<\/h2>\n<p>En utilisant une plateforme bas\u00e9e sur le Web, Simple casino offrira un excellent support mobile pour les appareils iOS et <a href=\"https:\/\/www.minimumdepositcasinos.org\/fr\/appareils\/android\/\">Android<\/a>. Avec une interface utilisateur tr\u00e8s r\u00e9active qui inclut un logiciel qui d\u00e9tecte automatiquement la taille et l&#8217;orientation de votre \u00e9cran, Simply mobile casino pr\u00e9sentera les machines \u00e0 sous et les jeux de table dans la meilleure disposition possible.<\/p>\n<p>Si vous pr\u00e9f\u00e9rez jouer via une application t\u00e9l\u00e9chargeable, Simple casino pr\u00e9voit d&#8217;offrir un casino mobile avec une application d\u00e9di\u00e9e pour votre appareil iOS et Android dans un proche avenir.<\/p>\n<h2>S\u00e9curit\u00e9 et Licences<\/h2>\n<p>Le casino est agr\u00e9\u00e9 dans l&#8217;Union europ\u00e9enne et a ses bureaux \u00e0 Sliema (Malte) et \u00e0 Malm\u00f6 (Su\u00e8de). R\u00e9glement\u00e9 et autoris\u00e9 par la Malta Gaming Authority, vous serez en mesure de profiter de la fa\u00e7on la plus s\u00fbre et la plus s\u00fbre de jouer en ligne. Si vous craignez que les jeux soient truqu\u00e9s en faveur du casino, ne le soyez pas, car Simple casino et ses fournisseurs de logiciels utilisent des g\u00e9n\u00e9rateurs de nombres al\u00e9atoires pour d\u00e9terminer le r\u00e9sultat de chaque tour de jeu.<\/p>\n<h2>Support Client<\/h2>\n<p>Aujourd&#8217;hui, jouer dans un casino en ligne qui est r\u00e9glement\u00e9, s\u00fbr et s\u00e9curis\u00e9 n&#8217;est pas suffisant ! Une \u00e9quipe de service \u00e0 la client\u00e8le efficace et bien inform\u00e9e est un \u00e9l\u00e9ment essentiel des jeux de casino en ligne.<\/p>\n<p>Simple casino offrira \u00e0 ses joueurs une vari\u00e9t\u00e9 de m\u00e9thodes de contact, y compris un Live Chat box qui sera ouvert 24 heures sur 24 tous les jours. Les courriels peuvent \u00eatre envoy\u00e9s \u00e0 support@simplecasino et une r\u00e9ponse suivra g\u00e9n\u00e9ralement dans quelques heures.<\/p>\n<h2>Notre Verdict<\/h2>\n<p>Un casino simple est tout simplement g\u00e9nial ! Leur concept de simplicit\u00e9 et de d\u00e9p\u00f4ts rapides est nouveau et aide les joueurs \u00e0 effectuer leurs paiements rapidement, facilement et simplement ! Le casino n&#8217;a pas de d\u00e9tails surcharg\u00e9s et d\u00e8s le d\u00e9but, les joueurs remarqueront \u00e0 quel point tout est simple et propre, avec un accent sur le bon vieux jeu de hasard et de divertissement.<\/p>\n<p>La soci\u00e9t\u00e9 Hero Gaming a \u00e9galement accord\u00e9 suffisamment d&#8217;attention \u00e0 son exp\u00e9rience de jeu de casino mobile et les joueurs mobiles peuvent acc\u00e9der au casino mobile via leur navigateur mobile.<\/p>\n<p>Le casino offre un bonus de bienvenue qui doublera l&#8217;argent des nouveaux joueurs pour des jeux \u00e9tendus et de plus gros gains, et il y a plus qu&#8217;assez de machines \u00e0 sous et de jeux de table pour un plaisir total.<\/p>\n<p>Dans l&#8217;ensemble, Simple casino a tout ce qu&#8217;il faut pour devenir l&#8217;une des destinations de jeu pr\u00e9f\u00e9r\u00e9es des joueurs du monde entier.<\/p>\n","protected":false},"excerpt":{"rendered":"<p>R\u00e9partition de l&#8217;examen Avez-vous d\u00e9j\u00e0 cherch\u00e9 un casino en ligne o\u00f9 les d\u00e9p\u00f4ts et les retraits pourraient \u00eatre effectu\u00e9s rapidement et facilement et o\u00f9 jouer aux machines \u00e0 sous et \u00e0 d&#8217;autres jeux de casino est tr\u00e8s amusant et la possibilit\u00e9 d&#8217;accumuler des gains ? Alors vous serez excit\u00e9 par les innovations sur l&#8217;affichage au [&hellip;]<\/p>\n","protected":false},"author":9,"featured_media":7138,"parent":16,"menu_order":0,"comment_status":"closed","ping_status":"closed","template":"","meta":{"_acf_changed":false,"footnotes":""},"class_list":["post-1993","page","type-page","status-publish","has-post-thumbnail","hentry"],"acf":[],"_links":{"self":[{"href":"https:\/\/www.minimumdepositcasinos.org\/fr\/wp-json\/wp\/v2\/pages\/1993","targetHints":{"allow":["GET"]}}],"collection":[{"href":"https:\/\/www.minimumdepositcasinos.org\/fr\/wp-json\/wp\/v2\/pages"}],"about":[{"href":"https:\/\/www.minimumdepositcasinos.org\/fr\/wp-json\/wp\/v2\/types\/page"}],"author":[{"embeddable":true,"href":"https:\/\/www.minimumdepositcasinos.org\/fr\/wp-json\/wp\/v2\/users\/9"}],"replies":[{"embeddable":true,"href":"https:\/\/www.minimumdepositcasinos.org\/fr\/wp-json\/wp\/v2\/comments?post=1993"}],"version-history":[{"count":4,"href":"https:\/\/www.minimumdepositcasinos.org\/fr\/wp-json\/wp\/v2\/pages\/1993\/revisions"}],"predecessor-version":[{"id":3569,"href":"https:\/\/www.minimumdepositcasinos.org\/fr\/wp-json\/wp\/v2\/pages\/1993\/revisions\/3569"}],"up":[{"embeddable":true,"href":"https:\/\/www.minimumdepositcasinos.org\/fr\/wp-json\/wp\/v2\/pages\/16"}],"wp:featuredmedia":[{"embeddable":true,"href":"https:\/\/www.minimumdepositcasinos.org\/fr\/wp-json\/wp\/v2\/media\/7138"}],"wp:attachment":[{"href":"https:\/\/www.minimumdepositcasinos.org\/fr\/wp-json\/wp\/v2\/media?parent=1993"}],"curies":[{"name":"wp","href":"https:\/\/api.w.org\/{rel}","templated":true}]}}