{"id":2037,"date":"2019-11-20T23:40:31","date_gmt":"2019-11-20T23:40:31","guid":{"rendered":"https:\/\/www.minimumdepositcasinos.org\/fr\/?page_id=2037"},"modified":"2019-11-20T23:40:32","modified_gmt":"2019-11-20T23:40:32","slug":"casino-gods","status":"publish","type":"page","link":"https:\/\/www.minimumdepositcasinos.org\/fr\/revue-de-casino\/casino-gods\/","title":{"rendered":"Casino Gods"},"content":{"rendered":"<h2>R\u00e9partition de la Revision<\/h2>\n<p>Casino Gods est encore un nouvel enfant dans le quartier, et ils ont choisi un surnom con\u00e7u pour les aider \u00e0 se d\u00e9marquer de la foule. Dans cette optique, il est ind\u00e9niable qu&#8217;ils ont beaucoup de choses \u00e0 faire, surtout dans un march\u00e9 o\u00f9 les casinos rivaux sont nombreux, pr\u00e9tendant tous \u00eatre les meilleurs et offrir les meilleures offres les plus int\u00e9ressantes.<\/p>\n<p>Malgr\u00e9 la pression, Casino Gods semble s&#8217;engager \u00e0 fournir une exp\u00e9rience de casino en ligne passionnante et engageante, qui se concentre principalement sur la mise en avant des souhaits et des d\u00e9sirs de leurs clients.<\/p>\n<h2>\u00a0Bonus et Promotions<\/h2>\n<p>Tout casino qui vaut la peine d&#8217;\u00eatre d\u00e9pos\u00e9 sera un grand fan d&#8217;offrir les meilleurs bonus et promotions pour aider \u00e0 garder les clients int\u00e9ress\u00e9s. C&#8217;est une fa\u00e7on fantastique de r\u00e9compenser la fid\u00e9lit\u00e9, et peut \u00e9galement \u00eatre un crochet important pour les nouveaux clients qui visitent le site pour la premi\u00e8re fois. Un bonus de bienvenue tentant vous attirera et vous donnera des cadeaux en \u00e9change de votre curiosit\u00e9, tandis que les joueurs \u00e0 plus long terme pourront trouver leur engagement sur le site r\u00e9compens\u00e9 par une foule d&#8217;avantages suppl\u00e9mentaires. Les jeux ne sont qu&#8217;un \u00e9l\u00e9ment du monde des casinos en ligne; les sites doivent aussi s&#8217;assurer que les joueurs sont excit\u00e9s, engag\u00e9s et enthousiastes, et les bonus sont un excellent moyen d&#8217;y parvenir.<\/p>\n<h3>Bonus de Bienvenue<\/h3>\n<p>Comme nous en avons discut\u00e9, un Bonus de Bienvenue est un aspect extr\u00eamement important d&#8217;un casino. Ce sera g\u00e9n\u00e9ralement la premi\u00e8re interaction qu&#8217;un casino a avec le nouveau joueur, et le but est \u00e9videmment de le persuader de revenir encore et encore. Lorsqu&#8217;il est bien fait, il peut s&#8217;agir d&#8217;une excellente porte d&#8217;entr\u00e9e vers les friandises tentantes qui sont disponibles et convaincre les nouveaux joueurs qu&#8217;il s&#8217;agit d&#8217;un site qui vaut la peine d&#8217;y rester. Casino Gods are a business who truly appreciate the value of this tool, and use it to their full l&#8217;avantage. Les nouveaux joueurs seront r\u00e9compens\u00e9s par un incroyable bonus de 300$ \u00e0 jouer, ainsi que 300 tours gratuits en plus! Cela permet non seulement aux joueurs de profiter de l&#8217;argent r\u00e9el dans leur poche, ce qui rend leur d\u00e9p\u00f4t Voyage autant que possible, mais il offre aussi une chance d&#8217;essayer certains des jeux les plus chauds sur le site &#8211; gratuitement. C&#8217;est une excellente occasion pour les nouveaux joueurs de profiter du meilleur des deux mondes, et c&#8217;est l&#8217;occasion id\u00e9ale de vraiment se familiariser avec la biblioth\u00e8que de jeux propos\u00e9s; vous trouverez peut-\u00eatre m\u00eame un tout nouveau favori dans la s\u00e9lection! 300 tours gratuites est un nombre extr\u00eamement g\u00e9n\u00e9reux, et c&#8217;est plus que suffisant pour vous aider \u00e0 d\u00e9cider si Casino Gods est le bon site pour vous. En ce qui concerne les offres de bienvenue, le site a vraiment coch\u00e9 la case avec celle-ci!<\/p>\n<h3>\u00a0Autres Promotions<\/h3>\n<p>Une fois que l&#8217;offre de bienvenue initiale est jou\u00e9e, il est important qu&#8217;il y ait aussi une gamme d&#8217;offres et de promotions pour garder les clients existants enthousiastes et motiv\u00e9s. Dans cette optique, Casino Gods est fier d&#8217;offrir une foule d&#8217;offres r\u00e9guli\u00e8res qui changent tout au long de l&#8217;ann\u00e9e. Il s&#8217;agit notamment d&#8217;une chance d&#8217;obtenir des tours suppl\u00e9mentaires et des bonus de match plus \u00e9lev\u00e9s, ainsi que des g\u00e2teries et des r\u00e9compenses offertes dans le cadre du lucratif programme de fid\u00e9lit\u00e9 VIP. La page&#8217;Promotions&#8217; du site est un tr\u00e9sor d&#8217;offres potentielles, et il est important que les joueurs s&#8217;enregistrent r\u00e9guli\u00e8rement pour ne pas manquer un s\u00e9rieux bonus!<\/p>\n<h3>Exigences de jeu (Exigences de mise)<\/h3>\n<p>Comme pour toute offre ou bonus, il y a des conditions de mise qui devront \u00eatre remplies. Il s&#8217;agit du nombre de fois qu&#8217;un bonus, plus tous les gains devront \u00eatre jou\u00e9s avant que le joueur soit en mesure de retirer le montant total en esp\u00e8ces. Le nombre variera d&#8217;un bonus \u00e0 l&#8217;autre, et les diff\u00e9rents casinos offriront diff\u00e9rentes limites et options de jeu.<\/p>\n<p>Le Bonus de Bienvenue offert par Casino Gods est accompagn\u00e9 d&#8217;une exigence de mise de 40x, ce qui signifie que le bonus de match et toutes les r\u00e9compenses ult\u00e9rieures devront \u00eatre jou\u00e9s au moins 40x avant que le total puisse \u00eatre retir\u00e9 en esp\u00e8ces par le joueur. Il y a aussi des restrictions sur les jeux qui se qualifient <a href=\"https:\/\/www.minimumdepositcasinos.org\/fr\/tours-gratuits\/\">quand il s&#8217;agit des tours gratuits<\/a> ; ceux-ci doivent \u00eatre utilis\u00e9s sur la Combustion, le Chaperon Rouge, Aloha ou Gonzo&#8217;s Quest.<\/p>\n<h3>\u00a0VIP &amp; Fid\u00e9lit\u00e9*<\/h3>\n<p>Offrir un Bonus de Bienvenue est une chose, mais il est important que les casinos travaillent aussi dur pour r\u00e9compenser les joueurs qui sont revenus \u00e0 maintes reprises pour prouver leur fid\u00e9lit\u00e9. Sans reconnaissance, il y a un risque r\u00e9el que ces clients se sentent ignor\u00e9s et non appr\u00e9ci\u00e9s, ce qui pourrait les amener \u00e0 choisir de se rendre dans un casino rival pour se consoler.<br \/>\nCasino Gods tient \u00e0 garder ses clients, et offre donc un fabuleux programme VIP Parthenon, qui offre une foule d&#8217;avantages passionnants, y compris un gestionnaire de compte d\u00e9di\u00e9, un cadeau d&#8217;anniversaire sp\u00e9cial, un service de retrait personnalis\u00e9 et sur mesure, et la possibilit\u00e9 pour les joueurs d&#8217;obtenir leurs mains sur les bonus et promotions les plus populaires. Vous pourriez m\u00eame vous retrouver avec un forfait vacances incroyable! Il vous suffit de vous rendre sur l&#8217;onglet du site pour vous inscrire et commencer \u00e0 profiter des avantages!<\/p>\n<h2>Comment Commencer \u00e0 Jouer<\/h2>\n<p>D\u00e9marrer avec le site est super simple, et la premi\u00e8re \u00e9tape est d&#8217;aller sur la page d&#8217;accueil. Ici, vous serez accueilli avec l&#8217;option de vous inscrire, ce qui vous m\u00e8nera au formulaire d&#8217;inscription. Remplissez vos coordonn\u00e9es, v\u00e9rifiez votre compte, et vous \u00eates pr\u00eat \u00e0 effectuer votre d\u00e9p\u00f4t initial et \u00e0 commencer \u00e0 jouer !<\/p>\n<h2>\u00a0Paiements<\/h2>\n<p>Les paiements peuvent \u00eatre une zone qui a le potentiel de faire ou de casser n&#8217;importe quel casino. L&#8217;ensemble du processus doit \u00eatre super fluide et rationalis\u00e9, permettant aux clients d&#8217;effectuer des d\u00e9p\u00f4ts et de d\u00e9clencher des bonus facilement, ainsi que d&#8217;avoir la possibilit\u00e9 de retirer de l&#8217;argent sans tracas. Il est crucial pour le site de se concentrer sur la facilit\u00e9 et la simplicit\u00e9 de ce processus, et les dieux du casino sont d\u00e9j\u00e0 en avance sur le jeu dans ce domaine.<\/p>\n<h3>\u00a0Modes de D\u00e9p\u00f4t<\/h3>\n<p>Pour faciliter la vie des joueurs, il existe une multitude de <a href=\"https:\/\/www.minimumdepositcasinos.org\/fr\/options-dachat\/\">m\u00e9thodes de d\u00e9p\u00f4t<\/a> au choix. Il s&#8217;agit notamment de <a href=\"https:\/\/www.minimumdepositcasinos.org\/fr\/options-dachat\/mastercard\/\">MasterCard<\/a>, Maestro, Visa, Paysafecard, <a href=\"https:\/\/www.minimumdepositcasinos.org\/fr\/options-dachat\/neteller\/\">Neteller<\/a>, ecoPayz, Entropay et Skrill.<\/p>\n<h3>\u00a0D\u00e9p\u00f4ts Minimum et Maximum<\/h3>\n<p>Un <a href=\"\/fr\/10e-de-depot-minimum\/\">d\u00e9p\u00f4t minimum de 10$<\/a>\u00a0est requis pour b\u00e9n\u00e9ficier du bonus de bienvenue. Il n&#8217;y a actuellement aucune limite sup\u00e9rieure \u00e0 cela.<\/p>\n<h3>\u00a0M\u00e9thodes et D\u00e9lais de Retrait<\/h3>\n<p>Les porte-monnaie \u00e9lectroniques sont g\u00e9n\u00e9ralement le choix pr\u00e9f\u00e9r\u00e9 de nombreux clients, car ils ont tendance \u00e0 \u00eatre une m\u00e9thode beaucoup plus rapide pour retirer de l&#8217;argent liquide. D&#8217;autres options peuvent prendre beaucoup plus de temps, ce qui peut \u00eatre frustrant.<\/p>\n<h2>Jeux<\/h2>\n<p>Quelle que soit la qualit\u00e9 des bonus propos\u00e9s, il est essentiel que les casinos se concentrent sur leur principal argument de vente : la gamme de jeux qu&#8217;ils proposent \u00e0 leurs joueurs. Cela peut \u00eatre un facteur cl\u00e9 dans la d\u00e9cision des fans de revenir ou de chercher ailleurs, et il doit y avoir une s\u00e9lection riche et vari\u00e9e qui peut r\u00e9pondre \u00e0 de nombreux besoins et pr\u00e9f\u00e9rences diff\u00e9rents.<\/p>\n<p>Casino Gods se d\u00e9marque d\u00e9j\u00e0 de la foule par la qualit\u00e9 des op\u00e9rateurs qu&#8217;il offre. En tant que membre de Genesis Affiliates, leurs logiciels proviennent de grands noms tels que Evolution Gaming, Yggdrasil, NetEnt, <a href=\"\/fr\/logiciel\/microgaming\/\">Microgaming<\/a> et Play&#8217;n Go &#8211; tous des op\u00e9rateurs ayant une grande r\u00e9putation dans le domaine.<\/p>\n<h3>Machine \u00e0 sous<\/h3>\n<p>Comme avec beaucoup de casinos en ligne, les fentes sont un dispositif important dans l&#8217;ensemble de la biblioth\u00e8que \u00e9tendue de gams de sites. Les titres phares sont Book of Dead, Starburst, Twin Spin, Hugo, Aloha et Lady of Fortune, et il y aura certainement quelque chose \u00e0 vous offrir ou \u00e0 essayer parmi les derniers titres et offres.<\/p>\n<h3>\u00a0Jeux de Table<\/h3>\n<p>Un accent sur les machines \u00e0 sous ne signifie pas, cependant, que les dieux du casino n\u00e9gligent leurs offres de table. Il y a des classiques essentiels tels que l&#8217;Auto-Roulette VIP, la Roulette Am\u00e9ricaine, la Roulette Anglaise, et le Vegas Trip Blackjack, ainsi que le Casino Stud Poker, le Texas Hold&#8217;Em, le Jackpot Poker, et le Gunslinger, pour ne citer que quelques uns. Les amateurs de table n&#8217;auront que l&#8217;embarras du choix !<\/p>\n<h3>\u00a0Jeux du Croupier En Direct<\/h3>\n<p>Tout grand fan de casino comprendra l&#8217;importance d&#8217;une section fantastique pour les croupiers en direct. Cela permet aux joueurs de s&#8217;immerger totalement dans tous les aspects de la vie du casino et offre une opportunit\u00e9 incroyable de se rapprocher de certains de vos classiques pr\u00e9f\u00e9r\u00e9s. Les titres ici incluent Blackjack Lobby, Roulette Lobby, <a href=\"https:\/\/www.minimumdepositcasinos.org\/fr\/jeux\/roulette\/\">Roulette Lobby<\/a>, European Roulette VIP et Dream Catcher; c&#8217;est une exp\u00e9rience de jeu vraiment incroyable !<\/p>\n<h2>\u00a0Mobile et Applications<\/h2>\n<p>Etre totalement connect\u00e9 est une attente valable dans notre monde moderne tr\u00e8s occup\u00e9, et les dieux du casino ont pris soin d&#8217;en tenir compte. Bien qu&#8217;il n&#8217;y ait pas d&#8217;application sp\u00e9cifique, le casino est con\u00e7u pour fonctionner de mani\u00e8re transparente dans tous les <a href=\"https:\/\/www.minimumdepositcasinos.org\/fr\/appareils\/\">navigateurs mobiles<\/a>, que vous pr\u00e9f\u00e9riez iOS ou <a href=\"https:\/\/www.minimumdepositcasinos.org\/fr\/appareils\/android\/\">Android<\/a>. Vous n&#8217;aurez plus jamais \u00e0 vous passer de votre jeu pr\u00e9f\u00e9r\u00e9!<\/p>\n<h2>\u00a0S\u00e9curit\u00e9 et Licences<\/h2>\n<p>Les casinos sont responsables de la conservation d&#8217;un grand nombre de donn\u00e9es sur leurs clients, y compris les donn\u00e9es priv\u00e9es et financi\u00e8res. Pour aider \u00e0 prot\u00e9ger ceci, Casino Gods inclut le cryptage SSL comme partie int\u00e9grante de son site, ce qui garantit que toutes les informations sont s\u00e9curis\u00e9es et prot\u00e9g\u00e9es. En outre, le site d\u00e9tient des licences de la UK Gambling Commission et de la Malta Gaming Authority.<\/p>\n<h2>Service Client<\/h2>\n<p>Il n&#8217;y a rien de pire que d&#8217;\u00eatre totalement immerg\u00e9 dans son jeu favori, pour ensuite rencontrer un probl\u00e8me et \u00eatre incapable de parler \u00e0 quelqu&#8217;un pour le r\u00e9soudre. Casino Gods aide \u00e0 \u00e9viter cela en offrant trois m\u00e9thodes de service \u00e0 la client\u00e8le : email, t\u00e9l\u00e9phone et Live Chat. Tous sont disponibles 24 heures sur 24, 7 jours sur 7, ce qui donne une grande tranquillit\u00e9 d&#8217;esprit aux clients inquiets.<\/p>\n<h2>\u00a0Notre Verdict<\/h2>\n<p>Malgr\u00e9 leur jeunesse relative, les dieux du casino ont prouv\u00e9 qu&#8217;ils sont une force s\u00e9rieuse avec laquelle il faut compter, et ils semblent pr\u00eats \u00e0 devenir des acteurs majeurs sur la sc\u00e8ne des casinos en ligne dans le futur. Ils combinent une <a href=\"\/fr\/jeux\/\">large gamme de jeux<\/a> des meilleurs fournisseurs avec des bonus et des promotions fabuleux. De plus, le service \u00e0 la client\u00e8le est rapide et accessible &#8211; que demander de plus?<\/p>\n","protected":false},"excerpt":{"rendered":"<p>R\u00e9partition de la Revision Casino Gods est encore un nouvel enfant dans le quartier, et ils ont choisi un surnom con\u00e7u pour les aider \u00e0 se d\u00e9marquer de la foule. Dans cette optique, il est ind\u00e9niable qu&#8217;ils ont beaucoup de choses \u00e0 faire, surtout dans un march\u00e9 o\u00f9 les casinos rivaux sont nombreux, pr\u00e9tendant tous [&hellip;]<\/p>\n","protected":false},"author":10,"featured_media":2996,"parent":16,"menu_order":0,"comment_status":"closed","ping_status":"closed","template":"page_review_card.php","meta":{"_acf_changed":false,"footnotes":""},"class_list":["post-2037","page","type-page","status-publish","has-post-thumbnail","hentry"],"acf":[],"_links":{"self":[{"href":"https:\/\/www.minimumdepositcasinos.org\/fr\/wp-json\/wp\/v2\/pages\/2037","targetHints":{"allow":["GET"]}}],"collection":[{"href":"https:\/\/www.minimumdepositcasinos.org\/fr\/wp-json\/wp\/v2\/pages"}],"about":[{"href":"https:\/\/www.minimumdepositcasinos.org\/fr\/wp-json\/wp\/v2\/types\/page"}],"author":[{"embeddable":true,"href":"https:\/\/www.minimumdepositcasinos.org\/fr\/wp-json\/wp\/v2\/users\/10"}],"replies":[{"embeddable":true,"href":"https:\/\/www.minimumdepositcasinos.org\/fr\/wp-json\/wp\/v2\/comments?post=2037"}],"version-history":[{"count":11,"href":"https:\/\/www.minimumdepositcasinos.org\/fr\/wp-json\/wp\/v2\/pages\/2037\/revisions"}],"predecessor-version":[{"id":3041,"href":"https:\/\/www.minimumdepositcasinos.org\/fr\/wp-json\/wp\/v2\/pages\/2037\/revisions\/3041"}],"up":[{"embeddable":true,"href":"https:\/\/www.minimumdepositcasinos.org\/fr\/wp-json\/wp\/v2\/pages\/16"}],"wp:featuredmedia":[{"embeddable":true,"href":"https:\/\/www.minimumdepositcasinos.org\/fr\/wp-json\/wp\/v2\/media\/2996"}],"wp:attachment":[{"href":"https:\/\/www.minimumdepositcasinos.org\/fr\/wp-json\/wp\/v2\/media?parent=2037"}],"curies":[{"name":"wp","href":"https:\/\/api.w.org\/{rel}","templated":true}]}}