{"id":2039,"date":"2019-11-25T12:08:34","date_gmt":"2019-11-25T12:08:34","guid":{"rendered":"https:\/\/www.minimumdepositcasinos.org\/fr\/?page_id=2039"},"modified":"2019-11-25T12:08:35","modified_gmt":"2019-11-25T12:08:35","slug":"casinochan","status":"publish","type":"page","link":"https:\/\/www.minimumdepositcasinos.org\/fr\/revue-de-casino\/casinochan\/","title":{"rendered":"Casinochan"},"content":{"rendered":"<h2>R\u00e9partition de la r\u00e9vision<\/h2>\n<p>A premi\u00e8re vue, Casinochan peut sembler \u00eatre le nouvel enfant du quartier, ayant \u00e9t\u00e9 cr\u00e9\u00e9 en 2019. Un peu plus pr\u00e8s creuser, cependant, r\u00e9v\u00e8le qu&#8217;ils sont en fait une nouvelle incarnation de l&#8217;ancien site Betchan, et ont apport\u00e9 avec eux les comp\u00e9tences et l&#8217;exp\u00e9rience d\u00e9velopp\u00e9es depuis les ann\u00e9es d&#8217;exploitation sous ce nom. Cela leur donne des connaissances d&#8217;initi\u00e9s et un aper\u00e7u suppl\u00e9mentaire de ce que les joueurs veulent, et cela se refl\u00e8te dans tout, d&#8217;une biblioth\u00e8que de grands jeux \u00e0 un bonus de bienvenue tentant d&#8217;une valeur allant jusqu&#8217;\u00e0 400$, plus 120 tours gratuits!<\/p>\n<h2>Bonus et Promotions<\/h2>\n<p>Un bon casino comprendra les avantages \u00e9normes qui peuvent venir avec l&#8217;offre d&#8217;une vari\u00e9t\u00e9 des meilleurs bonus et d\u00e9p\u00f4ts. Les clients aiment se sentir r\u00e9compens\u00e9s et valoris\u00e9s, et offrir des incitatifs et des prix est un excellent moyen d&#8217;y parvenir. Cela se refl\u00e8te non seulement dans le bonus de bienvenue con\u00e7u pour attirer de nouveaux potentiels, mais aussi dans la gamme de trucs et astuces con\u00e7us pour garder les clients engag\u00e9s et motiv\u00e9s tout au long de leur exp\u00e9rience au casino.<\/p>\n<h3>Bonus de Bienvenue<\/h3>\n<p>Quelle que soit la taille du casino, il va sans dire qu&#8217;un bonus de bienvenue tentant est un must absolu. Pour de nombreux joueurs, c&#8217;est la premi\u00e8re rencontre qu&#8217;ils auront avec le site, et il est important de rendre cela aussi positif que possible. L&#8217;offre de bienvenue de Casinochans est r\u00e9partie sur les quatre premiers d\u00e9p\u00f4ts effectu\u00e9s, et c&#8217;est un moyen parfait pour les clients de se sentir plus valoris\u00e9s chaque fois qu&#8217;ils se connectent. Le premier d\u00e9p\u00f4t offre un bonus de 100% jusqu&#8217;\u00e0 250$, plus 30 tours gratuits, tandis que les deuxi\u00e8me et troisi\u00e8me offrent un bonus de 50% jusqu&#8217;\u00e0 500$, plus 30 autres tours gratuits. Le quatri\u00e8me d\u00e9p\u00f4t permet aux joueurs de b\u00e9n\u00e9ficier d&#8217;un bonus de 50% jusqu&#8217;\u00e0 250$, plus 30 tours gratuits suppl\u00e9mentaires \u00e0 profiter.<br \/>\nAu total, c&#8217;est une offre bienvenue d&#8217;une valeur de 400$, avec le bonus suppl\u00e9mentaire de 120 tours gratuits de plus dans le mix &#8211; c&#8217;est vraiment une offre qui vous permet de profiter du meilleur des deux mondes!<\/p>\n<h3>Autres Promotions<\/h3>\n<p>Quand il s&#8217;agit d&#8217;un bonus de bienvenue g\u00e9n\u00e9reux, Casinochan est certainement en t\u00eate du peloton et en t\u00eate du march\u00e9 avec l&#8217;un des bonus les plus g\u00e9n\u00e9reux offerts aux nouveaux joueurs. L&#8217;offre d&#8217;accueil \u00e0 quatre niveaux est une chose, mais Casinochan s&#8217;est \u00e9galement forg\u00e9 une solide r\u00e9putation de qualit\u00e9 continue gr\u00e2ce \u00e0 sa gamme d&#8217;offres promotionnelles et de bonus. \u00a0Certains d&#8217;entre eux sont r\u00e9serv\u00e9s aux joueurs plus fid\u00e8les, mais d&#8217;autres sont ouverts \u00e0 tous et peuvent constituer une \u00e9tape importante une fois que vous avez jou\u00e9 \u00e0 l&#8217;offre de bienvenue initiale. Les offres ont tendance \u00e0 changer d&#8217;une saison \u00e0 l&#8217;autre, et bon nombre d&#8217;entre elles seront assorties de dates d&#8217;expiration et de restrictions temporelles strictes, il est donc important d&#8217;\u00eatre vigilant et conscient de ce qui est actuellement offert.<\/p>\n<h3>Exigences en mati\u00e8re de Play-through (Exigences de mise)<\/h3>\n<p>Les conditions de jeu, ou conditions de mise, se r\u00e9f\u00e8rent au nombre de fois que le joueur devra jouer par le biais d&#8217;un bonus plus les gains avant que le montant total puisse \u00eatre retir\u00e9 du compte en esp\u00e8ces. Casinochan a une exigence de mise de 40x sur les bonus jumel\u00e9s, et une exigence de 50x sur les <a href=\"https:\/\/www.minimumdepositcasinos.org\/fr\/tours-gratuits\/\">tours gratuits<\/a>. C&#8217;est assez \u00e9lev\u00e9 compar\u00e9 \u00e0 d&#8217;autres casinos, et il est \u00e9galement important de noter qu&#8217;il y a des restrictions et des limitations; les machine \u00e0 sous compteront 100% pour les conditions de mise, mais les jeux de phase de distributeur ne comptent pas du tout. Il est important de lire les petits caract\u00e8res et de vous assurer que vous serez en mesure de r\u00e9pondre aux exigences avant de vous engager \u00e0 l&#8217;offre.<\/p>\n<h3>VIP &amp; Fid\u00e9lit\u00e9 *<\/h3>\n<p>Une fois que les joueurs ont \u00e9puis\u00e9 l&#8217;offre de bienvenue, il est important de s&#8217;assurer qu&#8217;il y a encore beaucoup d&#8217;incitations \u00e0 rester et \u00e0 jouer. Le programme VIP offert par CasinoChan et les prix offerts vont d&#8217;une r\u00e9compense en argent de <a href=\"\/fr\/5e-de-depot-minimum\/\">5$<\/a> \u00e0 un jackpot progressif, en passant par une Porsch; en ce qui concerne les programmes VIP, ce doit \u00eatre l&#8217;un des plus g\u00e9n\u00e9reux! Il ne faut cependant pas oublier que les chances d&#8217;atteindre le plus haut niveau sont extr\u00eamement minces. Vous gagnez un point pour chaque tranche de 17$ d\u00e9pos\u00e9e, ce qui signifie que vous \u00eates toujours r\u00e9compens\u00e9 pour l&#8217;effort que vous faites. Ce syst\u00e8me aide \u00e0 offrir une plus grande motivation, car vous pouvez activement voir et appr\u00e9cier les r\u00e9sultats de votre loyaut\u00e9 et de votre dur labeur. Il est important de noter que toutes les r\u00e9compenses en argent seront assorties d&#8217;une exigence de mise de 3x, mais celle-ci est nettement inf\u00e9rieure \u00e0 celle que l&#8217;on trouve ailleurs sur le site.<\/p>\n<h2>Comment Commencer \u00e0 Jouer<\/h2>\n<p>Une fois que vous avez trouv\u00e9 un casino qui vous convient, la priorit\u00e9 est de continuer \u00e0 jouer \u00e0 vos jeux pr\u00e9f\u00e9r\u00e9s et de gagner ces prix lucratifs. Casinochan rend ce processus aussi simple que possible, avec une option claire&#8217;Inscrivez-vous maintenant&#8217;, un simple formulaire d&#8217;inscription, et un processus de v\u00e9rification rapide et facile. En saisissant simplement quelques d\u00e9tails simples, vous \u00eates inscrit sur le site. A partir de l\u00e0, il ne vous reste plus qu&#8217;\u00e0 d\u00e9poser le d\u00e9p\u00f4t initial de 25$ pour lancer l&#8217;offre de bienvenue, et vous \u00eates pr\u00eat \u00e0 jouer!<\/p>\n<h2>Paiements<\/h2>\n<p>Comme tout bon casino, Casinochan s&#8217;engage r\u00e9ellement \u00e0 rendre la vie aussi facile que possible pour ses clients, et cela s&#8217;\u00e9tend aux options et m\u00e9thodes de paiement offertes par le casino. Cela fait partie int\u00e9grante de l&#8217;exp\u00e9rience globale et peut \u00eatre un point de d\u00e9part ou d&#8217;arriv\u00e9e pour certains clients s&#8217;ils se heurtent \u00e0 de longs processus de d\u00e9p\u00f4t ou \u00e0 des choix de retrait limit\u00e9s. Au lieu de cela, les joueurs veulent avoir la chance d&#8217;obtenir leurs paiements rapidement et sans douleur, pour leur permettre de se concentrer sur la victoire et de jouer \u00e0 leurs jeux pr\u00e9f\u00e9r\u00e9s &#8211; l&#8217;objectif global pour tous!<\/p>\n<h3>Modes de D\u00e9p\u00f4t<\/h3>\n<p>C&#8217;est pourquoi Casinochan propose toute une <a href=\"\/fr\/options-dachat\/\">gamme de m\u00e9thodes de paiement<\/a> pour aider les joueurs \u00e0 d\u00e9clencher le bonus de bienvenue et \u00e0 profiter de leur exp\u00e9rience. Les m\u00e9thodes actuelles comprennent Skrill, Neteller, <a href=\"\/fr\/options-dachat\/paysafecard\/\">Paysafe Card<\/a>, EcoPayz, Visa, MasterCard, InstaDebit, iDebit, Maestro, Neosurf, <a href=\"https:\/\/www.minimumdepositcasinos.org\/fr\/options-dachat\/methodes-de-paiement-bitcoin\/\">Bitcoin<\/a>, virement bancaire, virement rapide, eThereum, Tether et Litecoin.<\/p>\n<h3>D\u00e9p\u00f4ts Minimum et Maximum<\/h3>\n<p>Un d\u00e9p\u00f4t minimum de 25$ doit \u00eatre effectu\u00e9 pour pouvoir b\u00e9n\u00e9ficier du bonus de bienvenue.<\/p>\n<h3>M\u00e9thodes et Temps de Retrait<\/h3>\n<p>Quand il s&#8217;agit de faire des retraits, Casinochan est tout aussi flexible et heureux d&#8217;offrir une vari\u00e9t\u00e9 d&#8217;options. Il s&#8217;agit notamment de Litecoin, <a href=\"https:\/\/www.minimumdepositcasinos.org\/fr\/options-dachat\/mastercard\/\">MasterCard<\/a>, Skrill, Tether, InstaDebit, <a href=\"\/fr\/options-dachat\/neteller\/\">Neteller<\/a>, eThereum, iDebit, Rapid Transfer, Maestro, virement bancaire, Paysafecard, EcoPayz, Visa, Neosurf et Bitcoin.<\/p>\n<p>Votre temps d\u00e9pendra de la m\u00e9thode que vous choisirez; les porte-monnaie \u00e9lectroniques sont g\u00e9n\u00e9ralement l&#8217;option la plus rapide, suivis par les cartes de cr\u00e9dit ou de d\u00e9bit. Les virements bancaires ont tendance \u00e0 avoir le temps d&#8217;attente le plus long.<\/p>\n<h2>Jeux<\/h2>\n<p>Des syst\u00e8mes de paiement fluides et des offres lucratives sont seulement un aspect d&#8217;un grand casino, et l&#8217;autre est le coeur de l&#8217;exp\u00e9rience globale : les jeux! Sans une <a href=\"https:\/\/www.minimumdepositcasinos.org\/fr\/jeux\/\">vaste biblioth\u00e8que de jeux<\/a>, tout casino en ligne est vou\u00e9 \u00e0 l&#8217;\u00e9chec, et c&#8217;est une n\u00e9cessit\u00e9 de base pour obtenir absolument raison. Casinochan a une vari\u00e9t\u00e9 de titres et de types, des machines \u00e0 sous aux jeux Live Dealer, et il y en a pour tous les go\u00fbts, m\u00eame pour les joueurs les plus difficiles!<\/p>\n<h3>Machines \u00e0 sous<\/h3>\n<p>Casinochan s&#8217;est fait un nom avec les jeux de <a href=\"https:\/\/www.minimumdepositcasinos.org\/fr\/jeux\/machines-a-sous\/\">machines \u00e0 sous<\/a>, et cela reste toujours une caract\u00e9ristique forte du site. Il y a plus de 600 jeux au choix, et la s\u00e9lection signifie vraiment qu&#8217;il y a quelque chose qui convient \u00e0 chaque type de joueur. Certains des meilleurs choix comprennent Mega Moolah, Temple de la Fortune et Aztec Magic. Certains joueurs ont d\u00e9plor\u00e9 l&#8217;absence de NetEnt, ce qui signifie que certains des plus gros titres manquent, mais c&#8217;est un petit prix \u00e0 payer et il y a vraiment beaucoup d&#8217;options \u00e0 choisir.<\/p>\n<h3>Jeux de Table<\/h3>\n<p>Le choix des jeux de table est un peu d\u00e9cevant par rapport \u00e0 d&#8217;autres sites, mais il y a quelques classiques comme le <a href=\"\/fr\/jeux\/blackjack\/\">Blackjack<\/a> et <a href=\"https:\/\/www.minimumdepositcasinos.org\/fr\/jeux\/roulette\/\">la Roulette<\/a>, ainsi que le Baccarat, Pontoon, Scratch and Dice et le Caribbean Poker. Bien que la gamme soit g\u00e9n\u00e9reuse, elle n&#8217;est pas aussi \u00e9tendue que d&#8217;autres sites et pourrait \u00eatre un peu d\u00e9cevante pour ceux qui sont oppos\u00e9s aux machines \u00e0 sous et qui cherchent une alternative int\u00e9ressante.<\/p>\n<h3>Jeux du Croupier en Direct<\/h3>\n<p>L&#8217;un des principaux probl\u00e8mes avec Casinochan est leur manque d&#8217;option de concessionnaire en direct, et c&#8217;est une r\u00e9elle d\u00e9ception. La croissance de la technologie signifie que l&#8217;action en direct est une attente assez fondamentale dans l&#8217;industrie, et le site se distingue pour toutes les mauvaises raisons en son absence.<\/p>\n<h2>Mobile et Applications<\/h2>\n<p>Dans un monde o\u00f9 une connexion instantan\u00e9e est attendue, ce serait un casino stupide qui n&#8217;a pas su suivre les tendances et s&#8217;assurer que le jeu mobile n&#8217;\u00e9tait pas une \u00e9vidence. Bien qu&#8217;il n&#8217;existe actuellement aucune application s\u00e9par\u00e9e pour Casinochan, ils ont travaill\u00e9 pour s&#8217;assurer que leur biblioth\u00e8que est enti\u00e8rement <a href=\"https:\/\/www.minimumdepositcasinos.org\/fr\/appareils\/\">optimis\u00e9e pour les appareils mobiles<\/a>. Cela signifie que vous pouvez simplement visiter le navigateur sur votre tablette ou smartphone, vous connecter \u00e0 votre compte, et profiter d&#8217;une exp\u00e9rience de casino compl\u00e8te depuis n&#8217;importe o\u00f9 dans le monde!<\/p>\n<h2>S\u00e9curit\u00e9 et Licences<\/h2>\n<p>Il y a beaucoup d&#8217;informations potentiellement sensibles qui sont partag\u00e9es tous les jours sur les casinos en ligne, et il est important que le site prenne des mesures pour garder cela \u00e0 l&#8217;abri de toute utilisation abusive. Pour vous aider, Casinochan s&#8217;est assur\u00e9 que toutes les pages de son site sont enti\u00e8rement crypt\u00e9es avec le cryptage SSL, ce qui signifie que vous pouvez jouer en toute s\u00e9curit\u00e9 en sachant que vos donn\u00e9es sont totalement s\u00e9curis\u00e9es et prot\u00e9g\u00e9es. Mieux encore, le casino est totalement r\u00e9glement\u00e9 et licenci\u00e9 par Cura\u00e7ao, vous pouvez donc vous asseoir et vous amuser!<\/p>\n<h2>Service Client<\/h2>\n<p>Le service client et l&#8217;assistance sont un autre domaine pris tr\u00e8s au s\u00e9rieux par Casinochan, et les joueurs peuvent acc\u00e9der \u00e0 l&#8217;aide et aux conseils d&#8217;experts 24 heures sur 24, 7 jours sur 7, le tout via l&#8217;option Live Chat sur le site.<\/p>\n<h2>Notre verdict<\/h2>\n<p>D&#8217;une offre de bienvenue impressionnante aux chances de gagner, Casinochan a des cordes tr\u00e8s impressionnantes \u00e0 son arc. Leur \u00e9toile semble vouloir continuer \u00e0 monter, et une foule des meilleurs jeux signifient qu&#8217;ils sont un excellent choix si vous cherchez un nouveau favori dans le monde des casinos \u00e0 faible d\u00e9p\u00f4t.<\/p>\n","protected":false},"excerpt":{"rendered":"<p>R\u00e9partition de la r\u00e9vision A premi\u00e8re vue, Casinochan peut sembler \u00eatre le nouvel enfant du quartier, ayant \u00e9t\u00e9 cr\u00e9\u00e9 en 2019. Un peu plus pr\u00e8s creuser, cependant, r\u00e9v\u00e8le qu&#8217;ils sont en fait une nouvelle incarnation de l&#8217;ancien site Betchan, et ont apport\u00e9 avec eux les comp\u00e9tences et l&#8217;exp\u00e9rience d\u00e9velopp\u00e9es depuis les ann\u00e9es d&#8217;exploitation sous ce [&hellip;]<\/p>\n","protected":false},"author":10,"featured_media":2997,"parent":16,"menu_order":0,"comment_status":"closed","ping_status":"closed","template":"page_review_card.php","meta":{"_acf_changed":false,"footnotes":""},"class_list":["post-2039","page","type-page","status-publish","has-post-thumbnail","hentry"],"acf":[],"_links":{"self":[{"href":"https:\/\/www.minimumdepositcasinos.org\/fr\/wp-json\/wp\/v2\/pages\/2039","targetHints":{"allow":["GET"]}}],"collection":[{"href":"https:\/\/www.minimumdepositcasinos.org\/fr\/wp-json\/wp\/v2\/pages"}],"about":[{"href":"https:\/\/www.minimumdepositcasinos.org\/fr\/wp-json\/wp\/v2\/types\/page"}],"author":[{"embeddable":true,"href":"https:\/\/www.minimumdepositcasinos.org\/fr\/wp-json\/wp\/v2\/users\/10"}],"replies":[{"embeddable":true,"href":"https:\/\/www.minimumdepositcasinos.org\/fr\/wp-json\/wp\/v2\/comments?post=2039"}],"version-history":[{"count":4,"href":"https:\/\/www.minimumdepositcasinos.org\/fr\/wp-json\/wp\/v2\/pages\/2039\/revisions"}],"predecessor-version":[{"id":3062,"href":"https:\/\/www.minimumdepositcasinos.org\/fr\/wp-json\/wp\/v2\/pages\/2039\/revisions\/3062"}],"up":[{"embeddable":true,"href":"https:\/\/www.minimumdepositcasinos.org\/fr\/wp-json\/wp\/v2\/pages\/16"}],"wp:featuredmedia":[{"embeddable":true,"href":"https:\/\/www.minimumdepositcasinos.org\/fr\/wp-json\/wp\/v2\/media\/2997"}],"wp:attachment":[{"href":"https:\/\/www.minimumdepositcasinos.org\/fr\/wp-json\/wp\/v2\/media?parent=2039"}],"curies":[{"name":"wp","href":"https:\/\/api.w.org\/{rel}","templated":true}]}}