{"id":2042,"date":"2019-11-25T11:06:50","date_gmt":"2019-11-25T11:06:50","guid":{"rendered":"https:\/\/www.minimumdepositcasinos.org\/fr\/?page_id=2042"},"modified":"2020-03-16T14:28:27","modified_gmt":"2020-03-16T14:28:27","slug":"casoo","status":"publish","type":"page","link":"https:\/\/www.minimumdepositcasinos.org\/fr\/revue-de-casino\/casoo\/","title":{"rendered":"Casoo Casino"},"content":{"rendered":"<h2>R\u00e9partition de la r\u00e9vision<\/h2>\n<p>Rejoignez la mascotte astronaute du casino o\u00f9 dans sa combinaison spatiale brillante, il est pr\u00eat \u00e0 vous rejoindre alors que vous recueillez les cristaux n\u00e9cessaires pour atteindre de nouveaux niveaux. Dans ce casino de Gamification, chaque nouveau niveau que vous atteignez vous apportera de grandes r\u00e9compenses de fid\u00e9lit\u00e9.<br \/>\nPour les nouveaux joueurs, Casoo dispose d&#8217;un Bonus de Bienvenue exceptionnel ! Suivez nos liens et rejoignez Casoo d\u00e8s aujourd&#8217;hui pour un bonus de 200% de d\u00e9p\u00f4t et 100 tours gratuits !<br \/>\nAvec son th\u00e8me futuriste, son ciel bleu et ses nuages duveteux, Casoo pr\u00e9sente un site tr\u00e8s informatif et facile \u00e0 utiliser qui vous permettra de sauter d&#8217;une plan\u00e8te \u00e0 l&#8217;autre tout en explorant les tr\u00e9sors, les r\u00e9compenses et les jeux de qualit\u00e9 sup\u00e9rieure disponibles pour vous.<\/p>\n<h2>Bonus et Promotions<\/h2>\n<p>En plus d&#8217;un bonus de bienvenue tr\u00e8s lucratif, le casino offre \u00e9galement d&#8217;excellentes promotions durant la semaine o\u00f9 des prix myst\u00e8re, des bonus de recharge de week-end et des tournois galactiques aideront les joueurs \u00e0 accumuler plus de gains.<\/p>\n<h3>&nbsp;Bonus de Bienvenue<\/h3>\n<p>En tant que nouveau joueur \u00e0 Casoo, vous serez ravi d&#8217;apprendre que le casino vous r\u00e9compensera avec un bonus sensationnel allant jusqu&#8217;\u00e0 $1000 et 200 tours gratuits!<br \/>\nFaites votre premier d\u00e9p\u00f4t et le casino vous r\u00e9compensera avec un bonus de 200% jusqu&#8217;\u00e0 $50 et 100 tours gratuits que vous pouvez utiliser avec Book of Dead. Pour votre second d\u00e9p\u00f4t, obtenez un bonus de 50% jusqu&#8217;\u00e0 $150 et 100 autres tours gratuits \u00e0 utiliser sur Starburst !<br \/>\nPour votre troisi\u00e8me d\u00e9p\u00f4t, obtenez un bonus de 25% jusqu&#8217;\u00e0 300$ et pour votre quatri\u00e8me d\u00e9p\u00f4t, un autre bonus de 25% jusqu&#8217;\u00e0 $500. Nous sommes s\u00fbrs que vous serez d&#8217;accord pour dire que 200 tours gratuits vaut la peine de s&#8217;exciter!<\/p>\n<h3>Autres Promotions<\/h3>\n<p>En plus d&#8217;un bonus tr\u00e8s accueillant pour les nouveaux joueurs, Casoo offre des promotions incroyables pour ses joueurs r\u00e9guliers. Chaque jour, le casino offre des prix myst\u00e9rieux \u00e0 tous les voyageurs de l&#8217;espace qui osent s&#8217;attaquer au myst\u00e9rieux, la meilleure fa\u00e7on de tirer le meilleur parti de vos jeux. Visitez la page des promotions et voyez quel est votre prix pour la journ\u00e9e, il y a plus de 500 prix myst\u00e8re diff\u00e9rents \u00e0 gagner !<br \/>\nSi vous avez l&#8217;impression d&#8217;\u00eatre \u00e0 court de jus, Casoo vous offre \u00e9galement un bonus de recharge pour le week-end. Chaque week-end, vous pouvez obtenir un bonus de 50% pour les d\u00e9p\u00f4ts jusqu&#8217;\u00e0 $200 et bien que le bonus soit assorti de restrictions de niveau de fid\u00e9lit\u00e9, il vaut la peine de rester et d&#8217;atteindre ces niveaux sup\u00e9rieurs car les r\u00e9compenses en valent la peine !<br \/>\nCasoo casino en ligne offre \u00e9galement des tournois passionnants tous les jours avec une cagnotte de 2000$ et, pour vos week-ends, une cagnotte de 5000$.<\/p>\n<h3>Exigences en mati\u00e8re de Play-through (Exigences en mati\u00e8re de mises)<\/h3>\n<p>L&#8217;exigence de mise chez Casoo est de 25 fois le bonus et le d\u00e9p\u00f4t tr\u00e8s raisonnable. Cela signifie que si vous avez accept\u00e9 le bonus de bienvenue du casino, avant de pouvoir retirer vos gains en esp\u00e8ces, vous devrez continuer \u00e0 jouer votre bonus et \u00e0 d\u00e9poser jusqu&#8217;\u00e0 ce que vous l&#8217;ayez mis\u00e9 \u00e0 nouveau vingt-cinq fois. Les tours gratuits ont une mise obligatoire de 35x.<\/p>\n<h3>VIP &amp; Fid\u00e9lit\u00e9<\/h3>\n<p>Casoo offre un Club de Fid\u00e9lit\u00e9 tr\u00e8s int\u00e9ressant et enrichissant. En participant, vous gagnerez des points, ou le pouvoir de cristal, pour obtenir beaucoup d&#8217;avantages et de b\u00e9n\u00e9fices \u00e9tonnants. Simplement en jouant \u00e0 vos <a href=\"\/fr\/jeux\/\">jeux de casino pr\u00e9f\u00e9r\u00e9s<\/a>, vous pourrez recharger vos cristaux, et quand le courant sera compl\u00e8tement charg\u00e9, vous pourrez voyager vers une nouvelle plan\u00e8te o\u00f9 les bonus et les cadeaux vous attendent !<br \/>\nL&#8217;univers de Casoo vous offre des tr\u00e9sors, des tours gratuits et de vrais cadeaux et commence votre voyage intergalactique au casino depuis Terravia, de l\u00e0 vous pourrez voyager vers une nouvelle plan\u00e8te o\u00f9 vous obtiendrez 10 tours gratuits. De l\u00e0, voyagez vers la troisi\u00e8me plan\u00e8te et d\u00e9couvrez ce qui vous attend \u00e0 votre arriv\u00e9e, c&#8217;est une surprise !<\/p>\n<h2>Comment Commencer \u00e0 Jouer<\/h2>\n<p>Pour vous inscrire au casino en ligne Casoo, cliquez sur le bouton &#8220;S&#8217;inscrire&#8221; sur le c\u00f4t\u00e9 droit du menu sup\u00e9rieur ou via les boutons &#8220;Cr\u00e9er un compte&#8221; que vous trouverez partout sur le site. Par la suite, vous serez conduit au formulaire d&#8217;inscription. Lorsque votre compte a \u00e9t\u00e9 valid\u00e9 et que vous avez re\u00e7u un code de validation par courriel, choisissez d&#8217;accepter le bonus de bienvenue et vous \u00eates pr\u00eat \u00e0 commencer \u00e0 jouer sur Casoo, votre casino Intergalactic.<\/p>\n<h2>Paiements<\/h2>\n<p>Les joueurs qui aiment un service de transaction transparent adoreront jouer au casino en ligne Casoo. Il existe de nombreuses options bancaires pour effectuer votre d\u00e9p\u00f4t et lorsque vous voulez retirer vos gains, le processus est rendu rapide et facile avec des m\u00e9thodes de retrait plus que suffisantes.<\/p>\n<h3>Modes de D\u00e9p\u00f4t<\/h3>\n<p>Pour rendre l&#8217;exp\u00e9rience cosmique du casino plus accessible aux joueurs de toute la galaxie, Casoo offre un large \u00e9ventail d&#8217;options de paiement. Il s&#8217;agit notamment des cartes de cr\u00e9dit et de d\u00e9bit, Visa, Mastercard et Maestro et des services de porte-monnaie \u00e9lectronique tels que Skrill, Ecopayz, Neteller, Yandex et plus encore. Casoo offre m\u00eame des d\u00e9p\u00f4ts avec cryptocurrency comme Bitcoin, Litecoin, Ethereum, Yandex, Qiwi, et Paykassa.<br \/>\nPour effectuer votre premier d\u00e9p\u00f4t, apr\u00e8s l&#8217;inscription, cliquez sur le bouton jaune &#8220;+&#8221; dans le menu en haut \u00e0 droite, cliquez sur le bouton de d\u00e9p\u00f4t et dans le menu d\u00e9roulant, s\u00e9lectionnez le <a href=\"\/fr\/options-dachat\/\">mode de paiement souhait\u00e9<\/a>, choisissez un montant et suivez les instructions. Pour les utilisateurs de casinos mobiles, cliquez sur l&#8217;ic\u00f4ne de caisse dans le coin sup\u00e9rieur droit de votre \u00e9cran, s\u00e9lectionnez la m\u00e9thode de paiement de votre choix et effectuez votre d\u00e9p\u00f4t rapidement et facilement.<\/p>\n<h3>D\u00e9p\u00f4ts Minimum et Maximum<\/h3>\n<p><a href=\"\/fr\/10e-de-depot-minimum\/\">Le d\u00e9p\u00f4t minimum 10$<\/a> \u00e0 Casoo et le maximum est de 1000$.<\/p>\n<h3>M\u00e9thodes et D\u00e9lais de Retrait<\/h3>\n<p>Vous pouvez retirer vos fonds en utilisant la m\u00eame m\u00e9thode que vous avez choisie pour votre d\u00e9p\u00f4t. Il y a un montant minimum de retrait de $20 et une limite de retrait de $4000 par jour.<br \/>\nPour les retraits en attente, les porte-monnaie \u00e9lectroniques prennent jusqu&#8217;\u00e0 24 heures, les virements bancaires entre 2 et 3 jours ouvrables, les cartes de cr\u00e9dit entre 4 et 5 jours ouvrables et les portefeuilles Bitcoin jusqu&#8217;\u00e0 24 heures. Il y a des frais de manutention de 2%, avec un minimum de 0,89$ ou l&#8217;\u00e9quivalent.<\/p>\n<h2>Jeux<\/h2>\n<p>Chez Casoo, vous trouverez tous les meilleurs jeux des fournisseurs les plus r\u00e9put\u00e9s. En fait, le portefeuille de cette plateforme supporte les versions de plus de 30 excellents <a href=\"\/fr\/logiciel\/\">d\u00e9veloppeurs de logiciels<\/a> comme BetSoft, Endorphina, Evolution, Habanero, ISoftBet, <a href=\"\/fr\/logiciel\/microgaming\/\">Microgaming<\/a>, PlaynGo et WorldMatch, mais il ya plus.<\/p>\n<h3>Machines \u00e0 Sous<\/h3>\n<p>Aliment\u00e9 par les plus grands noms de l&#8217;industrie et con\u00e7u pour tous les types de joueurs, les fans de <a href=\"https:\/\/www.minimumdepositcasinos.org\/fr\/jeux\/machines-a-sous\/\">machines \u00e0 sous<\/a> trouveront toujours quelque chose d&#8217;int\u00e9ressant dans leur catalogue de 3000 jeux. Chez Casoo, les meilleurs de tous les temps ne manquent pas, comme Bonanza, le Livre des Morts, l&#8217;Immortel Romance, Dead or Alive et bien d&#8217;autres.<br \/>\nSi vous cherchez \u00e0 jouer aux jeux Crypto les plus r\u00e9cents sur Internet, pourquoi ne pas essayer Moon Princess ou Book of Fortune, et pour Win Both Ways, Mermaid&#8217;s Millions et Crystal Queen feront monter votre adr\u00e9naline. En jouant aux machines \u00e0 sous qui paient de gauche \u00e0 droite et de droite \u00e0 gauche, vous pouvez gagner en bougeant dans les deux sens sur les rouleaux, vous donnant deux fois plus de chances de gagner un gros lot.<\/p>\n<h3>Jeux de Table<\/h3>\n<p>Casoo casino est \u00e9galement la maison \u00e0 des jeux de table et Video Poker. Ces types de jeux de casino n&#8217;ont pas leur propre cat\u00e9gorie, mais vous pouvez facilement les trouver si vous utilisez la fonction de recherche. Casoo offre aux amateurs de jeux de table les meilleurs titres tels que Oasis Poker, 3D Blackjack et Baccarat DeLuxe.<\/p>\n<h3>Jeux du Croupier en Direct<\/h3>\n<p>Vous trouverez une grande vari\u00e9t\u00e9 de jeux de table Live Dealer tels que Blackjack Live, Roulette Live et Baccarat Live h\u00e9berg\u00e9s par des fournisseurs tels que Evolution Gaming.<\/p>\n<h2>Mobile et Applications<\/h2>\n<p>Jouez \u00e0 un large choix de jeux de casino depuis votre mobile, et peu importe o\u00f9 vous \u00eates, \u00e0 quelle heure du jour ou de la nuit, vous aurez toujours acc\u00e8s \u00e0 vos jeux de casino favoris.<br \/>\nCasoo offre une interface totalement mobile. <a href=\"\/fr\/appareils\/\">Le casino mobile est accessible<\/a> depuis votre navigateur et les superbes graphismes ne changent pas, peu importe d&#8217;o\u00f9 vous jouez. L&#8217;interface du casino est tr\u00e8s facile \u00e0 utiliser et tous les \u00e9l\u00e9ments galactiques qui rendent ce lieu unique sont en place avec le jeu mobile.<br \/>\nLes joueurs peuvent acc\u00e9der au casino \u00e0 partir de leurs iPhones, <a href=\"\/fr\/appareils\/android\/\">appareils Android<\/a>, ordinateurs portables, tablettes ou <a href=\"\/fr\/appareils\/windows\/\">PC de bureau<\/a>.<\/p>\n<h2>&nbsp;S\u00e9curit\u00e9 et Licences<\/h2>\n<p>Casoo casino en ligne a \u00e9t\u00e9 fond\u00e9 en Janvier 2019. Le casino est poss\u00e9d\u00e9 et op\u00e9r\u00e9 par SG International N.V. bas\u00e9 au Royaume-Uni et ils sont licenci\u00e9s \u00e0 Cura\u00e7ao.<br \/>\nLe site Web utilise le cryptage SSL avanc\u00e9 et c&#8217;est votre garantie personnelle que vos informations resteront toujours en de bonnes mains et resteront imp\u00e9n\u00e9trables par des tiers.<\/p>\n<h2>&nbsp;Service client<\/h2>\n<p>Casoo offre un service d&#8217;assistance \u00e0 la client\u00e8le fiable et amical qui permet aux joueurs d&#8217;obtenir facilement de l&#8217;aide lorsqu&#8217;ils rencontrent un probl\u00e8me. Il y a trois fa\u00e7ons de vous connecter au casino : Contactez l&#8217;\u00e9quipe par chat en direct, disponible toute la semaine entre 10h00 et 00h00, ou appelez le +44 8451451700. Vous pouvez \u00e9galement envoyer un email \u00e0 help@casoo.com et vous recevrez une r\u00e9ponse dans quelques heures.<\/p>\n<h2>Notre Verdict<\/h2>\n<p>Casoo est la quintessence des casinos en ligne avec une biblioth\u00e8que \u00e9norme et vari\u00e9e de jeux de casino propuls\u00e9s par les meilleurs joueurs de l&#8217;industrie et en tant que nouveau joueur, vous ne pourriez souhaiter un meilleur bonus de bienvenue ! Rejoignez-nous d\u00e8s aujourd&#8217;hui et obtenez vos 200 Spins Gratuits. Si vous \u00eates \u00e0 la recherche d&#8217;une aventure passionnante et de tr\u00e9sors cosmiques, Casoo est l&#8217;endroit id\u00e9al et pour d&#8217;autres casinos de ce calibre, jetez un coup d&#8217;oeil \u00e0 nos pages pour plus de 10 casinos de d\u00e9p\u00f4t et 200 bonus de d\u00e9p\u00f4t.<\/p>\n","protected":false},"excerpt":{"rendered":"<p>R\u00e9partition de la r\u00e9vision Rejoignez la mascotte astronaute du casino o\u00f9 dans sa combinaison spatiale brillante, il est pr\u00eat \u00e0 vous rejoindre alors que vous recueillez les cristaux n\u00e9cessaires pour atteindre de nouveaux niveaux. Dans ce casino de Gamification, chaque nouveau niveau que vous atteignez vous apportera de grandes r\u00e9compenses de fid\u00e9lit\u00e9. Pour les nouveaux [&hellip;]<\/p>\n","protected":false},"author":10,"featured_media":3046,"parent":16,"menu_order":0,"comment_status":"closed","ping_status":"closed","template":"page_review_card.php","meta":{"_acf_changed":false,"footnotes":""},"class_list":["post-2042","page","type-page","status-publish","has-post-thumbnail","hentry"],"acf":[],"_links":{"self":[{"href":"https:\/\/www.minimumdepositcasinos.org\/fr\/wp-json\/wp\/v2\/pages\/2042","targetHints":{"allow":["GET"]}}],"collection":[{"href":"https:\/\/www.minimumdepositcasinos.org\/fr\/wp-json\/wp\/v2\/pages"}],"about":[{"href":"https:\/\/www.minimumdepositcasinos.org\/fr\/wp-json\/wp\/v2\/types\/page"}],"author":[{"embeddable":true,"href":"https:\/\/www.minimumdepositcasinos.org\/fr\/wp-json\/wp\/v2\/users\/10"}],"replies":[{"embeddable":true,"href":"https:\/\/www.minimumdepositcasinos.org\/fr\/wp-json\/wp\/v2\/comments?post=2042"}],"version-history":[{"count":5,"href":"https:\/\/www.minimumdepositcasinos.org\/fr\/wp-json\/wp\/v2\/pages\/2042\/revisions"}],"predecessor-version":[{"id":3560,"href":"https:\/\/www.minimumdepositcasinos.org\/fr\/wp-json\/wp\/v2\/pages\/2042\/revisions\/3560"}],"up":[{"embeddable":true,"href":"https:\/\/www.minimumdepositcasinos.org\/fr\/wp-json\/wp\/v2\/pages\/16"}],"wp:featuredmedia":[{"embeddable":true,"href":"https:\/\/www.minimumdepositcasinos.org\/fr\/wp-json\/wp\/v2\/media\/3046"}],"wp:attachment":[{"href":"https:\/\/www.minimumdepositcasinos.org\/fr\/wp-json\/wp\/v2\/media?parent=2042"}],"curies":[{"name":"wp","href":"https:\/\/api.w.org\/{rel}","templated":true}]}}