{"id":2048,"date":"2019-11-20T23:47:40","date_gmt":"2019-11-20T23:47:40","guid":{"rendered":"https:\/\/www.minimumdepositcasinos.org\/fr\/?page_id=2048"},"modified":"2019-11-20T23:47:42","modified_gmt":"2019-11-20T23:47:42","slug":"kto","status":"publish","type":"page","link":"https:\/\/www.minimumdepositcasinos.org\/fr\/revue-de-casino\/kto\/","title":{"rendered":"KTO Casino"},"content":{"rendered":"<p>Si vous n&#8217;avez pas entendu parler de KTO Casino, c&#8217;est probablement parce que c&#8217;est l&#8217;un des casinos en ligne les plus r\u00e9cents. Lanc\u00e9 en d\u00e9cembre 2018, KTO Casino est un casino et un bookmaker de sport bas\u00e9 \u00e0 Cura\u00e7ao. Il est dirig\u00e9 par un groupe d&#8217;anciens joueurs de casino ayant des dizaines d&#8217;ann\u00e9es d&#8217;exp\u00e9rience \u00e0 leur actif. C&#8217;est toujours une bonne nouvelle pour les joueurs, car cela signifie que l&#8217;\u00e9quipe sait exactement ce que vous recherchez et qu&#8217;elle vous le fournit en abondance. Il y a de tout, d&#8217;un bookmaker enti\u00e8rement \u00e9quip\u00e9 aux paris en direct et une liste impressionnante de <a href=\"https:\/\/www.minimumdepositcasinos.org\/fr\/logiciel\/\">fournisseurs de logiciels<\/a> de casino pour une vari\u00e9t\u00e9 sensationnelle de jeux de casino. Vous trouverez ici tous les meilleurs d\u00e9veloppeurs de logiciels, y compris NextGen Gaming, NetEnt, Booming Games, Orix, Elk Studios, Red Tiger, Apollo Games et plus. Cela signifie des centaines de machines \u00e0 sous, des jeux de croupiers en direct et des jeux de table pour profiter en m\u00eame temps que des parieurs impressionnants de paris sportifs. Les m\u00e9thodes de paiement sont certainement abondantes, et nous sommes heureux d&#8217;annoncer que les d\u00e9lais d&#8217;encaissement sont bel et bien conformes aux normes de l&#8217;industrie. Le site prend \u00e9galement en charge plusieurs devises et langues afin de rendre votre jeu aussi efficace et sans stress que possible, o\u00f9 que vous soyez dans le monde. L&#8217;\u00e9quipe d&#8217;assistance client\u00e8le est \u00e0 votre disposition quand vous en avez besoin et par le biais de plusieurs m\u00e9thodes de contact pratiques. Si vous avez eu envie d&#8217;un nouveau casino pour diversifier votre plaisir de jeu, KTO est une option d\u00e9cente. Il y a des bonus de bienvenue pour le casino et le bookmaker, et vous pouvez essayer chaque jeu &#8211; les machines \u00e0 sous, les tables, le Keno, le Bingo et m\u00eame les cartes \u00e0 gratter gratuitement avant de d\u00e9cider de faire un d\u00e9p\u00f4t. Si vous disposez d&#8217;un navigateur Web \u00e0 jour et d&#8217;Adobe Flash Player, tout ce que vous avez \u00e0 faire est de cliquer sur le bouton &#8220;Jouer gratuitement&#8221; lorsque vous survolez un jeu si vous souhaitez le consulter sans risquer d&#8217;argent r\u00e9el au pr\u00e9alable. Alors, KTO Casino a l&#8217;air plut\u00f4t excitant, n&#8217;est-ce pas ? Nous pensons que oui, c&#8217;est pourquoi nous l&#8217;avons mis \u00e0 l&#8217;\u00e9preuve pour vous apporter l&#8217;avis complet ci-dessous sur ce dernier casino en ligne.<\/p>\n<h2>Bonus et Promotions<\/h2>\n<p>Comme nous l&#8217;avons mentionn\u00e9, KTO Casino est tout nouveau dans le monde des casinos en ligne, ils n&#8217;ont donc pas encore de bonus ou de promotions. Si vous \u00eates un fan de r\u00e9compenses et de bonus, vous pourriez \u00eatre un peu d\u00e9\u00e7u en ce moment, mais gardez un \u0153il ouvert, ils pourraient bien ajouter beaucoup d&#8217;offres tr\u00e8s bient\u00f4t.<\/p>\n<p>Pour les nouveaux arrivants, cependant, il y a un bonus de 100% sur votre premier d\u00e9p\u00f4t, jusqu&#8217;\u00e0 100$ sur votre premier d\u00e9p\u00f4t. Cela peut sembler peu, mais c&#8217;est quand m\u00eame un excellent moyen d&#8217;augmenter votre bankroll initial. Rappelez-vous, vous pouvez d&#8217;abord essayer les jeux gratuitement, de toute fa\u00e7on, et puis une fois que vous \u00eates pr\u00eat \u00e0 faire un d\u00e9p\u00f4t, vous pouvez saisir le bonus de bienvenue et commencer \u00e0 jouer (et gagner) pour de l&#8217;argent r\u00e9el.<\/p>\n<p>Pour b\u00e9n\u00e9ficier du bonus de bienvenue, vous devez d\u00e9poser un minimum de $10. Bien que le casino indique que l&#8217;exigence de mise doit \u00eatre satisfaite dans les 30 jours suivant le d\u00e9p\u00f4t admissible, nous n&#8217;avons pas \u00e9t\u00e9 en mesure de trouver quel est le pourcentage de mise r\u00e9elle. Il est \u00e9galement int\u00e9ressant de noter que vous ne pouvez pas r\u00e9clamer le bonus de bienvenue du casino si vous avez d\u00e9j\u00e0 r\u00e9clam\u00e9 et utilis\u00e9 le bonus de sportsbook.<\/p>\n<p>De plus, vous pouvez utiliser vos fonds de bonus pour parier sur les machines \u00e0 sous afin de r\u00e9pondre aux exigences de mise. Cependant, certaines machines \u00e0 sous, jeux de casino en direct, vid\u00e9o poker, jeux de table, paris virtuels, roulette, <a href=\"\/fr\/jeux\/blackjack\/\">blackjack<\/a>, cartes \u00e0 gratter et baccarat ne contribuent pas aux exigences de jeu. Les gains maximum sur le bonus sont limit\u00e9s \u00e0 20 fois le montant du bonus.<\/p>\n<p>Pour les joueurs r\u00e9currents au KTO Casino, nous esp\u00e9rons voir des bonus r\u00e9guliers sur les d\u00e9p\u00f4ts, des tours gratuits, des bonus en cashback et d&#8217;autres offres attrayantes dans le futur. La plateforme n&#8217;a pas encore de programme de fid\u00e9lisation VIP, mais esp\u00e9rons que c&#8217;est quelque chose sur lequel ils travaillent.<\/p>\n<h2>Modes de Paiement<\/h2>\n<p>Lorsque vous effectuez des d\u00e9p\u00f4ts et des retraits vers et depuis votre compte joueur KTO, vous pouvez utiliser <a href=\"\/fr\/options-dachat\/\">les m\u00e9thodes de paiement les plus courantes<\/a>, notamment :<br \/>\n&#8211; En toute confiance<br \/>\n&#8211; <a href=\"\/fr\/options-dachat\/paysafecard\/\">Paysafecard<\/a><br \/>\n&#8211; Virement bancaire<br \/>\n&#8211; <a href=\"\/fr\/options-dachat\/visa\/\">Visa<\/a><br \/>\n&#8211; Comp\u00e9tence<br \/>\n&#8211; <a href=\"\/fr\/options-dachat\/mastercard\/\">MasterCard<\/a><br \/>\n&#8211; <a href=\"\/fr\/options-dachat\/neteller\/\">Neteller<\/a><br \/>\n&#8211; Entropay<br \/>\n&#8211; MuchBetter<br \/>\n&#8211; EcoPayz<br \/>\n&#8211; AstroPayTypically, a withdrawal request will be processed within 24-48 hours, provided you have verified your identity with the necessary documents.<\/p>\n<h2>Jeux<\/h2>\n<p>KTO Casino s&#8217;est associ\u00e9 \u00e0 plus de 35 fournisseurs de logiciels iGaming, ce qui signifie que vous \u00eates s\u00fbr de trouver <a href=\"\/fr\/jeux\/\">les meilleurs jeux<\/a> et une grande vari\u00e9t\u00e9 \u00e0 cela. Certains des fournisseurs de logiciels du KTO Casino sont des leaders de l&#8217;industrie, notamment <a href=\"\/fr\/logiciel\/microgaming\/\">Microgaming<\/a>, NextGen Gaming et NetEnt.<\/p>\n<p>Les amateurs de machines \u00e0 sous peuvent s&#8217;attendre \u00e0 d\u00e9couvrir quelques-uns des titres les plus passionnants et les plus captivants &#8211; plus de 1 500 d&#8217;entre eux. Parmi les titres \u00e0 savourer, mentionnons Berry Burst, Starburst, Thunderstruck et Game of Thrones.<\/p>\n<p>Il n&#8217;y a aucun doute qu&#8217;il y aura toujours quelque chose \u00e0 jouer au Casino en ligne KTO pour les joueurs de casino et les meilleurs sportifs. Pour les amateurs de paris, il y a toutes sortes de sports sur lesquels parier, y compris des sports virtuels, des tournois et des sports en direct.<\/p>\n<p>L&#8217;un des meilleurs avantages d&#8217;avoir autant de fournisseurs de logiciels \u00e0 bord, c&#8217;est que les joueurs s&#8217;attendent \u00e0 ce que de nouveaux fournisseurs et de nouveaux jeux soient ajout\u00e9s r\u00e9guli\u00e8rement. Il semble certainement que le KTO Casino ne s&#8217;arr\u00eatera devant rien pour vous offrir le meilleur du meilleur pour votre plaisir de jeu.<\/p>\n<p>sous et de machines \u00e0 sous vid\u00e9o, il y a un vaste choix de titres de vid\u00e9o poker et une large gamme de jeux de table traditionnels, y compris une vari\u00e9t\u00e9 de variantes pour le baccarat, le blackjack, la roulette et le <a href=\"https:\/\/www.minimumdepositcasinos.org\/fr\/jeux\/poker\/\">poker.<\/a><\/p>\n<p>KTO Casino propose \u00e9galement des jeux de bingo vid\u00e9o, des jeux de grattage, des jeux de loterie, des Darts 180 et du Keno.<\/p>\n<h3>Jeux en Direct<\/h3>\n<p>Si vous ne pouvez pas obtenir assez des frissons et des sons des jeux de concessionnaire en direct, vous \u00eates dans la chance. KTO Casino offre une gamme d\u00e9cente de jeux de casino de croupier en direct de d\u00e9veloppeurs de premier ordre comme NetEnt, Bet Construct et Evolution Gaming, entre autres.<\/p>\n<p>Les jeux en direct du croupier offrent une exp\u00e9rience de jeu encore plus grande. Vous pouvez jouer \u00e0 plusieurs tables contre un h\u00f4te de casino personnel qui fait tourner la roue ou distribue des cartes en temps r\u00e9el gr\u00e2ce au streaming HD en direct. Vous pouvez discuter avec votre revendeur tout en jouant et simplement vous asseoir et profiter de l&#8217;exp\u00e9rience en direct dans le confort de votre fauteuil pr\u00e9f\u00e9r\u00e9.<\/p>\n<h2>Casinos Mobiles<\/h2>\n<p>Bonne nouvelle pour les fans de <a href=\"https:\/\/www.minimumdepositcasinos.org\/fr\/appareils\/\">casinos mobiles<\/a>. Puisque ce casino fonctionne sur Adobe Flash, cela signifie que vous pouvez emporter avec vous des milliers de <a href=\"https:\/\/www.minimumdepositcasinos.org\/fr\/jeux\/machines-a-sous\/\">machines \u00e0 sous<\/a> et des jeux de table et de croupiers en direct partout o\u00f9 vous allez, pour que vous ne manquiez jamais l&#8217;excitation. Vous pouvez m\u00eame vous rendre dans la section sportsbook pour les r\u00e9sultats des matchs en temps r\u00e9el, les paris en direct et plus encore. Pour profiter des jeux de casino en d\u00e9placement, il vous suffit d&#8217;entrer dans le navigateur Web de votre appareil mobile, de vous connecter \u00e0 votre compte joueur et c&#8217;est parti. Vous pouvez \u00e9galement effectuer des d\u00e9p\u00f4ts, demander des retraits, obtenir votre bonus de bienvenue et contacter le service client\u00e8le via votre smartphone ou votre tablette.<\/p>\n<h2>S\u00e9curit\u00e9 et Licences<\/h2>\n<p>Actuellement, KTO Casino est sous licence et r\u00e9glement\u00e9 par la Malta Gaming Authority. Cela signifie que vous pouvez compter sur des jeux s\u00fbrs lorsque vous jouez \u00e0 ce nouveau casino en ligne. Bien qu&#8217;il n&#8217;y ait pas encore beaucoup d&#8217;informations disponibles sur la s\u00e9curit\u00e9 de KTO, en tant que casino appartenant \u00e0 un groupe de v\u00e9t\u00e9rans du jeu, nous ne doutons pas qu&#8217;ils utilisent une technologie de cryptage logiciel de premier ordre pour garder vos donn\u00e9es personnelles et bancaires en s\u00e9curit\u00e9 \u00e0 tout instant. Le casino est d\u00e9tenu et exploit\u00e9 par une soci\u00e9t\u00e9 appel\u00e9e Bravalla B.V., dont le si\u00e8ge est \u00e0 Cura\u00e7ao.<\/p>\n<p>Le casino utilise \u00e9galement un g\u00e9n\u00e9rateur de nombres al\u00e9atoires pour garantir des r\u00e9sultats \u00e9quitables pour chaque jeu.<\/p>\n<p>De plus, KTO Casino est un grand sp\u00e9cialiste du jeu responsable et il y a une section enti\u00e8re avec les coordonn\u00e9es des organisations d&#8217;aide, si vous avez besoin d&#8217;aide.<\/p>\n<h2>Service client<\/h2>\n<p>KTO Casino offre un service d&#8217;assistance \u00e0 la client\u00e8le 24 heures sur 24. L&#8217;\u00e9quipe de repr\u00e9sentants est professionnelle et bien form\u00e9e, vous pouvez donc demander du soutien, de l&#8217;aide ou des \u00e9claircissements chaque fois que vous rencontrez un probl\u00e8me ou que vous souhaitez faire un commentaire.<\/p>\n<p>Il y a deux fa\u00e7ons principales d&#8217;entrer en contact avec l&#8217;\u00e9quipe d&#8217;assistance client\u00e8le, mais avant de le faire, assurez-vous de jeter un coup d&#8217;oeil \u00e0 la section FAQ du casino, o\u00f9 vous pourrez peut-\u00eatre trouver ce que vous cherchez. Si ce n&#8217;est pas le cas, vous pouvez envoyer un courriel \u00e0 l&#8217;\u00e9quipe de soutien ou utiliser la fonction de clavardage en direct qui s&#8217;est av\u00e9r\u00e9e rapide et efficace. \u00c0 l&#8217;heure actuelle, les services de soutien sont offerts en anglais et en portugais.<\/p>\n<h2>Verdict<\/h2>\n<p>Le Casino KTO est audacieux et \u00e9l\u00e9gant. Il se vante d&#8217;un fond sombre et d&#8217;une palette de couleurs rouges qui s&#8217;\u00e9tend sur toute la plate-forme. C&#8217;est ce qui diff\u00e9rencie KTO des autres casinos et plateformes de paris sportifs. Le meilleur de tous, c&#8217;est que le site est super-facile et simple \u00e0 naviguer. C&#8217;est l&#8217;aspect et la sensation d&#8217;ensemble qui distinguent non seulement la plate-forme, mais aussi l&#8217;ambiance pour un gameplay excitant d\u00e8s que vous vous connectez.<br \/>\nVous trouverez un menu de navigation simple tout en haut de la page d&#8217;accueil. Cela rend la navigation rapide et facile. Il vous permet \u00e9galement de choisir votre jeu pr\u00e9f\u00e9r\u00e9 afin que vous puissiez entrer directement dans l&#8217;action. D\u00e9filez vers le bas de la page principale et vous trouverez les bonus de bienvenue pour le casino et le bookmaker. Vous y trouverez \u00e9galement les cat\u00e9gories de jeux et quelques autres liens rapides.<\/p>\n<p>Il est ind\u00e9niable que ce nouveau casino en ligne a beaucoup \u00e0 offrir en termes de divertissement et une exp\u00e9rience de jeu exceptionnelle. Chez KTO, vous trouverez une magnifique s\u00e9lection de machines \u00e0 sous, de jeux de table, de jeux en direct et de jeux occasionnels des d\u00e9veloppeurs les plus populaires sur le march\u00e9. Les m\u00e9thodes de paiement sont vari\u00e9es et faciles \u00e0 utiliser et le support client est efficace et convivial.<\/p>\n<p>Nous sommes vraiment impatients de voir ce casino en ligne prosp\u00e9rer. Nous esp\u00e9rons qu&#8217;ils ajouteront d&#8217;autres bonus et promotions \u00e0 l&#8217;avenir, et peut-\u00eatre aussi un programme de fid\u00e9lit\u00e9, car avec autant de jeux propos\u00e9s, nous pr\u00e9voyons d&#8217;y jouer souvent.<\/p>\n<p>N&#8217;est-il pas temps d&#8217;essayer le KTO Casino par vous-m\u00eame ? Recevez votre bonus de bienvenue de 100% et commencez \u00e0 jouer d\u00e8s aujourd&#8217;hui!<\/p>\n","protected":false},"excerpt":{"rendered":"<p>Si vous n&#8217;avez pas entendu parler de KTO Casino, c&#8217;est probablement parce que c&#8217;est l&#8217;un des casinos en ligne les plus r\u00e9cents. Lanc\u00e9 en d\u00e9cembre 2018, KTO Casino est un casino et un bookmaker de sport bas\u00e9 \u00e0 Cura\u00e7ao. Il est dirig\u00e9 par un groupe d&#8217;anciens joueurs de casino ayant des dizaines d&#8217;ann\u00e9es d&#8217;exp\u00e9rience \u00e0 [&hellip;]<\/p>\n","protected":false},"author":10,"featured_media":2994,"parent":16,"menu_order":0,"comment_status":"closed","ping_status":"closed","template":"page_review_card.php","meta":{"_acf_changed":false,"footnotes":""},"class_list":["post-2048","page","type-page","status-publish","has-post-thumbnail","hentry"],"acf":[],"_links":{"self":[{"href":"https:\/\/www.minimumdepositcasinos.org\/fr\/wp-json\/wp\/v2\/pages\/2048","targetHints":{"allow":["GET"]}}],"collection":[{"href":"https:\/\/www.minimumdepositcasinos.org\/fr\/wp-json\/wp\/v2\/pages"}],"about":[{"href":"https:\/\/www.minimumdepositcasinos.org\/fr\/wp-json\/wp\/v2\/types\/page"}],"author":[{"embeddable":true,"href":"https:\/\/www.minimumdepositcasinos.org\/fr\/wp-json\/wp\/v2\/users\/10"}],"replies":[{"embeddable":true,"href":"https:\/\/www.minimumdepositcasinos.org\/fr\/wp-json\/wp\/v2\/comments?post=2048"}],"version-history":[{"count":10,"href":"https:\/\/www.minimumdepositcasinos.org\/fr\/wp-json\/wp\/v2\/pages\/2048\/revisions"}],"predecessor-version":[{"id":3044,"href":"https:\/\/www.minimumdepositcasinos.org\/fr\/wp-json\/wp\/v2\/pages\/2048\/revisions\/3044"}],"up":[{"embeddable":true,"href":"https:\/\/www.minimumdepositcasinos.org\/fr\/wp-json\/wp\/v2\/pages\/16"}],"wp:featuredmedia":[{"embeddable":true,"href":"https:\/\/www.minimumdepositcasinos.org\/fr\/wp-json\/wp\/v2\/media\/2994"}],"wp:attachment":[{"href":"https:\/\/www.minimumdepositcasinos.org\/fr\/wp-json\/wp\/v2\/media?parent=2048"}],"curies":[{"name":"wp","href":"https:\/\/api.w.org\/{rel}","templated":true}]}}