{"id":2050,"date":"2019-11-20T14:39:29","date_gmt":"2019-11-20T14:39:29","guid":{"rendered":"https:\/\/www.minimumdepositcasinos.org\/fr\/?page_id=2050"},"modified":"2019-11-20T14:39:30","modified_gmt":"2019-11-20T14:39:30","slug":"night-rush","status":"publish","type":"page","link":"https:\/\/www.minimumdepositcasinos.org\/fr\/revue-de-casino\/night-rush\/","title":{"rendered":"NightRush"},"content":{"rendered":"<h2>R\u00e9partition de la R\u00e9vision<\/h2>\n<p>Brillant leur lumi\u00e8re depuis 2017, NightRush a imm\u00e9diatement captiv\u00e9 le monde des jeux en ligne avec son site Web tr\u00e8s invitant et unique. Dispers\u00e9s parmi les bleus et les jaunes, des personnages de dessins anim\u00e9s jouent \u00e0 leurs jeux de casino pr\u00e9f\u00e9r\u00e9s tout au long de la nuit et cela met en sc\u00e8ne la devise du casino, quand le soleil se couche, la magie s&#8217;anime! NightRush dispose m\u00eame d&#8217;un compte \u00e0 rebours avant le coucher du soleil, mais nous pensons que le casino est super pour jouer de jour comme de nuit.<br \/>\nIl n&#8217;est pas surprenant que ce casino qui est exploit\u00e9 par le Bethard Group, la soci\u00e9t\u00e9 qui exploite des dizaines d&#8217;autres casinos en ligne tr\u00e8s r\u00e9ussie. Le site bourdonne d&#8217;\u00e9nergie et la plateforme offre non seulement des centaines des derniers jeux de casino disponibles aujourd&#8217;hui, mais aussi des milliers de possibilit\u00e9s de paris sportifs.<br \/>\nBien que le casino puisse \u00eatre nouveau, leur forfait de bienvenue pour les nouveaux joueurs offre un grand bonus jusqu&#8217;\u00e0 $1000 sur quatre d\u00e9p\u00f4ts, et pour les joueurs existants, il ya des tonnes de promotions g\u00e9n\u00e9reuses, tant pour leur bookmaker et casino en ligne.<\/p>\n<h2>Bonus et Promotions<\/h2>\n<p>Sur NightRush, en tant que nouveau joueur, vous commencez votre aventure de casino color\u00e9e et palpitante avec un g\u00e9n\u00e9reux bonus de bienvenue r\u00e9parti sur quatre d\u00e9p\u00f4ts. Lorsque votre bonus est \u00e9puis\u00e9 et que vos gains sont convertis en esp\u00e8ces retirables, l&#8217;action se poursuit avec des dizaines de promotions attrayantes pour les joueurs existants.<\/p>\n<h3>Bonus de Bienvenue<\/h3>\n<p>En tant que nouveau joueur, rendez-vous au casino en suivant nos liens et mettez la main sur un fantastique forfait de bienvenue d&#8217;une valeur allant jusqu&#8217;\u00e0 1000 $.<br \/>\nPour votre premier d\u00e9p\u00f4t, vous recevrez un bonus de 100% jusqu&#8217;\u00e0 100$.<br \/>\nVotre second d\u00e9p\u00f4t vous donnera un bonus suppl\u00e9mentaire de 75% jusqu&#8217;\u00e0 150$.<br \/>\nSur votre troisi\u00e8me d\u00e9p\u00f4t, voyez votre argent s&#8217;allonger avec un bonus de 50% jusqu&#8217;\u00e0 250$.<br \/>\nPour le quatri\u00e8me d\u00e9p\u00f4t, le casino vous r\u00e9compensera encore une fois avec un bonus de 25% jusqu&#8217;\u00e0 500$.<\/p>\n<h3>\u00a0Autres Promotions<\/h3>\n<p>Il y a le d\u00e9fi du <a href=\"\/fr\/jeux\/blackjack\/\">Blackjack<\/a> en direct o\u00f9 celui qui gagne les cinq premi\u00e8res mains de la journ\u00e9e re\u00e7oit 100$ ! Pour les amateurs de machines \u00e0 sous, le casino devient sexy le jeudi avec les jeudis Cashback, et si vous jouez aux machines \u00e0 sous et que vous en perdez, le casino vous redonnera 10% sur tous les jeux de machines. Pour les week-ends, le casino r\u00e9compense ses joueurs avec un Bonus de Recharge de 30% jusqu&#8217;\u00e0 $250.<\/p>\n<h3>\u00a0Exigences en mati\u00e8re de Play-through (Exigences en mati\u00e8re de mises)<\/h3>\n<p>Une fois que les fonds du bonus ont \u00e9t\u00e9 d\u00e9pos\u00e9s sur votre compte, vous devrez remplir toutes les conditions de mise de 45 fois le bonus dans les trois jours. Vous pouvez le faire en jouant 100% des machines \u00e0 sous, des machines \u00e0 sous vid\u00e9o et toutes les cartes \u00e0 gratter.<\/p>\n<h3>VIP &amp; Fid\u00e9lit\u00e9<\/h3>\n<p>NightRush n&#8217;offre pas encore de programme VIP traditionnel ou de programme de r\u00e9compenses de fid\u00e9lit\u00e9, mais le casino met toutes ses offres et r\u00e9compenses \u00e0 la disposition de tous les joueurs sans restriction. Cela signifie qu&#8217;en tant que joueur de NightRush, vous pouvez profiter de toutes les promotions telles que les bonus de recharge du week-end, la promo de la machine \u00e0 sous de la semaine, diverses remises en esp\u00e8ces, ainsi que des promotions exclusives sur mesure envoy\u00e9es directement aux e-mails des joueurs.<\/p>\n<h2>Comment Commencer \u00e0 Jouer<\/h2>\n<p>L&#8217;ouverture d&#8217;un compte chez NightRush a \u00e9t\u00e9 rendue rapide et facile gr\u00e2ce \u00e0 un processus simple, intuitif et direct. Pour demander un compte, cliquez sur l&#8217;un des boutons &#8220;Ouvrir un compte&#8221; du site, remplissez vos coordonn\u00e9es sur le formulaire de demande et le casino v\u00e9rifiera vos coordonn\u00e9es imm\u00e9diatement.<br \/>\nSurveillez votre bo\u00eete de e-mail pour la confirmation de votre compte et connectez-vous et d\u00e8s que vous avez ces informations, vous pouvez effectuer votre <a href=\"\/fr\/20e-de-depot-minimum\/\">d\u00e9p\u00f4t minimum de 20$<\/a> pour d\u00e9clencher le Bonus de Bienvenue ou 10$ si vous avez juste envie de jouer sans opter pour le bonus.<\/p>\n<h2>Paiements<\/h2>\n<p>NightRush offre aux joueurs plusieurs devises majeures qu&#8217;ils peuvent utiliser pour d\u00e9poser et retirer, et en plus de l&#8217;EUR et du USD standard, d&#8217;autres devises incluent le CAD, le NZD, le NOK, le SEK et le CHF.<\/p>\n<h3>Modes de D\u00e9p\u00f4t<\/h3>\n<p>Lorsque vous \u00eates pr\u00eat \u00e0 effectuer votre d\u00e9p\u00f4t, vous pouvez utiliser les cartes de d\u00e9bit et de cr\u00e9dit traditionnelles telles que VISA et Mastercard ou bien alimenter votre compte avec un certain nombre de m\u00e9thodes populaires et largement accept\u00e9es comme Trustly, <a href=\"https:\/\/www.minimumdepositcasinos.org\/fr\/options-dachat\/paysafecard\/\">Paysafecard<\/a>, Skrill, Neteller et Zimpler. La plupart des modes de paiement sont offerts sans frais, Visa et <a href=\"https:\/\/www.minimumdepositcasinos.org\/fr\/options-dachat\/mastercard\/\">MasterCard<\/a> \u00e9tant la seule exception \u00e0 la r\u00e8gle avec des frais de 2,5 %.<br \/>\nLe site est prot\u00e9g\u00e9 par la technologie de cryptage num\u00e9rique SSL la plus avanc\u00e9e afin que vous puissiez \u00eatre assur\u00e9 que tous vos d\u00e9tails personnels et financiers sont en s\u00e9curit\u00e9 avec le casino.<\/p>\n<h3>D\u00e9p\u00f4ts Minimum et Maximum<\/h3>\n<p>Le d\u00e9p\u00f4t minimum pour d\u00e9clencher le Bonus de Bienvenue est de $20 et le d\u00e9p\u00f4t maximum varie de $100 \u00e0 $500.<\/p>\n<h3>M\u00e9thodes et D\u00e9lais de Retrait<\/h3>\n<p>NightRush offre des retraits rapides et fiables avec un minimum de d\u00e9lai afin que les joueurs puissent avoir leurs gains d\u00e8s qu&#8217;ils le souhaitent. Lorsque vous \u00eates pr\u00eat \u00e0 retirer vos fonds, s\u00e9lectionnez l&#8217;option de menu &#8220;Retirer&#8221; dans la section &#8220;Compte&#8221;, pr\u00e9cisez le montant et la m\u00e9thode de retrait et cliquez sur &#8220;Retirer&#8221;, rien de plus simple !<br \/>\nIl y a certains documents dont le casino aura besoin de votre part car il a besoin pour examiner la documentation de v\u00e9rification dans le cadre de sa licence de jeu. Mais d\u00e8s que ce sera fait, votre retrait prendra environ 24 heures pour \u00eatre complet. Cependant, le temps n\u00e9cessaire pour que le montant r\u00e9el soit cr\u00e9dit\u00e9 sur votre compte de paiement d\u00e9pend en grande partie du fournisseur de paiement concern\u00e9. Par exemple, les transferts d&#8217;argent vers votre carte de cr\u00e9dit peuvent prendre jusqu&#8217;\u00e0 5 jours et tous les transferts bancaires peuvent prendre entre 5 et 7 jours.<br \/>\nLe <a href=\"\/fr\/options-dachat\/\">mode de paiement<\/a> que vous pouvez utiliser pour retirer vos fonds ne peut \u00eatre effectu\u00e9 que sur la m\u00eame carte ou le m\u00eame compte que celui que vous avez utilis\u00e9 pour effectuer un d\u00e9p\u00f4t initial.<\/p>\n<h2>Jeux<\/h2>\n<p>Le casino offre une s\u00e9lection de premi\u00e8re classe de tous les favoris comme les machines \u00e0 sous, <a href=\"\/fr\/jeux\/roulette\/\">Roulette<\/a>, Blackjack, Baccarat, Poker et Video Poker. Il y a aussi un casino Live Dealer o\u00f9 les joueurs peuvent profiter d&#8217;une ambiance authentique et en direct. Le casino en direct est diffus\u00e9 en streaming en Haute D\u00e9finition \u00e0 partir d&#8217;un emplacement hors site et dans le confort de leur foyer, les joueurs peuvent interagir avec le croupier et regarder toute l&#8217;action au fur et \u00e0 mesure de son d\u00e9roulement.<br \/>\nIl y a des centaines de machines \u00e0 sous de chaque th\u00e8me, style et description, et avec des jeux cr\u00e9\u00e9s par des soci\u00e9t\u00e9s telles que Netent, Microgaming, Quickspin, NextGen et beaucoup plus, NightRush est s\u00fbr de captiver votre attention.<br \/>\nNightRush offre pr\u00e8s de 700 <a href=\"\/fr\/jeux\/\">jeux de qualit\u00e9<\/a> sup\u00e9rieure qui peuvent \u00eatre jou\u00e9s sur ordinateur de bureau ou portable ainsi que sur les plates-formes Android et iOS.<\/p>\n<h3>Machine \u00e0 Sous<\/h3>\n<p>Les <a href=\"https:\/\/www.minimumdepositcasinos.org\/fr\/jeux\/machines-a-sous\/\">machines \u00e0 sous<\/a> sont de loin le type de jeu de casino le plus populaire et NightRush Casino s&#8217;est assur\u00e9 que ses joueurs ne manqueront pas de nouveaux titres pour jouer. Il y a litt\u00e9ralement des centaines de superbes machines \u00e0 sous couvrant tous les types de go\u00fbts possibles. Vous y trouverez des classiques de tous les temps comme Starburst, Gonzo&#8217;s Quest et Terminator 2 et des titres plus populaires comme Planet of the Apes and Finn et The Twirly Spin. Si vous aimez jouer aux machines \u00e0 sous, NightRush ne vous laissera pas tomber !<\/p>\n<h3>Jeux de Table<\/h3>\n<p>Le casino dispose d&#8217;une s\u00e9lection tr\u00e8s solide de jeux de vid\u00e9o poker populaires comme Jacks or Better, Deuces Wild, et Aces &amp; Faces. Les amateurs de jeux de table trouveront \u00e0 peu pr\u00e8s tout ce que vous vous attendez \u00e0 trouver dans un casino de premi\u00e8re classe. Jouez \u00e0 plusieurs versions de Roulette comme europ\u00e9enne, fran\u00e7aise et am\u00e9ricaine ou visez 21 avec le Blackjack. Vous trouverez \u00e9galement d&#8217;autres jeux <a href=\"\/fr\/jeux\/poker\/\">populaires comme Poker<\/a>, Baccarat, Casino Hold&#8217;em, et craps.<\/p>\n<h3>Jeux du Croupier en Direct<\/h3>\n<p>Les jeux Live Dealer impressionneront les joueurs de casino qui appr\u00e9cient l&#8217;exp\u00e9rience authentique et r\u00e9elle du casino dans le confort de leur foyer. D\u00e9tendez-vous et profitez pendant des heures des heures de Live Roulette, Live Blackjack, Live Baccarat, Live Three Card Poker, Live Ultimate Texas Hold&#8217;em et de nombreux autres classiques et modernes comme Live Football Studio et Live Deal ou No Deal .<\/p>\n<h2>Mobile et Applications<\/h2>\n<p>Les joueurs mobiles peuvent acc\u00e9der au casino mobile NightRush via le site Web optimis\u00e9. Il n&#8217;y a pas encore d&#8217;applications <a href=\"https:\/\/www.minimumdepositcasinos.org\/fr\/appareils\/android\/\">Android<\/a> ou iOS d\u00e9di\u00e9es mais le casino mobile offre 300 options telles que des machines \u00e0 sous, des jeux de table et des jeux de donneur en direct.<\/p>\n<h2>S\u00e9curit\u00e9 et Licences<\/h2>\n<p>NightRush sont autoris\u00e9s et r\u00e9glement\u00e9s par la Malta Gaming Authority et disposent de la technologie de cryptage SSL de la plus haute qualit\u00e9. Tous leurs logiciels ont pass\u00e9 des tests de s\u00e9curit\u00e9 m\u00e9ticuleux et les informations personnelles et financi\u00e8res de tous leurs joueurs sont prot\u00e9g\u00e9es par l&#8217;un des services de cryptage Secure Socket Layer les plus puissants du march\u00e9. Le casino utilise \u00e9galement un g\u00e9n\u00e9rateur de nombres al\u00e9atoires pour assurer l&#8217;\u00e9quit\u00e9 des jeux de casino du site.<\/p>\n<h2>Service Client<\/h2>\n<p>Si vous avez besoin de l&#8217;aide d&#8217;un employ\u00e9 de soutien, le casino a mis \u00e0 votre disposition sa bo\u00eete de clavardage en direct 24 heures sur 24, 7 jours sur 7, toute l&#8217;ann\u00e9e. Vous pouvez \u00e9galement remplir le formulaire de contact sur le site pour des r\u00e9ponses rapides. Il n&#8217;y a pas de num\u00e9ro de t\u00e9l\u00e9phone disponible, mais avec une bo\u00eete de chat en direct, ce n&#8217;est pas n\u00e9cessaire.<\/p>\n<h2>Notre Verdict<\/h2>\n<p>Nightrush est un nouveau casino en ligne qui inclut de nombreuses fonctionnalit\u00e9s qui vous permettront de vous divertir pendant des jours. La collection de jeux de casino est impressionnante et comme ils sont aliment\u00e9s par certains des meilleurs fournisseurs de l&#8217;industrie, y compris NetEnt, Quickspin et <a href=\"\/fr\/logiciel\/microgaming\/\">Microgaming<\/a>, si vous recherchez un grand divertissement et des jeux de casino haut de gamme, c&#8217;est \u00e7a !<\/p>\n","protected":false},"excerpt":{"rendered":"<p>R\u00e9partition de la R\u00e9vision Brillant leur lumi\u00e8re depuis 2017, NightRush a imm\u00e9diatement captiv\u00e9 le monde des jeux en ligne avec son site Web tr\u00e8s invitant et unique. Dispers\u00e9s parmi les bleus et les jaunes, des personnages de dessins anim\u00e9s jouent \u00e0 leurs jeux de casino pr\u00e9f\u00e9r\u00e9s tout au long de la nuit et cela met [&hellip;]<\/p>\n","protected":false},"author":10,"featured_media":2998,"parent":16,"menu_order":0,"comment_status":"closed","ping_status":"closed","template":"page_review_card.php","meta":{"_acf_changed":false,"footnotes":""},"class_list":["post-2050","page","type-page","status-publish","has-post-thumbnail","hentry"],"acf":[],"_links":{"self":[{"href":"https:\/\/www.minimumdepositcasinos.org\/fr\/wp-json\/wp\/v2\/pages\/2050","targetHints":{"allow":["GET"]}}],"collection":[{"href":"https:\/\/www.minimumdepositcasinos.org\/fr\/wp-json\/wp\/v2\/pages"}],"about":[{"href":"https:\/\/www.minimumdepositcasinos.org\/fr\/wp-json\/wp\/v2\/types\/page"}],"author":[{"embeddable":true,"href":"https:\/\/www.minimumdepositcasinos.org\/fr\/wp-json\/wp\/v2\/users\/10"}],"replies":[{"embeddable":true,"href":"https:\/\/www.minimumdepositcasinos.org\/fr\/wp-json\/wp\/v2\/comments?post=2050"}],"version-history":[{"count":10,"href":"https:\/\/www.minimumdepositcasinos.org\/fr\/wp-json\/wp\/v2\/pages\/2050\/revisions"}],"predecessor-version":[{"id":3028,"href":"https:\/\/www.minimumdepositcasinos.org\/fr\/wp-json\/wp\/v2\/pages\/2050\/revisions\/3028"}],"up":[{"embeddable":true,"href":"https:\/\/www.minimumdepositcasinos.org\/fr\/wp-json\/wp\/v2\/pages\/16"}],"wp:featuredmedia":[{"embeddable":true,"href":"https:\/\/www.minimumdepositcasinos.org\/fr\/wp-json\/wp\/v2\/media\/2998"}],"wp:attachment":[{"href":"https:\/\/www.minimumdepositcasinos.org\/fr\/wp-json\/wp\/v2\/media?parent=2050"}],"curies":[{"name":"wp","href":"https:\/\/api.w.org\/{rel}","templated":true}]}}