{"id":2054,"date":"2019-11-25T12:34:20","date_gmt":"2019-11-25T12:34:20","guid":{"rendered":"https:\/\/www.minimumdepositcasinos.org\/fr\/?page_id=2054"},"modified":"2019-11-25T12:34:21","modified_gmt":"2019-11-25T12:34:21","slug":"shadowbet","status":"publish","type":"page","link":"https:\/\/www.minimumdepositcasinos.org\/fr\/revue-de-casino\/shadowbet\/","title":{"rendered":"Shadowbet"},"content":{"rendered":"<h2>R\u00e9partition de la r\u00e9vision<\/h2>\n<p>Lorsqu&#8217;il s&#8217;agit de certains des meilleurs titres des plus grands fournisseurs sur le march\u00e9, Shadowbet s&#8217;est assur\u00e9 qu&#8217;ils sont une force s\u00e9rieuse \u00e0 prendre en compte. Leurs bailleurs de fonds incluent <a href=\"https:\/\/www.minimumdepositcasinos.org\/fr\/logiciel\/microgaming\/\">Microgaming<\/a>, NetEnt, BetSoft et Elk Studios, et cet \u00e9ventail impressionnant signifie qu&#8217;ils sont en mesure d&#8217;offrir une impressionnante biblioth\u00e8que de jeux \u00e0 leurs joueurs. Mieux encore, ceci est combin\u00e9 \u00e0 une offre incroyable de 100% de d\u00e9p\u00f4t correspondant \u00e0 100$ de tours gratuits avec le premier d\u00e9p\u00f4t, ce qui signifie que Shadowbet est un excellent choix de casino \u00e0 10 d\u00e9p\u00f4ts pour ceux qui recherchent une offre de casino \u00e9l\u00e9gante et sophistiqu\u00e9e.<\/p>\n<h2>Bonus et Promotions<\/h2>\n<p>Tous les casinos ont quelques \u00e9l\u00e9ments absolument essentiels qui doivent \u00eatre pris en consid\u00e9ration lorsque les clients font leur choix, et l&#8217;un d&#8217;entre eux est les offres de bonus et les offres promotionnelles qui sont disponibles. Celles-ci ont deux objectifs principaux : aider \u00e0 conqu\u00e9rir de nouveaux clients et \u00e0 inciter les joueurs \u00e0 essayer le casino, et aider les joueurs fid\u00e8les \u00e0 se sentir comme si leur engagement et leur fid\u00e9lit\u00e9 au site est reconnu et r\u00e9compens\u00e9.<\/p>\n<h3>Bonus de Bienvenue<\/h3>\n<p>L&#8217;un des facteurs majeurs pour tout casino est, bien s\u00fbr, le bonus de bienvenue qu&#8217;il offre aux nouveaux joueurs. C&#8217;est l&#8217;occasion pour les clients potentiels d&#8217;\u00e9valuer vraiment le site et d&#8217;avoir une bonne id\u00e9e de ce qui est offert, en explorant leur gamme de jeux, la g\u00e9n\u00e9rosit\u00e9 de leurs offres et l&#8217;esth\u00e9tique et l&#8217;ambiance g\u00e9n\u00e9rale du site. Pour ces raisons, il est crucial que ce soit l&#8217;un des \u00e9l\u00e9ments que le casino a vraiment raison; il n&#8217;y a qu&#8217;une seule occasion de faire une bonne premi\u00e8re impression!<\/p>\n<p>Pour les clients, une bonne offre de bienvenue est aussi l&#8217;occasion d&#8217;augmenter le solde de leur compte, sans avoir \u00e0 d\u00e9penser trop de leur propre argent sur un d\u00e9p\u00f4t. Au lieu de cela, ils chercheront des offres qui leur permettront d&#8217;\u00e9galer leur argent ou de profiter d&#8217;un tour gratuit &#8211; deux attraits massifs pour les nouveaux joueurs.<\/p>\n<p>Shadowbet simplifie les choses en proposant un bonus de d\u00e9p\u00f4t de 100% jusqu&#8217;\u00e0 100$ et 100 tours gratuits \u00e0 d\u00e9penser sur les titres les plus populaires : Book of the Dead et Royal Masquerade. Il s&#8217;agit d&#8217;une offre attrayante, et il ne fait aucun doute que les <a href=\"https:\/\/www.minimumdepositcasinos.org\/fr\/tours-gratuits\/\">tours gratuits<\/a> sont tr\u00e8s recherch\u00e9s quand il s&#8217;agit de r\u00e9compenses de casino; ils offrent une occasion id\u00e9ale pour recharger le solde de votre compte avec les gains des tours, et il n&#8217;est pas n\u00e9cessaire de d\u00e9penser trop d&#8217;argent durement gagn\u00e9. Ils peuvent \u00e9galement \u00eatre une grande chance d&#8217;essayer certains des titres les plus populaires \u00e0 un rabais s\u00e9rieux, et c&#8217;est un appel pour ceux qui suivent la derni\u00e8re tendance.<\/p>\n<h3>Autres Promotions<\/h3>\n<p>Une fois que vous avez travaill\u00e9 votre chemin \u00e0 travers les freebies, les joueurs seront heureux de trouver toute une s\u00e9rie d&#8217;offres et de promotions suppl\u00e9mentaires \u00e0 l&#8217;int\u00e9rieur du site. Celles-ci ont tendance \u00e0 changer chaque semaine, de sorte que les clients devront \u00eatre proactifs et rechercher les opportunit\u00e9s au fur et \u00e0 mesure qu&#8217;elles se pr\u00e9sentent; si vous ne gardez pas un \u0153il attentif, vous pourriez rater une affaire! La plupart des affaires tendent \u00e0 \u00eatre le long de la ligne libre de spins, bien qu&#8217;il y ait toujours de rares exceptions.<\/p>\n<h3>Exigences en mati\u00e8re de Play-through (Exigences de mise)<\/h3>\n<p>Avant de vous engager dans une n\u00e9gociation, il est important que vous ayez lu attentivement les petits caract\u00e8res et que vous vous sentiez en mesure de r\u00e9pondre enti\u00e8rement aux exigences de mise. Les conditions de mise, ou conditions de jeu, se r\u00e9f\u00e8rent au nombre de fois qu&#8217;un bonus, et tous les gains, doivent \u00eatre jou\u00e9s avant que le total puisse \u00eatre retir\u00e9 en esp\u00e8ces. Pour les tours gratuits offerts par Shadowbet, les conditions de jeu sont de 35x &#8211; c&#8217;est assez bas et r\u00e9alisable par rapport \u00e0 d&#8217;autres sites.<\/p>\n<h3>\u00a0VIP &amp; Fid\u00e9lit\u00e9\u00a0*<\/h3>\n<p>Une fois que vous avez jou\u00e9 le bonus de bienvenue initial, il est tr\u00e8s important que les clients sentent qu&#8217;ils ont une r\u00e9elle motivation \u00e0 rester dans le casino, et un programme de fid\u00e9lit\u00e9 ou VIP peut \u00eatre un excellent moyen d&#8217;y parvenir. C&#8217;est l&#8217;occasion de reconna\u00eetre et de r\u00e9compenser la loyaut\u00e9 \u00e0 travers une s\u00e9rie d&#8217;avantages qui incluent un jackpot progressif lucratif et qui aident \u00e0 motiver les joueurs \u00e0 gravir les \u00e9chelons ou les niveaux pour acc\u00e9der aux avantages les plus lucratifs.<\/p>\n<p>Les Shadowbet sont un peu inhabituels par rapport aux autres casinos, en ce sens qu&#8217;ils n&#8217;exploitent pas un club VIP ou un programme de fid\u00e9lisation sp\u00e9cifique, orient\u00e9 site. Au lieu de cela, le programme s&#8217;appelle&#8217;Shadow Treasures&#8217;, et demande au joueur de commencer en tant que&#8217;New One&#8217;. Augmenter le niveau et gagner des points d&#8217;exp\u00e9rience dans vos jeux pr\u00e9f\u00e9r\u00e9s vous aidera \u00e0 am\u00e9liorer votre niveau, et cela peut vous aider \u00e0 atteindre le niveau sup\u00e9rieur de&#8217;Ninja&#8217;.\u2019 C&#8217;est le niveau \u00e9lite qui peut vous aider \u00e0 d\u00e9bloquer des bonus et des r\u00e9compenses suppl\u00e9mentaires. Bien que non conventionnel, jouer au Club VIP presque comme un jeu suppl\u00e9mentaire aide cinq originalit\u00e9 Shadowbet, et est beaucoup plus amusant que d&#8217;autres syst\u00e8mes!<\/p>\n<h2>Comment Commencer \u00e0 Jouer<\/h2>\n<p>Un autre point positif pour Shadowbet est la commodit\u00e9 avec laquelle on peut cr\u00e9er un compte et commencer \u00e0 profiter de la <a href=\"\/fr\/jeux\/\">gamme de jeux<\/a> propos\u00e9s. En vous rendant sur le site, vous avez la possibilit\u00e9 de vous inscrire et de vous inscrire, et en cliquant sur le lien, vous acc\u00e9dez \u00e0 un formulaire d&#8217;inscription. Remplissez quelques informations essentielles &#8211; nom, \u00e2ge, adresse e-mail, etc. &#8211; et confirmez votre compte, et quelques minutes plus tard vous \u00eates pr\u00eat \u00e0 commencer \u00e0 jouer! Une fois inscrit, vous n&#8217;aurez qu&#8217;\u00e0 faire <a href=\"\/fr\/20e-de-depot-minimum\/\">le d\u00e9p\u00f4t initial de $20<\/a>, et cela d\u00e9clenchera automatiquement l&#8217;offre de bienvenue pour commencer \u00e0 profiter des chances de gagner!<\/p>\n<h2>Paiements<\/h2>\n<p><a href=\"\/fr\/options-dachat\/\">Les paiements sont un autre \u00e9l\u00e9ment crucial<\/a> de tout casino en ligne, et c&#8217;est un domaine o\u00f9 les clients s&#8217;attendent \u00e0 beaucoup de choix afin qu&#8217;ils puissent acc\u00e9der aux gains et effectuer des d\u00e9p\u00f4ts sans inconv\u00e9nient. L&#8217;ensemble du processus doit \u00eatre fluide, rapide et simple pour \u00eatre attrayant pour les clients et les aider \u00e0 passer \u00e0 l&#8217;action importante de jouer et de profiter des meilleurs jeux sur le site.<\/p>\n<h3>Modes de D\u00e9p\u00f4t<\/h3>\n<p>Comme nous l&#8217;avons vu ailleurs, la plupart des offres, des promotions et des bonus exigent que les joueurs effectuent un certain d\u00e9p\u00f4t. Cela signifie qu&#8217;il est tr\u00e8s important que cette action soit fluide et simple pour \u00e9viter de perdre du temps. Shadowbet offre une gamme de m\u00e9thodes de d\u00e9p\u00f4t, notamment <a href=\"https:\/\/www.minimumdepositcasinos.org\/fr\/options-dachat\/neteller\/\">Neteller<\/a>, Paysafecard, <a href=\"https:\/\/www.minimumdepositcasinos.org\/fr\/options-dachat\/mastercard\/\">MasterCard<\/a>, Visa, Trustly, Skrill et Euteller.<\/p>\n<h3>D\u00e9p\u00f4ts Minimum et Maximum<\/h3>\n<p>Les joueurs doivent <a href=\"\/fr\/20e-de-depot-minimum\/\">d\u00e9poser un minimum de $20<\/a> pour que l&#8217;offre de bienvenue soit d\u00e9clench\u00e9e et pr\u00eate \u00e0 jouer.<\/p>\n<h3>M\u00e9thodes et D\u00e9lais de Retrait<\/h3>\n<p>Une fois que vous avez profit\u00e9 d&#8217;un gain, mettre la main sur votre argent est \u00e9galement une priorit\u00e9 majeure, et il est donc important qu&#8217;il y ait une gamme d&#8217;options disponibles. Encore une fois, les m\u00e9thodes de paiement sont un peu limit\u00e9es par rapport \u00e0 d&#8217;autres fournisseurs, mais comprennent les favoris tels que Trustly, Skrill, Neteller, <a href=\"https:\/\/www.minimumdepositcasinos.org\/fr\/options-dachat\/paysafecard\/\">Paysafecard<\/a>, virement bancaire, EcoPayz, et Visa. Le temps n\u00e9cessaire pour effectuer votre retrait d\u00e9pend de la m\u00e9thode que vous choisissez; les porte-monnaie \u00e9lectroniques peuvent prendre de 0 \u00e0 24 heures, tandis que les cartes de cr\u00e9dit, les cartes de d\u00e9bit et les virements bancaires peuvent prendre 1 \u00e0 5 jours. Toutes les transactions ont une p\u00e9riode d&#8217;attente de 24-48 heures.<\/p>\n<h2>Jeux<\/h2>\n<p>Les jeux sont au c\u0153ur de tout bon casino, et sont vraiment l&#8217;\u00e9l\u00e9ment vital qui aide \u00e0 les maintenir en vie. Il est important qu&#8217;il y ait une large gamme pour convenir \u00e0 tous les go\u00fbts, et que les joueurs aient beaucoup de choix pour jouer gr\u00e2ce \u00e0 leurs bonus. Shadowbet r\u00e9ussit les deux tests et offre une vari\u00e9t\u00e9 de titres qui couvrent les jeux de table, les machines \u00e0 sous et une vari\u00e9t\u00e9 de d\u00e9fis et d&#8217;activit\u00e9s suppl\u00e9mentaires parmi lesquels choisir &#8211; m\u00eame les fans les plus exigeants trouveront quelque chose \u00e0 appr\u00e9cier!<\/p>\n<h3>Machine \u00e0 Sous<\/h3>\n<p>Comme avec tous les casinos en ligne, <a href=\"https:\/\/www.minimumdepositcasinos.org\/fr\/jeux\/machines-a-sous\/\">les machines \u00e0 sous<\/a> sont l&#8217;objectif principal du site. Avec de grands noms tels que NetGen et Elk Studios sur la table, il n&#8217;est pas surprenant que l&#8217;\u00e9ventail des jeux disponibles soit impressionnant. Les titres incluent Foxin&#8217; Wins, Gorilla Go Wild, Jack, et The Beanstalk, Dead or Alive, Mega Moolah et Immortal Romance.<\/p>\n<h3>\u00a0Jeux de Table<\/h3>\n<p>Pour les fans de table enrag\u00e9s, il y a aussi beaucoup de choix \u00e0 choisir; la biblioth\u00e8que n&#8217;est pas seulement limit\u00e9e aux machines \u00e0 sous! <a href=\"https:\/\/www.minimumdepositcasinos.org\/fr\/jeux\/blackjack\/\">Le Blackjack<\/a> et la Roulette sont les principaux joueurs ici, avec le Blackjack Classic et le Blackjack Multihand qui s&#8217;av\u00e8rent populaires, tandis que la Roulette europ\u00e9enne, am\u00e9ricaine et fran\u00e7aise est \u00e9galement un r\u00e9gal. Le poker est un choix pour ceux qui sont assez courageux pour jouer une main, et les options de vid\u00e9o poker comprennent Jacks or Better et Deuces Wild.<\/p>\n<h3>\u00a0Jeux de Croupier en Direct<\/h3>\n<p>L&#8217;amour pour le Blackjack et la <a href=\"\/fr\/jeux\/roulette\/\">Roulette<\/a> se poursuit bien dans la section des Revendeurs en direct; un autre domaine extr\u00eamement populaire du site. Live-action vous permet de vous d\u00e9tendre et de profiter de l&#8217;ambiance du casino sans m\u00eame avoir \u00e0 quitter votre salon!<\/p>\n<h2>\u00a0Mobile et Applications<\/h2>\n<p>Vous avez cinq minutes d&#8217;attente dans la file d&#8217;attente pour le d\u00e9jeuner ? Que diriez-vous de v\u00e9rifier s&#8217;il y a des offres et des offres en cours pendant que vous attendez d&#8217;\u00eatre servi ? Gr\u00e2ce \u00e0 Shadowbet, vous pouvez jouer \u00e0 vos jeux pr\u00e9f\u00e9r\u00e9s n&#8217;importe o\u00f9 et n&#8217;importe quand gr\u00e2ce \u00e0 une <a href=\"\/fr\/appareils\/\">compatibilit\u00e9 totale avec votre mobile!<\/a> Dirigez-vous simplement vers votre navigateur mobile, connectez-vous et reprenez l\u00e0 o\u00f9 vous vous \u00eates arr\u00eat\u00e9!<\/p>\n<h2>\u00a0S\u00e9curit\u00e9 et Licences<\/h2>\n<p>Les casinos en ligne d\u00e9tiennent beaucoup de donn\u00e9es potentiellement sensibles, et il est donc important qu&#8217;ils s\u00e9curisent ces informations. Shadowbet utilise le cryptage SSL pour couvrir ce point, et d\u00e9tient \u00e9galement des licences de la Malta Gaming Authority et de la UK Gambling Commission pour une tranquillit\u00e9 d&#8217;esprit suppl\u00e9mentaire.<\/p>\n<h2>Service Client<\/h2>\n<p>Le courriel et le Chat en direct sont les principales sources de soutien \u00e0 la client\u00e8le, et ils sont disponibles du lundi au vendredi entre 8 h et 10 h, et le samedi et le dimanche entre 10 h et 18 h.<\/p>\n<h2>Notre Verdict<\/h2>\n<p>Quand il s&#8217;agit de casinos \u00e0 faible taux de d\u00e9p\u00f4t, Shadowbet est un choix fantastique pour un casino passionnant et engageant qui pourrait vous voir mettre la main sur de s\u00e9rieux bonus!<\/p>\n","protected":false},"excerpt":{"rendered":"<p>R\u00e9partition de la r\u00e9vision Lorsqu&#8217;il s&#8217;agit de certains des meilleurs titres des plus grands fournisseurs sur le march\u00e9, Shadowbet s&#8217;est assur\u00e9 qu&#8217;ils sont une force s\u00e9rieuse \u00e0 prendre en compte. Leurs bailleurs de fonds incluent Microgaming, NetEnt, BetSoft et Elk Studios, et cet \u00e9ventail impressionnant signifie qu&#8217;ils sont en mesure d&#8217;offrir une impressionnante biblioth\u00e8que de [&hellip;]<\/p>\n","protected":false},"author":10,"featured_media":3000,"parent":16,"menu_order":0,"comment_status":"closed","ping_status":"closed","template":"page_review_card.php","meta":{"_acf_changed":false,"footnotes":""},"class_list":["post-2054","page","type-page","status-publish","has-post-thumbnail","hentry"],"acf":[],"_links":{"self":[{"href":"https:\/\/www.minimumdepositcasinos.org\/fr\/wp-json\/wp\/v2\/pages\/2054","targetHints":{"allow":["GET"]}}],"collection":[{"href":"https:\/\/www.minimumdepositcasinos.org\/fr\/wp-json\/wp\/v2\/pages"}],"about":[{"href":"https:\/\/www.minimumdepositcasinos.org\/fr\/wp-json\/wp\/v2\/types\/page"}],"author":[{"embeddable":true,"href":"https:\/\/www.minimumdepositcasinos.org\/fr\/wp-json\/wp\/v2\/users\/10"}],"replies":[{"embeddable":true,"href":"https:\/\/www.minimumdepositcasinos.org\/fr\/wp-json\/wp\/v2\/comments?post=2054"}],"version-history":[{"count":4,"href":"https:\/\/www.minimumdepositcasinos.org\/fr\/wp-json\/wp\/v2\/pages\/2054\/revisions"}],"predecessor-version":[{"id":3066,"href":"https:\/\/www.minimumdepositcasinos.org\/fr\/wp-json\/wp\/v2\/pages\/2054\/revisions\/3066"}],"up":[{"embeddable":true,"href":"https:\/\/www.minimumdepositcasinos.org\/fr\/wp-json\/wp\/v2\/pages\/16"}],"wp:featuredmedia":[{"embeddable":true,"href":"https:\/\/www.minimumdepositcasinos.org\/fr\/wp-json\/wp\/v2\/media\/3000"}],"wp:attachment":[{"href":"https:\/\/www.minimumdepositcasinos.org\/fr\/wp-json\/wp\/v2\/media?parent=2054"}],"curies":[{"name":"wp","href":"https:\/\/api.w.org\/{rel}","templated":true}]}}