{"id":2058,"date":"2019-11-20T14:49:28","date_gmt":"2019-11-20T14:49:28","guid":{"rendered":"https:\/\/www.minimumdepositcasinos.org\/fr\/?page_id=2058"},"modified":"2019-11-20T14:49:28","modified_gmt":"2019-11-20T14:49:28","slug":"yoyo","status":"publish","type":"page","link":"https:\/\/www.minimumdepositcasinos.org\/fr\/revue-de-casino\/yoyo\/","title":{"rendered":"YoYo Casino"},"content":{"rendered":"<h2><strong>R\u00e9partition de l\u2019analyse<\/strong><\/h2>\n<p>Le casino YoYo est cool et le design du site Web est l\u00e9ger et fabuleux. Con\u00e7u avec des couleurs modernes lumineuses, vous pouvez parier de l\u2019argent r\u00e9el ou de la monnaie virtuelle gratuite chez le casino YoYo, qu\u2019importe ce que vous pr\u00e9f\u00e9rez.<\/p>\n<p>Le site est disponible en huit langues dont le russe, le polonais, l\u2019allemand, le su\u00e9dois ou le norv\u00e9gien, et il est d\u00e9velopp\u00e9 en pensant au march\u00e9 europ\u00e9en en acceptant les monnaies EUR, PLN, RUB et SEK.<\/p>\n<p>\u00c0 ce casino, ils ne rigolent pas, il n\u2019y a pas d\u2019annonces glissantes qui prennent de l\u2019espace en haut de la page. \u00c0 la place, le site du casino YoYo est simple et efficace, pr\u00e9sentant des milliers de jeux et de bons bonus et promotions.<\/p>\n<p>Si vous n\u2019\u00eates pas encore un client chez YoYo, apr\u00e8s votre enregistrement et votre premier d\u00e9p\u00f4t d\u2019argent r\u00e9el, le casino vous r\u00e9compensera en vous offrant jusqu\u2019\u00e0 100 tours gratuits!<\/p>\n<h2>Bonus et promotions<\/h2>\n<p>En un plus d\u2019un tr\u00e8s lucratif bonus de bienvenue, le casino offre aussi de bonnes promotions pendant la semaine avec des prix myst\u00e8res, le bonus de rechargement la fin de semaine et les tournois galactiques pour aider les joueurs \u00e0 accumuler plus de gains.<\/p>\n<h3>Bonus de bienvenue<\/h3>\n<p>Si vous \u00eates un nouveau joueur, rendez-vous au casino YoYo et effectuez un <a href=\"\/fr\/20e-de-depot-minimum\/\">d\u00e9p\u00f4t minimum de 20$<\/a>. Votre bonus de bienvenue correspondra \u00e0 100% \u00e0 votre d\u00e9p\u00f4t jusqu\u2019\u00e0 300$, et vous obtiendrez 100 tours gratuits en raison de 20 par jour. Pour activer votre bonus, apr\u00e8s avoir d\u00e9pos\u00e9 de l\u2019argent r\u00e9el, vous devrez utiliser le syst\u00e8me de clavardage du casino ou leur envoyer un courriel pour activer votre bonus. Vous l\u2019obtiendrez ainsi dans les 48 heures.<\/p>\n<h3>Autres promotions<\/h3>\n<p>Pour les joueurs de casino qui pr\u00e9f\u00e8rent recevoir des tours gratuits sans d\u00e9p\u00f4t, YoYo vous comprend! Tout ce que vous avez \u00e0 faire pour obtenir vos 25 tours gratuits, c\u2019est de vous inscrire, et les tours seront \u00e0 vous! Qui sait, vous pourriez m\u00eame obtenir le jackpot avec vos tours gratuits!<\/p>\n<p>Le casino YoYo est extr\u00eamement <a href=\"https:\/\/www.minimumdepositcasinos.org\/fr\/tours-gratuits\/\">g\u00e9n\u00e9reux avec les tours gratuits<\/a>, et il y a des lots en offre. En plus du bonus de bienvenue incluant 100 tours gratuits et le bonus de 25 tours gratuits sans d\u00e9p\u00f4t jouable sur la populaire machine \u00e0 sous Jack et le Haricot magique, le casino offre des tours gratuits chaque semaine. Il y a aussi d\u2019autres occasions pendant la semaine de recevoir encore plus de tours gratuits.<\/p>\n<p>Le bonus de rechargement la fin de semaine pourrait vous faire obtenir un montant correspondant \u00e0 50% de votre d\u00e9p\u00f4t jusqu\u2019\u00e0 500$ et 50 tours gratuits, et vous n\u2019avez qu\u2019\u00e0 d\u00e9poser un minimum de 20$ pour obtenir ce bonus.<\/p>\n<p>Il y a aussi un retour d\u2019argent de 15% chaque semaine. <a href=\"\/fr\/jeux\/\">Jouez \u00e0 vos jeux favoris<\/a> et \u00e0 la fin de semaine, YoYo vous redonnera un petit pourcentage du total de vos paris jusqu\u2019\u00e0 un maximum de 3000$ par semaine.<\/p>\n<h3>Conditions de jeu (conditions de pari)<\/h3>\n<p>La condition de paris au casino est tr\u00e8s raisonnable, 30x le montant du bonus et du d\u00e9p\u00f4t. Cela signifie que si vous avez accept\u00e9 le bonus de bienvenue du casino, avant de pouvoir retirer vos gains en argent, vous devrez continuer \u00e0 jouer votre bonus et votre d\u00e9p\u00f4t 30 fois.<\/p>\n<p>La condition peut \u00eatre rempli \u00e0 100% sur les machines \u00e0 sous, et elle doit \u00eatre compl\u00e9t\u00e9e en dix jours. Le d\u00e9p\u00f4t initial du joueur et le montant du bonus sont combin\u00e9s dans une seule balance jusqu\u2019\u00e0 ce que la condition de pari soit remplie.<\/p>\n<h3>VIP et fid\u00e9lit\u00e9<\/h3>\n<p>YoYo offre cinq niveaux de r\u00e9compense fid\u00e9lit\u00e9 qui d\u00e9fie les joueurs \u00e0 monter en niveaux et \u00e0 obtenir plus d\u2019avantages tels que de meilleurs taux sur les \u00e9changes de points et d\u2019argent bonus, des retours en argent, une augmentation de la limite de retrait mensuel, et un gestionnaire personnel.<\/p>\n<p>Les diff\u00e9rents niveaux de VIP fonctionnent ainsi :<\/p>\n<p>Les joueurs qui ont obtenu le premier niveau de VIP ont un taux d\u2019\u00e9change de 100:1 et une limite de retrait mensuel de 6000$. Le second niveau de VIP a un taux d\u2019\u00e9change de 95:1 et une limite de retrait mensuel de 6000$ alors que le troisi\u00e8me niveau de VIP a un taux d\u2019\u00e9change de 90:1, un retour d\u2019argent de 5% et une limite de retrait mensuel de 10 000$. En atteignant le niveau 4, le taux d\u2019\u00e9change est de 80:1, le retour en argent de 10%, un gestionnaire personnel et une limite de retrait mensuel de 12 000$. Enfin, au sommet, au niveau 5, les joueurs VIP ont un taux d\u2019\u00e9change de 70:1, un retour en argent de 15%, un gestionnaire personnel, et une limite de retrait mensuel de 20 000$.<\/p>\n<h2>Comment commencer \u00e0 jouer<\/h2>\n<p>Pour vous enregistrer au casino en ligne YoYo, cliquez sur le bouton \u201cEnregistrement\u201d en haut \u00e0 droite du site Web, remplissez le formulaire avec les d\u00e9tails demand\u00e9s en quelques \u00e9tapes faciles et vous serez bient\u00f4t pr\u00eat \u00e0 effectuer votre premier paiement en argent r\u00e9el.<\/p>\n<h2>Paiements<\/h2>\n<p>Les joueurs qui aiment s\u2019enregistrer rapidement et simplement appr\u00e9cieront les <a href=\"\/fr\/options-dachat\/\">modes de paiement<\/a> offerts par le casino YoYo.<\/p>\n<p>Une fois que vous aurez fait votre d\u00e9p\u00f4t, le casino ne permet pas aux joueurs d\u2019annuler ou de retirer le montant de leur d\u00e9p\u00f4t et m\u00eame si YoYo ne se tient pas responsable des probl\u00e8mes de serveurs, de temps d\u2019arr\u00eat ou de probl\u00e8mes techniques dans le jeu, il acceptera de faire des remboursements pour des cas exceptionnels, et alors le remboursement est effectu\u00e9 dans les 24 heures.<\/p>\n<h3>Modes de d\u00e9p\u00f4t<\/h3>\n<p>D\u00e9poser de l\u2019argent r\u00e9el gr\u00e2ce \u00e0 un grand choix d\u2019options de paiement, dont les cartes de cr\u00e9dit et d\u00e9bit, Visa, MasterCard, et les services de portefeuilles \u00e9lectroniques comme Skrill et <a href=\"\/fr\/options-dachat\/neteller\/\">Neteller<\/a>. Vous pouvez aussi utiliser <a href=\"\/fr\/options-dachat\/paysafecard\/\">PaySafeCard<\/a>, les virements bancaires, Klarna, Zimpler ou Trustly.<\/p>\n<h3>D\u00e9p\u00f4ts minimum et maximum<\/h3>\n<p>Le d\u00e9p\u00f4t minimum au casino YoYo est de 20$ alors que le maximum est de 500$.<\/p>\n<h3>Mode de retrait et temps<\/h3>\n<p>Les m\u00e9thodes de retraits sont plus limit\u00e9es que les modes de d\u00e9p\u00f4ts. Vous pouvez choisir entre <a href=\"\/fr\/options-dachat\/mastercard\/\">MasterCard<\/a>, Neteller, Visa, QIWI, Skrill, Bitcoin ou WebMoney.<\/p>\n<h2>Jeux<\/h2>\n<p>Depuis le d\u00e9but, les jeux de casino de YoYo sont consid\u00e9r\u00e9s comme les meilleurs sur le march\u00e9 puisqu\u2019ils <a href=\"\/fr\/logiciel\/\">viennent de d\u00e9veloppeurs de renom<\/a> comme GameArt, Yggdrasil Gaming, Pragmatic Play, QuickSpin, NetEnt et <a href=\"https:\/\/www.minimumdepositcasinos.org\/fr\/logiciel\/microgaming\/\">Microgaming<\/a>.<\/p>\n<h3>Machines \u00e0 sous<\/h3>\n<p>Avec des jeux fournis par les plus grands noms de l\u2019industrie et con\u00e7us pour tous les types de joueurs, <a href=\"https:\/\/www.minimumdepositcasinos.org\/fr\/jeux\/machines-a-sous\/\">les amateurs de machines \u00e0 sous<\/a> trouveront toujours leur bonheur dans la s\u00e9lection des 3 000 jeux. Au casino YoYo, les meilleurs ne manquent pas, comme Bonanza, Book of Dead, Immortal Romance, Dead or Alive et bien d\u2019autres.<\/p>\n<p>Si vous cherchez les meilleurs jeux Crypto sur le net, pourquoi ne pas essayer Moon Princess ou Book of Fortune?<\/p>\n<h3>Jeux sur table<\/h3>\n<p>Le casino YoYo est offre aussi des jeux sur table et du <a href=\"\/fr\/jeux\/poker\/\">Poker Vid\u00e9o<\/a>. Ils n\u2019ont pas leur propre cat\u00e9gorie sur le site Web, mais il est possible de les trouver facilement par la fonction recherche. YoYo offre aussi des jeux sur table pou les amateurs de grands titres comme Oasis Poker, 3D Blackjack et Baccarat DeLuxe.<\/p>\n<h3>Jeux en direct<\/h3>\n<p>Vous trouverez une large s\u00e9lection de jeux de table en direct comme le Blackjack Live, la <a href=\"\/fr\/jeux\/roulette\/\">Roulette Live<\/a> et le Baccarat Live offerts par des d\u00e9veloppeurs tels qu\u2019Evolution Gaming. Vous pouvez m\u00eame jouer au Monopoly Live alors que vous plongez dans l\u2019aventure du casino!<\/p>\n<h2>Applications et mobilit\u00e9<\/h2>\n<p>Les casinos sur appareil mobile se sont multipli\u00e9s dans les derni\u00e8res ann\u00e9es et le casino YoYo n\u2019est pas rest\u00e9 derri\u00e8re! Le casino sur appareil mobile est fort, pr\u00e9sente de superbes graphiques, et comme le casino utilise le plus r\u00e9cent HTML5, l\u2019interface est tr\u00e8s facile \u00e0 utiliser et tous les \u00e9l\u00e9ments galactiques qui donnent son c\u00f4t\u00e9 unique \u00e0 ce casino sont en place dans la version mobile. Le casino mobile YoYo offre une exp\u00e9rience de jeux sans interruption, et vous pouvez y jouer sur un appareil Android, iPhone et iPad tout en gardant les m\u00eames fonctions offertes sur un ordinateur de bureau.<\/p>\n<p>Le casino mobile YoYo offre aussi un bon nombre de machines \u00e0 sous vid\u00e9o et de jeux sur table sur <a href=\"\/fr\/appareils\/\">les appareils mobiles compatibles<\/a>, et les joueurs peuvent profiter de plusieurs heures de jeux ininterrompus avec de grands titres comme Legend of the White Snake Lady, Immortal Romance et Forbidden Throne.<\/p>\n<h2>S\u00e9curit\u00e9 et permis<\/h2>\n<p>Le casino YoYo a \u00e9t\u00e9 lanc\u00e9 par Araxio Developments N.V. en 2017 et a un permis du Cura\u00e7ao. C\u2019est un des sept sites de paris que poss\u00e8de Araxio Development N.V. et m\u00eame si le site est offert en plusieurs langues, l\u2019anglais en est la langue principale.<\/p>\n<p>Comme pour la plupart des casinos en ligne de nos jours, YoYo a ce qu\u2019il y a de plus r\u00e9cent en SSL et en cryptage de serveur pour prot\u00e9ger \u00e0 la fois les d\u00e9tails personnels et financiers. Les machines \u00e0 sous fonctionnent par la g\u00e9n\u00e9ration de nombres al\u00e9atoires et vous pouvez \u00eatre s\u00fbr que des tests sont faits r\u00e9guli\u00e8rement et que vous aurez une exp\u00e9rience de casino tr\u00e8s s\u00e9curitaire.<\/p>\n<h2>Service \u00e0 la client\u00e8le<\/h2>\n<p>Pour les r\u00e9ponses aux questions qui reviennent le plus souvent, visitez la section Foire Aux Questions (FAQ) du casino en ligne, ou contactez le service \u00e0 la client\u00e8le par un des moyens suivants :<\/p>\n<p>Pour le courriel, \u00e9crivez \u00e0 support@YoYocasino.com pour une r\u00e9ponse rapide et personnalis\u00e9e, ou contactez le casino par t\u00e9l\u00e9phone au +356-2778-0669 en Europe ou au 8 (800) 775-34-89 en Russie entre 10h et 20h.<\/p>\n<p>Le clavardage est aussi disponible 24\/7, et pour parler \u00e0 quelqu\u2019un, cliquez sur le symbole d\u2019interrogation pour ouvrir la fen\u00eatre de clavardage, s\u00e9lectionnez le d\u00e9partement dans le menu d\u00e9roulant, entrez votre nom et votre nom d\u2019utilisateur, et \u00e9crivez votre message.<\/p>\n<h2>Notre verdict<\/h2>\n<p>YoYoCasino.com vous permet de plonger dans le monde inoubliable des casinos, de vivre l\u2019enthousiasme et le plaisir gr\u00e2ce \u00e0 des jeux de haute qualit\u00e9 con\u00e7us par les meilleurs d\u00e9veloppeurs comme Pragmatic Play, Rival Gaming, NetEnt et Igrosoft. Vous pouvez jouer \u00e0 tous les types de machines \u00e0 sous imaginables, et vous trouverez aussi le Blackjack, le Baccarat, le Poker et bien d\u2019autres jeux sur table au casino et au casino en direct. Les retraits sont tr\u00e8s rapides et le service \u00e0 la client\u00e8le est amical et efficace. Enregistrez-vous aujourd\u2019hui et obtenez le bonus de bienvenue et 100 tours gratuits! Bonne chance!<\/p>\n","protected":false},"excerpt":{"rendered":"<p>R\u00e9partition de l\u2019analyse Le casino YoYo est cool et le design du site Web est l\u00e9ger et fabuleux. Con\u00e7u avec des couleurs modernes lumineuses, vous pouvez parier de l\u2019argent r\u00e9el ou de la monnaie virtuelle gratuite chez le casino YoYo, qu\u2019importe ce que vous pr\u00e9f\u00e9rez. Le site est disponible en huit langues dont le russe, [&hellip;]<\/p>\n","protected":false},"author":10,"featured_media":3001,"parent":16,"menu_order":0,"comment_status":"closed","ping_status":"closed","template":"page_review_card.php","meta":{"_acf_changed":false,"footnotes":""},"class_list":["post-2058","page","type-page","status-publish","has-post-thumbnail","hentry"],"acf":[],"_links":{"self":[{"href":"https:\/\/www.minimumdepositcasinos.org\/fr\/wp-json\/wp\/v2\/pages\/2058","targetHints":{"allow":["GET"]}}],"collection":[{"href":"https:\/\/www.minimumdepositcasinos.org\/fr\/wp-json\/wp\/v2\/pages"}],"about":[{"href":"https:\/\/www.minimumdepositcasinos.org\/fr\/wp-json\/wp\/v2\/types\/page"}],"author":[{"embeddable":true,"href":"https:\/\/www.minimumdepositcasinos.org\/fr\/wp-json\/wp\/v2\/users\/10"}],"replies":[{"embeddable":true,"href":"https:\/\/www.minimumdepositcasinos.org\/fr\/wp-json\/wp\/v2\/comments?post=2058"}],"version-history":[{"count":8,"href":"https:\/\/www.minimumdepositcasinos.org\/fr\/wp-json\/wp\/v2\/pages\/2058\/revisions"}],"predecessor-version":[{"id":3021,"href":"https:\/\/www.minimumdepositcasinos.org\/fr\/wp-json\/wp\/v2\/pages\/2058\/revisions\/3021"}],"up":[{"embeddable":true,"href":"https:\/\/www.minimumdepositcasinos.org\/fr\/wp-json\/wp\/v2\/pages\/16"}],"wp:featuredmedia":[{"embeddable":true,"href":"https:\/\/www.minimumdepositcasinos.org\/fr\/wp-json\/wp\/v2\/media\/3001"}],"wp:attachment":[{"href":"https:\/\/www.minimumdepositcasinos.org\/fr\/wp-json\/wp\/v2\/media?parent=2058"}],"curies":[{"name":"wp","href":"https:\/\/api.w.org\/{rel}","templated":true}]}}