{"id":21,"date":"2018-08-22T16:13:11","date_gmt":"2018-08-22T15:13:11","guid":{"rendered":"https:\/\/www.minimumdepositcasinos.org\/fr\/?page_id=21"},"modified":"2024-06-03T13:48:00","modified_gmt":"2024-06-03T13:48:00","slug":"las-information","status":"publish","type":"page","link":"https:\/\/www.minimumdepositcasinos.org\/fr\/las-information\/","title":{"rendered":"Las Information"},"content":{"rendered":"<h1>Le d\u00e9p\u00f4t minimum Casino Nouvelles vous fournit des mises \u00e0 jour sur les nouvelles de casino.<\/h1>\n<p><img loading=\"lazy\" decoding=\"async\" class=\" wp-image-22 alignright\" src=\"\/fr\/wp-content\/uploads\/2018\/08\/Nwspaper.jpg\" alt=\"las information\" width=\"289\" height=\"193\" srcset=\"https:\/\/www.minimumdepositcasinos.org\/fr\/wp-content\/uploads\/2018\/08\/Nwspaper.jpg 640w, https:\/\/www.minimumdepositcasinos.org\/fr\/wp-content\/uploads\/2018\/08\/Nwspaper-300x200.jpg 300w\" sizes=\"auto, (max-width: 289px) 100vw, 289px\" \/><\/p>\n<p>Nous vous apportons les derni\u00e8res nouvelles sur l&#8217;industrie du casino, les nouveaux jeux, les options de paiement et les meilleures offres aux casinos de d\u00e9p\u00f4t minimum. En gros, tout ce que vous devez savoir sur le casino de d\u00e9p\u00f4t minimum est ici.<br>Au casino de d\u00e9p\u00f4t minimum nous croyons que les joueurs de casino devraient \u00eatre inform\u00e9s des derniers d\u00e9veloppements dans l&#8217;industrie de casino. Le casino en ligne est en constante \u00e9volution et nous restons au top de cette industrie en constante \u00e9volution.<\/p>\n<h2>Les Nouvelles les Plus R\u00e9centes sur les Casinos de Dep\u00f4t Minimum<\/h2>\n<p>Nous sommes la principale ressource sur les nouvelles de l&#8217;industrie des casinos en ligne, en particulier les casinos de d\u00e9p\u00f4t minimum. Si vous \u00eates un joueur qui veut acc\u00e9der aux meilleurs et derniers jeux et aux promotions les plus avantageuses sans payer de gros montants, nous sommes le guide en ligne pour vous<\/p>\n<h3>CE QUE SIGNALENT LES NOUVELLES DE CASINO<\/h3>\n<p>Nos r\u00e9dacteurs de casino sont des experts et des joueurs de casino de haut niveau : nous savons donc ce qui est important pour les joueurs de casino de d\u00e9p\u00f4t minimum en ligne avertis. Nos lecteurs veulent savoir :<\/p>\n<ul>\n<li>Les jeux plus r\u00e9cents<\/li>\n<li>Les meilleures promotions<\/li>\n<li>La r\u00e9glementation internationale plus r\u00e9cents<\/li>\n<li>Les nouveaux entreprises<\/li>\n<\/ul>\n<h3>UNE INTRODUCTION \u00c0 L&#8217;\u00c9DITEUR\u202f:<\/h3>\n<p>&#8220;Je m\u2019appelle Ed Murray et j&#8217;ai travaill\u00e9 au casino pendant quinze ans. En fait, j&#8217;ai contribu\u00e9 \u00e0 toutes les grandes publications de l&#8217;industrie du casino et je suis un joueur avide de casino en ligne. Les casinos des d\u00e9p\u00f4ts minimums sont une ressource en ligne cr\u00e9\u00e9e pour aider les joueurs de casino en ligne. Nous facilitons la navigation dans le monde des casinos de d\u00e9p\u00f4t minimum. Nous vous apportons donc toutes les informations dont vous avez besoin pour faire des choix \u00e9clair\u00e9s qui vous conviennent.<\/p>\n<p>Nous publions des nouvelles directement li\u00e9es aux casinos de d\u00e9p\u00f4t minimum et bien s\u00fbr aux options de d\u00e9p\u00f4t. Lorsque nous publierons des nouvelles soyez assur\u00e9s que vous obtiendrez des rapports pr\u00e9cis et opportuns que vous voulez lire. Par cons\u00e9quent, les derni\u00e8res m\u00e9thodes de paiement et des informations\u202fpertinentes pour eux, sont une priorit\u00e9 absolue avec les joueurs de casino en ligne de d\u00e9p\u00f4t minimum.<\/p>\n<p>Pour tous les faits &#8211; et beaucoup d&#8217;opinion &#8211; sur les casinos de d\u00e9p\u00f4t minimum consultez l&#8217;un de nos derniers articles, nos guides de jeu et tous nos critiques de casino en ligne.&#8221;<\/p>\n\n<div class='block-feature-article'><div class='page-feature-articles'><div class='block-feature-articles-viewport'><div class='block-feature-article-item-image'><a href='https:\/\/www.minimumdepositcasinos.org\/fr\/2026\/04\/15\/comment-les-canadiens-tirent-le-maximum-de-10-au-casino-mummys-gold\/'><img src='https:\/\/www.minimumdepositcasinos.org\/fr\/wp-content\/uploads\/2026\/04\/Comment-les-Canadiens-tirent-le-maximum-de-10-au-casino-Mummys-Gold.jpg'\/><\/a><div class='ArticleName'>Comment les Canadiens tirent le maximum de 10 $ au casino Mummys Gold<\/div><div class='featuredArticleMeta'><div class='featuredArticleMetaLeft'><\/div><div class='featuredArticleMetaRight'>April 15, 2026<\/div><\/div><\/div><div class='block-feature-article-item-image'><a href='https:\/\/www.minimumdepositcasinos.org\/fr\/2026\/04\/10\/glossaire-des-jeux-de-hasard-au-canada-seulement-40-des-joueurs-canadiens-connaissent-tous-ces-termes\/'><img src='https:\/\/www.minimumdepositcasinos.org\/fr\/wp-content\/uploads\/2026\/02\/Glossaire-des-jeux-de-hasard-au-Canada-seulement-40-des-joueurs-canadiens-connaissent-tous-ces-termes.jpg'\/><\/a><div class='ArticleName'>Glossaire des jeux de hasard au Canada : seulement 40 % des joueurs canadiens connaissent tous ces termes<\/div><div class='featuredArticleMeta'><div class='featuredArticleMetaLeft'><\/div><div class='featuredArticleMetaRight'>April 10, 2026<\/div><\/div><\/div><div class='block-feature-article-item-image'><a href='https:\/\/www.minimumdepositcasinos.org\/fr\/2026\/04\/08\/les-jeunes-canadiens-delaissent-lalcool-et-misent-en-ligne\/'><img src='https:\/\/www.minimumdepositcasinos.org\/fr\/wp-content\/uploads\/2026\/04\/Les-jeunes-Canadiens-delaissent-lalcool-et-misent-en-ligne-Savent-ils-quelque-chose-que-nous-ignorons.jpg'\/><\/a><div class='ArticleName'>Les jeunes Canadiens d\u00e9laissent l\u2019alcool et misent en ligne. Savent-ils quelque chose que nous ignorons?<\/div><div class='featuredArticleMeta'><div class='featuredArticleMetaLeft'><\/div><div class='featuredArticleMetaRight'>April 8, 2026<\/div><\/div><\/div><div class='block-feature-article-item-image'><a href='https:\/\/www.minimumdepositcasinos.org\/fr\/2026\/04\/03\/fanduel-frappe-dune-amende-de-350k-en-ontario-pour-des-paris-suspects-sur-le-tennis-de-table\/'><img src='https:\/\/www.minimumdepositcasinos.org\/fr\/wp-content\/uploads\/2026\/04\/FanDuel-frappe-dune-amende-de-350-000-en-Ontario-pour-des-paris-suspects-sur-le-tennis-de-table.jpg'\/><\/a><div class='ArticleName'>FanDuel frapp\u00e9 d\u2019une amende de 350 000 $ en Ontario pour des paris \u00ab suspects \u00bb sur le tennis de table<\/div><div class='featuredArticleMeta'><div class='featuredArticleMetaLeft'><\/div><div class='featuredArticleMetaRight'>April 3, 2026<\/div><\/div><\/div><div class='block-feature-article-item-image'><a href='https:\/\/www.minimumdepositcasinos.org\/fr\/2026\/04\/01\/le-canada-adopte-de-nouvelles-normes-publicitaires-sur-les-jeux-dargent-de-la-cga\/'><img src='https:\/\/www.minimumdepositcasinos.org\/fr\/wp-content\/uploads\/2026\/04\/Le-Canada-adopte-de-nouvelles-normes-publicitaires-sur-les-jeux-dargent-de-la-CGA.jpg'\/><\/a><div class='ArticleName'>Le Canada adopte de nouvelles normes publicitaires sur les jeux d\u2019argent de la CGA<\/div><div class='featuredArticleMeta'><div class='featuredArticleMetaLeft'><\/div><div class='featuredArticleMetaRight'>April 1, 2026<\/div><\/div><\/div><div class='block-feature-article-item-image'><a href='https:\/\/www.minimumdepositcasinos.org\/fr\/2026\/03\/27\/all-slots-propose-maintenant-une-offre-deposez-1-et-obtenez-55-tours-gratuits\/'><img src='https:\/\/www.minimumdepositcasinos.org\/fr\/wp-content\/uploads\/2026\/03\/All-Slots-propose-maintenant-une-offre-Deposez-1-et-obtenez-55-tours-gratuits-au-Canada.jpg'\/><\/a><div class='ArticleName'>All Slots propose maintenant une offre D\u00e9posez 1 $ et obtenez 55 tours gratuits au Canada<\/div><div class='featuredArticleMeta'><div class='featuredArticleMetaLeft'><\/div><div class='featuredArticleMetaRight'>March 27, 2026<\/div><\/div><\/div><div class='block-feature-article-item-image'><a href='https:\/\/www.minimumdepositcasinos.org\/fr\/2026\/03\/25\/les-55-raisons-pour-lesquelles-les-canadiens-doivent-sinscrire-a-ce-bonus-de-depot-de-1\/'><img src='https:\/\/www.minimumdepositcasinos.org\/fr\/wp-content\/uploads\/2026\/03\/Les-55-raisons-pour-lesquelles-les-Canadiens-doivent-sinscrire-a-ce-bonus-de-depot-de-1.jpg'\/><\/a><div class='ArticleName'>Les 55 raisons pour lesquelles les Canadiens doivent s\u2019inscrire \u00e0 ce bonus de d\u00e9p\u00f4t de 1 $<\/div><div class='featuredArticleMeta'><div class='featuredArticleMetaLeft'><\/div><div class='featuredArticleMetaRight'>March 25, 2026<\/div><\/div><\/div><div class='block-feature-article-item-image'><a href='https:\/\/www.minimumdepositcasinos.org\/fr\/2026\/03\/20\/comment-la-reglementation-des-jeux-dargent-est-elle-structuree-au-canada\/'><img src='https:\/\/www.minimumdepositcasinos.org\/fr\/wp-content\/uploads\/2026\/03\/Comment-la-reglementation-des-jeux-dargent-est-elle-structuree-au-Canada.jpg'\/><\/a><div class='ArticleName'>Comment la r\u00e9glementation des jeux d\u2019argent est-elle structur\u00e9e au Canada?<\/div><div class='featuredArticleMeta'><div class='featuredArticleMetaLeft'><\/div><div class='featuredArticleMetaRight'>March 20, 2026<\/div><\/div><\/div><div class='block-feature-article-item-image'><a href='https:\/\/www.minimumdepositcasinos.org\/fr\/2026\/03\/18\/jouez-a-hockey-fever-penny-roller-avec-le-bonus-betway-de-1\/'><img src='https:\/\/www.minimumdepositcasinos.org\/fr\/wp-content\/uploads\/2026\/03\/Au-Canada-jouez-a-Hockey-Fever-Penny-Roller-et-lancez-ce-jeu-de-machine-a-sous-avec-le-bonus-Betway-de-1.jpg'\/><\/a><div class='ArticleName'>Au Canada, jouez \u00e0 Hockey Fever Penny Roller et lancez ce jeu de machine \u00e0 sous avec le bonus Betway de 1 $<\/div><div class='featuredArticleMeta'><div class='featuredArticleMetaLeft'><\/div><div class='featuredArticleMetaRight'>March 18, 2026<\/div><\/div><\/div><div class='block-feature-article-item-image'><a href='https:\/\/www.minimumdepositcasinos.org\/fr\/2026\/03\/13\/pouvez-vous-utiliser-interac-dans-les-casinos-avec-depot-de-1-ou-est-ce-seulement-a-partir-de-5\/'><img src='https:\/\/www.minimumdepositcasinos.org\/fr\/wp-content\/uploads\/2026\/02\/Pouvez-vous-utiliser-Interac-dans-les-casinos-avec-depot-de-1-ou-est-ce-seulement-a-partir-de-5.jpg'\/><\/a><div class='ArticleName'>Pouvez-vous utiliser Interac dans les casinos avec d\u00e9p\u00f4t de 1 $, ou est-ce seulement \u00e0 partir de 5 $?<\/div><div class='featuredArticleMeta'><div class='featuredArticleMetaLeft'><\/div><div class='featuredArticleMetaRight'>March 13, 2026<\/div><\/div><\/div><div class='block-feature-article-item-image'><a href='https:\/\/www.minimumdepositcasinos.org\/fr\/2026\/03\/11\/le-nouveau-cse-aide-les-joueurs-aux-prises-avec-un-probleme-de-jeu-en-ontario-decouvrez-comment\/'><img src='https:\/\/www.minimumdepositcasinos.org\/fr\/wp-content\/uploads\/2026\/02\/Le-nouveau-CSE-aide-les-joueurs-aux-prises-avec-un-probleme-de-jeu-en-Ontario-\u2014-decouvrez-comment.jpg'\/><\/a><div class='ArticleName'>Le nouveau CSE aide les joueurs aux prises avec un probl\u00e8me de jeu en Ontario \u2014 d\u00e9couvrez comment<\/div><div class='featuredArticleMeta'><div class='featuredArticleMetaLeft'><\/div><div class='featuredArticleMetaRight'>March 11, 2026<\/div><\/div><\/div><div class='block-feature-article-item-image'><a href='https:\/\/www.minimumdepositcasinos.org\/fr\/2026\/03\/06\/les-3-raisons-pourquoi-les-canadiens-font-confiance-a-mdc-pour-les-meilleurs-casinos-a-depot-de-5\/'><img src='https:\/\/www.minimumdepositcasinos.org\/fr\/wp-content\/uploads\/2026\/02\/Les-3-raisons-pourquoi-les-Canadiens-font-confiance-a-MDC-pour-les-meilleurs-casinos-a-depot-de-5.jpg'\/><\/a><div class='ArticleName'>Les 3 raisons pourquoi les Canadiens font confiance \u00e0 MDC pour les meilleurs casinos \u00e0 d\u00e9p\u00f4t de 5 $<\/div><div class='featuredArticleMeta'><div class='featuredArticleMetaLeft'><\/div><div class='featuredArticleMetaRight'>March 6, 2026<\/div><\/div><\/div><div class='block-feature-article-item-image'><a href='https:\/\/www.minimumdepositcasinos.org\/fr\/2026\/03\/04\/ce-que-les-joueurs-devraient-considerer-quand-ils-evaluent-les-bonus-de-casino-en-ligne-en-2026\/'><img src='https:\/\/www.minimumdepositcasinos.org\/fr\/wp-content\/uploads\/2026\/02\/Ce-que-les-joueurs-devraient-considerer-quand-ils-evaluent-les-bonus-de-casino-en-ligne-en-2026.jpg'\/><\/a><div class='ArticleName'>Ce que les joueurs devraient consid\u00e9rer quand ils \u00e9valuent les bonus de casino en ligne en 2026<\/div><div class='featuredArticleMeta'><div class='featuredArticleMetaLeft'><\/div><div class='featuredArticleMetaRight'>March 4, 2026<\/div><\/div><\/div><div class='block-feature-article-item-image'><a href='https:\/\/www.minimumdepositcasinos.org\/fr\/2026\/02\/27\/la-psychologie-derriere-les-bonus-sans-depot-et-les-joueurs-canadiens\/'><img src='https:\/\/www.minimumdepositcasinos.org\/fr\/wp-content\/uploads\/2026\/02\/La-psychologie-derriere-les-bonus-sans-depot-et-les-joueurs-canadiens.jpg'\/><\/a><div class='ArticleName'>La psychologie derri\u00e8re les bonus sans d\u00e9p\u00f4t et les joueurs canadiens<\/div><div class='featuredArticleMeta'><div class='featuredArticleMetaLeft'><\/div><div class='featuredArticleMetaRight'>February 27, 2026<\/div><\/div><\/div><div class='block-feature-article-item-image'><a href='https:\/\/www.minimumdepositcasinos.org\/fr\/2026\/02\/25\/rtp-est-larme-secrete-que-les-canadiens-utilisent-pour-vaincre-les-exigences-de-mise\/'><img src='https:\/\/www.minimumdepositcasinos.org\/fr\/wp-content\/uploads\/2026\/02\/RTP-est-larme-secrete-que-les-Canadiens-utilisent-pour-vaincre-les-exigences-de-mise.jpg'\/><\/a><div class='ArticleName'>RTP est l\u2019arme secr\u00e8te que les Canadiens utilisent pour vaincre les exigences de mise<\/div><div class='featuredArticleMeta'><div class='featuredArticleMetaLeft'><\/div><div class='featuredArticleMetaRight'>February 25, 2026<\/div><\/div><\/div><div class='block-feature-article-item-image'><a href='https:\/\/www.minimumdepositcasinos.org\/fr\/2026\/02\/20\/pourquoi-lia-ne-reinventera-pas-la-roue-pour-les-canadiens-qui-jouent\/'><img src='https:\/\/www.minimumdepositcasinos.org\/fr\/wp-content\/uploads\/2026\/02\/Pourquoi-lIA-ne-reinventera-pas-la-roue-pour-les-Canadiens-qui-jouent-en-ligne.jpg'\/><\/a><div class='ArticleName'>Pourquoi l\u2019IA ne r\u00e9inventera pas la roue pour les Canadiens qui jouent en ligne<\/div><div class='featuredArticleMeta'><div class='featuredArticleMetaLeft'><\/div><div class='featuredArticleMetaRight'>February 20, 2026<\/div><\/div><\/div><div class='block-feature-article-item-image'><a href='https:\/\/www.minimumdepositcasinos.org\/fr\/2026\/02\/18\/la-toute-derniere-offre-deposez-1-et-obtenez-100-tours-gratuits-chez-betway\/'><img src='https:\/\/www.minimumdepositcasinos.org\/fr\/wp-content\/uploads\/2026\/02\/La-toute-derniere-offre-deposez-1-et-obtenez-100-tours-gratuits-chez-Betway.jpg'\/><\/a><div class='ArticleName'>La toute derni\u00e8re offre : d\u00e9posez 1 $ et obtenez 100 tours gratuits chez Betway<\/div><div class='featuredArticleMeta'><div class='featuredArticleMetaLeft'><\/div><div class='featuredArticleMetaRight'>February 18, 2026<\/div><\/div><\/div><div class='block-feature-article-item-image'><a href='https:\/\/www.minimumdepositcasinos.org\/fr\/2026\/02\/13\/comment-les-depots-minimums-aident-les-canadiens-a-jouer-de-facon-plus-responsable\/'><img src='https:\/\/www.minimumdepositcasinos.org\/fr\/wp-content\/uploads\/2026\/02\/Comment-les-depots-minimums-aident-les-Canadiens-a-jouer-de-facon-plus-responsable.jpg'\/><\/a><div class='ArticleName'>Comment les d\u00e9p\u00f4ts minimums aident les Canadiens \u00e0 jouer de fa\u00e7on plus responsable<\/div><div class='featuredArticleMeta'><div class='featuredArticleMetaLeft'><\/div><div class='featuredArticleMetaRight'>February 13, 2026<\/div><\/div><\/div><div class='block-feature-article-item-image'><a href='https:\/\/www.minimumdepositcasinos.org\/fr\/2026\/02\/11\/a-la-une-ce-que-spin-casino-reserve-aux-joueurs-canadiens\/'><img src='https:\/\/www.minimumdepositcasinos.org\/fr\/wp-content\/uploads\/2026\/01\/A-la-une-Ce-que-Spin-Casino-reserve-aux-joueurs-canadiens.jpg'\/><\/a><div class='ArticleName'>\u00c0 la une : Ce que Spin Casino r\u00e9serve aux joueurs canadiens<\/div><div class='featuredArticleMeta'><div class='featuredArticleMetaLeft'><\/div><div class='featuredArticleMetaRight'>February 11, 2026<\/div><\/div><\/div><div class='clear'><\/div><\/div><\/div><\/div>\n\n\n\n<h2 class=\"wp-block-heading\">Archives des articles<\/h2>\n\n\n<ul class=\"col2\"><ul><li><a href=\"https:\/\/www.minimumdepositcasinos.org\/fr2026\/\">2026<\/a><\/li><li><a href=\"https:\/\/www.minimumdepositcasinos.org\/fr2025\/\">2025<\/a><\/li><li><a href=\"https:\/\/www.minimumdepositcasinos.org\/fr2024\/\">2024<\/a><\/li><li><a href=\"https:\/\/www.minimumdepositcasinos.org\/fr2023\/\">2023<\/a><\/li><li><a href=\"https:\/\/www.minimumdepositcasinos.org\/fr2022\/\">2022<\/a><\/li><li><a href=\"https:\/\/www.minimumdepositcasinos.org\/fr2021\/\">2021<\/a><\/li><li><a href=\"https:\/\/www.minimumdepositcasinos.org\/fr2020\/\">2020<\/a><\/li><li><a href=\"https:\/\/www.minimumdepositcasinos.org\/fr2019\/\">2019<\/a><\/li><li><a href=\"https:\/\/www.minimumdepositcasinos.org\/fr2018\/\">2018<\/a><\/li><li><a href=\"https:\/\/www.minimumdepositcasinos.org\/fr2017\/\">2017<\/a><\/li><\/ul><\/ul>\n","protected":false},"excerpt":{"rendered":"<p>Le d\u00e9p\u00f4t minimum Casino Nouvelles vous fournit des mises \u00e0 jour sur les nouvelles de casino. Nous vous apportons les derni\u00e8res nouvelles sur l&#8217;industrie du casino, les nouveaux jeux, les options de paiement et les meilleures offres aux casinos de d\u00e9p\u00f4t minimum. En gros, tout ce que vous devez savoir sur le casino de d\u00e9p\u00f4t [&hellip;]<\/p>\n","protected":false},"author":1,"featured_media":0,"parent":0,"menu_order":0,"comment_status":"closed","ping_status":"closed","template":"","meta":{"_acf_changed":false,"footnotes":""},"class_list":["post-21","page","type-page","status-publish","hentry"],"acf":[],"_links":{"self":[{"href":"https:\/\/www.minimumdepositcasinos.org\/fr\/wp-json\/wp\/v2\/pages\/21","targetHints":{"allow":["GET"]}}],"collection":[{"href":"https:\/\/www.minimumdepositcasinos.org\/fr\/wp-json\/wp\/v2\/pages"}],"about":[{"href":"https:\/\/www.minimumdepositcasinos.org\/fr\/wp-json\/wp\/v2\/types\/page"}],"author":[{"embeddable":true,"href":"https:\/\/www.minimumdepositcasinos.org\/fr\/wp-json\/wp\/v2\/users\/1"}],"replies":[{"embeddable":true,"href":"https:\/\/www.minimumdepositcasinos.org\/fr\/wp-json\/wp\/v2\/comments?post=21"}],"version-history":[{"count":8,"href":"https:\/\/www.minimumdepositcasinos.org\/fr\/wp-json\/wp\/v2\/pages\/21\/revisions"}],"predecessor-version":[{"id":11738,"href":"https:\/\/www.minimumdepositcasinos.org\/fr\/wp-json\/wp\/v2\/pages\/21\/revisions\/11738"}],"wp:attachment":[{"href":"https:\/\/www.minimumdepositcasinos.org\/fr\/wp-json\/wp\/v2\/media?parent=21"}],"curies":[{"name":"wp","href":"https:\/\/api.w.org\/{rel}","templated":true}]}}