{"id":2117,"date":"2019-10-22T13:36:10","date_gmt":"2019-10-22T13:36:10","guid":{"rendered":"https:\/\/www.minimumdepositcasinos.org\/fr\/?page_id=2117"},"modified":"2019-10-22T13:36:10","modified_gmt":"2019-10-22T13:36:10","slug":"nektan","status":"publish","type":"page","link":"https:\/\/www.minimumdepositcasinos.org\/fr\/logiciel\/nektan\/","title":{"rendered":"Nektan"},"content":{"rendered":"<h1><img loading=\"lazy\" decoding=\"async\" class=\"alignright wp-image-2118\" src=\"https:\/\/www.minimumdepositcasinos.org\/fr\/wp-content\/uploads\/2019\/10\/Nektan-400x400-300x300.jpg\" alt=\"\" width=\"201\" height=\"201\" srcset=\"https:\/\/www.minimumdepositcasinos.org\/fr\/wp-content\/uploads\/2019\/10\/Nektan-400x400-300x300.jpg 300w, https:\/\/www.minimumdepositcasinos.org\/fr\/wp-content\/uploads\/2019\/10\/Nektan-400x400-150x150.jpg 150w, https:\/\/www.minimumdepositcasinos.org\/fr\/wp-content\/uploads\/2019\/10\/Nektan-400x400.jpg 400w\" sizes=\"auto, (max-width: 201px) 100vw, 201px\" \/>Nektan Casinos<\/h1>\n<p>Quand il s&#8217;agit de grands noms dans le monde des casinos en ligne, Nektan devient instantan\u00e9ment reconnaissable par une grande majorit\u00e9 de fans. Ils sont responsables de la production de certains des plus grands noms des casinos et ont prouv\u00e9 \u00e0 maintes reprises que la qualit\u00e9 sup\u00e9rieure est une priorit\u00e9 absolue dans tous leurs sites.<\/p>\n<h2>Qui est Nektan ?<\/h2>\n<p>En termes simples, Nektan est un <a href=\"https:\/\/www.minimumdepositcasinos.org\/fr\/logiciel\/\">d\u00e9veloppeur de logiciels<\/a> de paris en ligne, qui a r\u00e9ussi \u00e0 se d\u00e9marquer s\u00e9rieusement de la foule gr\u00e2ce \u00e0 une vari\u00e9t\u00e9 de jeux de paris en argent r\u00e9el. Ils exploitent \u00e9galement un service de casino en marque blanche, qui regroupe des jeux pour d&#8217;autres fournisseurs, et d\u00e9veloppent des jeux &#8221; gratuits &#8221; &#8211; ce qui permet aux joueurs de jouer gratuitement et d&#8217;acheter des avantages et de se mettre \u00e0 niveau sur plusieurs jeuc. Ce march\u00e9 du freemium peut sembler obscur, mais il a permis \u00e0 la marque de prendre pied sur les march\u00e9s o\u00f9 le jeu en ligne est plus restreint, comme aux \u00c9tats-Unis.<\/p>\n<p>Plut\u00f4t que de restreindre leur march\u00e9 en se concentrant sur un seul casino, Nektan s&#8217;enorgueillit d&#8217;\u00eatre le cerveau derri\u00e8re la magie et a les doigts dans un certain nombre de business diff\u00e9rents sur le march\u00e9. Cela leur permet de maximiser leur port\u00e9e et leur profit, et c&#8217;est un excellent mod\u00e8le de r\u00e9ussite.<\/p>\n<p>Leurs produits phares sont les machines \u00e0 sous, et c&#8217;est un mouvement sensible ; ce sont <a href=\"\/fr\/revue-de-casino\/\">de loin le choix de jeu le plus populaire parmi une gamme de casinos en ligne.<\/a> Ce sont leurs meilleurs vendeurs, et bien que d&#8217;autres options telles que les jeux de table soient disponibles, il n&#8217;y a rien pour les aider vraiment \u00e0 se d\u00e9marquer dans un march\u00e9 encombr\u00e9.<\/p>\n<p>Nektan est responsable d&#8217;un grand nombre de casinos parmi les plus connus de l&#8217;industrie, et il y a de fortes chances que vous ayez d\u00e9j\u00e0 jou\u00e9 sur un de leurs produits sans vous en rendre compte. Certains des meilleurs choix comprennent les Spins Royale, Jackpot Slot, bCasino et PlayUK, mais il y a une foule de choix parmi les plus grands noms et les meilleurs titres du march\u00e9.<\/p>\n<h2>Les Bonus du casino Nektan<\/h2>\n<p>Parce que Nektan est un casino sp\u00e9cialis\u00e9 dans la fourniture d&#8217;une gamme de services \u00e0 d&#8217;autres casinos externes, leur choix d&#8217;offres, d&#8217;affaires et de promotions a tendance \u00e0 varier d&#8217;un site \u00e0 l&#8217;autre. Cela signifie qu&#8217;il y a beaucoup de choix pour les fans, et en faisant juste un peu de recherche, les nouveaux joueurs et les joueurs existants pourraient se retrouver sur le point d&#8217;avoir acc\u00e8s \u00e0 une multitude d&#8217;avantages que ce soit des d\u00e9p\u00f4ts ou des <a href=\"\/fr\/tours-gratuits\/\">tours gratuits<\/a> et cela bien plus \u00e9lev\u00e9s que par le pass\u00e9!<\/p>\n<p>Offrir un super bonus de bienvenue est un must pour tout casino cherchant \u00e0 attirer de nouveaux clients et leur donner une bonne raison de rester et de jouer. C&#8217;est un avantage majeur de tous les casinos Nektan ; Une des choses que toutes les offres ont en commun sont les offres de bienvenue qui demeurent vraiment impressionnantes. C&#8217;est important pour attirer l&#8217;attention ; avec tant de concurrence sur le march\u00e9, il est crucial que les casinos aient quelque chose pour les aider \u00e0 se d\u00e9marquer afin d&#8217;attirer l&#8217;attention sur eux, offrant une super incentive pour les d\u00e9butants afin qu&#8217;ils s&#8217;arr\u00eatent, testent et jouent.<\/p>\n<p>Certains des bonus de bienvenue les plus courants offerts par le site incluent les d\u00e9p\u00f4ts de match. Cela signifie que le casino \u00e9galera le montant que le joueur d\u00e9pose sur un d\u00e9p\u00f4t d&#8217;un certain pourcentage &#8211; par exemple, de 100% ou 50%. C&#8217;est g\u00e9n\u00e9ralement jusqu&#8217;\u00e0 un certain niveau, ce qui signifie que les nouveaux joueurs peuvent pratiquement doubler leur d\u00e9p\u00f4t sans effort suppl\u00e9mentaire ! Il s&#8217;agit d&#8217;une offre trouv\u00e9e sur une gamme de casinos Nektan, y compris les Cherry Wins, Pots of Luck et Irish Spins.<\/p>\n<p>En plus des d\u00e9p\u00f4ts de match, les tours gratuits sont une autre incentive majeur pour les joueurs. Comme son nom l&#8217;indique, c&#8217;est lorsque le casino offre aux joueurs un certain nombre de tours gratuits sur un jeu s\u00e9lectionn\u00e9. Cela peut \u00eatre une excellente fa\u00e7on de tester un jeu que vous n&#8217;avez peut-\u00eatre jamais consid\u00e9r\u00e9 auparavant, et ne pas avoir \u00e0 vous soucier de risquer votre d\u00e9p\u00f4t sur quelque chose que vous n&#8217;aimez pas. Les tours gratuits sont g\u00e9n\u00e9ralement con\u00e7us pour promouvoir un nouveau titre ou pour permettre aux joueurs de profiter gratuitement d&#8217;un jeu populaire, et sont souvent associ\u00e9s \u00e0 d&#8217;autres offres dans l&#8217;offre de bienvenue. Jungle Spins, Seven Cherries et Spins Royale ne sont que quelques-uns des casinos offrant ce type d&#8217;affaire.<\/p>\n<p>Souvent consid\u00e9r\u00e9 comme le &#8221; Saint Graal &#8221; des bonus, le bonus sans d\u00e9p\u00f4t est tr\u00e8s appr\u00e9ci\u00e9 et recherch\u00e9 par les joueurs, et ce pour de bonnes raisons. Ces types de bonus ne n\u00e9cessitent pas que le joueur d\u00e9pense un seul centime de son propre argent. Au lieu de cela, le casino offrira un bonus sans aucune condition, et c&#8217;est une fa\u00e7on fantastique de tester un nouveau casino avant de d\u00e9cider de s&#8217;engager \u00e0 plus long terme. <a href=\"https:\/\/www.minimumdepositcasinos.org\/fr\/jeux\/\">C&#8217;est l&#8217;occasion de d\u00e9couvrir la biblioth\u00e8que de jeux<\/a>, d&#8217;essayer les titres les plus populaires et d&#8217;explorer les diff\u00e9rents syst\u00e8mes &#8211; le tout aux frais du casino ! Bien que rares, ils existent dans de nombreux casinos Nektan, et il est important d&#8217;\u00eatre au courant de toutes les transactions potentielles pour en tirer pleinement parti lorsqu&#8217;elles surviennent.<\/p>\n<h2>Jeux du Casino Nektan<\/h2>\n<p>Comme nous vous l&#8217;avons dit, les casinos Nektan sont responsables de certains des meilleurs choix de casinos actuellement disponibles sur le march\u00e9. Cela signifie qu&#8217;ils peuvent s&#8217;attribuer le m\u00e9rite d&#8217;\u00eatre les cerveaux derri\u00e8re certains des meilleurs jeux propos\u00e9s, et vous pourriez \u00eatre surpris de ce dont ils sont responsables.<\/p>\n<p>En utilisant leur logiciel Evolve, ils ont travaill\u00e9 dur, investis beaucoup de temps, des efforts et de l&#8217;argent dans une foule d&#8217;exp\u00e9riences de jeu \u00e0 la fine pointe de la technologie. A ce jour, ils ont mis leur nom sur 21 variantes de <a href=\"\/fr\/jeux\/machines-a-sous\/\">machines \u00e0 sous<\/a> diff\u00e9rentes, ainsi que sur 2 jeux de type casino. Il s&#8217;agit d&#8217;une biblioth\u00e8que impressionnante, et certains de leurs plus grands noms comprennent la machine \u00e0 sous Starburst, Aloha Clusters, Swirly Spin, et Cleopatra &#8211; tous des machines \u00e0 sous avec une forte r\u00e9putation dans l&#8217;industrie.<\/p>\n<h2>Exigences de pari<\/h2>\n<p>Comme avec n&#8217;importe quel bonus \u00e0 travers la gamme des casinos, il y a des conditions strictes de mise ou de jeu qui doivent \u00eatre remplies par le joueur. Il s&#8217;agit du nombre de fois qu&#8217;un bonus, une promotion ou une offre doit \u00eatre jou\u00e9 avant que le total puisse \u00eatre encaiss\u00e9, ainsi que tous les gains qui ont \u00e9t\u00e9 le r\u00e9sultat du bonus. Ces exigences de mise ont tendance \u00e0 varier d&#8217;un jeu \u00e0 l&#8217;autre, et d&#8217;un casino \u00e0 l&#8217;autre, et certains sont soumis \u00e0 des limites de temps et des dates d&#8217;expiration strictes. Il est crucial que vous planifiez comment vous allez r\u00e9pondre \u00e0 ces exigences avant d&#8217;accepter un bonus &#8211; si vous \u00e9chouez, vous pouvez constater que le bonus et tous les gains sont effac\u00e9s de votre compte, vous laissant avec rien.<\/p>\n<p>Dans le m\u00eame ordre d&#8217;id\u00e9es, de nombreux jeux et offres peuvent \u00eatre assortis de limites de retrait et de d\u00e9p\u00f4t pr\u00e9d\u00e9termin\u00e9es. Encore une fois, il est tr\u00e8s important de toujours v\u00e9rifier les petits caract\u00e8res et les termes et conditions ; vous devrez peut-\u00eatre attendre que votre solde ait atteint un certain montant avant de pouvoir retirer vos gains, et vous pourriez \u00eatre limit\u00e9 sur le montant que vous pouvez d\u00e9poser \u00e0 tout moment. N&#8217;oubliez pas que ces conditions varient d&#8217;un casino \u00e0 l&#8217;autre et qu&#8217;il est donc important de les v\u00e9rifier chaque fois que vous vous lancez dans un casino.<\/p>\n<h2>Plate-forme Nektan &#8211; Evolve<\/h2>\n<p>Evolve est la plate-forme technologique du casino en marque blanche qui est responsable de la gestion de l&#8217;ensemble de l&#8217;exp\u00e9rience de l&#8217;exploitant du casino, y compris toutes les op\u00e9rations de back-office. En d&#8217;autres termes, cela signifie que les partenaires commerciaux impliqu\u00e9s sur le site peuvent se concentrer enti\u00e8rement sur l&#8217;acquisition de joueurs &#8211; un \u00e9l\u00e9ment crucial pour tout casino. Il s&#8217;agit d&#8217;une option qui offre du contenu HTML5 provenant de plus de 15 des fournisseurs de jeux les plus r\u00e9put\u00e9s et qui permet au site de travailler avec les meilleurs jeux de l&#8217;industrie pour agr\u00e9ger leurs titres de premier niveau sur la plateforme.<\/p>\n<p>Evolve est responsable de toute une s\u00e9rie d&#8217;op\u00e9rations &#8216;back of house&#8217; qui sont essentielles pour une exp\u00e9rience de casino douce et agr\u00e9able pour les joueurs. Il s&#8217;agit notamment de s&#8217;assurer que tout le contenu des jeux est de la plus haute qualit\u00e9 et qu&#8217;il est diffus\u00e9 sur des plates-formes accessibles, lisses et exemptes de bogues. Le support et la gestion des membres VIP font \u00e9galement partie de cette cat\u00e9gorie, de m\u00eame que le maintien d&#8217;un support client multilingue, garantissant que tous les joueurs sont totalement s\u00e9curis\u00e9s et pris en charge \u00e0 chaque \u00e9tape de l&#8217;exp\u00e9rience de jeu. <a href=\"\/fr\/options-dachat\/\">Les paiements<\/a>, la fraude et la s\u00e9curit\u00e9 sont \u00e9galement trait\u00e9s ici, ce qui signifie qu&#8217;il faut s&#8217;assurer que le cryptage SSL et la technologie similaire sont toujours totalement \u00e0 jour pour assurer la s\u00e9curit\u00e9 des informations et des donn\u00e9es des joueurs, ainsi que la r\u00e9vision r\u00e9guli\u00e8re des licences et contr\u00f4les. La fid\u00e9lisation des joueurs est \u00e9galement un aspect crucial du r\u00f4le d&#8217;Evolve &#8211; c&#8217;est tr\u00e8s bien d&#8217;avoir de nouveaux joueurs \u00e0 bord, mais le vrai truc est de les satisfaire et de les divertir en leur offrant un excellent service, des jeux de qualit\u00e9, des offres et des aubaines tentantes.<\/p>\n<p>Evolve est un aspect tr\u00e8s important de Nektan, et pour les joueurs, ce sont eux qui sont responsables de la qualit\u00e9 \u00e0 chaque \u00e9tape. Cela laisse les autres aspects de l&#8217;entreprise libres de se concentrer sur diff\u00e9rents domaines, et de travailler \u00e0 cr\u00e9er une exp\u00e9rience de casino douce et excitante sur le site.<\/p>\n<h2>S\u00e9curit\u00e9 et licences<\/h2>\n<p>Une partie importante de tout casino est de s&#8217;assurer que la s\u00e9curit\u00e9 est une consid\u00e9ration majeure, et c&#8217;est particuli\u00e8rement vrai pour un site avec la r\u00e9putation de Nektans. Tous les sites approuv\u00e9s et cr\u00e9\u00e9s par Nektan sont sous licence de la Commission des jeux du Royaume-Uni et de la Gibraltar Licensing Authority. De plus, ils s&#8217;assurent que tous les sites sont enti\u00e8rement crypt\u00e9s par la technologie SSL, et soumis \u00e0 des contr\u00f4les al\u00e9atoires et \u00e0 des g\u00e9n\u00e9rateurs pour assurer un jeu totalement \u00e9quitable. Cela permet aux joueurs de se d\u00e9tendre, de s&#8217;amuser et de profiter d&#8217;un jeu de haute qualit\u00e9 sans aucun souci &#8211; juste du plaisir !<\/p>\n","protected":false},"excerpt":{"rendered":"<p>Nektan Casinos Quand il s&#8217;agit de grands noms dans le monde des casinos en ligne, Nektan devient instantan\u00e9ment reconnaissable par une grande majorit\u00e9 de fans. Ils sont responsables de la production de certains des plus grands noms des casinos et ont prouv\u00e9 \u00e0 maintes reprises que la qualit\u00e9 sup\u00e9rieure est une priorit\u00e9 absolue dans tous [&hellip;]<\/p>\n","protected":false},"author":11,"featured_media":2118,"parent":163,"menu_order":0,"comment_status":"closed","ping_status":"closed","template":"","meta":{"_acf_changed":false,"footnotes":""},"class_list":["post-2117","page","type-page","status-publish","has-post-thumbnail","hentry"],"acf":[],"_links":{"self":[{"href":"https:\/\/www.minimumdepositcasinos.org\/fr\/wp-json\/wp\/v2\/pages\/2117","targetHints":{"allow":["GET"]}}],"collection":[{"href":"https:\/\/www.minimumdepositcasinos.org\/fr\/wp-json\/wp\/v2\/pages"}],"about":[{"href":"https:\/\/www.minimumdepositcasinos.org\/fr\/wp-json\/wp\/v2\/types\/page"}],"author":[{"embeddable":true,"href":"https:\/\/www.minimumdepositcasinos.org\/fr\/wp-json\/wp\/v2\/users\/11"}],"replies":[{"embeddable":true,"href":"https:\/\/www.minimumdepositcasinos.org\/fr\/wp-json\/wp\/v2\/comments?post=2117"}],"version-history":[{"count":2,"href":"https:\/\/www.minimumdepositcasinos.org\/fr\/wp-json\/wp\/v2\/pages\/2117\/revisions"}],"predecessor-version":[{"id":2120,"href":"https:\/\/www.minimumdepositcasinos.org\/fr\/wp-json\/wp\/v2\/pages\/2117\/revisions\/2120"}],"up":[{"embeddable":true,"href":"https:\/\/www.minimumdepositcasinos.org\/fr\/wp-json\/wp\/v2\/pages\/163"}],"wp:featuredmedia":[{"embeddable":true,"href":"https:\/\/www.minimumdepositcasinos.org\/fr\/wp-json\/wp\/v2\/media\/2118"}],"wp:attachment":[{"href":"https:\/\/www.minimumdepositcasinos.org\/fr\/wp-json\/wp\/v2\/media?parent=2117"}],"curies":[{"name":"wp","href":"https:\/\/api.w.org\/{rel}","templated":true}]}}