{"id":2147,"date":"2019-10-23T09:16:33","date_gmt":"2019-10-23T09:16:33","guid":{"rendered":"https:\/\/www.minimumdepositcasinos.org\/fr\/?page_id=2147"},"modified":"2019-10-30T08:07:40","modified_gmt":"2019-10-30T08:07:40","slug":"tours-gratuits","status":"publish","type":"page","link":"https:\/\/www.minimumdepositcasinos.org\/fr\/revue-de-casino\/bob\/tours-gratuits\/","title":{"rendered":"Revue de Tours Gratuits de Bob Casino"},"content":{"rendered":"<p><a href=\"https:\/\/www.minimumdepositcasinos.org\/fr\/revue-de-casino\/bob\/\">Bob Casino est un casino qui offre<\/a> \u00e0 ses joueurs la meilleure exp\u00e9rience de casino. Les joueurs peuvent choisir parmi une grande vari\u00e9t\u00e9 de jeux, avec des bonus et des tours gratuits qui les motivent \u00e0 jouer encore plus. Depuis sa cr\u00e9ation en 2017, Bob Casino a acquis une bonne r\u00e9putation parmi les joueurs de casino du monde entier. Le Bob Casino est aim\u00e9 par les amateurs de casinos qui appr\u00e9cient les casinos qui offrent une large gamme de jeux qui viennent avec des promotions et des bonus suppl\u00e9mentaires. La conception du site Web est conviviale et attrayante. Le site Web du Bob Casino est disponible en plusieurs langues, dont cinq dialectes europ\u00e9ens : russe, finnois, anglais, norv\u00e9gien et su\u00e9dois.<\/p>\n<p>La langue du site Web peut facilement \u00eatre chang\u00e9e \u00e0 partir du menu en haut \u00e0 droite de l&#8217;\u00e9cran o\u00f9 elle appara\u00eet sous forme de liste d\u00e9roulante.<\/p>\n<p>En plus d&#8217;\u00eatre disponible en cinq langues diff\u00e9rentes, Bob Casino est \u00e9galement facilement disponible sur les t\u00e9l\u00e9phones pour les utilisateurs, leur fournissant l&#8217;exp\u00e9rience du casino mobile. Cela permet aux joueurs de jouer facilement aux casinos en ligne non seulement sur leur ordinateur, mais aussi sur leur t\u00e9l\u00e9phone portable et sur des tablettes en mobilit\u00e9. Le site est compatible avec le t\u00e9l\u00e9phone, donc la r\u00e9solution s&#8217;adapte parfaitement \u00e0 l&#8217;\u00e9cran du t\u00e9l\u00e9phone, et les graphiques ne sont pas affect\u00e9s. Le jeu est \u00e9galement agr\u00e9able au t\u00e9l\u00e9phone et beaucoup plus facile par rapport au bureau.<\/p>\n<p>Les joueurs peuvent facilement naviguer \u00e0 travers le site Web car la page d&#8217;accueil est enr\u00f4l\u00e9e avec toutes les promotions &#8211; les bonus et les diff\u00e9rents jeux qui sont offerts aux joueurs sur le casino en ligne. Bob Casino est associ\u00e9 \u00e0 certains des plus grands fabricants de jeux vid\u00e9o tels que Bet Soft et Evolution Gaming. Il existe donc une vaste s\u00e9lection de jeux auxquels les utilisateurs peuvent jouer.<\/p>\n<h2>Bonus de Tours Gratuits<\/h2>\n<p>Bob Casino offre plusieurs promotions et bonus passionnants \u00e0 ses nouveaux joueurs et \u00e0 ses joueurs existants. Ceci inclut les tours gratuits qui varient pour chaque premier, deuxi\u00e8me et troisi\u00e8me tour et sans d\u00e9p\u00f4t. Il se trouve \u00e9galement \u00eatre l&#8217;un des rares <a href=\"\/fr\/5e-de-depot-minimum\/\">casinos de 5 d\u00e9p\u00f4ts qui fonctionnent en ligne.<\/a><\/p>\n<h3>Premier D\u00e9p\u00f4t Tours Gratuits (si applicable)<\/h3>\n<p>Le joueur re\u00e7oit un bonus de 100 % gratuit sur le premier d\u00e9p\u00f4t qui va jusqu&#8217;\u00e0 $100. Ceci va de pair avec les 100 tours gratuits pour le jeu Boom Anji qui est cr\u00e9dit\u00e9 de 25 tours par jour pendant 4 jours maximum.<\/p>\n<h3>Sans D\u00e9p\u00f4t Tours Gratuits (si applicable)<\/h3>\n<p>Les nouveaux joueurs re\u00e7oivent un bonus de 10 tours gratuits pour le jeu Book of Aztec juste apr\u00e8s le processus d&#8217;inscription. Ceci peut \u00eatre activ\u00e9 dans le profil du joueur une fois l&#8217;enregistrement termin\u00e9.<\/p>\n<h3>Exigences de Mise<\/h3>\n<p>Il y a certaines conditions qui doivent \u00eatre remplies par les utilisateurs afin de pouvoir b\u00e9n\u00e9ficier des promotions et des bonus disponibles sur le site du Bob Casino. Les bonus sont utilisables par une seule personne du m\u00eame compte. Pour obtenir les bonus de d\u00e9p\u00f4t, le joueur doit d\u00e9poser un montant minimum de 25 CAD, 25 NZD, 200 NOK, ou 20 $. Une fois le bonus activ\u00e9, la mise ne doit pas d\u00e9passer le montant de 6,5 CAD, 6,5 NZD, 20 PLN, ou $5. Apr\u00e8s que le bonus est donn\u00e9 \u00e0 l&#8217;utilisateur, il peut l&#8217;utiliser apr\u00e8s avoir jou\u00e9 avec l&#8217;argent r\u00e9el de son compte.<\/p>\n<p>Le retrait du montant peut \u00eatre demand\u00e9 par le joueur avant que les conditions de mise sont remplies. Le bonus g\u00e9n\u00e9r\u00e9 par les <a href=\"https:\/\/www.minimumdepositcasinos.org\/fr\/tours-gratuits\/\">tours gratuits<\/a> et les d\u00e9p\u00f4ts est mis\u00e9 \u00e0 x40. Les bonus peuvent \u00eatre activ\u00e9s un \u00e0 la fois, ce qui signifie que plusieurs bonus ne peuvent pas \u00eatre utilis\u00e9s en une seule fois.<\/p>\n<p>Si un joueur tente d&#8217;aller \u00e0 contre les r\u00e8gles et r\u00e8glements des tours gratuits, le Bob Casino d\u00e9tient tous les droits l\u00e9gaux d&#8217;annuler leurs bonus de tours gratuits, et de r\u00e9clamer le montant gagn\u00e9 en utilisant ces bonus.<\/p>\n<p>Les bonus de d\u00e9p\u00f4t sont disponibles pour tout le monde sauf pour les r\u00e9sidents de Serbie et de Croatie. Le bonus peut \u00eatre utilis\u00e9 seulement apr\u00e8s que l&#8217;argent r\u00e9el est mis dans le pari par l&#8217;utilisateur. Pour activer le bonus, le code bonus doit \u00eatre utilis\u00e9 alors que pour activer les tours gratuits, un joueur doit les activer sur son compte.<\/p>\n<p>Les tours gratuits sont disponibles pour plusieurs pays, mais ils ne sont pas applicables aux pays suivants:<\/p>\n<p>Kazakhstan (KZ), Vietnam (VN), Bahre\u00efn (BH), \u00c9gypte (EG), Iran, R\u00e9publique islamique d&#8217; (IR), Iraq (IQ), Kowe\u00eft (KW), Oman (OM), Palestine, \u00c9tat de (PS), R\u00e9publique arabe syrienne (SY), Y\u00e9men (YE), Mongolie (MN), Alg\u00e9rie (DZ), Angola (AO), B\u00e9nin (BJ), Botswana (BW), Burundi (BI), Cameroun (CM), Cap-Vert (CV), Comores (KM), Djibouti (DJ), \u00c9rythr\u00e9e (ER), \u00c9thiopie (ET), Gambie (GM), Ghana (GH), Guin\u00e9e (GN), Guin\u00e9e (TD), Guin\u00e9e \u00e9quatoriale (GQ), Tchad (G), \u00c9rythr\u00e9e (ER), Guin\u00e9e (GN), Guin\u00e9e-Bissau (GW), C\u00f4te d&#8217;Ivoire (CI), Kenya (KE), Somalie (SO), Sud-Soudan (SS), Soudan (SD), Swaziland (SZ), Tanzanie, Ouganda (UG), Togo (TG), Tunisie (TN), Zambie (ZM), Zimbabwe (ZW), Gr\u00e8ce (GR), Maurice (MU), Slov\u00e9nie (SI), Croatie (HR), Bosnie-Herz\u00e9govine (BA), Mac\u00e9doine, R\u00e9publique de Mac\u00e9doine (MK), Mont\u00e9n\u00e9gro (ME), Serbie (RS) et quelques autres pays que l&#8217;on peut voir sur le site de Bob Casino.<\/p>\n<p>Comme les pays, il y a aussi quelques jeux sur lesquels la promotion et le bonus ne sont pas applicables, comme Gems Odyssey 92&#8243;, Hot Inkle Kaffee Bar, Magic of Sahar, Medusa., Peek-a-Boo &#8211; 5 Reel, Pets Go Wild, Reel Gems, etc.<\/p>\n<ul>\n<li>Ai-je Besoin d&#8217;un Code Bonus pour Mes Tours Gratuits?<\/li>\n<\/ul>\n<p>Les codes bonus doivent \u00eatre saisis pour chaque rotation gratuite diff\u00e9rente de chaque d\u00e9p\u00f4t. Pour le premier bonus de d\u00e9p\u00f4t, le code de bonus est &#8220;<strong>BEHAPPY<\/strong>&#8220;, qui doit \u00eatre entr\u00e9 au moment du d\u00e9p\u00f4t.<\/p>\n<ul>\n<li>Puis-je Aussi Utiliser Mes Tours Gratuits sur D&#8217;autres Machines \u00e0 Sous?<\/li>\n<\/ul>\n<p>Non sp\u00e9cifi\u00e9<\/p>\n<h3>Autres Promotions de Tours Gratuits (si applicable)<\/h3>\n<p>Il y a aussi plusieurs autres promotions gratuites pour les joueurs de Bob Casino, qui se classe parmi les 5 casinos de d\u00e9p\u00f4t. Il offre des r\u00e9compenses VIP aux joueurs comme de l&#8217;argent comptant et des tours gratuits pour jouer \u00e0 des jeux sur Bob Casino. Les r\u00e9compenses deviennent plus actives avec une plus longue dur\u00e9e de jeu sur le casino. Il y a un second bonus de 200$, qui est un bonus de 50% sur le second d\u00e9p\u00f4t du joueur.<\/p>\n<p>Le code pour un deuxi\u00e8me bonus de d\u00e9p\u00f4t est &#8220;<strong>JUNGLE<\/strong>.\u201d Sur le troisi\u00e8me d\u00e9p\u00f4t, Bob Casino offre non seulement 50% jusqu&#8217;\u00e0 200\u20ac mais aussi 30 parties gratuites aux joueurs de Tipsy Tourist. Le code de cette promotion est &#8220;<strong>BOBONELOVE<\/strong>.&#8221;<\/p>\n<h2>D\u00e9p\u00f4ts et M\u00e9thodes de Retrait<\/h2>\n<p>Bob Casino offre un grand nombre de m\u00e9thodes de paiement et de retrait aux joueurs, ce qui est une caract\u00e9ristique qui se distingue des autres sites Web. Les diff\u00e9rentes m\u00e9thodes rendent ce casino en ligne assez progressif et offrent des m\u00e9thodes de paiement plus faciles pour les joueurs.<\/p>\n<p>Cependant, il y a une certaine limite au montant du retrait qui peut \u00eatre effectu\u00e9 sur le site Web. Ce montant est limit\u00e9 \u00e0 40 000 $ par mois, 10 000 $ par semaine et 4000 $ par jour. Les diff\u00e9rentes m\u00e9thodes de d\u00e9p\u00f4t sont les suivantes:<\/p>\n<ol>\n<li>TrustLy avec une limite sur les transactions de minimum $10 et de maximum $4,000.<\/li>\n<li>Ecopayz avec un maximum de $1000 et un minimum de $5.<\/li>\n<li>Interac avec un minimum de 10 $ et un maximum de 4 000 $ par transaction.<\/li>\n<li>Neosurf avec un minimum de $10 et un maximum de $4,000 par transaction.<\/li>\n<li><a href=\"https:\/\/www.minimumdepositcasinos.org\/fr\/options-dachat\/neteller\/\">Neteller<\/a> Porte-monnaie \u00e9lectronique avec un <a href=\"\/fr\/20e-de-depot-minimum\/\">minimum de $20<\/a> et un maximum $4,000.<\/li>\n<li>Skrill Moneybookers avec un maximum de $10000 et un minimum de $20.<\/li>\n<li>Carte de cr\u00e9dit Maestro avec une limite maximale de $10000 et un minimum de $10.<\/li>\n<li>Klarna avec une limite maximale de $4000 et un minimum de $20<\/li>\n<li>Mastercard avec une limite de transaction de minimum $10 et de maximum $10,000.<\/li>\n<li>Carte de cr\u00e9dit Visa avec une limite de transaction d&#8217;au moins 10 $ et d&#8217;au plus 10 000 $.<\/li>\n<li>Paysafe.card avec un <a href=\"\/fr\/10e-de-depot-minimum\/\">minimum de 10 $<\/a> de transaction et un maximum de 4000 $ de transaction. Tout comme les m\u00e9thodes de d\u00e9p\u00f4t, le retrait peut \u00e9galement \u00eatre effectu\u00e9 avec plusieurs options diff\u00e9rentes, selon les besoins de l&#8217;utilisateur.<\/li>\n<li>Carte de cr\u00e9dit Visa avec une limite de transaction de minimum $20 et de maximum $4000<\/li>\n<li><a href=\"https:\/\/www.minimumdepositcasinos.org\/fr\/options-dachat\/paysafecard\/\">Paysafecard<\/a> avec une transaction minimale de $20 et une transaction maximale de $4000.<\/li>\n<li>Trustly avec une limite sur les transactions de minimum $20 et de maximum $4,000.<\/li>\n<li>Mastercard avec une limite de transaction de minimum $20 et de maximum $4,000.<\/li>\n<li>Virement bancaire avec un retrait minimum de $500 et un retrait maximum de $4,000.<\/li>\n<li>Skrill Moneybookers avec un maximum de $4000 et un minimum de $20.<\/li>\n<li>Porte-monnaie \u00e9lectronique Neteller avec un minimum de $20 et un maximum de $4,000.<\/li>\n<li>Ecopayz avec une limite maximale de $4000 et un minimum de $10 par transaction.<\/li>\n<\/ol>\n<h2>Notre Verdict<\/h2>\n<p>Bob Casino offre une vaste gamme de jeux \u00e0 ses joueurs, ainsi que des promotions et des bonus attrayants. Le support client fonctionne 24h\/24 et 7j\/7, ce qui est un avantage pour les d\u00e9butants. Il peut \u00eatre class\u00e9 comme l&#8217;un des meilleurs casinos en raison de son grand nombre de jeuxIl offre \u00e9galement de nombreux modes de paiement possibles pour les joueurs. En raison des diff\u00e9rentes offres all\u00e9chantes pr\u00e9sent\u00e9es par chaque site web, il est assez difficile de choisir et de s\u00e9lectionner la meilleure. Cependant, Bob Casino est pr\u00e9f\u00e9r\u00e9 par la plupart des joueurs car il offre \u00e0 ses joueurs une exp\u00e9rience dont ils se souviendront \u00e0 coup s\u00fbr. Le nombre de bonus et de tours gratuits fournis par le site sont quelques uns des facteurs importants qui sont pris en consid\u00e9ration lorsque le choix est fait par la plupart des joueurs. C&#8217;est pourquoi Bob Casino est toujours choisi par la plupart des amateurs de casinos. <a href=\"\/fr\/revue-de-casino\/bob\/mobile\/\">Bob Casino Mobile<\/a> fait partie des casinos en ligne qui offrent des tours gratuits \u00e0 ses utilisateurs ainsi qu&#8217;une interface conviviale pour que les clients appr\u00e9cient leur exp\u00e9rience sur le casino en ligne.<\/p>\n","protected":false},"excerpt":{"rendered":"<p>Bob Casino est un casino qui offre \u00e0 ses joueurs la meilleure exp\u00e9rience de casino. Les joueurs peuvent choisir parmi une grande vari\u00e9t\u00e9 de jeux, avec des bonus et des tours gratuits qui les motivent \u00e0 jouer encore plus. Depuis sa cr\u00e9ation en 2017, Bob Casino a acquis une bonne r\u00e9putation parmi les joueurs de [&hellip;]<\/p>\n","protected":false},"author":11,"featured_media":2154,"parent":581,"menu_order":0,"comment_status":"closed","ping_status":"closed","template":"page_review_card_child.php","meta":{"_acf_changed":false,"footnotes":""},"class_list":["post-2147","page","type-page","status-publish","has-post-thumbnail","hentry"],"acf":[],"_links":{"self":[{"href":"https:\/\/www.minimumdepositcasinos.org\/fr\/wp-json\/wp\/v2\/pages\/2147","targetHints":{"allow":["GET"]}}],"collection":[{"href":"https:\/\/www.minimumdepositcasinos.org\/fr\/wp-json\/wp\/v2\/pages"}],"about":[{"href":"https:\/\/www.minimumdepositcasinos.org\/fr\/wp-json\/wp\/v2\/types\/page"}],"author":[{"embeddable":true,"href":"https:\/\/www.minimumdepositcasinos.org\/fr\/wp-json\/wp\/v2\/users\/11"}],"replies":[{"embeddable":true,"href":"https:\/\/www.minimumdepositcasinos.org\/fr\/wp-json\/wp\/v2\/comments?post=2147"}],"version-history":[{"count":5,"href":"https:\/\/www.minimumdepositcasinos.org\/fr\/wp-json\/wp\/v2\/pages\/2147\/revisions"}],"predecessor-version":[{"id":2163,"href":"https:\/\/www.minimumdepositcasinos.org\/fr\/wp-json\/wp\/v2\/pages\/2147\/revisions\/2163"}],"up":[{"embeddable":true,"href":"https:\/\/www.minimumdepositcasinos.org\/fr\/wp-json\/wp\/v2\/pages\/581"}],"wp:featuredmedia":[{"embeddable":true,"href":"https:\/\/www.minimumdepositcasinos.org\/fr\/wp-json\/wp\/v2\/media\/2154"}],"wp:attachment":[{"href":"https:\/\/www.minimumdepositcasinos.org\/fr\/wp-json\/wp\/v2\/media?parent=2147"}],"curies":[{"name":"wp","href":"https:\/\/api.w.org\/{rel}","templated":true}]}}