{"id":2150,"date":"2019-10-23T13:12:44","date_gmt":"2019-10-23T13:12:44","guid":{"rendered":"https:\/\/www.minimumdepositcasinos.org\/fr\/?page_id=2150"},"modified":"2019-10-23T13:12:45","modified_gmt":"2019-10-23T13:12:45","slug":"miami-jackpots","status":"publish","type":"page","link":"https:\/\/www.minimumdepositcasinos.org\/fr\/revue-de-casino\/miami-jackpots\/","title":{"rendered":"Miami Jackpots"},"content":{"rendered":"<p>Il est temps d&#8217;augmenter la temp\u00e9rature et de passer de bons moments avec Miami Jackpot ! C&#8217;est un casino qui prend des mesures pour s&#8217;assurer que le plaisir est au premier plan de tout ce qu&#8217;ils font et de concentrer toute leur \u00e9nergie \u00e0 aider \u00e0 faire en sorte que leurs clients sont d\u00e9tendus, r\u00e9compens\u00e9s et riches! Avec une offre de bienvenue qui vous permet d&#8217;obtenir un bonus de match de 100%, une foule de titres de jeux les plus chauds sur le march\u00e9, et la chance de mettre la main sur des prix vraiment cool, il est temps de mettre votre beachwear et tra\u00eener dans la haute vie de Miami &#8211; le surf est purement facultatif.<\/p>\n<h2>Bonus et Promotions<\/h2>\n<p>Tous les casinos comprendront qu&#8217;il y a deux \u00e9l\u00e9ments cl\u00e9s qui aident les clients \u00e0 passer la porte : des jeux incroyables des meilleurs fournisseurs, et des bonus tentants qui les aident \u00e0 tirer le meilleur parti de leur argent. D&#8217;une intrigante offre de bienvenue \u00e0 une nouvelle coutume, en passant par des bonus de longue dur\u00e9e qui r\u00e9compensent les joueurs fid\u00e8les, le Jackpot de Miami a toute cette cat\u00e9gorie sous contr\u00f4le, et il y a plein de chances incroyables de gagner!<\/p>\n<h3>Bonus de Bienvenue<\/h3>\n<p>Tous les nouveaux joueurs sur le site seront imm\u00e9diatement accueillis avec un bonus de bienvenue lucratif et tentant, ce qui vous aidera certainement \u00e0 lancer les choses sur la bonne note! Les jackpots de Miami offrent un match tentant \u00e0 100% jusqu&#8217;\u00e0 un total de $50, plus la chance de mettre la main sur 50 tours gratuits! Cela combine deux des offres les plus populaires et permet aux joueurs d&#8217;explorer et de profiter du site \u00e0 leur guise, sans craindre de risquer leur propre argent. <a href=\"https:\/\/www.minimumdepositcasinos.org\/fr\/tours-gratuits\/\">Les tours gratuits permettent \u00e9galement aux joueurs de profiter de l&#8217;un des jeux les plus<\/a> populaires sur le march\u00e9 &#8211; Book of the Dead &#8211; et de construire leur pot sans souci &#8211; c&#8217;est un vrai double bonus dans tous les sens du mot!<\/p>\n<h3>Autres Promotions<\/h3>\n<p>Si la g\u00e9n\u00e9rosit\u00e9 de l&#8217;offre de bienvenue n&#8217;\u00e9tait pas suffisante, il y a beaucoup de chances d&#8217;obtenir vos offres et offres pratiques une fois que cela a \u00e9t\u00e9 jou\u00e9. Miami Jackpots offre un \u00e9ventail r\u00e9gulier de promotions et d&#8217;offres, allant des bonus de match imbattables aux tours gratuits suppl\u00e9mentaires \u00e0 d\u00e9penser sur les jeux les plus populaires. Beaucoup d&#8217;entre eux sont sensibles au facteur temps ou limit\u00e9s \u00e0 une p\u00e9riode particuli\u00e8re, il est donc important que vous soyez super alerte et conscient, et revenez r\u00e9guli\u00e8rement sur le site pour ne rien manquer. Tirez le meilleur parti de chaque chance, et vous pouvez augmenter vos profits et vos gains!<\/p>\n<h3>Exigences en mati\u00e8re de Play-through (Exigences de mise)<\/h3>\n<p>Comme pour toute offre, les joueurs doivent \u00eatre tr\u00e8s attentifs aux exigences de mise qui accompagnent l&#8217;offre de bienvenue. C&#8217;est le nombre de fois qu&#8217;un bonus, une promotion ou une donne devra \u00eatre jou\u00e9 par le joueur, avec le d\u00e9p\u00f4t et les gains, avant qu&#8217;il puisse retirer le montant total en esp\u00e8ces.<\/p>\n<p>Le chiffre a tendance \u00e0 varier d&#8217;un jeu \u00e0 l&#8217;autre et d&#8217;une donne \u00e0 l&#8217;autre, et il est donc important que les joueurs v\u00e9rifient toujours les petits caract\u00e8res pour \u00e9viter toute mauvaise surprise. En ce qui concerne le bonus de Miami Jackpot, il doit \u00eatre jou\u00e9 avec un minimum de 30x, et les tours gratuits un minimum de 60x avant que les conditions de mise ne soient remplies. Les joueurs doivent \u00e9galement noter que seules les machines \u00e0 sous comptent pour satisfaire aux exigences de 60x des tours gratuits, et il est donc important d&#8217;avoir un plan d&#8217;action clair en place avant d&#8217;accepter de vous engager au bonus.<\/p>\n<h3>VIP &amp; Fid\u00e9lit\u00e9 *<\/h3>\n<p>Bien qu&#8217;il soit ind\u00e9niablement important de r\u00e9compenser et d&#8217;attirer de nouveaux clients, il y a un autre \u00e9l\u00e9ment d\u00e9mographique que tous les casinos doivent prendre en compte pour r\u00e9ussir : les joueurs fid\u00e8les et loyaux qui sont revenus pour profiter du site \u00e0 maintes reprises. Un bon programme VIP est crucial pour que ces joueurs se sentent reconnus et inclus, et Miami Jackpot le reconna\u00eet rapidement avec son programme de fid\u00e9lit\u00e9 exclusif.<\/p>\n<p>D\u00e8s que vous commencez \u00e0 jouer \u00e0 vos jeux pr\u00e9f\u00e9r\u00e9s avec Miami Jackpot, vous avez rejoint le fantastique programme de fid\u00e9lit\u00e9, et vous commencerez \u00e0 gagner des points. Les diff\u00e9rents jeux ont des poids diff\u00e9rents, et vous gagnerez un certain nombre de points en fonction du montant que vous misez ; les chiffres exacts pour chaque jeu dans chaque devise sont pr\u00e9sent\u00e9s sur le site Web pour une r\u00e9f\u00e9rence facile et continue.<\/p>\n<p>En r\u00e8gle g\u00e9n\u00e9rale, parier $20 sur les machines \u00e0 sous, les jeux de grattage ou les Doubles Heaven vous rapportera un point, et $40 sur Let Them Ride ou Hi&amp;Lo vous rapportera un point. Quand il s&#8217;agit de Casino Hold&#8217;Em et de Poker des Cara\u00efbes, vous devrez miser $60 pour un point, et Video Poker, <a href=\"https:\/\/www.minimumdepositcasinos.org\/fr\/jeux\/blackjack\/\">Blackjack<\/a>, Baccarat, Punto Banco, Roulette, et Big Wheel doivent tous avoir pari\u00e9 $80 pour gagner un point.<\/p>\n<p>Il y a 6 niveaux de membres &#8211; Bronze, Argent, Or, Platine, Platine, Diamant et Diamant Rouge, et tous n\u00e9cessitent un certain nombre de points pour passer au niveau suivant. Entre 0 et 400, vous \u00eates Bronze, 401 &#8211; 1000 est Argent, 1001 &#8211; 2000 est Or, 2001 &#8211; 20000 est Platine, 20001 &#8211; 80000 est Diamant, et l&#8217;\u00e9lite qui le d\u00e9passe est class\u00e9e dans la cat\u00e9gorie&#8217;Diamant Rouge&#8217;. Comme vous pouvez l&#8217;imaginer, il faut un certain temps pour gravir les \u00e9chelons, et il y a des critiques sur le montant qui doit \u00eatre d\u00e9pens\u00e9 pour certains jeux pour progresser.<\/p>\n<p>Les membres du Club VIP b\u00e9n\u00e9ficient de nombreux avantages, allant d&#8217;une offre de bonus mensuel \u00e0 des limites de d\u00e9p\u00f4t plus \u00e9lev\u00e9es et des paiements plus rapides, en passant par un gestionnaire VIP d\u00e9di\u00e9 et la possibilit\u00e9 de b\u00e9n\u00e9ficier d&#8217;un bonus d&#8217;anniversaire annuel ! Vous n&#8217;augmentez votre niveau que si vous d\u00e9pensez de l&#8217;argent, et c&#8217;est donc un programme qui r\u00e9compense vraiment ceux qui sont les plus actifs.<\/p>\n<h2>Comment commencer \u00e0 jouer<\/h2>\n<p>Les Jackpots de Miami font de la mise en route un processus simple et indolore. En vous rendant sur le site, vous verrez l&#8217;option&#8217;Inscription&#8217; et ce lien vous am\u00e8ne directement au formulaire d&#8217;inscription. Vous aurez besoin de quelques d\u00e9tails de base, tels que votre nom, votre date de naissance et votre adresse \u00e9lectronique, et vous devrez ensuite v\u00e9rifier votre compte par courriel. Une fois l&#8217;administration termin\u00e9e, vous \u00eates libre de faire votre d\u00e9p\u00f4t initial et de commencer!<\/p>\n<h2>Paiements<\/h2>\n<p>Effectuer des paiements est un mal n\u00e9cessaire pour tout site de casino en ligne, et une bonne soci\u00e9t\u00e9 va essayer de rendre cela aussi facile que possible pour les joueurs. Miami Jackpot offre une grande <a href=\"\/fr\/options-dachat\/\">vari\u00e9t\u00e9 d&#8217;options de paiement<\/a>, assurant aux joueurs la flexibilit\u00e9 dont ils ont besoin.<\/p>\n<h3>Modes de D\u00e9p\u00f4t<\/h3>\n<p>Faire un d\u00e9p\u00f4t est bien s\u00fbr n\u00e9cessaire pour d\u00e9clencher la plupart des bonus, et Miami Jackpots offre de nombreuses options pour leurs clients. Certains des choix les plus populaires comprennent Visa, PayPal, <a href=\"https:\/\/www.minimumdepositcasinos.org\/fr\/options-dachat\/mastercard\/\">MasterCard<\/a>, ComGate, Trustly, Abaqoos, Sofortuberweisung, Todito Cash, Citadel Instant Banking, eKonto, EcoPayz, DineroMail, Skrill, GiroPay, Neteller, PostePay, Paysafe Card, Lottomaticard, Virement bancaire rapide, Nordea, Yandex Money, QIWI, Entropay, Teleingreso, eWire, EPS, WebMoney, Multibanco, WireCard, Euteller, Zimpler et Boleto.<\/p>\n<h3>D\u00e9p\u00f4ts Minimum et Maximum<\/h3>\n<p>Un <a href=\"\/fr\/10e-de-depot-minimum\/\">minimum de 10$ doit \u00eatre d\u00e9pos\u00e9<\/a> pour d\u00e9clencher le bonus de bienvenue, et le Miami Jackpot a une limite maximum de $50 de d\u00e9p\u00f4t.<\/p>\n<h3>M\u00e9thodes et D\u00e9lais de Retrait<\/h3>\n<p>Quand il s&#8217;agit de mettre la main sur votre argent, Miami Jackpot a beaucoup d&#8217;options, et ceux-ci incluent Visa, <a href=\"https:\/\/www.minimumdepositcasinos.org\/fr\/options-dachat\/paypal\/\">PayPal<\/a>, MasterCard, virement bancaire, Skrill, <a href=\"https:\/\/www.minimumdepositcasinos.org\/fr\/options-dachat\/paysafecard\/\">PaysafeCard<\/a>, Neteller et EcoPayz.<\/p>\n<h2>Jeux<\/h2>\n<p>Il va sans dire qu&#8217;une vaste <a href=\"https:\/\/www.minimumdepositcasinos.org\/fr\/jeux\/\">biblioth\u00e8que de grands jeux<\/a> est au c\u0153ur de chaque casino \u00e9tonnant, et c&#8217;est une r\u00e9gion de Miami Jackpot excellent dans. Des machines \u00e0 sous aux jeux de table, il y en a vraiment pour tous les go\u00fbts et une assez grande vari\u00e9t\u00e9 pour ne jamais vous ennuyer, peu importe la dur\u00e9e de votre s\u00e9jour!<\/p>\n<h3>Machines \u00e0 sous<\/h3>\n<p>Il n&#8217;est peut-\u00eatre pas surprenant que les machines \u00e0 sous soient le choix le plus populaire sur le site, et il y a un choix vertigineux de meilleurs titres pour les joueurs. Parmi les choix les plus populaires, mentionnons Book of Dead, Vikings Go Bezerk, Gonzo&#8217;s Wild Quest, Starburst et Wolf Gold &#8211; ce sont des exemples parmi tant d&#8217;autres.<\/p>\n<h3>Jeux de Table<\/h3>\n<p>Si les jeux de table sont plus votre style, il ya beaucoup de choix. Le Blackjack et la <a href=\"https:\/\/www.minimumdepositcasinos.org\/fr\/jeux\/roulette\/\">Roulette<\/a> sont les meilleurs choix, et le Miami Jackpot offre \u00e9galement un choix de jeux de vid\u00e9o poker.<\/p>\n<h3>Jeux du Croupier en Direct<\/h3>\n<p>Une option Live Dealer est un must pour de nombreux fans de casino, et avec Evolution Gaming dans les coulisses, vous pouvez \u00eatre assur\u00e9 que vous allez vous faire plaisir. Avec des options telles que Live Dream Catcher, Live Blackjack et Live Roulette, c&#8217;est l&#8217;occasion parfaite de s&#8217;impr\u00e9gner de l&#8217;atmosph\u00e8re du casino, peu importe o\u00f9 vous jouez.<\/p>\n<h2>Mobile et Applications<\/h2>\n<p>Pour vous aider \u00e0 am\u00e9liorer votre exp\u00e9rience de jeu, Miami Jackpots s&#8217;est assur\u00e9 que tous ses jeux sont <a href=\"\/fr\/appareils\/\">enti\u00e8rement optimis\u00e9s pour les mobiles<\/a>, vous permettant de profiter de vos machines \u00e0 sous et de vos jeux pr\u00e9f\u00e9r\u00e9s o\u00f9 que vous soyez.<\/p>\n<h2>S\u00e9curit\u00e9 et Licences<\/h2>\n<p>Les joueurs peuvent \u00eatre assur\u00e9s que leurs donn\u00e9es personnelles et financi\u00e8res sont conserv\u00e9es en toute s\u00e9curit\u00e9 gr\u00e2ce \u00e0 l&#8217;inclusion de TLS 1.2 sur l&#8217;ensemble du site pour crypter toutes les donn\u00e9es. De plus, Miami Jackpot est enti\u00e8rement licenci\u00e9 par la Malta Gaming Authority et la UK Gambling Commission.<\/p>\n<h2>Support Client<\/h2>\n<p>Les clients qui ont une requ\u00eate peuvent acc\u00e9der au Live Chat entre 6 heures du matin et minuit. Il est un peu d\u00e9cevant qu&#8217;il n&#8217;y ait pas d&#8217;acc\u00e8s 24 heures sur 24, mais il vaut la peine de mentionner que les joueurs peuvent envoyer un courriel au site.<\/p>\n<h2>Notre Verdict<\/h2>\n<p>Miami Jackpot est un casino en ligne amusant et frais qui offre une gamme brillante de jeux, et quelques offres tentantes. Les joueurs moins exp\u00e9riment\u00e9s peuvent \u00eatre un peu intimid\u00e9s par ces exigences strictes, et le syst\u00e8me VIP est un peu d\u00e9licat \u00e0 ma\u00eetriser, et b\u00e9n\u00e9ficiera seulement \u00e0 ceux qui d\u00e9pensent beaucoup d&#8217;argent.<\/p>\n","protected":false},"excerpt":{"rendered":"<p>Il est temps d&#8217;augmenter la temp\u00e9rature et de passer de bons moments avec Miami Jackpot ! C&#8217;est un casino qui prend des mesures pour s&#8217;assurer que le plaisir est au premier plan de tout ce qu&#8217;ils font et de concentrer toute leur \u00e9nergie \u00e0 aider \u00e0 faire en sorte que leurs clients sont d\u00e9tendus, r\u00e9compens\u00e9s [&hellip;]<\/p>\n","protected":false},"author":11,"featured_media":2166,"parent":16,"menu_order":0,"comment_status":"closed","ping_status":"closed","template":"page_review_card.php","meta":{"_acf_changed":false,"footnotes":""},"class_list":["post-2150","page","type-page","status-publish","has-post-thumbnail","hentry"],"acf":[],"_links":{"self":[{"href":"https:\/\/www.minimumdepositcasinos.org\/fr\/wp-json\/wp\/v2\/pages\/2150","targetHints":{"allow":["GET"]}}],"collection":[{"href":"https:\/\/www.minimumdepositcasinos.org\/fr\/wp-json\/wp\/v2\/pages"}],"about":[{"href":"https:\/\/www.minimumdepositcasinos.org\/fr\/wp-json\/wp\/v2\/types\/page"}],"author":[{"embeddable":true,"href":"https:\/\/www.minimumdepositcasinos.org\/fr\/wp-json\/wp\/v2\/users\/11"}],"replies":[{"embeddable":true,"href":"https:\/\/www.minimumdepositcasinos.org\/fr\/wp-json\/wp\/v2\/comments?post=2150"}],"version-history":[{"count":6,"href":"https:\/\/www.minimumdepositcasinos.org\/fr\/wp-json\/wp\/v2\/pages\/2150\/revisions"}],"predecessor-version":[{"id":2208,"href":"https:\/\/www.minimumdepositcasinos.org\/fr\/wp-json\/wp\/v2\/pages\/2150\/revisions\/2208"}],"up":[{"embeddable":true,"href":"https:\/\/www.minimumdepositcasinos.org\/fr\/wp-json\/wp\/v2\/pages\/16"}],"wp:featuredmedia":[{"embeddable":true,"href":"https:\/\/www.minimumdepositcasinos.org\/fr\/wp-json\/wp\/v2\/media\/2166"}],"wp:attachment":[{"href":"https:\/\/www.minimumdepositcasinos.org\/fr\/wp-json\/wp\/v2\/media?parent=2150"}],"curies":[{"name":"wp","href":"https:\/\/api.w.org\/{rel}","templated":true}]}}