{"id":2194,"date":"2019-10-23T15:15:07","date_gmt":"2019-10-23T15:15:07","guid":{"rendered":"https:\/\/www.minimumdepositcasinos.org\/fr\/?page_id=2194"},"modified":"2019-10-23T15:15:08","modified_gmt":"2019-10-23T15:15:08","slug":"stay-lucky","status":"publish","type":"page","link":"https:\/\/www.minimumdepositcasinos.org\/fr\/revue-de-casino\/stay-lucky\/","title":{"rendered":"Stay Lucky"},"content":{"rendered":"<p>Les nouveaux enfants du quartier, Stay Lucky casino, ont prouv\u00e9 qu&#8217;ils ont les comp\u00e9tences, les ressources et les outils pour tenir la distance avec leur site excitant et dynamique. D&#8217;un bonus de bienvenue qui permet aux nouveaux joueurs d&#8217;empocher 300% de bonus de match, \u00e0 une esth\u00e9tique brillante, color\u00e9e et amusante, il y a beaucoup \u00e0 aimer dans ce casino, et ils ont prouv\u00e9 qu&#8217;ils sont heureux de pouvoir se lancer et devenir un grand nom sur le march\u00e9.<\/p>\n<h2>Bonus et Promotions<\/h2>\n<p>Comme tous les fans de casino en ligne le savent, les bonus et les promotions sont tr\u00e8s importants. Ils permettent aux casinos de montrer leurs produits aux d\u00e9butants, ce qui leur donne une raison r\u00e9elle de s&#8217;aventurer et de d\u00e9poser leur argent durement gagn\u00e9. Pour les joueurs, les bonus sont l&#8217;occasion de voir ce que le casino a \u00e0 offrir, et de d\u00e9cider si c&#8217;est l&#8217;espace pour eux. Les clients fid\u00e8les et de retour ont \u00e9galement besoin de sentir qu&#8217;ils sont \u00e9cout\u00e9s et appr\u00e9ci\u00e9s, et une bonne affaire de promotion est vraiment utile \u00e0 cet \u00e9gard.<\/p>\n<h3>Bonus de Bienvenue<\/h3>\n<p>Vous avez une seule chance de faire une premi\u00e8re impression, et c&#8217;est particuli\u00e8rement vrai lorsque vous essayez un nouveau casino. Le site a besoin d&#8217;impressionner ses joueurs, et la g\u00e9n\u00e9rosit\u00e9 contribue grandement \u00e0 renforcer la positivit\u00e9 et la bonne volont\u00e9.<\/p>\n<p>Stay Lucky offre un bonus super impressionnant, qui permet aux joueurs de b\u00e9n\u00e9ficier d&#8217;un bonus de match de 300% jusqu&#8217;\u00e0 un total de $1000, plus 100 tours gratuits \u00e0 d\u00e9penser sur les jeux Betsoft ! Il s&#8217;agit d&#8217;une offre qui permet de cocher deux cases majeures et offre aux joueurs la possibilit\u00e9 de tirer le meilleur parti de leur d\u00e9p\u00f4t, tout en leur offrant la possibilit\u00e9 de profiter de <a href=\"\/fr\/tours-gratuits\/\">tours gratuits<\/a> sur une gamme de jeux parmi les plus populaires sur le march\u00e9. Le fait que les tours soient r\u00e9partis sur toute la gamme Betsoft, au lieu d&#8217;\u00eatre limit\u00e9s \u00e0 un ou deux jeux, est un autre avantage, car il offre beaucoup plus de choix et de chances de gagner, permettant aux clients d&#8217;explorer et de se faire une id\u00e9e du site dans son ensemble.<\/p>\n<p>Il s&#8217;agit d&#8217;un accord g\u00e9n\u00e9reux et lucratif qui est s\u00fbr d&#8217;\u00eatre super efficace pour attirer de nouveaux joueurs, et qui leur donne certainement une fantastique incitation \u00e0 s&#8217;inscrire!<\/p>\n<h3>Autres Promotions<\/h3>\n<p>En plus d&#8217;une offre de bienvenue tentante, Stay Lucky propose r\u00e9guli\u00e8rement des tours gratuits et d&#8217;autres bonus de casino, y compris des bonus de match et, en de rares occasions, des bonus sans d\u00e9p\u00f4t &#8211; ces derniers sont super rares et devraient \u00eatre gagn\u00e9s ! Il est important que les joueurs s&#8217;assurent qu&#8217;ils consultent r\u00e9guli\u00e8rement le site afin d&#8217;\u00e9viter tout risque d&#8217;erreur.<\/p>\n<p>Une fois par mois, les joueurs peuvent b\u00e9n\u00e9ficier du&#8217;Jackpot Reloader&#8217;, qui permet \u00e0 tous les clients de b\u00e9n\u00e9ficier d&#8217;un bonus de 125% sur leur d\u00e9p\u00f4t, simplement en entrant le code&#8217;<strong>JACKPOT<\/strong>&#8216;! C&#8217;est une fa\u00e7on brillante pour les clients fid\u00e8les et fid\u00e8les de se sentir valoris\u00e9s et appr\u00e9ci\u00e9s, tout en obtenant une aubaine incroyable!<\/p>\n<p>Si vous avez d\u00e9j\u00e0 \u00e9puis\u00e9 votre bonus de rechargement pour le mois, ne vous inqui\u00e9tez pas, vous pouvez en profiter tous les jours gr\u00e2ce \u00e0 l&#8217;offre Midweek Morning Madness, qui vous permet d&#8217;obtenir un bonus de match chaque jour! <a href=\"https:\/\/www.minimumdepositcasinos.org\/fr\/20-de-depot-minimum\/\">D\u00e9posez $20<\/a> et obtenez un bonus de 50% (jusqu&#8217;\u00e0 $50), d\u00e9posez $51 jusqu&#8217;\u00e0 $100 et obtenez un bonus de 75%, ou d\u00e9posez un d\u00e9p\u00f4t de $100 et profitez d&#8217;un incroyable 100% bonus! C&#8217;est une offre qui peut \u00eatre utilis\u00e9e du lundi au vendredi, de 6h \u00e0 11h59; tout ce dont vous avez besoin est le code de d\u00e9p\u00f4t -&#8216;<strong>MORNING<\/strong>&#8216; &#8211; et vous \u00eates sur le point de gagner beaucoup d&#8217;argent!<\/p>\n<p>Des parties gratuites sont \u00e9galement disponibles tous les dimanches, et les joueurs seront r\u00e9compens\u00e9s par une partie pour chaque partie jou\u00e9e pendant la semaine. Ceux-ci peuvent alors \u00eatre \u00e9chang\u00e9s un dimanche, et offrent une chance incroyable de maximiser vos profits potentiels sans frais suppl\u00e9mentaires!<\/p>\n<p>Comme vous pouvez le voir, Stay Lucky est une marque qui se consacre vraiment \u00e0 s&#8217;assurer que ses joueurs sont bien pris en charge, et cela en fait une option fantastique si vous \u00eates \u00e0 la recherche d&#8217;un nouveau casino qui favorise la loyaut\u00e9 et l&#8217;engagement !<\/p>\n<h3>Exigences en mati\u00e8re de Play-through (Exigences de mise)<\/h3>\n<p>Comme pour toute promotion ou affaire, il est important d&#8217;\u00eatre conscient des exigences de mise qui peuvent \u00eatre en place lorsque vous profitez d&#8217;un bonus.<\/p>\n<p>Ce terme fait reference au nombre de fois que vouz aurez besoin de jouer avec le bonus, et tout gain avant le montant total peut \u00eatre retire en esp\u00e8ces.<\/p>\n<p>Quand il s&#8217;agit du Bonus de Bienvenue, Stay Lucky d\u00e9clare que les joueurs doivent jouer au moins 20x la somme du d\u00e9p\u00f4t initial, plus le bonus, avant que le total puisse \u00eatre retir\u00e9. Si vous jouez au Royaume-Uni, en Gr\u00e8ce ou au Liban, ce montant augmente \u00e0 40x C&#8217;est un montant assez \u00e9lev\u00e9 et il est donc important d&#8217;avoir un plan en place avant de vous engager pour le bonus.<\/p>\n<p>Les autres promotions offertes par le site sont \u00e9galement assorties de leurs propres exigences en mati\u00e8re de jouabilit\u00e9, et celles-ci varient d&#8217;une donne \u00e0 l&#8217;autre. Les Cash Spins hebdomadaires n&#8217;ont pas d&#8217;exigences de mise et c&#8217;est une grande partie de leur attrait. Ils donnent aux joueurs une chance de mettre la main sur de l&#8217;argent gratuit et de profiter d&#8217;une r\u00e9compense pour leur fid\u00e9lit\u00e9. Il est important de s&#8217;assurer que vous v\u00e9rifiez toujours les petits caract\u00e8res et que vous pouvez satisfaire pleinement aux exigences avant de vous engager \u00e0 verser un bonus.<\/p>\n<h3>VIP &amp; Fid\u00e9lit\u00e9 *<\/h3>\n<p>Il est ind\u00e9niable que les nouveaux joueurs sont extr\u00eamement importants pour les casinos, mais cela ne signifie pas que les fans fid\u00e8les doivent \u00eatre ignor\u00e9s ou oubli\u00e9s. R\u00e9compenser ces gars pour rester est vital pour la long\u00e9vit\u00e9 de tout casino, et c&#8217;est un facteur que Stay Lucky semble appr\u00e9cier. Ils offrent un syst\u00e8me de r\u00e9compenses \u00e0 quatre niveaux avec les niveaux Argent, Or, Platine et Noir, et des points sont accumul\u00e9s simplement pour avoir appr\u00e9ci\u00e9 vos jeux pr\u00e9f\u00e9r\u00e9s.<\/p>\n<p>Les joueurs sont automatiquement inscrits d\u00e8s leur premi\u00e8re mise, et plus vous grimpez haut, plus les points s&#8217;accumuleront rapidement. Aux niveaux sup\u00e9rieurs, vous pouvez profiter d&#8217;avantages tels qu&#8217;un gestionnaire de compte VIP d\u00e9di\u00e9, un bonus d&#8217;anniversaire et l&#8217;acc\u00e8s aux offres et promotions les plus populaires, exclusives \u00e0 votre rang. Parce que l&#8217;ascension est bas\u00e9e sur le nombre de joueurs que vous jouez, il s&#8217;agit d&#8217;un v\u00e9ritable programme de fid\u00e9lit\u00e9 dans le sens original du monde, et les joueurs peuvent vraiment en b\u00e9n\u00e9ficier s&#8217;ils y mettent l&#8217;effort.<\/p>\n<h2>Comment Commencer \u00e0 Jouer<\/h2>\n<p>Si vous souhaitez vous inscrire \u00e0 Stay Lucky, vous devrez commencer par vous rendre sur le site. Ici, vous serez accueilli avec l&#8217;option de&#8217;S&#8217;inscrire&#8217;, et ce lien vous m\u00e8nera au formulaire d&#8217;inscription initial. Une fois que quelques d\u00e9tails de base sont recueillis, tels que votre nom, adresse, date de naissance et email, vous n&#8217;aurez qu&#8217;\u00e0 v\u00e9rifier votre compte, puis placer votre d\u00e9p\u00f4t initial pour d\u00e9clencher l&#8217;offre de bienvenue et commencer \u00e0 jouer!<\/p>\n<h2>Paiements<\/h2>\n<p><a href=\"https:\/\/www.minimumdepositcasinos.org\/fr\/options-dachat\/\">Effectuer des paiements<\/a> est un aspect important de tout casino et doit \u00eatre simple et facile pour les joueurs. Id\u00e9alement, cependant, il devrait y avoir du choix et de la vari\u00e9t\u00e9, et c\u2019est un domaine dans lequel Stay Lucky lutte difficilement.<\/p>\n<h3>Modes de D\u00e9p\u00f4t<\/h3>\n<p>Afin de d\u00e9clencher l&#8217;accord de bienvenue, les joueurs doivent faire un d\u00e9p\u00f4t initial. Stay Lucky sont un peu inhabituels dans leur gamme tr\u00e8s limit\u00e9e d&#8217;options ; les d\u00e9p\u00f4ts peuvent \u00eatre effectu\u00e9s par <a href=\"https:\/\/www.minimumdepositcasinos.org\/fr\/options-dachat\/mastercard\/\">Mastercard<\/a>, Visa D\u00e9bit et cartes de cr\u00e9dit Visa. Ceci est extr\u00eamement limit\u00e9 par rapport \u00e0 d&#8217;autres sites, et c&#8217;est un inconv\u00e9nient d&#8217;exclure les porte-monnaie \u00e9lectroniques de la gamme des m\u00e9thodes.<\/p>\n<h3>D\u00e9p\u00f4ts Minimum et Maximum<\/h3>\n<p>Il n&#8217;y a actuellement <a href=\"\/fr\/1-de-depot-minimum\/\">aucune limite de retrait minimum<\/a> ou maximum pour le site, bien que cela puisse changer.<\/p>\n<h3>M\u00e9thodes et Temps pour les Retraits<\/h3>\n<p>Comme pour la vari\u00e9t\u00e9 des m\u00e9thodes de d\u00e9p\u00f4t, les joueurs sont tr\u00e8s limit\u00e9s pour retirer leur argent. Les m\u00eames paiements par carte sont propos\u00e9s, ce qui est tr\u00e8s d\u00e9cevant et restrictif.<\/p>\n<h2>Jeux<\/h2>\n<p>Peu importe \u00e0 quel point les affaires sont tentantes, elles ne sont rien sans une richesse <a href=\"https:\/\/www.minimumdepositcasinos.org\/fr\/jeux\/\">d&#8217;excellents jeux pour les soutenir<\/a>. Stay Lucky est fier de cocher les deux cases et de r\u00e9compenser les joueurs avec certains des titres les plus tentants.<\/p>\n<h3>Machine \u00e0 Sous<\/h3>\n<p>Il n\u2019est donc pas surprenant que les <a href=\"https:\/\/www.minimumdepositcasinos.org\/fr\/jeux\/machines-a-sous\/\">machines \u00e0 sous<\/a> figurent parmi les premiers choix et, avec des fournisseurs tels que NetEnt et Betsoft \u00e0 la barre, le casino est en mesure d\u2019offrir une gamme de titres all\u00e9chants. Avec des choix tels que Red Lion, Lilith\u2019s Passion et Viking Gods sur la table, vous \u00eates assur\u00e9 de trouver quelque chose pour vous divertir!<\/p>\n<h3>Jeux de Table<\/h3>\n<p>Les jeux de table sont une autre grande caract\u00e9ristique du site et les joueurs peuvent appr\u00e9cier des classiques tels que le baccarat et <a href=\"https:\/\/www.minimumdepositcasinos.org\/fr\/jeux\/roulette\/\">la roulette<\/a> en plus de r\u00e9inventions d&#8217;anciens favoris.<\/p>\n<h3>Jeux avec Croupiers en Direct<\/h3>\n<p>Une option Live Dealer est consid\u00e9r\u00e9e comme essentielle dans la plupart des casinos, et Stay Lucky r\u00e9pond \u00e0 cette exigence avec un Live Casino interactif et immersif. Profitez du Baccarat et du <a href=\"https:\/\/www.minimumdepositcasinos.org\/fr\/jeux\/poker\/\">Poker<\/a> dans leur habitat d&#8217;origine, et saisissez l&#8217;occasion de vous lancer dans l&#8217;exp\u00e9rience du casino.<\/p>\n<h2>Mobile et Applications<\/h2>\n<p>Vous pouvez profiter de vos jeux pr\u00e9f\u00e9r\u00e9s et courir la chance de gagner o\u00f9 que vous soyez gr\u00e2ce \u00e0 une <a href=\"\/fr\/appareils\/\">compatibilit\u00e9 mobile compl\u00e8te!<\/a> Il vous suffit de vous rendre sur le site \u00e0 partir de votre navigateur, de vous connecter et de vous amuser!<\/p>\n<h2>S\u00e9curit\u00e9 et Licences<\/h2>\n<p>Stay Lucky d\u00e9tient une licence de la UK Gambling Association, et s&#8217;assure que tous ses joueurs sont prot\u00e9g\u00e9s gr\u00e2ce au cryptage SSL utilis\u00e9 sur le site.<\/p>\n<h2>Service Client<\/h2>\n<p>Pour s&#8217;assurer que les clients se sentent soutenus, il y a une option de clavardage en direct disponible 24 heures sur 24, 7 jours sur 7, ainsi qu&#8217;une adresse \u00e9lectronique et un num\u00e9ro de t\u00e9l\u00e9phone.<\/p>\n<h2>Notre Verdict<\/h2>\n<p>Dans l&#8217;ensemble, Stay Lucky offre une excellente exp\u00e9rience de casino en ligne, qui combine des jeux populaires et des offres incroyables avec un excellent support client. Leur manque de moyens de paiement est toutefois le principal probl\u00e8me et les d\u00e9savantage s\u00e9rieusement par rapport \u00e0 des sites plus flexibles.<\/p>\n","protected":false},"excerpt":{"rendered":"<p>Les nouveaux enfants du quartier, Stay Lucky casino, ont prouv\u00e9 qu&#8217;ils ont les comp\u00e9tences, les ressources et les outils pour tenir la distance avec leur site excitant et dynamique. D&#8217;un bonus de bienvenue qui permet aux nouveaux joueurs d&#8217;empocher 300% de bonus de match, \u00e0 une esth\u00e9tique brillante, color\u00e9e et amusante, il y a beaucoup [&hellip;]<\/p>\n","protected":false},"author":11,"featured_media":2173,"parent":16,"menu_order":0,"comment_status":"closed","ping_status":"closed","template":"page_review_card.php","meta":{"_acf_changed":false,"footnotes":""},"class_list":["post-2194","page","type-page","status-publish","has-post-thumbnail","hentry"],"acf":[],"_links":{"self":[{"href":"https:\/\/www.minimumdepositcasinos.org\/fr\/wp-json\/wp\/v2\/pages\/2194","targetHints":{"allow":["GET"]}}],"collection":[{"href":"https:\/\/www.minimumdepositcasinos.org\/fr\/wp-json\/wp\/v2\/pages"}],"about":[{"href":"https:\/\/www.minimumdepositcasinos.org\/fr\/wp-json\/wp\/v2\/types\/page"}],"author":[{"embeddable":true,"href":"https:\/\/www.minimumdepositcasinos.org\/fr\/wp-json\/wp\/v2\/users\/11"}],"replies":[{"embeddable":true,"href":"https:\/\/www.minimumdepositcasinos.org\/fr\/wp-json\/wp\/v2\/comments?post=2194"}],"version-history":[{"count":5,"href":"https:\/\/www.minimumdepositcasinos.org\/fr\/wp-json\/wp\/v2\/pages\/2194\/revisions"}],"predecessor-version":[{"id":2220,"href":"https:\/\/www.minimumdepositcasinos.org\/fr\/wp-json\/wp\/v2\/pages\/2194\/revisions\/2220"}],"up":[{"embeddable":true,"href":"https:\/\/www.minimumdepositcasinos.org\/fr\/wp-json\/wp\/v2\/pages\/16"}],"wp:featuredmedia":[{"embeddable":true,"href":"https:\/\/www.minimumdepositcasinos.org\/fr\/wp-json\/wp\/v2\/media\/2173"}],"wp:attachment":[{"href":"https:\/\/www.minimumdepositcasinos.org\/fr\/wp-json\/wp\/v2\/media?parent=2194"}],"curies":[{"name":"wp","href":"https:\/\/api.w.org\/{rel}","templated":true}]}}