{"id":2200,"date":"2019-10-23T20:50:41","date_gmt":"2019-10-23T20:50:41","guid":{"rendered":"https:\/\/www.minimumdepositcasinos.org\/fr\/?page_id=2200"},"modified":"2019-10-30T14:48:24","modified_gmt":"2019-10-30T14:48:24","slug":"wazamba","status":"publish","type":"page","link":"https:\/\/www.minimumdepositcasinos.org\/fr\/revue-de-casino\/wazamba\/","title":{"rendered":"Wazamba"},"content":{"rendered":"<h2>R\u00e9sum\u00e9 de l\u2019analyse<\/h2>\n<p>Avec une biblioth\u00e8que impressionnante comprenant certains des meilleurs titres sur le march\u00e9, support\u00e9 par des g\u00e9ants de l\u2019industrie, et avec la chance de mettre la main sur 200 tours gratuits en plus d\u2019un bonus correspondant \u00e0 100% \u00e0 votre premier d\u00e9p\u00f4t, \u00e7a en fait des choses \u00e0 aimer chez le casino Wazamba en plus du nom unique. La nouveaut\u00e9 n\u2019emp\u00eache pas le potentiel, et c\u2019est un site qui est pr\u00eat \u00e0 prouver ce point et \u00e0 se battre pour faire sa place dans l\u2019industrie \u00e0 chaque tournant\u202f: c\u2019est un futur g\u00e9ant \u00e0 prendre tr\u00e8s au s\u00e9rieux!<\/p>\n<h2>Bonus et promotions<\/h2>\n<p>C\u2019est sans surprise pour les joueurs qu\u2019un bon casino en ligne prend tr\u00e8s au s\u00e9rieux leur vari\u00e9t\u00e9 de bonus et d\u2019offres promotionnelles. Apr\u00e8s tout, c\u2019est un attrait majeur autant pour les anciens que pour les nouveaux joueurs. La bonne offre aide \u00e0 augmenter l\u2019attrait du site, et \u00e7a donne aux nouveaux joueurs une raison de changer de casinos. Les joueurs habitu\u00e9s, de l\u2019autre c\u00f4t\u00e9, m\u00e9rite de voir leur fid\u00e9lit\u00e9 et leur d\u00e9vouement reconnu et r\u00e9compens\u00e9, et quelle meilleure fa\u00e7on que d\u2019offrir les meilleurs bonus et promotions? Wazamba est un expert dans les deux cat\u00e9gories et offre un bon paquet de promotions. Vous en redemanderez!<\/p>\n<h3>Bonus de bienvenue<\/h3>\n<p>Un bon bonus de bienvenue est l\u2019\u00e9quivalent pour les casinos d\u2019un bon menu d\u2019entr\u00e9es, \u00e7a donne aux joueurs une bonne indication sur ce qu\u2019est le site, l\u2019ambiance qu\u2019il y aura, et \u00e7a leur donne une chance de juger l\u2019impression g\u00e9n\u00e9rale initiale. Pour les joueurs, c\u2019est aussi une chance de gagner gros en utilisant les bonus correspondants et les tours gratuits, ce qui signifie qu\u2019ils utilisent moins leur propre d\u00e9p\u00f4t, et la plupart des bonus est sur le bras du casino. Les deux parties ont un fort investissement pour assurer que cet aspect est le meilleur possible, et c\u2019est un d\u00e9fi que Wazamba a accept\u00e9 \u00e0 bras ouverts.<\/p>\n<p>Le bonus de bienvenue offert par le site est tr\u00e8s lucratif, les nouveaux joueurs peuvent obtenir un bonus correspondant \u00e0 100% de leur premier d\u00e9p\u00f4t jusqu\u2019\u00e0 500$, en plus de 200 tours gratuits. Cela donne deux avantages pour le prix d\u2019un! Les <a href=\"\/fr\/tours-gratuits\/\">tours gratuits<\/a> sont une bonne fa\u00e7on d\u2019essayer une vaste gamme de nouveaux jeux, tout en vous donnant la chance de faire un peu d\u2019argent facile sur le bras du casino. De fa\u00e7on similaire, le bonus correspondant signifie que vous pouvez faire le plus de profit possible tout en vous aidant \u00e0 \u00e9tirer au maximum votre d\u00e9p\u00f4t, c\u2019est un vrai avantage!<\/p>\n<h3>Autres promotions<\/h3>\n<p>Le bonus de bienvenue est tr\u00e8s g\u00e9n\u00e9reux, surtout en comparaison avec d\u2019autres sites qui n\u2019offrent qu\u2019un bonus correspondant de 25% ou seulement des tours gratuits, alors que Wazamba offre les deux. La bonne nouvelle est que ce n\u2019est pas le seul b\u00e9n\u00e9fice que vous pouvez obtenir. Le site propose des offres r\u00e9guli\u00e8res, des soldes et des promotions qui vous aident \u00e0 obtenir le meilleur prix et \u00e0 en avoir plus pour votre argent. On peut habituellement les retrouver sur le site, et ils changent habituellement chaque semaine ou chaque mois. Il y a aussi des offres saisonni\u00e8res, mais elles peuvent avoir une dur\u00e9e limit\u00e9e dans le temps. Restez attentif pour ne rien manquer des meilleurs offres, et v\u00e9rifiez aupr\u00e8s du site pour rentabiliser les chances de gagner des prix et des bonus impressionnants\u202f: vous devez y \u00eatre pour gagner!<\/p>\n<h3>Conditions de jeu (Conditions de pari)<\/h3>\n<p>Comme tous les bonus en ligne, le bonus de bienvenue vient avec des conditions de pari. C\u2019est un terme qui indique le nombre de fois que le bonus et les gains associ\u00e9s doivent \u00eatre jou\u00e9s avant de pouvoir \u00eatre retir\u00e9s en argent, et cette condition diff\u00e8re selon les casinos. Dans le cas de l\u2019offre de bienvenue de Wazamba, la condition de pari est de 30x, ce qui est plut\u00f4t bas compar\u00e9 aux autres sites. Assurez-vous de r\u00e9pondre \u00e0 la condition dans le temps attribu\u00e9, sinon vous pourriez perdre \u00e0 la fois votre bonus et vos gains.<\/p>\n<h3>VIP et fid\u00e9lit\u00e9*<\/h3>\n<p>Une fois le bonus de bienvenue jou\u00e9, c\u2019est important de retenir les joueurs par une autre m\u00e9thode. Souvent, c\u2019est sous forme de bonus suppl\u00e9mentaire ou de promotions, mais un syst\u00e8me de fid\u00e9lit\u00e9 peut aussi \u00eatre la motivation parfaite pour rester d\u00e9vou\u00e9 \u00e0 un casino. Wazamba est un casino qui prend la fid\u00e9lit\u00e9 tr\u00e8s au s\u00e9rieux, et il le d\u00e9montre gr\u00e2ce au syst\u00e8me VIP dans lequel vous gagnez des points lorsque <a href=\"https:\/\/www.minimumdepositcasinos.org\/fr\/jeux\/\">vous jouez \u00e0 vos jeux pr\u00e9f\u00e9r\u00e9s<\/a>. Ces points pourront \u00eatre d\u00e9pens\u00e9s dans la Boutique du H\u00e9ros contre des masques, des tours gratuits, des bonus suppl\u00e9mentaires et divers autres biens pour vous permettre d\u2019augmenter vos chances de gagner. Plus vous jouez, plus vous gagnez, c\u2019est pas mal motivant pour rester \u00e0 ce casino!<\/p>\n<h2>Comment commencer \u00e0 jouer<\/h2>\n<p>[Passez \u00e0 travers le processus de la d\u00e9couverte du site jusqu\u2019au moment de commencer \u00e0 jouer. ] Un des avantages majeurs de Wazamba est la facilit\u00e9 avec laquelle vous pouvez vous joindre \u00e0 l\u2019\u00e9quipe.\u202fL\u2019offre de bienvenue est tentante, alors vous voudrez sans doute vous inscrire imm\u00e9diatement. Tout ce que vous avez \u00e0 faire, c\u2019est vous rendre sur le site et remplir les informations demand\u00e9es comme la date de naissance, l\u2019adresse, le nom et l\u2019adresse courriel. Vous utiliserez cette adresse courriel pour v\u00e9rifier votre compte, et vous pourrez alors faire votre premier d\u00e9p\u00f4t sur le site et commencer \u00e0 jouer \u00e0 vos jeux pr\u00e9f\u00e9r\u00e9s imm\u00e9diatement. C\u2019est aussi simple et rapide!<\/p>\n<h2>Paiements<\/h2>\n<p>Parlant de simple et rapide, un des aspects tr\u00e8s importants d\u2019un casino est, bien s\u00fbr, <a href=\"\/fr\/options-dachat\/\">le syst\u00e8me de paiement<\/a>. De plusieurs fa\u00e7ons, il est au c\u0153ur du site et peut avoir une grande incidence sur l\u2019exp\u00e9rience des joueurs. Les d\u00e9p\u00f4ts sont n\u00e9cessaires pour obtenir la plupart des bonus, alors c\u2019est important que le processus soit rapide et pr\u00e9cis pour qu\u2019on puisse retourner rapidement au jeu. Les gains comptent, et ils doivent \u00eatre retir\u00e9s de fa\u00e7on \u00e0 accommoder le joueur. Ainsi, la flexibilit\u00e9 est la cl\u00e9. Wazamba l\u2019a compris et offre une gamme d\u2019options pour r\u00e9pondre \u00e0 tous les besoins et pr\u00e9f\u00e9rences.<\/p>\n<h3>M\u00e9thodes de d\u00e9p\u00f4ts<\/h3>\n<p>Pour ce qui est des meilleures m\u00e9thodes de paiements, Wazamba a pour mission de rendre le processus le plus simple et flexible pour r\u00e9pondre aux attentes des clients. Il y a une vaste gamme de m\u00e9thodes de paiements, dont Carte Bleue, Sparbanken, EcoPayz, <a href=\"https:\/\/www.minimumdepositcasinos.org\/fr\/options-dachat\/mastercard\/\">MasterCard<\/a>, Carte Bancaire, Neteller, Beeline, <a href=\"https:\/\/www.minimumdepositcasinos.org\/fr\/options-dachat\/paysafecard\/\">Paysafe Card<\/a>, Klarna, Visa, Rapid Transfer, Entropay, PaySec, Zimpler, Nordea, Sepa, GiroPay, MTC, EPS, moneta.ru, Bankirt, Megafone, Boleto, Alfa Bank, SampoPankki, Payeer, CartaSi, Op-Pohjola Group, Euteller, Danske Bank, Neosurf, Verkkomaksut, Bancontact\/Mister Cash, Multibanco, Suomen, QIWI, EnterCash, Trustly, Yandez Money, Skrill, Webmoney et Siry Mobile. C\u2019est une gamme \u00e9norme qui permet aux joueurs de choisir l\u2019option qui leur convient. C\u2019est plus de choix qu\u2019il n\u2019en faut pour \u00eatre heureux!<\/p>\n<h3>D\u00e9p\u00f4t minimal et maximal<\/h3>\n<p><a href=\"https:\/\/www.minimumdepositcasinos.org\/fr\/20-de-depot-minimum\/\">Le d\u00e9p\u00f4t minimal est de 20$<\/a> pour obtenir le bonus de bienvenue.<\/p>\n<h3>M\u00e9thodes de retraits et temps<\/h3>\n<p>Comme les m\u00e9thodes de d\u00e9p\u00f4ts, les joueurs ont aussi beaucoup de choix pour effectuer un retrait. Vous pouvez utiliser entre autres <a href=\"https:\/\/www.minimumdepositcasinos.org\/fr\/options-dachat\/neteller\/\">Neteller<\/a>, Verkkomaksut, <a href=\"https:\/\/www.minimumdepositcasinos.org\/fr\/options-dachat\/visa\/\">Visa<\/a>, Suomen, Nordea, Sparbanken, SampoPankki, PaySec, EcoPayz, Entercash, Swedbank, Payeer, SEB Pank, OP-Pohjola Group, Euteller, Yandex Money, QIWI, WebMoney, Instant Bank et Skrill.<\/p>\n<p>Il y a un temps d\u2019attente de 24 heures pour toutes les transactions, et apr\u00e8s, la plupart des options prennent moins de 24h pour se faire. C\u2019est tr\u00e8s rapide comparativement \u00e0 d\u2019autres sites, et cela veut dire que vous aurez votre argent rapidement.<\/p>\n<h2>Jeux<\/h2>\n<p>Le vrai test d\u2019un casino en ligne est en un endroit sp\u00e9cifique : la force et la vari\u00e9t\u00e9 de leurs jeux disponibles. C\u2019est le moment pour Wazamba de briller, puisqu\u2019ils m\u00e9langent les machines \u00e0 sous et les jeux sur table pour offrir une gamme des meilleurs titres ainsi que des classiques favoris. Qu\u2019importe vos go\u00fbts, vous trouverez ce qui vous correspond avec Wazamba, puisqu\u2019il y a quelque chose pour tout le monde, et bien assez pour essayer de nouvelles exp\u00e9riences!<\/p>\n<h3>Machines \u00e0 sous<\/h3>\n<p>C\u2019est sans surprise que les <a href=\"https:\/\/www.minimumdepositcasinos.org\/fr\/jeux\/machines-a-sous\/\">machines \u00e0 sous<\/a> soient tr\u00e8s populaires, et avec des producteurs comme NetEnt, Yggdrasil Gaming et Betsoft \u00e0 la barre, la qualit\u00e9 est bien s\u00fbr au sommet du palmar\u00e8s. Certains des titres les plus populaires incluent Jack et le Haricot magique, Starburst, Immortal Romance, Twin Spin, et Dead or Alive.<\/p>\n<h3>Jeux sur table<\/h3>\n<p>Les jeux sur table sont aussi un choix populaire, et il y a une vari\u00e9t\u00e9 de choix autant traditionnel que nouveau. Des classiques comme le Mini-Baccarat, le Blackjack 21 et le Casino Hold\u2019Em sont offerts aux c\u00f4t\u00e9s des options de poker vid\u00e9o comme Jacks or Better, Deuces Wild et Joker Poker. Il y a tout un choix pour vous maintenir occup\u00e9!<\/p>\n<h3>Jeux en direct<\/h3>\n<p>Le jeu en direct est une caract\u00e9ristique majeure des casinos, et Wazamba offre toute une gamme de classiques comme le <a href=\"https:\/\/www.minimumdepositcasinos.org\/fr\/jeux\/poker\/\">Poker<\/a>, le Blackjack et le Baccarat, en plus de jeux uniques pour un changement de paysage.<\/p>\n<h2>Mobile et applications<\/h2>\n<p>Si vous aimez la diversit\u00e9 des jeux chez Wazamba, vous serez content d\u2019apprendre que vous pouvez y jouer sur le pouce! Gr\u00e2ce \u00e0 la technologie HTML, le casino s\u2019est assur\u00e9 d\u2019\u00eatre <a href=\"\/fr\/appareils\/\">compatible avec les appareils mobiles<\/a>, et c\u2019est une bonne corde \u00e0 leur arc.<\/p>\n<h2>S\u00e9curit\u00e9 et permis<\/h2>\n<p>Pour aider \u00e0 \u00e9tablir leur l\u00e9gitimit\u00e9, Wazamba a un permis du gouvernement du Curacao, et pour garder en s\u00e9curit\u00e9 les donn\u00e9es et les informations de ses clients, le casino utilise le meilleur cryptage SSL. C\u2019est une bonne nouvelle pour les joueurs, vous pouvez vous d\u00e9tendre et profiter d\u2019une exp\u00e9rience de casino authentique!<\/p>\n<h2>Service \u00e0 la client\u00e8le<\/h2>\n<p>Le service \u00e0 la client\u00e8le est un autre bon point pour le site : il est disponible 24\/7 avec le clavardage en direct, et cela vous permet d\u2019acc\u00e9der \u00e0 l\u2019information directement en parlant \u00e0 des experts qui savent comment vous aider.<\/p>\n<h2>Notre verdict<\/h2>\n<p>Que vous soyez ici \u00e0 la recherch\u00e9 du jackpot progressif ultime ou si vous voulez simplement essayer les casinos \u00e0 petits d\u00e9p\u00f4ts, vous devriez s\u00e9rieusement essayer Wazamba. Avec un bonus de bienvenue correspondant \u00e0 100% \u00e0 votre d\u00e9p\u00f4t et certains des meilleurs titres de l\u2019industrie, vous n\u2019avez rien \u00e0 perdre en vous inscrivant!<\/p>\n","protected":false},"excerpt":{"rendered":"<p>R\u00e9sum\u00e9 de l\u2019analyse Avec une biblioth\u00e8que impressionnante comprenant certains des meilleurs titres sur le march\u00e9, support\u00e9 par des g\u00e9ants de l\u2019industrie, et avec la chance de mettre la main sur 200 tours gratuits en plus d\u2019un bonus correspondant \u00e0 100% \u00e0 votre premier d\u00e9p\u00f4t, \u00e7a en fait des choses \u00e0 aimer chez le casino Wazamba [&hellip;]<\/p>\n","protected":false},"author":11,"featured_media":2167,"parent":16,"menu_order":0,"comment_status":"closed","ping_status":"closed","template":"page_review_card.php","meta":{"_acf_changed":false,"footnotes":""},"class_list":["post-2200","page","type-page","status-publish","has-post-thumbnail","hentry"],"acf":[],"_links":{"self":[{"href":"https:\/\/www.minimumdepositcasinos.org\/fr\/wp-json\/wp\/v2\/pages\/2200","targetHints":{"allow":["GET"]}}],"collection":[{"href":"https:\/\/www.minimumdepositcasinos.org\/fr\/wp-json\/wp\/v2\/pages"}],"about":[{"href":"https:\/\/www.minimumdepositcasinos.org\/fr\/wp-json\/wp\/v2\/types\/page"}],"author":[{"embeddable":true,"href":"https:\/\/www.minimumdepositcasinos.org\/fr\/wp-json\/wp\/v2\/users\/11"}],"replies":[{"embeddable":true,"href":"https:\/\/www.minimumdepositcasinos.org\/fr\/wp-json\/wp\/v2\/comments?post=2200"}],"version-history":[{"count":6,"href":"https:\/\/www.minimumdepositcasinos.org\/fr\/wp-json\/wp\/v2\/pages\/2200\/revisions"}],"predecessor-version":[{"id":2886,"href":"https:\/\/www.minimumdepositcasinos.org\/fr\/wp-json\/wp\/v2\/pages\/2200\/revisions\/2886"}],"up":[{"embeddable":true,"href":"https:\/\/www.minimumdepositcasinos.org\/fr\/wp-json\/wp\/v2\/pages\/16"}],"wp:featuredmedia":[{"embeddable":true,"href":"https:\/\/www.minimumdepositcasinos.org\/fr\/wp-json\/wp\/v2\/media\/2167"}],"wp:attachment":[{"href":"https:\/\/www.minimumdepositcasinos.org\/fr\/wp-json\/wp\/v2\/media?parent=2200"}],"curies":[{"name":"wp","href":"https:\/\/api.w.org\/{rel}","templated":true}]}}