{"id":2681,"date":"2019-10-29T14:35:12","date_gmt":"2019-10-29T14:35:12","guid":{"rendered":"https:\/\/www.minimumdepositcasinos.org\/fr\/?page_id=2681"},"modified":"2020-01-07T13:21:59","modified_gmt":"2020-01-07T13:21:59","slug":"handy-vegas","status":"publish","type":"page","link":"https:\/\/www.minimumdepositcasinos.org\/fr\/revue-de-casino\/handy-vegas\/","title":{"rendered":"Handy Vegas"},"content":{"rendered":"\n<h2 class=\"wp-block-heading\">\nRevoir la ventilation\n\n<\/h2>\n\n\n\n<p>Diff\u00e9rents aspects de l\u2019avis  Avec Handy Vegas vous avez de nombreuses chances de mettre la main sur un bonus, une r\u00e9compense et d\u2019\u00eatre reconnu tel un client en haut de leur liste des priorit\u00e9s. Vous allez vous sentir valoris\u00e9 \u00e0 chaque d\u00e9p\u00f4t effectu\u00e9 pour les cinq premiers d\u00e9p\u00f4ts, et c&#8217;est une excellente occasion de vraiment vous familiariser avec le casino, de v\u00e9rifier tous les recoins et vous assurer qu&#8217;il s&#8217;agit d&#8217;un bon casino avant de d\u00e9cider de vous engager.<\/p>\n\n\n\n<h2 class=\"wp-block-heading\">Bonus et Promotions<\/h2>\n\n\n\n<p>\nTout casino soucieux d&#8217;attirer et de fid\u00e9liser ses clients reconna\u00eetra l&#8217;importance d&#8217;offrir un bonus de qualit\u00e9 et des offres promotionnelles. Un nouveau client est beaucoup plus susceptible d&#8217;essayer le site par rapport \u00e0 d&#8217;autres s&#8217;il est bien motiv\u00e9 avec des bonus sous forme de tours suppl\u00e9mentaires par exemple. De m\u00eame, les clients fid\u00e8les sont r\u00e9compens\u00e9s r\u00e9guli\u00e8rement de leur engagement. Ce sont les deux aspects que Handy Vegas Casino semble mettre en avant.\n&nbsp;\n&nbsp;\n<\/p>\n\n\n\n<h3 class=\"wp-block-heading\">Bonus de bienvenue<\/h3>\n\n\n\n<p>\nUn bon bonus de bienvenue est un bon atout pour les nouveaux joueurs qui envisagent de s\u2019inscrire sur le site. Si un casino est g\u00e9n\u00e9reux d\u00e8s l\u2019offre initiale, cela annonce souvent de bonnes choses pour les chances de gagner qui seront disponibles ult\u00e9rieurement. Un bonus de bienvenue g\u00e9n\u00e9reux augmente \u00e9galement vos chances d&#8217;essayer diff\u00e9rents types de jeux, ce qui vous donne une meilleure chance d&#8217;avoir une id\u00e9e r\u00e9elle du casino et de son contenu. \n&nbsp;\nHandy Vegas Casino excelle vraiment pour cela, offrant la possibilit\u00e9 de gagner des bonus avec les cinq premiers d\u00e9p\u00f4ts effectu\u00e9s sur le site. Le premier d\u00e9p\u00f4t vous rapportera un bonus de bienvenue de 200%, d&#8217;une valeur allant jusqu&#8217;\u00e0 100 \u00a3, et le second vous permettra de mettre la main sur 100 tours suppl\u00e9mentaires pour Starburst &#8211; l&#8217;un des jeux les mieux c\u00f4t\u00e9s du site. Votre troisi\u00e8me d\u00e9p\u00f4t vous rapportera un bonus de 50% jusqu\u2019\u00e0 100 \u20ac, le quatri\u00e8me 100 tours de bonus et le cinqui\u00e8me un bonus de 100% jusqu\u2019\u00e0 100 \u20ac. Cela totalise 500 \u20ac de bonus et plus de 200 tours suppl\u00e9mentaires &#8211; un bonus extr\u00eamement lucratif qui d\u00e9passe largement la concurrence. \n&nbsp;\n<\/p>\n\n\n\n<p>Handy Vegas Casino excelle vraiment pour cela, offrant la possibilit\u00e9 de gagner des bonus avec les cinq premiers d\u00e9p\u00f4ts effectu\u00e9s sur le site. Le premier d\u00e9p\u00f4t vous rapportera un bonus de bienvenue de 100%, d&#8217;une valeur allant jusqu&#8217;\u00e0 $100  et 50 tours suppl\u00e9mentaires pour Wolf Gold, et le second vous permettra de mettre la mainbonus de bienvenue de 100%, d&#8217;une valeur allant jusqu&#8217;\u00e0 $100  et 50 tours suppl\u00e9mentaires pour Wolf Gold &#8211; l&#8217;un des jeux les mieux c\u00f4t\u00e9s du site. Votre troisi\u00e8me d\u00e9p\u00f4t vous rapportera un bonus bonus de bienvenue de 50%, d&#8217;une valeur allant jusqu&#8217;\u00e0 $200  et 50 tours suppl\u00e9mentaires pour Wolf Gold. Cela totalise 400 $ de bonus et plus de 150 tours suppl\u00e9mentaires &#8211; un bonus extr\u00eamement lucratif qui d\u00e9passe largement la concurrence.    <\/p>\n\n\n\n<h3 class=\"wp-block-heading\">Autres promotions<\/h3>\n\n\n\n<p>\nComme nous l\u2019avons mentionn\u00e9, le forfait de bienvenue offert par Handy Vegas va bien au-del\u00e0 de ce qui est g\u00e9n\u00e9ralement offert et le place dans une position sp\u00e9ciale dans cette cat\u00e9gorie. Cependant, cela ne s\u2019arr\u00eate pas l\u00e0 car il continu de garder une r\u00e9putation d\u2019incroyables avec d\u2019autres offres, m\u00eame lorsque vous avez fini avec les offres de bienvenue. Tous les mercredis de novembre, vous avez entre vos mains un bonus de gain de 15% jusqu&#8217;\u00e0 50 \u20ac, des bonus de match constants, des gains avec les victoires et des tournois qui vous permettent d&#8217;augmenter vos chances de gagner de fa\u00e7on massive ! Avec de nouvelles promotions offertes chaque semaine, il ne fait aucun doute qu&#8217;il s&#8217;agit d&#8217;un casino d\u00e9di\u00e9 \u00e0 offrir \u00e0 ses clients les meilleures offres possibles. \n&nbsp;\n&nbsp;\n<\/p>\n\n\n\n<h3 class=\"wp-block-heading\"> Conditions de jeu (conditions de mise) <\/h3>\n\n\n\n<p>\nRecevoir un bonus est un sentiment formidable et un attrait important pour tout casino. Comme nous l&#8217;avons mentionn\u00e9, un bon bonus de bienvenue est souvent le premier contact qu&#8217;un client aura avec le site. Il est donc important de le rendre aussi tentant que possible. Cependant, vous devez vous rappeler que chaque tour suppl\u00e9mentaire et chaque bonus viennent avec des conditions de mise, et cela s&#8217;applique \u00e9galement aux gains que vous recevez de ces bonus.\n&nbsp;\nUne condition de mise est le nombre de fois que vous aurez besoin de jouer avec un bonus et des gains avant que celui-ci ne puisse \u00eatre retir\u00e9. Il s&#8217;agit de 40 fois pour Handy Vegas. Cela signifie que tous les gains devront \u00eatre multipli\u00e9s par 40 avant de pouvoir \u00eatre retir\u00e9s, et il est important de v\u00e9rifier les termes et conditions de tous les petits caract\u00e8res ou des restrictions suppl\u00e9mentaires \u00e9ventuellement en place. \n&nbsp;\n<\/p>\n\n\n\n<h3 class=\"wp-block-heading\">VIP et Fid\u00e9lit\u00e9<\/h3>\n\n\n\n<p>\nTout casino de bonne qualit\u00e9 comprendra \u00e0 quel point les clients fid\u00e8les sont importants et prendra des mesures importantes pour les aider \u00e0 se sentir vraiment soutenus et r\u00e9compens\u00e9s. Cela r\u00e9affirme leur engagement et les convainc de rester sur le site gr\u00e2ce aux avantages et aux r\u00e9compenses dont ils peuvent b\u00e9n\u00e9ficier. \n&nbsp;\nHandy Vegas propose un programme VIP et de fid\u00e9lisation assez impressionnant. L&#8217;inscription sera en marche d\u00e8s que vous aurez d\u00e9pos\u00e9 2 000 \u20ac sur le site. Des offres promotionnelles et des avantages r\u00e9serv\u00e9s aux VIP, notamment un gestionnaire de compte personnel, des offres et promotions exclusives, un retrait plus rapide des cadeaux sp\u00e9ciaux, des limites de d\u00e9p\u00f4t plus \u00e9lev\u00e9es et des avantages \u00e0 vie tout le temps que vous \u00eates membre du site. \n&nbsp;\n<\/p>\n\n\n\n<h2 class=\"wp-block-heading\">Comment commencer \u00e0 jouer ?<\/h2>\n\n\n\n<p> \nChaque fois que vous vous inscrivez \u00e0 un nouveau casino, un processus d&#8217;inscription rapide et efficace est un \u00e9l\u00e9ment important de la d\u00e9cision de rester ou de partir. Lorsque vous avez trouv\u00e9 un jeu qui vous int\u00e9resse ou que vous souhaitez tirer le meilleur d&#8217;un bonus de bienvenue tentant, la derni\u00e8re chose que vous souhaitiez est de vous retrouver face \u00e0 un processus d&#8217;inscription long et complexe, ce qui peut \u00eatre rebutant.\n&nbsp;\nHandy Vegas simplifie et acc\u00e9l\u00e8re l\u2019ensemble du processus gr\u00e2ce au bouton \u00ab S\u2019inscrire \u00bb situ\u00e9 en haut de la page d\u2019accueil. Une fois cliqu\u00e9, le nouveau joueur sera invit\u00e9 \u00e0 saisir des informations, y compris sa date de naissance et son email. Ces informations seront v\u00e9rifi\u00e9es pour mener \u00e0 bien le processus d\u2019inscription. Une fois fini, il ne vous reste plus qu&#8217;\u00e0 effectuer le premier d\u00e9p\u00f4t et vous pourrez profiter de toutes les r\u00e9compenses qui suivent !\u2028\u2028\n<\/p>\n\n\n\n<h2 class=\"wp-block-heading\">Paiements<\/h2>\n\n\n\n<p>\nBien que les jeux, les bonus, les offres et les offres soient sans aucun doute l\u2019une des priorit\u00e9s de tous les casinos, il existe un autre domaine qui peut avoir un impact significatif sur la relation que le site entretient avec leurs clients : le paiement. Il est essentiel de pouvoir effectuer des d\u00e9p\u00f4ts sans tracas, tout comme la capacit\u00e9 de retirer les gains rapidement, facilement et de la mani\u00e8re la plus pratique que possible. \n&nbsp;\n<\/p>\n\n\n\n<h3 class=\"wp-block-heading\">M\u00e9thodes de d\u00e9p\u00f4t<\/h3>\n\n\n\n<p>\nIl est important que les casinos facilitent la vie des joueurs, ce qui inclut notamment le processus de d\u00e9p\u00f4t de fonds facile et accessible. \n&nbsp;\n<\/p>\n\n\n\n<h3 class=\"wp-block-heading\">D\u00e9p\u00f4ts minimum et maximum<\/h3>\n\n\n\n<p>\nIl y a une limite minimale de 10 \u00a3 pour tous les d\u00e9p\u00f4ts, et c&#8217;est \u00e9galement le montant qui aidera \u00e0 lancer le bonus de bienvenue associ\u00e9 \u00e0 votre premier d\u00e9p\u00f4t. Aucun maximum ne s&#8217;applique \u00e0 l&#8217;heure actuelle.\n&nbsp;\n<\/p>\n\n\n\n<h3 class=\"wp-block-heading\">M\u00e9thodes et temps de retrait<\/h3>\n\n\n\n<p> Lorsqu&#8217;il s&#8217;agit de retirer votre argent, il est important que le processus soit facile pour les joueurs cherchant \u00e0 recevoir leurs gains. Les m\u00e9thodes populaires incluent Sepa, <a href=\"\/fr\/options-dachat\/paysafecard\/\">Paysafecard<\/a>, Visa, <a href=\"\/fr\/options-dachat\/neteller\/\">Neteller<\/a>, Virement bancaire, Skrill et Trustly, et le temps que cela prend est affect\u00e9 par les m\u00e9thodes que vous choisissez. Les virements bancaires, les cartes de cr\u00e9dit et de d\u00e9bit et les portefeuilles \u00e9lectroniques peuvent prendre entre 48 \u00e0 72 heures, mais les portefeuilles \u00e9lectroniques ont tendance \u00e0 \u00eatre l&#8217;option la plus rapide, en r\u00e8gle g\u00e9n\u00e9rale. Toutes les transactions ont un d\u00e9lai d&#8217;attente de 0 \u00e0 72 heures. &nbsp; <\/p>\n\n\n\n<h2 class=\"wp-block-heading\">Jeux<\/h2>\n\n\n\n<p>\nPour de nombreux casinos, l&#8217;acc\u00e8s \u00e0 une vaste gamme de jeux est une partie importante de leur succ\u00e8s. Une offre de bienvenue exceptionnelle ne peut que vous emmenez loin : un casino associant style et substance sera bient\u00f4t choisi, laissant les joueurs d\u00e9sint\u00e9ress\u00e9, frustr\u00e9s et cherchant des options plus compl\u00e8te et plus attrayante. Handy Vegas est fier de son grand choix de classiques vintage et de nouveaut\u00e9s &#8211; il y en a pour tous les go\u00fbts !\n&nbsp;\n<\/p>\n\n\n\n<h3 class=\"wp-block-heading\">Machines \u00e0 sous<\/h3>\n\n\n\n<p>\nHandy Vegas suit les traces de nombreux casinos en donnant la priorit\u00e9 aux jeux de machines \u00e0 sous. Vous pourrez choisir parmi une large gamme. Il y a une foule de noms connus, avec des jeux tels que NetEnt, Yggdrasil Gaming, BetSoft, NextGen Gaming, Habanero et Pragmatic Play. Parmi les titres les plus populaires figurent Halloween Jack, Starburst, Wild-O-Tron 3000, Immortal Romance, Mega Moolah et Divine Fortune.\n&nbsp;\n<\/p>\n\n\n\n<h3 class=\"wp-block-heading\">Jeux de table<\/h3>\n\n\n\n<p> Les jeux de table sont \u00e9galement un facteur important dans tout casino en ligne, et encore une fois, c&#8217;est un site avec une bonne gamme d&#8217;options. <a href=\"\/fr\/jeux\/poker\/\">Des classiques tels que le poker<\/a>, le baccarat, la <a href=\"\/fr\/jeux\/roulette\/\">roulette<\/a> et le blackjack sont propos\u00e9s, ainsi que de nouveaux comme les favoris tel que Hi-Lo Blackjack, Pontoon, Baccarat Squeeze, Dream Catcher, American Roulette, Oasis Poker et Punto Banco pour n&#8217;en nommer que quelques-uns. &nbsp; &nbsp; &nbsp; &nbsp; <\/p>\n\n\n\n<h3 class=\"wp-block-heading\">Jeux en direct<\/h3>\n\n\n\n<p> Tous les fans de casino vous diront que les jeux en direct sont l\u2019une des meilleures exp\u00e9riences offertes par les casinos en ligne. Nous sommes donc ravis de constater que Handy Vegas a inclus une vari\u00e9t\u00e9 de jeux en direct, notamment le Poker, le <a href=\"\/fr\/jeux\/blackjack\/\">Blackjack<\/a>, et Baccarat.  &nbsp; &nbsp;Cela donne une toute nouvelle dimension \u00e0 vos jeux pr\u00e9f\u00e9r\u00e9s et vous offre la possibilit\u00e9 de jouer contre des croupiers r\u00e9els, confortablement de chez vous.  &nbsp; <\/p>\n\n\n\n<h2 class=\"wp-block-heading\">Mobile et Applications<\/h2>\n\n\n\n<p> Handy Vegas facilite encore plus l&#8217;utilisation de vos jeux pr\u00e9f\u00e9r\u00e9s en int\u00e9grant la compatibilit\u00e9 mobile \u00e0 leurs jeux les plus populaires. O\u00f9 que vous soyez, vous pouvez faire tourner les machines \u00e0 sous et augmenter vos chances de remporter un prix en argent r\u00e9el ! C\u2019est vraiment essentiel pour un casino en ligne moderne, et c\u2019est un point positif en faveur de Handy Vegas, qui offre une option en ligne simple et simplifi\u00e9e, adapt\u00e9e \u00e0 une utilisation avec les appareils iOS et <a href=\"\/fr\/appareils\/android\/\">Android<\/a>.  &nbsp; <\/p>\n\n\n\n<h2 class=\"wp-block-heading\">S\u00e9curit\u00e9 et Licences<\/h2>\n\n\n\n<p>\nIl y a beaucoup de donn\u00e9es \u00e9chang\u00e9es entre le joueur et le casino, et il est crucial que ces informations soient en s\u00e9curit\u00e9. Handy Vegas utilise un cryptage reconnu par le secteur pour garantir une protection compl\u00e8te de tous les documents et d\u00e9tails, y compris les donn\u00e9es potentiellement sensibles telles que les coordonn\u00e9es bancaires. Ils sont enti\u00e8rement agr\u00e9\u00e9s et r\u00e9glement\u00e9s et utilisent un g\u00e9n\u00e9rateur de nombres al\u00e9atoires pour s&#8217;assurer que leurs jeux soient totalement \u00e9quitables et al\u00e9atoires. \n&nbsp;\n<\/p>\n\n\n\n<h2 class=\"wp-block-heading\">Assistance client\u00e8le<\/h2>\n\n\n\n<p>\nVous pouvez acc\u00e9der au support client par chat en direct, par email ou par t\u00e9l\u00e9phone entre 8 h et minuit. La longue section FAQ du site est extr\u00eamement utile pour toutes vos questions. \n&nbsp;\n&nbsp;\n<\/p>\n\n\n\n<h2 class=\"wp-block-heading\">Notre Verdict<\/h2>\n\n\n\n<p>\nGr\u00e2ce \u00e0 leur grande biblioth\u00e8que de jeux de qualit\u00e9, combin\u00e9s \u00e0 des offres de bienvenue exceptionnelles et \u00e0 des offres en cours, nous concluons que Handy Vegas figure parmi les meilleurs choix en termes de casinos en ligne. Ils offrent une super exp\u00e9rience aux joueurs et \u00e9tablissent rapidement une solide r\u00e9putation au sein de l&#8217;industrie. \n&nbsp;\n&nbsp;\n&nbsp;\n&nbsp;\n&nbsp;\n<\/p>\n","protected":false},"excerpt":{"rendered":"<p>Revoir la ventilation Diff\u00e9rents aspects de l\u2019avis Avec Handy Vegas vous avez de nombreuses chances de mettre la main sur un bonus, une r\u00e9compense et d\u2019\u00eatre reconnu tel un client en haut de leur liste des priorit\u00e9s. Vous allez vous sentir valoris\u00e9 \u00e0 chaque d\u00e9p\u00f4t effectu\u00e9 pour les cinq premiers d\u00e9p\u00f4ts, et c&#8217;est une excellente [&hellip;]<\/p>\n","protected":false},"author":9,"featured_media":2684,"parent":16,"menu_order":0,"comment_status":"closed","ping_status":"closed","template":"page_review_card.php","meta":{"_acf_changed":false,"footnotes":""},"class_list":["post-2681","page","type-page","status-publish","has-post-thumbnail","hentry"],"acf":[],"_links":{"self":[{"href":"https:\/\/www.minimumdepositcasinos.org\/fr\/wp-json\/wp\/v2\/pages\/2681","targetHints":{"allow":["GET"]}}],"collection":[{"href":"https:\/\/www.minimumdepositcasinos.org\/fr\/wp-json\/wp\/v2\/pages"}],"about":[{"href":"https:\/\/www.minimumdepositcasinos.org\/fr\/wp-json\/wp\/v2\/types\/page"}],"author":[{"embeddable":true,"href":"https:\/\/www.minimumdepositcasinos.org\/fr\/wp-json\/wp\/v2\/users\/9"}],"replies":[{"embeddable":true,"href":"https:\/\/www.minimumdepositcasinos.org\/fr\/wp-json\/wp\/v2\/comments?post=2681"}],"version-history":[{"count":6,"href":"https:\/\/www.minimumdepositcasinos.org\/fr\/wp-json\/wp\/v2\/pages\/2681\/revisions"}],"predecessor-version":[{"id":3323,"href":"https:\/\/www.minimumdepositcasinos.org\/fr\/wp-json\/wp\/v2\/pages\/2681\/revisions\/3323"}],"up":[{"embeddable":true,"href":"https:\/\/www.minimumdepositcasinos.org\/fr\/wp-json\/wp\/v2\/pages\/16"}],"wp:featuredmedia":[{"embeddable":true,"href":"https:\/\/www.minimumdepositcasinos.org\/fr\/wp-json\/wp\/v2\/media\/2684"}],"wp:attachment":[{"href":"https:\/\/www.minimumdepositcasinos.org\/fr\/wp-json\/wp\/v2\/media?parent=2681"}],"curies":[{"name":"wp","href":"https:\/\/api.w.org\/{rel}","templated":true}]}}