{"id":28,"date":"2018-08-22T16:28:28","date_gmt":"2018-08-22T15:28:28","guid":{"rendered":"https:\/\/www.minimumdepositcasinos.org\/fr\/?page_id=28"},"modified":"2026-04-14T16:18:56","modified_gmt":"2026-04-14T16:18:56","slug":"5-de-depot-minimum","status":"publish","type":"page","link":"https:\/\/www.minimumdepositcasinos.org\/fr\/5-de-depot-minimum\/","title":{"rendered":"5$ de D\u00e9p\u00f4t Minimum"},"content":{"rendered":"\n<p>Ces casinos soigneusement s\u00e9lectionn\u00e9s garantissent aux joueurs une aventure de jeu de premier ordre, en veillant \u00e0 ce que seule la cr\u00e8me de la cr\u00e8me figure sur cette liste exclusive. Plongez dans un monde o\u00f9 la qualit\u00e9 rencontre l&#8217;accessibilit\u00e9, car chaque casino de cette page a \u00e9t\u00e9 s\u00e9lectionn\u00e9 avec la plus grande pr\u00e9cision pour offrir la meilleure exp\u00e9rience de jeu possible. Am\u00e9liorez votre jeu dans ces casinos canadiens \u00e0 5 $ de premier ordre et d\u00e9couvrez le m\u00e9lange parfait d&#8217;excitation et de valeur pour une escapade de jeu inoubliable.<\/p>\n\n\n\n<figure class=\"wp-block-table\">\n<table class=\"choice3\" style=\"table-layout: fixed\">\n  <caption style=\"text-align: center; background: #7e1aff; font-size: 20px; color: white\">Meilleurs casinos de tours gratuits canadiens avec d\u00e9p\u00f4t de 5 $ CA<\/caption>\n\t<tbody>\n\t\t<tr>\n\t\t\t<td>?Spin Casino<\/td>\n\t\t\t<td>Deposit $5<\/td>\n\t\t\t<td>50 Tours Gratuits<\/td>\n\t\t<\/tr>\n\t\t<tr>\n\t\t\t<td>?Jackpot City Casino<\/td>\n\t\t\t<td>Deposit $5<\/td>\n\t\t\t<td>50 Tours Gratuits<\/td>\n\t\t<\/tr>\n\t\t<tr>\n\t\t\t<td>?Royal Vegas<\/td>\n\t\t\t<td>Deposit $5<\/td>\n\t\t\t<td>40 Tours Gratuits<\/td>\n\t\t<\/tr>\n\t\t<tr>\n\t\t\t<td>?Lucky Nugget Casino<\/td>\n\t\t\t<td>Deposit $5<\/td>\n\t\t\t<td>30 Tours Gratuits<\/td>\n\t\t<\/tr>\n\t\t<tr>\n\t\t\t<td>?Spin Samurai Casino<\/td>\n\t\t\t<td>Deposit $5<\/td>\n\t\t\t<td>50 Chances de gagner gratuitement<\/td>\n\t\t<\/tr>\n\t<\/tbody>\n<\/table>\n<\/figure>\n\n\n\n<h2 class=\"wp-block-heading\">Les meilleurs bonus disponibles dans les casinos avec d\u00e9p\u00f4t de 5 $<\/h2>\n\n\n\n<p>D\u00e9couvrez l&#8217;attrait des meilleurs bonus des casinos avec d\u00e9p\u00f4t de 5 $, con\u00e7us pour les joueurs canadiens \u00e0 la recherche d&#8217;une valeur maximale. Plongez dans un univers de jeu o\u00f9 les bonus abondent, y compris des offres all\u00e9chantes comme 100 tours gratuits pour seulement 5 $ ou un tout aussi all\u00e9chant 50 tours gratuits disponibles au m\u00eame prix abordable. Am\u00e9liorez votre exp\u00e9rience de jeu avec un bonus de 5 $ sur le c\u00e9l\u00e8bre Jackpot City. Ces bonus ne sont pas seulement des avantages, ils sont des passerelles vers une aventure de jeu am\u00e9lior\u00e9e et palpitante, offrant aux joueurs des opportunit\u00e9s lucratives sans se ruiner. Plongez dans l&#8217;univers des casinos avec d\u00e9p\u00f4t de 5 $ et d\u00e9couvrez un tr\u00e9sor de bonus qui ajouteront une couche suppl\u00e9mentaire d&#8217;excitation \u00e0 vos efforts de jeu.<\/p>\n\n\n\n<h3 class=\"wp-block-heading\">Bonus de 5 $ sur Jackpot City<\/h3>\n\n\n\n<p><a href=\"\/fr\/revue-de-casino\/jackpotcity\/\">Jackpot City Casino<\/a>, fond\u00e9 en 1998 dans le cadre de Belle Rock Entertainment, reste une puissance sur la sc\u00e8ne canadienne des casinos en ligne. Avec sa riche s\u00e9lection de plus de 500 jeux en argent r\u00e9el, son assistance client\u00e8le 24 heures sur 24, 7 jours sur 7, ses retraits 24 heures sur 24 et son application mobile \u00e9l\u00e9gante et conviviale, cette plateforme est l&#8217;un des meilleurs endroits pour jouer.<\/p>\n\n\n\n<p>Aujourd&#8217;hui, Jackpot City d\u00e9roule le tapis rouge pour ses nouveaux clients canadiens en leur offrant un bonus de bienvenue tr\u00e8s int\u00e9ressant, exclusivement r\u00e9serv\u00e9 \u00e0 nos lecteurs. Dans le cadre de cette offre, vous pouvez obtenir 215 tours gratuits pour vos 2\u00e8me, 3\u00e8me et 4\u00e8me d\u00e9p\u00f4ts sur la plateforme. Le plus int\u00e9ressant, c&#8217;est que vous n&#8217;avez besoin que de 5 $ pour d\u00e9clencher chacun de ces bonus comme suit :<\/p>\n\n\n\n<ul class=\"wp-block-list\">\n<li><strong>Deuxi\u00e8me d\u00e9p\u00f4t :<\/strong> 50 tours gratuits sur Atlantean MegaMoolah<\/li>\n<\/ul>\n\n\n\n<ul class=\"wp-block-list\">\n<li><strong>Troisi\u00e8me d\u00e9p\u00f4t :<\/strong> 75 tours gratuits sur Atlantean MegaMoolah<\/li>\n<\/ul>\n\n\n\n<ul class=\"wp-block-list\">\n<li><strong>Quatri\u00e8me d\u00e9p\u00f4t :<\/strong> 90 tours gratuits sur Atlantean MegaMoolah<\/li>\n<\/ul>\n\n\n\n<p>L&#8217;offre est soumise \u00e0 certaines conditions g\u00e9n\u00e9rales, et nous vous sugg\u00e9rons de lire les petits caract\u00e8res avant de l&#8217;accepter. Par exemple, vous devez cr\u00e9er un nouveau compte chez Jackpot City et d\u00e9poser un minimum de 5 $ chaque fois que vous souhaitez b\u00e9n\u00e9ficier de l&#8217;une des offres susmentionn\u00e9es. En outre, vous disposez d&#8217;un d\u00e9lai de 7 jours \u00e0 compter de la cr\u00e9ation de votre compte pour r\u00e9clamer le bonus. Enfin, vous devez \u00e9galement respecter une exigence de mise de 200x avant de transf\u00e9rer les gains de votre bonus vers votre solde en esp\u00e8ces.<\/p>\n\n\n\n<p>Tous les jeux, \u00e0 l&#8217;exception du Sic Bio, du Red Dog, du Baccarat, du Craps et des jackpots progressifs, sont pris en compte pour remplir cette condition de mise. D&#8217;autres conditions sont disponibles sur le site Internet de Jackpot City.<\/p>\n\n\n\n<br\/><div class=\"cta_post_box\">\n<div class=\"cta_post_top\"><div class=\"cta_post_title\">Prime d&#8217;inscription<\/div><\/div>\n<div class=\"cta_post_container\">\n<div class=\"cta_post_mid\">\n<div class=\"cta_post_mid_left\"><div class=\"cta_post_image\"><img src='https:\/\/www.minimumdepositcasinos.org\/fr\/wp-content\/uploads\/2022\/11\/Jackpot-City-logo-new-400x400-1.jpg' \/><\/div><div class=\"cta_post_name\">Jackpot City<div class=\"cta_post_rating\"><img src='\/wp-content\/themes\/mdc2024\/images\/star-yellow.svg' alt='Star'\/><img src='\/wp-content\/themes\/mdc2024\/images\/star-yellow.svg' alt='Star'\/><img src='\/wp-content\/themes\/mdc2024\/images\/star-yellow.svg' alt='Star'\/><img src='\/wp-content\/themes\/mdc2024\/images\/star-yellow.svg' alt='Star'\/><img src='\/wp-content\/themes\/mdc2024\/images\/star-yellow.svg' alt='Star'\/><\/div><\/div>\n<div class=\"clear\"><\/div>\n<\/div>\n<div class=\"cta_post_mid_offer\">\nD\u00e9p\u00f4t de 5$ Obtention de 50 tours gratuits<\/div>\n<div class=\"clear\"><\/div>\n<div class=\"cta_post_bottom\">\n\t<a href=\"\/fr\/go\/jackpot-city@fr-5\/?pos=Prime d'inscription\" class=\"mainctabutton\" target=\"_blank\" onclick=\"DL_Push('')\">Visiter<\/a><\/div>\n<\/div>\n<div class=\"cta_post_terms\"><\/div>\n<\/div><\/div><br\/>\n\n\n\n<h3 class=\"wp-block-heading\">50 tours gratuits pour 5$ au casino Mr Fortune<\/h3>\n\n\n\n<p><a href=\"\/fr\/revue-de-casino\/mr-fortune\/\">Le casino Mr Fortune<\/a> devient rapidement un casino appr\u00e9ci\u00e9 par tous les joueurs sur le march\u00e9 canadien des casinos en ligne. Le casino dispose d\u00e9j\u00e0 d&#8217;une vaste liste de plus de 2 500 jeux \u00e0 la mode, notamment des machines \u00e0 sous populaires, des jeux de cartes classiques et des jeux avec croupiers en direct, tous propos\u00e9s par des fournisseurs de premier ordre tels que NetEnt, B Gaming et Microgaming.<br>En termes de r\u00e9putation, Mr Fortune d\u00e9tient une licence de jeu de la Malta Gaming Authority. De plus, il est d\u00e9tenu et g\u00e9r\u00e9 par Green Feather Online Limited, une soci\u00e9t\u00e9 de jeux renomm\u00e9e qui g\u00e8re plusieurs casinos en ligne \u00e0 succ\u00e8s comme Boo Casino, Galactic Wins et bCasino.<\/p>\n\n\n\n<p>Nous avons contact\u00e9 Mr Fortune pour offrir \u00e0 nos lecteurs une promotion exclusive et le casino n&#8217;a pas d\u00e9\u00e7u. Suivez notre lien pour b\u00e9n\u00e9ficier d&#8217;un \u00e9norme bonus de premier d\u00e9p\u00f4t pouvant aller jusqu&#8217;\u00e0 700 $, ainsi que de 50 tours gratuits suppl\u00e9mentaires \u00e0 utiliser sur la c\u00e9l\u00e8bre machine \u00e0 sous Fruit Zen de Betsoft. Mais ce n&#8217;est pas tout : vos deuxi\u00e8me et troisi\u00e8me d\u00e9p\u00f4ts seront jumel\u00e9s comme suit :<\/p>\n\n\n\n<ul class=\"wp-block-list\">\n<li><strong>Bonus de 2\u00e8me d\u00e9p\u00f4t<\/strong> &#8211; 50% de correspondance jusqu&#8217;\u00e0 300$ + 60 tours gratuits sur la machine \u00e0 sous Super Sunny Fruits de Playson : Hold &amp; Win de Playson.<\/li>\n\n\n\n<li><strong>Bonus de 3\u00e8me d\u00e9p\u00f4t<\/strong> &#8211; 50% de correspondance jusqu&#8217;\u00e0 500$ + 70 tours gratuits sur Playson&#8217;s Book of Gold : Jeu multi-chances de Playson.<\/li>\n<\/ul>\n\n\n\n<p>Et c&#8217;est sans parler des offres hebdomadaires de Mr Fortune pour les gros joueurs, des week-ends d&#8217;argent instantan\u00e9, des bonus de fortune quotidiens et de bien d&#8217;autres promotions pour les joueurs existants.<\/p>\n\n\n\n<br\/><div class=\"cta_post_box\">\n<div class=\"cta_post_top\"><div class=\"cta_post_title\">Meilleur bonus de 5 $.<\/div><\/div>\n<div class=\"cta_post_container\">\n<div class=\"cta_post_mid\">\n<div class=\"cta_post_mid_left\"><div class=\"cta_post_image\"><img src='https:\/\/www.minimumdepositcasinos.org\/fr\/wp-content\/uploads\/2023\/05\/Mrfortune-casino-logo1.jpg' \/><\/div><div class=\"cta_post_name\">Mr Fortune<div class=\"cta_post_rating\"><img src='\/wp-content\/themes\/mdc2024\/images\/star-yellow.svg' alt='Star'\/><img src='\/wp-content\/themes\/mdc2024\/images\/star-yellow.svg' alt='Star'\/><img src='\/wp-content\/themes\/mdc2024\/images\/star-yellow.svg' alt='Star'\/><img src='\/wp-content\/themes\/mdc2024\/images\/star-yellow.svg' alt='Star'\/><img src='\/wp-content\/themes\/mdc2024\/images\/star-yellow.svg' alt='Star'\/><\/div><\/div>\n<div class=\"clear\"><\/div>\n<\/div>\n<div class=\"cta_post_mid_offer\">\nD\u00e9p\u00f4t de 5$ Obtention de 50 tours gratuits<\/div>\n<div class=\"clear\"><\/div>\n<div class=\"cta_post_bottom\">\n\t<a href=\"\/fr\/go\/mr-fortune@fr-5\/?pos=Meilleur bonus de 5 $.\" class=\"mainctabutton\" target=\"_blank\" onclick=\"DL_Push('')\">Visiter<\/a><\/div>\n<\/div>\n<div class=\"cta_post_terms\"><\/div>\n<\/div><\/div><br\/>\n\n\n\n<h2 class=\"wp-block-heading\">Avantages des casinos \u00e0 5 $ de d\u00e9p\u00f4t<\/h2>\n\n\n\n<p>Explorez le monde des casinos \u00e0 5 $ de d\u00e9p\u00f4t et d\u00e9couvrez une myriade d&#8217;avantages qui en font un choix exceptionnel pour les joueurs. Ces paradis du jeu offrent un point d&#8217;entr\u00e9e abordable, permettant aux joueurs de s&#8217;adonner au plaisir des jeux de casino sans se ruiner. Avec un modeste d\u00e9p\u00f4t de 5 $, les joueurs ont acc\u00e8s \u00e0 une gamme vari\u00e9e de jeux, ce qui leur garantit une exp\u00e9rience de jeu riche et diversifi\u00e9e. En plus d&#8217;\u00eatre abordables, ces casinos offrent souvent des bonus all\u00e9chants, faisant de chaque d\u00e9p\u00f4t une aventure gratifiante. La commodit\u00e9 d&#8217;un jeu \u00e0 faible risque, associ\u00e9e \u00e0 la possibilit\u00e9 d&#8217;obtenir des retours importants, ajoute une couche suppl\u00e9mentaire d&#8217;excitation. De plus, les casinos \u00e0 5 $ de d\u00e9p\u00f4t disposent souvent d&#8217;interfaces conviviales et de processus de paiement efficaces, ce qui am\u00e9liore l&#8217;exp\u00e9rience de jeu globale. Plongez dans le monde des casinos avec d\u00e9p\u00f4t de 5 $ et d\u00e9couvrez les sept avantages qui vous attendent, transformant votre voyage de jeu en une aventure abordable et palpitante.<\/p>\n\n\n\n<h2 class=\"wp-block-heading\">Comment nous \u00e9valuons les casinos \u00e0 5 $ de d\u00e9p\u00f4t minimum<\/h2>\n\n\n\n<p>Partez pour un voyage dans les coulisses de notre processus d&#8217;\u00e9valuation m\u00e9ticuleux des casinos \u00e0 d\u00e9p\u00f4t minimum de 5 $. Notre approche de l&#8217;\u00e9valuation de ces casinos implique un examen complet, garantissant aux joueurs non seulement une plateforme de jeu, mais aussi une exp\u00e9rience fiable et agr\u00e9able. En nous inspirant de notre page de collection de revues de casinos, nous adh\u00e9rons \u00e0 des directives strictes qui englobent des facteurs tels que la vari\u00e9t\u00e9 des jeux, l&#8217;interface utilisateur et la satisfaction g\u00e9n\u00e9rale des joueurs. Nous nous plongeons dans les d\u00e9tails, diss\u00e9quant chaque casino \u00e0 5 $ de d\u00e9p\u00f4t afin d&#8217;\u00e9valuer son accessibilit\u00e9, ses offres de bonus et ses processus de paiement. En examinant en profondeur ces aspects cl\u00e9s, nous visons \u00e0 guider les joueurs vers des plateformes qui non seulement r\u00e9pondent aux crit\u00e8res de budget, mais qui tiennent \u00e9galement la promesse d&#8217;une aventure de jeu de premier ordre. Faites confiance \u00e0 nos critiques pour naviguer dans le monde des casinos \u00e0 d\u00e9p\u00f4t minimum de 5 $ et faire des choix \u00e9clair\u00e9s qui am\u00e9liorent votre exp\u00e9rience de jeu.<\/p>\n\n\n\n<h2 class=\"wp-block-heading\">Autres montants minimums de d\u00e9p\u00f4t<\/h2>\n\n\n\n<p>Plongez dans l&#8217;univers des casinos en ligne et explorez l&#8217;\u00e9ventail des montants de d\u00e9p\u00f4t minimum, qui s&#8217;\u00e9tendent au-del\u00e0 du seuil de 5 $. <a href=\"\/fr\/\">Les casinos \u00e0 d\u00e9p\u00f4t minimum<\/a> offrent une certaine flexibilit\u00e9, permettant aux joueurs de s&#8217;engager avec diff\u00e9rents niveaux d&#8217;investissement. Alors que les casinos \u00e0 d\u00e9p\u00f4t de 5 $ constituent un point d&#8217;entr\u00e9e accessible, d&#8217;autres r\u00e9pondent \u00e0 des pr\u00e9f\u00e9rences diff\u00e9rentes avec des options telles que les casinos \u00e0 d\u00e9p\u00f4t de 1 $, les casinos \u00e0 d\u00e9p\u00f4t de 10 $, et m\u00eame les casinos \u00e0 d\u00e9p\u00f4t de 20 $. Il est essentiel de comprendre la distinction entre un d\u00e9p\u00f4t minimum et un bonus avec d\u00e9p\u00f4t minimum. Le premier fait r\u00e9f\u00e9rence au montant le plus bas requis pour approvisionner votre compte, garantissant ainsi votre participation \u00e0 l&#8217;action de jeu. D&#8217;autre part, un bonus avec d\u00e9p\u00f4t minimum adoucit l&#8217;affaire en offrant des avantages suppl\u00e9mentaires, am\u00e9liorant ainsi l&#8217;exp\u00e9rience de jeu globale. Explorez le paysage vari\u00e9 des montants minimums de d\u00e9p\u00f4t sur les casinos en ligne, en adaptant votre aventure de jeu \u00e0 vos pr\u00e9f\u00e9rences et \u00e0 votre budget.<\/p>\n\n\n\n<h2 class=\"wp-block-heading\">D\u00e9p\u00f4t de 5 $ avec ces modes de paiement<\/h2>\n\n\n\n<p>Lorsqu&#8217;il s&#8217;agit d&#8217;ajouter 5 $ pour s&#8217;amuser au casino, choisir la bonne <a href=\"\/fr\/options-dachat\/\">m\u00e9thode de paiement<\/a>, c&#8217;est comme choisir le partenaire de danse id\u00e9al : cela peut faire de votre soir\u00e9e un succ\u00e8s ou vous faire tr\u00e9bucher. Imaginez : vous \u00eates pr\u00eat \u00e0 lancer les d\u00e9s et \u00e0 faire tourner les machines \u00e0 sous, mais la fa\u00e7on dont vous d\u00e9posez ces 5 $ est importante. Cartes de cr\u00e9dit, portefeuilles \u00e9lectroniques, et m\u00eame les options traditionnelles : chacun a son propre style. Cette d\u00e9cision n&#8217;est pas seulement une question de commodit\u00e9 ; il s&#8217;agit de faire en sorte que votre exp\u00e9rience du casino soit aussi douce qu&#8217;un cocktail bien frapp\u00e9. Alors, au moment de vous lancer dans les d\u00e9p\u00f4ts \u00e0 5 $, consid\u00e9rez votre m\u00e9thode de paiement comme votre fid\u00e8le acolyte, qui vous permettra d&#8217;am\u00e9liorer votre exp\u00e9rience de jeu sans vous encombrer. Vivement les bons gestes et le jackpot en toute tranquillit\u00e9 !<\/p>\n\n\n\n<h3 class=\"wp-block-heading\">Comment d\u00e9poser 5 $ dans les casinos canadiens<\/h3>\n\n\n\n<p>Lorsqu&#8217;il s&#8217;agit de l\u00e2cher un petit billet de cinq dollars dans les casinos canadiens, il faut savoir s&#8217;y prendre avec finesse. Tout d&#8217;abord, choisir la bonne m\u00e9thode de paiement, c&#8217;est comme s\u00e9lectionner la cl\u00e9 parfaite pour ouvrir le coffre aux tr\u00e9sors du jeu. Une fois cette \u00e9tape franchie, le reste est un jeu d&#8217;enfant. Dirigez-vous vers la section des caisses, g\u00e9n\u00e9ralement un onglet ou un bouton identifi\u00e9 comme tel. Vous y trouverez un buffet d&#8217;options de paiement. S\u00e9lectionnez la m\u00e9thode de votre choix, saisissez les 5 dollars et regardez la magie op\u00e9rer. C&#8217;est comme une poign\u00e9e de main virtuelle avec le casino de votre choix. Confirmez les d\u00e9tails, et voil\u00e0 ! Vos 5 $ font d\u00e9sormais partie du jeu. Ainsi, que ce soit par carte de cr\u00e9dit, par portefeuille \u00e9lectronique ou par un moyen interm\u00e9diaire, la cl\u00e9 est entre vos mains pour d\u00e9poser 5 $ de fa\u00e7on transparente et plonger dans le monde du plaisir des casinos canadiens. Vive la simplicit\u00e9 \u00e0 chaque tour !<\/p>\n\n\n\n<h2 class=\"wp-block-heading\">Jeux les plus populaires dans les casinos \u00e0 5 $ de d\u00e9p\u00f4t<\/h2>\n\n\n\n<p>Entrez dans les casinos \u00e0 5 $ de d\u00e9p\u00f4t du Canada et vivez l&#8217;exp\u00e9rience des jeux les plus populaires qui font revenir les joueurs. Les terrains de jeu virtuels disposent d&#8217;une vari\u00e9t\u00e9 de machines \u00e0 sous qui brillent. Dans les casinos avec d\u00e9p\u00f4t de 5 $, les machines \u00e0 sous vont des jeux simples \u00e0 trois rouleaux aux aventures complexes \u00e0 cinq rouleaux, cr\u00e9ant ainsi une exp\u00e9rience de jeu passionnante. Acc\u00e9dez \u00e0 des machines \u00e0 sous \u00e0 th\u00e8me, d\u00e9couvrez des jackpots progressifs et faites tourner les machines pour obtenir des bonus \u00e9tonnants. Que vous soyez un joueur chevronn\u00e9 ou un amateur de casino d\u00e9butant avec un d\u00e9p\u00f4t de 5 $, ces machines \u00e0 sous populaires sont au centre de l&#8217;exp\u00e9rience de jeu, garantissant le plaisir et la possibilit\u00e9 de gagner. Lancez les d\u00e9s virtuels, tirez le levier et jouez !<\/p>\n\n\n\n<h2 class=\"wp-block-heading\">S\u00fbret\u00e9 et s\u00e9curit\u00e9 dans les casinos canadiens \u00e0 5 $<\/h2>\n\n\n\n<p>La s\u00e9curit\u00e9 de l&#8217;environnement de jeu est au centre des pr\u00e9occupations des casinos canadiens \u00e0 5 $, o\u00f9 la s\u00e9curit\u00e9 des joueurs est la priorit\u00e9 absolue. Ces paradis du jeu font un effort suppl\u00e9mentaire pour mettre en \u0153uvre des mesures robustes qui prot\u00e8gent les joueurs contre les risques potentiels. Des transactions crypt\u00e9es aux processus rigoureux de v\u00e9rification de l&#8217;identit\u00e9, ces casinos ont cr\u00e9\u00e9 une forteresse de s\u00e9curit\u00e9. Il ne s&#8217;agit pas seulement des jeux, il s&#8217;agit de favoriser une atmosph\u00e8re o\u00f9 les joueurs peuvent s&#8217;immerger dans le frisson des d\u00e9p\u00f4ts de 5 $ en toute confiance. Notre engagement \u00e0 ne passer en <a href=\"\/fr\/revue-de-casino\/\">revue que des casinos<\/a> s\u00fbrs et s\u00e9curis\u00e9s souligne l&#8217;importance de cet aspect. Ainsi, alors que vous vous lancez dans l&#8217;aventure du jeu, soyez assur\u00e9 que les casinos avec d\u00e9p\u00f4t de 5 $ que nous recommandons se soucient avant tout de votre s\u00fbret\u00e9 et de votre s\u00e9curit\u00e9. Jouez en toute s\u00e9r\u00e9nit\u00e9, en sachant que la seule chose sur laquelle vous devez vous concentrer est l&#8217;excitation du jeu.<\/p>\n\n\n\n<h2 class=\"wp-block-heading\">Choisissez votre casino pr\u00e9f\u00e9r\u00e9 avec un d\u00e9p\u00f4t minimum de 5 $<\/h2>\n\n\n\n<p>Il ne s&#8217;agit pas seulement des jeux, il s&#8217;agit de trouver le bon moment o\u00f9 votre modeste d\u00e9p\u00f4t de 5 $ devient la cl\u00e9 d&#8217;un monde d&#8217;excitation. Imaginez : faire tourner les bobines de machines \u00e0 sous palpitantes, s&#8217;essayer aux jeux de table classiques, le tout sans grever votre budget. Que vous soyez un joueur chevronn\u00e9 ou que vous fassiez vos premiers pas dans le monde des casinos, ces paradis du jeu vous offrent une exp\u00e9rience immersive adapt\u00e9e \u00e0 vos pr\u00e9f\u00e9rences. Ne vous contentez pas de l&#8217;ordinaire, choisissez l&#8217;extraordinaire. Votre d\u00e9p\u00f4t de 5 $ est votre billet pour une aventure de jeu personnalis\u00e9e, alors sautez le pas et faites-vous plaisir dans votre casino favori avec un d\u00e9p\u00f4t minimum de 5 $ au Canada !<\/p>\n","protected":false},"excerpt":{"rendered":"<p>Ces casinos soigneusement s\u00e9lectionn\u00e9s garantissent aux joueurs une aventure de jeu de premier ordre, en veillant \u00e0 ce que seule la cr\u00e8me de la cr\u00e8me figure sur cette liste exclusive. Plongez dans un monde o\u00f9 la qualit\u00e9 rencontre l&#8217;accessibilit\u00e9, car chaque casino de cette page a \u00e9t\u00e9 s\u00e9lectionn\u00e9 avec la plus grande pr\u00e9cision pour offrir [&hellip;]<\/p>\n","protected":false},"author":1,"featured_media":12168,"parent":0,"menu_order":0,"comment_status":"closed","ping_status":"closed","template":"page_money.php","meta":{"_acf_changed":false,"footnotes":""},"class_list":["post-28","page","type-page","status-publish","has-post-thumbnail","hentry"],"acf":[],"_links":{"self":[{"href":"https:\/\/www.minimumdepositcasinos.org\/fr\/wp-json\/wp\/v2\/pages\/28","targetHints":{"allow":["GET"]}}],"collection":[{"href":"https:\/\/www.minimumdepositcasinos.org\/fr\/wp-json\/wp\/v2\/pages"}],"about":[{"href":"https:\/\/www.minimumdepositcasinos.org\/fr\/wp-json\/wp\/v2\/types\/page"}],"author":[{"embeddable":true,"href":"https:\/\/www.minimumdepositcasinos.org\/fr\/wp-json\/wp\/v2\/users\/1"}],"replies":[{"embeddable":true,"href":"https:\/\/www.minimumdepositcasinos.org\/fr\/wp-json\/wp\/v2\/comments?post=28"}],"version-history":[{"count":140,"href":"https:\/\/www.minimumdepositcasinos.org\/fr\/wp-json\/wp\/v2\/pages\/28\/revisions"}],"predecessor-version":[{"id":13680,"href":"https:\/\/www.minimumdepositcasinos.org\/fr\/wp-json\/wp\/v2\/pages\/28\/revisions\/13680"}],"wp:featuredmedia":[{"embeddable":true,"href":"https:\/\/www.minimumdepositcasinos.org\/fr\/wp-json\/wp\/v2\/media\/12168"}],"wp:attachment":[{"href":"https:\/\/www.minimumdepositcasinos.org\/fr\/wp-json\/wp\/v2\/media?parent=28"}],"curies":[{"name":"wp","href":"https:\/\/api.w.org\/{rel}","templated":true}]}}