{"id":2803,"date":"2019-10-30T10:41:06","date_gmt":"2019-10-30T10:41:06","guid":{"rendered":"https:\/\/www.minimumdepositcasinos.org\/fr\/?page_id=2803"},"modified":"2020-07-28T17:51:23","modified_gmt":"2020-07-28T17:51:23","slug":"zodiac","status":"publish","type":"page","link":"https:\/\/www.minimumdepositcasinos.org\/fr\/revue-de-casino\/zodiac\/","title":{"rendered":"Zodiac Casino"},"content":{"rendered":"<h2>Revoir la ventilation<\/h2>\n<p>Analyser le d\u00e9sagr\u00e9gation<\/p>\n<p>Zodiac Casino se d\u00e9marque des corbeaux gr\u00e2ce \u00e0 ses offres de bonus vraiment impressionnantes- non seulement il y a un bonus de bienvenue lucratif, mais vous pourriez aussi vous retrouver en train de mettre la main sur un bonus de match pour les cinq premiers d\u00e9p\u00f4ts que vous faites, ce qui signifie que c&#8217;est un site dont il vaut bien coller avec pour le long terme!<\/p>\n<h2>Bonus et Promotions<\/h2>\n<p>L&#8217;un des principaux objectifs de tout casino en ligne est de donner \u00e0 ses clients une excellente raison de s&#8217;inscrire avec le site en premier lieu, et une fois que cela est r\u00e9alis\u00e9, pour les convaincre de rester pour une longue p\u00e9riode de temps et maintenir la fid\u00e9lit\u00e9 au site. Pour cette raison, les bonus et les promotions sont extr\u00eamement importants et peut-\u00eatre le &#8220;faire&#8221; ou &#8220;pause&#8221; pour quelque casino en ligne.<\/p>\n<h3>Bonus de bienvenue<\/h3>\n<p>Zodiac Casino est l\u2019un des nombreux sites en ligne qui offre un bonus de bienvenue lucratif, parfait pour les nouveaux clients. Tout ce que vous avez \u00e0 faire est de d\u00e9poser $1, et vous recevrez $20 au casino pour commencer \u00e0 profiter de vos jeux pr\u00e9f\u00e9r\u00e9s imm\u00e9diatement. C&#8217;est une opportunit\u00e9 incroyable pour commencer sur le jeu de votre choix, sans risque de d\u00e9penser trop de votre propre argent.<\/p>\n<p>Un bonus de bienvenue est un excellent moyen de savoir si un casino en particulier et le site est un bon match pour vous, et la capacit\u00e9 de le faire pour un prix aussi bas est un avantage certain de Zodiac. Les joueurs ont la chance d&#8217;explorer vraiment tous les aspects du casino, et prendre une d\u00e9cision \u00e9clair\u00e9e sur que ce soit \u00e0 la main sur leur loyaut\u00e9 durement gagn\u00e9avec des d\u00e9p\u00f4ts futurs plus importants.Cela signifie \u00e9galement que le casino lui-m\u00eames quelle confiance en leurs capacit\u00e9 d&#8217;impressionner de nouveaux clients et la confiance dans leurs offres.<\/p>\n<h3>Autres promotions<\/h3>\n<p>Un bon bonus de bienvenue est juste ficelle \u00e0 la proue du casino &#8211; les offres continuent une fois que vous avez bien votre pied et fermement dans la porte avec une s\u00e9rie de matchs de d\u00e9p\u00f4t d\u00e9cal\u00e9es. Cela signifie que vous vous sentez comme si votre temps et la fid\u00e9lit\u00e9 sont continuellement r\u00e9compens\u00e9s &#8211; un bon point positif!<\/p>\n<p>Sur votre deuxi\u00e8me d\u00e9p\u00f4t, vous recevrez un bonus de 100% correspondant \u00e0 la valeur de $100, tandis que votre troisi\u00e8me d\u00e9p\u00f4t vous verra avec un d\u00e9p\u00f4t de match de 50% jusqu&#8217;\u00e0 $80. Vos quatri\u00e8me et cinqui\u00e8me d\u00e9p\u00f4ts vous rapporteront 50% du d\u00e9p\u00f4t correspondant \u00e0 $150 sur chacun, et cela signifie que vous \u00eates r\u00e9compens\u00e9 \u00e0 maintes reprises simplement pour avoir jou\u00e9 \u00e0 vos jeux pr\u00e9f\u00e9r\u00e9s!<\/p>\n<h3>Conditions de jeu (Conditions de mise)<\/h3>\n<p>Avec chaque bonus ou promotion offert par un casino, il y aura certains paris et conditions de jeu sur les gains. En dehors simplement, c\u2019est le nombre de fois o\u00f9 il vous sera demand\u00e9 de jouer les gains avant de pouvoir retirer le montant en esp\u00e8ces.\u00a0Celles-ci ont tendance \u00e0 varier de bonus en bonus, et diff\u00e9rents jeux auront des poids diff\u00e9rents -les machines \u00e0 sous requis 30x le bonus, le <a href=\"https:\/\/www.minimumdepositcasinos.org\/fr\/jeux\/blackjack\/\">blackjack<\/a> et le baccarat sont 300x, la <a href=\"https:\/\/www.minimumdepositcasinos.org\/fr\/jeux\/roulette\/\">roulette<\/a> 1500x et le vid\u00e9o poker 1500x.<\/p>\n<p>Il est toujours important de v\u00e9rifier les petits caract\u00e8res, et toutes les conditions qui peuvent \u00eatre attach\u00e9es \u00e0 votre bonus avant de le jouer &#8211; vous pouvez \u00eatre bloqu\u00e9 avec un montant gagnant qui est difficile \u00e0 retirer.<\/p>\n<h3>VIP et fid\u00e9lit\u00e9 *<\/h3>\n<p>Le fabuleux programme de fid\u00e9lit\u00e9 est un autre atout majeur du casino,qu&#8217;ils utilisent pour les aider \u00e0 r\u00e9compenser les clients fid\u00e8les. Le nombre de r\u00e9compenses disponibles est bas\u00e9 sur le montant total mis\u00e9 par le joueur, ce qui signifie que vous \u00eates fermement en contr\u00f4le, et le sch\u00e9ma fonctionne en allouant des points sur le jeu qui peuvent ensuite \u00eatre convertis en tours gratuits, ou en esp\u00e8ces. Tous les 100 points gagn\u00e9s \u00e9quivautlent \u00e0 une puce de bonus dollar, et une fois que vous avez atteint 1000 points, vous avez la possibilit\u00e9 de d\u00e9bloquer vos cr\u00e9dits. La totalit\u00e9 le syst\u00e8me est super simple et ne n\u00e9cessite aucun effort suppl\u00e9mentaire de la part des joueurs -vous serez simplement r\u00e9compens\u00e9 pour ce que vos faites d\u00e9j\u00e0.<\/p>\n<h2>Comment commencer \u00e0 jouer<\/h2>\n<p>D\u00e8s votre arriv\u00e9e sur le site du Zodiac Casino , vous serez invit\u00e9 \u00e0 commencer \u00e0 jouer. En suivant les liens, vous allez bient\u00f4t vous retrouver profond\u00e9ment dans le processus d&#8217;inscription, qui demande des donn\u00e9es de base et des d\u00e9tails tels que votre nom, date of birth and email address date de naissance et adresse email . Vous devrez \u00eatre capable de confirmer votre adresse email pour continuer, .alors assurez-vous qu&#8217;il est pr\u00e9cis. Une fois le processus d&#8217;inscription termin\u00e9, il est temps de commencer \u00e0 jouer.<\/p>\n<p>N&#8217;oubliez pas que vous devrez effectuer un d\u00e9p\u00f4t initial de $1 seulement pour r\u00e9clamer vos $ 20 gratuits c&#8217;est donc le meilleur endroit pour commencer car il vous donne une liasse d&#8217;argent gratuit \u00e0 explorer et examiner chaque pouce du casino et assurez-vous que vous \u00eates tous deux compatibles. D&#8217;ici, le monde est ton coquillage , et vous pourrez vous adonner \u00e0 votre jeu favori tr\u00e8s au contenu de votre c\u0153ur!<\/p>\n<h2>Paiements<\/h2>\n<p>La gamme de <a href=\"\/fr\/options-dachat\/\">moyens de paiement et les options disponibles<\/a> ont vraiment le potentiel de faire ou d\u00e9faire un casino, Il est donc important de les v\u00e9rifier attentivement avant de vous inscrire. Il n&#8217;y a rien de pire que d&#8217;avoir \u00e0 attendre des semaines pour que vos gains durement gagn\u00e9s apparaissent sur votre compte!<\/p>\n<p>Heureusement, Zodiac Casino est fier d\u2019offrir une vari\u00e9t\u00e9 d\u2019options en mati\u00e8re de paiement.C&#8217;est un processus simple pour placer des d\u00e9p\u00f4ts qui d\u00e9clenchera des bonus et vous permettre de jouer \u00e0 des jeux, et assez simple pour retirer vos gains. Peu importe votre m\u00e9thode de choix, vous \u00eates s\u00fbr d&#8217;\u00eatre satisfait.<\/p>\n<h3>M\u00e9thodes de d\u00e9p\u00f4t<\/h3>\n<h3>D\u00e9p\u00f4ts minimum et maximum<\/h3>\n<p><!-- h3-->L&#8217;un des meilleurs aspects de ce casino est qu&#8217;il suffit de d\u00e9poser 1 $ pour d\u00e9clencher le bonus de bienvenue et commencer \u00e0 jouer! There is currently no maximum, though this could change.<\/p>\n<h3>M\u00e9thodes de retrait et du temps<\/h3>\n<p>Offrir un large \u00e9ventail de m\u00e9thodes de retrait est important pour tout casino, et cela semble \u00eatre quelque chose reconnu par Zodiac . Ils ont une vari\u00e9t\u00e9 d&#8217;options , y compris les cartes de cr\u00e9dit \/ d\u00e9bit, Neteller, Skrill (Moneybookers), virement bancaire, <a href=\"https:\/\/www.minimumdepositcasinos.org\/fr\/options-dachat\/paysafecard\/\">Paysafecard<\/a>, Instadebit, UKash, EntroPay, Click2Pay, ClickandBuy,<\/p>\n<p>EZIPay, EntroPay, Kalibra, PayPal, iDeal, eWire, Euteller, MultiBanco, Przelewy24, eKonto, uNet, Swedbank, Nordea et Moneta.Le temps n\u00e9cessaire pour effectuer un transfert d\u00e9pend en grande partie de votre mode de paiement; e-portefeuilles sont les plus rapides \u00e0 24-48 heures, tandis que les ch\u00e8ques prennent le plus longtemps \u00e0 10-21 jours. Les cartes de cr\u00e9dit et de d\u00e9bit se situent entre 3 et 5 jours et les virements bancaires entre 6 et 10 jours. Il y a une p\u00e9riode de 24 \u00e0 48 heures en attente pour toute demande.<\/p>\n<h2>Jeux<\/h2>\n<p>Pour survivre dans un march\u00e9 occup\u00e9 et encombr\u00e9, tous les casinos doivent pouvoir proposer une gamme de titres de grande qualit\u00e9 \u00e0 leurs clients, et cela est une force \u00e9norme de Zodiac Casino. Ils ont une grande vari\u00e9t\u00e9 pour r\u00e9pondre quelque et tout int\u00e9r\u00eat &#8211; il est tr\u00e8s peu probable que vous vous ennuyiez!<\/p>\n<h3>Machines \u00e0 sous<\/h3>\n<p>Zodiac excelle en offrant des <a href=\"https:\/\/www.minimumdepositcasinos.org\/fr\/jeux\/machines-a-sous\/\">machines \u00e0 sous<\/a>, avec une gamme de classiques de Microgaming, machines \u00e0 sous vid\u00e9o , et quelques machines \u00e0 sous AWP. Tous les machines \u00e0 sous horaires sont divis\u00e9s par th\u00e8me, par exemple, animaux, fruits, dessins anim\u00e9s, aventures, fantaisie ou voyages, et le site propose certains des noms les plus populaires, tels que Game of Thrones, Bridesmaids, Avalon II, et Mega Moolah, entre autres.<\/p>\n<h3>Jeux de table <!-- h3--><\/h3>\n<p>Ainsi que de tr\u00e8s bons choix en mati\u00e8re de machines \u00e0 sous,le casino peut \u00e9galement r\u00e9pondre \u00e0 ceux qui pr\u00e9f\u00e8rent une <a href=\"https:\/\/www.minimumdepositcasinos.org\/fr\/jeux\/blackjack\/\">option de jeu de table classique<\/a>. Avec des titres tels que Poker Pursuit, Red Dog et Sic Bo, pour n&#8217;en nommer que tr\u00e8s peu, il y a un large \u00e9ventail de favoris familiers et de nouveaux d\u00e9fis \u00e0 choisir!<\/p>\n<h3>Jeux de croupiers en direct<\/h3>\n<p>Tous les fans de casino en ligne sauront qu&#8217;il est important d&#8217;inclure une excellente option Live Dealer. Cela permet aux joueurs se sentir comme s\u00b4ils \u00e9taient juste dans la pi\u00e8ce et est essentiel pour s&#8217;impr\u00e9gner de l&#8217;atmosph\u00e8re et vous plonger vraiment dans le jeu. Zodiac offre tous les favoris ici, y compris les variations de Blackjack et de Poker.<\/p>\n<h2>Mobile et applications<\/h2>\n<p>Dans un monde o\u00f9 nous sommes en d\u00e9placement 24\/7 et peut-\u00eatre contact\u00e9 par n&#8217;importe qui, \u00e0 tout moment, il est logique que les joueurs et les clients attendent la m\u00eame chose des casinos. Zodiac est con\u00e7u pour \u00eatre en mesure de travailler dans un navigateur mobile, en vous assurant que vous avez plus de chances de gagner chaque jour, et vous pouvez en profiter de tout temps d&#8217;arr\u00eat pour jouer!<\/p>\n<h2>S\u00e9curit\u00e9 et licences<\/h2>\n<p><!-- h2-->Les licences et la s\u00e9curit\u00e9 sont vitales pour les casinos,et est quelque chose qu&#8217;ils prennent tr\u00e8s au s\u00e9rieux; elles sont, apr\u00e8s tout, traiter avec les peuples personnels et informations financi\u00e8res. Pour cette raison, toutes les transactions doivent \u00eatre totalement s\u00fbres et s\u00e9curis\u00e9es, avec des donn\u00e9es stock\u00e9es correctement et prot\u00e9g\u00e9es. Zodiac a utilis\u00e9 un pare-feu de niveau entrepris avec le cryptage SSL 128 bits sur leur r\u00e9seau. Tous les jeux sont test\u00e9s par eCogra et poss\u00e8de une licence de jeu au Royaume-Uni.<\/p>\n<h2>Assistance au client<\/h2>\n<p>Le chat en direct est disponible 24\/7, et c&#8217;est un r\u00e9el point positif de l&#8217;entreprise.Les joueurs peuvent \u00e9galement acc\u00e9der \u00e0 l&#8217;aide et \u00e0 l&#8217;assistance par courrier \u00e9lectronique et par t\u00e9l\u00e9phone si n\u00e9cessaire.<\/p>\n<h2>Notre Verdict<\/h2>\n<p>Avec une large gamme de jeux, attention \u00e0 la s\u00e9curit\u00e9, et superbe support client Zodiac est l\u00e0-haut avec nos meilleurs choix en ce qui concerne le monde des casinos en ligne. Ceci est un site qui doit absolument \u00eatre essay\u00e9 et test\u00e9!<\/p>\n","protected":false},"excerpt":{"rendered":"<p>Revoir la ventilation Analyser le d\u00e9sagr\u00e9gation Zodiac Casino se d\u00e9marque des corbeaux gr\u00e2ce \u00e0 ses offres de bonus vraiment impressionnantes- non seulement il y a un bonus de bienvenue lucratif, mais vous pourriez aussi vous retrouver en train de mettre la main sur un bonus de match pour les cinq premiers d\u00e9p\u00f4ts que vous faites, [&hellip;]<\/p>\n","protected":false},"author":10,"featured_media":2805,"parent":16,"menu_order":0,"comment_status":"closed","ping_status":"closed","template":"page_review_card.php","meta":{"_acf_changed":false,"footnotes":""},"class_list":["post-2803","page","type-page","status-publish","has-post-thumbnail","hentry"],"acf":[],"_links":{"self":[{"href":"https:\/\/www.minimumdepositcasinos.org\/fr\/wp-json\/wp\/v2\/pages\/2803","targetHints":{"allow":["GET"]}}],"collection":[{"href":"https:\/\/www.minimumdepositcasinos.org\/fr\/wp-json\/wp\/v2\/pages"}],"about":[{"href":"https:\/\/www.minimumdepositcasinos.org\/fr\/wp-json\/wp\/v2\/types\/page"}],"author":[{"embeddable":true,"href":"https:\/\/www.minimumdepositcasinos.org\/fr\/wp-json\/wp\/v2\/users\/10"}],"replies":[{"embeddable":true,"href":"https:\/\/www.minimumdepositcasinos.org\/fr\/wp-json\/wp\/v2\/comments?post=2803"}],"version-history":[{"count":12,"href":"https:\/\/www.minimumdepositcasinos.org\/fr\/wp-json\/wp\/v2\/pages\/2803\/revisions"}],"predecessor-version":[{"id":4202,"href":"https:\/\/www.minimumdepositcasinos.org\/fr\/wp-json\/wp\/v2\/pages\/2803\/revisions\/4202"}],"up":[{"embeddable":true,"href":"https:\/\/www.minimumdepositcasinos.org\/fr\/wp-json\/wp\/v2\/pages\/16"}],"wp:featuredmedia":[{"embeddable":true,"href":"https:\/\/www.minimumdepositcasinos.org\/fr\/wp-json\/wp\/v2\/media\/2805"}],"wp:attachment":[{"href":"https:\/\/www.minimumdepositcasinos.org\/fr\/wp-json\/wp\/v2\/media?parent=2803"}],"curies":[{"name":"wp","href":"https:\/\/api.w.org\/{rel}","templated":true}]}}