{"id":3389,"date":"2020-01-22T10:27:22","date_gmt":"2020-01-22T10:27:22","guid":{"rendered":"https:\/\/www.minimumdepositcasinos.org\/fr\/?page_id=3389"},"modified":"2024-05-24T10:08:27","modified_gmt":"2024-05-24T10:08:27","slug":"interac","status":"publish","type":"page","link":"https:\/\/www.minimumdepositcasinos.org\/fr\/options-dachat\/interac\/","title":{"rendered":"Interac"},"content":{"rendered":"\n<h2 class=\"wp-block-heading\">Qu&#8217;est-ce qui fait d&#8217;Interac une excellente m\u00e9thode de paiement pour les casinos<\/h2>\n\n\n\n<p>Dans les casinos en ligne, la confidentialit\u00e9 est une pr\u00e9occupation majeure pour de nombreux joueurs en ligne qui n&#8217;aiment pas partager les informations de leur carte bancaire sur Internet. Avec Interac, la simplicit\u00e9 est la cl\u00e9. Les joueurs de casino en ligne n&#8217;ont qu&#8217;\u00e0 pr\u00e9senter leur NIP bancaire pour transf\u00e9rer de l&#8217;argent vers et depuis un casino en ligne. Gr\u00e2ce au cryptage complet en ligne, les tiers ne peuvent pas falsifier vos informations, et la banque enregistre automatiquement chaque transaction, offrant ainsi un haut niveau d&#8217;anonymat et de s\u00e9curit\u00e9.<\/p>\n\n\n\n<p>Un autre avantage de l&#8217;utilisation d&#8217;Interac dans les casinos en ligne est la rapidit\u00e9 avec laquelle vos d\u00e9p\u00f4ts et retraits sont effectu\u00e9s. Comme le processus est bien expliqu\u00e9 au casino, m\u00eame les d\u00e9butants peuvent cr\u00e9er un compte Interac sans probl\u00e8me. Interac est tr\u00e8s populaire en raison de la rapidit\u00e9 de ses transactions. Vous n&#8217;avez pas besoin d&#8217;attendre plusieurs jours pour obtenir vos fonds et vous pouvez m\u00eame demander un bonus de bienvenue avec Interac.<\/p>\n\n\n\n<h2 class=\"wp-block-heading\">Le meilleur casino en ligne qui accepte Interac<\/h2>\n\n\n\n<p>Le meilleur casino en ligne qui accepte Interac est assur\u00e9 de proposer des jeux de pokie classiques et tr\u00e8s tendance, des jackpots progressifs et des jeux de table sur des machines fonctionnant au RNG et au casino \u00e0 croupier en direct. De plus, les utilisateurs pourront \u00e9galement discuter avec le service d&#8217;assistance par le biais d&#8217;une bo\u00eete de discussion en direct disponible 24 heures sur 24 et 7 jours sur 7, et bien s\u00fbr, dans les casinos Interac r\u00e9glement\u00e9s, les bonus et les offres de <a href=\"\/fr\/tours-gratuits\/\">tours gratuits<\/a> sont parmi les meilleurs en ligne.<\/p>\n\n\n\n<br\/><div class=\"cta_post_box\">\n<div class=\"cta_post_top\"><div class=\"cta_post_title\">Meilleur casino Interac<\/div><\/div>\n<div class=\"cta_post_container\">\n<div class=\"cta_post_mid\">\n<div class=\"cta_post_mid_left\"><div class=\"cta_post_image\"><img src='https:\/\/www.minimumdepositcasinos.org\/fr\/wp-content\/uploads\/2019\/10\/SpinCasino_400x400.jpg' \/><\/div><div class=\"cta_post_name\">Spin Casino<div class=\"cta_post_rating\"><img src='\/wp-content\/themes\/mdc2024\/images\/star-yellow.svg' alt='Star'\/><img src='\/wp-content\/themes\/mdc2024\/images\/star-yellow.svg' alt='Star'\/><img src='\/wp-content\/themes\/mdc2024\/images\/star-yellow.svg' alt='Star'\/><img src='\/wp-content\/themes\/mdc2024\/images\/star-yellow.svg' alt='Star'\/><img src='\/wp-content\/themes\/mdc2024\/images\/star-yellow.svg' alt='Star'\/><\/div><\/div>\n<div class=\"clear\"><\/div>\n<\/div>\n<div class=\"cta_post_mid_offer\">\nD\u00e9p\u00f4t de $1 Obtention de 70 tours bonus<\/div>\n<div class=\"clear\"><\/div>\n<div class=\"cta_post_bottom\">\n\t<a href=\"\/fr\/go\/spin-casino@fr-1\/?pos=Meilleur casino Interac\" class=\"mainctabutton\" target=\"_blank\" onclick=\"DL_Push('')\">Visiter<\/a><\/div>\n<\/div>\n<div class=\"cta_post_terms\"><\/div>\n<\/div><\/div><br\/>\n\n\n\n<h2 class=\"wp-block-heading\">D\u00e9p\u00f4ts minimaux dans les casinos Interac<\/h2>\n\n\n\n<p>Jouer aux pokies et aux jeux de table comme le poker classique et le blackjack offre un plaisir et une excitation immenses, et les nombreuses caract\u00e9ristiques uniques de ces jeux, comme les jokers, les scatters et les jeux de bonus, vous feront passer \u00e0 un niveau sup\u00e9rieur. De nombreux joueurs ne veulent pas faire un gros d\u00e9p\u00f4t avant de d\u00e9couvrir un nouveau casino, c&#8217;est pourquoi nos casinos \u00e0 d\u00e9p\u00f4t minimum deviennent tr\u00e8s populaires dans le monde entier. Le d\u00e9p\u00f4t de petites sommes permet aux joueurs de s&#8217;amuser au maximum sans risquer leurs \u00e9conomies ou d\u00e9passer leur budget, et surtout, vos d\u00e9p\u00f4ts minimums d\u00e9clencheront des bonus attrayants.<\/p>\n\n\n\n<h3 class=\"wp-block-heading\">Casinos \u00e0 D\u00e9p\u00f4t Minimum<\/h3>\n\n\n\n<p>Les casinos \u00e0 d\u00e9p\u00f4t minimum ouvrent un monde de jeux en ligne pour les joueurs qui aiment les casinos mais pr\u00e9f\u00e8rent rester \u00e0 l&#8217;\u00e9cart des jeux \u00e0 enjeux \u00e9lev\u00e9s. Les casinos \u00e0 d\u00e9p\u00f4t minimum veulent vous offrir de l&#8217;argent suppl\u00e9mentaire, ou des tours gratuits pour ajouter un plus \u00e0 votre jeu avec <a href=\"\/fr\/1-de-depot-minimum\/\">les d\u00e9p\u00f4ts les plus bas de $1<\/a> et $5.<\/p>\n\n\n\n<p>Pour les joueurs de casino en ligne \u00e0 la recherche des meilleures destinations de jeu, vous trouverez sur nos pages une liste compl\u00e8te de casinos \u00e0 d\u00e9p\u00f4t minimum, qui regorgent de divertissements de haute qualit\u00e9, de bonus g\u00e9n\u00e9reux et d&#8217;offres de tours gratuits. Parcourez nos casinos \u00e0 d\u00e9p\u00f4t minimum sous licence, et lorsque vous en trouvez un qui vous int\u00e9resse, lisez la critique du casino pour obtenir des informations importantes.<\/p>\n\n\n\n<h3 class=\"wp-block-heading\">Casinos \u00e0 d\u00e9p\u00f4t de $5<\/h3>\n\n\n\n<p>Il est s\u00e9duisant d&#8217;avoir la possibilit\u00e9 <a href=\"\/fr\/5-de-depot-minimum\/\">de d\u00e9poser $5 dans un casino en ligne<\/a>, de jouer \u00e0 de nouvelles machines \u00e0 sous et de profiter d&#8217;un jeu sans risque. Faire un d\u00e9p\u00f4t de $5 est un excellent moyen de passer du temps \u00e0 jouer \u00e0 des machines \u00e0 sous \u00e0 petit budget tout en profitant de sensations fortes. Lorsque de nouveaux joueurs rejoignent un casino pour la premi\u00e8re fois, ils veulent \u00e9viter de prendre des risques importants avant de s&#8217;assurer qu&#8217;il leur convient. Un casino \u00e0 $5 de d\u00e9p\u00f4t est id\u00e9al car vos $5 d\u00e9clencheront des tours gratuits et des bonus de correspondance \u00e0 100 % pour ajouter des fonds suppl\u00e9mentaires \u00e0 votre nouveau compte.<\/p>\n\n\n\n<h3 class=\"wp-block-heading\">Casinos \u00e0 d\u00e9p\u00f4t de $10<\/h3>\n\n\n\n<p>Alors que les d\u00e9p\u00f4ts de $1 et $5 vous ouvriront un monde de bonus de premier ordre, dans la plupart <a href=\"\/fr\/10-de-depot-minimum\/\">des casinos, un d\u00e9p\u00f4t de $10<\/a> vous permettra d&#8217;obtenir un bonus plus important. Si vous effectuez un d\u00e9p\u00f4t tr\u00e8s bas, \u00e0 partir de $1, vous constaterez peut-\u00eatre que les exigences de mise sont plus \u00e9lev\u00e9es, mais un d\u00e9p\u00f4t de $10 vous permettra d&#8217;obtenir des bonus lucratifs et des gains en argent r\u00e9el, de jouer aux meilleures machines \u00e0 sous et aux meilleurs jeux de table, et de b\u00e9n\u00e9ficier d&#8217;une assistance 24h\/7j.<\/p>\n\n\n\n<h3 class=\"wp-block-heading\">Casinos \u00e0 d\u00e9p\u00f4t de $20<\/h3>\n\n\n\n<p>Pour que les joueurs puissent profiter de jeux de casino en ligne spectaculaires, avec un <a href=\"\/fr\/20-de-depot-minimum\/\">d\u00e9p\u00f4t de $20<\/a>, vous serez \u00e9ligible \u00e0 un bonus de bienvenue comprenant un bonus de 100% et des tours gratuits pour acc\u00e9der aux meilleurs jeux de casino en argent r\u00e9el. Si vous souhaitez d\u00e9penser moins, essayez nos casinos \u00e0 d\u00e9p\u00f4t de $1, $5 et $10, qui offrent des tours gratuits et d&#8217;autres promotions int\u00e9ressantes comme les bonus de cashback.<\/p>\n\n\n\n<h2 class=\"wp-block-heading\">Le meilleur casino Interac avec D\u00e9p\u00f4t Minimum<\/h2>\n\n\n\n<br\/><div class=\"cta_post_box\">\n<div class=\"cta_post_top\"><div class=\"cta_post_title\">d\u00e9p\u00f4t minimum interac casino<\/div><\/div>\n<div class=\"cta_post_container\">\n<div class=\"cta_post_mid\">\n<div class=\"cta_post_mid_left\"><div class=\"cta_post_image\"><img src='https:\/\/www.minimumdepositcasinos.org\/fr\/wp-content\/uploads\/2022\/11\/ruby-fortune-400x4001-1.jpg' \/><\/div><div class=\"cta_post_name\">Ruby Fortune<div class=\"cta_post_rating\"><img src='\/wp-content\/themes\/mdc2024\/images\/star-yellow.svg' alt='Star'\/><img src='\/wp-content\/themes\/mdc2024\/images\/star-yellow.svg' alt='Star'\/><img src='\/wp-content\/themes\/mdc2024\/images\/star-yellow.svg' alt='Star'\/><img src='\/wp-content\/themes\/mdc2024\/images\/star-yellow.svg' alt='Star'\/><img src='\/wp-content\/themes\/mdc2024\/images\/star-yellow.svg' alt='Star'\/><\/div><\/div>\n<div class=\"clear\"><\/div>\n<\/div>\n<div class=\"cta_post_mid_offer\">\nD\u00e9p\u00f4t de $1 Obtention de 40 TOURS POUR<\/div>\n<div class=\"clear\"><\/div>\n<div class=\"cta_post_bottom\">\n\t<a href=\"\/fr\/go\/ruby-fortune@fr-1\/?pos=d\u00e9p\u00f4t minimum interac casino\" class=\"mainctabutton\" target=\"_blank\" onclick=\"DL_Push('')\">Visiter<\/a><\/div>\n<\/div>\n<div class=\"cta_post_terms\"><\/div>\n<\/div><\/div><br\/>\n\n\n\n<p>Les casinos en ligne qui veulent faire bonne impression proposent \u00e0 leurs joueurs Interac comme option bancaire. Les services bancaires Interac sont l&#8217;un des moyens les plus s\u00fbrs et les plus simples de profiter de paiements rapides dans les casinos. Vous pouvez contr\u00f4ler vos fonds et g\u00e9rer votre bankroll de casino, et vous d\u00e9penserez judicieusement car Interac est si bien int\u00e9gr\u00e9. De plus en plus de casinos en ligne ajoutent Interac \u00e0 leur liste de fournisseurs de paiement, notamment au Canada, qui a officiellement r\u00e9glement\u00e9 son march\u00e9 des jeux en ligne le 4 avril 2022.<\/p>\n\n\n\n<h2 class=\"wp-block-heading\">Comment utiliser Interac dans un casino<\/h2>\n\n\n\n<p>Avant d&#8217;utiliser <a href=\"https:\/\/www.interac.ca\/fr\/\" target=\"_blank\" rel=\"noreferrer noopener\">Interac<\/a> dans votre casino Interac pr\u00e9f\u00e9r\u00e9, vous devez savoir quelles options Interac vous pouvez utiliser. Voici une liste rapide des diff\u00e9rentes options de paiement Interac:<\/p>\n\n\n\n<ul class=\"wp-block-list\">\n<li><strong>D\u00e9bit Interac &#8211; Effectuez vos d\u00e9p\u00f4ts au casino avec votre carte de d\u00e9bit Interac ou votre compte en ligne<\/strong>.<\/li>\n\n\n\n<li><strong>Flash Interac <\/strong>&#8211; Caract\u00e9ristique des cartes de d\u00e9bit Interac, Flash Interac permet les paiements sans contact.<\/li>\n\n\n\n<li><strong>Virement \u00e9lectronique Interac: <\/strong>Ce mode de paiement est \u00e9quivalent au virement bancaire pour les banques non Interac.<\/li>\n\n\n\n<li><strong>Argent liquide Interac:<\/strong> Utilisez votre carte Interac pour retirer de l&#8217;argent \u00e0 n&#8217;importe quel guichet automatique Interac.<\/li>\n<\/ul>\n\n\n\n<h3 class=\"wp-block-heading\">Cr\u00e9ation d&#8217;un compte Interac<\/h3>\n\n\n\n<p>L&#8217;utilisation d&#8217;Interac dans les casinos en ligne diff\u00e8re l\u00e9g\u00e8rement du fonctionnement des portefeuilles \u00e9lectroniques tels que Neteller, Skrill et PayPal. Interac consiste \u00e0 utiliser votre compte bancaire en ligne avec la section caisse du casino. Pour cr\u00e9er un compte Interac, vous devez avoir un compte dans l&#8217;une des 200 principales banques canadiennes. Une fois enregistr\u00e9, vous aurez automatiquement acc\u00e8s au r\u00e9seau Interac.<\/p>\n\n\n\n<h3 class=\"wp-block-heading\">Financement de votre compte Casino Interac<\/h3>\n\n\n\n<p>Faire un d\u00e9p\u00f4t Interac varie d&#8217;un casino \u00e0 l&#8217;autre, mais les m\u00e9canismes de base du d\u00e9p\u00f4t et du retrait sont les m\u00eames. Commencez par ouvrir un compte dans votre casino en ligne pr\u00e9f\u00e9r\u00e9, puis rendez-vous \u00e0 la caisse du casino pour effectuer votre d\u00e9p\u00f4t en argent r\u00e9el. Choisissez Interac dans la liste d\u00e9roulante des fournisseurs de paiement, suivez les instructions de la caisse et, si vous avez besoin d&#8217;aide, demandez l&#8217;aide du service client\u00e8le via le bouton Live Chat.<\/p>\n\n\n\n<h3 class=\"wp-block-heading\">Utilisation de votre compte Interac dans un casino<\/h3>\n\n\n\n<p>Interac est disponible \u00e0 travers de nombreux produits, notamment le D\u00e9bit Interac, qui fonctionne comme une carte de d\u00e9bit, et le Virement Interac, pour des paiements rapides dans les casinos en ligne. Les utilisateurs peuvent compter sur des d\u00e9p\u00f4ts instantan\u00e9s, des inscriptions rapides avec Interac et des inscriptions en un clic dans la plupart des casinos Interac que nous pr\u00e9sentons. Le principal avantage des inscriptions rapides au casino avec Interac est que vous pouvez commencer \u00e0 jouer imm\u00e9diatement et profiter ensuite des retraits rapides effectu\u00e9s instantan\u00e9ment dans la plupart des casinos.<\/p>\n\n\n\n<h2 class=\"wp-block-heading\">Casinos sans pari qui acceptent Interac<\/h2>\n\n\n\n<p>Les casinos Interac sont connus pour offrir des bonus de bienvenue et des tours gratuits. L&#8217;utilisation d&#8217;Interac pour jouer aux machines \u00e0 sous et aux jeux de table en ligne vous permettra d&#8217;am\u00e9liorer votre jeu en ligne gr\u00e2ce \u00e0 des transactions en ligne faciles, une s\u00e9curit\u00e9 absolue et une facilit\u00e9 d&#8217;utilisation. En parcourant notre liste de casinos Interac, vous remarquerez que certains casinos sans mise acceptent Interac. Il s&#8217;agit d&#8217;un excellent moyen de jouer \u00e0 des jeux de casino en ligne sans avoir \u00e0 remplir des conditions de mise. Au lieu de cela, vous jouez votre bonus, et tous les gains que vous r\u00e9ussissez \u00e0 obtenir sont \u00e0 vous en tant qu&#8217;argent r\u00e9el. Les exigences de mise indiquent combien de fois vous devez rejouer votre bonus et vos tours gratuits avant de convertir vos bonus en gains en argent r\u00e9el.<\/p>\n\n\n\n<h2 class=\"wp-block-heading\">Les retraits aux Casinos Interac<\/h2>\n\n\n\n<p>Pour utiliser Interac sur votre casino en ligne pr\u00e9f\u00e9r\u00e9, s\u00e9lectionnez-le dans le menu d\u00e9roulant des options bancaires \u00e0 la caisse, saisissez le montant de votre d\u00e9p\u00f4t ou de votre retrait, puis validez. Vous n&#8217;aurez pas besoin de cr\u00e9er un compte Interac de la m\u00eame mani\u00e8re qu&#8217;avec PayPal; par exemple, il vous suffit de cr\u00e9er un compte bancaire dans une banque ou une coop\u00e9rative de cr\u00e9dit participante. Les casinos Interac offrent des bonus gratifiants, ainsi que des spins gratuits, depuis un ordinateur de bureau ou un t\u00e9l\u00e9phone portable, et de nombreux fournisseurs de paiement, dont Interac. Les retraits Interac sont rapides, et vous pouvez vous attendre \u00e0 recevoir vos gains en 24 heures maximum.<\/p>\n\n\n\n<h2 class=\"wp-block-heading\">Doit-on utiliser Interac dans un casino en ligne?  <\/h2>\n\n\n\n<p>Les casinos en ligne ne facturent g\u00e9n\u00e9ralement pas les d\u00e9p\u00f4ts et les retraits, mais les fournisseurs de services de paiement peuvent avoir des frais associ\u00e9s. Les frais de transaction Interac sont inf\u00e9rieurs \u00e0 ceux de la plupart des autres fournisseurs de services de paiement et ne d\u00e9passent pas $1. Les d\u00e9p\u00f4ts inf\u00e9rieurs \u00e0 $35 co\u00fbtent environ $0,4et si vous effectuez une transaction sup\u00e9rieure \u00e0 $300, les frais fixes sont de $1,80, ce qui est l&#8217;un des frais les plus faibles des fournisseurs de services de paiement. En plus de l&#8217;\u00e9conomie r\u00e9alis\u00e9e sur les frais Interac, les joueurs peuvent b\u00e9n\u00e9ficier d&#8217;un moyen s\u00fbr et facile d&#8217;effectuer des d\u00e9p\u00f4ts, sans avoir \u00e0 s&#8217;inscrire \u00e0 des services suppl\u00e9mentaires si votre banque l&#8217;utilise d\u00e9j\u00e0. Pour utiliser le Virement Interac, rendez-vous dans la section caisse, choisissez Interac comme m\u00e9thode de retrait, r\u00e9pondez \u00e0 une question de s\u00e9curit\u00e9 et suivez les instructions simples \u00e0 l&#8217;\u00e9cran. Interac est un fournisseur de paiement moderne et avant-gardiste, et il est fortement recommand\u00e9 de profiter des casinos et des paris sportifs en ligne.<\/p>\n","protected":false},"excerpt":{"rendered":"<p>Qu&#8217;est-ce qui fait d&#8217;Interac une excellente m\u00e9thode de paiement pour les casinos Dans les casinos en ligne, la confidentialit\u00e9 est une pr\u00e9occupation majeure pour de nombreux joueurs en ligne qui n&#8217;aiment pas partager les informations de leur carte bancaire sur Internet. Avec Interac, la simplicit\u00e9 est la cl\u00e9. Les joueurs de casino en ligne n&#8217;ont [&hellip;]<\/p>\n","protected":false},"author":11,"featured_media":3393,"parent":98,"menu_order":0,"comment_status":"closed","ping_status":"closed","template":"page_money.php","meta":{"_acf_changed":false,"footnotes":""},"class_list":["post-3389","page","type-page","status-publish","has-post-thumbnail","hentry"],"acf":[],"_links":{"self":[{"href":"https:\/\/www.minimumdepositcasinos.org\/fr\/wp-json\/wp\/v2\/pages\/3389","targetHints":{"allow":["GET"]}}],"collection":[{"href":"https:\/\/www.minimumdepositcasinos.org\/fr\/wp-json\/wp\/v2\/pages"}],"about":[{"href":"https:\/\/www.minimumdepositcasinos.org\/fr\/wp-json\/wp\/v2\/types\/page"}],"author":[{"embeddable":true,"href":"https:\/\/www.minimumdepositcasinos.org\/fr\/wp-json\/wp\/v2\/users\/11"}],"replies":[{"embeddable":true,"href":"https:\/\/www.minimumdepositcasinos.org\/fr\/wp-json\/wp\/v2\/comments?post=3389"}],"version-history":[{"count":17,"href":"https:\/\/www.minimumdepositcasinos.org\/fr\/wp-json\/wp\/v2\/pages\/3389\/revisions"}],"predecessor-version":[{"id":11378,"href":"https:\/\/www.minimumdepositcasinos.org\/fr\/wp-json\/wp\/v2\/pages\/3389\/revisions\/11378"}],"up":[{"embeddable":true,"href":"https:\/\/www.minimumdepositcasinos.org\/fr\/wp-json\/wp\/v2\/pages\/98"}],"wp:featuredmedia":[{"embeddable":true,"href":"https:\/\/www.minimumdepositcasinos.org\/fr\/wp-json\/wp\/v2\/media\/3393"}],"wp:attachment":[{"href":"https:\/\/www.minimumdepositcasinos.org\/fr\/wp-json\/wp\/v2\/media?parent=3389"}],"curies":[{"name":"wp","href":"https:\/\/api.w.org\/{rel}","templated":true}]}}