{"id":3403,"date":"2020-01-24T06:22:03","date_gmt":"2020-01-24T06:22:03","guid":{"rendered":"https:\/\/www.minimumdepositcasinos.org\/fr\/?page_id=3403"},"modified":"2025-08-11T13:09:21","modified_gmt":"2025-08-11T13:09:21","slug":"casinos-de-kahnawake","status":"publish","type":"page","link":"https:\/\/www.minimumdepositcasinos.org\/fr\/casinos-de-kahnawake\/","title":{"rendered":"Meilleurs Casinos de Kahnawake"},"content":{"rendered":"\n<h2 class=\"wp-block-heading\" id=\"h-les-lois-de-kahnawake\">Les Lois de Kahnawake<\/h2>\n\n\n\n<p>La Commission des jeux de Kahnawake s&#8217;engage \u00e0 garantir l&#8217;int\u00e9grit\u00e9 et la qualit\u00e9 des soci\u00e9t\u00e9s de jeux qu&#8217;elle agr\u00e9e. Pour obtenir une licence de jeu aupr\u00e8s de la commission, les casinos en ligne doivent satisfaire \u00e0 des exigences strictes. Cela inclut le paiement de frais de demande initiaux, ainsi que des frais suppl\u00e9mentaires pour couvrir les enqu\u00eates et les tests du logiciel utilis\u00e9. Une fois que l&#8217;entreprise a r\u00e9ussi ces tests et a \u00e9t\u00e9 approuv\u00e9e, elle doit payer des frais de licence annuels pour maintenir sa conformit\u00e9 avec les normes de la commission. Cette proc\u00e9dure garantit que seules les soci\u00e9t\u00e9s de jeux de qualit\u00e9 sup\u00e9rieure sont autoris\u00e9es \u00e0 op\u00e9rer sous la juridiction de la Commission des jeux de Kahnawake.<\/p>\n\n\n\n<h3 class=\"wp-block-heading\" id=\"h-le-reglement\">Le R\u00e8glement<\/h3>\n\n\n\n<p>L&#8217;organisme de jeu r\u00e9put\u00e9 met tout en \u0153uvre pour assurer un environnement de jeu ad\u00e9quat. Jusqu&#8217;\u00e0 r\u00e9cemment, il \u00e9tait le seul organisme de r\u00e9glementation en Am\u00e9rique du Nord.<\/p>\n\n\n\n<p>Dans l&#8217;int\u00e9r\u00eat des joueurs, la commission assure les r\u00e8glements suivants:<\/p>\n\n\n\n<ul class=\"wp-block-list\">\n<li>Il travaille \u00e0 mettre fin aux alliances entre la criminalit\u00e9 et le jeu en ligne<\/li>\n\n\n\n<li>S&#8217;assure que le jeu en ligne est \u00e9quitable et responsable de la s\u00e9curit\u00e9 de tous les joueurs<\/li>\n\n\n\n<li>La s\u00e9curit\u00e9 des joueurs mineurs et vuln\u00e9rables par la mise en place de protocoles rigoureux de jeu responsable.<\/li>\n<\/ul>\n\n\n\n<h2 class=\"wp-block-heading\" id=\"h-les-avantages-de-jouer-dans-les-casinos-cad\">Les avantages de jouer dans les casinos CAD<\/h2>\n\n\n\n<p>Il y a beaucoup d&#8217;avantages \u00e0 jouer dans les casinos de Kahnawake. Ces casinos CAD sont r\u00e9put\u00e9s, s\u00fbrs et \u00e9quitables.<\/p>\n\n\n\n<h3 class=\"wp-block-heading\" id=\"h-les-jeux\">Les Jeux<\/h3>\n\n\n\n<p>Les casinos KGC offrent une <a href=\"\/fr\/jeux\/\">excellente s\u00e9lection de jeux<\/a> des meilleurs d\u00e9veloppeurs. Tous les logiciels et les g\u00e9n\u00e9rateurs de nombres al\u00e9atoires de ces casinos CAD sont r\u00e9guli\u00e8rement test\u00e9s et v\u00e9rifi\u00e9s.<\/p>\n\n\n\n<h3 class=\"wp-block-heading\" id=\"h-les-paiements\">Les paiements<\/h3>\n\n\n\n<p>La Commission des jeux de Kahnawake, en tant qu&#8217;organisme de r\u00e9glementation des jeux d&#8217;argent en ligne, accorde une importance primordiale aux d\u00e9lais de paiement des casinos. Dans le cadre de leurs exigences, les casinos licenci\u00e9s par la commission sont tenus de traiter les paiements de mani\u00e8re rapide et efficace, offrant ainsi aux joueurs une exp\u00e9rience de jeu fluide et fiable. Cette politique vise \u00e0 garantir que les fonds des joueurs sont disponibles et accessibles dans les d\u00e9lais les plus courts possibles, renfor\u00e7ant ainsi la confiance et la satisfaction des joueurs.<\/p>\n\n\n\n<h3 class=\"wp-block-heading\" id=\"h-la-securite\">La s\u00e9curit\u00e9<\/h3>\n\n\n\n<p>Tous les casinos sous licence KGC prot\u00e8gent votre argent et vos donn\u00e9es avec un cryptage SSL 128-bit pour un environnement de jeu s\u00fbr et s\u00e9curis\u00e9.<\/p>\n\n\n\n<h3 class=\"wp-block-heading\" id=\"h-le-processus-de-reglement-des-differends\">Le Processus de R\u00e8glement des Diff\u00e9rends<\/h3>\n\n\n\n<p>La commission de Kahnawake, en tant que son propre agent de r\u00e9solution, pour enqu\u00eater sur les diff\u00e9rends qui sont d\u00e9pos\u00e9s.<\/p>\n\n\n\n<h3 class=\"wp-block-heading\" id=\"h-le-processus-d-inscription\">Le Processus D&#8217;inscription<\/h3>\n\n\n\n<p>Le processus d&#8217;inscription dans ces casinos est rapide et gratuit. Il ne faut g\u00e9n\u00e9ralement que quelques secondes pour s&#8217;inscrire et vous pouvez commencer \u00e0 jouer d\u00e8s que votre compte est activ\u00e9. La plupart des casinos offrent la possibilit\u00e9 de jouer gratuitement en mode d\u00e9mo et pour de l&#8217;argent r\u00e9el et <a href=\"\/fr\/\">des d\u00e9p\u00f4ts minimums peu \u00e9lev\u00e9s<\/a>.<\/p>\n\n\n\n<h3 class=\"wp-block-heading\" id=\"h-le-bonus-de-bienvenue-et-les-promotions\">Le Bonus de Bienvenue et les Promotions<\/h3>\n\n\n\n<p>La plupart des casinos en CAD offrent un bonus de bienvenue aux nouveaux joueurs. Vous pouvez effectuer un d\u00e9p\u00f4t minimum, r\u00e9clamer un bonus de d\u00e9p\u00f4t correspondant et profiter de <a href=\"\/fr\/tours-gratuits\/\">tours gratuits<\/a>.<\/p>\n\n\n\n<p>N&#8217;oubliez pas de toujours lire les termes et conditions d&#8217;un casino et d&#8217;un bonus pour vous assurer que vous pouvez r\u00e9pondre aux exigences de mise et que votre d\u00e9p\u00f4t et les m\u00e9thodes de paiement choisies par le casino sont \u00e9ligibles pour le bonus de bienvenue.<\/p>\n\n\n\n<p>Les joueurs peuvent \u00e9galement b\u00e9n\u00e9ficier d&#8217;une multitude d&#8217;autres offres promotionnelles et de bonus r\u00e9guliers.<\/p>\n\n\n\n<h3 class=\"wp-block-heading\" id=\"h-le-support\">Le Support<\/h3>\n\n\n\n<p>Notre \u00e9quipe de support client est l\u00e0 pour vous aider, que ce soit pour des questions sur l&#8217;inscription, les op\u00e9rations bancaires ou tout autre probl\u00e8me. Nous sommes disponibles 24 heures sur 24 via le chat en direct, l&#8217;email, le support t\u00e9l\u00e9phonique et les formulaires de contact.<\/p>\n\n\n\n<h3 class=\"wp-block-heading\" id=\"h-la-flexibilite\">La Flexibilit\u00e9<\/h3>\n\n\n\n<p>Profitez des casinos CAD sur votre ordinateur de bureau ou votre appareil mobile, en jouant instantan\u00e9ment via un navigateur Web ou en utilisant un client de t\u00e9l\u00e9chargement s\u00e9curis\u00e9. Avec une large s\u00e9lection de jeux, vous trouverez des options de paris adapt\u00e9es \u00e0 tous les joueurs, qu&#8217;ils soient occasionnels ou habitu\u00e9s aux mises importantes.<\/p>\n\n\n\n<h2 class=\"wp-block-heading\" id=\"h-le-meilleur-casino-licencie-de-kahnawake\">Le Meilleur Casino Licenci\u00e9 de Kahnawake<\/h2>\n\n\n\n<p>Il y a environ 50 op\u00e9rateurs de jeux autoris\u00e9s par la Kahnawake Gaming Commission. Ces op\u00e9rateurs, ensemble, g\u00e8rent environ 250 casinos CAD. Rendez-vous sur notre page d&#8217;accueil CA pour trouver les meilleurs casinos en ligne qui acceptent les d\u00e9p\u00f4ts de <a href=\"\/fr\/1-de-depot-minimum\/\">D\u00e9p\u00f4ts de 1$CA<\/a>, <a href=\"\/fr\/5e-de-depot-minimum\/\">D\u00e9p\u00f4ts de 5$CA<\/a>, <a href=\"\/fr\/10e-de-depot-minimum\/\">D\u00e9p\u00f4ts de 10$CA<\/a> et <a href=\"\/fr\/20e-de-depot-minimum\/\">D\u00e9p\u00f4ts de 20$CA<\/a>.<\/p>\n\n\n\n<h2 class=\"wp-block-heading\" id=\"h-assurer-la-securite-des-joueurs\">Assurer la S\u00e9curit\u00e9 des Joueurs<\/h2>\n\n\n\n<p>Tous les casinos licenci\u00e9s par la commission des jeux sont oblig\u00e9s de travailler avec un agent agr\u00e9\u00e9 pour s&#8217;assurer que les jeux sont \u00e9quitables. iTech Labs, eCOGRA et Technical Systems Testing sont de tels agents. Cette r\u00e8gle est un grand avantage en termes de protection des joueurs. Une organisation ind\u00e9pendante garantit l&#8217;\u00e9quit\u00e9 des jeux, offre des tarifs RTP transparents et assure \u00e0 chaque joueur une chance \u00e9quitable de gagner.<\/p>\n\n\n\n<p>L&#8217;agent a \u00e9galement des agents individuels qui s&#8217;inscrivent secr\u00e8tement dans les casinos pour tester toutes les fonctionnalit\u00e9s et les caract\u00e9ristiques. Cela assure la tranquillit\u00e9 d&#8217;esprit des joueurs.<\/p>\n\n\n\n<p>Les casinos agr\u00e9\u00e9s de Kahnawake accordent une grande importance au jeu responsable et mettent en place des mesures de s\u00e9curit\u00e9 pour favoriser un environnement de jeu sain. Celles-ci comprennent des fonctionnalit\u00e9s telles que des temps d&#8217;arr\u00eat, l&#8217;auto-exclusion, des p\u00e9riodes de r\u00e9flexion, des limites de mise et de d\u00e9p\u00f4t, ainsi que des ressources d&#8217;aide externes.<\/p>\n\n\n\n<h2 class=\"wp-block-heading\" id=\"h-methodes-de-paiement-populaires-au-casino\">M\u00e9thodes de Paiement Populaires au Casino<\/h2>\n\n\n\n<p>Les diff\u00e9rents casinos peuvent avoir des d\u00e9p\u00f4ts minimums et des retraits maximums diff\u00e9rents, mais ils ont g\u00e9n\u00e9ralement des m\u00e9thodes de paiement en commun. Tous les casinos populaires de Kahnawake, qui sont conviviaux pour les Canadiens, offrent aux joueurs une vari\u00e9t\u00e9 de <a href=\"\/fr\/options-dachat\/\">m\u00e9thodes de paiement<\/a> s\u00fbres, s\u00e9curitaires et faciles \u00e0 utiliser, allant des cartes de cr\u00e9dit et de d\u00e9bit aux portefeuilles \u00e9lectroniques et aux cartes pr\u00e9pay\u00e9es.<\/p>\n\n\n\n<p>Ces m\u00e9thodes \u00e9prouv\u00e9es et fiables vous permettent d&#8217;alimenter votre compte de casino et de retirer vos gains sans jamais compromettre votre argent ou vos informations sensibles.<\/p>\n\n\n\n<h3 class=\"wp-block-heading\" id=\"h-cartes-de-credit-et-de-debit\">Cartes de Cr\u00e9dit et de D\u00e9bit<\/h3>\n\n\n\n<p>Les cartes de cr\u00e9dit et de d\u00e9bit sont les m\u00e9thodes de paiement les plus populaires parmi les joueurs canadiens en ligne. Pratiquement tous les casinos en ligne acceptent les principales cartes de cr\u00e9dit et de d\u00e9bit, offrant ainsi une solution pratique et rapide pour charger des fonds sur votre compte de casino. L&#8217;avantage majeur de cette m\u00e9thode de paiement est sa rapidit\u00e9, permettant des d\u00e9p\u00f4ts instantan\u00e9s. Une fois que vous avez fourni les d\u00e9tails de votre carte une seule fois, le casino les conserve pour les transactions futures. De plus, les d\u00e9p\u00f4ts effectu\u00e9s par carte de cr\u00e9dit et de d\u00e9bit sont souvent \u00e9ligibles aux bonus de bienvenue et aux tours gratuits.<\/p>\n\n\n\n<h3 class=\"wp-block-heading\" id=\"h-interac\">Interac<\/h3>\n\n\n\n<p><a href=\"\/fr\/options-dachat\/interac\/\">Interac est une excellente<\/a> solution de paiement pour les joueurs canadiens. L&#8217;un des plus grands avantages de ce mode de paiement du casino est qu&#8217;il vous permet de garder vos d\u00e9tails bancaires sous le coude, contrairement aux paiements par carte. Lorsque vous utilisez la plateforme Interac, vous effectuez des d\u00e9p\u00f4ts en utilisant votre compte bancaire en ligne et votre vie priv\u00e9e est garantie.<\/p>\n\n\n\n<h3 class=\"wp-block-heading\" id=\"h-instadebit\">InstaDebit<\/h3>\n\n\n\n<p>Vous avez \u00e9galement la possibilit\u00e9 de recharger votre compte casino en utilisant le service InstaDebit. Il vous suffit de charger des fonds sur votre compte InstaDebit, puis vous pouvez facilement approvisionner votre compte casino. Cette m\u00e9thode de paiement sp\u00e9cifique au Canada est largement accept\u00e9e dans les casinos de Kahnawake. Elle offre une gestion pratique et s\u00e9curis\u00e9e de vos fonds. L&#8217;utilisation du service InstaDebit n\u00e9cessite une inscription rapide qui ne prend que quelques minutes. Une fois votre compte InstaDebit cr\u00e9\u00e9, vous pouvez charger votre solde et effectuer des d\u00e9p\u00f4ts dans vos casinos CAD pr\u00e9f\u00e9r\u00e9s en toute simplicit\u00e9.<\/p>\n\n\n\n<h3 class=\"wp-block-heading\" id=\"h-idebit\">iDebit<\/h3>\n\n\n\n<p>Tout comme InstaDebit, iDebit est aussi un moyen rapide et s\u00fbr pour les joueurs canadiens de recharger leur solde de casino. Vous pouvez \u00e9galement effectuer un d\u00e9p\u00f4t directement \u00e0 partir de votre compte bancaire, ce qui vous permet d&#8217;effectuer des op\u00e9rations bancaires en ligne sans effort.<\/p>\n\n\n\n<p>L&#8217;inscription \u00e0 cette m\u00e9thode ne prend que quelques minutes et vous permet de recharger instantan\u00e9ment votre compte de casino, vous permettant ainsi de parier de l&#8217;argent r\u00e9el dans les casinos de votre choix. Cette m\u00e9thode est \u00e0 la fois rapide et s\u00e9curis\u00e9e, garantissant la protection de vos donn\u00e9es et de votre argent en tout temps. Gr\u00e2ce \u00e0 la possibilit\u00e9 de charger des fonds via votre compte bancaire, vous n&#8217;avez jamais \u00e0 divulguer d&#8217;informations sur votre carte de cr\u00e9dit au casino, ce qui renforce la confidentialit\u00e9 de vos transactions.<\/p>\n\n\n\n<h3 class=\"wp-block-heading\" id=\"h-une-variete-d-autres-solutions-bancaires\">Une Vari\u00e9t\u00e9 d&#8217;autres Solutions Bancaires<\/h3>\n\n\n\n<p>Les joueurs canadiens disposent d&#8217;un large \u00e9ventail de m\u00e9thodes de paiement pour les casinos. Les meilleurs casinos de Kahnawake acceptent \u00e9galement d&#8217;autres options, telles que les cartes pr\u00e9pay\u00e9es comme Paysafecard et EcoCard. Ces cartes vous permettent de charger des fonds et de recharger facilement votre compte de casino, sans avoir \u00e0 fournir d&#8217;informations bancaires ou de carte de cr\u00e9dit. C&#8217;est une m\u00e9thode pratique et s\u00e9curis\u00e9e pour effectuer des transactions en toute confidentialit\u00e9.<\/p>\n\n\n\n<p>Une autre m\u00e9thode de paiement de casino populaire parmi les joueurs canadiens en ligne est Ezipay, accept\u00e9e dans de nombreux casinos. Avec Ezipay, vous b\u00e9n\u00e9ficiez d&#8217;une carte ATM, semblable \u00e0 une carte de d\u00e9bit virtuelle, qui vous permet de charger facilement des fonds sur votre compte de casino. L&#8217;utilisation d&#8217;Ezipay pour effectuer des paiements garantit un approvisionnement instantan\u00e9 de votre compte, vous permettant ainsi de commencer \u00e0 jouer \u00e0 vos jeux pr\u00e9f\u00e9r\u00e9s sans d\u00e9lai. C&#8217;est une solution pratique pour des transactions rapides et fluides.<\/p>\n","protected":false},"excerpt":{"rendered":"<p>Les Lois de Kahnawake La Commission des jeux de Kahnawake s&#8217;engage \u00e0 garantir l&#8217;int\u00e9grit\u00e9 et la qualit\u00e9 des soci\u00e9t\u00e9s de jeux qu&#8217;elle agr\u00e9e. Pour obtenir une licence de jeu aupr\u00e8s de la commission, les casinos en ligne doivent satisfaire \u00e0 des exigences strictes. Cela inclut le paiement de frais de demande initiaux, ainsi que des [&hellip;]<\/p>\n","protected":false},"author":11,"featured_media":3404,"parent":0,"menu_order":0,"comment_status":"closed","ping_status":"closed","template":"page_money.php","meta":{"_acf_changed":false,"footnotes":""},"class_list":["post-3403","page","type-page","status-publish","has-post-thumbnail","hentry"],"acf":[],"_links":{"self":[{"href":"https:\/\/www.minimumdepositcasinos.org\/fr\/wp-json\/wp\/v2\/pages\/3403","targetHints":{"allow":["GET"]}}],"collection":[{"href":"https:\/\/www.minimumdepositcasinos.org\/fr\/wp-json\/wp\/v2\/pages"}],"about":[{"href":"https:\/\/www.minimumdepositcasinos.org\/fr\/wp-json\/wp\/v2\/types\/page"}],"author":[{"embeddable":true,"href":"https:\/\/www.minimumdepositcasinos.org\/fr\/wp-json\/wp\/v2\/users\/11"}],"replies":[{"embeddable":true,"href":"https:\/\/www.minimumdepositcasinos.org\/fr\/wp-json\/wp\/v2\/comments?post=3403"}],"version-history":[{"count":14,"href":"https:\/\/www.minimumdepositcasinos.org\/fr\/wp-json\/wp\/v2\/pages\/3403\/revisions"}],"predecessor-version":[{"id":13090,"href":"https:\/\/www.minimumdepositcasinos.org\/fr\/wp-json\/wp\/v2\/pages\/3403\/revisions\/13090"}],"wp:featuredmedia":[{"embeddable":true,"href":"https:\/\/www.minimumdepositcasinos.org\/fr\/wp-json\/wp\/v2\/media\/3404"}],"wp:attachment":[{"href":"https:\/\/www.minimumdepositcasinos.org\/fr\/wp-json\/wp\/v2\/media?parent=3403"}],"curies":[{"name":"wp","href":"https:\/\/api.w.org\/{rel}","templated":true}]}}