{"id":35,"date":"2018-08-22T16:41:10","date_gmt":"2018-08-22T15:41:10","guid":{"rendered":"https:\/\/www.minimumdepositcasinos.org\/fr\/?page_id=35"},"modified":"2025-08-25T12:58:49","modified_gmt":"2025-08-25T12:58:49","slug":"20-de-depot-minimum","status":"publish","type":"page","link":"https:\/\/www.minimumdepositcasinos.org\/fr\/20-de-depot-minimum\/","title":{"rendered":"20$ de D\u00e9p\u00f4t Minimum"},"content":{"rendered":"\n<h2 class=\"wp-block-heading\" id=\"h-comment-choisir-le-meilleur-casino-de-depot-20\">Comment choisir le Meilleur casino de D\u00e9p\u00f4t $20<\/h2>\n\n\n\n<p>Si vous avez 20 $ \u00e0 profiter des jeux de casino, comment choisir le meilleur casino pour votre budget? Le meilleur <a href=\"\/fr\/20-de-depot-minimum\/\">casino de d\u00e9p\u00f4t de 20 $<\/a> n&#8217;est pas n\u00e9cessairement celui qui a le plus beau site, ni le plus gros bonus. Le meilleur casino est celui qui vous permettra d&#8217;en avoir le plus pour votre argent.<\/p>\n\n\n\n<p>Il n&#8217;est pas possible de garantir que votre argent aura une valeur r\u00e9elle sur un site illicite, c&#8217;est pourquoi la s\u00e9curit\u00e9 est la premi\u00e8re pr\u00e9occupation. Pour \u00eatre un grand casino, il faut une licence valide, une excellente r\u00e9putation et de solides pratiques de cryptage num\u00e9rique.<\/p>\n\n\n\n<p>Une fois que vous avez \u00e9tabli les aspects de s\u00e9curit\u00e9, la question principale est de savoir ce que le casino vous offre en \u00e9change de votre d\u00e9p\u00f4t de 20 $. Un bonus de 100 % est un excellent d\u00e9but, mais trouver un casino qui propose un bonus de 100 % accompagn\u00e9 d&#8217;un lot de tours gratuits est encore mieux. Cependant, cela soul\u00e8ve une autre question importante : quelles sont les exigences de mise ? Nous avons constat\u00e9 que certains bonus \u00e9taient assortis d&#8217;exigences de mise allant jusqu&#8217;\u00e0 70 %\u2026 Cependant, il existe \u00e9galement des casinos qui offrent des bonus sans aucune exigence de mise. Les montants de bonus peuvent \u00eatre l\u00e9g\u00e8rement inf\u00e9rieurs, mais il n&#8217;y a aucune condition \u00e0 remplir. Comment savoir quelle valeur vous obtenez r\u00e9ellement ?<\/p>\n\n\n\n<p>Nous \u00e9valuons la s\u00e9curit\u00e9 et l&#8217;\u00e9quit\u00e9 de chaque casino et les comparons pour voir lesquels vous offrent le meilleur rapport qualit\u00e9-prix pour votre d\u00e9p\u00f4t de 20 $. Nous vous pr\u00e9sentons des casinos s\u00fbrs avec de bonnes offres de bienvenue, afin que vous n&#8217;ayez pas besoin de chercher des informations ou des licences. Il vous suffit de choisir le bonus qui vous convient!<\/p>\n\n\n\n<h2 class=\"wp-block-heading\" id=\"h-casinos-en-ligne-a-20-de-depot\">Casinos en ligne \u00e0 $20 de d\u00e9p\u00f4t<\/h2>\n\n\n\n<p>Les joueurs canadiens peuvent jouer aux meilleurs jeux de casino en ligne sans trop d\u00e9penser. <a href=\"\/fr\/\">Les casinos \u00e0 d\u00e9p\u00f4t minimum<\/a> acceptent les joueurs du Canada et offrent m\u00eame des bonus incroyables \u00e0 ces clients lorsqu&#8217;ils s&#8217;inscrivent. Avec un d\u00e9p\u00f4t de $20, les joueurs peuvent essayer un large \u00e9ventail de jeux de casino des meilleurs fournisseurs dans les meilleurs <a href=\"\/fr\/casino-en-ligne\/\">casinos en ligne du Canada<\/a>. Pour effectuer un d\u00e9p\u00f4t de $20, les nouveaux joueurs au Canada doivent s&#8217;inscrire sur la plateforme s\u00e9lectionn\u00e9e pour le d\u00e9p\u00f4t minimum de $20, visiter la section bancaire et choisir l&#8217;option de paiement souhait\u00e9e. Une fois cela fait, vous pouvez effectuer le premier d\u00e9p\u00f4t, r\u00e9clamer des bonus et jouer \u00e0 des jeux en argent r\u00e9el depuis le Canada.<\/p>\n\n\n\n<h2 class=\"wp-block-heading\" id=\"h-les-bonus-d-un-depot-de-20\">LES BONUS D&#8217;UN D\u00c9P\u00d4T DE 20$<\/h2>\n\n\n\n<p>Lorsque vous effectuez un d\u00e9p\u00f4t de 20 dollars, euros, livres ou dans votre devise respective, dans l&#8217;un de nos casinos en ligne recommand\u00e9s, la plupart des bonus seront applicables \u00e0 votre d\u00e9p\u00f4t. Cependant, il est important de noter que cela peut varier, il est donc toujours conseill\u00e9 de v\u00e9rifier les conditions g\u00e9n\u00e9rales sur le site du casino en ligne avant de commencer \u00e0 jouer. En g\u00e9n\u00e9ral, un d\u00e9p\u00f4t de 20 dollars est g\u00e9n\u00e9ralement suffisant pour activer la plupart des promotions disponibles sur les casinos en ligne.<\/p>\n\n\n\n<h3 class=\"wp-block-heading\" id=\"h-tours-gratuits-de-20\">Tours Gratuits de 20$<\/h3>\n\n\n\n<figure class=\"wp-block-table\">\n<table class=\"choice3\" style=\"table-layout: fixed\">\n  <caption style=\"text-align: center; background: #ff334e; font-size: 20px; color: white\">Meilleurs casinos de tours gratuits canadiens avec d\u00e9p\u00f4t de 20 $ CA<\/caption>\n\t<tbody>\n\t\t<tr>\n\t\t\t<td>?Bitstarz<\/td>\n\t\t\t<td>Deposit $20<\/td>\n\t\t\t<td>200 Tours Gratuits<\/td>\n\t\t<\/tr>\n\t\t<tr>\n\t\t\t<td>?Conquestador<\/td>\n\t\t\t<td>Deposit $10<\/td>\n\t\t\t<td>200 Tours Gratuits<\/td>\n\t\t<\/tr>\n\t\t<tr>\n\t\t\t<td>?Playzee Casino<\/td>\n\t\t\t<td>Deposit $10<\/td>\n\t\t\t<td>200 Tours Gratuits<\/td>\n\t\t<\/tr>\n\t\t<tr>\n\t\t\t<td>?Zet Casino<\/td>\n\t\t\t<td>Deposit $20<\/td>\n\t\t\t<td>200 Tours Gratuits<\/td>\n\t\t<\/tr>\n\t\t<tr>\n\t\t\t<td>?Casino Com<\/td>\n\t\t\t<td>Deposit $20<\/td>\n\t\t\t<td>200 Tours Gratuits<\/td>\n\t\t<\/tr>\n\t<\/tbody>\n<\/table>\n<\/figure>\n\n\n\n<h2 class=\"wp-block-heading\" id=\"h-options-de-paiement\">OPTIONS DE PAIEMENT<\/h2>\n\n\n\n<p>Avec un d\u00e9p\u00f4t minimum de 20$, vous b\u00e9n\u00e9ficiez d&#8217;une plus grande vari\u00e9t\u00e9 de m\u00e9thodes de paiement par rapport \u00e0 des d\u00e9p\u00f4ts minimums plus bas. Plus vous disposez <a href=\"\/fr\/options-dachat\/\">d&#8217;options de paiement<\/a>, moins vous rencontrerez de difficult\u00e9s lors de vos d\u00e9p\u00f4ts. Lorsque vous effectuez un d\u00e9p\u00f4t dans un casino en ligne exigeant un minimum de 20$, vous pouvez utiliser des portefeuilles \u00e9lectroniques, des cartes de cr\u00e9dit ou de d\u00e9bit, ainsi que des options pr\u00e9pay\u00e9es telles que Paysafecard et les bons Ukash. Ces choix vari\u00e9s vous offrent une flexibilit\u00e9 et une commodit\u00e9 accrues lors de vos transactions financi\u00e8res sur le site du casino en ligne.<\/p>\n\n\n<div id=\"20-depot-neteller\" class=\"mdc-card-area\">\n\t<div class=\"mdc-heading-area\">\n\t\t<h3>D\u00e9p\u00f4t minimum de 20 $ avec Neteller<\/h3>\n    <\/div>\n    <div class=\"mdc-card\">  \n\t\t<div class=\"payment-wrap\">\n\t\t\t<div class=\"payment-image image-col\" style=\"\">\n\t\t\t\t<img decoding=\"async\" class=\"card\" src=\"https:\/\/www.minimumdepositcasinos.org\/fr\/wp-content\/uploads\/2018\/09\/neteller.jpg\" alt=\"D\u00e9p\u00f4t minimum de 20 $ avec Neteller\">\n\t\t\t<\/div>\n\t\t\t<div class=\"payment-copy content-col\">\n\t\t\t\t<p>Si vous aimez jouer aux machines \u00e0 sous et aux jeux de table en ligne, il n&#8217;y a pas de meilleur moyen que de jouer avec des bonus gratuits que vous pouvez obtenir \u00e0 partir de 20 $ de D\u00e9p\u00f4t Minimum aux Casinos. Au <a href=\"\/fr\/revue-de-casino\/jackpotcity\/\">Jackpot City Casino<\/a>, avec votre d\u00e9p\u00f4t <a href=\"\/fr\/options-dachat\/neteller\/\">Neteller<\/a> de 20 $, vous pouvez obtenir un \u00e9norme bonus de 1 600 $ en trois d\u00e9p\u00f4ts. Neteller est un fournisseur de porte-monnaie \u00e9lectronique qui est utilis\u00e9 par des millions de personnes dans 150 pays. Lorsque vous approvisionnez votre compte de casino avec Neteller, vous pouvez b\u00e9n\u00e9ficier de transactions rapides, de retraits rapides et de l&#8217;absence de frais suppl\u00e9mentaires. Pour d\u00e9poser ou retirer avec Neteller, rendez-vous au Jackpot City Casino, enregistrez un nouveau compte de joueur, puis \u00e0 la caisse, s\u00e9lectionnez Neteller parmi les options de portefeuille \u00e9lectronique disponibles.<\/p>\n<div id=\"gtx-trans\" style=\"position: absolute; left: -16px; top: 40.4219px;\">\n<div class=\"gtx-trans-icon\"><\/div>\n<\/div>\n\n\t\t\t<\/div>\n\t\t\t<div class=\"clear\"><\/div>\n\t\t<\/div>\n\t\t<div class=\"deposit-wrap\">\n\t\t\t<div class=\"cta_post_mid_left\">\n\t\t\t\t<div class=\"cta_post_image\"><img decoding=\"async\" src=\"https:\/\/www.minimumdepositcasinos.org\/fr\/wp-content\/uploads\/2022\/11\/Jackpot-City-logo-new-400x400-1.jpg\" alt=\"Jackpot City Casino\" \/><\/div>\n\t\t\t\t<div class=\"cta_post_name\">\n\t\t\t\t\tJackpot City\n\t\t\t\t\t<div class=\"cta_post_rating\"><img src='\/wp-content\/themes\/mdc2024\/images\/star-yellow.svg' alt='Star'\/><img src='\/wp-content\/themes\/mdc2024\/images\/star-yellow.svg' alt='Star'\/><img src='\/wp-content\/themes\/mdc2024\/images\/star-yellow.svg' alt='Star'\/><img src='\/wp-content\/themes\/mdc2024\/images\/star-yellow.svg' alt='Star'\/><img src='\/wp-content\/themes\/mdc2024\/images\/star-yellow.svg' alt='Star'\/><\/div>\n\t\t\t\t<\/div>\n\t\t\t\t<div class=\"clear\"><\/div>\n\t\t\t<\/div>\n\t\t\t<div class=\"cta_post_mid_offer\">\n\t\t\t\t1 600 $ &#8211; 100% de bonus de match\n\t\t\t<\/div>\n\t\t\t<div class=\"cta_post_bottom\">\n\t\t\t\t<a href=\"\/fr\/go\/jackpot-city@fr-20cta\/\/?pos=20-depot-neteller\" class=\"mainctabutton\" target=\"_blank\" onclick=\"DL_Push('')\">R\u00e9clamer Maintenant<\/a>\n\t\t\t<\/div>\n\t\t\t<div class=\"cta_post_terms\">\n\t\t\t\t\n\t\t\t<\/div>\n\t\t<\/div>\n\t<\/div>\n<\/div>\n\n<div id=\"20-depot-visa\" class=\"mdc-card-area\">\n\t<div class=\"mdc-heading-area\">\n\t\t<h3>D\u00e9p\u00f4t minimum de 20 $ avec Visa<\/h3>\n    <\/div>\n    <div class=\"mdc-card\">  \n\t\t<div class=\"payment-wrap\">\n\t\t\t<div class=\"payment-image image-col\" style=\"\">\n\t\t\t\t<img decoding=\"async\" class=\"card\" src=\"https:\/\/www.minimumdepositcasinos.org\/fr\/wp-content\/uploads\/2020\/12\/Visa-Logo-800x560-1.jpg\" alt=\"D\u00e9p\u00f4t minimum de 20 $ avec Visa\">\n\t\t\t<\/div>\n\t\t\t<div class=\"payment-copy content-col\">\n\t\t\t\t<p>Si vous souhaitez vous offrir un bonus de bienvenue de 100 % et 100 tours gratuits de Lucky Days, vous devez d\u00e9poser au moins 20 dollars canadiens sur votre compte de casino. <a href=\"\/fr\/revue-de-casino\/lucky-days\/\">Lucky Days<\/a> vous offre plusieurs options de paiement, mais l&#8217;une des plus faciles \u00e0 utiliser et la plus populaire est une carte de cr\u00e9dit ou de d\u00e9bit Visa. Pour effectuer un paiement avec votre carte <a href=\"\/fr\/options-dachat\/visa\/\">Visa<\/a>, s\u00e9lectionnez cette option dans la liste lorsque vous effectuez votre premier d\u00e9p\u00f4t. Gr\u00e2ce au cryptage num\u00e9rique et aux fonctions de s\u00e9curit\u00e9 int\u00e9gr\u00e9es, l&#8217;utilisation de la carte Visa est un moyen s\u00fbr et fiable d&#8217;effectuer des d\u00e9p\u00f4ts sur votre compte de casino en ligne.<\/p>\n\n\t\t\t<\/div>\n\t\t\t<div class=\"clear\"><\/div>\n\t\t<\/div>\n\t\t<div class=\"deposit-wrap\">\n\t\t\t<div class=\"cta_post_mid_left\">\n\t\t\t\t<div class=\"cta_post_image\"><img decoding=\"async\" src=\"https:\/\/www.minimumdepositcasinos.org\/fr\/wp-content\/uploads\/2019\/10\/Lucky-Days_400x400.jpg\" alt=\"Lucky Days Casino\" \/><\/div>\n\t\t\t\t<div class=\"cta_post_name\">\n\t\t\t\t\tLucky Days\n\t\t\t\t\t<div class=\"cta_post_rating\"><img src='\/wp-content\/themes\/mdc2024\/images\/star-yellow.svg' alt='Star'\/><img src='\/wp-content\/themes\/mdc2024\/images\/star-yellow.svg' alt='Star'\/><img src='\/wp-content\/themes\/mdc2024\/images\/star-yellow.svg' alt='Star'\/><img src='\/wp-content\/themes\/mdc2024\/images\/star-yellow.svg' alt='Star'\/><img src='\/wp-content\/themes\/mdc2024\/images\/star-yellow.svg' alt='Star'\/><\/div>\n\t\t\t\t<\/div>\n\t\t\t\t<div class=\"clear\"><\/div>\n\t\t\t<\/div>\n\t\t\t<div class=\"cta_post_mid_offer\">\n\t\t\t\t1 000 $ &#8211; 100% de bonus de match + 200 Tours Gratuits\n\t\t\t<\/div>\n\t\t\t<div class=\"cta_post_bottom\">\n\t\t\t\t<a href=\"\/fr\/go\/lucky-days@fr-20cta\/\/?pos=20-depot-visa\" class=\"mainctabutton\" target=\"_blank\" onclick=\"DL_Push('')\">R\u00e9clamer Maintenant<\/a>\n\t\t\t<\/div>\n\t\t\t<div class=\"cta_post_terms\">\n\t\t\t\t\n\t\t\t<\/div>\n\t\t<\/div>\n\t<\/div>\n<\/div>\n\n<div id=\"20-depot-interac\" class=\"mdc-card-area\">\n\t<div class=\"mdc-heading-area\">\n\t\t<h3>D\u00e9p\u00f4t minimum de 20 $ avec Interac<\/h3>\n    <\/div>\n    <div class=\"mdc-card\">  \n\t\t<div class=\"payment-wrap\">\n\t\t\t<div class=\"payment-image image-col\" style=\"\">\n\t\t\t\t<img decoding=\"async\" class=\"card\" src=\"https:\/\/www.minimumdepositcasinos.org\/fr\/wp-content\/uploads\/2020\/01\/Interac-400x400.jpg\" alt=\"D\u00e9p\u00f4t minimum de 20 $ avec Interac\">\n\t\t\t<\/div>\n\t\t\t<div class=\"payment-copy content-col\">\n\t\t\t\t<p>Financer votre compte <a href=\"\/fr\/revue-de-casino\/playzee\/\">Playzee<\/a> n&#8217;a jamais \u00e9t\u00e9 aussi facile. En effectuant un d\u00e9p\u00f4t minimum de CA$20, les joueurs canadiens peuvent utiliser Interac et d\u00e9bloquer les nombreux avantages associ\u00e9s \u00e0 cette m\u00e9thode de paiement. Comme l&#8217;aspect le plus important de toute transaction mon\u00e9taire en ligne est la s\u00e9curit\u00e9, les joueurs peuvent compter sur des paiements s\u00e9curis\u00e9s et crypt\u00e9s qui sont tout aussi rapides et fiables.<\/p>\n<p>Comme <a href=\"\/fr\/options-dachat\/interac\/\">Interac<\/a> est connect\u00e9 \u00e0 votre compte bancaire, vous n&#8217;aurez pas besoin de divulguer vos coordonn\u00e9es bancaires lorsque vous ferez un d\u00e9p\u00f4t, ce qui rend cette proc\u00e9dure extr\u00eamement simple et facile. Interac est \u00e9galement un excellent choix pour les joueurs qui souhaitent garder leurs informations personnelles priv\u00e9es.<\/p>\n\n\t\t\t<\/div>\n\t\t\t<div class=\"clear\"><\/div>\n\t\t<\/div>\n\t\t<div class=\"deposit-wrap\">\n\t\t\t<div class=\"cta_post_mid_left\">\n\t\t\t\t<div class=\"cta_post_image\"><img decoding=\"async\" src=\"https:\/\/www.minimumdepositcasinos.org\/fr\/wp-content\/uploads\/2019\/10\/Playzee_logo400x400.jpg\" alt=\"Playzee Casino\" \/><\/div>\n\t\t\t\t<div class=\"cta_post_name\">\n\t\t\t\t\tPlayzee\n\t\t\t\t\t<div class=\"cta_post_rating\"><img src='\/wp-content\/themes\/mdc2024\/images\/star-yellow.svg' alt='Star'\/><img src='\/wp-content\/themes\/mdc2024\/images\/star-yellow.svg' alt='Star'\/><img src='\/wp-content\/themes\/mdc2024\/images\/star-yellow.svg' alt='Star'\/><img src='\/wp-content\/themes\/mdc2024\/images\/star-yellow.svg' alt='Star'\/><img src='\/wp-content\/themes\/mdc2024\/images\/star-yellow.svg' alt='Star'\/><\/div>\n\t\t\t\t<\/div>\n\t\t\t\t<div class=\"clear\"><\/div>\n\t\t\t<\/div>\n\t\t\t<div class=\"cta_post_mid_offer\">\n\t\t\t\t100 % jusqu&#8217;\u00e0 300 CA$ + 100 Tours Gratuis + 500 Points Zee\n\t\t\t<\/div>\n\t\t\t<div class=\"cta_post_bottom\">\n\t\t\t\t<a href=\"\/fr\/go\/playzee@fr-20cta\/\/?pos=20-depot-interac\" class=\"mainctabutton\" target=\"_blank\" onclick=\"DL_Push('')\">R\u00e9clamer Maintenant<\/a>\n\t\t\t<\/div>\n\t\t\t<div class=\"cta_post_terms\">\n\t\t\t\t\n\t\t\t<\/div>\n\t\t<\/div>\n\t<\/div>\n<\/div>\n\n<div id=\"20-depot-idebit\" class=\"mdc-card-area\">\n\t<div class=\"mdc-heading-area\">\n\t\t<h3>D\u00e9p\u00f4t minimum de 20 $ avec iDebit<\/h3>\n    <\/div>\n    <div class=\"mdc-card\">  \n\t\t<div class=\"payment-wrap\">\n\t\t\t<div class=\"payment-image image-col\" style=\"\">\n\t\t\t\t<img decoding=\"async\" class=\"card\" src=\"https:\/\/www.minimumdepositcasinos.org\/fr\/wp-content\/uploads\/2021\/04\/idebit-logo.jpg\" alt=\"D\u00e9p\u00f4t minimum de 20 $ avec iDebit\">\n\t\t\t<\/div>\n\t\t\t<div class=\"payment-copy content-col\">\n\t\t\t\t<p><a href=\"\/fr\/revue-de-casino\/gaming-club\/\">Gaming Club<\/a> propose des m\u00e9thodes de paiement s\u00fbres, prot\u00e9g\u00e9es et fiables pour effectuer des d\u00e9p\u00f4ts et des retraits. Si vous cherchez un moyen efficace et rapide d&#8217;encaisser votre argent, ne cherchez pas plus loin. Les joueurs canadiens peuvent effectuer des transactions extr\u00eamement rapides lorsqu&#8217;ils utilisent iDebit comme option bancaire privil\u00e9gi\u00e9e. Il vous suffit de faire un <a href=\"\/fr\/20-de-depot-minimum\/\">d\u00e9p\u00f4t minimum de $20<\/a> avec iDebit et de d\u00e9bloquer toutes les r\u00e9compenses et bonus excitants qui vous attendent. Les transactions effectu\u00e9es avec ce porte-monnaie \u00e9lectronique sont sans tracas, s\u00fbres et rapides comme un clin d&#8217;\u0153il. Les d\u00e9lais de traitement de ce mode de paiement populaire sont instantan\u00e9s, ce qui permet aux joueurs de b\u00e9n\u00e9ficier de d\u00e9p\u00f4ts et de retraits rapides et faciles.<\/p>\n\n\t\t\t<\/div>\n\t\t\t<div class=\"clear\"><\/div>\n\t\t<\/div>\n\t\t<div class=\"deposit-wrap\">\n\t\t\t<div class=\"cta_post_mid_left\">\n\t\t\t\t<div class=\"cta_post_image\"><img decoding=\"async\" src=\"https:\/\/www.minimumdepositcasinos.org\/fr\/wp-content\/uploads\/2022\/05\/Gaming-club.jpg\" alt=\"Gaming Club Casino\" \/><\/div>\n\t\t\t\t<div class=\"cta_post_name\">\n\t\t\t\t\tGaming Club\n\t\t\t\t\t<div class=\"cta_post_rating\"><img src='\/wp-content\/themes\/mdc2024\/images\/star-yellow.svg' alt='Star'\/><img src='\/wp-content\/themes\/mdc2024\/images\/star-yellow.svg' alt='Star'\/><img src='\/wp-content\/themes\/mdc2024\/images\/star-yellow.svg' alt='Star'\/><img src='\/wp-content\/themes\/mdc2024\/images\/star-yellow.svg' alt='Star'\/><img src='\/wp-content\/themes\/mdc2024\/images\/star-yellow.svg' alt='Star'\/><\/div>\n\t\t\t\t<\/div>\n\t\t\t\t<div class=\"clear\"><\/div>\n\t\t\t<\/div>\n\t\t\t<div class=\"cta_post_mid_offer\">\n\t\t\t\t350 $ &#8211; 100% de bonus de match\n\t\t\t<\/div>\n\t\t\t<div class=\"cta_post_bottom\">\n\t\t\t\t<a href=\"\/fr\/go\/gaming-club@fr-20cta\/\/?pos=20-depot-idebit\" class=\"mainctabutton\" target=\"_blank\" onclick=\"DL_Push('')\">R\u00e9clamer Maintenant<\/a>\n\t\t\t<\/div>\n\t\t\t<div class=\"cta_post_terms\">\n\t\t\t\t\n\t\t\t<\/div>\n\t\t<\/div>\n\t<\/div>\n<\/div>\n\n\n<h3 class=\"wp-block-heading\" id=\"h-choisissez-la-devise-de-votre-compte\">CHOISISSEZ LA DEVISE DE VOTRE COMPTE<\/h3>\n\n\n\n<p>Les casinos en ligne vous offrent la possibilit\u00e9 de g\u00e9rer votre compte dans diff\u00e9rentes devises. Il est fort probable qu&#8217;ils proposent des comptes dans la devise de votre pays d&#8217;origine. Il est essentiel d&#8217;aligner la devise de votre compte casino avec la m\u00e9thode de paiement que vous utilisez pour effectuer votre d\u00e9p\u00f4t. Si vous ne le faites pas, vous pourriez \u00eatre confront\u00e9 \u00e0 des frais de conversion de devises qui ajoutent des d\u00e9penses superflues \u00e0 chaque transaction. Ainsi, en veillant \u00e0 ce que votre compte casino et votre m\u00e9thode de paiement soient dans la m\u00eame devise, vous \u00e9viterez les frais de conversion ind\u00e9sirables et vous pourrez effectuer vos transactions en ligne de mani\u00e8re plus \u00e9conomique et pratique.<\/p>\n\n\n\n<h3 class=\"wp-block-heading\" id=\"h-limites-minimales-de-mise\">LIMITES MINIMALES DE MISE<\/h3>\n\n\n\n<p>Les gens pensent souvent qu&#8217;ils peuvent s&#8217;inscrire \u00e0 n&#8217;importe quel casino en ligne et parier autant qu&#8217;ils le voudraient dans un seul pari sur n&#8217;importe quel jeu. Ce n&#8217;est cependant pas le cas. Vous voyez g\u00e9n\u00e9ralement des limites de mises minimales sur certains jeux comme la Roulette et le Blackjack. Ceux-ci couvrent les co\u00fbts op\u00e9rationnels pour les frais g\u00e9n\u00e9raux encourus par les casinos tels que les droits de licence, les salaires du personnel, et ainsi de suite.<\/p>\n\n\n\n<h3 class=\"wp-block-heading\" id=\"h-retraits-et-limites\">RETRAITS ET LIMITES<\/h3>\n\n\n\n<p>Les casinos en ligne ont des politiques strictes en ce qui concerne les d\u00e9p\u00f4ts et les retraits, afin de contr\u00f4ler la mani\u00e8re dont les joueurs ajoutent de l&#8217;argent sur leur compte de jeu en ligne. Il est compr\u00e9hensible que les casinos en ligne ne puissent pas accepter des d\u00e9p\u00f4ts aussi modestes que 0,25$, car cela ne serait pas rentable pour eux. C&#8217;est pourquoi ils ont \u00e9tabli un syst\u00e8me de d\u00e9p\u00f4t minimum acceptable. Ce montant requis pour acc\u00e9der aux jeux de casino est connu sous le nom de &#8220;premier d\u00e9p\u00f4t minimum&#8221;. Par exemple, pour profiter des machines \u00e0 sous dans l&#8217;un des casinos que nous avons soigneusement s\u00e9lectionn\u00e9s pour vous, vous devrez effectuer un d\u00e9p\u00f4t minimum d&#8217;au moins 20$. Cette exigence permet aux casinos de maintenir leur fonctionnement tout en offrant une exp\u00e9rience de jeu de qualit\u00e9 \u00e0 leurs joueurs.<\/p>\n\n\n\n<p>La plupart des options bancaires courantes offrent la possibilit\u00e9 de d\u00e9poser et de retirer vos fonds par le m\u00eame canal. Il est cependant essentiel pour les joueurs de v\u00e9rifier si la m\u00e9thode qu&#8217;ils ont l&#8217;intention d&#8217;utiliser est \u00e9galement autoris\u00e9e pour les retraits. Bien que d&#8217;autres moyens de retirer votre argent soient g\u00e9n\u00e9ralement disponibles si les retraits ne sont pas autoris\u00e9s par la m\u00e9thode bancaire que vous avez choisie, il est important de noter que certaines de ces m\u00e9thodes peuvent entra\u00eener des frais suppl\u00e9mentaires. Parmi les m\u00e9thodes bancaires en ligne couramment utilis\u00e9es, on retrouve des options telles que Ukash, PaySafeCard, Neteller et Skrill. Il convient de mentionner que bien que Ukash soit accept\u00e9 comme m\u00e9thode de retrait dans certains casinos, PaySafeCard n&#8217;est g\u00e9n\u00e9ralement pas autoris\u00e9 pour les retraits.<\/p>\n\n\n<div id='articles-en-vedette' class='block-feature-article'><h2>Articles de casino de d\u00e9p\u00f4t de 20 $ en vedette<\/h2><div class='block-feature-articles'><div class='block-feature-article-item-image'><a href='https:\/\/www.minimumdepositcasinos.org\/fr\/2023\/07\/11\/les-canadiens-qui-ont-de-largent-en-trop-devraient-essayer-ces-casinos-a-20\/'><img loading=\"lazy\" decoding=\"async\" width=\"600\" height=\"300\" src=\"https:\/\/www.minimumdepositcasinos.org\/fr\/wp-content\/uploads\/2023\/07\/Les-Canadiens-qui-ont-de-largent-en-Trop-Devraient-Essayer-ces-Casinos-a-20.jpg\" class=\"attachment-small-thumb size-small-thumb wp-post-image\" alt=\"Les Canadiens qui ont de l&#039;argent en Trop Devraient Essayer ces Casinos \u00e0 $20\" srcset=\"https:\/\/www.minimumdepositcasinos.org\/fr\/wp-content\/uploads\/2023\/07\/Les-Canadiens-qui-ont-de-largent-en-Trop-Devraient-Essayer-ces-Casinos-a-20.jpg 600w, https:\/\/www.minimumdepositcasinos.org\/fr\/wp-content\/uploads\/2023\/07\/Les-Canadiens-qui-ont-de-largent-en-Trop-Devraient-Essayer-ces-Casinos-a-20-300x150.jpg 300w\" sizes=\"auto, (max-width: 600px) 100vw, 600px\" \/><\/a><div class='ArticleName'>Les Canadiens qui ont de l&#8217;argent en Trop Devraient Essayer ces Casinos \u00e0 $20.<\/div><div class='featuredArticleMeta'><div class='featuredArticleMetaLeft'>Alexander<\/div><div class='featuredArticleMetaRight'>July 11, 2023<\/div><\/div><\/div><div class=\"clear\"><\/div>\n<\/div><\/div>\n\n\n\n<h2 class=\"wp-block-heading\" id=\"h-le-logiciel\">LE LOGICIEL<\/h2>\n\n\n\n<p>L&#8217;\u00e9tat de l&#8217;art logiciel est vital pour l&#8217;industrie des jeux en ligne en raison de la nature hautement comp\u00e9titive de l&#8217;industrie. La cr\u00e9dibilit\u00e9 des \u00e9diteurs de logiciels refl\u00e8te la qualit\u00e9 globale d&#8217;un casino en ligne travaillant avec ceux-ci. D&#8217;o\u00f9 l&#8217;importance d&#8217;utiliser un logiciel qui incorpore le plus haut niveau de d\u00e9veloppement. Il garantit les id\u00e9es et les fonctionnalit\u00e9s les plus r\u00e9centes d&#8217;un \u00e9diteur de logiciels r\u00e9put\u00e9 tel que Microgaming, Netent ou Aristocrat.<\/p>\n","protected":false},"excerpt":{"rendered":"<p>Comment choisir le Meilleur casino de D\u00e9p\u00f4t $20 Si vous avez 20 $ \u00e0 profiter des jeux de casino, comment choisir le meilleur casino pour votre budget? Le meilleur casino de d\u00e9p\u00f4t de 20 $ n&#8217;est pas n\u00e9cessairement celui qui a le plus beau site, ni le plus gros bonus. Le meilleur casino est celui [&hellip;]<\/p>\n","protected":false},"author":1,"featured_media":12170,"parent":0,"menu_order":0,"comment_status":"closed","ping_status":"closed","template":"page_money.php","meta":{"_acf_changed":false,"footnotes":""},"class_list":["post-35","page","type-page","status-publish","has-post-thumbnail","hentry"],"acf":[],"_links":{"self":[{"href":"https:\/\/www.minimumdepositcasinos.org\/fr\/wp-json\/wp\/v2\/pages\/35","targetHints":{"allow":["GET"]}}],"collection":[{"href":"https:\/\/www.minimumdepositcasinos.org\/fr\/wp-json\/wp\/v2\/pages"}],"about":[{"href":"https:\/\/www.minimumdepositcasinos.org\/fr\/wp-json\/wp\/v2\/types\/page"}],"author":[{"embeddable":true,"href":"https:\/\/www.minimumdepositcasinos.org\/fr\/wp-json\/wp\/v2\/users\/1"}],"replies":[{"embeddable":true,"href":"https:\/\/www.minimumdepositcasinos.org\/fr\/wp-json\/wp\/v2\/comments?post=35"}],"version-history":[{"count":47,"href":"https:\/\/www.minimumdepositcasinos.org\/fr\/wp-json\/wp\/v2\/pages\/35\/revisions"}],"predecessor-version":[{"id":13122,"href":"https:\/\/www.minimumdepositcasinos.org\/fr\/wp-json\/wp\/v2\/pages\/35\/revisions\/13122"}],"wp:featuredmedia":[{"embeddable":true,"href":"https:\/\/www.minimumdepositcasinos.org\/fr\/wp-json\/wp\/v2\/media\/12170"}],"wp:attachment":[{"href":"https:\/\/www.minimumdepositcasinos.org\/fr\/wp-json\/wp\/v2\/media?parent=35"}],"curies":[{"name":"wp","href":"https:\/\/api.w.org\/{rel}","templated":true}]}}