{"id":3524,"date":"2020-03-10T12:14:04","date_gmt":"2020-03-10T12:14:04","guid":{"rendered":"https:\/\/www.minimumdepositcasinos.org\/fr\/?page_id=3524"},"modified":"2020-08-05T12:43:37","modified_gmt":"2020-08-05T12:43:37","slug":"casinos-de-retrait-minimum","status":"publish","type":"page","link":"https:\/\/www.minimumdepositcasinos.org\/fr\/casinos-de-retrait-minimum\/","title":{"rendered":"Casinos de Retrait Minimum"},"content":{"rendered":"<h1>Casinos de Retrait Minimum<\/h1>\n<p>Lorsqu&#8217;il s&#8217;agit de choisir un casino en ligne pour jouer, il y a une chose que beaucoup de joueurs n\u00e9gligent souvent, et c&#8217;est \u00e0 quel point le lib\u00e9ralisme \u2013 ou non &#8211; les conditions de d\u00e9p\u00f4t, de retrait et de fr\u00e9quence peuvent \u00eatre. De nombreux casinos en ligne n&#8217;h\u00e9sitent pas \u00e0 accepter votre d\u00e9p\u00f4t et \u00e0 vous laisser commencer \u00e0 jouer. Quelle que soit la taille du d\u00e9p\u00f4t, on vous pardonnera de supposer que vous pourrez retirer le m\u00eame montant minimal lorsque vous serez pr\u00eat. Mais ce n&#8217;est pas toujours le cas.<\/p>\n<p>Au contraire, de nombreux casinos en ligne ont un montant minimum de retrait qui d\u00e9passe tr\u00e8s souvent le d\u00e9p\u00f4t minimum. Parfois, le montant du d\u00e9p\u00f4t minimum est quatre fois plus \u00e9lev\u00e9, d&#8217;autres fois, il est plus \u00e9lev\u00e9. Pour les joueurs dont la limite est plus \u00e9lev\u00e9e, cela ne pose pas de probl\u00e8me. Les joueurs \u00e0 limite \u00e9lev\u00e9e d\u00e9posent souvent tellement qu&#8217;ils ne s&#8217;inqui\u00e8tent pas trop d&#8217;encaisser moins que le montant minimum de retrait autoris\u00e9 par le casino.<\/p>\n<p>Mais c&#8217;est une toute autre histoire pour les joueurs \u00e0 faible limite, en particulier ceux qui ont un capital limit\u00e9 et qui cherchent \u00e0 battre certains bonus et \u00e0 augmenter leur capital.<\/p>\n\n<p>Mais ne vous inqui\u00e9tez pas. Il existe de nombreuses conditions qui touchent \u00e9galement les joueurs et les d\u00e9posants \u00e0 haut risque. Les gros joueurs jouent souvent des tours \u00e9normes sur les machines \u00e0 sous ou font des paris maximums sur les tables et ils veulent de gros gains quand ils touchent gros. Souvent, ces joueurs re\u00e7oivent tout leur argent. D&#8217;autres fois, ils doivent attendre plusieurs semaines en raison des limites de retrait maximales d&#8217;un casino et du nombre de retraits qu&#8217;ils sont autoris\u00e9s \u00e0 effectuer pendant une certaine p\u00e9riode.<\/p>\n<p>Cependant, si vous pr\u00e9f\u00e9rez retirer de petits montants au fur et \u00e0 mesure que vous les gagnez, il existe de nombreux casinos de retrait minimum.<\/p>\n<h3>Pourquoi les Casinos Ont-ils une Limite Minimale de Retrait?<\/h3>\n<p>Comme nous l&#8217;avons mentionn\u00e9, la plupart des casinos en ligne ont mis en place des limites minimales de retrait. Certains ont des limites quotidiennes, d&#8217;autres des limites hebdomadaires ou mensuelles. Tout d\u00e9pend du casino dans lequel vous choisissez de jouer.<\/p>\n<p>Si vous ne pouvez pas trouver les limites de retrait dans l&#8217;onglet Banque ou Caisse d&#8217;un casino, vous les trouverez probablement mises en \u00e9vidence dans les conditions g\u00e9n\u00e9rales. Les limites sont grav\u00e9es dans le marbre. Toutefois, un casino peut les faire vaciller si vous \u00eates un joueur de haut niveau ou un joueur VIP.<\/p>\n<p>Les raisons pour lesquelles les casinos imposent des limites de retrait sont nombreuses, mais la raison num\u00e9ro un est de se prot\u00e9ger. Aucun op\u00e9rateur de casino en ligne ne souhaite voir les joueurs se d\u00e9connecter avec des hordes d&#8217;argent. En fixant des limites, vous vous assurez de rester dans le coin et de continuer \u00e0 jouer \u00e0 vos <a href=\"\/fr\/jeux\/\">jeux de casino pr\u00e9f\u00e9r\u00e9s<\/a>.<\/p>\n<p>Les limites de retrait garantissent \u00e9galement que les casinos ne sont pas ruin\u00e9s par une attaque de joueurs chanceux en une seule fois. Il n&#8217;est pas rare que les jackpots progressifs atteignent des dizaines de millions, et c&#8217;est alors que les limites entrent vraiment en jeu. En fait, de nombreux casinos en ligne stipulent qu&#8217;ils diviseront les paiements progressifs du jackpot en versements mensuels.<\/p>\n<h3>Ce que Vous Devez savoir sur les Limites de Retrait<\/h3>\n<p>Lorsqu&#8217;il s&#8217;agit de retirer des fonds de votre compte de casino en ligne, la plupart des casinos imposent certaines limites. Des limites peuvent \u00e9galement s&#8217;appliquer en fonction de la m\u00e9thode de retrait que vous choisissez d&#8217;utiliser. De plus, les limites de retrait peuvent s&#8217;appliquer aussi bien au montant maximum qu&#8217;au montant minimum. Vous rencontrerez m\u00eame des limites de retrait sur une base quotidienne, hebdomadaire ou mensuelle selon le retrait minimum que vous souhaitez effectuer.<\/p>\n<p>Ce qu&#8217;il est important de noter, c&#8217;est que les casinos en ligne se r\u00e9servent le droit de limiter le montant que vous pouvez retirer \u00e0 la fois. Vous trouverez ces informations sur la page des conditions g\u00e9n\u00e9rales du casino et il est important de toujours v\u00e9rifier les limites avant de vous inscrire \u00e0 un casino en ligne particulier.<\/p>\n<h3>Limites Minimales de Retrait dans les Casinos en Ligne<\/h3>\n<p>Les retraits minimums ont tendance \u00e0 \u00eatre tr\u00e8s similaires dans la plupart des casinos en ligne et sont souvent n\u00e9glig\u00e9s par les joueurs, beaucoup d&#8217;entre eux se concentrant plut\u00f4t sur les limites de retrait maximum. Cependant, des limites de retrait minimales s&#8217;appliquent dans un grand nombre de casinos en ligne, la plupart des casinos exigeant \u00e9galement que vous effectuiez un d\u00e9p\u00f4t minimum de 5 $ \u00e0 10 $. Toutefois, ce sont les retraits minimums pour les modes de paiement tels que le ch\u00e8que et le virement qui tendent \u00e0 \u00eatre beaucoup plus \u00e9lev\u00e9s.<\/p>\n<p>Le montant minimum de retrait a tendance \u00e0 osciller entre 10 et 10 $, 20 $ \u00e9tant la moyenne pour de nombreux casinos en ligne. Les casinos eux-m\u00eames fixent leurs propres limites minimales de retrait, il est donc important de v\u00e9rifier ces informations au pr\u00e9alable. Il arrive parfois que les casinos de croupiers en direct qui se concentrent exclusivement sur les jeux de table aient des limites plus \u00e9lev\u00e9es que les sites o\u00f9 les machines \u00e0 sous sont nombreuses.<\/p>\n<h3>Comment Retirer le Montant Minimum d&#8217;un Casino en Ligne<\/h3>\n<p>Avant de retirer le montant minimum autoris\u00e9 de votre casino en ligne pr\u00e9f\u00e9r\u00e9, vous devez vous familiariser avec la politique de retrait du casino. Celles-ci varient g\u00e9n\u00e9ralement d&#8217;un casino \u00e0 l&#8217;autre et comprennent des sp\u00e9cifications pour le transfert de fonds de votre compte de casino vers votre source bancaire pr\u00e9f\u00e9r\u00e9e.<\/p>\n<p>La bonne nouvelle, c&#8217;est que c&#8217;est relativement facile. Il vous suffit de vous connecter \u00e0 votre compte et de demander un retrait \u00e0 la caisse virtuelle du casino en ligne. Vous trouverez g\u00e9n\u00e9ralement un bouton ou un onglet pour les retraits, et vous pourrez alors entrer le montant minimum que vous souhaitez retirer et s\u00e9lectionner la m\u00e9thode de retrait de votre choix.<\/p>\n<h3>La m\u00eame M\u00e9thode Bancaire Peut-elle \u00eatre Utilis\u00e9e pour D\u00e9poser et Retirer des Fonds du Casino?<\/h3>\n<p>Cela d\u00e9pend vraiment du <a href=\"\/fr\/options-dachat\/\">mode de paiement<\/a> que vous choisissez, mais la plupart du temps, la r\u00e9ponse est encore \u00e0 venir. Avec les porte-monnaie \u00e9lectroniques, vous pouvez \u00e0 la fois d\u00e9poser et retirer de l&#8217;argent de votre compte de casino en ligne. Il en va de m\u00eame pour certaines cartes de cr\u00e9dit, comme la Visa.<\/p>\n<p>Pour savoir si vous pouvez d\u00e9poser et retirer avec la m\u00eame m\u00e9thode bancaire dans le casino en ligne de votre choix, <a href=\"\/fr\/revue-de-casino\/\">consultez les avis de casino sur le d\u00e9p\u00f4t minimum<\/a>.<\/p>\n<h3>Combien de Temps Prennent les Retraits?<\/h3>\n<p>Tout cela d\u00e9pend des m\u00e9thodes bancaires disponibles dans un casino en ligne particulier et de la m\u00e9thode que vous choisissez finalement. Les retraits peuvent prendre de quelques minutes \u00e0 une semaine. Les porte-monnaie \u00e9lectroniques tels que Skrill et PayPal traitent souvent les retraits des casinos presque imm\u00e9diatement. Mais tout le reste doit \u00eatre en place en ce qui concerne votre compte de joueur, comme vos documents de v\u00e9rification et votre question de s\u00e9curit\u00e9.<\/p>\n<h3>Existe-t-il une Meilleure M\u00e9thode de Retrait Minimum dans les Casinos en Ligne ?<\/h3>\n<p>Le porte-monnaie \u00e9lectronique reste la meilleure et la plus populaire des m\u00e9thodes de retrait minimum. PayPal, Neteller et Skrill sont les principaux concurrents qui offrent les d\u00e9lais de paiement les plus rapides, une s\u00e9curit\u00e9 de premier ordre et une grande facilit\u00e9 d&#8217;utilisation. Les cartes de cr\u00e9dit admissibles arrivent en deuxi\u00e8me position, tandis que les virements bancaires en ligne sont \u00e9galement tr\u00e8s populaires aupr\u00e8s de nombreux joueurs de casino.<\/p>\n<h3>Pourquoi un retrait serait-il refuse?<\/h3>\n<p>Il arrive parfois que vous ne puissiez pas traiter un d\u00e9p\u00f4t ou demander un retrait, ce qui peut \u00eatre frustrant. Mais il existe de tr\u00e8s bonnes raisons pour qu&#8217;un casino rejette une demande de retrait. La raison la plus \u00e9vidente pour laquelle un retrait peut \u00eatre refus\u00e9 est li\u00e9e aux offres promotionnelles et aux bonus des casinos. De nombreux joueurs renoncent \u00e0 lire les conditions g\u00e9n\u00e9rales d&#8217;un bonus et les offres des casinos sont g\u00e9n\u00e9ralement assorties de conditions de mise sp\u00e9cifiques.<\/p>\n<p>Si vous ne remplissez pas les conditions de mise, vous ne pouvez pas retirer vos gains, m\u00eame le montant minimum. De plus, si vous effectuez un retrait avant d&#8217;avoir rempli les conditions de mise, vous risquez que vos gains et les cr\u00e9dits bonus restants soient annul\u00e9s et retir\u00e9s de votre compte en raison d&#8217;un abus promotionnel.<\/p>\n<h3>Termes et Conditions de Retrait des Casinos en Ligne<\/h3>\n<p>Dans un monde id\u00e9al, un casino en ligne aurait des conditions qui permettent aux m\u00e9thodes de retrait individuelles d&#8217;avoir leurs propres minimums qui sont les m\u00eames que les montants minimums de d\u00e9p\u00f4t.<\/p>\n<p>Pourtant, il est compr\u00e9hensible que les casinos exigent des d\u00e9p\u00f4ts et des retraits minimums diff\u00e9rents pour les diff\u00e9rentes m\u00e9thodes bancaires. Nous n&#8217;allons en aucun cas laisser tomber les casinos que nous examinons et qui ont un retrait minimum sup\u00e9rieur au d\u00e9p\u00f4t minimum, car c&#8217;est \u00e0 peu pr\u00e8s la norme dans le secteur.<\/p>\n<p>Dans l&#8217;ensemble, les retraits minimums sont fix\u00e9s par les casinos eux-m\u00eames et peuvent aller de $10 \u00e0 $30. Le d\u00e9lai total de paiement de vos retraits peut aller de quelques minutes pour les porte-monnaie \u00e9lectroniques \u00e0 7 jours ouvrables pour les ch\u00e8ques, le temps moyen de traitement \u00e9tant d&#8217;environ 1 \u00e0 2 jours ouvrables. Souvent, si vous demandez moins que le montant maximum de retrait dans un casino en ligne, vous \u00eates pay\u00e9 rapidement. Ce sont g\u00e9n\u00e9ralement les joueurs qui sont excit\u00e9s de gagner quelque chose et, comme le casino les paie rapidement, il est plus probable qu&#8217;ils fassent un autre d\u00e9p\u00f4t et continuent \u00e0 d\u00e9penser leurs fonds dans ce casino en ligne particulier.<\/p>\n<p>Pour ce qui est des gros bonnets parmi nous, il ne suffit pas de dire que les limites de retrait doivent \u00eatre aussi \u00e9lev\u00e9es que possible. De plus, les gros joueurs peuvent g\u00e9n\u00e9ralement faire une demande et attendre des paiements rapides de la part des casinos en ligne.<\/p>\n<h2>Casinos de Paiement Rapide<\/h2>\n<p>Que vous jouiez dans des casinos \u00e0 1, 5, 10 ou 20 d\u00e9p\u00f4ts, tous ont une chose en commun: la n\u00e9cessit\u00e9 d&#8217;un mode de paiement s\u00e9curis\u00e9. M\u00eame si vous jouez dans l&#8217;un des nombreux <a href=\"\/fr\/casinos-sans-depot\/\">casinos populaires sans d\u00e9p\u00f4t<\/a>, il est imp\u00e9ratif de pouvoir choisir les options de paiement du casino, et les joueurs doivent se sentir en s\u00e9curit\u00e9 et avoir l&#8217;assurance que leurs donn\u00e9es personnelles et financi\u00e8res sont en s\u00e9curit\u00e9.<\/p>\n<p>En plus de la s\u00e9curit\u00e9, de nombreux joueurs ont une autre priorit\u00e9 essentielle \u00e0 prendre en compte: la rapidit\u00e9. Effectuer des d\u00e9p\u00f4ts et retirer des gains est une partie cruciale de l&#8217;exp\u00e9rience du casino, et c&#8217;est l\u00e0 que les casinos \u00e0 paiement rapide deviennent votre nouveau meilleur ami.<\/p>\n<p>Comme leur nom l&#8217;indique, les casinos \u00e0 paiement rapide vous permettent de mettre la main sur votre argent presque instantan\u00e9ment, et leur popularit\u00e9 a donc augment\u00e9 de fa\u00e7on spectaculaire aupr\u00e8s des joueurs. Ils permettent des inscriptions ultra-rapides, les documents d&#8217;identification \u00e9tant autoris\u00e9s rapidement, ce qui contribue \u00e0 acc\u00e9l\u00e9rer l&#8217;ensemble du processus, en offrant un acc\u00e8s instantan\u00e9 \u00e0 votre argent.<\/p>\n<h2>Ce qu&#8217;il faut prendre en Consid\u00e9ration<\/h2>\n<p>Lors du choix d&#8217;un mode de paiement, deux domaines principaux ont tendance \u00e0 \u00eatre prioritaires pour les joueurs: la s\u00e9curit\u00e9 et la rapidit\u00e9. Les clients doivent savoir que leurs donn\u00e9es personnelles et financi\u00e8res sont s\u00e9curis\u00e9es, quel que soit l&#8217;endroit o\u00f9 ils jouent, et qu&#8217;ils pourront effectuer rapidement et facilement tout d\u00e9p\u00f4t ou retrait. La commodit\u00e9 est cruciale, et un nombre croissant de casinos en r\u00e9alisent l&#8217;importance en offrant un \u00e9ventail de m\u00e9thodes de paiement rapide.<\/p>\n<h2>M\u00e9thodes de Paiement Rapides<\/h2>\n<p>Certaines des m\u00e9thodes de paiement les plus populaires pour les casinos incluent:<\/p>\n<ul>\n<li><a href=\"\/fr\/options-dachat\/paysafecard\/\"><strong>Paysafecard<\/strong><\/a><\/li>\n<\/ul>\n<p>Cette proc\u00e9dure est \u00e0 la fois s\u00fbre et rapide ; les d\u00e9p\u00f4ts et les retraits sont effectu\u00e9s au moyen d&#8217;un code PIN \u00e0 16 chiffres plut\u00f4t que de divulguer des donn\u00e9es personnelles, et tous les contr\u00f4les d&#8217;identit\u00e9 sont pr\u00e9autoris\u00e9s afin d&#8217;acc\u00e9l\u00e9rer l&#8217;ensemble du processus.<\/p>\n<ul>\n<li><a href=\"\/fr\/options-dachat\/mastercard\/\"><strong>Mastercard<\/strong><\/a><\/li>\n<\/ul>\n<p>La Mastercard est largement consid\u00e9r\u00e9e comme l&#8217;un des moyens de paiement les plus pratiques et permet des d\u00e9p\u00f4ts instantan\u00e9s. Tr\u00e8s populaire, elle peut m\u00eame \u00eatre utilis\u00e9e pour les casinos \u00e0 d\u00e9p\u00f4t minimum, comme les Lucky Nuggets, qui ne <a href=\"\/fr\/1-de-depot-minimum\/\">n\u00e9cessitent qu&#8217;un engagement de 1 $<\/a>, et sa flexibilit\u00e9 est en grande partie \u00e0 l&#8217;origine de son attrait.<\/p>\n<ul>\n<li><a href=\"\/fr\/options-dachat\/neteller\/\"><strong>Neteller<\/strong><\/a><\/li>\n<\/ul>\n<p>Les porte-monnaie \u00e9lectroniques comme Neteller sont un autre choix super populaire, et l\u00e0 encore, cela est d\u00fb en grande partie \u00e0 une combinaison de commodit\u00e9, de s\u00e9curit\u00e9 et de rapidit\u00e9. Vos d\u00e9p\u00f4ts sont effectu\u00e9s \u00e0 partir du solde de votre porte-monnaie \u00e9lectronique, plut\u00f4t que d&#8217;avoir \u00e0 saisir les d\u00e9tails du paiement directement sur le site. En g\u00e9n\u00e9ral, la plupart des transactions prennent entre 2 et 6 heures, ce qui offre un moyen s\u00fbr et rapide de profiter de vos casinos pr\u00e9f\u00e9r\u00e9s, des <a href=\"\/fr\/tours-gratuits\/\">tours gratuits<\/a> aux bonus correspondants!<\/p>\n<ul>\n<li><a href=\"\/fr\/2019\/10\/11\/skrill-minimum-depot-offres\/\"><strong>Skrill<\/strong><\/a><\/li>\n<\/ul>\n<p>Le Skrill est une autre option qui fonctionne de mani\u00e8re similaire \u00e0 Neteller mais qui a tendance \u00e0 prendre un peu plus de temps &#8211; les joueurs doivent attendre jusqu&#8217;\u00e0 24 heures pour que les transactions soient termin\u00e9es. Bien que ce ne soit pas la m\u00e9thode la plus rapide, c&#8217;est un choix populaire dans les casinos qui proposent des m\u00e9thodes de paiement plus limit\u00e9es.<\/p>\n<ul>\n<li><a href=\"https:\/\/www.minimumdepositcasinos.org\/fr\/revue-de-casino\/rabona\/\"><strong>Bitcoin<\/strong><\/a><\/li>\n<\/ul>\n<p>La cryptoconnaissance est de plus en plus appr\u00e9ci\u00e9e des joueurs, et de nombreux casinos intelligents ont compris qu&#8217;il s&#8217;agissait d&#8217;une grande tendance \u00e0 laquelle il fallait s&#8217;associer. Non seulement les transactions effectu\u00e9es via Bitcoin sont con\u00e7ues pour \u00eatre totalement s\u00fbres et s\u00e9curis\u00e9es, mais elles peuvent \u00eatre tri\u00e9es rapidement; la plupart des casinos seront en mesure de traiter le paiement dans les 24 heures, et ce d\u00e9lai devrait diminuer \u00e0 mesure que la technologie deviendra plus populaire et plus recurrent.<\/p>\n<h2>Choisir un Casino<\/h2>\n<p>Il y a beaucoup de facteurs \u00e0 prendre en compte lors du choix d&#8217;un casino, mais la rapidit\u00e9 des m\u00e9thodes de paiement est une priorit\u00e9 absolue. Le choix d&#8217;une option de paiement rapide acc\u00e9l\u00e8re l&#8217;ensemble du processus, ce qui en fait une option beaucoup plus attrayante pour les joueurs. Celles qui offrent la possibilit\u00e9 d&#8217;effectuer rapidement des d\u00e9p\u00f4ts minimums sont \u00e9galement importantes et renforcent l&#8217;exp\u00e9rience globale du casino pour les visiteurs.<\/p>\n<h2>Conclusion<\/h2>\n<p>Les conditions bancaires des casinos en ligne peuvent \u00eatre complexes, et elles peuvent avoir une incidence sur vos jeux. C&#8217;est particuli\u00e8rement vrai pour les petits joueurs qui aiment les bonus et qui ne r\u00e9alisent pas que m\u00eame lorsqu&#8217;ils ont transform\u00e9 25 $ en 125 $ gr\u00e2ce \u00e0 un bonus de casino ou \u00e0 la chance, ils ont besoin d&#8217;un solde d&#8217;au moins, disons 150 $, pour encaisser.<\/p>\n<p>De plus, il est important de comprendre que certains casinos en ligne facturent \u00e9galement des frais sur les retraits individuels. Certains d\u00e9composent m\u00eame les paiements en plusieurs parties et pr\u00e9l\u00e8vent ensuite des frais sur chaque partie.<\/p>\n<p>De plus, avant m\u00eame de vous inscrire dans un casino, il est important de comprendre que le montant minimum de retrait est. Si vous pr\u00e9f\u00e9rez jouer et retirer peu, vous voudrez un casino qui vous permette de retirer des montants de 10 $, 20 $ ou 30 $ \u00e0 la fois avec des frais minimes et un d\u00e9lai d&#8217;ex\u00e9cution aussi rapide que possible.<\/p>\n<p>L&#8217;essentiel est de toujours jouer dans un casino en ligne de bonne r\u00e9putation qui figure sur notre liste de casinos recommand\u00e9s. Consultez nos critiques pour trouver les meilleurs casinos de retrait minimum pour vos besoins de jeu.<\/p>\n<h2>Retrait Minimum Casinos FAQ&#8217;s<\/h2>\n<p>Lors du choix d&#8217;un casino, il faut tenir compte d&#8217;une s\u00e9rie de facteurs qui doivent \u00eatre soigneusement examin\u00e9s. De l&#8217;offre d&#8217;une gamme de jeux populaires \u00e0 la garantie que les joueurs ont acc\u00e8s \u00e0 une vari\u00e9t\u00e9 d&#8217;offres et de promotions populaires, il y a de nombreuses caract\u00e9ristiques \u00e0 \u00e9valuer et \u00e0 prendre en consid\u00e9ration. L&#8217;un des domaines les plus importants est bien s\u00fbr le paiement, qui est une priorit\u00e9 essentielle pour de nombreux clients.<\/p>\n<p>La rapidit\u00e9 est un attribut important et, en r\u00e8gle g\u00e9n\u00e9rale, les portefeuilles \u00e9lectroniques offrent les options les plus rapides, ainsi qu&#8217;une s\u00e9curit\u00e9 suppl\u00e9mentaire &#8211; les d\u00e9p\u00f4ts et les retraits sont effectu\u00e9s dans un portefeuille externe, plut\u00f4t que le joueur n&#8217;ait \u00e0 fournir des d\u00e9tails personnels et financiers. Il est \u00e9galement essentiel que vous v\u00e9rifiiez s&#8217;il existe des limites ou des restrictions; les casinos \u00e0 retrait minimum peuvent avoir des exigences tr\u00e8s sp\u00e9cifiques et, sans recherches appropri\u00e9es, vous pouvez vous retrouver avec un solde que vous ne pouvez pas retirer. Voici les questions les plus courantes qui apparaissent souvent lorsqu&#8217;il s&#8217;agit de casinos avec ces limitations.<\/p>\n\n\n<div itemscope=\"\" itemtype=\"https:\/\/schema.org\/FAQPage\">\n  <div itemscope=\"\" itemprop=\"mainEntity\" itemtype=\"https:\/\/schema.org\/Question\">\n    <h4 itemprop=\"name\">\u2753 Pourquoi des Limites de Retrait Minimales sont-elles en Place?<\/h4>\n    <div itemscope=\"\" itemprop=\"acceptedAnswer\" itemtype=\"https:\/\/schema.org\/Answer\">\n      <div itemprop=\"text\">Principalement, des limites minimales de retrait sont pr\u00e9vues pour prot\u00e9ger le casino. Sans aucune restriction, il existe un risque qu&#8217;un joueur joue dur, gagne gros et disparaisse &#8211; pour ne plus jamais \u00eatre revu. Les casinos misent sur la fid\u00e9lit\u00e9 et la fid\u00e9lisation et la mise en place d&#8217;une limite minimale de retrait incite fortement les joueurs \u00e0 rester et \u00e0 jouer plus longtemps.<\/div>\n      En outre, une limite permet au casino de surveiller ses flux de tr\u00e9sorerie &#8211; un gros gain de jackpot peut entra\u00eener la faillite d&#8217;un site plus petit si plusieurs joueurs retirent leurs gains totaux en m\u00eame temps.\n  <\/div>\n<\/div>\n<div itemscope=\"\" itemprop=\"mainEntity\" itemtype=\"https:\/\/schema.org\/Question\">\n  <h4 itemprop=\"name\">?\u200d\u2640\ufe0f Quelles sont les Limites Minimales de Retrait?<\/h4>\n  <div itemscope=\"\" itemprop=\"acceptedAnswer\" itemtype=\"https:\/\/schema.org\/Answer\">\n    <div itemprop=\"text\">Chaque site aura ses propres exigences minimales, et il est crucial de v\u00e9rifier les petits caract\u00e8res du casino que vous avez choisi pour vous assurer que vous \u00eates pleinement inform\u00e9 et pr\u00eat \u00e0 jouer en toute confiance.<\/div>\n\t<\/div>\n<\/div>\n<div itemscope=\"\" itemprop=\"mainEntity\" itemtype=\"https:\/\/schema.org\/Question\">\n    <h4 itemprop=\"name\">?&nbsp;Quelles sont les Meilleures M\u00e9thodes de Retrait Minimum?<\/h4>\n    <div itemscope=\"\" itemprop=\"acceptedAnswer\" itemtype=\"https:\/\/schema.org\/Answer\">\n      <div itemprop=\"text\">Il existe toute une s\u00e9rie de m\u00e9thodes de paiement diff\u00e9rentes, et certaines sont mieux \u00e9quip\u00e9es pour g\u00e9rer les m\u00e9thodes de retrait minimum. Les portefeuilles \u00e9lectroniques, <a href=\"\/fr\/options-dachat\/paypal\/\">tels que PayPal Les casinos<\/a>, Skrill et Neteller, ont tendance \u00e0 \u00eatre les options les plus rapides, et beaucoup d&#8217;entre eux traitent les d\u00e9p\u00f4ts et les retraits instantan\u00e9ment, m\u00eame avec des limites de retrait et de d\u00e9p\u00f4t minimum. Les cartes de cr\u00e9dit et de d\u00e9bit telles que Mastercard et Visa sont \u00e9galement des choix populaires et, l\u00e0 encore, elles vous permettent d&#8217;effectuer des retraits tr\u00e8s rapidement, m\u00eame si des restrictions sont en vigueur.<\/div>\n\t<\/div>\n<\/div>\n<div itemscope=\"\" itemprop=\"mainEntity\" itemtype=\"https:\/\/schema.org\/Question\">\n    <h4 itemprop=\"name\">? Dois-je Choisir un Casino \u00e0 Retrait Minimum?<\/h4>\n    <div itemscope=\"\" itemprop=\"acceptedAnswer\" itemtype=\"https:\/\/schema.org\/Answer\">\n      <div itemprop=\"text\">Si vous \u00eates pleinement conscient des restrictions, il n&#8217;y a aucune raison d&#8217;\u00e9viter un site de retrait minimum. Vous pourrez souvent acc\u00e9der aux m\u00eames jeux, offres et transactions &#8211; la seule diff\u00e9rence est l&#8217;importance du retrait qui peut \u00eatre effectu\u00e9.<\/div>\n\t<\/div> \n<\/div>\n<\/div>\n","protected":false},"excerpt":{"rendered":"<p>Casinos de Retrait Minimum Lorsqu&#8217;il s&#8217;agit de choisir un casino en ligne pour jouer, il y a une chose que beaucoup de joueurs n\u00e9gligent souvent, et c&#8217;est \u00e0 quel point le lib\u00e9ralisme \u2013 ou non &#8211; les conditions de d\u00e9p\u00f4t, de retrait et de fr\u00e9quence peuvent \u00eatre. De nombreux casinos en ligne n&#8217;h\u00e9sitent pas \u00e0 [&hellip;]<\/p>\n","protected":false},"author":11,"featured_media":0,"parent":0,"menu_order":0,"comment_status":"closed","ping_status":"closed","template":"","meta":{"_acf_changed":false,"footnotes":""},"class_list":["post-3524","page","type-page","status-publish","hentry"],"acf":[],"_links":{"self":[{"href":"https:\/\/www.minimumdepositcasinos.org\/fr\/wp-json\/wp\/v2\/pages\/3524","targetHints":{"allow":["GET"]}}],"collection":[{"href":"https:\/\/www.minimumdepositcasinos.org\/fr\/wp-json\/wp\/v2\/pages"}],"about":[{"href":"https:\/\/www.minimumdepositcasinos.org\/fr\/wp-json\/wp\/v2\/types\/page"}],"author":[{"embeddable":true,"href":"https:\/\/www.minimumdepositcasinos.org\/fr\/wp-json\/wp\/v2\/users\/11"}],"replies":[{"embeddable":true,"href":"https:\/\/www.minimumdepositcasinos.org\/fr\/wp-json\/wp\/v2\/comments?post=3524"}],"version-history":[{"count":8,"href":"https:\/\/www.minimumdepositcasinos.org\/fr\/wp-json\/wp\/v2\/pages\/3524\/revisions"}],"predecessor-version":[{"id":4210,"href":"https:\/\/www.minimumdepositcasinos.org\/fr\/wp-json\/wp\/v2\/pages\/3524\/revisions\/4210"}],"wp:attachment":[{"href":"https:\/\/www.minimumdepositcasinos.org\/fr\/wp-json\/wp\/v2\/media?parent=3524"}],"curies":[{"name":"wp","href":"https:\/\/api.w.org\/{rel}","templated":true}]}}