{"id":3895,"date":"2020-04-22T09:18:37","date_gmt":"2020-04-22T09:18:37","guid":{"rendered":"https:\/\/www.minimumdepositcasinos.org\/fr\/?page_id=3895"},"modified":"2020-04-22T09:18:38","modified_gmt":"2020-04-22T09:18:38","slug":"casinomia","status":"publish","type":"page","link":"https:\/\/www.minimumdepositcasinos.org\/fr\/revue-de-casino\/casinomia\/","title":{"rendered":"Casinomia"},"content":{"rendered":"\n<h2 class=\"wp-block-heading\">R\u00e9partition de la Revue<\/h2>\n\n\n\n<p>Casinomia est un casino de cr\u00e9ation r\u00e9cente, ayant moins d&#8217;un an, mais il dispose d&#8217;un site web fluide et professionnel contenant des milliers de jeux disponibles au bout de vos doigts. Il propose \u00e9galement des bonus personnalis\u00e9s dans le cadre d&#8217;un programme de fid\u00e9lit\u00e9 destin\u00e9 \u00e0 attirer les joueurs r\u00e9guliers.<\/p>\n\n\n\n<p>Le casino propose de g\u00e9n\u00e9reux bonus de bienvenue, mais il existe certaines r\u00e8gles sur la mani\u00e8re dont ils peuvent \u00eatre utilis\u00e9s et r\u00e9clam\u00e9s, telles que les mises et les limites de temps.<\/p>\n\n\n\n<p>Et pour l&#8217;instant, la Casinomie exclut les pays suivants en raison de restrictions en mati\u00e8re de licences : Aruba, Belarus, Bonaire, Cura\u00e7ao, France, Isra\u00ebl, Pays-Bas, Saba et Saint-Eustache, Saint-Martin, Espagne, Royaume-Uni, Ukraine et \u00c9tats-Unis. Il est disponible en 7 langues : anglais, russe, finnois, su\u00e9dois, norv\u00e9gien, allemand, polonais et hongrois.<\/p>\n\n\n\n<h2 class=\"wp-block-heading\">Bonus et Promotions<\/h2>\n\n\n\n<p>Casinomia propose une s\u00e9lection de bonus et de promotions qui vous aident \u00e0 gagner plus d&#8217;argent d\u00e8s le d\u00e9part, notamment des <a href=\"\/fr\/tours-gratuits\/\">bonus tours gratuits<\/a> et des bonus sur d\u00e9p\u00f4t. Cela signifie que vous serez encourag\u00e9 \u00e0 continuer \u00e0 jouer. Consultez les d\u00e9tails ci-dessous.<\/p>\n\n\n\n<h3 class=\"wp-block-heading\">Bonus de Bienvenue<\/h3>\n\n\n\n<p>Lorsque vous rejoignez Casinomia, vous recevez un bonus de bienvenue pouvant atteindre 100 % de votre d\u00e9p\u00f4t initial, plus 100 tours gratuits. Le bonus de tours gratuits sera divis\u00e9 en 20 tours qui vous seront offerts chaque jour, r\u00e9partis sur cinq jours. Le premier jour de 20 tours vous sera offert dans les 5 jours suivant votre d\u00e9p\u00f4t initial. Ce d\u00e9p\u00f4t doit \u00eatre d&#8217;un minimum de 10 $. Vous ne pouvez \u00e9galement le recevoir qu&#8217;avec un d\u00e9p\u00f4t initial \u00e9gal ou inf\u00e9rieur \u00e0 500 $. Et lorsque vous recevez vos tours gratuits, ils doivent \u00eatre utilis\u00e9s dans les 7 jours.<\/p>\n\n\n\n<h3 class=\"wp-block-heading\">Autres Promotions<\/h3>\n\n\n\n<p>Il existe \u00e9galement plusieurs autres promotions utiles propos\u00e9es par Casinomia. Vous pouvez recevoir un bonus de 50 % sur votre deuxi\u00e8me d\u00e9p\u00f4t. L\u00e0 encore, ce d\u00e9p\u00f4t doit \u00eatre d&#8217;un minimum de 10 $ et le bonus ne s&#8217;applique qu&#8217;avec un d\u00e9p\u00f4t inf\u00e9rieur ou \u00e9gal \u00e0 500 $. Si vous jouez le week-end, vous avez \u00e9galement droit \u00e0 un bonus de recharge de 50 % le week-end. Ce bonus fonctionne de la m\u00eame mani\u00e8re que le bonus de deuxi\u00e8me d\u00e9p\u00f4t et les m\u00eames conditions s&#8217;appliquent.<\/p>\n\n\n\n<h3 class=\"wp-block-heading\">Exigences de mise en Jeu (Exigences de Pari)<\/h3>\n\n\n\n<p>Les conditions de mise pour les jeux disponibles sur Casinomia sont de 50x. Cela ne s&#8217;applique qu&#8217;aux paris que vous avez effectu\u00e9s, que vous les ayez gagn\u00e9s ou perdus ou non. Cela signifie que pour retirer l&#8217;argent gagn\u00e9 gr\u00e2ce \u00e0 l&#8217;un des bonus, vous devrez d\u00e9penser 50 fois le montant du bonus. Et chaque fois que vous placez un pari, <a href=\"\/fr\/5-de-depot-minimum\/\">celui-ci ne doit pas d\u00e9passer 5 $<\/a>.<\/p>\n\n\n\n<h3 class=\"wp-block-heading\">VIP &amp; Loyaut\u00e9<\/h3>\n\n\n\n<p>Casinomia propose un programme de fid\u00e9lit\u00e9 qui offre des r\u00e9compenses \u00e0 ses joueurs qui passent plus de temps \u00e0 se divertir au casino. Le programme vous permet de gagner des tours gratuits et des bonus d&#8217;anniversaire. Cela sert de touche personnelle aux utilisateurs de Casinomia. En gagnant des points Casinomia (CP), vous pouvez progresser dans les niveaux du programme de fid\u00e9lit\u00e9 et d\u00e9bloquer des r\u00e9compenses plus importantes.<\/p>\n\n\n\n<ul class=\"wp-block-list\"><li>1 point Casinomia \u00e9quivaut \u00e0 100 $.<\/li><\/ul>\n\n\n\n<p>Les niveaux, le nombre de points requis et les r\u00e9compenses d\u00e9bloqu\u00e9es sont les suivants:<\/p>\n\n\n\n<ul class=\"wp-block-list\"><li>Aventurier &#8211; 0 Points &#8211; un cadeau d&#8217;anniversaire de 10 $<\/li><li>Expert &#8211; 100 points &#8211; 100 tours gratuits sur Gold Lab et un cadeau d&#8217;anniversaire de 50 $<\/li><li>Master &#8211; 300 points &#8211; 120 tours gratuits sur Gold Lab et un cadeau d&#8217;anniversaire de 100 $<\/li><li>H\u00e9ros &#8211; 1500 points &#8211; 150 tours gratuits sur Gold Lab et un cadeau d&#8217;anniversaire de 150 $<\/li><li>Roi &#8211; 10000 points &#8211; 200 tours gratuits sur Gold Lab et un cadeau d&#8217;anniversaire de 200 $<\/li><\/ul>\n\n\n\n<p>Le niveau roi est \u00e9galement assorti d&#8217;une autre r\u00e9compense sp\u00e9ciale, \u00e0 savoir votre propre responsable VIP qui s&#8217;occupera de tous vos besoins au casino.<\/p>\n\n\n\n<p>Les conditions de pari pour r\u00e9clamer un cadeau d&#8217;anniversaire sont de X50 et pour r\u00e9clamer les tours gratuits, de X40.<\/p>\n\n\n\n<p>Et pour rester \u00e0 votre niveau actuel, vous devrez gagner un certain nombre de points Casinomia, sinon vous serez r\u00e9trograd\u00e9 au niveau inf\u00e9rieur \u00e0 votre niveau actuel.<\/p>\n\n\n\n<h2 class=\"wp-block-heading\">Comment S&#8217;inscrire et Commencer \u00e0 Jouer<\/h2>\n\n\n\n<p>Voici la proc\u00e9dure \u00e0 suivre pour vous inscrire \u00e0 Casinomia, afin de pouvoir commencer \u00e0 jouer les jeux:<\/p>\n\n\n\n<ul class=\"wp-block-list\"><li>Cliquez sur le bouton &#8221; Inscrivez-vous &#8221; sur le site web.<\/li><li>Saisissez votre meilleure adresse \u00e9lectronique et cr\u00e9ez un mot de passe.<\/li><li>Indiquez votre nom, votre date de naissance, les d\u00e9tails de votre passeport et votre num\u00e9ro de t\u00e9l\u00e9phone.<\/li><li>Pour jouer aux jeux, vous devez enregistrer une m\u00e9thode de paiement et effectuer le <a href=\"\/fr\/10-de-depot-minimum\/\">d\u00e9p\u00f4t minimum de 10 $<\/a> sur votre compte de casino.<\/li><li>Vous pouvez ensuite choisir un jeu dans le menu des jeux pour y placer des paris, et la mise maximale sera de 5 $ \u00e0 chaque fois.<\/li><\/ul>\n\n\n\n<h2 class=\"wp-block-heading\">Payments<\/h2>\n\n\n\n<p>Casinomia dispose d&#8217;une <a href=\"\/fr\/options-dachat\/\">grande vari\u00e9t\u00e9 de m\u00e9thodes de paiement<\/a>. Tous les traitements des d\u00e9p\u00f4ts sont effectu\u00e9s instantan\u00e9ment. Cela le rend tr\u00e8s flexible et rapide. Il existe des limites minimales et maximales de transactions, qui diff\u00e8rent pour chaque m\u00e9thode, mais ces limites semblent raisonnables.<\/p>\n\n\n\n<p>En ce qui concerne le retrait, les d\u00e9lais de traitement peuvent varier.<\/p>\n\n\n\n<h3 class=\"wp-block-heading\">M\u00e9thodes de d\u00e9p\u00f4t<\/h3>\n\n\n\n<p>Il existe 8 m\u00e9thodes diff\u00e9rentes pour effectuer des d\u00e9p\u00f4ts, mais j&#8217;ai regroup\u00e9 les cryptocurrences et les options de banque par internet.<\/p>\n\n\n\n<ul class=\"wp-block-list\"><li>Visa\/Mastercard<\/li><li>Skrill<\/li><li><a href=\"\/fr\/options-dachat\/neteller\/\">Casino Neteller<\/a><\/li><li>Cryptocurrences<\/li><li>Yandex Money<\/li><li>Qiwi<\/li><li>Services bancaires sur Internet<\/li><li>ecoPayz<\/li><\/ul>\n\n\n\n<h3 class=\"wp-block-heading\">D\u00e9p\u00f4ts Minimum et Maximum<\/h3>\n\n\n\n<p>Je vais \u00e9num\u00e9rer les chiffres pour chacune des 8 m\u00e9thodes dans le tableau ci-dessous.<\/p>\n\n\n\n<table class=\"wp-block-table is-style-stripes\"><tbody><tr><td> <strong>M\u00e9thode<\/strong><\/td><td><strong>Minimum<\/strong><\/td><td><strong>Maximum<\/strong><\/td><\/tr><tr><td> Visa\/Mastercard <\/td><td> $5 <\/td><td> $1000 <\/td><\/tr><tr><td>Skrill<\/td><td> $5 <\/td><td> $5000 <\/td><\/tr><tr><td>Neteller<\/td><td> $5 <\/td><td> $5000 <\/td><\/tr><tr><td> Cryptocurrences <\/td><td> $5 <\/td><td> $5000 <\/td><\/tr><tr><td>Yandex Money<\/td><td> $5 <\/td><td> $900 <\/td><\/tr><tr><td>Qiwi<\/td><td> $5 <\/td><td> $900 <\/td><\/tr><tr><td> Services bancaires sur Internet <\/td><td> $5 <\/td><td> $900 <\/td><\/tr><tr><td>ecoPayz<\/td><td> $5 <\/td><td> $5000 <\/td><\/tr><\/tbody><\/table>\n\n\n\n<p>Afin de d\u00e9clencher les bonus, vous devrez d\u00e9poser au moins 10 $, quelle que soit la m\u00e9thode choisie.<\/p>\n\n\n\n<h3 class=\"wp-block-heading\">Modalit\u00e9s et temps de Retrait<\/h3>\n\n\n\n<p>Il existe 8 m\u00e9thodes diff\u00e9rentes pour retirer de l&#8217;argent, et je vais \u00e9num\u00e9rer chacune d&#8217;entre elles ainsi que le temps n\u00e9cessaire pour le traitement dans le tableau ci-dessous.<\/p>\n\n\n\n<table class=\"wp-block-table has-subtle-pale-blue-background-color has-background is-style-stripes\"><tbody><tr><td> <strong>M\u00e9thode<\/strong> <\/td><td> <strong>Temps de Traitement<\/strong> <\/td><\/tr><tr><td>Skrill<\/td><td> 24  heures  <\/td><\/tr><tr><td>Neteller<\/td><td> 24  heures  <\/td><\/tr><tr><td> Cryptocurrences <\/td><td> 24  heures  <\/td><\/tr><tr><td>Yandex Money<\/td><td> 24  heures <\/td><\/tr><tr><td>Qiwi<\/td><td> 24  heures  <\/td><\/tr><tr><td> Services bancaires sur Internet <\/td><td> 24  heures  <\/td><\/tr><tr><td>ecoPayz<\/td><td> 24  heures <\/td><\/tr><tr><td>Bank Transfer<\/td><td>1 &#8211; 3  jours ouvrables <\/td><\/tr><\/tbody><\/table>\n\n\n\n<p>Il existe des limites de retrait en fonction du niveau auquel vous vous trouvez dans le programme de fid\u00e9lisation, il est donc important de consulter ces informations dans les termes et conditions.<\/p>\n\n\n\n<h2 class=\"wp-block-heading\">Jeux<\/h2>\n\n\n\n<p>Casinomia propose des milliers de jeux diff\u00e9rents dans plusieurs cat\u00e9gories. La plupart sont des machines \u00e0 sous, mais il existe aussi des jeux de table et des options de casino en direct. Ils utilisent \u00e9galement un certain nombre de fournisseurs de jeux diff\u00e9rents, tels que Netent, Play &#8216;n&#8217; Go, Evolution Gaming et Microgaming. Ils disposent d&#8217;une section &#8220;Top Games&#8221; et d&#8217;une section &#8220;Recommand\u00e9&#8221; o\u00f9 ils pr\u00e9sentent le meilleur de ce qu&#8217;ils ont \u00e0 offrir, ainsi qu&#8217;une liste de leurs derniers jeux.<\/p>\n\n\n\n<h3 class=\"wp-block-heading\">Machines \u00e0 sous<\/h3>\n\n\n\n<p>Casinomia propose actuellement un nombre impressionnant de 1682 machines \u00e0 sous, de nouvelles <a href=\"\/fr\/jeux\/machines-a-sous\/\">machines \u00e0 sous<\/a> \u00e9tant produites r\u00e9guli\u00e8rement par les fournisseurs de jeux. To give you a taste of what\u2019s available they include fun and fascinating options for every gaming taste, such as Rich Wilde and the Book of the Dead, Starburst, Koi Princess and Coins of Egypt.<\/p>\n\n\n\n<h3 class=\"wp-block-heading\">Jeux de Table<\/h3>\n\n\n\n<p>Casinomia propose une plus petite s\u00e9lection de jeux de table, dont les favoris populaires comme le blackjack et le poker. Vous pouvez jouer au blackjack en 3D, au blackjack am\u00e9ricain, au blackjack \u00e0 la reine rouge, et bien d&#8217;autres encore. Il en va de m\u00eame pour le poker, le Caribbean Poker, All Aces Poker et Joker Poker ne repr\u00e9sentant qu&#8217;un petit nombre des jeux de poker disponibles.<\/p>\n\n\n\n<h3 class=\"wp-block-heading\">Jeux de Croupier en Direct<\/h3>\n\n\n\n<p>Casinomia propose \u00e9galement pr\u00e8s de 30 options de casino en direct, dont le Texas Hold&#8217;Em ultime, la Roulette en direct et le Baccarat en direct. Cela vous permet de vous sentir comme si vous jouiez dans un vrai casino dans le confort de votre propre maison.<\/p>\n\n\n\n<h2 class=\"wp-block-heading\">Mobile et Applications<\/h2>\n\n\n\n<p>Casinomia offre une fonctionnalit\u00e9 mobile. Vous pouvez acc\u00e9der au site web \u00e0 partir de votre t\u00e9l\u00e9phone, sur n&#8217;importe quel navigateur. Il existe toutefois une application distincte pour iOS et pour Android. Il y a moins de jeux disponibles que sur PC, mais il y en a toujours un grand nombre. La version mobile est plus compacte et comporte moins de graphiques, mais fonctionne toujours de la m\u00eame mani\u00e8re. Toutefois, si vous souhaitez utiliser l&#8217;application, vous devrez la t\u00e9l\u00e9charger via leur site web, plut\u00f4t que via l&#8217;app store.<\/p>\n\n\n\n<h2 class=\"wp-block-heading\">S\u00e9curit\u00e9 et Licences<\/h2>\n\n\n\n<p>Casinomia est exploit\u00e9e par Abudantia B.V., une soci\u00e9t\u00e9 bas\u00e9e \u00e0 Cura\u00e7ao et immatricul\u00e9e sous le num\u00e9ro 126608. Elle d\u00e9tient \u00e9galement une sous-licence pour les casinos, qui est 8048\/JAZ2014-034, d\u00e9livr\u00e9e par Antillephone, N.V., une soci\u00e9t\u00e9 autoris\u00e9e et r\u00e9glement\u00e9e par le gouvernement de Cura\u00e7ao.<\/p>\n\n\n\n<h2 class=\"wp-block-heading\">Assistance \u00e0 la client\u00e8le<\/h2>\n\n\n\n<p>Il existe deux m\u00e9thodes pour contacter Casinomia. La premi\u00e8re consiste \u00e0 utiliser la fonction de clavardage sur leur site web pour parler directement \u00e0 un assistant. L&#8217;autre consiste \u00e0 envoyer un courriel \u00e0 leur \u00e9quipe de soutien en utilisant l&#8217;adresse \u00e9lectronique, qui est support@casinomia.com. Ces deux options sont disponibles 24 heures sur 24\/7.<\/p>\n\n\n\n<h2 class=\"wp-block-heading\">Notre Verdict<\/h2>\n\n\n\n<p>Casinomia est rempli de jeux et dispose d&#8217;un bon programme de fid\u00e9lit\u00e9 et d&#8217;une s\u00e9lection attrayante de bonus, notamment les cadeaux d&#8217;anniversaire et les bonus sur d\u00e9p\u00f4t le week-end. L&#8217;inscription est \u00e9galement rapide et l&#8217;interface est simple et intuitive. Cela cr\u00e9e une bonne exp\u00e9rience pour l&#8217;utilisateur et rend son utilisation rapide et facile. Toutefois, les bonus doivent \u00eatre utilis\u00e9s rapidement et le casino n&#8217;est pas disponible dans plusieurs pays comme les \u00c9tats-Unis, le Royaume-Uni, la France et les Pays-Bas. Dans l&#8217;ensemble, c&#8217;est un bon casino si vous pouvez y acc\u00e9der et si vous vous assurez que vous utilisez les bonus comme indiqu\u00e9.<\/p>\n\n\n\n<h2 class=\"wp-block-heading\">Questions Fr\u00e9quemment Pos\u00e9es<\/h2>\n\n\n\n<div itemscope=\"\" itemtype=\"https:\/\/schema.org\/FAQPage\">\n  <div itemscope=\"\" itemprop=\"mainEntity\" itemtype=\"https:\/\/schema.org\/Question\">\n    <h4 itemprop=\"name\">? Quels sont les documents requis pour la v\u00e9rification du compte?<\/h4>\n    <div itemscope=\"\" itemprop=\"acceptedAnswer\" itemtype=\"https:\/\/schema.org\/Answer\">\n      <div itemprop=\"text\">Vous devrez fournir 3 documents \u00e0 la Casinomia. Un pour prouver votre identit\u00e9, un pour prouver votre r\u00e9sidence, et une photographie de votre mode de paiement.<\/div>\n  <\/div>\n<\/div>\n<div itemscope=\"\" itemprop=\"mainEntity\" itemtype=\"https:\/\/schema.org\/Question\">\n    <h4 itemprop=\"name\">\u2753 Comment r\u00e9cup\u00e9rer un mot de passe perdu?<\/h4>\n    <div itemscope=\"\" itemprop=\"acceptedAnswer\" itemtype=\"https:\/\/schema.org\/Answer\">\n      <div itemprop=\"text\">Cliquez sur le bouton \u201cLogon\u201d, puis utilisez le lien Mot de passe oubli\u00e9. Entrez votre adresse \u00e9lectronique et cliquez sur Envoyer le lien de r\u00e9initialisation.<\/div>\n\t<\/div>\n<\/div>\n<div itemscope=\"\" itemprop=\"mainEntity\" itemtype=\"https:\/\/schema.org\/Question\">\n    <h4 itemprop=\"name\">?\u200d\u2640\ufe0f Comment d\u00e9sactiver les e-mails promotionnels?<\/h4>\n    <div itemscope=\"\" itemprop=\"acceptedAnswer\" itemtype=\"https:\/\/schema.org\/Answer\">\n      <div itemprop=\"text\">Allez dans l&#8217;onglet de votre profil, et poussez le curseur &#8220;Envoyer des promotions par e-mail&#8221; en position &#8220;off&#8221;. Vous continuerez \u00e0 recevoir des e-mails d\u00e9taillant les transactions.<\/div>\n\t<\/div> \n<\/div>\n<div itemscope=\"\" itemprop=\"mainEntity\" itemtype=\"https:\/\/schema.org\/Question\">\n    <h4 itemprop=\"name\">? Puis-je retirer des fonds imm\u00e9diatement?<\/h4>\n    <div itemscope=\"\" itemprop=\"acceptedAnswer\" itemtype=\"https:\/\/schema.org\/Answer\">\n      <div itemprop=\"text\">Seulement si le montant total de l&#8217;argent plac\u00e9 dans les paris est au moins trois fois le montant du d\u00e9p\u00f4t pour les machines \u00e0 sous et dix fois le montant pour les jeux de table.<\/div>\n\t<\/div>\n<\/div>\n<div itemscope=\"\" itemprop=\"mainEntity\" itemtype=\"https:\/\/schema.org\/Question\">\n    <h4 itemprop=\"name\">?\ufe0f Existe-t-il des restrictions pour les jeux avec fonds de bonus?<\/h4>\n    <div itemscope=\"\" itemprop=\"acceptedAnswer\" itemtype=\"https:\/\/schema.org\/Answer\">\n      <div itemprop=\"text\">Oui, vous devrez soit annuler le bonus, soit miser le montant du bonus conform\u00e9ment \u00e0 la r\u00e8gle de mise X50 avant de pouvoir retirer le montant du bonus initial.<\/div>\n\t<\/div>\n<\/div>\n<\/div>\n","protected":false},"excerpt":{"rendered":"<p>R\u00e9partition de la Revue Casinomia est un casino de cr\u00e9ation r\u00e9cente, ayant moins d&#8217;un an, mais il dispose d&#8217;un site web fluide et professionnel contenant des milliers de jeux disponibles au bout de vos doigts. Il propose \u00e9galement des bonus personnalis\u00e9s dans le cadre d&#8217;un programme de fid\u00e9lit\u00e9 destin\u00e9 \u00e0 attirer les joueurs r\u00e9guliers. Le [&hellip;]<\/p>\n","protected":false},"author":11,"featured_media":3897,"parent":16,"menu_order":0,"comment_status":"closed","ping_status":"closed","template":"page_review_card.php","meta":{"_acf_changed":false,"footnotes":""},"class_list":["post-3895","page","type-page","status-publish","has-post-thumbnail","hentry"],"acf":[],"_links":{"self":[{"href":"https:\/\/www.minimumdepositcasinos.org\/fr\/wp-json\/wp\/v2\/pages\/3895","targetHints":{"allow":["GET"]}}],"collection":[{"href":"https:\/\/www.minimumdepositcasinos.org\/fr\/wp-json\/wp\/v2\/pages"}],"about":[{"href":"https:\/\/www.minimumdepositcasinos.org\/fr\/wp-json\/wp\/v2\/types\/page"}],"author":[{"embeddable":true,"href":"https:\/\/www.minimumdepositcasinos.org\/fr\/wp-json\/wp\/v2\/users\/11"}],"replies":[{"embeddable":true,"href":"https:\/\/www.minimumdepositcasinos.org\/fr\/wp-json\/wp\/v2\/comments?post=3895"}],"version-history":[{"count":3,"href":"https:\/\/www.minimumdepositcasinos.org\/fr\/wp-json\/wp\/v2\/pages\/3895\/revisions"}],"predecessor-version":[{"id":3900,"href":"https:\/\/www.minimumdepositcasinos.org\/fr\/wp-json\/wp\/v2\/pages\/3895\/revisions\/3900"}],"up":[{"embeddable":true,"href":"https:\/\/www.minimumdepositcasinos.org\/fr\/wp-json\/wp\/v2\/pages\/16"}],"wp:featuredmedia":[{"embeddable":true,"href":"https:\/\/www.minimumdepositcasinos.org\/fr\/wp-json\/wp\/v2\/media\/3897"}],"wp:attachment":[{"href":"https:\/\/www.minimumdepositcasinos.org\/fr\/wp-json\/wp\/v2\/media?parent=3895"}],"curies":[{"name":"wp","href":"https:\/\/api.w.org\/{rel}","templated":true}]}}