{"id":39,"date":"2018-08-22T16:48:05","date_gmt":"2018-08-22T15:48:05","guid":{"rendered":"https:\/\/www.minimumdepositcasinos.org\/fr\/?page_id=39"},"modified":"2022-07-12T10:09:49","modified_gmt":"2022-07-12T10:09:49","slug":"appareils","status":"publish","type":"page","link":"https:\/\/www.minimumdepositcasinos.org\/fr\/appareils\/","title":{"rendered":"Appareils"},"content":{"rendered":"<h1>Appareils<\/h1>\n<h2>IPHONE<\/h2>\n<p><img loading=\"lazy\" decoding=\"async\" class=\" wp-image-40 alignright\" src=\"\/fr\/wp-content\/uploads\/2018\/08\/ios-android.jpg\" alt=\"ios v android\" width=\"339\" height=\"214\" srcset=\"https:\/\/www.minimumdepositcasinos.org\/fr\/wp-content\/uploads\/2018\/08\/ios-android.jpg 500w, https:\/\/www.minimumdepositcasinos.org\/fr\/wp-content\/uploads\/2018\/08\/ios-android-300x189.jpg 300w\" sizes=\"auto, (max-width: 339px) 100vw, 339px\" \/><\/p>\n<p>Le jeu traditionnel est un passe-temps populaire parmi des millions de personnes dans le monde entier. Cependant, l&#8217;industrie du jeu a pris d&#8217;assaut le monde en ligne avec l&#8217;explosion<\/p>\n<h2>ANDROID<\/h2>\n<p>Les utilisateurs de t\u00e9l\u00e9phones Android ont tendance \u00e0 \u00eatre des clients fid\u00e8les en raison des mises \u00e0 jour constantes des logiciels et de l&#8217;interface \u00e9l\u00e9gant et sophistiqu\u00e9.<\/p>\n<p><a href=\"\/fr\/appareils\/android\/\"><strong>En Savoir Plus&#8230;<\/strong><\/a><\/p>\n<h2>IPAD<\/h2>\n<p>Lorsque l&#8217;industrie des casinos en ligne a explos\u00e9, le jeu en ligne signifiait s&#8217;asseoir \u00e0 votre ordinateur de bureau. Les industries du casino \u00e9taient heureuses de fournir aux joueurs plus de chances de gagner de l&#8217;argent r\u00e9el sans quitter le confort de leur foyer<\/p>\n<p><a href=\"\/fr\/appareils\/ipad\/\"><strong>En Savoir Plus&#8230;<\/strong><\/a><\/p>\n<h2>MAC<\/h2>\n<p>Apple Macintosh, ou les ordinateurs Mac ont \u00e9t\u00e9 introduits dans le monde en 1984. Avec les Macbooks et les ordinateurs de bureau plus \u00e9l\u00e9gants \u00e9tant mis \u00e0 jour en permanence, les Macs sont aussi populaires aujourd&#8217;hui que<\/p>\n<p><strong><a href=\"\/fr\/appareils\/mac\/\">En Savoir Plus&#8230;<\/a><a href=\"\/fr\/wp-content\/uploads\/2018\/08\/Windows_logo_-_2012.png\"><img loading=\"lazy\" decoding=\"async\" class=\"wp-image-41 alignright\" src=\"\/fr\/wp-content\/uploads\/2018\/08\/Windows_logo_-_2012.png\" alt=\"Windows\" width=\"240\" height=\"263\" srcset=\"https:\/\/www.minimumdepositcasinos.org\/fr\/wp-content\/uploads\/2018\/08\/Windows_logo_-_2012.png 1121w, https:\/\/www.minimumdepositcasinos.org\/fr\/wp-content\/uploads\/2018\/08\/Windows_logo_-_2012-274x300.png 274w, https:\/\/www.minimumdepositcasinos.org\/fr\/wp-content\/uploads\/2018\/08\/Windows_logo_-_2012-768x842.png 768w, https:\/\/www.minimumdepositcasinos.org\/fr\/wp-content\/uploads\/2018\/08\/Windows_logo_-_2012-934x1024.png 934w\" sizes=\"auto, (max-width: 240px) 100vw, 240px\" \/><\/a><\/strong><\/p>\n<h2>WINDOWS<\/h2>\n<p>Si vous avez un t\u00e9l\u00e9phone Windows, vous pouvez jouer aux machines \u00e0 sous, au blackjack et au casino en argent r\u00e9el et avoir une chance de gagner de l&#8217;argent r\u00e9el. Jouer sur le pouce est devenu si populaire que de plus en plus d&#8217;op\u00e9rateurs de casino ajoutent des applications \u00e0 leur logiciel sur les mobiles et les tablettes<\/p>\n<p><a href=\"\/fr\/appareils\/windows\/\"><strong>En Savoir Plus&#8230;<\/strong><\/a><\/p>\n","protected":false},"excerpt":{"rendered":"<p>Appareils IPHONE Le jeu traditionnel est un passe-temps populaire parmi des millions de personnes dans le monde entier. Cependant, l&#8217;industrie du jeu a pris d&#8217;assaut le monde en ligne avec l&#8217;explosion ANDROID Les utilisateurs de t\u00e9l\u00e9phones Android ont tendance \u00e0 \u00eatre des clients fid\u00e8les en raison des mises \u00e0 jour constantes des logiciels et de [&hellip;]<\/p>\n","protected":false},"author":1,"featured_media":40,"parent":0,"menu_order":0,"comment_status":"closed","ping_status":"closed","template":"","meta":{"_acf_changed":false,"footnotes":""},"class_list":["post-39","page","type-page","status-publish","has-post-thumbnail","hentry"],"acf":[],"_links":{"self":[{"href":"https:\/\/www.minimumdepositcasinos.org\/fr\/wp-json\/wp\/v2\/pages\/39","targetHints":{"allow":["GET"]}}],"collection":[{"href":"https:\/\/www.minimumdepositcasinos.org\/fr\/wp-json\/wp\/v2\/pages"}],"about":[{"href":"https:\/\/www.minimumdepositcasinos.org\/fr\/wp-json\/wp\/v2\/types\/page"}],"author":[{"embeddable":true,"href":"https:\/\/www.minimumdepositcasinos.org\/fr\/wp-json\/wp\/v2\/users\/1"}],"replies":[{"embeddable":true,"href":"https:\/\/www.minimumdepositcasinos.org\/fr\/wp-json\/wp\/v2\/comments?post=39"}],"version-history":[{"count":2,"href":"https:\/\/www.minimumdepositcasinos.org\/fr\/wp-json\/wp\/v2\/pages\/39\/revisions"}],"predecessor-version":[{"id":779,"href":"https:\/\/www.minimumdepositcasinos.org\/fr\/wp-json\/wp\/v2\/pages\/39\/revisions\/779"}],"wp:featuredmedia":[{"embeddable":true,"href":"https:\/\/www.minimumdepositcasinos.org\/fr\/wp-json\/wp\/v2\/media\/40"}],"wp:attachment":[{"href":"https:\/\/www.minimumdepositcasinos.org\/fr\/wp-json\/wp\/v2\/media?parent=39"}],"curies":[{"name":"wp","href":"https:\/\/api.w.org\/{rel}","templated":true}]}}