{"id":3924,"date":"2020-04-29T13:55:19","date_gmt":"2020-04-29T13:55:19","guid":{"rendered":"https:\/\/www.minimumdepositcasinos.org\/fr\/?page_id=3924"},"modified":"2023-04-19T12:07:57","modified_gmt":"2023-04-19T12:07:57","slug":"one-casino","status":"publish","type":"page","link":"https:\/\/www.minimumdepositcasinos.org\/fr\/revue-de-casino\/one-casino\/","title":{"rendered":"One Casino"},"content":{"rendered":"\n<h2 class=\"wp-block-heading\">R\u00e9partition de la r\u00e9vision<\/h2>\n\n\n\n<p>Si vous \u00eates \u00e0 la recherche d&#8217;un nouveau casino en ligne passionnant, alors One Casino est parfait. Avec des machines \u00e0 sous, des jeux de table, un casino \u00e0 croupier en direct et des jeux de bingo cr\u00e9\u00e9s par les principaux d\u00e9veloppeurs de jeux de casino tels que Evolution Gaming, NetEnt, Play&#8217;n GO et Thunderkick, ainsi qu&#8217;une biblioth\u00e8que unique de jeux de casino que l&#8217;on ne trouve que dans One Casino, les joueurs n&#8217;ont que l&#8217;embarras du choix. Lisez notre revue One Casino et d\u00e9couvrez comment vous pouvez r\u00e9clamer un bonus gratuit Sans D\u00e9p\u00f4t de 10 $.<\/p>\n\n\n\n<h2 class=\"wp-block-heading\">Bonus et Promotions<\/h2>\n\n\n\n<p>Un casino offre un Bonus Sans D\u00e9p\u00f4t de 10 $ pour que les joueurs puissent commencer \u00e0 jouer presque gratuitement. Apr\u00e8s avoir utilis\u00e9 votre <a href=\"\/fr\/casinos-sans-depot\/\">Bonus de non-d\u00e9p\u00f4t<\/a>, effectuez un d\u00e9p\u00f4t de $10 pour r\u00e9clamer votre Bonus de d\u00e9p\u00f4t de 100%. Pour les nouveaux joueurs de One Casino, il existe un d\u00e9licieux assortiment de bonus et de promotions, de tours gratuits et de bonus en esp\u00e8ces.<\/p>\n\n\n\n<h3 class=\"wp-block-heading\">Bonus de Bienvenue<\/h3>\n\n\n\n<p>One Casino offre \u00e0 tous les nouveaux joueurs un bonus de bienvenue de 10$ Sans D\u00e9p\u00f4t. Par la suite, vous pouvez pr\u00e9tendre \u00e0 un bonus de bienvenue pour lequel vous n&#8217;aurez pas besoin de d\u00e9poser pour vous qualifier, mais si vous effectuez un d\u00e9p\u00f4t, il y a de fortes chances que le casino vous offre un bonus sur d\u00e9p\u00f4t. One Casino est fier d&#8217;offrir l&#8217;un des meilleurs bonus de casino disponibles en ligne et croit fermement qu&#8217;un bonus sur d\u00e9p\u00f4t doit \u00eatre \u00e0 la fois juste et tentant.<\/p>\n\n\n\n<p>Voici comment fonctionne le bonus de bienvenue du casino: si vous d\u00e9posez 50,00 $ et que vous obtenez un bonus de 25% sur votre d\u00e9p\u00f4t, les 50,00 $ seront ajout\u00e9s \u00e0 votre solde et 12,50 $ \u00e0 votre bonus total. Lorsque vous faites un pari, tous vos gains sont ajout\u00e9s \u00e0 votre solde et peuvent \u00eatre retir\u00e9s. Une fois que vous avez rempli les conditions de mise du bonus, les 12,50 $ sont transf\u00e9r\u00e9s sur votre solde o\u00f9 ils peuvent \u00e9galement \u00eatre retir\u00e9s.<\/p>\n\n\n\n<h3 class=\"wp-block-heading\">Bonus Sans D\u00e9p\u00f4t<\/h3>\n\n\n\n<p>Il vous suffit de vous inscrire en tant que nouveau joueur et vous n&#8217;aurez pas \u00e0 payer pour ce privil\u00e8ge. Il vous suffit de suivre notre lien et d&#8217;enregistrer un nouveau compte de joueur. S\u00e9lectionnez un nom d&#8217;utilisateur et un mot de passe et remplissez le formulaire d&#8217;inscription en suivant les instructions. Une fois que votre compte a \u00e9t\u00e9 v\u00e9rifi\u00e9, vous pouvez commencer \u00e0 jouer votre bonus de 10$ sans d\u00e9p\u00f4t.<\/p>\n\n\n\n<h3 class=\"wp-block-heading\">Autres Promotions<\/h3>\n\n\n\n<p>En plus des bonus de bienvenue et de Bonus Sans D\u00e9p\u00f4t, il existe de nombreuses autres offres pour vous aider \u00e0 augmenter votre bankroll. Si vous n&#8217;avez pas de chance, One Casino vous offre un bonus Cashback qui vous permettra de r\u00e9cup\u00e9rer une partie de vos pertes. Vous pouvez obtenir un remboursement de 10 \u00e0 23,5 % et, comme le bonus Cashback est offert comme un bonus sans mise, cela signifie que vos gains peuvent \u00eatre retir\u00e9s sans avoir \u00e0 remplir de conditions de mise.<\/p>\n\n\n\n<p>Il est \u00e9galement utile de v\u00e9rifier r\u00e9guli\u00e8rement vos e-mails, car One Casino envoie chaque semaine des offres promotionnelles comprenant davantage de Bonus Sans D\u00e9p\u00f4t et de tours gratuits.<\/p>\n\n\n\n<h3 class=\"wp-block-heading\">Exigences de Mise (Exigences de Pari)<\/h3>\n\n\n\n<p>One Casino offre une gamme de bonus et de promotions et, selon le bonus que vous prenez, vous devrez remplir des conditions de mise. Votre bonus de 10 $ Sans D\u00e9p\u00f4t doit \u00eatre mis\u00e9 25 fois, tandis que votre bonus de d\u00e9p\u00f4t doit \u00eatre mis\u00e9 35 fois.<\/p>\n\n\n\n<h3 class=\"wp-block-heading\">VIP &amp; Loyaut\u00e9 *<\/h3>\n\n\n\n<p>D\u00e8s que vous vous inscrivez au One Casino, vous devenez automatiquement membre du Club One et commencez \u00e0 accumuler des points de fid\u00e9lit\u00e9 en pariant simplement sur les machines \u00e0 sous vid\u00e9o, les machines \u00e0 sous classiques et les jeux de table. Le Club VIP\/Fid\u00e9lit\u00e9 est bas\u00e9 sur six niveaux et plus vous accumulez de points, plus vous montez dans les niveaux. Chaque fois que vous passez \u00e0 un niveau sup\u00e9rieur, vous accumulez de g\u00e9n\u00e9reuses r\u00e9compenses et des tours gratuits.<\/p>\n\n\n\n<h2 class=\"wp-block-heading\">Comment S&#8217;inscrire et Commencer \u00e0 jouer<\/h2>\n\n\n\n<p>L&#8217;ouverture d&#8217;un nouveau compte de joueur au One Casino est un processus sans tracas qui peut \u00eatre r\u00e9alis\u00e9 en quelques minutes. Suivez nos liens et cliquez sur le bouton &#8220;S&#8217;inscrire&#8221;, situ\u00e9 dans le coin sup\u00e9rieur droit du hall principal.<\/p>\n\n\n\n<ul class=\"wp-block-list\"><li>Lorsque vous y \u00eates invit\u00e9, saisissez un nom d&#8217;utilisateur, un mot de passe et votre adresse \u00e9lectronique, puis cochez la case qui confirme que vous avez lu les conditions g\u00e9n\u00e9rales.<\/li><li>Entrez votre num\u00e9ro de t\u00e9l\u00e9phone portable et le casino vous enverra un code d&#8217;activation par SMS.<\/li><li>Continuez \u00e0 suivre les instructions et en un rien de temps, vous pourrez commencer \u00e0 jouer!<\/li><\/ul>\n\n\n\n<h2 class=\"wp-block-heading\">Paiements<\/h2>\n\n\n\n<p>One Casino propose diverses m\u00e9thodes bancaires pour faciliter vos d\u00e9p\u00f4ts. Lorsque vous \u00eates pr\u00eat \u00e0 retirer vos gains, vous pouvez utiliser les m\u00eames m\u00e9thodes que lorsque vous avez d\u00e9pos\u00e9.<\/p>\n\n\n\n<h3 class=\"wp-block-heading\">M\u00e9thodes de D\u00e9p\u00f4t<\/h3>\n\n\n\n<p>Une fois que vous avez enregistr\u00e9 votre compte et que vous souhaitez effectuer un d\u00e9p\u00f4t, rendez-vous \u00e0 la caisse et choisissez une m\u00e9thode bancaire. Vous pouvez approvisionner votre compte avec Visa. Mastercard, ou avec des fournisseurs de porte-monnaie \u00e9lectronique tels que Skrill et Neteller. Vous pouvez \u00e9galement effectuer votre paiement via iDeal, Sofort, <a href=\"\/fr\/options-dachat\/paysafecard\/\">Casino PaySafeCard<\/a> et Mister Cash et Neteller. One Casino accepte \u00e9galement les paiements effectu\u00e9s par Pay Per Call.<\/p>\n\n\n\n<h3 class=\"wp-block-heading\">D\u00e9p\u00f4ts Minimum et Maximum<\/h3>\n\n\n\n<p>Un casino offre un <a href=\"\/fr\/5-de-depot-minimum\/\">D\u00e9p\u00f4t Minimum de 5 $<\/a> mais pour obtenir le Bonus de Bienvenue, les joueurs devront faire un d\u00e9p\u00f4t de 10 $.<\/p>\n\n\n\n<h3 class=\"wp-block-heading\">Modalit\u00e9s et Temps de Retrait<\/h3>\n\n\n\n<p>Il est \u00e9galement tr\u00e8s facile de retirer de l&#8217;argent au One Casino. Apr\u00e8s v\u00e9rification de votre compte, il ne faut que quelques minutes pour encaisser vos gains. Vos gains vous seront vers\u00e9s en utilisant la m\u00eame m\u00e9thode de paiement que celle que vous avez utilis\u00e9e pour d\u00e9poser. Vous devez effectuer un d\u00e9p\u00f4t unique de 10 $ ou plus avant de pouvoir demander un retrait.<\/p>\n\n\n\n<p>Le traitement des cartes de cr\u00e9dit et de d\u00e9bit prend entre 3 et 5 jours, les porte-monnaie \u00e9lectroniques sont instantan\u00e9s et tous les autres modes de paiement prennent entre 1 et 3 jours.<\/p>\n\n\n\n<h2 class=\"wp-block-heading\">Jeux<\/h2>\n\n\n\n<p>Avec plus de 1000 machines \u00e0 sous et autres jeux de casino disponibles, les joueurs vont se r\u00e9galer. Il y a environ 40 jeux uniques que vous ne trouverez pas dans d&#8217;autres casinos. Parmi les jeux exclusifs de One Casino, on trouve Blaster Master, Snow White, Diamonds et Weird Science.<\/p>\n\n\n\n<h3 class=\"wp-block-heading\">Machines \u00e0 sous<\/h3>\n\n\n\n<p>Tentez votre chance aujourd&#8217;hui et remportez de gros lots sur des <a href=\"\/fr\/jeux\/machines-a-sous\/\">machines \u00e0 sous<\/a>&nbsp;tr\u00e8s pris\u00e9es par des millions de personnes dans le monde entier. Nous vous recommandons Starburst de NetEnt, Tigers Glory de Quickspin, Pink Elephants de Thunderkick et Legacy of Egypt de Play &#8216;nGO.<\/p>\n\n\n\n<h3 class=\"wp-block-heading\">Jeux de Table<\/h3>\n\n\n\n<p>Un casino propose \u00e9galement plusieurs jeux de table bas\u00e9s sur les jeux classiques de la roulette, du blackjack et du poker. Parmi les jeux les plus vari\u00e9s, citons la roulette am\u00e9ricaine, l&#8217;Oasis Poker, le Baccarat, le Punto Banco, le Craps et le Pontoon.<\/p>\n\n\n\n<h3 class=\"wp-block-heading\">Jeux de Croupier en Direct<\/h3>\n\n\n\n<p>L&#8217;un d&#8217;entre eux propose un casino Live Dealer dynamique, aliment\u00e9 par Evolution Gaming et NetEnt. Les joueurs peuvent s&#8217;impliquer dans les jeux de table en direct au fur et \u00e0 mesure qu&#8217;ils se produisent. Il y a six lobbys, chacun avec sa s\u00e9lection de jeux Live Dealer. Jouez \u00e0 la roulette, <a href=\"https:\/\/www.minimumdepositcasinos.org\/fr\/jeux\/blackjack\/\">au blackjack<\/a>, au baccarat et \u00e0 d&#8217;autres jeux en direct.<\/p>\n\n\n\n<h2 class=\"wp-block-heading\">Mobile et Applications<\/h2>\n\n\n\n<p>Vous pouvez acc\u00e9der \u00e0 tous vos incroyables jeux de One Casino via n&#8217;importe quel appareil portable leader du march\u00e9. Il n&#8217;y a pas d&#8217;application d\u00e9di\u00e9e, mais elle n&#8217;est pas n\u00e9cessaire car le casino mobile est pris en charge par tous les smartphones ou tablettes Android, Windows ou iOS.<\/p>\n\n\n\n<h2 class=\"wp-block-heading\">S\u00e9curit\u00e9 et Licences<\/h2>\n\n\n\n<p>One Casino est titulaire d&#8217;une licence d\u00e9livr\u00e9e par l&#8217;Autorit\u00e9 maltaise des jeux, ce qui garantit que le casino maintient d&#8217;excellentes normes de qualit\u00e9 et de protection des clients. Les jeux de casino fonctionnent avec un g\u00e9n\u00e9rateur de nombres al\u00e9atoires, ce qui garantit que les machines \u00e0 sous et les autres jeux de casino offrent les m\u00eames chances pour tous. Toutes les machines \u00e0 sous sont test\u00e9es et certifi\u00e9es par QUINEL, un laboratoire d&#8217;essai ind\u00e9pendant sp\u00e9cialis\u00e9 dans les logiciels et les syst\u00e8mes de jeu. One Casino a mis en place un cryptage SSL sur toutes les donn\u00e9es sensibles pour une s\u00e9curit\u00e9 totale.<\/p>\n\n\n\n<h2 class=\"wp-block-heading\">Assistance \u00e0 la Client\u00e8le<\/h2>\n\n\n\n<p>Au One Casino, vous pouvez discuter avec l&#8217;\u00e9quipe d&#8217;assistance \u00e0 la client\u00e8le dans plusieurs langues, notamment en allemand, en finnois et en anglais, via une bo\u00eete de dialogue en direct 24 heures sur 24, 7 jours sur 7. Vous pouvez \u00e9galement envoyer un courriel \u00e0 info@onecasino.com ou contacter le casino au +356 27 782\u202f188.<\/p>\n\n\n\n<h2 class=\"wp-block-heading\">Notre Verdict<\/h2>\n\n\n\n<p>Le One Casino est sans aucun doute l&#8217;un des meilleurs nouveaux venus dans l&#8217;industrie du jeu. Le nombre de caract\u00e9ristiques et de titres uniques disponibles pour les nouveaux joueurs, ainsi que le Bonus Sans D\u00e9p\u00f4t, le Bonus de Bienvenue et la vari\u00e9t\u00e9 des promotions propos\u00e9es rendent ce site attrayant pour les joueurs de tous types.<\/p>\n\n\n\n<h2 class=\"wp-block-heading\">Questions Fr\u00e9quemment Pos\u00e9es<\/h2>\n\n\n\n<div itemscope=\"\" itemtype=\"https:\/\/schema.org\/FAQPage\">     \n  <div itemscope=\"\" itemprop=\"mainEntity\" itemtype=\"https:\/\/schema.org\/Question\">\n      <h4 itemprop=\"name\">?\u200d\u2640\ufe0f Un Casino Offre-t-il un Bonus sans D\u00e9p\u00f4t ?<\/h4>\n      <div itemscope=\"\" itemprop=\"acceptedAnswer\" itemtype=\"https:\/\/schema.org\/Answer\">\n        <div itemprop=\"text\">Oui, enregistrez un nouveau compte joueur et commencez \u00e0 jouer avec un bonus de 10 $ Sans D\u00e9p\u00f4t.<\/div>\n  <\/div>\n  <div itemscope=\"\" itemprop=\"mainEntity\" itemtype=\"https:\/\/schema.org\/Question\">\n    <h4 itemprop=\"name\">? Y a-t-il des Conditions de Mise pour le Bonus de Non-d\u00e9p\u00f4t?<\/h4>\n    <div itemscope=\"\" itemprop=\"acceptedAnswer\" itemtype=\"https:\/\/schema.org\/Answer\">\n      <div itemprop=\"text\">Votre bonus Sans D\u00e9p\u00f4t doit \u00eatre mis\u00e9 25 fois avant que vous puissiez le convertir en gains en argent r\u00e9el. Veillez toujours \u00e0 lire les Termes et Conditions avant d&#8217;accepter un bonus de casino en ligne. Vous devrez satisfaire \u00e0 des exigences importantes avant de pouvoir convertir vos bonus en argent r\u00e9el. Par exemple, les paiements par t\u00e9l\u00e9phone ne sont pas \u00e9ligibles pour les bonus sur d\u00e9p\u00f4t et vous pouvez parier 5 $ maximum avec tous vos bonus de One Casino.<\/div>\n    <\/div>\n  <\/div>\n  <div itemscope=\"\" itemprop=\"mainEntity\" itemtype=\"https:\/\/schema.org\/Question\">\n      <h4 itemprop=\"name\">\u2753 O\u00f9 puis-je suivre l&#8217;\u00e9volution de mes Exigences de Pari?<\/h4>\n      <div itemscope=\"\" itemprop=\"acceptedAnswer\" itemtype=\"https:\/\/schema.org\/Answer\">\n        <div itemprop=\"text\">Consultez votre aper\u00e7u financier pour voir un r\u00e9sum\u00e9 de vos primes actuelles. Le montant total que vous devez parier pour r\u00e9pondre aux mises est affich\u00e9, ainsi que le montant que vous avez d\u00e9j\u00e0 pari\u00e9.<\/div>\n    <\/div>\n  <\/div> \n  <\/div>\n  <\/div>\n      <div itemscope=\"\" itemprop=\"mainEntity\" itemtype=\"https:\/\/schema.org\/Question\">\n      <h3 itemprop=\"name\">? Quels sont les Avantages et les Inconv\u00e9nients d&#8217;un One Casino?<\/h3>\n      <div itemscope=\"\" itemprop=\"acceptedAnswer\" itemtype=\"https:\/\/schema.org\/Answer\">\n      <div itemprop=\"text\">\n        <div class=\"pcheading\">\n          Avantages et les Inconv\u00e9nients d&#8217;un One Casino\n        <\/div>\n        <div class=\"pros proscons\">\n      <h4>Avantages<\/h4>\n      <ul>\n        <li>Les casinos Sans D\u00eapot 10 Bonus offre aux joueurs un bon d\u00e9part sans risque.<\/li>\n        <li>Le bonus est enti\u00e8rement gratuit et est d\u00e9clench\u00e9 par l&#8217;ouverture d&#8217;un nouveau compte de joueur.<\/li>\n        <li>Votre bonus Sans D\u00e9p\u00f4t 10 sera attribu\u00e9 instantan\u00e9ment apr\u00e8s l&#8217;enregistrement d&#8217;un nouveau compte.<\/li>\n        <li>Un casino propose un vaste catalogue des meilleurs jeux de casino et quelques titres exclusifs.<\/li>\n        <li>Le service client\u00e8le est accessible 24\/ 7 jours via une bo\u00eete de clavardage en direct.<\/li>\n      <\/ul>\n        <\/div>\n        <div class=\"cons proscons\">\n      <h4>Inconv\u00e9nients<\/h4>\n      <ul>\n        <li>Comme pour la plupart des casinos en ligne, il y a des exigences en mati\u00e8re de paris qui doivent \u00eatre remplies<\/li>\n      <\/ul>\n          <\/div>\n          <div class=\"bottext\"> Consultez certains <strong>choix de casino les mieux not\u00e9s<\/strong> pour d\u00e9couvrir d&#8217;autres choix fantastiques.\n      <\/div>\n      <\/div>\n      <\/div>\n      <\/div>\n","protected":false},"excerpt":{"rendered":"<p>R\u00e9partition de la r\u00e9vision Si vous \u00eates \u00e0 la recherche d&#8217;un nouveau casino en ligne passionnant, alors One Casino est parfait. Avec des machines \u00e0 sous, des jeux de table, un casino \u00e0 croupier en direct et des jeux de bingo cr\u00e9\u00e9s par les principaux d\u00e9veloppeurs de jeux de casino tels que Evolution Gaming, NetEnt, [&hellip;]<\/p>\n","protected":false},"author":9,"featured_media":3925,"parent":16,"menu_order":0,"comment_status":"closed","ping_status":"closed","template":"","meta":{"_acf_changed":false,"footnotes":""},"class_list":["post-3924","page","type-page","status-publish","has-post-thumbnail","hentry"],"acf":[],"_links":{"self":[{"href":"https:\/\/www.minimumdepositcasinos.org\/fr\/wp-json\/wp\/v2\/pages\/3924","targetHints":{"allow":["GET"]}}],"collection":[{"href":"https:\/\/www.minimumdepositcasinos.org\/fr\/wp-json\/wp\/v2\/pages"}],"about":[{"href":"https:\/\/www.minimumdepositcasinos.org\/fr\/wp-json\/wp\/v2\/types\/page"}],"author":[{"embeddable":true,"href":"https:\/\/www.minimumdepositcasinos.org\/fr\/wp-json\/wp\/v2\/users\/9"}],"replies":[{"embeddable":true,"href":"https:\/\/www.minimumdepositcasinos.org\/fr\/wp-json\/wp\/v2\/comments?post=3924"}],"version-history":[{"count":12,"href":"https:\/\/www.minimumdepositcasinos.org\/fr\/wp-json\/wp\/v2\/pages\/3924\/revisions"}],"predecessor-version":[{"id":9729,"href":"https:\/\/www.minimumdepositcasinos.org\/fr\/wp-json\/wp\/v2\/pages\/3924\/revisions\/9729"}],"up":[{"embeddable":true,"href":"https:\/\/www.minimumdepositcasinos.org\/fr\/wp-json\/wp\/v2\/pages\/16"}],"wp:featuredmedia":[{"embeddable":true,"href":"https:\/\/www.minimumdepositcasinos.org\/fr\/wp-json\/wp\/v2\/media\/3925"}],"wp:attachment":[{"href":"https:\/\/www.minimumdepositcasinos.org\/fr\/wp-json\/wp\/v2\/media?parent=3924"}],"curies":[{"name":"wp","href":"https:\/\/api.w.org\/{rel}","templated":true}]}}