{"id":3988,"date":"2020-05-12T16:52:03","date_gmt":"2020-05-12T16:52:03","guid":{"rendered":"https:\/\/www.minimumdepositcasinos.org\/fr\/?page_id=3988"},"modified":"2021-01-29T12:36:14","modified_gmt":"2021-01-29T12:36:14","slug":"slot-hunter","status":"publish","type":"page","link":"https:\/\/www.minimumdepositcasinos.org\/fr\/revue-de-casino\/slot-hunter\/","title":{"rendered":"Slot Hunter"},"content":{"rendered":"<h2>R\u00e9partition de la r\u00e9vision<\/h2>\n<p>Bient\u00f4t ouvert, le Slot Hunter offre un tr\u00e8s g\u00e9n\u00e9reux bonus de bienvenue pour les nouveaux joueurs, qui peut \u00eatre r\u00e9clam\u00e9 via une grande vari\u00e9t\u00e9 de m\u00e9thodes bancaires de casino. Anim\u00e9 par plus de 20 d\u00e9veloppeurs de logiciels, dont des fournisseurs tels que NetEnt, Betsoft et Yggdrasil, le casino Slot Hunter offre une grande vari\u00e9t\u00e9 de machines \u00e0 sous classiques et modernes, de jeux de table, de vid\u00e9o poker, de jeux \u00e0 jackpot progressif et un casino \u00e0 croupier en direct.<\/p>\n<p>Lisez notre revue Slot Hunter et d\u00e9couvrez ce \u00e0 quoi vous pouvez vous attendre dans le tout nouveau Slot Hunter Casino qui sera bient\u00f4t lanc\u00e9.<\/p>\n<h2>Bonus et Promotions<\/h2>\n<p>Aussi attrayant qu&#8217;un site de casino en ligne puisse \u00eatre, il perdrait toute sa magie si les bonus et les promotions pour les nouveaux joueurs et les joueurs existants n&#8217;\u00e9taient pas assez g\u00e9n\u00e9reux pour les jeux de hasard \u00e9tendus. Slot Hunter n&#8217;est pas un de ces casinos et le prouve avec son offre lucrative de bonus de bienvenue et sa grande vari\u00e9t\u00e9 de promotions et de tournois amusants.<\/p>\n<h3>Bonus de Bienvenue<\/h3>\n<p>Pour les nouveaux joueurs, le Slot Hunter Casino offre un \u00e9norme bonus de 200 % sur d\u00e9p\u00f4t. Effectuez un d\u00e9p\u00f4t minimum de 20 $ jusqu&#8217;\u00e0 un maximum de 100 $ et le casino triplera votre argent de jeu pour vous permettre de d\u00e9marrer, et d\u00e9posera 50 tours gratuits sur votre compte. Les tours gratuits peuvent \u00eatre jou\u00e9s sur des machines \u00e0 sous de qualit\u00e9 sup\u00e9rieure choisies par le casino et \u00eatre utilis\u00e9s pour prolonger le temps de jeu et accumuler des gains suppl\u00e9mentaires.<\/p>\n<p>Pour approvisionner votre nouveau compte de casino Slot Hunter, les joueurs peuvent r\u00e9clamer le bonus via diverses m\u00e9thodes bancaires de casino, dont Bitcoin. Il existe \u00e9galement des devises multiples, notamment l&#8217;EUR, l&#8217;USD, la NOK, le <a href=\"\/ca\/cad-casinos\/\">Casino CAD<\/a> et le RUB.<\/p>\n<h3>Other Promotions<\/h3>\n<p>Le Slot Hunter Casino proposera un m\u00e9lange \u00e9clectique de promotions color\u00e9es et passionnantes et d&#8217;autres fa\u00e7ons int\u00e9ressantes de participer \u00e0 tous les plaisirs. Cela inclut des bonus, des tours gratuits et des bonus de recharge pour ajouter un petit quelque chose de plus \u00e0 la caisse du joueur.<\/p>\n<p>Pour ajouter du piquant, les tournois offrent aux joueurs la possibilit\u00e9 de s&#8217;affronter en jouant \u00e0 une ou plusieurs machines \u00e0 sous et m\u00eame \u00e0 certains jeux de table comme la roulette et le blackjack. Au fur et \u00e0 mesure que la comp\u00e9tition progresse, un tableau de classement r\u00e9v\u00e9lera qui est le mieux class\u00e9 et, \u00e0 la fin du tournoi, celui qui se trouve dans les premi\u00e8res places gagnera des bonus en esp\u00e8ces, des tours gratuits et d&#8217;autres r\u00e9compenses attrayantes.<\/p>\n<div class=\"cta_post_container\">\r\n<div class=\"cta_post_top\"><div class=\"cta_post_title\">Bonus de bienvenue<\/div><\/div>\r\n<div class=\"cta_post_mid\">\r\n<div class=\"cta_post_mid_left\"><a href=\"\/fr\/go\/slot-hunter@post-cta\/\" target=\"_blank\"><img decoding=\"async\" src=\"\/fr\/wp-content\/uploads\/2020\/05\/Slot-Hunter-400x400-1.jpg\" alt=\"Slot Hunter\" \/><\/a><\/div>\r\n<div class=\"cta_post_mid_right\">\r\n<div class=\"cta_post_row cta_post_row1\">D\u00e9poser$20<\/div>\r\n<div class=\"cta_post_row cta_post_row2\">et jouer avec<\/div>\r\n<div class=\"cta_post_row cta_post_row3\"> <span class=\"cta_post_not_get\">\u00a0$20\u00a0<\/span><\/div>\r\n<\/div>\r\n<div class=\"clear\"><\/div>\r\n<\/div>\r\n<div class=\"cta_post_bottom\">\r\n\t<a class=\"cta_post_button\" href=\"\/fr\/go\/slot-hunter@post-cta\/\" target=\"_blank\">R\u00e9clamer un bonus<\/a>\r\n<\/div>\r\n<\/div>\n<h3>Exigences de mise en jeu (Exigences de pari)<\/h3>\n<p>Votre bonus de bienvenue et vos tours gratuits doivent \u00eatre mis\u00e9s x50. Cela signifie que vous devrez rejouer votre bonus et les gains de vos tours gratuits 50 fois avant que votre bonus en esp\u00e8ces puisse \u00eatre converti en gains r\u00e9els en esp\u00e8ces.<\/p>\n<p>Pour remplir les conditions de mise, jouez 100 % de toutes les machines \u00e0 sous avec quelques exceptions, mais celles-ci sont \u00e9num\u00e9r\u00e9es dans les conditions g\u00e9n\u00e9rales. Les jeux de table tels que le baccarat, le blackjack et le Hi-Lo contribuent \u00e0 hauteur de 5 %, le vid\u00e9o poker contribue \u00e0 hauteur de 5 %, la roulette contribue \u00e0 hauteur de 5 % et les jeux de croupier en direct ne peuvent pas \u00eatre jou\u00e9s pour remplir les Conditions de mise.<\/p>\n<p>Veuillez noter que la mise maximale pendant que le bonus est en jeu est de 5 $ et que tous les bonus sont non collants (non- sticky), ce qui signifie que les joueurs ne peuvent pas demander un retrait tant que les conditions de mise n&#8217;ont pas \u00e9t\u00e9 enti\u00e8rement remplies.<\/p>\n<h3>VIP &amp; Loyaut\u00e9 *<\/h3>\n<p>Le Slot Hunter Casino offre une fa\u00e7on agr\u00e9able d&#8217;accumuler des points de fid\u00e9lit\u00e9. Continuez \u00e0 jouer \u00e0 vos machines \u00e0 sous pr\u00e9f\u00e9r\u00e9es et \u00e0 d&#8217;autres jeux de casino tout en vous lan\u00e7ant dans une chasse au tr\u00e9sor. Passez d&#8217;un niveau \u00e0 l&#8217;autre, accumulez de nouveaux tr\u00e9sors au fur et \u00e0 mesure que vous avancez et collectez davantage de bonus et de tours gratuits.<\/p>\n<h2>Comment S&#8217;inscrire et Commencer \u00e0 Jouer<\/h2>\n<p>Rendez-vous au Slot Hunter Casino et une fois sur place, cliquez sur le bouton d&#8217;inscription pour lancer le processus d&#8217;inscription d&#8217;un nouveau joueur. Entrez votre adresse \u00e9lectronique et choisissez un mot de passe, puis passez \u00e0 la partie suivante du formulaire en ligne en suivant les instructions. Une fois votre inscription termin\u00e9e, effectuez votre d\u00e9p\u00f4t minimum \u00e0 la caisse en s\u00e9lectionnant votre option bancaire pr\u00e9f\u00e9r\u00e9e dans la liste d\u00e9roulante. Une fois votre d\u00e9p\u00f4t effectu\u00e9, vous pouvez choisir de jouer avec le double de votre d\u00e9p\u00f4t en s\u00e9lectionnant le Bonus de bienvenue du casino. Vous disposerez \u00e9galement de 50 tours gratuits que vous pourrez utiliser pour augmenter votre capital.<\/p>\n<h2>Paiements<\/h2>\n<p>Le Slot Hunter Casino propose une tr\u00e8s large liste de m\u00e9thodes bancaires de casino que vous pouvez utiliser pour d\u00e9poser et retirer vos gains. Si les d\u00e9p\u00f4ts sont g\u00e9n\u00e9ralement trait\u00e9s instantan\u00e9ment, certains retraits prennent un peu plus de temps.<\/p>\n<h3>M\u00e9thodes de d\u00e9p\u00f4t<\/h3>\n<p>Lorsque vous \u00eates pr\u00eat \u00e0 approvisionner votre compte de casino, vous pouvez choisir parmi les m\u00e9thodes de d\u00e9p\u00f4t suivantes:<\/p>\n<ul>\n<li>Utilisez vos cartes de cr\u00e9dit et de d\u00e9bit Visa, Visa Electron, Mastercard et Maestro.<\/li>\n<li>Une grande vari\u00e9t\u00e9 de fournisseurs de services de porte-monnaie \u00e9lectronique, dont Casinos Skrill, Neteller, Ecopayz, Webmoney, Qiwi, Yandex et Neosurf.<\/li>\n<li>Carte pr\u00e9pay\u00e9e <a href=\"\/fr\/options-dachat\/paysafecard\/\">Casinos PaySafeCard<\/a>.<\/li>\n<li>Une large s\u00e9lection de monnaies cryptographiques, dont le bitcoin et l&#8217;\u00e9th\u00e9rium.<\/li>\n<\/ul>\n<h3>D\u00e9p\u00f4ts Minimum et Maximum<\/h3>\n<p>Au Slot Hunter Casino, le <a href=\"\/fr\/20-de-depot-minimum\/\">d\u00e9p\u00f4t minimum est de 20 $<\/a> pour d\u00e9clencher le bonus de bienvenue et le maximum est de 100 $.<\/p>\n<h3>Modalit\u00e9s et Temps de Retrait<\/h3>\n<p>Pour des retraits rapides et faciles, les joueurs peuvent utiliser les m\u00eames m\u00e9thodes que pour les d\u00e9p\u00f4ts, \u00e0 l&#8217;exception de Maestro, Ecopayz, Zimpler et PaySafeCard. Slot Hunter Casino ne pr\u00e9l\u00e8ve aucun frais et traite toutes <a href=\"\/fr\/casinos-de-retrait-minimum\/\">les demandes de retrait<\/a> instantan\u00e9ment. Toutefois, il existe quelques exceptions, dont les suivantes<\/p>\n<ul>\n<li>Pour les cartes de cr\u00e9dit et de d\u00e9bit, les retraits prennent entre 1 et 3 jours ouvrables<\/li>\n<li>Les virements bancaires prennent un peu plus de temps, entre 3 et 5 jours ouvrables<\/li>\n<\/ul>\n<h2>Jeux<\/h2>\n<p>Au Slot Hunter Casino, les joueurs peuvent profiter de milliers de jeux de casino de tous types, d\u00e9velopp\u00e9s par des d\u00e9veloppeurs de logiciels tels que Betsoft, Big Time Gaming, Microgaming et Yggdrasil. Les joueurs trouveront des machines \u00e0 sous classiques et modernes de tous types et de toutes tailles de rouleaux, ainsi qu&#8217;une large s\u00e9lection de tables de jeu favorites, dont la roulette, le poker et le blackjack. Un casino Live Dealer vient compl\u00e9ter la biblioth\u00e8que de jeux de casino, vaste et vari\u00e9e.<\/p>\n<h3>Machines \u00e0 sous<\/h3>\n<p>Bien que le Slot Hunter Casino ne soit pas encore disponible en ligne, nous pouvons vous dire que plus de 2000 jeux de casino seront propos\u00e9s. Attendez-vous \u00e0 trouver des machines \u00e0 sous comme le tr\u00e8s populaire Gonzos Quest, Book of Dead, Starburst et bien d&#8217;autres de ce calibre, tandis que les fans du Jackpot progressif pourront tenter leur chance pour gagner plusieurs millions d&#8217;euros avec des jeux comme MegaMoolah.<\/p>\n<h3>Jeux de table<\/h3>\n<p>Slot Hunter Casino propose une belle gamme de jeux de table et de cartes favoris, dont une vari\u00e9t\u00e9 de Blackjack, Roulette, Poker et Keno, et de nombreuses variantes int\u00e9ressantes. Les joueurs peuvent appr\u00e9cier des jeux tels que le Blackjack Surrender, Pontoon et Top Card Trumps.<\/p>\n<h3>Jeux de Croupier en Direct<\/h3>\n<p>Au Slot Hunter Casino, les joueurs peuvent profiter de leurs jeux de table pr\u00e9f\u00e9r\u00e9s dans un environnement de casino en direct. Le casino Live Dealer est aliment\u00e9 par Evolution Gaming et offre de nombreux avantages, notamment des jeux de casino en direct avec des croupiers en direct. Profitez de tous vos jeux de casino pr\u00e9f\u00e9r\u00e9s avec des croupiers en direct et jouez \u00e0 des jeux en direct tels que la Roulette turque, le Teen Patti, l&#8217;Auto Roulette et le Super Sic Bo.<\/p>\n<h2>Mobile et Applications<\/h2>\n<p>Il n&#8217;y a pas d&#8217;applications d\u00e9di\u00e9es disponibles, mais les joueurs itin\u00e9rants qui aiment jouer \u00e0 leurs machines \u00e0 sous et \u00e0 leurs jeux de casino pr\u00e9f\u00e9r\u00e9s n&#8217;auront aucun probl\u00e8me pour jouer depuis leur tablette ou le navigateur de leur t\u00e9l\u00e9phone portable. Il existe environ 1000 jeux disponibles accessibles depuis n&#8217;importe quel navigateur et offrant une qualit\u00e9 de jeu irr\u00e9prochable et une action rapide.<\/p>\n<h2>S\u00e9curit\u00e9 et Licences<\/h2>\n<p>Le Slot Hunter Casino est agr\u00e9\u00e9 par l&#8217;Autorit\u00e9 maltaise des jeux de hasard et est certifi\u00e9 eCogra. Ces accr\u00e9ditations contribuent largement \u00e0 la protection des joueurs et garantissent que les jeux du Slot Hunter Casino r\u00e9pondent aux normes les plus \u00e9lev\u00e9es possibles. Le casino est exploit\u00e9 par Direx N.V., une soci\u00e9t\u00e9 r\u00e9put\u00e9e qui propose d&#8217;autres marques de casino \u00e0 succ\u00e8s.<\/p>\n<h2>Assistance \u00e0 la Client\u00e8le<\/h2>\n<p>Les joueurs qui ont des questions urgentes peuvent contacter l&#8217;\u00e9quipe du service client\u00e8le 24 heures sur 24, 7 jours sur 7, via un chat en direct. Si vous souhaitez envoyer un courriel avec votre question, n&#8217;h\u00e9sitez pas \u00e0 le faire via le formulaire de contact en ligne du casino.<\/p>\n<h2>Notre verdict<\/h2>\n<p>Il ne fait aucun doute que nous sommes tr\u00e8s excit\u00e9s par le lancement prochain du Slot Hunter Casino. Des milliers de jeux de casino sont disponibles et les joueurs peuvent approvisionner leur compte de casino de nombreuses mani\u00e8res pratiques, y compris en monnaie de cryptographie. Le bonus de bienvenue du nouveau joueur offre de nombreuses raisons de s&#8217;enthousiasmer et les promotions et les tournois offerts par le casino garantissent que le plaisir s&#8217;accompagne de l&#8217;excitation \u00e0 chaque \u00e9tape du jeu.<\/p>\n<h2>FAQ sur le casino Slot Hunter<\/h2>\n\n\n<div itemscope=\"\" itemtype=\"https:\/\/schema.org\/FAQPage\">\n  <div itemscope=\"\" itemprop=\"mainEntity\" itemtype=\"https:\/\/schema.org\/Question\">\n    <h4 itemprop=\"name\">?\u200d\u2640\ufe0f Comment puis-je ouvrir un compte?<\/h4>\n    <div itemscope=\"\" itemprop=\"acceptedAnswer\" itemtype=\"https:\/\/schema.org\/Answer\">\n      <div itemprop=\"text\">Cliquez sur le bouton d&#8217;inscription que vous trouverez en haut de la page d&#8217;accueil du casino, remplissez le formulaire d&#8217;inscription et cliquez sur Inscription. Peu apr\u00e8s, une lettre de bienvenue avec un lien de v\u00e9rification pour activer votre compte vous sera envoy\u00e9e \u00e0 votre adresse \u00e9lectronique.<\/div>\n  <\/div>\n<\/div>\n<div itemscope=\"\" itemprop=\"mainEntity\" itemtype=\"https:\/\/schema.org\/Question\">\n    <h4 itemprop=\"name\">? Quel est le bonus pour les nouveaux joueurs?<\/h4>\n    <div itemscope=\"\" itemprop=\"acceptedAnswer\" itemtype=\"https:\/\/schema.org\/Answer\">\n      <div itemprop=\"text\">Le bonus de bienvenue au Slot Hunter Casino est un bonus jumel\u00e9 de 200% sur votre d\u00e9p\u00f4t et 50 tours gratuits.<\/div>\n\t<\/div>\n<\/div>\n<div itemscope=\"\" itemprop=\"mainEntity\" itemtype=\"https:\/\/schema.org\/Question\">\n    <h4 itemprop=\"name\">\u2753 Comment puis-je effectuer un d\u00e9p\u00f4t au Slot Hunter Casino?<\/h4>\n    <div itemscope=\"\" itemprop=\"acceptedAnswer\" itemtype=\"https:\/\/schema.org\/Answer\">\n      <div itemprop=\"text\">Il existe diff\u00e9rentes options pour effectuer un d\u00e9p\u00f4t et les joueurs peuvent utiliser leurs cartes de d\u00e9bit ou de cr\u00e9dit, les fournisseurs de services de porte-monnaie \u00e9lectronique, une carte de recharge, un virement bancaire ou une vari\u00e9t\u00e9 de cryptocurrences. Pour voir la liste compl\u00e8te des options disponibles, consultez la page des modes de paiement ou contactez le service client\u00e8le qui vous aidera \u00e0 effectuer votre d\u00e9p\u00f4t.<\/div>\n\t<\/div> \n<\/div>\n<div itemscope=\"\" itemprop=\"mainEntity\" itemtype=\"https:\/\/schema.org\/Question\">\n    <h4 itemprop=\"name\">? Quel est le d\u00e9p\u00f4t minimum au Slot Hunter Casino?<\/h4>\n    <div itemscope=\"\" itemprop=\"acceptedAnswer\" itemtype=\"https:\/\/schema.org\/Answer\">\n      <div itemprop=\"text\">Le d\u00e9p\u00f4t minimum au Slot Hunter Casino est de 20 $ pour d\u00e9clencher le Bonus de Bienvenue. Pour les joueurs qui choisissent de ne pas accepter le g\u00e9n\u00e9reux bonus de bienvenue, le d\u00e9p\u00f4t minimum est influenc\u00e9 par la m\u00e9thode bancaire que vous choisissez pour alimenter votre compte. Par exemple, pour <a href=\"\/fr\/options-dachat\/methodes-de-paiement-bitcoin\/\">bitcoin<\/a>, le d\u00e9p\u00f4t minimum est de 0,0003 BTC.<\/div>\n\t<\/div>\n<\/div>\n<div itemscope=\"\" itemprop=\"mainEntity\" itemtype=\"https:\/\/schema.org\/Question\">\n    <h4 itemprop=\"name\">? Comment ma vie priv\u00e9e est-elle prot\u00e9g\u00e9e?<\/h4>\n    <div itemscope=\"\" itemprop=\"acceptedAnswer\" itemtype=\"https:\/\/schema.org\/Answer\">\n      <div itemprop=\"text\">Le Slot Hunter Casino utilise la technologie SSL et les derni\u00e8res techniques anti-fraude pour garantir la s\u00e9curit\u00e9 financi\u00e8re totale des joueurs. Une licence d\u00e9livr\u00e9e par l&#8217;autorit\u00e9 maltaise des jeux offre une protection suppl\u00e9mentaire.<\/div>\n\t<\/div>\n<\/div>\n<\/div>\n","protected":false},"excerpt":{"rendered":"<p>R\u00e9partition de la r\u00e9vision Bient\u00f4t ouvert, le Slot Hunter offre un tr\u00e8s g\u00e9n\u00e9reux bonus de bienvenue pour les nouveaux joueurs, qui peut \u00eatre r\u00e9clam\u00e9 via une grande vari\u00e9t\u00e9 de m\u00e9thodes bancaires de casino. Anim\u00e9 par plus de 20 d\u00e9veloppeurs de logiciels, dont des fournisseurs tels que NetEnt, Betsoft et Yggdrasil, le casino Slot Hunter offre [&hellip;]<\/p>\n","protected":false},"author":11,"featured_media":3989,"parent":16,"menu_order":0,"comment_status":"closed","ping_status":"closed","template":"page_review.php","meta":{"_acf_changed":false,"footnotes":""},"class_list":["post-3988","page","type-page","status-publish","has-post-thumbnail","hentry"],"acf":[],"_links":{"self":[{"href":"https:\/\/www.minimumdepositcasinos.org\/fr\/wp-json\/wp\/v2\/pages\/3988","targetHints":{"allow":["GET"]}}],"collection":[{"href":"https:\/\/www.minimumdepositcasinos.org\/fr\/wp-json\/wp\/v2\/pages"}],"about":[{"href":"https:\/\/www.minimumdepositcasinos.org\/fr\/wp-json\/wp\/v2\/types\/page"}],"author":[{"embeddable":true,"href":"https:\/\/www.minimumdepositcasinos.org\/fr\/wp-json\/wp\/v2\/users\/11"}],"replies":[{"embeddable":true,"href":"https:\/\/www.minimumdepositcasinos.org\/fr\/wp-json\/wp\/v2\/comments?post=3988"}],"version-history":[{"count":7,"href":"https:\/\/www.minimumdepositcasinos.org\/fr\/wp-json\/wp\/v2\/pages\/3988\/revisions"}],"predecessor-version":[{"id":4934,"href":"https:\/\/www.minimumdepositcasinos.org\/fr\/wp-json\/wp\/v2\/pages\/3988\/revisions\/4934"}],"up":[{"embeddable":true,"href":"https:\/\/www.minimumdepositcasinos.org\/fr\/wp-json\/wp\/v2\/pages\/16"}],"wp:featuredmedia":[{"embeddable":true,"href":"https:\/\/www.minimumdepositcasinos.org\/fr\/wp-json\/wp\/v2\/media\/3989"}],"wp:attachment":[{"href":"https:\/\/www.minimumdepositcasinos.org\/fr\/wp-json\/wp\/v2\/media?parent=3988"}],"curies":[{"name":"wp","href":"https:\/\/api.w.org\/{rel}","templated":true}]}}