{"id":4256,"date":"2020-08-18T22:45:24","date_gmt":"2020-08-18T22:45:24","guid":{"rendered":"https:\/\/www.minimumdepositcasinos.org\/fr\/?page_id=4256"},"modified":"2020-08-25T18:54:58","modified_gmt":"2020-08-25T18:54:58","slug":"megapari","status":"publish","type":"page","link":"https:\/\/www.minimumdepositcasinos.org\/fr\/revue-de-casino\/megapari\/","title":{"rendered":"MegaPari"},"content":{"rendered":"<p>Lanc\u00e9 en 2019, MEGA PARI Casino est un autre site de jeu de qualit\u00e9 avec un <a href=\"\/fr\/1-de-depot-minimum\/\">d\u00e9p\u00f4t minimum de 1 $<\/a>, disponible pour les joueurs du monde entier. D\u00e9tenu et g\u00e9r\u00e9 par Marikit Holdings Ltd, MEGA PARI Casino est agr\u00e9\u00e9 par le gouvernement de Cura\u00e7ao. Avec un site web moderne et enti\u00e8rement optimis\u00e9, les joueurs peuvent profiter d&#8217;une s\u00e9lection vari\u00e9e de jeux de casino de classe mondiale con\u00e7us par un peu plus de 100 des meilleurs d\u00e9veloppeurs de logiciels du secteur.<\/p>\n<p>MEGA PARI Casino a sa propre fa\u00e7on de r\u00e9compenser les joueurs et, bien que son approche des bonus et des r\u00e9compenses soit diff\u00e9rente de celle de la plupart des op\u00e9rateurs, les joueurs appr\u00e9cient beaucoup le changement d&#8217;approche par rapport \u00e0 l&#8217;approche plus traditionnelle.<\/p>\n<p>MEGA PARI Casino offre aux nouveaux joueurs et aux joueurs existants un large \u00e9ventail de machines \u00e0 sous vid\u00e9o et de jeux de table \u00e9tonnants, ainsi que certaines des meilleures cotes pour les eSports et les paris sportifs. Le casino est compos\u00e9 d&#8217;une grande vari\u00e9t\u00e9 de jeux populaires propos\u00e9s par des soci\u00e9t\u00e9s telles que Microgaming, Play&#8217;n GO et Red Tiger Gaming. Lorsque vous rejoignez le MEGA PARI Casino, vous pouvez recevoir un lucratif Bonus de Bienvenue et pour les joueurs existants, il existe de nombreuses offres de bonus et promotions.<\/p>\n<h2>Bonus et Promotions<\/h2>\n<p>Lorsqu&#8217;il s&#8217;agit de d\u00e9terminer quel casino en ligne est une bonne option pour s&#8217;inscrire, certains facteurs contribuent \u00e0 la qualit\u00e9 d&#8217;un casino de haut niveau. Des bonus et des promotions g\u00e9n\u00e9reux attirent la plupart des amateurs de jeux en ligne et le casino MEGA PARI ne manque pas de fournir exactement ce que les joueurs veulent. Avec un bonus de bienvenue de premier ordre et des <a href=\"\/fr\/tours-gratuits\/\">tours gratuits<\/a>, le MEGA PARI Casino est l&#8217;endroit \u00e0 essayer.<\/p>\n<h3>Bonus de Bienvenue<\/h3>\n<p>L&#8217;offre de Bonus de Bienvenue se compose d&#8217;un bonus de 100% sur votre d\u00e9p\u00f4t jusqu&#8217;\u00e0 1500 $ sur vos quatre premiers d\u00e9p\u00f4ts et de 150 tours gratuits qui peuvent \u00eatre jou\u00e9s sur quatre jeux de machines \u00e0 sous vid\u00e9o: Solar Queen, Imperial Fruits: 40 lignes, Book of Gold: Classic et Legend of Cleopatra. La premi\u00e8re fois que vous d\u00e9posez au moins 10 $ jusqu&#8217;\u00e0 300 $, vous pouvez commencer \u00e0 jouer avec le double de votre argent et 30 tours gratuits sur Book of Gold: Classique.<\/p>\n<p>Pour le deuxi\u00e8me d\u00e9p\u00f4t, d\u00e9posez de $15 \u00e0 $350 et obtenez une correspondance de 50% sur votre d\u00e9p\u00f4t et 35 tours gratuits sur le jeu de machine \u00e0 sous vid\u00e9o, Legend of Cleopatra. Pour votre troisi\u00e8me d\u00e9p\u00f4t, un d\u00e9p\u00f4t minimum de 15 $ jusqu&#8217;\u00e0 un maximum de 400 $ vous permettra de recevoir un bonus de 25% sur votre d\u00e9p\u00f4t et 40 tours gratuits sur Solar Queen. Pour votre quatri\u00e8me et dernier d\u00e9p\u00f4t, approvisionnez votre compte avec 15 $ jusqu&#8217;\u00e0 450 $ et le casino vous r\u00e9compensera avec un bonus de 25% et 45 tours gratuits sur Imperial Fruits: 40 lignes. Avant d&#8217;effectuer votre d\u00e9p\u00f4t, n&#8217;oubliez pas d&#8217;accepter de recevoir le paquet de bonus de bienvenue soit sur la page des param\u00e8tres du compte dans la section Mon compte, soit sur la page de d\u00e9p\u00f4t.<\/p>\n<h3>Conditions de mise (Exigences de pari)<\/h3>\n<p>Vous pouvez convertir votre bonus en argent r\u00e9el une fois que vous avez rempli les conditions de mise. Elles sont fix\u00e9es \u00e0 35 fois et vous disposez de 7 jours \u00e0 compter de la date d&#8217;acceptation pour jouer votre bonus.<\/p>\n<h3>VIP &amp; Loyaut\u00e9 *<\/h3>\n<p>Au cours de l&#8217;ann\u00e9e derni\u00e8re, le casino MEGA PARI a r\u00e9guli\u00e8rement propos\u00e9 aux nouveaux joueurs et aux joueurs existants un programme de fid\u00e9lit\u00e9 VIP de haut niveau compos\u00e9 de 8 niveaux. Plus votre niveau est \u00e9lev\u00e9, plus votre cashback est important et pour les joueurs qui atteignent le plus haut niveau, ils re\u00e7oivent des offres exclusives, une assistance VIP et un cashback calcul\u00e9 sur toutes les mises, qu&#8217;il s&#8217;agisse de gains ou de pertes.<\/p>\n<h2>Comment S&#8217;inscrire et Commencer \u00e0 Jouer<\/h2>\n<p>Pour jouer au MEGA PARI Casino et obtenir votre Bonus de Bienvenue et des tours gratuits, rendez-vous au casino en suivant nos liens, cr\u00e9ez un nouveau compte et saisissez toutes les informations n\u00e9cessaires dans votre profil. Assurez-vous d&#8217;activer votre num\u00e9ro de t\u00e9l\u00e9phone car les tours gratuits ne peuvent \u00eatre r\u00e9compens\u00e9s que pour les joueurs dont le profil de compte est enti\u00e8rement compl\u00e9t\u00e9. Une fois votre inscription activ\u00e9e, vous pouvez vous connecter et utiliser votre bonus et vos tours gratuits.<\/p>\n<h2>Paiements<\/h2>\n<p>Les joueurs peuvent approvisionner leurs comptes de casino en choisissant parmi une grande vari\u00e9t\u00e9 de m\u00e9thodes bancaires de casino, y compris la Cryptocurrency.<\/p>\n<h3>M\u00e9thodes de d\u00e9p\u00f4t<\/h3>\n<p>Pour effectuer votre premier d\u00e9p\u00f4t, vous pouvez utiliser l&#8217;une des options bancaires suivantes:<\/p>\n<ul>\n<li>Cartes de d\u00e9bit et de cr\u00e9dit, Visa et Mastercard<\/li>\n<li>Les fournisseurs de porte-monnaie \u00e9lectronique comprennent Jeton Wallet, Pay4Fun, B-Pay, Perfect Money et Yandex Money<\/li>\n<li>Cartes de recharge <a href=\"\/fr\/options-dachat\/paysafecard\/\">PaySafeCard<\/a> et AstroPay<\/li>\n<li>Banque par internet<\/li>\n<li>Syst\u00e8mes de paiement EcoPayz et Payeer<\/li>\n<li>Paiements mobiles Siru Mobile<\/li>\n<li>eVoucher Flexepin<\/li>\n<li>Une vaste s\u00e9lection de devises cryptographiques, dont le <a href=\"\/fr\/options-dachat\/methodes-de-paiement-bitcoin\/\">Bitcoin<\/a><\/li>\n<\/ul>\n<h3>D\u00e9p\u00f4ts Minimum et Maximum<\/h3>\n<p><a href=\"\/fr\/10-de-depot-minimum\/\">Le d\u00e9p\u00f4t minimum est de 10 $<\/a> et le maximum de 300 $. Si vous souhaitez jouer dans un autre casino avec un d\u00e9p\u00f4t minimum de 10 $, consultez nos pages pour des offres de bonus plus lucratives.<\/p>\n<h3>Modalit\u00e9s et temps de Retrait<\/h3>\n<p>Tous les retraits sont trait\u00e9s de la m\u00eame mani\u00e8re que votre d\u00e9p\u00f4t a \u00e9t\u00e9 effectu\u00e9. Pour les cartes Visa et Maestro, les retraits prennent entre 2 et 6 jours ouvrables, les porte-monnaie \u00e9lectroniques jusqu&#8217;\u00e0 15 minutes et tous les retraits effectu\u00e9s avec de la cryptoconnaie sont trait\u00e9s instantan\u00e9ment.<\/p>\n<h2>Jeux<\/h2>\n<p>Lorsque vous vous inscrivez en tant que nouveau joueur au MEGA PARI Casino, vous pourrez jouer \u00e0 un peu plus de 6000 jeux de casino \u00e0 travers 100 fournisseurs de logiciels. Tous les jeux fonctionnent avec un g\u00e9n\u00e9rateur de nombres al\u00e9atoires, ce qui garantit des r\u00e9sultats totalement \u00e9quitables et al\u00e9atoires.<\/p>\n<h3>Machines \u00e0 Sous<\/h3>\n<p>Jouez des milliers de cr\u00e9neaux classiques et de cr\u00e9neaux vid\u00e9o modernes couvrant tous les th\u00e8mes imaginables. MEGA PARI Casino propose aux joueurs les jeux les plus populaires. Jouez au l\u00e9gendaire Gonzos Quest Megaways de NetEnt ou faites tourner les bobines de jeux comme Captain&#8217;s Bounty de PG Soft Gaming, Egyptian Sun de RubyPlay ou Super Fast Hot Hot de iSoftbet.<\/p>\n<h3>Jeux de Table<\/h3>\n<p>Les amateurs de jeux de table peuvent \u00e9galement profiter de vari\u00e9t\u00e9s uniques et innovantes en ligne, y compris des jeux de table classiques comme la roulette et le blackjack, ainsi que de nombreuses variantes. Parmi les titres les plus populaires figurent le Blackjack europ\u00e9en et le Blackjack de Vegas Downtown.<\/p>\n<h3>Jeux de Croupiers en Direct<\/h3>\n<p>Le casino en direct de MEGA PARI est propuls\u00e9 par les meilleurs logiciels des soci\u00e9t\u00e9s PG Games, Evolution Gaming, Pragmatic Play et bien d&#8217;autres. Au casino Live Dealer, vous pouvez profiter des titres les plus populaires, y compris les favoris comme la Roulette Lightning et le Dream Catcher.<\/p>\n<h2>Mobile et Applications<\/h2>\n<p>En d\u00e9placement, les joueurs peuvent jouer aux <a href=\"\/fr\/jeux\/machines-a-sous\/\">machines \u00e0 sous<\/a> et aux jeux de table et de cartes \u00e0 tout moment et de n&#8217;importe o\u00f9 via le casino mobile MEGA PARI. La version mobile des casinos permet aux joueurs de se reconnecter \u00e0 leur compte depuis n&#8217;importe quel appareil mobile et bien que le site ne supporte aucune application mobile, le casino mobile est enti\u00e8rement optimis\u00e9 et compatible avec tous les appareils mobiles.<\/p>\n<h2>S\u00e9curit\u00e9 et Licences<\/h2>\n<p>Propri\u00e9t\u00e9 de Digimedia, le casino MEGA PARI d\u00e9tient une licence du gouvernement de Cura\u00e7ao. Les sites des casinos de bureau et mobiles sont prot\u00e9g\u00e9s par un cryptage de 256 bits et un g\u00e9n\u00e9rateur de nombres al\u00e9atoires simule les r\u00e9sultats de tous les jeux disponibles.<\/p>\n<h2>Assistance \u00e0 la Client\u00e8le<\/h2>\n<p>MEGA PARI Casino met \u00e0 votre disposition une \u00e9quipe d&#8217;assistance \u00e0 la client\u00e8le disponible 24\/7. Toutes les demandes et pr\u00e9occupations peuvent \u00eatre trait\u00e9es via la bo\u00eete de dialogue accessible en appuyant sur le bouton vert flottant. Les joueurs peuvent \u00e9galement lire la page \u00c0 propos de nous pour obtenir des directives sur les paiements disponibles, les devises, les temps de transaction et les limites mon\u00e9taires.<\/p>\n<h2>Les paris sportifs<\/h2>\n<p>MEGA PARI Sportsbook comprend plus de 1 000 sports par jour, y compris des sports individuels tels que le cyclisme, le golf, l&#8217;athl\u00e9tisme et le ski. Le Sportsbook propose \u00e9galement des paris et des face-\u00e0-face avec deux athl\u00e8tes s\u00e9lectionn\u00e9s \u00e0 tout moment. Les parieurs peuvent \u00e9galement placer une vari\u00e9t\u00e9 de paris tels que des paris simples, des accumulateurs, des syst\u00e8mes de paris et des paris TOTO-15.<\/p>\n<h2>Notre verdict<\/h2>\n<p>Depuis son ouverture l&#8217;ann\u00e9e derni\u00e8re, le MEGA PARI Casino a s\u00e9duit de nombreux joueurs. Avec son lucratif bonus de bienvenue et ses tours gratuits, ses d\u00e9p\u00f4ts et retraits faciles facilit\u00e9s par une grande vari\u00e9t\u00e9 de m\u00e9thodes de paiement et des milliers de jeux de premier ordre, le MEGA PARI Casino a tout pour plaire. Anim\u00e9 par 100 d\u00e9veloppeurs de logiciels et une \u00e9quipe de service client\u00e8le conviviale et facile d&#8217;acc\u00e8s, le casino MEGA PARI offre des graphismes brillants et pr\u00e9cis et un gameplay passionnant.<\/p>\n<h2>MEGA PARI Casino FAQ&#8217;s<\/h2>\n<h3>Le casino MEGA PARI est-il l\u00e9gal?<\/h3>\n<p>Oui. Le casino MEGA PARI est r\u00e9glement\u00e9 et poss\u00e8de une licence de jeu de Cura\u00e7ao. Cela signifie que le site du casino est parfaitement s\u00fbr pour jouer.<\/p>\n<h3>Comment puis-je m&#8217;inscrire en tant que nouveau joueur?<\/h3>\n<p>Suivez nos liens et une fois que vous \u00eates au MEGA PARI Casino, cliquez sur le bouton rouge sur la page d&#8217;accueil qui dit Inscription. Remplissez le formulaire d&#8217;inscription en ligne avec vos coordonn\u00e9es et confirmez que vous avez lu les conditions g\u00e9n\u00e9rales en cochant la case. Une fois que votre compte a \u00e9t\u00e9 v\u00e9rifi\u00e9, vous pouvez effectuer votre premier d\u00e9p\u00f4t \u00e0 la caisse.<\/p>\n<h3>Est-ce que je peux b\u00e9n\u00e9ficier de l Bonus de bienvenue?<\/h3>\n<p>Si vous avez plus de 18 ans et avez enregistr\u00e9 un nouveau compte de joueur au MEGA PARI Casino, et si vous avez v\u00e9rifi\u00e9 votre num\u00e9ro de t\u00e9l\u00e9phone, vous pouvez alors r\u00e9clamer le bonus de bienvenue et les tours gratuits du nouveau joueur. En effectuant un premier d\u00e9p\u00f4t de 10 $, puis un d\u00e9p\u00f4t de 15 $, vous pouvez r\u00e9clamer jusqu&#8217;\u00e0 1500 $ de bonus en esp\u00e8ces et 150 tours gratuits.<\/p>\n<h3>Puis-je jouer \u00e0 partir de mon appareil mobile?<\/h3>\n<p>MEGA PARI Casino propose un casino mobile de premier plan qui peut \u00eatre jou\u00e9 depuis n&#8217;importe quelle plateforme. Les jeux se chargent rapidement, la qualit\u00e9 est de premier ordre et tous les bonus et promotions peuvent \u00eatre r\u00e9clam\u00e9s \u00e0 partir de votre navigateur mobile.<\/p>\n<h3>Quels sont les pour et les contre de jouer au MEGA PARI Casino?<\/h3>\n<p>Les pour<\/p>\n<ul>\n<li>Plate-forme de jeu massive<\/li>\n<li>D\u00e9p\u00f4t minimum peu \u00e9lev\u00e9<\/li>\n<li>Une tr\u00e8s large liste de m\u00e9thodes bancaires et de crypto<\/li>\n<li>Un paquet de d\u00e9part g\u00e9n\u00e9reux et bien structur\u00e9<\/li>\n<li>Cashback hebdomadaire pour les paris sportifs<\/li>\n<\/ul>\n<p>Les contre<\/p>\n<ul>\n<li>Le compte est bloqu\u00e9 si vous ne vous connectez pas pendant trois mois<\/li>\n<li>Encaissement lent jusqu&#8217;\u00e0 7 jours pour les cartes de cr\u00e9dit<\/li>\n<\/ul>\n","protected":false},"excerpt":{"rendered":"<p>Lanc\u00e9 en 2019, MEGA PARI Casino est un autre site de jeu de qualit\u00e9 avec un d\u00e9p\u00f4t minimum de 1 $, disponible pour les joueurs du monde entier. D\u00e9tenu et g\u00e9r\u00e9 par Marikit Holdings Ltd, MEGA PARI Casino est agr\u00e9\u00e9 par le gouvernement de Cura\u00e7ao. Avec un site web moderne et enti\u00e8rement optimis\u00e9, les joueurs [&hellip;]<\/p>\n","protected":false},"author":11,"featured_media":4257,"parent":16,"menu_order":0,"comment_status":"closed","ping_status":"closed","template":"page_review_card.php","meta":{"_acf_changed":false,"footnotes":""},"class_list":["post-4256","page","type-page","status-publish","has-post-thumbnail","hentry"],"acf":[],"_links":{"self":[{"href":"https:\/\/www.minimumdepositcasinos.org\/fr\/wp-json\/wp\/v2\/pages\/4256","targetHints":{"allow":["GET"]}}],"collection":[{"href":"https:\/\/www.minimumdepositcasinos.org\/fr\/wp-json\/wp\/v2\/pages"}],"about":[{"href":"https:\/\/www.minimumdepositcasinos.org\/fr\/wp-json\/wp\/v2\/types\/page"}],"author":[{"embeddable":true,"href":"https:\/\/www.minimumdepositcasinos.org\/fr\/wp-json\/wp\/v2\/users\/11"}],"replies":[{"embeddable":true,"href":"https:\/\/www.minimumdepositcasinos.org\/fr\/wp-json\/wp\/v2\/comments?post=4256"}],"version-history":[{"count":11,"href":"https:\/\/www.minimumdepositcasinos.org\/fr\/wp-json\/wp\/v2\/pages\/4256\/revisions"}],"predecessor-version":[{"id":4284,"href":"https:\/\/www.minimumdepositcasinos.org\/fr\/wp-json\/wp\/v2\/pages\/4256\/revisions\/4284"}],"up":[{"embeddable":true,"href":"https:\/\/www.minimumdepositcasinos.org\/fr\/wp-json\/wp\/v2\/pages\/16"}],"wp:featuredmedia":[{"embeddable":true,"href":"https:\/\/www.minimumdepositcasinos.org\/fr\/wp-json\/wp\/v2\/media\/4257"}],"wp:attachment":[{"href":"https:\/\/www.minimumdepositcasinos.org\/fr\/wp-json\/wp\/v2\/media?parent=4256"}],"curies":[{"name":"wp","href":"https:\/\/api.w.org\/{rel}","templated":true}]}}