{"id":4270,"date":"2020-08-21T15:27:42","date_gmt":"2020-08-21T15:27:42","guid":{"rendered":"https:\/\/www.minimumdepositcasinos.org\/fr\/?page_id=4270"},"modified":"2024-05-23T13:14:57","modified_gmt":"2024-05-23T13:14:57","slug":"casino-en-ligne","status":"publish","type":"page","link":"https:\/\/www.minimumdepositcasinos.org\/fr\/casino-en-ligne\/","title":{"rendered":"Online Casinos"},"content":{"rendered":"\n<p>Chaque mois, nous pr\u00e9sentons le Top des casinos en ligne qui acceptent les dollars canadiens. Les bonus mis en avant ont \u00e9t\u00e9 tri\u00e9s sur le volet parmi les promotions les plus incroyables disponibles sur les principaux casinos en ligne. Il s&#8217;agit fr\u00e9quemment de promotions \u00e0 dur\u00e9e limit\u00e9e disponibles exclusivement sur <a href=\"\/fr\/\">MinimumDepositCasinos.org<\/a>.<\/p>\n\n\n\n<p>Sur cette page, vous trouverez une s\u00e9lection soigneusement choisie des meilleurs sites de casino canadiens, accompagn\u00e9s de leurs g\u00e9n\u00e9reux bonus de d\u00e9p\u00f4t. Notre liste est compos\u00e9e uniquement des sites de casino en ligne les plus remarquables, et nos critiques de casino sont v\u00e9ridiques et impartiales, vous permettant ainsi de d\u00e9terminer si le site en ligne que vous envisagez de visiter r\u00e9pond \u00e0 toutes vos exigences. Assurez-vous de les consulter \u00e9galement pour prendre une d\u00e9cision \u00e9clair\u00e9e. Nous avons fait tout le travail de recherche pour vous, afin que vous puissiez profiter d&#8217;une exp\u00e9rience de jeu en ligne exceptionnelle d\u00e8s le premier instant.<\/p>\n\n\n\n<h2 class=\"wp-block-heading\">Jouer sur les Casinos en ligne Canadiens<\/h2>\n\n\n\n<p>Qu&#8217;est-ce qui pourrait \u00eatre plus agr\u00e9able que de d\u00e9couvrir le parfait casino <a href=\"\/fr\/1-de-depot-minimum\/\">canadien \u00e0 C$1 de d\u00e9p\u00f4t<\/a>, de jouer \u00e0 une gamme de jeux, de collecter des r\u00e9compenses et de tomber absolument amoureux de l&#8217;exp\u00e9rience enti\u00e8re? Oui, c&#8217;est possible sur nos casinos en Ligne canadiens Pr\u00e9sent\u00e9s.<\/p>\n\n\n\n<p>De nombreux casinos en ligne susciteront votre int\u00e9r\u00eat, mais lorsqu&#8217;il s&#8217;agit des meilleurs casinos disponibles pour les joueurs canadiens, quelques-uns se distinguent par leurs caract\u00e9ristiques exceptionnelles, leurs concepts uniques et leur incroyable s\u00e9lection de jeux.<\/p>\n\n\n\n<h2 class=\"wp-block-heading\">Tours Gratuits sur les Casinos en Ligne Canadiens<\/h2>\n\n\n\n<p>Lorsqu&#8217;il s&#8217;agit de bonus destin\u00e9s aux amateurs de machines \u00e0 sous, les <a href=\"\/fr\/tours-gratuits\/\">tours gratuits<\/a> sont sans aucun doute l&#8217;une des meilleures offres. Certains des casinos en ligne canadiens les plus populaires proposent des tours gratuits comme attraction principale, offrant aux joueurs la possibilit\u00e9 de profiter de leurs jeux pr\u00e9f\u00e9r\u00e9s gratuitement tout en ayant la chance de garder leurs gains ! De plus, la plupart de nos <a href=\"\/fr\/\">casinos \u00e0 d\u00e9p\u00f4t minimum<\/a> offrent \u00e9galement la possibilit\u00e9 d&#8217;activer des bonus de tours gratuits, ce qui rend ces tours encore plus excitants et avantageux pour les joueurs. Profitez de cette opportunit\u00e9 unique de jouer et de gagner sans d\u00e9penser votre propre argent et d\u00e9couvrez une exp\u00e9rience de jeu en ligne exceptionnelle.<\/p>\n\n\n\n<p>Vous voulez \u00e9viter les mises? Alors choisissez simplement l&#8217;un de nos casinos sans pari et profitez de leurs offres de tours gratuits! Avec ces derni\u00e8res, les gains sont r\u00e9els d\u00e8s le moment o\u00f9 vous les recevez!<\/p>\n\n\n\n<h2 class=\"wp-block-heading\">Caract\u00e9ristiques des Meilleurs Casinos en Ligne du Canada<\/h2>\n\n\n\n<p>La cr\u00e9ation d&#8217;un nouveau compte dans un <a href=\"\/fr\/5-de-depot-minimum\/\">casino \u00e0 d\u00e9p\u00f4t minimum de C$5<\/a> s&#8217;accompagne d&#8217;incitations et de promotions sp\u00e9cifiques qui am\u00e9liorent le jeu du joueur. Cependant, dans certains <a href=\"\/fr\/10-de-depot-minimum\/\">casinos \u00e0 D\u00e9p\u00f4t Minimum de 10 dollars<\/a>, les nouveaux arrivants peuvent effectuer un d\u00e9p\u00f4t minimum et gagner un bonus de bienvenue consid\u00e9rable sous la forme de d\u00e9p\u00f4ts de contrepartie et de tours gratuits.<\/p>\n\n\n\n<p>Gr\u00e2ce \u00e0 cette incitation, les nouveaux joueurs peuvent augmenter leurs chances de gagner un bonus de tours gratuits canadiens en utilisant leurs soldes existants sans avoir \u00e0 effectuer de d\u00e9p\u00f4ts suppl\u00e9mentaires. Par exemple, si un joueur d\u00e9pose C$10 sur son compte, le casino en ligne peut \u00e9galer cette somme \u00e0 100 %, la doubler et ajouter des tours gratuits suppl\u00e9mentaires \u00e0 l&#8217;ensemble.<\/p>\n\n\n\n<h2 class=\"wp-block-heading\">Comment nous Classons les casinos en ligne<\/h2>\n\n\n\n<p>Si vous souhaitez en savoir plus sur notre m\u00e9thodologie de classement des meilleurs casinos en ligne au Canada, cette section vous fournira les informations n\u00e9cessaires. Chaque op\u00e9rateur en ligne est soumis \u00e0 un processus rigoureux, garantissant que nos \u00e9valuations sont objectives et coh\u00e9rentes. Notre \u00e9quipe suit des crit\u00e8res stricts lors de l&#8217;\u00e9valuation des casinos, notamment la s\u00e9curit\u00e9 et la r\u00e9glementation, la vari\u00e9t\u00e9 des jeux propos\u00e9s, la convivialit\u00e9 de la plateforme, les options de paiement, les bonus et promotions, le service client et l&#8217;exp\u00e9rience globale du joueur. Nous nous effor\u00e7ons de fournir des \u00e9valuations fiables et impartiales afin d&#8217;aider les joueurs \u00e0 faire des choix \u00e9clair\u00e9s lorsqu&#8217;ils recherchent un casino en ligne de qualit\u00e9 au Canada.<\/p>\n\n\n\n<p>Notre processus d&#8217;examen rigoureux comprend les \u00e9l\u00e9ments suivants:<\/p>\n\n\n\n<ol class=\"wp-block-list\">\n<li>Licences et R\u00e9glementation<\/li>\n\n\n\n<li>\u00c9quit\u00e9 et Transparence<\/li>\n\n\n\n<li>D\u00e9lais de paiement<\/li>\n\n\n\n<li>Qualit\u00e9 des Jeux<\/li>\n\n\n\n<li>Logiciel de jeux<\/li>\n\n\n\n<li>Fournisseurs de services bancaires<\/li>\n\n\n\n<li>Assistance \u00e0 la client\u00e8le<\/li>\n\n\n\n<li>Valeur du divertissement<\/li>\n\n\n\n<li>Bonus et Promotions<\/li>\n<\/ol>\n\n\n\n<p>Lorsque nous analysons les casinos en ligne canadiens, nous accordons une attention particuli\u00e8re \u00e0 leur s\u00e9curit\u00e9 et \u00e0 leur validit\u00e9. Nous ne sugg\u00e9rons que des casinos en ligne agr\u00e9\u00e9s par des autorit\u00e9s r\u00e9put\u00e9es, telles que la Malta Gambling Authority ou la UK Gambling Commission.<\/p>\n\n\n\n<h2 class=\"wp-block-heading\">M\u00e9thodes de paiement dans les Meilleurs Casinos Canadiens<\/h2>\n\n\n\n<p>Contrairement \u00e0 l&#8217;opinion g\u00e9n\u00e9rale, les d\u00e9lais de paiement diff\u00e8rent selon les casinos en ligne. Selon l&#8217;option de paiement que vous s\u00e9lectionnez, certains casinos traiteront votre demande de paiement en quelques jours, tandis que d&#8217;autres la traiteront imm\u00e9diatement.<\/p>\n\n\n\n<p>Cependant, m\u00eame si vous choisissez un <a href=\"\/fr\/options-dachat\/\">casino dont les paiements<\/a> sont rapides comme l&#8217;\u00e9clair, le temps n\u00e9cessaire pour que votre argent arrive sur votre compte d\u00e9pend toujours du service de paiement que vous utilisez pour votre transaction. Heureusement, il existe une grande vari\u00e9t\u00e9 de syst\u00e8mes de paiement.<\/p>\n\n\n\n<p>Si vous avez besoin d&#8217;un transfert de fonds rapide, envisagez d&#8217;utiliser un portefeuille \u00e9lectronique tel que Neteller, Skrill ou PayPal. Ces m\u00e9thodes de paiement sont id\u00e9ales pour les personnes qui ont besoin de fonds imm\u00e9diatement. D&#8217;autre part, les joueurs peuvent opter pour des paiements en bitcoins, qui acc\u00e9l\u00e8rent la r\u00e9ception des fonds.<\/p>\n\n\n\n<h2 class=\"wp-block-heading\">Casinos en Ligne avec Interac<\/h2>\n\n\n\n<p>Les joueurs de casino en ligne qui utilisent Interac peuvent b\u00e9n\u00e9ficier de l&#8217;une des options les plus int\u00e9ressantes pour effectuer des paiements sur les casinos en ligne. Toute information personnelle ou financi\u00e8re fournie lors d&#8217;une transaction Interac est sauvegard\u00e9e et gard\u00e9e confidentielle, et les transactions ont lieu presque instantan\u00e9ment.<\/p>\n\n\n\n<p><a href=\"\/fr\/options-dachat\/interac\/\">Interac offre de nombreux avantages<\/a>, et les joueurs canadiens sont ravis de l&#8217;utiliser et de profiter de tous ses avantages. N\u00e9anmoins, l&#8217;un des aspects les plus attrayants de l&#8217;utilisation d&#8217;Interac est que les joueurs de casino peuvent effectuer leurs d\u00e9p\u00f4ts et retraits en ligne en quelques minutes. Pour effectuer un paiement avec Interac, il suffit d&#8217;une adresse \u00e9lectronique ou d&#8217;un num\u00e9ro de t\u00e9l\u00e9phone portable &#8211; oui, c&#8217;est aussi simple que cela.<\/p>\n\n\n\n<h2 class=\"wp-block-heading\">Top Casinos en Ligne au Canada qui acceptent les Dollars Canadiens<\/h2>\n\n\n\n<p>Jouer avec des dollars canadiens dans un casino en ligne pr\u00e9sente de nombreux avantages en termes de rapport qualit\u00e9-prix. En plus de b\u00e9n\u00e9ficier d&#8217;un taux de change avantageux, vous avez l&#8217;opportunit\u00e9 de jouer sur des sites fortement recommand\u00e9s par les principales organisations de l&#8217;industrie. Les meilleurs casinos en ligne canadiens proposent une vari\u00e9t\u00e9 d&#8217;options de paiement qui prennent en charge les transactions en CAD. Il est recommand\u00e9 de rechercher un autre casino si celui que vous avez choisi n&#8217;offre que quelques options de paiement potentiellement risqu\u00e9es. Sur nos pages, vous trouverez des informations exclusives, des mises \u00e0 jour sur les casinos, d&#8217;incroyables bonus de bienvenue, des promotions exceptionnelles et une s\u00e9lection des meilleurs casinos en CAD o\u00f9 vous pourrez profiter d&#8217;une exp\u00e9rience de jeu agr\u00e9able. Restez inform\u00e9 pour ne rien manquer !<\/p>\n\n\n\n<h2 class=\"wp-block-heading\">Jeux \u00e0 Jouer aux Casinos en Ligne du Canada<\/h2>\n\n\n\n<p>Les joueurs ont d\u00e9sormais la possibilit\u00e9 de vivre l&#8217;excitation et les frissons des jeux de casino classiques depuis le confort de leur foyer. Les casinos en ligne offrant des milliers de jeux ne sont plus rares, et les meilleurs d&#8217;entre eux proposent une vaste s\u00e9lection de machines \u00e0 sous provenant de diff\u00e9rents d\u00e9veloppeurs, ainsi que de nombreuses variations des jeux de table les plus populaires et une collection cons\u00e9quente de vid\u00e9o poker. De plus, la plupart des sites <a href=\"\/fr\/mobile-casino\/\">de casinos mobiles<\/a> offrent \u00e9galement une exp\u00e9rience de casino en direct compl\u00e8te, permettant aux joueurs de profiter de jeux tels que le blackjack, le baccara, la roulette et le poker en direct avec de v\u00e9ritables croupiers.<\/p>\n\n\n\n<p>Le RTP (Retour au joueur-Return to Player) Cela s&#8217;explique principalement par la concurrence croissante entre les casinos en ligne et les casinos traditionnels. G\u00e9n\u00e9ralement, ces meilleures chances sont li\u00e9es aux machines \u00e0 sous, tandis que les jeux de cartes et de table traditionnels offrent des chances comparables en ligne et en personne.<\/p>\n\n\n\n<p>Vous trouverez ci-dessous quelques-uns des jeux les plus populaires disponibles dans les casinos canadiens les mieux not\u00e9s.<\/p>\n\n\n\n<h3 class=\"wp-block-heading\">Jeux de Machines \u00e0 Sous en Ligne<\/h3>\n\n\n\n<p>Les machines \u00e0 sous des casinos en ligne sont plus modernes et plus divertissantes que celles que l&#8217;on trouve dans la plupart des casinos terrestres. Il est possible de trouver un large \u00e9ventail de <a href=\"\/fr\/jeux\/machines-a-sous\/\">jeux de machines \u00e0 sous<\/a>, des simples machines \u00e0 trois rouleaux avec une seule ligne de paiement aux machines \u00e0 sous les plus avanc\u00e9es \u00e0 cinq rouleaux et plusieurs lignes de paiement.<\/p>\n\n\n\n<h3 class=\"wp-block-heading\">Jackpots progressifs<\/h3>\n\n\n\n<p>Les machines \u00e0 sous progressives peuvent verser d&#8217;importantes sommes d&#8217;argent aux joueurs. Le fait que les joueurs du monde entier participent aux \u00e9normes jackpots \u00e0 toute heure du jour et de la nuit signifie que les jackpots de jeux tels que Mega Moolah d\u00e9passent souvent la barre des 10 millions de dollars canadiens.<\/p>\n\n\n\n<h3 class=\"wp-block-heading\">Jeux de croupier en direct<\/h3>\n\n\n\n<p>Plongez-vous dans l&#8217;atmosph\u00e8re immersive d&#8217;un casino depuis le confort de votre foyer. Exp\u00e9rimentez toute l&#8217;excitation de jouer contre de v\u00e9ritables croupiers tout en profitant d&#8217;un acc\u00e8s pratique \u00e0 une s\u00e9lection renomm\u00e9e de jeux de casino en direct, le tout r\u00e9uni en un seul et m\u00eame endroit.<\/p>\n\n\n\n<h3 class=\"wp-block-heading\">Jeux de table traditionnels<\/h3>\n\n\n\n<p>Explorez tous vos jeux de table favoris tels que le blackjack, la roulette et le baccara. Les meilleurs casinos en ligne offrent ces jeux dans deux formats distincts : les versions classiques bas\u00e9es sur des logiciels informatiques et les versions de casino en direct, o\u00f9 des vid\u00e9os en continu vous permettent de jouer avec de v\u00e9ritables croupiers interagissant directement avec les joueurs.<\/p>\n\n\n\n<h3 class=\"wp-block-heading\">Pari sportif en direct<\/h3>\n\n\n\n<p>Vous pouvez parier en argent r\u00e9el sur vos activit\u00e9s sportives pr\u00e9f\u00e9r\u00e9es, du rugby au hockey. Consultez nos avis sur les meilleurs casinos et livres de sport pour en savoir plus sur les sites de paris sportifs les plus importants au Canada.<\/p>\n\n\n\n<h2 class=\"wp-block-heading\">R\u00e9sum\u00e9 des casinos en ligne au Canada<\/h2>\n\n\n\n<p>Puisque vous \u00eates ici pour vous amuser, choisir un casino en ligne ne devrait pas \u00eatre un processus long. Le facteur critique est de comprendre pr\u00e9cis\u00e9ment ce que vous recherchez. Voici les principaux points \u00e0 consid\u00e9rer:<\/p>\n\n\n\n<ul class=\"wp-block-list\">\n<li><strong>Bonus et Promotions<\/strong> &#8211; Nous recherchons les sites offrant les bonus et les promotions les plus g\u00e9n\u00e9reux, car nous sommes convaincus que des bonus et des promotions attrayants font partie int\u00e9grante des jeux de machines \u00e0 sous en ligne.<\/li>\n\n\n\n<li><strong>R\u00e9putation<\/strong> &#8211; Dans notre recherche des meilleurs casinos en ligne en argent r\u00e9el, nous avons v\u00e9rifi\u00e9 leurs dates d&#8217;\u00e9tablissement, leurs licences et les \u00e9valuations des utilisateurs pour confirmer leur l\u00e9gitimit\u00e9.<\/li>\n\n\n\n<li><strong>Vari\u00e9t\u00e9 des jeux<\/strong> &#8211; L&#8217;une des premi\u00e8res choses que nous recherchons est la vari\u00e9t\u00e9 des jeux de casino en ligne. Nous cherchons \u00e0 trouver des casinos en ligne avec de l&#8217;argent r\u00e9el qui proposent divers jeux de table, des machines \u00e0 sous avec de l&#8217;argent r\u00e9el, des jeux de cartes, des jackpots et du bingo.<\/li>\n\n\n\n<li><strong>RTP \u00e9lev\u00e9<\/strong> &#8211; Il est toujours plus int\u00e9ressant d&#8217;avoir un RTP \u00e9lev\u00e9 lorsqu&#8217;on joue \u00e0 des machines \u00e0 sous en argent r\u00e9el et \u00e0 d&#8217;autres jeux de casino. C&#8217;est pourquoi nous avons inclus des casinos en ligne avec un RTP \u00e9lev\u00e9 pour aider \u00e0 optimiser les gains possibles des joueurs.<\/li>\n\n\n\n<li><strong>M\u00e9thodes de paiement<\/strong> &#8211; Enfin, nous reconnaissons qu&#8217;il est essentiel pour les joueurs de disposer de leurs m\u00e9thodes de paiement pr\u00e9f\u00e9r\u00e9es lorsqu&#8217;ils jouent aux machines \u00e0 sous pour de l&#8217;argent r\u00e9el. C&#8217;est pourquoi nous avons inclus des casinos qui proposent diverses solutions bancaires.<\/li>\n<\/ul>\n\n\n\n<p>Toutes ces variables sont prises en compte lors de l&#8217;\u00e9valuation d&#8217;un casino, et nous nous effor\u00e7ons de vous fournir toutes les informations dont vous avez besoin pour faire un choix \u00e9clair\u00e9.<\/p>\n","protected":false},"excerpt":{"rendered":"<p>Chaque mois, nous pr\u00e9sentons le Top des casinos en ligne qui acceptent les dollars canadiens. Les bonus mis en avant ont \u00e9t\u00e9 tri\u00e9s sur le volet parmi les promotions les plus incroyables disponibles sur les principaux casinos en ligne. Il s&#8217;agit fr\u00e9quemment de promotions \u00e0 dur\u00e9e limit\u00e9e disponibles exclusivement sur MinimumDepositCasinos.org. Sur cette page, vous [&hellip;]<\/p>\n","protected":false},"author":11,"featured_media":8784,"parent":0,"menu_order":0,"comment_status":"closed","ping_status":"closed","template":"page_money.php","meta":{"_acf_changed":false,"footnotes":""},"class_list":["post-4270","page","type-page","status-publish","has-post-thumbnail","hentry"],"acf":[],"_links":{"self":[{"href":"https:\/\/www.minimumdepositcasinos.org\/fr\/wp-json\/wp\/v2\/pages\/4270","targetHints":{"allow":["GET"]}}],"collection":[{"href":"https:\/\/www.minimumdepositcasinos.org\/fr\/wp-json\/wp\/v2\/pages"}],"about":[{"href":"https:\/\/www.minimumdepositcasinos.org\/fr\/wp-json\/wp\/v2\/types\/page"}],"author":[{"embeddable":true,"href":"https:\/\/www.minimumdepositcasinos.org\/fr\/wp-json\/wp\/v2\/users\/11"}],"replies":[{"embeddable":true,"href":"https:\/\/www.minimumdepositcasinos.org\/fr\/wp-json\/wp\/v2\/comments?post=4270"}],"version-history":[{"count":40,"href":"https:\/\/www.minimumdepositcasinos.org\/fr\/wp-json\/wp\/v2\/pages\/4270\/revisions"}],"predecessor-version":[{"id":11204,"href":"https:\/\/www.minimumdepositcasinos.org\/fr\/wp-json\/wp\/v2\/pages\/4270\/revisions\/11204"}],"wp:featuredmedia":[{"embeddable":true,"href":"https:\/\/www.minimumdepositcasinos.org\/fr\/wp-json\/wp\/v2\/media\/8784"}],"wp:attachment":[{"href":"https:\/\/www.minimumdepositcasinos.org\/fr\/wp-json\/wp\/v2\/media?parent=4270"}],"curies":[{"name":"wp","href":"https:\/\/api.w.org\/{rel}","templated":true}]}}